{"id":64006,"date":"2022-08-01T12:18:21","date_gmt":"2022-08-01T10:18:21","guid":{"rendered":"https:\/\/fit360.ee\/pood\/uncategorized\/vitamiin-b12-200tabs\/"},"modified":"2025-08-19T09:05:21","modified_gmt":"2025-08-19T07:05:21","slug":"vitamiin-b12-200tabs","status":"publish","type":"product","link":"https:\/\/fit360.ee\/en\/pood\/product-groups\/vitamins-and-minerals-en\/b-vitamin-en\/vitamiin-b12-200tabs\/","title":{"rendered":"Vitamiin B12 Met\u00fc\u00fclkobalamiin (200tabs)"},"content":{"rendered":"<h1><strong>Vitamiin B12<\/strong><\/h1>\n<p>OstroVit Vitamiin B12 Met\u00fc\u00fclkobalamiin on toidulisand professionaalsest vitamiinisarjast. Toode on m\u00f5eldud k\u00f5igile neile, kes soovivad oma igap\u00e4evast toitumist t\u00e4iendada vitamiiniga B12. Kas otsite lihtsalt doseeritavat toidulisandit, mis hoolitseb Teie veresoonkonna eest ja t\u00f5stab Teie organismi immuunsust? Sellisel juhul on antud toode just Teile!<\/p>\n<p><a href=\"https:\/\/fit360.ee\/wp-content\/uploads\/2022\/08\/b12-vitamiin-fit360.ee_-800x312.jpg\"><img loading=\"lazy\" decoding=\"async\" class=\"wp-image-64002 size-medium\" src=\"https:\/\/fit360.ee\/wp-content\/uploads\/2022\/08\/b12-vitamiin-fit360.ee_-800x312.jpg\" alt=\"b12 vitamiin - fit360.ee\" width=\"800\" height=\"312\" srcset=\"https:\/\/fit360.ee\/wp-content\/uploads\/2022\/08\/b12-vitamiin-fit360.ee_-800x312.jpg 800w, https:\/\/fit360.ee\/wp-content\/uploads\/2022\/08\/b12-vitamiin-fit360.ee_-510x199.jpg 510w, https:\/\/fit360.ee\/wp-content\/uploads\/2022\/08\/b12-vitamiin-fit360.ee_-768x300.jpg 768w, https:\/\/fit360.ee\/wp-content\/uploads\/2022\/08\/b12-vitamiin-fit360.ee_.jpg 922w\" sizes=\"auto, (max-width: 800px) 100vw, 800px\" \/><\/a><\/p>\n<h2><strong>B12 Vitamiin<\/strong><\/h2>\n<p>B12 vitamiini met\u00fc\u00fclkobalamiini kujul peetakse selle vitamiini parimaks toidulisandiks. Met\u00fc\u00fclkobalamiin on B12 vitamiini bioloogiliselt aktiivne vorm, mida soovitatakse k\u00f5igile inimestele, kes v\u00f5itlevad vitamiinide mittemet\u00fc\u00fclvormide imendumisega seotud h\u00e4iretega, mis esinevad k\u00f5ige sagedamini toidulisandites. Met\u00fc\u00fclkobalamiin on kergesti omastatav, p\u00fcsib kudedes kauem ega sisalda kahjulikku ts\u00fcaniidi.<\/p>\n<p>Erinevalt B12-vitamiini s\u00fcnteetilisest vormist ei muutu see organismis otse met\u00fc\u00fcliks.<\/p>\n<p>B12-vitamiini leidub looduslikult lihas ja loomsetes toodetes, mist\u00f5ttu kannatavad selle puuduse all k\u00f5ige sagedamini taimetoitlased ja veganid. Valige OstroVit Vitamin B12 Methylcobalamin toidulisand, kui otsite toodet, mis v\u00f5ib:<\/p>\n<ul>\n<li>Tagada sobiva energiavahetuse<\/li>\n<li>Toetada punaste vereliblede tootmist<\/li>\n<li>Parandada immuuns\u00fcsteemi t\u00f6\u00f6d<\/li>\n<li>Aitada v\u00e4hendada v\u00e4simust ja kurnatust<\/li>\n<li>Parandada homots\u00fcsteiini metabolismi<\/li>\n<li>Aidata kaasa vaimsete funktsioonide \u00f5igele toimimisele<\/li>\n<\/ul>\n<p>\u00dcks tablett B12-vitamiini met\u00fc\u00fclkobalamiini kujul OstroVitilt sisaldab kuni neli p\u00e4evaportsjonit seda toimeainet. Kui kasutate neid vahekaarte regulaarselt, saate oma keha eest igak\u00fclgselt hoolt kanda ja paljude s\u00fcsteemide t\u00f6\u00f6d parandada.<\/p>\n<h4><strong>B12 vitamiini peamised omadused:<\/strong><\/h4>\n<p><strong>Oluline M\u00f5ju<\/strong> \u2013 ilma sobiva koguse B12-vitamiinita ei suuda Teie organism korralikult toimida. B12-vitamiin toetab punaste vereliblede tootmist ja m\u00f5jutab n\u00e4rvis\u00fcsteemi, aidates seega toetada meeldej\u00e4tmist ja keskendumisv\u00f5imet.<br \/>\n<strong>Vitamiin Met\u00fc\u00fclkobalamiini vormis<\/strong> \u2013 Met\u00fc\u00fclkobalamiin on parim B12-vitamiini vorm turul. V\u00f5rreldes sageli pillides kasutatava ts\u00fcanokobalamiiniga, imendub see kiiremini ja p\u00fcsib organismis kauem. See on valmis toimeaine, mis ei muutu lihtsamaks vormiks.<br \/>\n<strong>Suur Doos<\/strong> \u2013 OstroViti toidulisandi \u00fcks tablett sisaldab 400 \u00b5g vitamiini B12, mis vastab neljale p\u00e4evaannusele. Regulaarsel kasutamisel piisab selle toidulisandi pakendist mitmeks kuuks.<br \/>\n<strong>Sobilik <a href=\"https:\/\/fit360.ee\/en\/product-category\/product-groups\/vegan-en\/\">Veganile<\/a><\/strong> \u2013 Kui olete taimetoitlane, vegan v\u00f5i s\u00f6\u00f6te harva liha ja loomseid saadusi, soovitage kasutada B12-vitamiini. Selle puudus v\u00f5ib p\u00f5hjustada aneemiat ja mitmesuguseid neuroloogilisi h\u00e4ireid.<\/p>\n<p>&nbsp;<\/p>\n<p><strong>Koostisosad<\/strong>: Mahuaine: mikrokristalne tselluloos; t\u00e4rklis, paakumisvastased ained: rasvhapete magneesiumisoolad, r\u00e4nidioksiid; met\u00fc\u00fclkobalamiin (vitamiin B12).<\/p>\n<p><strong>Kasutmine<\/strong>: V\u00f5tke 1 portsjon (1\/4 tabletti) p\u00e4evas. Toode on m\u00f5eldud t\u00e4iskasvanutele.<\/p>\n<p><strong>Suurus:<\/strong> 200 tabletti.<\/p>\n<table>\n<tbody>\n<tr>\n<th>Aktiivsed Toimeained<\/th>\n<th>1\/4 tablet<\/th>\n<th>% SPK*<\/th>\n<th>1 tablett<\/th>\n<th>% SPK*<\/th>\n<\/tr>\n<tr>\n<td>Vitamiin B12<\/td>\n<td>100 \u00b5g<\/td>\n<td>4 000<\/td>\n<td>400 \u00b5g<\/td>\n<td>16 000<\/td>\n<\/tr>\n<\/tbody>\n<\/table>\n<p>*SPK- soovitatud p\u00e4evane kogus<\/p>\n<p>Vaata ka meie Teisi Vitamiine <a href=\"https:\/\/fit360.ee\/en\/product-category\/product-groups\/vitamins-and-minerals-en\/\"><strong>SIIT<\/strong><\/a> v\u00f5i B-grupi Vitamiine <a href=\"https:\/\/fit360.ee\/en\/product-category\/product-groups\/vitamins-and-minerals-en\/b-vitamin-en\/\"><strong>SIIT<\/strong><\/a>!<\/p>\n<p>Soovid kaupa osta suuremas koguses? Vaata antud toodet ka meie HULGI poest\u00a0<a href=\"https:\/\/toidulisandidhulgi.ee\/product\/vitamiin-b12-200tabs\/\"><strong>SIIT<\/strong><\/a>!<\/p>\n","protected":false},"excerpt":{"rendered":"<ul>\n<li>Aitab tagada sobiva energiavahetuse<\/li>\n<li>Toetab punaste vereliblede tootmist<\/li>\n<li>Aitab parandada immuuns\u00fcsteemi t\u00f6\u00f6d<\/li>\n<li>Aitab v\u00e4hendada v\u00e4simust ja kurnatust<\/li>\n<li>Parandab homots\u00fcsteiini metabolismi<\/li>\n<li>Aidtab kaasa vaimsete funktsioonide \u00f5igele toimimisele<\/li>\n<\/ul>\n","protected":false},"featured_media":64005,"comment_status":"closed","ping_status":"closed","template":"","meta":[],"product_brand":[],"product_cat":[2251,1329,536,1201],"product_tag":[3889,3890,1924,2853],"giftcard-category":[],"class_list":{"0":"post-64006","1":"product","2":"type-product","3":"status-publish","4":"has-post-thumbnail","6":"product_cat-b-vitamin-en","7":"product_cat-ostrovit-en","8":"product_cat-vitamins-and-minerals-en","9":"product_cat-1201","10":"product_tag-b12-vitamiin-en","11":"product_tag-b12-vitamiin-metuulkobalamiin-en","12":"product_tag-ostrovit-en","13":"product_tag-vitamiin-b12-en","14":"pa_kogus-200-tabs","15":"pa_toidulisand-branddd-ostrovit","16":"pa_tootegruppp-b-vitamiin-en","17":"pa_tootegruppp-vegan-en","18":"pa_tootegruppp-vitamins-and-minerals","20":"first","21":"outofstock","22":"sale","23":"taxable","24":"shipping-taxable","25":"purchasable","26":"product-type-simple"},"yoast_head":"<!-- This site is optimized with the Yoast SEO plugin v27.3 - https:\/\/yoast.com\/product\/yoast-seo-wordpress\/ -->\n<title>Vitamiin B12 Met\u00fc\u00fclkobalamiin (200tabs) - Kiire Tarne - Fit360<\/title>\n<meta name=\"description\" content=\"Vitamiin B12 tagab sobiva energiavahetuse, toetab punaste vereliblede tootmist, aitab parandada immuuns\u00fcsteemi t\u00f6\u00f6d ning aitab v\u00e4hendada v\u00e4si.....\" \/>\n<meta name=\"robots\" content=\"index, follow, max-snippet:-1, max-image-preview:large, max-video-preview:-1\" \/>\n<link rel=\"canonical\" href=\"https:\/\/fit360.ee\/en\/pood\/product-groups\/vitamins-and-minerals-en\/b-vitamin-en\/vitamiin-b12-200tabs\/\" \/>\n<meta property=\"og:locale\" content=\"en_US\" \/>\n<meta property=\"og:type\" content=\"article\" \/>\n<meta property=\"og:title\" content=\"Vitamiin B12 Met\u00fc\u00fclkobalamiin (200tabs) - Kiire Tarne - Fit360\" \/>\n<meta property=\"og:description\" content=\"Vitamiin B12 tagab sobiva energiavahetuse, toetab punaste vereliblede tootmist, aitab parandada immuuns\u00fcsteemi t\u00f6\u00f6d ning aitab v\u00e4hendada v\u00e4si.....\" \/>\n<meta property=\"og:url\" content=\"https:\/\/fit360.ee\/en\/pood\/product-groups\/vitamins-and-minerals-en\/b-vitamin-en\/vitamiin-b12-200tabs\/\" \/>\n<meta property=\"og:site_name\" content=\"Fit360\" \/>\n<meta property=\"article:modified_time\" content=\"2025-08-19T07:05:21+00:00\" \/>\n<meta property=\"og:image\" content=\"https:\/\/fit360.ee\/wp-content\/uploads\/2022\/08\/vitamiin-b12-fit360.ee-1.png\" \/>\n\t<meta property=\"og:image:width\" content=\"600\" \/>\n\t<meta property=\"og:image:height\" content=\"600\" \/>\n\t<meta property=\"og:image:type\" content=\"image\/png\" \/>\n<meta name=\"twitter:card\" content=\"summary_large_image\" \/>\n<meta name=\"twitter:label1\" content=\"Est. reading time\" \/>\n\t<meta name=\"twitter:data1\" content=\"3 minutes\" \/>\n<script type=\"application\/ld+json\" class=\"yoast-schema-graph\">{\"@context\":\"https:\\\/\\\/schema.org\",\"@graph\":[{\"@type\":\"WebPage\",\"@id\":\"https:\\\/\\\/fit360.ee\\\/en\\\/pood\\\/product-groups\\\/vitamins-and-minerals-en\\\/b-vitamin-en\\\/vitamiin-b12-200tabs\\\/\",\"url\":\"https:\\\/\\\/fit360.ee\\\/en\\\/pood\\\/product-groups\\\/vitamins-and-minerals-en\\\/b-vitamin-en\\\/vitamiin-b12-200tabs\\\/\",\"name\":\"Vitamiin B12 Met\u00fc\u00fclkobalamiin (200tabs) - Kiire Tarne - Fit360\",\"isPartOf\":{\"@id\":\"https:\\\/\\\/fit360.ee\\\/en\\\/#website\"},\"primaryImageOfPage\":{\"@id\":\"https:\\\/\\\/fit360.ee\\\/en\\\/pood\\\/product-groups\\\/vitamins-and-minerals-en\\\/b-vitamin-en\\\/vitamiin-b12-200tabs\\\/#primaryimage\"},\"image\":{\"@id\":\"https:\\\/\\\/fit360.ee\\\/en\\\/pood\\\/product-groups\\\/vitamins-and-minerals-en\\\/b-vitamin-en\\\/vitamiin-b12-200tabs\\\/#primaryimage\"},\"thumbnailUrl\":\"https:\\\/\\\/fit360.ee\\\/wp-content\\\/uploads\\\/2022\\\/08\\\/vitamiin-b12-fit360.ee-1.png\",\"datePublished\":\"2022-08-01T10:18:21+00:00\",\"dateModified\":\"2025-08-19T07:05:21+00:00\",\"description\":\"Vitamiin B12 tagab sobiva energiavahetuse, toetab punaste vereliblede tootmist, aitab parandada immuuns\u00fcsteemi t\u00f6\u00f6d ning aitab v\u00e4hendada v\u00e4si.....\",\"breadcrumb\":{\"@id\":\"https:\\\/\\\/fit360.ee\\\/en\\\/pood\\\/product-groups\\\/vitamins-and-minerals-en\\\/b-vitamin-en\\\/vitamiin-b12-200tabs\\\/#breadcrumb\"},\"inLanguage\":\"en-US\",\"potentialAction\":[{\"@type\":\"ReadAction\",\"target\":[\"https:\\\/\\\/fit360.ee\\\/en\\\/pood\\\/product-groups\\\/vitamins-and-minerals-en\\\/b-vitamin-en\\\/vitamiin-b12-200tabs\\\/\"]}]},{\"@type\":\"ImageObject\",\"inLanguage\":\"en-US\",\"@id\":\"https:\\\/\\\/fit360.ee\\\/en\\\/pood\\\/product-groups\\\/vitamins-and-minerals-en\\\/b-vitamin-en\\\/vitamiin-b12-200tabs\\\/#primaryimage\",\"url\":\"https:\\\/\\\/fit360.ee\\\/wp-content\\\/uploads\\\/2022\\\/08\\\/vitamiin-b12-fit360.ee-1.png\",\"contentUrl\":\"https:\\\/\\\/fit360.ee\\\/wp-content\\\/uploads\\\/2022\\\/08\\\/vitamiin-b12-fit360.ee-1.png\",\"width\":600,\"height\":600,\"caption\":\"vitamiin b12 - fit360.ee\"},{\"@type\":\"BreadcrumbList\",\"@id\":\"https:\\\/\\\/fit360.ee\\\/en\\\/pood\\\/product-groups\\\/vitamins-and-minerals-en\\\/b-vitamin-en\\\/vitamiin-b12-200tabs\\\/#breadcrumb\",\"itemListElement\":[{\"@type\":\"ListItem\",\"position\":1,\"name\":\"Home\",\"item\":\"https:\\\/\\\/fit360.ee\\\/en\\\/\"},{\"@type\":\"ListItem\",\"position\":2,\"name\":\"Shop\",\"item\":\"https:\\\/\\\/fit360.ee\\\/en\\\/shop\\\/\"},{\"@type\":\"ListItem\",\"position\":3,\"name\":\"Vitamiin B12 Met\u00fc\u00fclkobalamiin (200tabs)\"}]},{\"@type\":\"WebSite\",\"@id\":\"https:\\\/\\\/fit360.ee\\\/en\\\/#website\",\"url\":\"https:\\\/\\\/fit360.ee\\\/en\\\/\",\"name\":\"Fit360\",\"description\":\"\",\"publisher\":{\"@id\":\"https:\\\/\\\/fit360.ee\\\/en\\\/#organization\"},\"potentialAction\":[{\"@type\":\"SearchAction\",\"target\":{\"@type\":\"EntryPoint\",\"urlTemplate\":\"https:\\\/\\\/fit360.ee\\\/en\\\/?s={search_term_string}\"},\"query-input\":{\"@type\":\"PropertyValueSpecification\",\"valueRequired\":true,\"valueName\":\"search_term_string\"}}],\"inLanguage\":\"en-US\"},{\"@type\":\"Organization\",\"@id\":\"https:\\\/\\\/fit360.ee\\\/en\\\/#organization\",\"name\":\"Fit360\",\"url\":\"https:\\\/\\\/fit360.ee\\\/en\\\/\",\"logo\":{\"@type\":\"ImageObject\",\"inLanguage\":\"en-US\",\"@id\":\"https:\\\/\\\/fit360.ee\\\/en\\\/#\\\/schema\\\/logo\\\/image\\\/\",\"url\":\"https:\\\/\\\/fit360.ee\\\/wp-content\\\/uploads\\\/2017\\\/01\\\/logo-fit360.png\",\"contentUrl\":\"https:\\\/\\\/fit360.ee\\\/wp-content\\\/uploads\\\/2017\\\/01\\\/logo-fit360.png\",\"width\":180,\"height\":66,\"caption\":\"Fit360\"},\"image\":{\"@id\":\"https:\\\/\\\/fit360.ee\\\/en\\\/#\\\/schema\\\/logo\\\/image\\\/\"}}]}<\/script>\n<!-- \/ Yoast SEO plugin. -->","yoast_head_json":{"title":"Vitamiin B12 Met\u00fc\u00fclkobalamiin (200tabs) - Kiire Tarne - Fit360","description":"Vitamiin B12 tagab sobiva energiavahetuse, toetab punaste vereliblede tootmist, aitab parandada immuuns\u00fcsteemi t\u00f6\u00f6d ning aitab v\u00e4hendada v\u00e4si.....","robots":{"index":"index","follow":"follow","max-snippet":"max-snippet:-1","max-image-preview":"max-image-preview:large","max-video-preview":"max-video-preview:-1"},"canonical":"https:\/\/fit360.ee\/en\/pood\/product-groups\/vitamins-and-minerals-en\/b-vitamin-en\/vitamiin-b12-200tabs\/","og_locale":"en_US","og_type":"article","og_title":"Vitamiin B12 Met\u00fc\u00fclkobalamiin (200tabs) - Kiire Tarne - Fit360","og_description":"Vitamiin B12 tagab sobiva energiavahetuse, toetab punaste vereliblede tootmist, aitab parandada immuuns\u00fcsteemi t\u00f6\u00f6d ning aitab v\u00e4hendada v\u00e4si.....","og_url":"https:\/\/fit360.ee\/en\/pood\/product-groups\/vitamins-and-minerals-en\/b-vitamin-en\/vitamiin-b12-200tabs\/","og_site_name":"Fit360","article_modified_time":"2025-08-19T07:05:21+00:00","og_image":[{"width":600,"height":600,"url":"https:\/\/fit360.ee\/wp-content\/uploads\/2022\/08\/vitamiin-b12-fit360.ee-1.png","type":"image\/png"}],"twitter_card":"summary_large_image","twitter_misc":{"Est. reading time":"3 minutes"},"schema":{"@context":"https:\/\/schema.org","@graph":[{"@type":"WebPage","@id":"https:\/\/fit360.ee\/en\/pood\/product-groups\/vitamins-and-minerals-en\/b-vitamin-en\/vitamiin-b12-200tabs\/","url":"https:\/\/fit360.ee\/en\/pood\/product-groups\/vitamins-and-minerals-en\/b-vitamin-en\/vitamiin-b12-200tabs\/","name":"Vitamiin B12 Met\u00fc\u00fclkobalamiin (200tabs) - Kiire Tarne - Fit360","isPartOf":{"@id":"https:\/\/fit360.ee\/en\/#website"},"primaryImageOfPage":{"@id":"https:\/\/fit360.ee\/en\/pood\/product-groups\/vitamins-and-minerals-en\/b-vitamin-en\/vitamiin-b12-200tabs\/#primaryimage"},"image":{"@id":"https:\/\/fit360.ee\/en\/pood\/product-groups\/vitamins-and-minerals-en\/b-vitamin-en\/vitamiin-b12-200tabs\/#primaryimage"},"thumbnailUrl":"https:\/\/fit360.ee\/wp-content\/uploads\/2022\/08\/vitamiin-b12-fit360.ee-1.png","datePublished":"2022-08-01T10:18:21+00:00","dateModified":"2025-08-19T07:05:21+00:00","description":"Vitamiin B12 tagab sobiva energiavahetuse, toetab punaste vereliblede tootmist, aitab parandada immuuns\u00fcsteemi t\u00f6\u00f6d ning aitab v\u00e4hendada v\u00e4si.....","breadcrumb":{"@id":"https:\/\/fit360.ee\/en\/pood\/product-groups\/vitamins-and-minerals-en\/b-vitamin-en\/vitamiin-b12-200tabs\/#breadcrumb"},"inLanguage":"en-US","potentialAction":[{"@type":"ReadAction","target":["https:\/\/fit360.ee\/en\/pood\/product-groups\/vitamins-and-minerals-en\/b-vitamin-en\/vitamiin-b12-200tabs\/"]}]},{"@type":"ImageObject","inLanguage":"en-US","@id":"https:\/\/fit360.ee\/en\/pood\/product-groups\/vitamins-and-minerals-en\/b-vitamin-en\/vitamiin-b12-200tabs\/#primaryimage","url":"https:\/\/fit360.ee\/wp-content\/uploads\/2022\/08\/vitamiin-b12-fit360.ee-1.png","contentUrl":"https:\/\/fit360.ee\/wp-content\/uploads\/2022\/08\/vitamiin-b12-fit360.ee-1.png","width":600,"height":600,"caption":"vitamiin b12 - fit360.ee"},{"@type":"BreadcrumbList","@id":"https:\/\/fit360.ee\/en\/pood\/product-groups\/vitamins-and-minerals-en\/b-vitamin-en\/vitamiin-b12-200tabs\/#breadcrumb","itemListElement":[{"@type":"ListItem","position":1,"name":"Home","item":"https:\/\/fit360.ee\/en\/"},{"@type":"ListItem","position":2,"name":"Shop","item":"https:\/\/fit360.ee\/en\/shop\/"},{"@type":"ListItem","position":3,"name":"Vitamiin B12 Met\u00fc\u00fclkobalamiin (200tabs)"}]},{"@type":"WebSite","@id":"https:\/\/fit360.ee\/en\/#website","url":"https:\/\/fit360.ee\/en\/","name":"Fit360","description":"","publisher":{"@id":"https:\/\/fit360.ee\/en\/#organization"},"potentialAction":[{"@type":"SearchAction","target":{"@type":"EntryPoint","urlTemplate":"https:\/\/fit360.ee\/en\/?s={search_term_string}"},"query-input":{"@type":"PropertyValueSpecification","valueRequired":true,"valueName":"search_term_string"}}],"inLanguage":"en-US"},{"@type":"Organization","@id":"https:\/\/fit360.ee\/en\/#organization","name":"Fit360","url":"https:\/\/fit360.ee\/en\/","logo":{"@type":"ImageObject","inLanguage":"en-US","@id":"https:\/\/fit360.ee\/en\/#\/schema\/logo\/image\/","url":"https:\/\/fit360.ee\/wp-content\/uploads\/2017\/01\/logo-fit360.png","contentUrl":"https:\/\/fit360.ee\/wp-content\/uploads\/2017\/01\/logo-fit360.png","width":180,"height":66,"caption":"Fit360"},"image":{"@id":"https:\/\/fit360.ee\/en\/#\/schema\/logo\/image\/"}}]}},"_links":{"self":[{"href":"https:\/\/fit360.ee\/en\/wp-json\/wp\/v2\/product\/64006","targetHints":{"allow":["GET"]}}],"collection":[{"href":"https:\/\/fit360.ee\/en\/wp-json\/wp\/v2\/product"}],"about":[{"href":"https:\/\/fit360.ee\/en\/wp-json\/wp\/v2\/types\/product"}],"replies":[{"embeddable":true,"href":"https:\/\/fit360.ee\/en\/wp-json\/wp\/v2\/comments?post=64006"}],"wp:featuredmedia":[{"embeddable":true,"href":"https:\/\/fit360.ee\/en\/wp-json\/wp\/v2\/media\/64005"}],"wp:attachment":[{"href":"https:\/\/fit360.ee\/en\/wp-json\/wp\/v2\/media?parent=64006"}],"wp:term":[{"taxonomy":"product_brand","embeddable":true,"href":"https:\/\/fit360.ee\/en\/wp-json\/wp\/v2\/product_brand?post=64006"},{"taxonomy":"product_cat","embeddable":true,"href":"https:\/\/fit360.ee\/en\/wp-json\/wp\/v2\/product_cat?post=64006"},{"taxonomy":"product_tag","embeddable":true,"href":"https:\/\/fit360.ee\/en\/wp-json\/wp\/v2\/product_tag?post=64006"},{"taxonomy":"giftcard-category","embeddable":true,"href":"https:\/\/fit360.ee\/en\/wp-json\/wp\/v2\/giftcard-category?post=64006"}],"curies":[{"name":"wp","href":"https:\/\/api.w.org\/{rel}","templated":true}]}}