{"id":64412,"date":"2022-08-24T12:39:55","date_gmt":"2022-08-24T10:39:55","guid":{"rendered":"https:\/\/fit360.ee\/pood\/uncategorized\/gaba-plus-90tabs\/"},"modified":"2026-04-11T11:57:29","modified_gmt":"2026-04-11T09:57:29","slug":"gaba-plus-90tabs","status":"publish","type":"product","link":"https:\/\/fit360.ee\/en\/pood\/product-groups\/sleep-enhancers-en\/melatonin-en\/gaba-plus-90tabs\/","title":{"rendered":"GABA Plus (90tabs)"},"content":{"rendered":"<h1><strong>Gaba Plus<\/strong><\/h1>\n<p>GABA Plus (gammaaminobut\u00fc\u00fcrhape) on naturaalne aminohape, mis esineb suurimas konsentratsioonis inimese ajus ja silmades. Tegemist on neurotransmitteriga, mis reguleerib aju- ja n\u00e4rvirakkude aktiivsust. GABA on tuntud kui \u201caju naturaalne rahustaja,\u201d sest p\u00e4rsib aju \u00fclestimuleerimist, mis toimub stressi, vihastamise jms tagaj\u00e4rjel.<\/p>\n<p>Lisaks \u00e4rrituse rahustamisele aitab <a href=\"https:\/\/fit360.ee\/en\/product-category\/product-groups\/amino-acids-bcaa\/gaba-en\/\"><strong>GABA<\/strong><\/a> ka paremini magama j\u00e4\u00e4da, \u00e4revust ja stressi v\u00e4hendada, v\u00f5ib aidata depressiooni v\u00e4hendada ning parandab m\u00e4lu.<\/p>\n<p>Uuringud kinnitavad, et GABA stimuleerib \u00a0kasvuhormooni teket (HGH). Kasvuhormoon omakorda k\u00e4ivitab rasvap\u00f5letuse protsessi ja on ka tuntud kui lihasmassi kasvataja.<\/p>\n<p>Teadlased v\u00e4idavad, et <a href=\"https:\/\/fit360.ee\/en\/product-category\/product-groups\/amino-acids-bcaa\/gaba-en\/\"><strong>GABA<\/strong><\/a> m\u00f5jutab meie meeleolu, sest see v\u00e4hendab adrenaliini, noradrenaliini ja dopamiini ja see m\u00f5jutab neurotransmitter serotoniini (\u00f5nne hormoon).<\/p>\n<p><a href=\"https:\/\/fit360.ee\/wp-content\/uploads\/2022\/08\/gaba-plus-tabletid-fit360.ee-1-800x312.jpg\"><img loading=\"lazy\" decoding=\"async\" class=\"size-medium wp-image-64408\" src=\"https:\/\/fit360.ee\/wp-content\/uploads\/2022\/08\/gaba-plus-tabletid-fit360.ee-1-800x312.jpg\" alt=\"gaba plus tabletid - fit360.ee \" width=\"800\" height=\"312\" srcset=\"https:\/\/fit360.ee\/wp-content\/uploads\/2022\/08\/gaba-plus-tabletid-fit360.ee-1-800x312.jpg 800w, https:\/\/fit360.ee\/wp-content\/uploads\/2022\/08\/gaba-plus-tabletid-fit360.ee-1-510x199.jpg 510w, https:\/\/fit360.ee\/wp-content\/uploads\/2022\/08\/gaba-plus-tabletid-fit360.ee-1-768x300.jpg 768w, https:\/\/fit360.ee\/wp-content\/uploads\/2022\/08\/gaba-plus-tabletid-fit360.ee-1.jpg 922w\" sizes=\"auto, (max-width: 800px) 100vw, 800px\" \/><\/a><\/p>\n<p>&nbsp;<\/p>\n<ul>\n<li>Pakendis 90 tabletti gamma-aminov\u00f5ihapet<\/li>\n<li>90 portsjonit toodet<\/li>\n<li>\u00dcks portsjon = 1 tablett<\/li>\n<li>\u00dcks neurotransmitteritest<\/li>\n<\/ul>\n<h4><strong>Gaba on populaarne neurotransmitter<\/strong><\/h4>\n<p>Gamma-aminov\u00f5ihape GABA Plus on orgaaniline keemiline \u00fchend, mis kuulub aminohapete r\u00fchma. Gaba m\u00e4ngib \u00e4\u00e4rmiselt olulist rolli tugeva neurotransmitterina, reguleerides ajurakkude vahelist suhtlust. See toimib meie ajukoores liigse impulsi tootmise blokeerijana. Neuronite t\u00f6\u00f6d reguleeriv GABA lisand m\u00f5jub l\u00f5\u00f5gastavalt loomuliku &#8220;tekina&#8221; meie ajule ja kogu n\u00e4rvis\u00fcsteemile.<\/p>\n<ul>\n<li>V\u00f5ib aidata suurendada kasvuhormooni tootmist! See on meie lihaste ehitamise v\u00f5tmehormoon<\/li>\n<li>Uuringud n\u00e4itavad rasva kadu suurenemist<\/li>\n<li>Ideaalselt toetab regeneratsiooni, parandab une kvaliteeti ja uinumisprotsessi<\/li>\n<li>Oskab tegutseda prokognitiivselt \u2013 parem keskendumine, parem keskendumisv\u00f5ime, parem m\u00e4lu<\/li>\n<li>Parandab teie heaolu<\/li>\n<li>Alandab kortisooli taset \u2013 stressihormooni, millel on kataboolne toime meie lihasrakkudele<\/li>\n<\/ul>\n<p><strong>Koostisosad<\/strong>: Gamma-aminov\u00f5ihape, t\u00e4iteained: mikrokristalne tselluloos, t\u00e4rklis; paakumisvastased ained: rasvhapete magneesiumisoolad, r\u00e4nidioksiid; melatoniin.<\/p>\n<p><strong>Kasutamine<\/strong>: 1 tablett p\u00e4evas, soovitatavalt 30 minutit enne magama minekut.<\/p>\n<p><strong>Suurus<\/strong>: 90 tabletti &#8211; 90 serveeringut<\/p>\n<table>\n<tbody>\n<tr>\n<th>Aktiivsed toimeained<\/th>\n<th>1 tablett &#8211; 1 serveering<\/th>\n<\/tr>\n<tr>\n<td>Gamma-aminov\u00f5ihape (GABA)<\/td>\n<td>\u00a0750 mg<\/td>\n<\/tr>\n<tr>\n<td>Melatoniin<\/td>\n<td>\u00a01 mg<\/td>\n<\/tr>\n<\/tbody>\n<\/table>\n<p>Vaata ka meie Teisi GABA tooteid <a href=\"https:\/\/fit360.ee\/en\/product-category\/product-groups\/amino-acids-bcaa\/gaba-en\/\"><strong>SIIT<\/strong><\/a> v\u00f5i Aminohappeid <a href=\"https:\/\/fit360.ee\/en\/product-category\/product-groups\/amino-acids-bcaa\/\"><strong>SIIT<\/strong><\/a>!<\/p>\n<p>Soovid teha suuremat tellimust? Vaata antud toodet meie HULGI lehelt\u00a0<a href=\"https:\/\/toidulisandidhulgi.ee\/product\/gaba-plus-90tabs\/\"><strong>SIIT<\/strong><\/a>!<\/p>\n","protected":false},"excerpt":{"rendered":"<ul>\n<li>V\u00f5ib aidata suurendada kasvuhormooni tootmist! See on meie lihaste ehitamise v\u00f5tmehormoon<\/li>\n<li>Uuringud n\u00e4itavad rasva kadu suurenemist<\/li>\n<li>Ideaalselt toetab regeneratsiooni, parandab une kvaliteeti ja uinumisprotsessi<\/li>\n<li>Oskab tegutseda prokognitiivselt \u2013 parem keskendumine, parem keskendumisv\u00f5ime, parem m\u00e4lu<\/li>\n<li>Parandab teie heaolu<\/li>\n<li>Alandab kortisooli taset \u2013 stressihormooni, millel on kataboolne toime meie lihasrakkudele<\/li>\n<\/ul>\n","protected":false},"featured_media":84524,"comment_status":"closed","ping_status":"closed","template":"","meta":[],"product_brand":[],"product_cat":[520,2485,2319,2480,1329,2476,1201],"product_tag":[1842,3911,3912,1924],"giftcard-category":[],"class_list":{"0":"post-64412","1":"product","2":"type-product","3":"status-publish","4":"has-post-thumbnail","6":"product_cat-amino-acids-bcaa","7":"product_cat-brain-support-nootropics-en","8":"product_cat-gaba-en","9":"product_cat-melatonin-en","10":"product_cat-ostrovit-en","11":"product_cat-sleep-enhancers-en","12":"product_cat-1201","13":"product_tag-gaba-en","14":"product_tag-gaba-plus-en","15":"product_tag-gamma-aminovoihape-en","16":"product_tag-ostrovit-en","17":"pa_kogus-90-tablets","18":"pa_toidulisand-branddd-ostrovit","19":"pa_tootegruppp-aju-tegevus-nootropics-en","20":"pa_tootegruppp-amino-acidsbcaa","21":"pa_tootegruppp-gaba-en","22":"pa_tootegruppp-melatoniin-en","23":"pa_tootegruppp-uni-en","24":"pa_tootegruppp-vegan-en","26":"first","27":"outofstock","28":"sale","29":"taxable","30":"shipping-taxable","31":"purchasable","32":"product-type-simple"},"yoast_head":"<!-- This site is optimized with the Yoast SEO plugin v27.3 - https:\/\/yoast.com\/product\/yoast-seo-wordpress\/ -->\n<title>GABA Plus (90tabs) - Gamma-aminov\u00f5ihape - Kiire Tarne - Fit360<\/title>\n<meta name=\"description\" content=\"Gaba Plus tabletid toetavad regeneratsiooni, parandavad une kvaliteeti ja uinumisprotsessi. Lisaks m\u00e4ngib Gaba rolli ka rasvap\u00f5letus protsessis.\" \/>\n<meta name=\"robots\" content=\"index, follow, max-snippet:-1, max-image-preview:large, max-video-preview:-1\" \/>\n<link rel=\"canonical\" href=\"https:\/\/fit360.ee\/en\/pood\/product-groups\/sleep-enhancers-en\/melatonin-en\/gaba-plus-90tabs\/\" \/>\n<meta property=\"og:locale\" content=\"en_US\" \/>\n<meta property=\"og:type\" content=\"article\" \/>\n<meta property=\"og:title\" content=\"GABA Plus (90tabs) - Gamma-aminov\u00f5ihape - Kiire Tarne - Fit360\" \/>\n<meta property=\"og:description\" content=\"Gaba Plus tabletid toetavad regeneratsiooni, parandavad une kvaliteeti ja uinumisprotsessi. Lisaks m\u00e4ngib Gaba rolli ka rasvap\u00f5letus protsessis.\" \/>\n<meta property=\"og:url\" content=\"https:\/\/fit360.ee\/en\/pood\/product-groups\/sleep-enhancers-en\/melatonin-en\/gaba-plus-90tabs\/\" \/>\n<meta property=\"og:site_name\" content=\"Fit360\" \/>\n<meta property=\"article:modified_time\" content=\"2026-04-11T09:57:29+00:00\" \/>\n<meta property=\"og:image\" content=\"https:\/\/fit360.ee\/wp-content\/uploads\/2022\/08\/gaba-plus-ostrovit-fit360.ee_.png\" \/>\n\t<meta property=\"og:image:width\" content=\"450\" \/>\n\t<meta property=\"og:image:height\" content=\"450\" \/>\n\t<meta property=\"og:image:type\" content=\"image\/png\" \/>\n<meta name=\"twitter:card\" content=\"summary_large_image\" \/>\n<meta name=\"twitter:label1\" content=\"Est. reading time\" \/>\n\t<meta name=\"twitter:data1\" content=\"2 minutes\" \/>\n<script type=\"application\/ld+json\" class=\"yoast-schema-graph\">{\"@context\":\"https:\\\/\\\/schema.org\",\"@graph\":[{\"@type\":\"WebPage\",\"@id\":\"https:\\\/\\\/fit360.ee\\\/en\\\/pood\\\/product-groups\\\/sleep-enhancers-en\\\/melatonin-en\\\/gaba-plus-90tabs\\\/\",\"url\":\"https:\\\/\\\/fit360.ee\\\/en\\\/pood\\\/product-groups\\\/sleep-enhancers-en\\\/melatonin-en\\\/gaba-plus-90tabs\\\/\",\"name\":\"GABA Plus (90tabs) - Gamma-aminov\u00f5ihape - Kiire Tarne - Fit360\",\"isPartOf\":{\"@id\":\"https:\\\/\\\/fit360.ee\\\/en\\\/#website\"},\"primaryImageOfPage\":{\"@id\":\"https:\\\/\\\/fit360.ee\\\/en\\\/pood\\\/product-groups\\\/sleep-enhancers-en\\\/melatonin-en\\\/gaba-plus-90tabs\\\/#primaryimage\"},\"image\":{\"@id\":\"https:\\\/\\\/fit360.ee\\\/en\\\/pood\\\/product-groups\\\/sleep-enhancers-en\\\/melatonin-en\\\/gaba-plus-90tabs\\\/#primaryimage\"},\"thumbnailUrl\":\"https:\\\/\\\/fit360.ee\\\/wp-content\\\/uploads\\\/2022\\\/08\\\/gaba-plus-ostrovit-fit360.ee_.png\",\"datePublished\":\"2022-08-24T10:39:55+00:00\",\"dateModified\":\"2026-04-11T09:57:29+00:00\",\"description\":\"Gaba Plus tabletid toetavad regeneratsiooni, parandavad une kvaliteeti ja uinumisprotsessi. Lisaks m\u00e4ngib Gaba rolli ka rasvap\u00f5letus protsessis.\",\"breadcrumb\":{\"@id\":\"https:\\\/\\\/fit360.ee\\\/en\\\/pood\\\/product-groups\\\/sleep-enhancers-en\\\/melatonin-en\\\/gaba-plus-90tabs\\\/#breadcrumb\"},\"inLanguage\":\"en-US\",\"potentialAction\":[{\"@type\":\"ReadAction\",\"target\":[\"https:\\\/\\\/fit360.ee\\\/en\\\/pood\\\/product-groups\\\/sleep-enhancers-en\\\/melatonin-en\\\/gaba-plus-90tabs\\\/\"]}]},{\"@type\":\"ImageObject\",\"inLanguage\":\"en-US\",\"@id\":\"https:\\\/\\\/fit360.ee\\\/en\\\/pood\\\/product-groups\\\/sleep-enhancers-en\\\/melatonin-en\\\/gaba-plus-90tabs\\\/#primaryimage\",\"url\":\"https:\\\/\\\/fit360.ee\\\/wp-content\\\/uploads\\\/2022\\\/08\\\/gaba-plus-ostrovit-fit360.ee_.png\",\"contentUrl\":\"https:\\\/\\\/fit360.ee\\\/wp-content\\\/uploads\\\/2022\\\/08\\\/gaba-plus-ostrovit-fit360.ee_.png\",\"width\":450,\"height\":450,\"caption\":\"gaba plus ostrovit - fit360.ee\"},{\"@type\":\"BreadcrumbList\",\"@id\":\"https:\\\/\\\/fit360.ee\\\/en\\\/pood\\\/product-groups\\\/sleep-enhancers-en\\\/melatonin-en\\\/gaba-plus-90tabs\\\/#breadcrumb\",\"itemListElement\":[{\"@type\":\"ListItem\",\"position\":1,\"name\":\"Home\",\"item\":\"https:\\\/\\\/fit360.ee\\\/en\\\/\"},{\"@type\":\"ListItem\",\"position\":2,\"name\":\"Shop\",\"item\":\"https:\\\/\\\/fit360.ee\\\/en\\\/shop\\\/\"},{\"@type\":\"ListItem\",\"position\":3,\"name\":\"GABA Plus (90tabs)\"}]},{\"@type\":\"WebSite\",\"@id\":\"https:\\\/\\\/fit360.ee\\\/en\\\/#website\",\"url\":\"https:\\\/\\\/fit360.ee\\\/en\\\/\",\"name\":\"Fit360\",\"description\":\"\",\"publisher\":{\"@id\":\"https:\\\/\\\/fit360.ee\\\/en\\\/#organization\"},\"potentialAction\":[{\"@type\":\"SearchAction\",\"target\":{\"@type\":\"EntryPoint\",\"urlTemplate\":\"https:\\\/\\\/fit360.ee\\\/en\\\/?s={search_term_string}\"},\"query-input\":{\"@type\":\"PropertyValueSpecification\",\"valueRequired\":true,\"valueName\":\"search_term_string\"}}],\"inLanguage\":\"en-US\"},{\"@type\":\"Organization\",\"@id\":\"https:\\\/\\\/fit360.ee\\\/en\\\/#organization\",\"name\":\"Fit360\",\"url\":\"https:\\\/\\\/fit360.ee\\\/en\\\/\",\"logo\":{\"@type\":\"ImageObject\",\"inLanguage\":\"en-US\",\"@id\":\"https:\\\/\\\/fit360.ee\\\/en\\\/#\\\/schema\\\/logo\\\/image\\\/\",\"url\":\"https:\\\/\\\/fit360.ee\\\/wp-content\\\/uploads\\\/2017\\\/01\\\/logo-fit360.png\",\"contentUrl\":\"https:\\\/\\\/fit360.ee\\\/wp-content\\\/uploads\\\/2017\\\/01\\\/logo-fit360.png\",\"width\":180,\"height\":66,\"caption\":\"Fit360\"},\"image\":{\"@id\":\"https:\\\/\\\/fit360.ee\\\/en\\\/#\\\/schema\\\/logo\\\/image\\\/\"}}]}<\/script>\n<!-- \/ Yoast SEO plugin. -->","yoast_head_json":{"title":"GABA Plus (90tabs) - Gamma-aminov\u00f5ihape - Kiire Tarne - Fit360","description":"Gaba Plus tabletid toetavad regeneratsiooni, parandavad une kvaliteeti ja uinumisprotsessi. Lisaks m\u00e4ngib Gaba rolli ka rasvap\u00f5letus protsessis.","robots":{"index":"index","follow":"follow","max-snippet":"max-snippet:-1","max-image-preview":"max-image-preview:large","max-video-preview":"max-video-preview:-1"},"canonical":"https:\/\/fit360.ee\/en\/pood\/product-groups\/sleep-enhancers-en\/melatonin-en\/gaba-plus-90tabs\/","og_locale":"en_US","og_type":"article","og_title":"GABA Plus (90tabs) - Gamma-aminov\u00f5ihape - Kiire Tarne - Fit360","og_description":"Gaba Plus tabletid toetavad regeneratsiooni, parandavad une kvaliteeti ja uinumisprotsessi. Lisaks m\u00e4ngib Gaba rolli ka rasvap\u00f5letus protsessis.","og_url":"https:\/\/fit360.ee\/en\/pood\/product-groups\/sleep-enhancers-en\/melatonin-en\/gaba-plus-90tabs\/","og_site_name":"Fit360","article_modified_time":"2026-04-11T09:57:29+00:00","og_image":[{"width":450,"height":450,"url":"https:\/\/fit360.ee\/wp-content\/uploads\/2022\/08\/gaba-plus-ostrovit-fit360.ee_.png","type":"image\/png"}],"twitter_card":"summary_large_image","twitter_misc":{"Est. reading time":"2 minutes"},"schema":{"@context":"https:\/\/schema.org","@graph":[{"@type":"WebPage","@id":"https:\/\/fit360.ee\/en\/pood\/product-groups\/sleep-enhancers-en\/melatonin-en\/gaba-plus-90tabs\/","url":"https:\/\/fit360.ee\/en\/pood\/product-groups\/sleep-enhancers-en\/melatonin-en\/gaba-plus-90tabs\/","name":"GABA Plus (90tabs) - Gamma-aminov\u00f5ihape - Kiire Tarne - Fit360","isPartOf":{"@id":"https:\/\/fit360.ee\/en\/#website"},"primaryImageOfPage":{"@id":"https:\/\/fit360.ee\/en\/pood\/product-groups\/sleep-enhancers-en\/melatonin-en\/gaba-plus-90tabs\/#primaryimage"},"image":{"@id":"https:\/\/fit360.ee\/en\/pood\/product-groups\/sleep-enhancers-en\/melatonin-en\/gaba-plus-90tabs\/#primaryimage"},"thumbnailUrl":"https:\/\/fit360.ee\/wp-content\/uploads\/2022\/08\/gaba-plus-ostrovit-fit360.ee_.png","datePublished":"2022-08-24T10:39:55+00:00","dateModified":"2026-04-11T09:57:29+00:00","description":"Gaba Plus tabletid toetavad regeneratsiooni, parandavad une kvaliteeti ja uinumisprotsessi. Lisaks m\u00e4ngib Gaba rolli ka rasvap\u00f5letus protsessis.","breadcrumb":{"@id":"https:\/\/fit360.ee\/en\/pood\/product-groups\/sleep-enhancers-en\/melatonin-en\/gaba-plus-90tabs\/#breadcrumb"},"inLanguage":"en-US","potentialAction":[{"@type":"ReadAction","target":["https:\/\/fit360.ee\/en\/pood\/product-groups\/sleep-enhancers-en\/melatonin-en\/gaba-plus-90tabs\/"]}]},{"@type":"ImageObject","inLanguage":"en-US","@id":"https:\/\/fit360.ee\/en\/pood\/product-groups\/sleep-enhancers-en\/melatonin-en\/gaba-plus-90tabs\/#primaryimage","url":"https:\/\/fit360.ee\/wp-content\/uploads\/2022\/08\/gaba-plus-ostrovit-fit360.ee_.png","contentUrl":"https:\/\/fit360.ee\/wp-content\/uploads\/2022\/08\/gaba-plus-ostrovit-fit360.ee_.png","width":450,"height":450,"caption":"gaba plus ostrovit - fit360.ee"},{"@type":"BreadcrumbList","@id":"https:\/\/fit360.ee\/en\/pood\/product-groups\/sleep-enhancers-en\/melatonin-en\/gaba-plus-90tabs\/#breadcrumb","itemListElement":[{"@type":"ListItem","position":1,"name":"Home","item":"https:\/\/fit360.ee\/en\/"},{"@type":"ListItem","position":2,"name":"Shop","item":"https:\/\/fit360.ee\/en\/shop\/"},{"@type":"ListItem","position":3,"name":"GABA Plus (90tabs)"}]},{"@type":"WebSite","@id":"https:\/\/fit360.ee\/en\/#website","url":"https:\/\/fit360.ee\/en\/","name":"Fit360","description":"","publisher":{"@id":"https:\/\/fit360.ee\/en\/#organization"},"potentialAction":[{"@type":"SearchAction","target":{"@type":"EntryPoint","urlTemplate":"https:\/\/fit360.ee\/en\/?s={search_term_string}"},"query-input":{"@type":"PropertyValueSpecification","valueRequired":true,"valueName":"search_term_string"}}],"inLanguage":"en-US"},{"@type":"Organization","@id":"https:\/\/fit360.ee\/en\/#organization","name":"Fit360","url":"https:\/\/fit360.ee\/en\/","logo":{"@type":"ImageObject","inLanguage":"en-US","@id":"https:\/\/fit360.ee\/en\/#\/schema\/logo\/image\/","url":"https:\/\/fit360.ee\/wp-content\/uploads\/2017\/01\/logo-fit360.png","contentUrl":"https:\/\/fit360.ee\/wp-content\/uploads\/2017\/01\/logo-fit360.png","width":180,"height":66,"caption":"Fit360"},"image":{"@id":"https:\/\/fit360.ee\/en\/#\/schema\/logo\/image\/"}}]}},"_links":{"self":[{"href":"https:\/\/fit360.ee\/en\/wp-json\/wp\/v2\/product\/64412","targetHints":{"allow":["GET"]}}],"collection":[{"href":"https:\/\/fit360.ee\/en\/wp-json\/wp\/v2\/product"}],"about":[{"href":"https:\/\/fit360.ee\/en\/wp-json\/wp\/v2\/types\/product"}],"replies":[{"embeddable":true,"href":"https:\/\/fit360.ee\/en\/wp-json\/wp\/v2\/comments?post=64412"}],"wp:featuredmedia":[{"embeddable":true,"href":"https:\/\/fit360.ee\/en\/wp-json\/wp\/v2\/media\/84524"}],"wp:attachment":[{"href":"https:\/\/fit360.ee\/en\/wp-json\/wp\/v2\/media?parent=64412"}],"wp:term":[{"taxonomy":"product_brand","embeddable":true,"href":"https:\/\/fit360.ee\/en\/wp-json\/wp\/v2\/product_brand?post=64412"},{"taxonomy":"product_cat","embeddable":true,"href":"https:\/\/fit360.ee\/en\/wp-json\/wp\/v2\/product_cat?post=64412"},{"taxonomy":"product_tag","embeddable":true,"href":"https:\/\/fit360.ee\/en\/wp-json\/wp\/v2\/product_tag?post=64412"},{"taxonomy":"giftcard-category","embeddable":true,"href":"https:\/\/fit360.ee\/en\/wp-json\/wp\/v2\/giftcard-category?post=64412"}],"curies":[{"name":"wp","href":"https:\/\/api.w.org\/{rel}","templated":true}]}}