{"id":64432,"date":"2022-08-24T16:23:56","date_gmt":"2022-08-24T14:23:56","guid":{"rendered":"https:\/\/fit360.ee\/pood\/uncategorized\/erutritool-erythritol-750g\/"},"modified":"2026-02-20T23:16:07","modified_gmt":"2026-02-20T21:16:07","slug":"erutritool-erythritol-1000g","status":"publish","type":"product","link":"https:\/\/fit360.ee\/en\/pood\/product-groups\/superfoods-health-foods-en\/stevia-en\/erutritool-erythritol-1000g\/","title":{"rendered":"Er\u00fctritool &#8211; Erythritol (1000g)"},"content":{"rendered":"<h1><strong>Er\u00fctritool<\/strong><\/h1>\n<p>OstroVit Erythritol (er\u00fctritool) on kvaliteetne magusaine, mida kasutatakse alternatiivina traditsioonilisele lauasuhkrule (sahharoos). Er\u00fctritooli gl\u00fckeemiline indeks on 0, t\u00e4nu millele see ei t\u00f5sta veresuhkrut.<\/p>\n<p><a href=\"https:\/\/fit360.ee\/wp-content\/uploads\/2022\/08\/erythrotol-ostrovit-fit360.ee-1-800x312.jpg\"><img loading=\"lazy\" decoding=\"async\" class=\"size-medium wp-image-64428\" src=\"https:\/\/fit360.ee\/wp-content\/uploads\/2022\/08\/erythrotol-ostrovit-fit360.ee-1-800x312.jpg\" alt=\"erythrotol ostrovit - fit360.ee\" width=\"800\" height=\"312\" srcset=\"https:\/\/fit360.ee\/wp-content\/uploads\/2022\/08\/erythrotol-ostrovit-fit360.ee-1-800x312.jpg 800w, https:\/\/fit360.ee\/wp-content\/uploads\/2022\/08\/erythrotol-ostrovit-fit360.ee-1-510x199.jpg 510w, https:\/\/fit360.ee\/wp-content\/uploads\/2022\/08\/erythrotol-ostrovit-fit360.ee-1-768x300.jpg 768w, https:\/\/fit360.ee\/wp-content\/uploads\/2022\/08\/erythrotol-ostrovit-fit360.ee-1.jpg 922w\" sizes=\"auto, (max-width: 800px) 100vw, 800px\" \/><\/a><\/p>\n<ul>\n<li>1000 g pakendis<\/li>\n<li>\u00dcks madalamaid hindu turul<\/li>\n<li>IG (gl\u00fckeemiline indeks) = 0<\/li>\n<li>Kalorivaba toode<\/li>\n<li>Sahharoosi, st traditsioonilise suhkru asendaja<\/li>\n<\/ul>\n<h4><strong>Er\u00fctritool (Erythritol) \u2013 tervislik suhkruasendaja<\/strong><\/h4>\n<p>Er\u00fctritool on orgaaniline keemiline \u00fchend, suhkrur\u00fchma tetrah\u00fcdroalkohol. Toiduainet\u00f6\u00f6stuses kasutatakse traditsioonilise suhkru asendajana ja t\u00e4psemalt magustajana, peitudes toidu lisaaine koodi alla numbriga E968. Seda leidub looduslikult puuviljades, aga ka m\u00f5nes merevetikas ja punases veinis. Er\u00fctritool on traditsioonilise suhkru aseaine, mis on eriti soovitatav diabeetikutele, kuna selle energiav\u00e4\u00e4rtus on null. Seda ei k\u00e4\u00e4rita suu\u00f5\u00f5nes leiduvad bakterid, mist\u00f5ttu see ei p\u00f5hjusta kaariest.<\/p>\n<p><strong>Omadused:<\/strong><\/p>\n<ul>\n<li>Suurep\u00e4rane traditsioonilise suhkru asendaja<\/li>\n<li>Gl\u00fckeemiline indeks on 0 (IG = 0)<\/li>\n<li>Kalorivabad tooted, mida meie keha ei metaboliseeru<\/li>\n<li>Ideaalne inimestele, kes piiravad oma dieedis suhkrut<\/li>\n<li>Ei t\u00f5sta vere gl\u00fckoosisisaldust<\/li>\n<\/ul>\n<p><strong>Koostisosad<\/strong>: Magusaine &#8211; 100% er\u00fctritool.<\/p>\n<p><strong>Kasutamine<\/strong>: Er\u00fctritooli tuleks kasutusele v\u00f5tta j\u00e4rk-j\u00e4rgult. Liigne tarbimine v\u00f5ib avaldada k\u00f5hulahtistavat toimet. Tasakaalustatud toitumine ja tervislik eluviis on h\u00e4davajalikud. \u00c4rge tarbige, kui seda on t\u00f6\u00f6deldud m\u00f5ne toote koostisosaga.<\/p>\n<p><strong>Suurus<\/strong>: 1000g<\/p>\n<table>\n<tbody>\n<tr>\n<th>Toitev\u00e4\u00e4rtuste anal\u00fc\u00fcs<\/th>\n<th>100g<\/th>\n<\/tr>\n<tr>\n<td>Energia<\/td>\n<td>0 kJ\/0 kcal<\/td>\n<\/tr>\n<tr>\n<td>Rasvad<\/td>\n<td>0 g<\/td>\n<\/tr>\n<tr class=\"sub\">\n<td>&#8211; <em>millest<\/em> k\u00fcllastunud rasvhapped<\/td>\n<td>0 g<\/td>\n<\/tr>\n<tr>\n<td>S\u00fcsivesikud<\/td>\n<td>99 g<\/td>\n<\/tr>\n<tr class=\"sub\">\n<td>&#8211; <em>millest<\/em> suhkur<\/td>\n<td>0 g<\/td>\n<\/tr>\n<tr class=\"sub\">\n<td>&#8211; <em>millest<\/em> mitmeh\u00fcdroks\u00fc\u00fclsed alkoholid (pol\u00fcoolid)<\/td>\n<td>99 g<\/td>\n<\/tr>\n<tr>\n<td>Valgud<\/td>\n<td>0 g<\/td>\n<\/tr>\n<tr>\n<td>Sool<\/td>\n<td>0 g<\/td>\n<\/tr>\n<\/tbody>\n<\/table>\n<p>Vaata ka meie Teisi Supertoite <a href=\"https:\/\/fit360.ee\/en\/product-category\/product-groups\/superfoods-health-foods-en\/\"><strong>SIIT<\/strong><\/a> v\u00f5i STEVIA magusaineid <a href=\"https:\/\/fit360.ee\/en\/product-category\/product-groups\/superfoods-health-foods-en\/stevia-en\/\"><strong>SIIT<\/strong><\/a>!<\/p>\n<p>Soovid teha suuremat tellimust? Vaata antud toodet meie HULGI lehelt\u00a0<a href=\"https:\/\/toidulisandidhulgi.ee\/product\/erutritool-erythritol-750g\/\"><strong>SIIT<\/strong><\/a>!<\/p>\n","protected":false},"excerpt":{"rendered":"<ul>\n<li>Suurep\u00e4rane traditsioonilise suhkru asendaja<\/li>\n<li>Gl\u00fckeemiline indeks on 0 (IG = 0)<\/li>\n<li>Kalorivaba toode, mida meie keha ei metaboliseeru<\/li>\n<li>Ideaalne inimestele, kes piiravad oma dieedis suhkrut<\/li>\n<li>Ei t\u00f5sta vere gl\u00fckoosisisaldust<\/li>\n<\/ul>\n","protected":false},"featured_media":88432,"comment_status":"closed","ping_status":"closed","template":"","meta":[],"product_brand":[],"product_cat":[522,1329,2392,1454],"product_tag":[3919,3920,1924],"giftcard-category":[],"class_list":{"0":"post-64432","1":"product","2":"type-product","3":"status-publish","4":"has-post-thumbnail","6":"product_cat-energy-carbohydrates","7":"product_cat-ostrovit-en","8":"product_cat-stevia-en","9":"product_cat-superfoods-health-foods-en","10":"product_tag-erutritool-en","11":"product_tag-erythritol-en","12":"product_tag-ostrovit-en","13":"pa_kogus-1000g-en","14":"pa_toidulisand-branddd-ostrovit","15":"pa_tootegruppp-energycarbs","16":"pa_tootegruppp-stevia-en","17":"pa_tootegruppp-supertoit-tervisetoit-en","19":"first","20":"instock","21":"sale","22":"taxable","23":"shipping-taxable","24":"purchasable","25":"product-type-simple"},"yoast_head":"<!-- This site is optimized with the Yoast SEO plugin v27.3 - https:\/\/yoast.com\/product\/yoast-seo-wordpress\/ -->\n<title>Er\u00fctritool - Erythritol (1000g) - Suhkru asendaja - Kiire Tarne - Fit360<\/title>\n<meta name=\"description\" content=\"Er\u00fctritool on orgaaniline keemiline \u00fchend, suhkrur\u00fchma tetrah\u00fcdroalkohol. Er\u00fctritooli gl\u00fckeemiline indeks on 0 ning samuti ei sisalda see kaloreid.\" \/>\n<meta name=\"robots\" content=\"index, follow, max-snippet:-1, max-image-preview:large, max-video-preview:-1\" \/>\n<link rel=\"canonical\" href=\"https:\/\/fit360.ee\/en\/pood\/product-groups\/superfoods-health-foods-en\/stevia-en\/erutritool-erythritol-1000g\/\" \/>\n<meta property=\"og:locale\" content=\"en_US\" \/>\n<meta property=\"og:type\" content=\"article\" \/>\n<meta property=\"og:title\" content=\"Er\u00fctritool - Erythritol (1000g) - Suhkru asendaja - Kiire Tarne - Fit360\" \/>\n<meta property=\"og:description\" content=\"Er\u00fctritool on orgaaniline keemiline \u00fchend, suhkrur\u00fchma tetrah\u00fcdroalkohol. Er\u00fctritooli gl\u00fckeemiline indeks on 0 ning samuti ei sisalda see kaloreid.\" \/>\n<meta property=\"og:url\" content=\"https:\/\/fit360.ee\/en\/pood\/product-groups\/superfoods-health-foods-en\/stevia-en\/erutritool-erythritol-1000g\/\" \/>\n<meta property=\"og:site_name\" content=\"Fit360\" \/>\n<meta property=\"article:modified_time\" content=\"2026-02-20T21:16:07+00:00\" \/>\n<meta property=\"og:image\" content=\"https:\/\/fit360.ee\/wp-content\/uploads\/2022\/08\/almamed_1_-_2025-04-10t081024.462.jpg\" \/>\n\t<meta property=\"og:image:width\" content=\"265\" \/>\n\t<meta property=\"og:image:height\" content=\"265\" \/>\n\t<meta property=\"og:image:type\" content=\"image\/jpeg\" \/>\n<meta name=\"twitter:card\" content=\"summary_large_image\" \/>\n<meta name=\"twitter:label1\" content=\"Est. reading time\" \/>\n\t<meta name=\"twitter:data1\" content=\"2 minutes\" \/>\n<script type=\"application\/ld+json\" class=\"yoast-schema-graph\">{\"@context\":\"https:\\\/\\\/schema.org\",\"@graph\":[{\"@type\":\"WebPage\",\"@id\":\"https:\\\/\\\/fit360.ee\\\/en\\\/pood\\\/product-groups\\\/superfoods-health-foods-en\\\/stevia-en\\\/erutritool-erythritol-1000g\\\/\",\"url\":\"https:\\\/\\\/fit360.ee\\\/en\\\/pood\\\/product-groups\\\/superfoods-health-foods-en\\\/stevia-en\\\/erutritool-erythritol-1000g\\\/\",\"name\":\"Er\u00fctritool - Erythritol (1000g) - Suhkru asendaja - Kiire Tarne - Fit360\",\"isPartOf\":{\"@id\":\"https:\\\/\\\/fit360.ee\\\/en\\\/#website\"},\"primaryImageOfPage\":{\"@id\":\"https:\\\/\\\/fit360.ee\\\/en\\\/pood\\\/product-groups\\\/superfoods-health-foods-en\\\/stevia-en\\\/erutritool-erythritol-1000g\\\/#primaryimage\"},\"image\":{\"@id\":\"https:\\\/\\\/fit360.ee\\\/en\\\/pood\\\/product-groups\\\/superfoods-health-foods-en\\\/stevia-en\\\/erutritool-erythritol-1000g\\\/#primaryimage\"},\"thumbnailUrl\":\"https:\\\/\\\/fit360.ee\\\/wp-content\\\/uploads\\\/2022\\\/08\\\/almamed_1_-_2025-04-10t081024.462.jpg\",\"datePublished\":\"2022-08-24T14:23:56+00:00\",\"dateModified\":\"2026-02-20T21:16:07+00:00\",\"description\":\"Er\u00fctritool on orgaaniline keemiline \u00fchend, suhkrur\u00fchma tetrah\u00fcdroalkohol. Er\u00fctritooli gl\u00fckeemiline indeks on 0 ning samuti ei sisalda see kaloreid.\",\"breadcrumb\":{\"@id\":\"https:\\\/\\\/fit360.ee\\\/en\\\/pood\\\/product-groups\\\/superfoods-health-foods-en\\\/stevia-en\\\/erutritool-erythritol-1000g\\\/#breadcrumb\"},\"inLanguage\":\"en-US\",\"potentialAction\":[{\"@type\":\"ReadAction\",\"target\":[\"https:\\\/\\\/fit360.ee\\\/en\\\/pood\\\/product-groups\\\/superfoods-health-foods-en\\\/stevia-en\\\/erutritool-erythritol-1000g\\\/\"]}]},{\"@type\":\"ImageObject\",\"inLanguage\":\"en-US\",\"@id\":\"https:\\\/\\\/fit360.ee\\\/en\\\/pood\\\/product-groups\\\/superfoods-health-foods-en\\\/stevia-en\\\/erutritool-erythritol-1000g\\\/#primaryimage\",\"url\":\"https:\\\/\\\/fit360.ee\\\/wp-content\\\/uploads\\\/2022\\\/08\\\/almamed_1_-_2025-04-10t081024.462.jpg\",\"contentUrl\":\"https:\\\/\\\/fit360.ee\\\/wp-content\\\/uploads\\\/2022\\\/08\\\/almamed_1_-_2025-04-10t081024.462.jpg\",\"width\":265,\"height\":265},{\"@type\":\"BreadcrumbList\",\"@id\":\"https:\\\/\\\/fit360.ee\\\/en\\\/pood\\\/product-groups\\\/superfoods-health-foods-en\\\/stevia-en\\\/erutritool-erythritol-1000g\\\/#breadcrumb\",\"itemListElement\":[{\"@type\":\"ListItem\",\"position\":1,\"name\":\"Home\",\"item\":\"https:\\\/\\\/fit360.ee\\\/en\\\/\"},{\"@type\":\"ListItem\",\"position\":2,\"name\":\"Shop\",\"item\":\"https:\\\/\\\/fit360.ee\\\/en\\\/shop\\\/\"},{\"@type\":\"ListItem\",\"position\":3,\"name\":\"Er\u00fctritool &#8211; Erythritol (1000g)\"}]},{\"@type\":\"WebSite\",\"@id\":\"https:\\\/\\\/fit360.ee\\\/en\\\/#website\",\"url\":\"https:\\\/\\\/fit360.ee\\\/en\\\/\",\"name\":\"Fit360\",\"description\":\"\",\"publisher\":{\"@id\":\"https:\\\/\\\/fit360.ee\\\/en\\\/#organization\"},\"potentialAction\":[{\"@type\":\"SearchAction\",\"target\":{\"@type\":\"EntryPoint\",\"urlTemplate\":\"https:\\\/\\\/fit360.ee\\\/en\\\/?s={search_term_string}\"},\"query-input\":{\"@type\":\"PropertyValueSpecification\",\"valueRequired\":true,\"valueName\":\"search_term_string\"}}],\"inLanguage\":\"en-US\"},{\"@type\":\"Organization\",\"@id\":\"https:\\\/\\\/fit360.ee\\\/en\\\/#organization\",\"name\":\"Fit360\",\"url\":\"https:\\\/\\\/fit360.ee\\\/en\\\/\",\"logo\":{\"@type\":\"ImageObject\",\"inLanguage\":\"en-US\",\"@id\":\"https:\\\/\\\/fit360.ee\\\/en\\\/#\\\/schema\\\/logo\\\/image\\\/\",\"url\":\"https:\\\/\\\/fit360.ee\\\/wp-content\\\/uploads\\\/2017\\\/01\\\/logo-fit360.png\",\"contentUrl\":\"https:\\\/\\\/fit360.ee\\\/wp-content\\\/uploads\\\/2017\\\/01\\\/logo-fit360.png\",\"width\":180,\"height\":66,\"caption\":\"Fit360\"},\"image\":{\"@id\":\"https:\\\/\\\/fit360.ee\\\/en\\\/#\\\/schema\\\/logo\\\/image\\\/\"}}]}<\/script>\n<!-- \/ Yoast SEO plugin. -->","yoast_head_json":{"title":"Er\u00fctritool - Erythritol (1000g) - Suhkru asendaja - Kiire Tarne - Fit360","description":"Er\u00fctritool on orgaaniline keemiline \u00fchend, suhkrur\u00fchma tetrah\u00fcdroalkohol. Er\u00fctritooli gl\u00fckeemiline indeks on 0 ning samuti ei sisalda see kaloreid.","robots":{"index":"index","follow":"follow","max-snippet":"max-snippet:-1","max-image-preview":"max-image-preview:large","max-video-preview":"max-video-preview:-1"},"canonical":"https:\/\/fit360.ee\/en\/pood\/product-groups\/superfoods-health-foods-en\/stevia-en\/erutritool-erythritol-1000g\/","og_locale":"en_US","og_type":"article","og_title":"Er\u00fctritool - Erythritol (1000g) - Suhkru asendaja - Kiire Tarne - Fit360","og_description":"Er\u00fctritool on orgaaniline keemiline \u00fchend, suhkrur\u00fchma tetrah\u00fcdroalkohol. Er\u00fctritooli gl\u00fckeemiline indeks on 0 ning samuti ei sisalda see kaloreid.","og_url":"https:\/\/fit360.ee\/en\/pood\/product-groups\/superfoods-health-foods-en\/stevia-en\/erutritool-erythritol-1000g\/","og_site_name":"Fit360","article_modified_time":"2026-02-20T21:16:07+00:00","og_image":[{"width":265,"height":265,"url":"https:\/\/fit360.ee\/wp-content\/uploads\/2022\/08\/almamed_1_-_2025-04-10t081024.462.jpg","type":"image\/jpeg"}],"twitter_card":"summary_large_image","twitter_misc":{"Est. reading time":"2 minutes"},"schema":{"@context":"https:\/\/schema.org","@graph":[{"@type":"WebPage","@id":"https:\/\/fit360.ee\/en\/pood\/product-groups\/superfoods-health-foods-en\/stevia-en\/erutritool-erythritol-1000g\/","url":"https:\/\/fit360.ee\/en\/pood\/product-groups\/superfoods-health-foods-en\/stevia-en\/erutritool-erythritol-1000g\/","name":"Er\u00fctritool - Erythritol (1000g) - Suhkru asendaja - Kiire Tarne - Fit360","isPartOf":{"@id":"https:\/\/fit360.ee\/en\/#website"},"primaryImageOfPage":{"@id":"https:\/\/fit360.ee\/en\/pood\/product-groups\/superfoods-health-foods-en\/stevia-en\/erutritool-erythritol-1000g\/#primaryimage"},"image":{"@id":"https:\/\/fit360.ee\/en\/pood\/product-groups\/superfoods-health-foods-en\/stevia-en\/erutritool-erythritol-1000g\/#primaryimage"},"thumbnailUrl":"https:\/\/fit360.ee\/wp-content\/uploads\/2022\/08\/almamed_1_-_2025-04-10t081024.462.jpg","datePublished":"2022-08-24T14:23:56+00:00","dateModified":"2026-02-20T21:16:07+00:00","description":"Er\u00fctritool on orgaaniline keemiline \u00fchend, suhkrur\u00fchma tetrah\u00fcdroalkohol. Er\u00fctritooli gl\u00fckeemiline indeks on 0 ning samuti ei sisalda see kaloreid.","breadcrumb":{"@id":"https:\/\/fit360.ee\/en\/pood\/product-groups\/superfoods-health-foods-en\/stevia-en\/erutritool-erythritol-1000g\/#breadcrumb"},"inLanguage":"en-US","potentialAction":[{"@type":"ReadAction","target":["https:\/\/fit360.ee\/en\/pood\/product-groups\/superfoods-health-foods-en\/stevia-en\/erutritool-erythritol-1000g\/"]}]},{"@type":"ImageObject","inLanguage":"en-US","@id":"https:\/\/fit360.ee\/en\/pood\/product-groups\/superfoods-health-foods-en\/stevia-en\/erutritool-erythritol-1000g\/#primaryimage","url":"https:\/\/fit360.ee\/wp-content\/uploads\/2022\/08\/almamed_1_-_2025-04-10t081024.462.jpg","contentUrl":"https:\/\/fit360.ee\/wp-content\/uploads\/2022\/08\/almamed_1_-_2025-04-10t081024.462.jpg","width":265,"height":265},{"@type":"BreadcrumbList","@id":"https:\/\/fit360.ee\/en\/pood\/product-groups\/superfoods-health-foods-en\/stevia-en\/erutritool-erythritol-1000g\/#breadcrumb","itemListElement":[{"@type":"ListItem","position":1,"name":"Home","item":"https:\/\/fit360.ee\/en\/"},{"@type":"ListItem","position":2,"name":"Shop","item":"https:\/\/fit360.ee\/en\/shop\/"},{"@type":"ListItem","position":3,"name":"Er\u00fctritool &#8211; Erythritol (1000g)"}]},{"@type":"WebSite","@id":"https:\/\/fit360.ee\/en\/#website","url":"https:\/\/fit360.ee\/en\/","name":"Fit360","description":"","publisher":{"@id":"https:\/\/fit360.ee\/en\/#organization"},"potentialAction":[{"@type":"SearchAction","target":{"@type":"EntryPoint","urlTemplate":"https:\/\/fit360.ee\/en\/?s={search_term_string}"},"query-input":{"@type":"PropertyValueSpecification","valueRequired":true,"valueName":"search_term_string"}}],"inLanguage":"en-US"},{"@type":"Organization","@id":"https:\/\/fit360.ee\/en\/#organization","name":"Fit360","url":"https:\/\/fit360.ee\/en\/","logo":{"@type":"ImageObject","inLanguage":"en-US","@id":"https:\/\/fit360.ee\/en\/#\/schema\/logo\/image\/","url":"https:\/\/fit360.ee\/wp-content\/uploads\/2017\/01\/logo-fit360.png","contentUrl":"https:\/\/fit360.ee\/wp-content\/uploads\/2017\/01\/logo-fit360.png","width":180,"height":66,"caption":"Fit360"},"image":{"@id":"https:\/\/fit360.ee\/en\/#\/schema\/logo\/image\/"}}]}},"_links":{"self":[{"href":"https:\/\/fit360.ee\/en\/wp-json\/wp\/v2\/product\/64432","targetHints":{"allow":["GET"]}}],"collection":[{"href":"https:\/\/fit360.ee\/en\/wp-json\/wp\/v2\/product"}],"about":[{"href":"https:\/\/fit360.ee\/en\/wp-json\/wp\/v2\/types\/product"}],"replies":[{"embeddable":true,"href":"https:\/\/fit360.ee\/en\/wp-json\/wp\/v2\/comments?post=64432"}],"wp:featuredmedia":[{"embeddable":true,"href":"https:\/\/fit360.ee\/en\/wp-json\/wp\/v2\/media\/88432"}],"wp:attachment":[{"href":"https:\/\/fit360.ee\/en\/wp-json\/wp\/v2\/media?parent=64432"}],"wp:term":[{"taxonomy":"product_brand","embeddable":true,"href":"https:\/\/fit360.ee\/en\/wp-json\/wp\/v2\/product_brand?post=64432"},{"taxonomy":"product_cat","embeddable":true,"href":"https:\/\/fit360.ee\/en\/wp-json\/wp\/v2\/product_cat?post=64432"},{"taxonomy":"product_tag","embeddable":true,"href":"https:\/\/fit360.ee\/en\/wp-json\/wp\/v2\/product_tag?post=64432"},{"taxonomy":"giftcard-category","embeddable":true,"href":"https:\/\/fit360.ee\/en\/wp-json\/wp\/v2\/giftcard-category?post=64432"}],"curies":[{"name":"wp","href":"https:\/\/api.w.org\/{rel}","templated":true}]}}