{"id":64441,"date":"2022-08-24T17:00:36","date_gmt":"2022-08-24T15:00:36","guid":{"rendered":"https:\/\/fit360.ee\/pood\/uncategorized\/marine-collagen-200g\/"},"modified":"2026-04-10T16:41:26","modified_gmt":"2026-04-10T14:41:26","slug":"marine-collagen-200g","status":"publish","type":"product","link":"https:\/\/fit360.ee\/en\/pood\/product-groups\/joint-support-en\/marine-collagen-200g\/","title":{"rendered":"Marine Collagen &#8211; Merekollageen (200g)"},"content":{"rendered":"<h1><strong>Marine Collagen<\/strong><\/h1>\n<p>OstroVit Marine Collagen ehk merekollageen on uuenduslik pulbriline toidulisand, mida saate kergesti lahustada vees v\u00f5i mahlas. Toode sisaldab merelise kollageeni peptiide, mille struktuur on v\u00e4ga sarnane inimese kollageeniga, t\u00e4nu millele on toode h\u00e4sti omastatav. Toidulisandit soovitatakse inimestele, kes soovivad nautida tervet nahka, l\u00e4ikivaid juukseid ning tugevaid liigeseid ja luid. Kas soovite naha vananemisprotsessi edasi l\u00fckata? Valige OstroVit Marine Collagen.<\/p>\n<p><a href=\"https:\/\/fit360.ee\/wp-content\/uploads\/2022\/08\/26006-800x312.webp\"><img loading=\"lazy\" decoding=\"async\" class=\"size-medium wp-image-64434\" src=\"https:\/\/fit360.ee\/wp-content\/uploads\/2022\/08\/26006-800x312.webp\" alt=\"merekollageen marine collagen - fit360.ee\" width=\"800\" height=\"312\" srcset=\"https:\/\/fit360.ee\/wp-content\/uploads\/2022\/08\/26006-800x312.webp 800w, https:\/\/fit360.ee\/wp-content\/uploads\/2022\/08\/26006-510x199.webp 510w, https:\/\/fit360.ee\/wp-content\/uploads\/2022\/08\/26006-768x300.webp 768w, https:\/\/fit360.ee\/wp-content\/uploads\/2022\/08\/26006.webp 922w\" sizes=\"auto, (max-width: 800px) 100vw, 800px\" \/><\/a><\/p>\n<h4><strong>Mis on OstroVit Marine Collagen ja kellele see on m\u00f5eldud?<\/strong><\/h4>\n<p>Kollageen on oluline kudede materjal, mis vastutab nende paindlikkuse ja vastupidavuse eest. See muudab naha h\u00e4sti toonuks, juuksed ja k\u00fc\u00fcned aga tugevaks. Aastate m\u00f6\u00f6dudes loodusliku kollageeni tase langeb ja keha hakkab vananema. Naha pind on t\u00e4itunud esimeste kortsude ja tselluliidiga, mis ei n\u00e4e eriti kena v\u00e4lja. Parim viis kollageenipuuduse probleemi k\u00f5rvaldamiseks on selle t\u00e4iendamine.<\/p>\n<p>Merekollageen pulbri kujul on \u00fcks t\u00f5husamaid kollageeni liike. T\u00e4nu sellele tootele paraneb oluliselt teie naha, juuste ja k\u00fc\u00fcnte seisund. \u00dchest toidulisandi pakendist piisab 2,5-kuuliseks tarbimiseks. Valige OstroVit Marine Collagen, kui:<\/p>\n<ul>\n<li>Soovite saada sileda ja heas toonis nahka<\/li>\n<li>Unistate tugevatest k\u00fc\u00fcntest<\/li>\n<li>Teie juuksed vajavad l\u00e4iget<\/li>\n<li>Soovite kortse ennetada<\/li>\n<li>Teie nahk kuivab kiiresti<\/li>\n<li>Kannatate liigesevalu all<\/li>\n<\/ul>\n<p><strong>Omadused<\/strong>:<\/p>\n<p>Kollageenipuudus, mis avaldub kortsude, tselluliidi ja l\u00f5dva naha kaudu, viib sageli komplekside tekkeni. Kui soovite naha vananemise vastu v\u00f5idelda, valige usaldusv\u00e4\u00e4rne lahendus. OstroVit Marine Collagen toidulisandi regulaarne kasutamine aitab teil turvaliselt saada kauni v\u00e4limuse ja terved luud.<\/p>\n<h4><strong>OstroVit Marine Collagen toidulisandi peamised omadused<\/strong>:<\/h4>\n<p><strong>EFEKTIIVSUS<\/strong> \u2013 merekollageen kalakollageeni peptiidide kujul l\u00e4bib k\u00fc\u00fcnenaha ja j\u00f5uab otse p\u00e4ris nahka. See l\u00e4heb s\u00fcgavale oma struktuuri, tagades loomuliku tugevduse.<br \/>\n<strong>KIIRE ASIMLEERIMINE<\/strong> \u2013 P\u00e4rast tarbimist l\u00e4heb kollageen pulbrilise kollageenh\u00fcdrol\u00fcsaadi kujul otse makku, kus see koheselt vabaneb.<br \/>\n<strong>MUGAV VORM<\/strong> \u2013 pulbriline kollageen on m\u00f5eldud neile, kellel on raskusi pillide neelamisega. Selle tarbimiseks peate lahustama kollageeni vees v\u00f5i oma lemmik mahlas.<br \/>\n<strong>HEA MAITSE<\/strong> &#8211; OstroVit Marine Collagen toidulisand on musts\u00f5stra v\u00f5i pirni maitsega. See sisaldab kala kollageeni peptiide ja magusainena kasutatakse sukraloosi.<\/p>\n<p><strong>Koostisosad<\/strong>: Kala kollageeni peptiidid (h\u00fcdrol\u00fc\u00fcsitud), happesuse regulaator: sidrunhape; musta porgandi kontsentraat pulbrina; aroom, magusained: sukraloos, atsesulfaam K.<\/p>\n<p><strong>Kasutamine<\/strong>: Lahustage \u00fcks portsjon toodet 2700 mg (5 lusikat\u00e4it) 100-150 ml vees. Palun kasutage pakendis olevat m\u00f5\u00f5tetopsi (1 ml). V\u00f5tke \u00fcks portsjon p\u00e4evas.<\/p>\n<p><strong>Suurus<\/strong>: 200g &#8211; 74 serveeringut.<\/p>\n<section class=\"projector__description--nutritional row\" data-selector=\".--nutritional\">\n<div class=\"col-12 col-md-10 col-lg-8\">\n<div class=\"--nutrit\">\n<div class=\"nutrition_table_wrapper\">\n<div class=\"table_wrapper\">\n<table>\n<tbody>\n<tr>\n<th>Aktiivsed Toimeained<\/th>\n<th>1 serveeringu kohta<\/th>\n<th>100 g<\/th>\n<\/tr>\n<tr>\n<td>Kala kollageeni peptiidid (h\u00fcdrol\u00fc\u00fcsitud)<\/td>\n<td>2200 mg<\/td>\n<td>81.48 g<\/td>\n<\/tr>\n<\/tbody>\n<\/table>\n<\/div>\n<\/div>\n<\/div>\n<\/div>\n<\/section>\n<div class=\"--label col-12\"><\/div>\n<div>Vaata ka meie Teisi Kollageene <a href=\"https:\/\/fit360.ee\/en\/product-category\/product-groups\/collagen-en\/\"><strong>SIIT<\/strong><\/a>!<\/div>\n<div><\/div>\n<div>Soovid teha suuremat tellimust? Vaata antud toodet meie HULGI lehelt\u00a0<a href=\"https:\/\/toidulisandidhulgi.ee\/product\/marine-collagen-200g\/\"><strong>SIIT<\/strong><\/a>!<\/div>\n","protected":false},"excerpt":{"rendered":"<p>Valige <strong>OstroVit Marine Collagen<\/strong>, kui:<\/p>\n<ul>\n<li>Soovite saada sileda ja heas toonis nahka<\/li>\n<li>Unistate tugevatest k\u00fc\u00fcntest<\/li>\n<li>Teie juuksed vajavad l\u00e4iget<\/li>\n<li>Soovite kortse ennetada<\/li>\n<li>Teie nahk kuivab kiiresti<\/li>\n<li>Kannatate liigesevalu all<\/li>\n<\/ul>\n","protected":false},"featured_media":84526,"comment_status":"closed","ping_status":"closed","template":"","meta":[],"product_brand":[],"product_cat":[1636,527,1329,1454],"product_tag":[3923,3924,1924],"giftcard-category":[],"class_list":{"0":"post-64441","1":"product","2":"type-product","3":"status-publish","4":"has-post-thumbnail","6":"product_cat-collagen-en","7":"product_cat-joint-support-en","8":"product_cat-ostrovit-en","9":"product_cat-superfoods-health-foods-en","10":"product_tag-marine-collagen-en","11":"product_tag-merekollageen-en","12":"product_tag-ostrovit-en","13":"pa_maitse-black-currant","14":"pa_maitse-natural","16":"first","17":"instock","18":"sale","19":"taxable","20":"shipping-taxable","21":"purchasable","22":"product-type-variable"},"yoast_head":"<!-- This site is optimized with the Yoast SEO plugin v27.3 - https:\/\/yoast.com\/product\/yoast-seo-wordpress\/ -->\n<title>Marine Collagen - Merekollageen (200g) - Kiire Tarne - Fit360<\/title>\n<meta name=\"description\" content=\"Marine Collagen - Merekollageen pulbri kujul on \u00fcks t\u00f5husamaid kollageeni liike. T\u00e4nu sellele tootele paraneb oluliselt teie naha, juuste ja k\u00fc\u00fcnte seisund.\" \/>\n<meta name=\"robots\" content=\"index, follow, max-snippet:-1, max-image-preview:large, max-video-preview:-1\" \/>\n<link rel=\"canonical\" href=\"https:\/\/fit360.ee\/en\/pood\/product-groups\/joint-support-en\/marine-collagen-200g\/\" \/>\n<meta property=\"og:locale\" content=\"en_US\" \/>\n<meta property=\"og:type\" content=\"article\" \/>\n<meta property=\"og:title\" content=\"Marine Collagen - Merekollageen (200g) - Kiire Tarne - Fit360\" \/>\n<meta property=\"og:description\" content=\"Marine Collagen - Merekollageen pulbri kujul on \u00fcks t\u00f5husamaid kollageeni liike. T\u00e4nu sellele tootele paraneb oluliselt teie naha, juuste ja k\u00fc\u00fcnte seisund.\" \/>\n<meta property=\"og:url\" content=\"https:\/\/fit360.ee\/en\/pood\/product-groups\/joint-support-en\/marine-collagen-200g\/\" \/>\n<meta property=\"og:site_name\" content=\"Fit360\" \/>\n<meta property=\"article:modified_time\" content=\"2026-04-10T14:41:26+00:00\" \/>\n<meta property=\"og:image\" content=\"https:\/\/fit360.ee\/wp-content\/uploads\/2022\/08\/marine-collagen-merekollageen-fit360.ee-1.png\" \/>\n\t<meta property=\"og:image:width\" content=\"450\" \/>\n\t<meta property=\"og:image:height\" content=\"450\" \/>\n\t<meta property=\"og:image:type\" content=\"image\/png\" \/>\n<meta name=\"twitter:card\" content=\"summary_large_image\" \/>\n<meta name=\"twitter:label1\" content=\"Est. reading time\" \/>\n\t<meta name=\"twitter:data1\" content=\"3 minutes\" \/>\n<script type=\"application\/ld+json\" class=\"yoast-schema-graph\">{\"@context\":\"https:\\\/\\\/schema.org\",\"@graph\":[{\"@type\":\"WebPage\",\"@id\":\"https:\\\/\\\/fit360.ee\\\/en\\\/pood\\\/product-groups\\\/joint-support-en\\\/marine-collagen-200g\\\/\",\"url\":\"https:\\\/\\\/fit360.ee\\\/en\\\/pood\\\/product-groups\\\/joint-support-en\\\/marine-collagen-200g\\\/\",\"name\":\"Marine Collagen - Merekollageen (200g) - Kiire Tarne - Fit360\",\"isPartOf\":{\"@id\":\"https:\\\/\\\/fit360.ee\\\/en\\\/#website\"},\"primaryImageOfPage\":{\"@id\":\"https:\\\/\\\/fit360.ee\\\/en\\\/pood\\\/product-groups\\\/joint-support-en\\\/marine-collagen-200g\\\/#primaryimage\"},\"image\":{\"@id\":\"https:\\\/\\\/fit360.ee\\\/en\\\/pood\\\/product-groups\\\/joint-support-en\\\/marine-collagen-200g\\\/#primaryimage\"},\"thumbnailUrl\":\"https:\\\/\\\/fit360.ee\\\/wp-content\\\/uploads\\\/2022\\\/08\\\/marine-collagen-merekollageen-fit360.ee-1.png\",\"datePublished\":\"2022-08-24T15:00:36+00:00\",\"dateModified\":\"2026-04-10T14:41:26+00:00\",\"description\":\"Marine Collagen - Merekollageen pulbri kujul on \u00fcks t\u00f5husamaid kollageeni liike. T\u00e4nu sellele tootele paraneb oluliselt teie naha, juuste ja k\u00fc\u00fcnte seisund.\",\"breadcrumb\":{\"@id\":\"https:\\\/\\\/fit360.ee\\\/en\\\/pood\\\/product-groups\\\/joint-support-en\\\/marine-collagen-200g\\\/#breadcrumb\"},\"inLanguage\":\"en-US\",\"potentialAction\":[{\"@type\":\"ReadAction\",\"target\":[\"https:\\\/\\\/fit360.ee\\\/en\\\/pood\\\/product-groups\\\/joint-support-en\\\/marine-collagen-200g\\\/\"]}]},{\"@type\":\"ImageObject\",\"inLanguage\":\"en-US\",\"@id\":\"https:\\\/\\\/fit360.ee\\\/en\\\/pood\\\/product-groups\\\/joint-support-en\\\/marine-collagen-200g\\\/#primaryimage\",\"url\":\"https:\\\/\\\/fit360.ee\\\/wp-content\\\/uploads\\\/2022\\\/08\\\/marine-collagen-merekollageen-fit360.ee-1.png\",\"contentUrl\":\"https:\\\/\\\/fit360.ee\\\/wp-content\\\/uploads\\\/2022\\\/08\\\/marine-collagen-merekollageen-fit360.ee-1.png\",\"width\":450,\"height\":450,\"caption\":\"marine collagen merekollageen - fit360.ee\"},{\"@type\":\"BreadcrumbList\",\"@id\":\"https:\\\/\\\/fit360.ee\\\/en\\\/pood\\\/product-groups\\\/joint-support-en\\\/marine-collagen-200g\\\/#breadcrumb\",\"itemListElement\":[{\"@type\":\"ListItem\",\"position\":1,\"name\":\"Home\",\"item\":\"https:\\\/\\\/fit360.ee\\\/en\\\/\"},{\"@type\":\"ListItem\",\"position\":2,\"name\":\"Shop\",\"item\":\"https:\\\/\\\/fit360.ee\\\/en\\\/shop\\\/\"},{\"@type\":\"ListItem\",\"position\":3,\"name\":\"Marine Collagen &#8211; Merekollageen (200g)\"}]},{\"@type\":\"WebSite\",\"@id\":\"https:\\\/\\\/fit360.ee\\\/en\\\/#website\",\"url\":\"https:\\\/\\\/fit360.ee\\\/en\\\/\",\"name\":\"Fit360\",\"description\":\"\",\"publisher\":{\"@id\":\"https:\\\/\\\/fit360.ee\\\/en\\\/#organization\"},\"potentialAction\":[{\"@type\":\"SearchAction\",\"target\":{\"@type\":\"EntryPoint\",\"urlTemplate\":\"https:\\\/\\\/fit360.ee\\\/en\\\/?s={search_term_string}\"},\"query-input\":{\"@type\":\"PropertyValueSpecification\",\"valueRequired\":true,\"valueName\":\"search_term_string\"}}],\"inLanguage\":\"en-US\"},{\"@type\":\"Organization\",\"@id\":\"https:\\\/\\\/fit360.ee\\\/en\\\/#organization\",\"name\":\"Fit360\",\"url\":\"https:\\\/\\\/fit360.ee\\\/en\\\/\",\"logo\":{\"@type\":\"ImageObject\",\"inLanguage\":\"en-US\",\"@id\":\"https:\\\/\\\/fit360.ee\\\/en\\\/#\\\/schema\\\/logo\\\/image\\\/\",\"url\":\"https:\\\/\\\/fit360.ee\\\/wp-content\\\/uploads\\\/2017\\\/01\\\/logo-fit360.png\",\"contentUrl\":\"https:\\\/\\\/fit360.ee\\\/wp-content\\\/uploads\\\/2017\\\/01\\\/logo-fit360.png\",\"width\":180,\"height\":66,\"caption\":\"Fit360\"},\"image\":{\"@id\":\"https:\\\/\\\/fit360.ee\\\/en\\\/#\\\/schema\\\/logo\\\/image\\\/\"}}]}<\/script>\n<!-- \/ Yoast SEO plugin. -->","yoast_head_json":{"title":"Marine Collagen - Merekollageen (200g) - Kiire Tarne - Fit360","description":"Marine Collagen - Merekollageen pulbri kujul on \u00fcks t\u00f5husamaid kollageeni liike. T\u00e4nu sellele tootele paraneb oluliselt teie naha, juuste ja k\u00fc\u00fcnte seisund.","robots":{"index":"index","follow":"follow","max-snippet":"max-snippet:-1","max-image-preview":"max-image-preview:large","max-video-preview":"max-video-preview:-1"},"canonical":"https:\/\/fit360.ee\/en\/pood\/product-groups\/joint-support-en\/marine-collagen-200g\/","og_locale":"en_US","og_type":"article","og_title":"Marine Collagen - Merekollageen (200g) - Kiire Tarne - Fit360","og_description":"Marine Collagen - Merekollageen pulbri kujul on \u00fcks t\u00f5husamaid kollageeni liike. T\u00e4nu sellele tootele paraneb oluliselt teie naha, juuste ja k\u00fc\u00fcnte seisund.","og_url":"https:\/\/fit360.ee\/en\/pood\/product-groups\/joint-support-en\/marine-collagen-200g\/","og_site_name":"Fit360","article_modified_time":"2026-04-10T14:41:26+00:00","og_image":[{"width":450,"height":450,"url":"https:\/\/fit360.ee\/wp-content\/uploads\/2022\/08\/marine-collagen-merekollageen-fit360.ee-1.png","type":"image\/png"}],"twitter_card":"summary_large_image","twitter_misc":{"Est. reading time":"3 minutes"},"schema":{"@context":"https:\/\/schema.org","@graph":[{"@type":"WebPage","@id":"https:\/\/fit360.ee\/en\/pood\/product-groups\/joint-support-en\/marine-collagen-200g\/","url":"https:\/\/fit360.ee\/en\/pood\/product-groups\/joint-support-en\/marine-collagen-200g\/","name":"Marine Collagen - Merekollageen (200g) - Kiire Tarne - Fit360","isPartOf":{"@id":"https:\/\/fit360.ee\/en\/#website"},"primaryImageOfPage":{"@id":"https:\/\/fit360.ee\/en\/pood\/product-groups\/joint-support-en\/marine-collagen-200g\/#primaryimage"},"image":{"@id":"https:\/\/fit360.ee\/en\/pood\/product-groups\/joint-support-en\/marine-collagen-200g\/#primaryimage"},"thumbnailUrl":"https:\/\/fit360.ee\/wp-content\/uploads\/2022\/08\/marine-collagen-merekollageen-fit360.ee-1.png","datePublished":"2022-08-24T15:00:36+00:00","dateModified":"2026-04-10T14:41:26+00:00","description":"Marine Collagen - Merekollageen pulbri kujul on \u00fcks t\u00f5husamaid kollageeni liike. T\u00e4nu sellele tootele paraneb oluliselt teie naha, juuste ja k\u00fc\u00fcnte seisund.","breadcrumb":{"@id":"https:\/\/fit360.ee\/en\/pood\/product-groups\/joint-support-en\/marine-collagen-200g\/#breadcrumb"},"inLanguage":"en-US","potentialAction":[{"@type":"ReadAction","target":["https:\/\/fit360.ee\/en\/pood\/product-groups\/joint-support-en\/marine-collagen-200g\/"]}]},{"@type":"ImageObject","inLanguage":"en-US","@id":"https:\/\/fit360.ee\/en\/pood\/product-groups\/joint-support-en\/marine-collagen-200g\/#primaryimage","url":"https:\/\/fit360.ee\/wp-content\/uploads\/2022\/08\/marine-collagen-merekollageen-fit360.ee-1.png","contentUrl":"https:\/\/fit360.ee\/wp-content\/uploads\/2022\/08\/marine-collagen-merekollageen-fit360.ee-1.png","width":450,"height":450,"caption":"marine collagen merekollageen - fit360.ee"},{"@type":"BreadcrumbList","@id":"https:\/\/fit360.ee\/en\/pood\/product-groups\/joint-support-en\/marine-collagen-200g\/#breadcrumb","itemListElement":[{"@type":"ListItem","position":1,"name":"Home","item":"https:\/\/fit360.ee\/en\/"},{"@type":"ListItem","position":2,"name":"Shop","item":"https:\/\/fit360.ee\/en\/shop\/"},{"@type":"ListItem","position":3,"name":"Marine Collagen &#8211; Merekollageen (200g)"}]},{"@type":"WebSite","@id":"https:\/\/fit360.ee\/en\/#website","url":"https:\/\/fit360.ee\/en\/","name":"Fit360","description":"","publisher":{"@id":"https:\/\/fit360.ee\/en\/#organization"},"potentialAction":[{"@type":"SearchAction","target":{"@type":"EntryPoint","urlTemplate":"https:\/\/fit360.ee\/en\/?s={search_term_string}"},"query-input":{"@type":"PropertyValueSpecification","valueRequired":true,"valueName":"search_term_string"}}],"inLanguage":"en-US"},{"@type":"Organization","@id":"https:\/\/fit360.ee\/en\/#organization","name":"Fit360","url":"https:\/\/fit360.ee\/en\/","logo":{"@type":"ImageObject","inLanguage":"en-US","@id":"https:\/\/fit360.ee\/en\/#\/schema\/logo\/image\/","url":"https:\/\/fit360.ee\/wp-content\/uploads\/2017\/01\/logo-fit360.png","contentUrl":"https:\/\/fit360.ee\/wp-content\/uploads\/2017\/01\/logo-fit360.png","width":180,"height":66,"caption":"Fit360"},"image":{"@id":"https:\/\/fit360.ee\/en\/#\/schema\/logo\/image\/"}}]}},"_links":{"self":[{"href":"https:\/\/fit360.ee\/en\/wp-json\/wp\/v2\/product\/64441","targetHints":{"allow":["GET"]}}],"collection":[{"href":"https:\/\/fit360.ee\/en\/wp-json\/wp\/v2\/product"}],"about":[{"href":"https:\/\/fit360.ee\/en\/wp-json\/wp\/v2\/types\/product"}],"replies":[{"embeddable":true,"href":"https:\/\/fit360.ee\/en\/wp-json\/wp\/v2\/comments?post=64441"}],"wp:featuredmedia":[{"embeddable":true,"href":"https:\/\/fit360.ee\/en\/wp-json\/wp\/v2\/media\/84526"}],"wp:attachment":[{"href":"https:\/\/fit360.ee\/en\/wp-json\/wp\/v2\/media?parent=64441"}],"wp:term":[{"taxonomy":"product_brand","embeddable":true,"href":"https:\/\/fit360.ee\/en\/wp-json\/wp\/v2\/product_brand?post=64441"},{"taxonomy":"product_cat","embeddable":true,"href":"https:\/\/fit360.ee\/en\/wp-json\/wp\/v2\/product_cat?post=64441"},{"taxonomy":"product_tag","embeddable":true,"href":"https:\/\/fit360.ee\/en\/wp-json\/wp\/v2\/product_tag?post=64441"},{"taxonomy":"giftcard-category","embeddable":true,"href":"https:\/\/fit360.ee\/en\/wp-json\/wp\/v2\/giftcard-category?post=64441"}],"curies":[{"name":"wp","href":"https:\/\/api.w.org\/{rel}","templated":true}]}}