{"id":64458,"date":"2022-08-25T16:10:58","date_gmt":"2022-08-25T14:10:58","guid":{"rendered":"https:\/\/fit360.ee\/pood\/uncategorized\/merekollageen-1020mg\/"},"modified":"2025-08-19T09:17:31","modified_gmt":"2025-08-19T07:17:31","slug":"merekollageen-1020mg","status":"publish","type":"product","link":"https:\/\/fit360.ee\/en\/pood\/product-groups\/joint-support-en\/merekollageen-1020mg\/","title":{"rendered":"Marine Collagen &#8211; Merekollageen 1020mg (90caps)"},"content":{"rendered":"<h1><strong>Merekollageen<\/strong><\/h1>\n<p>OstroVit Merekollageen ehk Marine Collagen 1020 mg on kalakollageeni peptiide sisaldav toidulisand kapslites. Toode on loodud k\u00f5ikidele inimestele, kes hoolivad ilusast ja tervest naha v\u00e4ljan\u00e4gemisest, samuti sporti tegevatele inimestele, p\u00e4rast spordivigastusi v\u00f5i intensiivset f\u00fc\u00fcsilist pingutust, luumurdude j\u00e4rgsel taastumisperioodil ja kahjustatud liigeste taastamiseks.<\/p>\n<ul>\n<li>Pakendis 90 kapslit<\/li>\n<li>1 portsjon = 2 kapslit<\/li>\n<li>Ptootest piisab 45 p\u00e4evaks<\/li>\n<li>2040 mg merekollageeni \u00fches portsjonis<\/li>\n<\/ul>\n<figure id=\"attachment_64454\" aria-describedby=\"caption-attachment-64454\" style=\"width: 800px\" class=\"wp-caption alignnone\"><a href=\"https:\/\/fit360.ee\/wp-content\/uploads\/2022\/08\/ezgif.com-gif-maker-8-800x312.jpg\"><img loading=\"lazy\" decoding=\"async\" class=\"size-medium wp-image-64454\" src=\"https:\/\/fit360.ee\/wp-content\/uploads\/2022\/08\/ezgif.com-gif-maker-8-800x312.jpg\" alt=\"Marine collagen ostrovit - fit360.ee\" width=\"800\" height=\"312\" srcset=\"https:\/\/fit360.ee\/wp-content\/uploads\/2022\/08\/ezgif.com-gif-maker-8-800x312.jpg 800w, https:\/\/fit360.ee\/wp-content\/uploads\/2022\/08\/ezgif.com-gif-maker-8-510x199.jpg 510w, https:\/\/fit360.ee\/wp-content\/uploads\/2022\/08\/ezgif.com-gif-maker-8-768x300.jpg 768w, https:\/\/fit360.ee\/wp-content\/uploads\/2022\/08\/ezgif.com-gif-maker-8.jpg 922w\" sizes=\"auto, (max-width: 800px) 100vw, 800px\" \/><\/a><figcaption id=\"caption-attachment-64454\" class=\"wp-caption-text\"><strong style=\"font-size: 14.4px;\">OstroVit merekollageen 1020 mg<\/strong><\/figcaption><\/figure>\n<p><a href=\"https:\/\/fit360.ee\/en\/product-category\/product-groups\/collagen-en\/\"><strong>Kollageen<\/strong><\/a> \u2013 on \u00fcks t\u00e4htsamaid valke, mida inimkehas leidub. Seda leidub peaaegu k\u00f5igis inimese kudedes. See on muu hulgas naha, k\u00f5\u00f5luste, luude, liigeste ja silma sarvkesta p\u00f5hiline ehitusmaterjal. Vastutab s\u00fcnoviaalvedeliku tootmise, k\u00f5hre elastsuse ja k\u00f5vaduse, naha niisutamise ja epidermise korraliku uuenemise eest. See m\u00f5jutab sidekoe sidusust, tugevust ja elastsust. Sellel on ka ainulaadne v\u00f5ime siduda vett, t\u00e4nu millele s\u00e4ilitab nahk \u00f5ige tugevuse, elastsuse ja pinge. P\u00e4rast 26. eluaastat kollageenikiudude hulk loomulikult v\u00e4heneb ja kehal kaob v\u00f5ime neid uuesti \u00fcles ehitada. Suurenenud f\u00fc\u00fcsiline aktiivsus intensiivistab lisaks kollageeni h\u00e4vitamise protsessi, mist\u00f5ttu on selle t\u00e4iendamine intensiivse treeningu ja treeningu ajal v\u00e4ga oluline. Kollageenipuudus p\u00f5hjustab liikumish\u00e4ireid, liigeste j\u00e4ikust ja l\u00fclisambavalusid, tekivad kortsud ja tselluliit, v\u00e4heneb naha niisutus ja tugevus.<\/p>\n<p><strong>Omadused:<\/strong><\/p>\n<ul>\n<li>Kollageen suurendab kollageenikiudude s\u00fcnteesi<\/li>\n<li>Kollageen tugevdab luid ja liigeseid<\/li>\n<li>Kollageen s\u00e4ilitab naha \u00f5ige tugevuse, elastsuse ja pinge<\/li>\n<li>Kollageen p\u00e4rsib kortsude ja tselluliidi teket<\/li>\n<li>T\u00e4iendus v\u00f5ib aidata suurendada naha elastsust<\/li>\n<\/ul>\n<p><strong>Laboratoorselt kinnitatud kvaliteet<\/strong><\/p>\n<p>Klientide tervise huvides testitakse meie toodetud tooteid regulaarselt s\u00f5ltumatus akrediteeritud laboris, et tagada ja s\u00e4ilitada k\u00f5rgeim kvaliteet.<\/p>\n<p><strong>Merekollageen Koostisosad<\/strong>: Kala kollageeni peptiidid (h\u00fcdrol\u00fc\u00fcsitud), kapsli kest (\u017eelatiin, puhastatud vesi).<\/p>\n<p><strong>Kasutamine<\/strong>: V\u00f5tke 1 portsjon (2 kapslit) p\u00e4evas.<\/p>\n<p><strong>Suurus:<\/strong> 90 kapslit &#8211; 45 serveeringut<\/p>\n<section class=\"projector__description--nutritional row\" data-selector=\".--nutritional\">\n<div class=\"col-12 col-md-10 col-lg-8\">\n<div class=\"--nutrit\">\n<div class=\"nutrition_table_wrapper\">\n<div class=\"table_wrapper\">\n<table>\n<tbody>\n<tr>\n<th>Aktiivsed Toimeained<\/th>\n<th>2 kapslit &#8211; 1 serveering<\/th>\n<\/tr>\n<tr>\n<td>Merekollageen &#8211; Kala kollageeni peptiidid (h\u00fcdrol\u00fc\u00fcsitud)<\/td>\n<td>2040 mg<\/td>\n<\/tr>\n<\/tbody>\n<\/table>\n<\/div>\n<\/div>\n<\/div>\n<\/div>\n<\/section>\n<div class=\"--label col-12\"><\/div>\n<div>Vaata ka meie Teisi Kollageene <a href=\"https:\/\/fit360.ee\/en\/product-category\/product-groups\/collagen-en\/\"><strong>SIIT<\/strong><\/a>!<\/div>\n<div><\/div>\n<div>Soovid teha suuremat tellimust? Vaata antud toodet meie HULGI lehelt\u00a0<a href=\"https:\/\/toidulisandidhulgi.ee\/product\/merekollageen-1020mg\/\"><strong>SIIT<\/strong><\/a>!<\/div>\n","protected":false},"excerpt":{"rendered":"<ul>\n<li>Pakendis 90 kapslit<\/li>\n<li>1 portsjon = 2 kapslit<\/li>\n<li>Ptootest piisab 45 p\u00e4evaks<\/li>\n<li>2040 mg merekollageeni \u00fches portsjonis<\/li>\n<\/ul>\n","protected":false},"featured_media":84528,"comment_status":"closed","ping_status":"closed","template":"","meta":[],"product_brand":[],"product_cat":[1636,527,1329,1454],"product_tag":[3923,3924,1924],"giftcard-category":[],"class_list":{"0":"post-64458","1":"product","2":"type-product","3":"status-publish","4":"has-post-thumbnail","6":"product_cat-collagen-en","7":"product_cat-joint-support-en","8":"product_cat-ostrovit-en","9":"product_cat-superfoods-health-foods-en","10":"product_tag-marine-collagen-en","11":"product_tag-merekollageen-en","12":"product_tag-ostrovit-en","13":"pa_kogus-90-capsules","14":"pa_toidulisand-branddd-ostrovit","15":"pa_tootegruppp-for-joints","16":"pa_tootegruppp-kollageenid-en","17":"pa_tootegruppp-supertoit-tervisetoit-en","19":"first","20":"instock","21":"sale","22":"taxable","23":"shipping-taxable","24":"purchasable","25":"product-type-simple"},"yoast_head":"<!-- This site is optimized with the Yoast SEO plugin v27.3 - https:\/\/yoast.com\/product\/yoast-seo-wordpress\/ -->\n<title>Marine Collagen - Merekollageen 1020mg (90caps) - Kiire Tarne<\/title>\n<meta name=\"description\" content=\"Merekollageen on loodud k\u00f5ikidele inimestele, kes hoolivad ilusast ja tervest nahast, samuti sporti tegevatele inimestele, p\u00e4rast spordivigastusi v\u00f5i inte..\" \/>\n<meta name=\"robots\" content=\"index, follow, max-snippet:-1, max-image-preview:large, max-video-preview:-1\" \/>\n<link rel=\"canonical\" href=\"https:\/\/fit360.ee\/en\/pood\/product-groups\/joint-support-en\/merekollageen-1020mg\/\" \/>\n<meta property=\"og:locale\" content=\"en_US\" \/>\n<meta property=\"og:type\" content=\"article\" \/>\n<meta property=\"og:title\" content=\"Marine Collagen - Merekollageen 1020mg (90caps) - Kiire Tarne\" \/>\n<meta property=\"og:description\" content=\"Merekollageen on loodud k\u00f5ikidele inimestele, kes hoolivad ilusast ja tervest nahast, samuti sporti tegevatele inimestele, p\u00e4rast spordivigastusi v\u00f5i inte..\" \/>\n<meta property=\"og:url\" content=\"https:\/\/fit360.ee\/en\/pood\/product-groups\/joint-support-en\/merekollageen-1020mg\/\" \/>\n<meta property=\"og:site_name\" content=\"Fit360\" \/>\n<meta property=\"article:modified_time\" content=\"2025-08-19T07:17:31+00:00\" \/>\n<meta property=\"og:image\" content=\"https:\/\/fit360.ee\/wp-content\/uploads\/2022\/08\/merekollageen-marine-collagen-fit360.ee_.png\" \/>\n\t<meta property=\"og:image:width\" content=\"450\" \/>\n\t<meta property=\"og:image:height\" content=\"450\" \/>\n\t<meta property=\"og:image:type\" content=\"image\/png\" \/>\n<meta name=\"twitter:card\" content=\"summary_large_image\" \/>\n<meta name=\"twitter:label1\" content=\"Est. reading time\" \/>\n\t<meta name=\"twitter:data1\" content=\"2 minutes\" \/>\n<script type=\"application\/ld+json\" class=\"yoast-schema-graph\">{\"@context\":\"https:\\\/\\\/schema.org\",\"@graph\":[{\"@type\":\"WebPage\",\"@id\":\"https:\\\/\\\/fit360.ee\\\/en\\\/pood\\\/product-groups\\\/joint-support-en\\\/merekollageen-1020mg\\\/\",\"url\":\"https:\\\/\\\/fit360.ee\\\/en\\\/pood\\\/product-groups\\\/joint-support-en\\\/merekollageen-1020mg\\\/\",\"name\":\"Marine Collagen - Merekollageen 1020mg (90caps) - Kiire Tarne\",\"isPartOf\":{\"@id\":\"https:\\\/\\\/fit360.ee\\\/en\\\/#website\"},\"primaryImageOfPage\":{\"@id\":\"https:\\\/\\\/fit360.ee\\\/en\\\/pood\\\/product-groups\\\/joint-support-en\\\/merekollageen-1020mg\\\/#primaryimage\"},\"image\":{\"@id\":\"https:\\\/\\\/fit360.ee\\\/en\\\/pood\\\/product-groups\\\/joint-support-en\\\/merekollageen-1020mg\\\/#primaryimage\"},\"thumbnailUrl\":\"https:\\\/\\\/fit360.ee\\\/wp-content\\\/uploads\\\/2022\\\/08\\\/merekollageen-marine-collagen-fit360.ee_.png\",\"datePublished\":\"2022-08-25T14:10:58+00:00\",\"dateModified\":\"2025-08-19T07:17:31+00:00\",\"description\":\"Merekollageen on loodud k\u00f5ikidele inimestele, kes hoolivad ilusast ja tervest nahast, samuti sporti tegevatele inimestele, p\u00e4rast spordivigastusi v\u00f5i inte..\",\"breadcrumb\":{\"@id\":\"https:\\\/\\\/fit360.ee\\\/en\\\/pood\\\/product-groups\\\/joint-support-en\\\/merekollageen-1020mg\\\/#breadcrumb\"},\"inLanguage\":\"en-US\",\"potentialAction\":[{\"@type\":\"ReadAction\",\"target\":[\"https:\\\/\\\/fit360.ee\\\/en\\\/pood\\\/product-groups\\\/joint-support-en\\\/merekollageen-1020mg\\\/\"]}]},{\"@type\":\"ImageObject\",\"inLanguage\":\"en-US\",\"@id\":\"https:\\\/\\\/fit360.ee\\\/en\\\/pood\\\/product-groups\\\/joint-support-en\\\/merekollageen-1020mg\\\/#primaryimage\",\"url\":\"https:\\\/\\\/fit360.ee\\\/wp-content\\\/uploads\\\/2022\\\/08\\\/merekollageen-marine-collagen-fit360.ee_.png\",\"contentUrl\":\"https:\\\/\\\/fit360.ee\\\/wp-content\\\/uploads\\\/2022\\\/08\\\/merekollageen-marine-collagen-fit360.ee_.png\",\"width\":450,\"height\":450,\"caption\":\"merekollageen marine collagen - fit360.ee\"},{\"@type\":\"BreadcrumbList\",\"@id\":\"https:\\\/\\\/fit360.ee\\\/en\\\/pood\\\/product-groups\\\/joint-support-en\\\/merekollageen-1020mg\\\/#breadcrumb\",\"itemListElement\":[{\"@type\":\"ListItem\",\"position\":1,\"name\":\"Home\",\"item\":\"https:\\\/\\\/fit360.ee\\\/en\\\/\"},{\"@type\":\"ListItem\",\"position\":2,\"name\":\"Shop\",\"item\":\"https:\\\/\\\/fit360.ee\\\/en\\\/shop\\\/\"},{\"@type\":\"ListItem\",\"position\":3,\"name\":\"Marine Collagen &#8211; Merekollageen 1020mg (90caps)\"}]},{\"@type\":\"WebSite\",\"@id\":\"https:\\\/\\\/fit360.ee\\\/en\\\/#website\",\"url\":\"https:\\\/\\\/fit360.ee\\\/en\\\/\",\"name\":\"Fit360\",\"description\":\"\",\"publisher\":{\"@id\":\"https:\\\/\\\/fit360.ee\\\/en\\\/#organization\"},\"potentialAction\":[{\"@type\":\"SearchAction\",\"target\":{\"@type\":\"EntryPoint\",\"urlTemplate\":\"https:\\\/\\\/fit360.ee\\\/en\\\/?s={search_term_string}\"},\"query-input\":{\"@type\":\"PropertyValueSpecification\",\"valueRequired\":true,\"valueName\":\"search_term_string\"}}],\"inLanguage\":\"en-US\"},{\"@type\":\"Organization\",\"@id\":\"https:\\\/\\\/fit360.ee\\\/en\\\/#organization\",\"name\":\"Fit360\",\"url\":\"https:\\\/\\\/fit360.ee\\\/en\\\/\",\"logo\":{\"@type\":\"ImageObject\",\"inLanguage\":\"en-US\",\"@id\":\"https:\\\/\\\/fit360.ee\\\/en\\\/#\\\/schema\\\/logo\\\/image\\\/\",\"url\":\"https:\\\/\\\/fit360.ee\\\/wp-content\\\/uploads\\\/2017\\\/01\\\/logo-fit360.png\",\"contentUrl\":\"https:\\\/\\\/fit360.ee\\\/wp-content\\\/uploads\\\/2017\\\/01\\\/logo-fit360.png\",\"width\":180,\"height\":66,\"caption\":\"Fit360\"},\"image\":{\"@id\":\"https:\\\/\\\/fit360.ee\\\/en\\\/#\\\/schema\\\/logo\\\/image\\\/\"}}]}<\/script>\n<!-- \/ Yoast SEO plugin. -->","yoast_head_json":{"title":"Marine Collagen - Merekollageen 1020mg (90caps) - Kiire Tarne","description":"Merekollageen on loodud k\u00f5ikidele inimestele, kes hoolivad ilusast ja tervest nahast, samuti sporti tegevatele inimestele, p\u00e4rast spordivigastusi v\u00f5i inte..","robots":{"index":"index","follow":"follow","max-snippet":"max-snippet:-1","max-image-preview":"max-image-preview:large","max-video-preview":"max-video-preview:-1"},"canonical":"https:\/\/fit360.ee\/en\/pood\/product-groups\/joint-support-en\/merekollageen-1020mg\/","og_locale":"en_US","og_type":"article","og_title":"Marine Collagen - Merekollageen 1020mg (90caps) - Kiire Tarne","og_description":"Merekollageen on loodud k\u00f5ikidele inimestele, kes hoolivad ilusast ja tervest nahast, samuti sporti tegevatele inimestele, p\u00e4rast spordivigastusi v\u00f5i inte..","og_url":"https:\/\/fit360.ee\/en\/pood\/product-groups\/joint-support-en\/merekollageen-1020mg\/","og_site_name":"Fit360","article_modified_time":"2025-08-19T07:17:31+00:00","og_image":[{"width":450,"height":450,"url":"https:\/\/fit360.ee\/wp-content\/uploads\/2022\/08\/merekollageen-marine-collagen-fit360.ee_.png","type":"image\/png"}],"twitter_card":"summary_large_image","twitter_misc":{"Est. reading time":"2 minutes"},"schema":{"@context":"https:\/\/schema.org","@graph":[{"@type":"WebPage","@id":"https:\/\/fit360.ee\/en\/pood\/product-groups\/joint-support-en\/merekollageen-1020mg\/","url":"https:\/\/fit360.ee\/en\/pood\/product-groups\/joint-support-en\/merekollageen-1020mg\/","name":"Marine Collagen - Merekollageen 1020mg (90caps) - Kiire Tarne","isPartOf":{"@id":"https:\/\/fit360.ee\/en\/#website"},"primaryImageOfPage":{"@id":"https:\/\/fit360.ee\/en\/pood\/product-groups\/joint-support-en\/merekollageen-1020mg\/#primaryimage"},"image":{"@id":"https:\/\/fit360.ee\/en\/pood\/product-groups\/joint-support-en\/merekollageen-1020mg\/#primaryimage"},"thumbnailUrl":"https:\/\/fit360.ee\/wp-content\/uploads\/2022\/08\/merekollageen-marine-collagen-fit360.ee_.png","datePublished":"2022-08-25T14:10:58+00:00","dateModified":"2025-08-19T07:17:31+00:00","description":"Merekollageen on loodud k\u00f5ikidele inimestele, kes hoolivad ilusast ja tervest nahast, samuti sporti tegevatele inimestele, p\u00e4rast spordivigastusi v\u00f5i inte..","breadcrumb":{"@id":"https:\/\/fit360.ee\/en\/pood\/product-groups\/joint-support-en\/merekollageen-1020mg\/#breadcrumb"},"inLanguage":"en-US","potentialAction":[{"@type":"ReadAction","target":["https:\/\/fit360.ee\/en\/pood\/product-groups\/joint-support-en\/merekollageen-1020mg\/"]}]},{"@type":"ImageObject","inLanguage":"en-US","@id":"https:\/\/fit360.ee\/en\/pood\/product-groups\/joint-support-en\/merekollageen-1020mg\/#primaryimage","url":"https:\/\/fit360.ee\/wp-content\/uploads\/2022\/08\/merekollageen-marine-collagen-fit360.ee_.png","contentUrl":"https:\/\/fit360.ee\/wp-content\/uploads\/2022\/08\/merekollageen-marine-collagen-fit360.ee_.png","width":450,"height":450,"caption":"merekollageen marine collagen - fit360.ee"},{"@type":"BreadcrumbList","@id":"https:\/\/fit360.ee\/en\/pood\/product-groups\/joint-support-en\/merekollageen-1020mg\/#breadcrumb","itemListElement":[{"@type":"ListItem","position":1,"name":"Home","item":"https:\/\/fit360.ee\/en\/"},{"@type":"ListItem","position":2,"name":"Shop","item":"https:\/\/fit360.ee\/en\/shop\/"},{"@type":"ListItem","position":3,"name":"Marine Collagen &#8211; Merekollageen 1020mg (90caps)"}]},{"@type":"WebSite","@id":"https:\/\/fit360.ee\/en\/#website","url":"https:\/\/fit360.ee\/en\/","name":"Fit360","description":"","publisher":{"@id":"https:\/\/fit360.ee\/en\/#organization"},"potentialAction":[{"@type":"SearchAction","target":{"@type":"EntryPoint","urlTemplate":"https:\/\/fit360.ee\/en\/?s={search_term_string}"},"query-input":{"@type":"PropertyValueSpecification","valueRequired":true,"valueName":"search_term_string"}}],"inLanguage":"en-US"},{"@type":"Organization","@id":"https:\/\/fit360.ee\/en\/#organization","name":"Fit360","url":"https:\/\/fit360.ee\/en\/","logo":{"@type":"ImageObject","inLanguage":"en-US","@id":"https:\/\/fit360.ee\/en\/#\/schema\/logo\/image\/","url":"https:\/\/fit360.ee\/wp-content\/uploads\/2017\/01\/logo-fit360.png","contentUrl":"https:\/\/fit360.ee\/wp-content\/uploads\/2017\/01\/logo-fit360.png","width":180,"height":66,"caption":"Fit360"},"image":{"@id":"https:\/\/fit360.ee\/en\/#\/schema\/logo\/image\/"}}]}},"_links":{"self":[{"href":"https:\/\/fit360.ee\/en\/wp-json\/wp\/v2\/product\/64458","targetHints":{"allow":["GET"]}}],"collection":[{"href":"https:\/\/fit360.ee\/en\/wp-json\/wp\/v2\/product"}],"about":[{"href":"https:\/\/fit360.ee\/en\/wp-json\/wp\/v2\/types\/product"}],"replies":[{"embeddable":true,"href":"https:\/\/fit360.ee\/en\/wp-json\/wp\/v2\/comments?post=64458"}],"wp:featuredmedia":[{"embeddable":true,"href":"https:\/\/fit360.ee\/en\/wp-json\/wp\/v2\/media\/84528"}],"wp:attachment":[{"href":"https:\/\/fit360.ee\/en\/wp-json\/wp\/v2\/media?parent=64458"}],"wp:term":[{"taxonomy":"product_brand","embeddable":true,"href":"https:\/\/fit360.ee\/en\/wp-json\/wp\/v2\/product_brand?post=64458"},{"taxonomy":"product_cat","embeddable":true,"href":"https:\/\/fit360.ee\/en\/wp-json\/wp\/v2\/product_cat?post=64458"},{"taxonomy":"product_tag","embeddable":true,"href":"https:\/\/fit360.ee\/en\/wp-json\/wp\/v2\/product_tag?post=64458"},{"taxonomy":"giftcard-category","embeddable":true,"href":"https:\/\/fit360.ee\/en\/wp-json\/wp\/v2\/giftcard-category?post=64458"}],"curies":[{"name":"wp","href":"https:\/\/api.w.org\/{rel}","templated":true}]}}