{"id":64616,"date":"2022-08-31T12:49:37","date_gmt":"2022-08-31T10:49:37","guid":{"rendered":"https:\/\/fit360.ee\/pood\/uncategorized\/essex-stripe-tee\/"},"modified":"2026-03-16T18:16:47","modified_gmt":"2026-03-16T16:16:47","slug":"essex-stripe-tee","status":"publish","type":"product","link":"https:\/\/fit360.ee\/en\/pood\/training-equipment-en\/fitness-clothing-en\/essex-stripe-tee\/","title":{"rendered":"Essex Stripe Tee"},"content":{"rendered":"<h1><strong>Essex Stripe Tee<\/strong><\/h1>\n<p><strong>Fit<\/strong>: <em>Slim Fit<\/em><\/p>\n<p><strong>Pikkus<\/strong>: Tavaline pikkus<\/p>\n<p><strong>Materjal<\/strong>: 92% pol\u00fcester, 8% elastaan<\/p>\n<p><strong>Omadused<\/strong>: <em>Crew neck<\/em>, k\u00fclgmised pilud, tr\u00fckitud triibuga logo taga, tr\u00fckitud logo rinnal<\/p>\n<p>Funktsionaalne T-s\u00e4rk, mis on loodud intensiivseteks ja rasketeks treeninguteks nagu funktsionaalne treening Essex Stripe Tee on valmistatud kergest ja \u00f5hulisest funktsionaalsest kangast, milles on suurep\u00e4rane liikumine. See j\u00e4rgib teie keha kogu treeningu ajal, olenemata sellest, milliseid harjutusi teete. Sellel on tr\u00fckitud triibuline logo tagak\u00fcljel ja logo, mis on tr\u00fckitud rinnale.<\/p>\n<p><strong>NB!\u00a0<\/strong>Soovid tellida teistsugust suurust v\u00f5i v\u00e4rvi? V\u00f5tame vastu\u00a0<strong>BETTER BODIES\u00a0<\/strong>ja\u00a0<strong>GASP<\/strong>\u00a0treeningr\u00f5ivaste tellimusi. Tellimine toimub 2 korda kuus. Soovi korral kirjuta:\u00a0<strong>info@fit360.ee<\/strong><\/p>\n<p><a href=\"https:\/\/fit360.ee\/wp-content\/uploads\/2022\/08\/ezgif.com-gif-maker-12-800x800.jpg\"><img loading=\"lazy\" decoding=\"async\" class=\"size-medium wp-image-64599\" src=\"https:\/\/fit360.ee\/wp-content\/uploads\/2022\/08\/ezgif.com-gif-maker-12-800x800.jpg\" alt=\"essex stripe tee better bodies maroon fit - fit360.ee\" width=\"800\" height=\"800\" srcset=\"https:\/\/fit360.ee\/wp-content\/uploads\/2022\/08\/ezgif.com-gif-maker-12-800x800.jpg 800w, https:\/\/fit360.ee\/wp-content\/uploads\/2022\/08\/ezgif.com-gif-maker-12-247x247.jpg 247w, https:\/\/fit360.ee\/wp-content\/uploads\/2022\/08\/ezgif.com-gif-maker-12-100x100.jpg 100w, https:\/\/fit360.ee\/wp-content\/uploads\/2022\/08\/ezgif.com-gif-maker-12-510x510.jpg 510w, https:\/\/fit360.ee\/wp-content\/uploads\/2022\/08\/ezgif.com-gif-maker-12-340x340.jpg 340w, https:\/\/fit360.ee\/wp-content\/uploads\/2022\/08\/ezgif.com-gif-maker-12-768x768.jpg 768w, https:\/\/fit360.ee\/wp-content\/uploads\/2022\/08\/ezgif.com-gif-maker-12-80x80.jpg 80w, https:\/\/fit360.ee\/wp-content\/uploads\/2022\/08\/ezgif.com-gif-maker-12.jpg 1000w\" sizes=\"auto, (max-width: 800px) 100vw, 800px\" \/><\/a><\/p>\n<p><a href=\"https:\/\/fit360.ee\/wp-content\/uploads\/2022\/08\/ezgif.com-gif-maker-11-800x800.jpg\"><img loading=\"lazy\" decoding=\"async\" class=\"size-medium wp-image-64601\" src=\"https:\/\/fit360.ee\/wp-content\/uploads\/2022\/08\/ezgif.com-gif-maker-11-800x800.jpg\" alt=\"essex stripe tee better bodies maroon - fit360.ee\" width=\"800\" height=\"800\" srcset=\"https:\/\/fit360.ee\/wp-content\/uploads\/2022\/08\/ezgif.com-gif-maker-11-800x800.jpg 800w, https:\/\/fit360.ee\/wp-content\/uploads\/2022\/08\/ezgif.com-gif-maker-11-247x247.jpg 247w, https:\/\/fit360.ee\/wp-content\/uploads\/2022\/08\/ezgif.com-gif-maker-11-100x100.jpg 100w, https:\/\/fit360.ee\/wp-content\/uploads\/2022\/08\/ezgif.com-gif-maker-11-510x510.jpg 510w, https:\/\/fit360.ee\/wp-content\/uploads\/2022\/08\/ezgif.com-gif-maker-11-340x340.jpg 340w, https:\/\/fit360.ee\/wp-content\/uploads\/2022\/08\/ezgif.com-gif-maker-11-768x768.jpg 768w, https:\/\/fit360.ee\/wp-content\/uploads\/2022\/08\/ezgif.com-gif-maker-11-80x80.jpg 80w, https:\/\/fit360.ee\/wp-content\/uploads\/2022\/08\/ezgif.com-gif-maker-11.jpg 1000w\" sizes=\"auto, (max-width: 800px) 100vw, 800px\" \/><\/a><\/p>\n<p><a href=\"https:\/\/fit360.ee\/wp-content\/uploads\/2022\/08\/ezgif.com-gif-maker-10-800x800.jpg\"><img loading=\"lazy\" decoding=\"async\" class=\"size-medium wp-image-64603\" src=\"https:\/\/fit360.ee\/wp-content\/uploads\/2022\/08\/ezgif.com-gif-maker-10-800x800.jpg\" alt=\"essex stripe tee better bodies - fit360.ee\" width=\"800\" height=\"800\" srcset=\"https:\/\/fit360.ee\/wp-content\/uploads\/2022\/08\/ezgif.com-gif-maker-10-800x800.jpg 800w, https:\/\/fit360.ee\/wp-content\/uploads\/2022\/08\/ezgif.com-gif-maker-10-247x247.jpg 247w, https:\/\/fit360.ee\/wp-content\/uploads\/2022\/08\/ezgif.com-gif-maker-10-100x100.jpg 100w, https:\/\/fit360.ee\/wp-content\/uploads\/2022\/08\/ezgif.com-gif-maker-10-510x510.jpg 510w, https:\/\/fit360.ee\/wp-content\/uploads\/2022\/08\/ezgif.com-gif-maker-10-340x340.jpg 340w, https:\/\/fit360.ee\/wp-content\/uploads\/2022\/08\/ezgif.com-gif-maker-10-768x768.jpg 768w, https:\/\/fit360.ee\/wp-content\/uploads\/2022\/08\/ezgif.com-gif-maker-10-80x80.jpg 80w, https:\/\/fit360.ee\/wp-content\/uploads\/2022\/08\/ezgif.com-gif-maker-10.jpg 1000w\" sizes=\"auto, (max-width: 800px) 100vw, 800px\" \/><\/a><\/p>\n<p><a href=\"https:\/\/fit360.ee\/wp-content\/uploads\/2022\/08\/ezgif.com-gif-maker-9-800x800.jpg\"><img loading=\"lazy\" decoding=\"async\" class=\"size-medium wp-image-64605\" src=\"https:\/\/fit360.ee\/wp-content\/uploads\/2022\/08\/ezgif.com-gif-maker-9-800x800.jpg\" alt=\"essex stripe tee - fit360.ee\" width=\"800\" height=\"800\" srcset=\"https:\/\/fit360.ee\/wp-content\/uploads\/2022\/08\/ezgif.com-gif-maker-9-800x800.jpg 800w, https:\/\/fit360.ee\/wp-content\/uploads\/2022\/08\/ezgif.com-gif-maker-9-247x247.jpg 247w, https:\/\/fit360.ee\/wp-content\/uploads\/2022\/08\/ezgif.com-gif-maker-9-100x100.jpg 100w, https:\/\/fit360.ee\/wp-content\/uploads\/2022\/08\/ezgif.com-gif-maker-9-510x510.jpg 510w, https:\/\/fit360.ee\/wp-content\/uploads\/2022\/08\/ezgif.com-gif-maker-9-340x340.jpg 340w, https:\/\/fit360.ee\/wp-content\/uploads\/2022\/08\/ezgif.com-gif-maker-9-768x768.jpg 768w, https:\/\/fit360.ee\/wp-content\/uploads\/2022\/08\/ezgif.com-gif-maker-9-80x80.jpg 80w, https:\/\/fit360.ee\/wp-content\/uploads\/2022\/08\/ezgif.com-gif-maker-9.jpg 1000w\" sizes=\"auto, (max-width: 800px) 100vw, 800px\" \/><\/a><\/p>\n","protected":false},"excerpt":{"rendered":"<p><strong>Fit<\/strong>: <em>Slim Fit<\/em><\/p>\n<p><strong>Pikkus<\/strong>: Tavaline pikkus<\/p>\n<p><strong>Materjal<\/strong>: 92% pol\u00fcester, 8% elastaan<\/p>\n","protected":false},"featured_media":64606,"comment_status":"closed","ping_status":"closed","template":"","meta":[],"product_brand":[],"product_cat":[547],"product_tag":[2522,3933],"giftcard-category":[],"class_list":{"0":"post-64616","1":"product","2":"type-product","3":"status-publish","4":"has-post-thumbnail","6":"product_cat-fitness-clothing-en","7":"product_tag-better-bodies-en","8":"product_tag-essex-stripe-tee-en","9":"pa_suurus-l","10":"pa_suurus-m","11":"pa_suurus-s","12":"pa_suurus-xl","13":"pa_suurus-xxl","14":"pa_varvus-dark-gray","15":"pa_varvus-maroon-en","16":"pa_varvus-wash-green-en","18":"first","19":"instock","20":"sale","21":"taxable","22":"shipping-taxable","23":"purchasable","24":"product-type-variable"},"yoast_head":"<!-- This site is optimized with the Yoast SEO plugin v27.3 - https:\/\/yoast.com\/product\/yoast-seo-wordpress\/ -->\n<title>Essex Stripe Tee - Better Bodies - Kiire Tarne - Fit360<\/title>\n<meta name=\"description\" content=\"Essex Stripe Tee on valmistatud kergest ja \u00f5hulisest funktsionaalsest kangast, milles on suurep\u00e4rane liikumine. See j\u00e4rgib teie keha kogu treeningu ajal.\" \/>\n<meta name=\"robots\" content=\"index, follow, max-snippet:-1, max-image-preview:large, max-video-preview:-1\" \/>\n<link rel=\"canonical\" href=\"https:\/\/fit360.ee\/en\/pood\/training-equipment-en\/fitness-clothing-en\/essex-stripe-tee\/\" \/>\n<meta property=\"og:locale\" content=\"en_US\" \/>\n<meta property=\"og:type\" content=\"article\" \/>\n<meta property=\"og:title\" content=\"Essex Stripe Tee - Better Bodies - Kiire Tarne - Fit360\" \/>\n<meta property=\"og:description\" content=\"Essex Stripe Tee on valmistatud kergest ja \u00f5hulisest funktsionaalsest kangast, milles on suurep\u00e4rane liikumine. See j\u00e4rgib teie keha kogu treeningu ajal.\" \/>\n<meta property=\"og:url\" content=\"https:\/\/fit360.ee\/en\/pood\/training-equipment-en\/fitness-clothing-en\/essex-stripe-tee\/\" \/>\n<meta property=\"og:site_name\" content=\"Fit360\" \/>\n<meta property=\"article:modified_time\" content=\"2026-03-16T16:16:47+00:00\" \/>\n<meta property=\"og:image\" content=\"https:\/\/fit360.ee\/wp-content\/uploads\/2022\/08\/ezgif.com-gif-maker-9.jpg\" \/>\n\t<meta property=\"og:image:width\" content=\"1000\" \/>\n\t<meta property=\"og:image:height\" content=\"1000\" \/>\n\t<meta property=\"og:image:type\" content=\"image\/jpeg\" \/>\n<meta name=\"twitter:card\" content=\"summary_large_image\" \/>\n<meta name=\"twitter:label1\" content=\"Est. reading time\" \/>\n\t<meta name=\"twitter:data1\" content=\"2 minutes\" \/>\n<script type=\"application\/ld+json\" class=\"yoast-schema-graph\">{\"@context\":\"https:\\\/\\\/schema.org\",\"@graph\":[{\"@type\":\"WebPage\",\"@id\":\"https:\\\/\\\/fit360.ee\\\/en\\\/pood\\\/training-equipment-en\\\/fitness-clothing-en\\\/essex-stripe-tee\\\/\",\"url\":\"https:\\\/\\\/fit360.ee\\\/en\\\/pood\\\/training-equipment-en\\\/fitness-clothing-en\\\/essex-stripe-tee\\\/\",\"name\":\"Essex Stripe Tee - Better Bodies - Kiire Tarne - Fit360\",\"isPartOf\":{\"@id\":\"https:\\\/\\\/fit360.ee\\\/en\\\/#website\"},\"primaryImageOfPage\":{\"@id\":\"https:\\\/\\\/fit360.ee\\\/en\\\/pood\\\/training-equipment-en\\\/fitness-clothing-en\\\/essex-stripe-tee\\\/#primaryimage\"},\"image\":{\"@id\":\"https:\\\/\\\/fit360.ee\\\/en\\\/pood\\\/training-equipment-en\\\/fitness-clothing-en\\\/essex-stripe-tee\\\/#primaryimage\"},\"thumbnailUrl\":\"https:\\\/\\\/fit360.ee\\\/wp-content\\\/uploads\\\/2022\\\/08\\\/ezgif.com-gif-maker-9.jpg\",\"datePublished\":\"2022-08-31T10:49:37+00:00\",\"dateModified\":\"2026-03-16T16:16:47+00:00\",\"description\":\"Essex Stripe Tee on valmistatud kergest ja \u00f5hulisest funktsionaalsest kangast, milles on suurep\u00e4rane liikumine. See j\u00e4rgib teie keha kogu treeningu ajal.\",\"breadcrumb\":{\"@id\":\"https:\\\/\\\/fit360.ee\\\/en\\\/pood\\\/training-equipment-en\\\/fitness-clothing-en\\\/essex-stripe-tee\\\/#breadcrumb\"},\"inLanguage\":\"en-US\",\"potentialAction\":[{\"@type\":\"ReadAction\",\"target\":[\"https:\\\/\\\/fit360.ee\\\/en\\\/pood\\\/training-equipment-en\\\/fitness-clothing-en\\\/essex-stripe-tee\\\/\"]}]},{\"@type\":\"ImageObject\",\"inLanguage\":\"en-US\",\"@id\":\"https:\\\/\\\/fit360.ee\\\/en\\\/pood\\\/training-equipment-en\\\/fitness-clothing-en\\\/essex-stripe-tee\\\/#primaryimage\",\"url\":\"https:\\\/\\\/fit360.ee\\\/wp-content\\\/uploads\\\/2022\\\/08\\\/ezgif.com-gif-maker-9.jpg\",\"contentUrl\":\"https:\\\/\\\/fit360.ee\\\/wp-content\\\/uploads\\\/2022\\\/08\\\/ezgif.com-gif-maker-9.jpg\",\"width\":1000,\"height\":1000,\"caption\":\"essex stripe tee - fit360.ee\"},{\"@type\":\"BreadcrumbList\",\"@id\":\"https:\\\/\\\/fit360.ee\\\/en\\\/pood\\\/training-equipment-en\\\/fitness-clothing-en\\\/essex-stripe-tee\\\/#breadcrumb\",\"itemListElement\":[{\"@type\":\"ListItem\",\"position\":1,\"name\":\"Home\",\"item\":\"https:\\\/\\\/fit360.ee\\\/en\\\/\"},{\"@type\":\"ListItem\",\"position\":2,\"name\":\"Shop\",\"item\":\"https:\\\/\\\/fit360.ee\\\/en\\\/shop\\\/\"},{\"@type\":\"ListItem\",\"position\":3,\"name\":\"Essex Stripe Tee\"}]},{\"@type\":\"WebSite\",\"@id\":\"https:\\\/\\\/fit360.ee\\\/en\\\/#website\",\"url\":\"https:\\\/\\\/fit360.ee\\\/en\\\/\",\"name\":\"Fit360\",\"description\":\"\",\"publisher\":{\"@id\":\"https:\\\/\\\/fit360.ee\\\/en\\\/#organization\"},\"potentialAction\":[{\"@type\":\"SearchAction\",\"target\":{\"@type\":\"EntryPoint\",\"urlTemplate\":\"https:\\\/\\\/fit360.ee\\\/en\\\/?s={search_term_string}\"},\"query-input\":{\"@type\":\"PropertyValueSpecification\",\"valueRequired\":true,\"valueName\":\"search_term_string\"}}],\"inLanguage\":\"en-US\"},{\"@type\":\"Organization\",\"@id\":\"https:\\\/\\\/fit360.ee\\\/en\\\/#organization\",\"name\":\"Fit360\",\"url\":\"https:\\\/\\\/fit360.ee\\\/en\\\/\",\"logo\":{\"@type\":\"ImageObject\",\"inLanguage\":\"en-US\",\"@id\":\"https:\\\/\\\/fit360.ee\\\/en\\\/#\\\/schema\\\/logo\\\/image\\\/\",\"url\":\"https:\\\/\\\/fit360.ee\\\/wp-content\\\/uploads\\\/2017\\\/01\\\/logo-fit360.png\",\"contentUrl\":\"https:\\\/\\\/fit360.ee\\\/wp-content\\\/uploads\\\/2017\\\/01\\\/logo-fit360.png\",\"width\":180,\"height\":66,\"caption\":\"Fit360\"},\"image\":{\"@id\":\"https:\\\/\\\/fit360.ee\\\/en\\\/#\\\/schema\\\/logo\\\/image\\\/\"}}]}<\/script>\n<!-- \/ Yoast SEO plugin. -->","yoast_head_json":{"title":"Essex Stripe Tee - Better Bodies - Kiire Tarne - Fit360","description":"Essex Stripe Tee on valmistatud kergest ja \u00f5hulisest funktsionaalsest kangast, milles on suurep\u00e4rane liikumine. See j\u00e4rgib teie keha kogu treeningu ajal.","robots":{"index":"index","follow":"follow","max-snippet":"max-snippet:-1","max-image-preview":"max-image-preview:large","max-video-preview":"max-video-preview:-1"},"canonical":"https:\/\/fit360.ee\/en\/pood\/training-equipment-en\/fitness-clothing-en\/essex-stripe-tee\/","og_locale":"en_US","og_type":"article","og_title":"Essex Stripe Tee - Better Bodies - Kiire Tarne - Fit360","og_description":"Essex Stripe Tee on valmistatud kergest ja \u00f5hulisest funktsionaalsest kangast, milles on suurep\u00e4rane liikumine. See j\u00e4rgib teie keha kogu treeningu ajal.","og_url":"https:\/\/fit360.ee\/en\/pood\/training-equipment-en\/fitness-clothing-en\/essex-stripe-tee\/","og_site_name":"Fit360","article_modified_time":"2026-03-16T16:16:47+00:00","og_image":[{"width":1000,"height":1000,"url":"https:\/\/fit360.ee\/wp-content\/uploads\/2022\/08\/ezgif.com-gif-maker-9.jpg","type":"image\/jpeg"}],"twitter_card":"summary_large_image","twitter_misc":{"Est. reading time":"2 minutes"},"schema":{"@context":"https:\/\/schema.org","@graph":[{"@type":"WebPage","@id":"https:\/\/fit360.ee\/en\/pood\/training-equipment-en\/fitness-clothing-en\/essex-stripe-tee\/","url":"https:\/\/fit360.ee\/en\/pood\/training-equipment-en\/fitness-clothing-en\/essex-stripe-tee\/","name":"Essex Stripe Tee - Better Bodies - Kiire Tarne - Fit360","isPartOf":{"@id":"https:\/\/fit360.ee\/en\/#website"},"primaryImageOfPage":{"@id":"https:\/\/fit360.ee\/en\/pood\/training-equipment-en\/fitness-clothing-en\/essex-stripe-tee\/#primaryimage"},"image":{"@id":"https:\/\/fit360.ee\/en\/pood\/training-equipment-en\/fitness-clothing-en\/essex-stripe-tee\/#primaryimage"},"thumbnailUrl":"https:\/\/fit360.ee\/wp-content\/uploads\/2022\/08\/ezgif.com-gif-maker-9.jpg","datePublished":"2022-08-31T10:49:37+00:00","dateModified":"2026-03-16T16:16:47+00:00","description":"Essex Stripe Tee on valmistatud kergest ja \u00f5hulisest funktsionaalsest kangast, milles on suurep\u00e4rane liikumine. See j\u00e4rgib teie keha kogu treeningu ajal.","breadcrumb":{"@id":"https:\/\/fit360.ee\/en\/pood\/training-equipment-en\/fitness-clothing-en\/essex-stripe-tee\/#breadcrumb"},"inLanguage":"en-US","potentialAction":[{"@type":"ReadAction","target":["https:\/\/fit360.ee\/en\/pood\/training-equipment-en\/fitness-clothing-en\/essex-stripe-tee\/"]}]},{"@type":"ImageObject","inLanguage":"en-US","@id":"https:\/\/fit360.ee\/en\/pood\/training-equipment-en\/fitness-clothing-en\/essex-stripe-tee\/#primaryimage","url":"https:\/\/fit360.ee\/wp-content\/uploads\/2022\/08\/ezgif.com-gif-maker-9.jpg","contentUrl":"https:\/\/fit360.ee\/wp-content\/uploads\/2022\/08\/ezgif.com-gif-maker-9.jpg","width":1000,"height":1000,"caption":"essex stripe tee - fit360.ee"},{"@type":"BreadcrumbList","@id":"https:\/\/fit360.ee\/en\/pood\/training-equipment-en\/fitness-clothing-en\/essex-stripe-tee\/#breadcrumb","itemListElement":[{"@type":"ListItem","position":1,"name":"Home","item":"https:\/\/fit360.ee\/en\/"},{"@type":"ListItem","position":2,"name":"Shop","item":"https:\/\/fit360.ee\/en\/shop\/"},{"@type":"ListItem","position":3,"name":"Essex Stripe Tee"}]},{"@type":"WebSite","@id":"https:\/\/fit360.ee\/en\/#website","url":"https:\/\/fit360.ee\/en\/","name":"Fit360","description":"","publisher":{"@id":"https:\/\/fit360.ee\/en\/#organization"},"potentialAction":[{"@type":"SearchAction","target":{"@type":"EntryPoint","urlTemplate":"https:\/\/fit360.ee\/en\/?s={search_term_string}"},"query-input":{"@type":"PropertyValueSpecification","valueRequired":true,"valueName":"search_term_string"}}],"inLanguage":"en-US"},{"@type":"Organization","@id":"https:\/\/fit360.ee\/en\/#organization","name":"Fit360","url":"https:\/\/fit360.ee\/en\/","logo":{"@type":"ImageObject","inLanguage":"en-US","@id":"https:\/\/fit360.ee\/en\/#\/schema\/logo\/image\/","url":"https:\/\/fit360.ee\/wp-content\/uploads\/2017\/01\/logo-fit360.png","contentUrl":"https:\/\/fit360.ee\/wp-content\/uploads\/2017\/01\/logo-fit360.png","width":180,"height":66,"caption":"Fit360"},"image":{"@id":"https:\/\/fit360.ee\/en\/#\/schema\/logo\/image\/"}}]}},"_links":{"self":[{"href":"https:\/\/fit360.ee\/en\/wp-json\/wp\/v2\/product\/64616","targetHints":{"allow":["GET"]}}],"collection":[{"href":"https:\/\/fit360.ee\/en\/wp-json\/wp\/v2\/product"}],"about":[{"href":"https:\/\/fit360.ee\/en\/wp-json\/wp\/v2\/types\/product"}],"replies":[{"embeddable":true,"href":"https:\/\/fit360.ee\/en\/wp-json\/wp\/v2\/comments?post=64616"}],"wp:featuredmedia":[{"embeddable":true,"href":"https:\/\/fit360.ee\/en\/wp-json\/wp\/v2\/media\/64606"}],"wp:attachment":[{"href":"https:\/\/fit360.ee\/en\/wp-json\/wp\/v2\/media?parent=64616"}],"wp:term":[{"taxonomy":"product_brand","embeddable":true,"href":"https:\/\/fit360.ee\/en\/wp-json\/wp\/v2\/product_brand?post=64616"},{"taxonomy":"product_cat","embeddable":true,"href":"https:\/\/fit360.ee\/en\/wp-json\/wp\/v2\/product_cat?post=64616"},{"taxonomy":"product_tag","embeddable":true,"href":"https:\/\/fit360.ee\/en\/wp-json\/wp\/v2\/product_tag?post=64616"},{"taxonomy":"giftcard-category","embeddable":true,"href":"https:\/\/fit360.ee\/en\/wp-json\/wp\/v2\/giftcard-category?post=64616"}],"curies":[{"name":"wp","href":"https:\/\/api.w.org\/{rel}","templated":true}]}}