{"id":64723,"date":"2022-09-04T12:47:31","date_gmt":"2022-09-04T10:47:31","guid":{"rendered":"https:\/\/fit360.ee\/pood\/uncategorized\/tie-dye-scrunch-leggings-pink-tie-dye\/"},"modified":"2026-03-20T11:53:39","modified_gmt":"2026-03-20T09:53:39","slug":"tie-dye-scrunch-leggings-pink-tie-dye","status":"publish","type":"product","link":"https:\/\/fit360.ee\/en\/pood\/training-equipment-en\/fitness-clothing-en\/tie-dye-scrunch-leggings-pink-tie-dye\/","title":{"rendered":"Tie Dye Scrunch Leggings, Pink Tie Dye"},"content":{"rendered":"<h1><strong>Tie Dye Scrunch Leggings<\/strong><\/h1>\n<p><strong>Fit<\/strong>: <em>Slim<\/em><br \/>\n<strong>V\u00f6\u00f6koht<\/strong>: K\u00f5rge<br \/>\n<strong>Pikkus<\/strong>: t\u00e4is<br \/>\n<strong>Materjal<\/strong>: 80% nailon 20% spandex<\/p>\n<p><strong>Omadused<\/strong>: lipsuv\u00e4rvi efekt, kriimuline detail, v\u00e4ike logo puusal, \u00f5mblusteta<\/p>\n<p>Tie Dye Scrunch p\u00fcksid on valmistatud elastsest kangast, mis kallistab Teie jalgu \u00f5igetes kohtades. Selja <em>scrunch effect<\/em> parandab Teie tuharalihaste kuju ja k\u00f5rge soonikuga v\u00f6\u00f6koht hoiab neid mugavalt paigal, olenemata tegevusest. Need \u00f5mblusteta retuusid v\u00f5ivad kiiresti saada teie lemmikuks. T\u00e4ieliku komplekti saamiseks \u00fchendage need <a href=\"https:\/\/fit360.ee\/en\/pood\/training-equipment-en\/fitness-clothing-en\/tie-dye-sport-bra-pink-tie-dye\/\"><strong>Tie Dye spordirinnahoidjaga<\/strong><\/a>.<\/p>\n<p><strong>NB!\u00a0<\/strong>Soovid tellida teistsugust suurust v\u00f5i v\u00e4rvi? V\u00f5tame vastu\u00a0<strong>BETTER BODIES\u00a0<\/strong>ja\u00a0<strong>GASP<\/strong>\u00a0treeningr\u00f5ivaste tellimusi. Tellimine toimub 2 korda kuus. Soovi korral kirjuta:\u00a0<strong>info@fit360.ee<\/strong><\/p>\n<p><a href=\"https:\/\/fit360.ee\/wp-content\/uploads\/2022\/09\/ezgif.com-gif-maker-18-800x800.jpg\"><img loading=\"lazy\" decoding=\"async\" class=\"size-medium wp-image-64712\" src=\"https:\/\/fit360.ee\/wp-content\/uploads\/2022\/09\/ezgif.com-gif-maker-18-800x800.jpg\" alt=\"Tie Dye Scrunch Leggings pink tie dye - fit360.ee\" width=\"800\" height=\"800\" srcset=\"https:\/\/fit360.ee\/wp-content\/uploads\/2022\/09\/ezgif.com-gif-maker-18-800x800.jpg 800w, https:\/\/fit360.ee\/wp-content\/uploads\/2022\/09\/ezgif.com-gif-maker-18-247x247.jpg 247w, https:\/\/fit360.ee\/wp-content\/uploads\/2022\/09\/ezgif.com-gif-maker-18-100x100.jpg 100w, https:\/\/fit360.ee\/wp-content\/uploads\/2022\/09\/ezgif.com-gif-maker-18-510x510.jpg 510w, https:\/\/fit360.ee\/wp-content\/uploads\/2022\/09\/ezgif.com-gif-maker-18-340x340.jpg 340w, https:\/\/fit360.ee\/wp-content\/uploads\/2022\/09\/ezgif.com-gif-maker-18-768x768.jpg 768w, https:\/\/fit360.ee\/wp-content\/uploads\/2022\/09\/ezgif.com-gif-maker-18-80x80.jpg 80w, https:\/\/fit360.ee\/wp-content\/uploads\/2022\/09\/ezgif.com-gif-maker-18.jpg 1000w\" sizes=\"auto, (max-width: 800px) 100vw, 800px\" \/><\/a><\/p>\n<p><a href=\"https:\/\/fit360.ee\/wp-content\/uploads\/2022\/09\/ezgif.com-gif-maker-17-800x800.jpg\"><img loading=\"lazy\" decoding=\"async\" class=\"size-medium wp-image-64714\" src=\"https:\/\/fit360.ee\/wp-content\/uploads\/2022\/09\/ezgif.com-gif-maker-17-800x800.jpg\" alt=\"Tie Dye Scrunch Leggings pink tie - fit360.ee\" width=\"800\" height=\"800\" srcset=\"https:\/\/fit360.ee\/wp-content\/uploads\/2022\/09\/ezgif.com-gif-maker-17-800x800.jpg 800w, https:\/\/fit360.ee\/wp-content\/uploads\/2022\/09\/ezgif.com-gif-maker-17-247x247.jpg 247w, https:\/\/fit360.ee\/wp-content\/uploads\/2022\/09\/ezgif.com-gif-maker-17-100x100.jpg 100w, https:\/\/fit360.ee\/wp-content\/uploads\/2022\/09\/ezgif.com-gif-maker-17-510x510.jpg 510w, https:\/\/fit360.ee\/wp-content\/uploads\/2022\/09\/ezgif.com-gif-maker-17-340x340.jpg 340w, https:\/\/fit360.ee\/wp-content\/uploads\/2022\/09\/ezgif.com-gif-maker-17-768x768.jpg 768w, https:\/\/fit360.ee\/wp-content\/uploads\/2022\/09\/ezgif.com-gif-maker-17-80x80.jpg 80w, https:\/\/fit360.ee\/wp-content\/uploads\/2022\/09\/ezgif.com-gif-maker-17.jpg 1000w\" sizes=\"auto, (max-width: 800px) 100vw, 800px\" \/><\/a><\/p>\n<p><a href=\"https:\/\/fit360.ee\/wp-content\/uploads\/2022\/09\/ezgif.com-gif-maker-16-800x800.jpg\"><img loading=\"lazy\" decoding=\"async\" class=\"size-medium wp-image-64716\" src=\"https:\/\/fit360.ee\/wp-content\/uploads\/2022\/09\/ezgif.com-gif-maker-16-800x800.jpg\" alt=\"Tie Dye Scrunch Leggings - fit360.ee\" width=\"800\" height=\"800\" srcset=\"https:\/\/fit360.ee\/wp-content\/uploads\/2022\/09\/ezgif.com-gif-maker-16-800x800.jpg 800w, https:\/\/fit360.ee\/wp-content\/uploads\/2022\/09\/ezgif.com-gif-maker-16-247x247.jpg 247w, https:\/\/fit360.ee\/wp-content\/uploads\/2022\/09\/ezgif.com-gif-maker-16-100x100.jpg 100w, https:\/\/fit360.ee\/wp-content\/uploads\/2022\/09\/ezgif.com-gif-maker-16-510x510.jpg 510w, https:\/\/fit360.ee\/wp-content\/uploads\/2022\/09\/ezgif.com-gif-maker-16-340x340.jpg 340w, https:\/\/fit360.ee\/wp-content\/uploads\/2022\/09\/ezgif.com-gif-maker-16-768x768.jpg 768w, https:\/\/fit360.ee\/wp-content\/uploads\/2022\/09\/ezgif.com-gif-maker-16-80x80.jpg 80w, https:\/\/fit360.ee\/wp-content\/uploads\/2022\/09\/ezgif.com-gif-maker-16.jpg 1000w\" sizes=\"auto, (max-width: 800px) 100vw, 800px\" \/><\/a><\/p>\n<p><a href=\"https:\/\/fit360.ee\/wp-content\/uploads\/2022\/09\/ezgif.com-gif-maker-15-800x800.jpg\"><img loading=\"lazy\" decoding=\"async\" class=\"size-medium wp-image-64718\" src=\"https:\/\/fit360.ee\/wp-content\/uploads\/2022\/09\/ezgif.com-gif-maker-15-800x800.jpg\" alt=\"Tie Dye Scrunch Leggings pink - fit360.ee\" width=\"800\" height=\"800\" srcset=\"https:\/\/fit360.ee\/wp-content\/uploads\/2022\/09\/ezgif.com-gif-maker-15-800x800.jpg 800w, https:\/\/fit360.ee\/wp-content\/uploads\/2022\/09\/ezgif.com-gif-maker-15-247x247.jpg 247w, https:\/\/fit360.ee\/wp-content\/uploads\/2022\/09\/ezgif.com-gif-maker-15-100x100.jpg 100w, https:\/\/fit360.ee\/wp-content\/uploads\/2022\/09\/ezgif.com-gif-maker-15-510x510.jpg 510w, https:\/\/fit360.ee\/wp-content\/uploads\/2022\/09\/ezgif.com-gif-maker-15-340x340.jpg 340w, https:\/\/fit360.ee\/wp-content\/uploads\/2022\/09\/ezgif.com-gif-maker-15-768x768.jpg 768w, https:\/\/fit360.ee\/wp-content\/uploads\/2022\/09\/ezgif.com-gif-maker-15-80x80.jpg 80w, https:\/\/fit360.ee\/wp-content\/uploads\/2022\/09\/ezgif.com-gif-maker-15.jpg 1000w\" sizes=\"auto, (max-width: 800px) 100vw, 800px\" \/><\/a><\/p>\n","protected":false},"excerpt":{"rendered":"<p><strong>Fit<\/strong>: <em>Slim<\/em><br \/>\n<strong>V\u00f6\u00f6koht<\/strong>: K\u00f5rge<br \/>\n<strong>Pikkus<\/strong>: t\u00e4is<br \/>\n<strong>Materjal<\/strong>: 80% nailon 20% spandex<\/p>\n<p>&nbsp;<\/p>\n","protected":false},"featured_media":64719,"comment_status":"closed","ping_status":"closed","template":"","meta":[],"product_brand":[],"product_cat":[547],"product_tag":[2522,3935],"giftcard-category":[],"class_list":{"0":"post-64723","1":"product","2":"type-product","3":"status-publish","4":"has-post-thumbnail","6":"product_cat-fitness-clothing-en","7":"product_tag-better-bodies-en","8":"product_tag-tie-dye-scrunch-leggings-en","9":"pa_suurus-l","10":"pa_suurus-m","11":"pa_suurus-s","13":"first","14":"instock","15":"sale","16":"taxable","17":"shipping-taxable","18":"purchasable","19":"product-type-variable"},"yoast_head":"<!-- This site is optimized with the Yoast SEO plugin v27.3 - https:\/\/yoast.com\/product\/yoast-seo-wordpress\/ -->\n<title>Tie Dye Scrunch Leggings, Pink Tie Dye - Fit360<\/title>\n<meta name=\"robots\" content=\"index, follow, max-snippet:-1, max-image-preview:large, max-video-preview:-1\" \/>\n<link rel=\"canonical\" href=\"https:\/\/fit360.ee\/en\/pood\/training-equipment-en\/fitness-clothing-en\/tie-dye-scrunch-leggings-pink-tie-dye\/\" \/>\n<meta property=\"og:locale\" content=\"en_US\" \/>\n<meta property=\"og:type\" content=\"article\" \/>\n<meta property=\"og:title\" content=\"Tie Dye Scrunch Leggings, Pink Tie Dye - Fit360\" \/>\n<meta property=\"og:description\" content=\"Fit: Slim V\u00f6\u00f6koht: K\u00f5rge Pikkus: t\u00e4is Materjal: 80% nailon 20% spandex  &nbsp;\" \/>\n<meta property=\"og:url\" content=\"https:\/\/fit360.ee\/en\/pood\/training-equipment-en\/fitness-clothing-en\/tie-dye-scrunch-leggings-pink-tie-dye\/\" \/>\n<meta property=\"og:site_name\" content=\"Fit360\" \/>\n<meta property=\"article:modified_time\" content=\"2026-03-20T09:53:39+00:00\" \/>\n<meta property=\"og:image\" content=\"https:\/\/fit360.ee\/wp-content\/uploads\/2022\/09\/ezgif.com-gif-maker-15.jpg\" \/>\n\t<meta property=\"og:image:width\" content=\"1000\" \/>\n\t<meta property=\"og:image:height\" content=\"1000\" \/>\n\t<meta property=\"og:image:type\" content=\"image\/jpeg\" \/>\n<meta name=\"twitter:card\" content=\"summary_large_image\" \/>\n<meta name=\"twitter:label1\" content=\"Est. reading time\" \/>\n\t<meta name=\"twitter:data1\" content=\"2 minutes\" \/>\n<script type=\"application\/ld+json\" class=\"yoast-schema-graph\">{\"@context\":\"https:\\\/\\\/schema.org\",\"@graph\":[{\"@type\":\"WebPage\",\"@id\":\"https:\\\/\\\/fit360.ee\\\/en\\\/pood\\\/training-equipment-en\\\/fitness-clothing-en\\\/tie-dye-scrunch-leggings-pink-tie-dye\\\/\",\"url\":\"https:\\\/\\\/fit360.ee\\\/en\\\/pood\\\/training-equipment-en\\\/fitness-clothing-en\\\/tie-dye-scrunch-leggings-pink-tie-dye\\\/\",\"name\":\"Tie Dye Scrunch Leggings, Pink Tie Dye - Fit360\",\"isPartOf\":{\"@id\":\"https:\\\/\\\/fit360.ee\\\/en\\\/#website\"},\"primaryImageOfPage\":{\"@id\":\"https:\\\/\\\/fit360.ee\\\/en\\\/pood\\\/training-equipment-en\\\/fitness-clothing-en\\\/tie-dye-scrunch-leggings-pink-tie-dye\\\/#primaryimage\"},\"image\":{\"@id\":\"https:\\\/\\\/fit360.ee\\\/en\\\/pood\\\/training-equipment-en\\\/fitness-clothing-en\\\/tie-dye-scrunch-leggings-pink-tie-dye\\\/#primaryimage\"},\"thumbnailUrl\":\"https:\\\/\\\/fit360.ee\\\/wp-content\\\/uploads\\\/2022\\\/09\\\/ezgif.com-gif-maker-15.jpg\",\"datePublished\":\"2022-09-04T10:47:31+00:00\",\"dateModified\":\"2026-03-20T09:53:39+00:00\",\"breadcrumb\":{\"@id\":\"https:\\\/\\\/fit360.ee\\\/en\\\/pood\\\/training-equipment-en\\\/fitness-clothing-en\\\/tie-dye-scrunch-leggings-pink-tie-dye\\\/#breadcrumb\"},\"inLanguage\":\"en-US\",\"potentialAction\":[{\"@type\":\"ReadAction\",\"target\":[\"https:\\\/\\\/fit360.ee\\\/en\\\/pood\\\/training-equipment-en\\\/fitness-clothing-en\\\/tie-dye-scrunch-leggings-pink-tie-dye\\\/\"]}]},{\"@type\":\"ImageObject\",\"inLanguage\":\"en-US\",\"@id\":\"https:\\\/\\\/fit360.ee\\\/en\\\/pood\\\/training-equipment-en\\\/fitness-clothing-en\\\/tie-dye-scrunch-leggings-pink-tie-dye\\\/#primaryimage\",\"url\":\"https:\\\/\\\/fit360.ee\\\/wp-content\\\/uploads\\\/2022\\\/09\\\/ezgif.com-gif-maker-15.jpg\",\"contentUrl\":\"https:\\\/\\\/fit360.ee\\\/wp-content\\\/uploads\\\/2022\\\/09\\\/ezgif.com-gif-maker-15.jpg\",\"width\":1000,\"height\":1000,\"caption\":\"Tie Dye Scrunch Leggings pink - fit360.ee\"},{\"@type\":\"BreadcrumbList\",\"@id\":\"https:\\\/\\\/fit360.ee\\\/en\\\/pood\\\/training-equipment-en\\\/fitness-clothing-en\\\/tie-dye-scrunch-leggings-pink-tie-dye\\\/#breadcrumb\",\"itemListElement\":[{\"@type\":\"ListItem\",\"position\":1,\"name\":\"Home\",\"item\":\"https:\\\/\\\/fit360.ee\\\/en\\\/\"},{\"@type\":\"ListItem\",\"position\":2,\"name\":\"Shop\",\"item\":\"https:\\\/\\\/fit360.ee\\\/en\\\/shop\\\/\"},{\"@type\":\"ListItem\",\"position\":3,\"name\":\"Tie Dye Scrunch Leggings, Pink Tie Dye\"}]},{\"@type\":\"WebSite\",\"@id\":\"https:\\\/\\\/fit360.ee\\\/en\\\/#website\",\"url\":\"https:\\\/\\\/fit360.ee\\\/en\\\/\",\"name\":\"Fit360\",\"description\":\"\",\"publisher\":{\"@id\":\"https:\\\/\\\/fit360.ee\\\/en\\\/#organization\"},\"potentialAction\":[{\"@type\":\"SearchAction\",\"target\":{\"@type\":\"EntryPoint\",\"urlTemplate\":\"https:\\\/\\\/fit360.ee\\\/en\\\/?s={search_term_string}\"},\"query-input\":{\"@type\":\"PropertyValueSpecification\",\"valueRequired\":true,\"valueName\":\"search_term_string\"}}],\"inLanguage\":\"en-US\"},{\"@type\":\"Organization\",\"@id\":\"https:\\\/\\\/fit360.ee\\\/en\\\/#organization\",\"name\":\"Fit360\",\"url\":\"https:\\\/\\\/fit360.ee\\\/en\\\/\",\"logo\":{\"@type\":\"ImageObject\",\"inLanguage\":\"en-US\",\"@id\":\"https:\\\/\\\/fit360.ee\\\/en\\\/#\\\/schema\\\/logo\\\/image\\\/\",\"url\":\"https:\\\/\\\/fit360.ee\\\/wp-content\\\/uploads\\\/2017\\\/01\\\/logo-fit360.png\",\"contentUrl\":\"https:\\\/\\\/fit360.ee\\\/wp-content\\\/uploads\\\/2017\\\/01\\\/logo-fit360.png\",\"width\":180,\"height\":66,\"caption\":\"Fit360\"},\"image\":{\"@id\":\"https:\\\/\\\/fit360.ee\\\/en\\\/#\\\/schema\\\/logo\\\/image\\\/\"}}]}<\/script>\n<!-- \/ Yoast SEO plugin. -->","yoast_head_json":{"title":"Tie Dye Scrunch Leggings, Pink Tie Dye - Fit360","robots":{"index":"index","follow":"follow","max-snippet":"max-snippet:-1","max-image-preview":"max-image-preview:large","max-video-preview":"max-video-preview:-1"},"canonical":"https:\/\/fit360.ee\/en\/pood\/training-equipment-en\/fitness-clothing-en\/tie-dye-scrunch-leggings-pink-tie-dye\/","og_locale":"en_US","og_type":"article","og_title":"Tie Dye Scrunch Leggings, Pink Tie Dye - Fit360","og_description":"Fit: Slim V\u00f6\u00f6koht: K\u00f5rge Pikkus: t\u00e4is Materjal: 80% nailon 20% spandex  &nbsp;","og_url":"https:\/\/fit360.ee\/en\/pood\/training-equipment-en\/fitness-clothing-en\/tie-dye-scrunch-leggings-pink-tie-dye\/","og_site_name":"Fit360","article_modified_time":"2026-03-20T09:53:39+00:00","og_image":[{"width":1000,"height":1000,"url":"https:\/\/fit360.ee\/wp-content\/uploads\/2022\/09\/ezgif.com-gif-maker-15.jpg","type":"image\/jpeg"}],"twitter_card":"summary_large_image","twitter_misc":{"Est. reading time":"2 minutes"},"schema":{"@context":"https:\/\/schema.org","@graph":[{"@type":"WebPage","@id":"https:\/\/fit360.ee\/en\/pood\/training-equipment-en\/fitness-clothing-en\/tie-dye-scrunch-leggings-pink-tie-dye\/","url":"https:\/\/fit360.ee\/en\/pood\/training-equipment-en\/fitness-clothing-en\/tie-dye-scrunch-leggings-pink-tie-dye\/","name":"Tie Dye Scrunch Leggings, Pink Tie Dye - Fit360","isPartOf":{"@id":"https:\/\/fit360.ee\/en\/#website"},"primaryImageOfPage":{"@id":"https:\/\/fit360.ee\/en\/pood\/training-equipment-en\/fitness-clothing-en\/tie-dye-scrunch-leggings-pink-tie-dye\/#primaryimage"},"image":{"@id":"https:\/\/fit360.ee\/en\/pood\/training-equipment-en\/fitness-clothing-en\/tie-dye-scrunch-leggings-pink-tie-dye\/#primaryimage"},"thumbnailUrl":"https:\/\/fit360.ee\/wp-content\/uploads\/2022\/09\/ezgif.com-gif-maker-15.jpg","datePublished":"2022-09-04T10:47:31+00:00","dateModified":"2026-03-20T09:53:39+00:00","breadcrumb":{"@id":"https:\/\/fit360.ee\/en\/pood\/training-equipment-en\/fitness-clothing-en\/tie-dye-scrunch-leggings-pink-tie-dye\/#breadcrumb"},"inLanguage":"en-US","potentialAction":[{"@type":"ReadAction","target":["https:\/\/fit360.ee\/en\/pood\/training-equipment-en\/fitness-clothing-en\/tie-dye-scrunch-leggings-pink-tie-dye\/"]}]},{"@type":"ImageObject","inLanguage":"en-US","@id":"https:\/\/fit360.ee\/en\/pood\/training-equipment-en\/fitness-clothing-en\/tie-dye-scrunch-leggings-pink-tie-dye\/#primaryimage","url":"https:\/\/fit360.ee\/wp-content\/uploads\/2022\/09\/ezgif.com-gif-maker-15.jpg","contentUrl":"https:\/\/fit360.ee\/wp-content\/uploads\/2022\/09\/ezgif.com-gif-maker-15.jpg","width":1000,"height":1000,"caption":"Tie Dye Scrunch Leggings pink - fit360.ee"},{"@type":"BreadcrumbList","@id":"https:\/\/fit360.ee\/en\/pood\/training-equipment-en\/fitness-clothing-en\/tie-dye-scrunch-leggings-pink-tie-dye\/#breadcrumb","itemListElement":[{"@type":"ListItem","position":1,"name":"Home","item":"https:\/\/fit360.ee\/en\/"},{"@type":"ListItem","position":2,"name":"Shop","item":"https:\/\/fit360.ee\/en\/shop\/"},{"@type":"ListItem","position":3,"name":"Tie Dye Scrunch Leggings, Pink Tie Dye"}]},{"@type":"WebSite","@id":"https:\/\/fit360.ee\/en\/#website","url":"https:\/\/fit360.ee\/en\/","name":"Fit360","description":"","publisher":{"@id":"https:\/\/fit360.ee\/en\/#organization"},"potentialAction":[{"@type":"SearchAction","target":{"@type":"EntryPoint","urlTemplate":"https:\/\/fit360.ee\/en\/?s={search_term_string}"},"query-input":{"@type":"PropertyValueSpecification","valueRequired":true,"valueName":"search_term_string"}}],"inLanguage":"en-US"},{"@type":"Organization","@id":"https:\/\/fit360.ee\/en\/#organization","name":"Fit360","url":"https:\/\/fit360.ee\/en\/","logo":{"@type":"ImageObject","inLanguage":"en-US","@id":"https:\/\/fit360.ee\/en\/#\/schema\/logo\/image\/","url":"https:\/\/fit360.ee\/wp-content\/uploads\/2017\/01\/logo-fit360.png","contentUrl":"https:\/\/fit360.ee\/wp-content\/uploads\/2017\/01\/logo-fit360.png","width":180,"height":66,"caption":"Fit360"},"image":{"@id":"https:\/\/fit360.ee\/en\/#\/schema\/logo\/image\/"}}]}},"_links":{"self":[{"href":"https:\/\/fit360.ee\/en\/wp-json\/wp\/v2\/product\/64723","targetHints":{"allow":["GET"]}}],"collection":[{"href":"https:\/\/fit360.ee\/en\/wp-json\/wp\/v2\/product"}],"about":[{"href":"https:\/\/fit360.ee\/en\/wp-json\/wp\/v2\/types\/product"}],"replies":[{"embeddable":true,"href":"https:\/\/fit360.ee\/en\/wp-json\/wp\/v2\/comments?post=64723"}],"wp:featuredmedia":[{"embeddable":true,"href":"https:\/\/fit360.ee\/en\/wp-json\/wp\/v2\/media\/64719"}],"wp:attachment":[{"href":"https:\/\/fit360.ee\/en\/wp-json\/wp\/v2\/media?parent=64723"}],"wp:term":[{"taxonomy":"product_brand","embeddable":true,"href":"https:\/\/fit360.ee\/en\/wp-json\/wp\/v2\/product_brand?post=64723"},{"taxonomy":"product_cat","embeddable":true,"href":"https:\/\/fit360.ee\/en\/wp-json\/wp\/v2\/product_cat?post=64723"},{"taxonomy":"product_tag","embeddable":true,"href":"https:\/\/fit360.ee\/en\/wp-json\/wp\/v2\/product_tag?post=64723"},{"taxonomy":"giftcard-category","embeddable":true,"href":"https:\/\/fit360.ee\/en\/wp-json\/wp\/v2\/giftcard-category?post=64723"}],"curies":[{"name":"wp","href":"https:\/\/api.w.org\/{rel}","templated":true}]}}