{"id":64866,"date":"2022-09-06T18:39:35","date_gmt":"2022-09-06T16:39:35","guid":{"rendered":"https:\/\/fit360.ee\/pood\/uncategorized\/team-bb-stringer-v2\/"},"modified":"2026-04-13T13:42:53","modified_gmt":"2026-04-13T11:42:53","slug":"team-bb-stringer-v2","status":"publish","type":"product","link":"https:\/\/fit360.ee\/en\/pood\/training-equipment-en\/fitness-clothing-en\/team-bb-stringer-v2\/","title":{"rendered":"Team BB Stringer V2"},"content":{"rendered":"<h1><strong>Team BB Stringer V2<\/strong><\/h1>\n<p><strong>Fit<\/strong>: <em>loose<\/em><br \/>\n<strong>Pikkus<\/strong>: tavaline<br \/>\n<strong>Materjal<\/strong>: 100% BCI puuvill<br \/>\n<strong>Omadused<\/strong>: toored l\u00f5igatud servad kaeluses, k\u00e4eaugu ja alt ava, s\u00fcgavalt l\u00f5igatud k\u00e4eaugud, kerge kangas<\/p>\n<p>Brian Moss, kes asutas Better Bodies 1982. aastal, on Team BB Tanki inspiratsiooniks. Mitte ainult logo pole 80ndatest p\u00e4rit, isegi sobivus on klassikaline. Toored servad ja avar istuvus loovad konarliku v\u00e4limuse, olles samas funktsionaalsed. Team BB Tank V2-l on parem istuvus ja see on saadaval v\u00e4rvides, et t\u00e4iendada \u00fclej\u00e4\u00e4nud Better Bodies&#8217;i sortimenti. Selle tank topiga saate j\u00f5usaali l\u00fc\u00fca t\u00f5elises Better Bodies vaimus.<\/p>\n<p><strong>NB!\u00a0<\/strong>Soovid tellida teistsugust suurust v\u00f5i v\u00e4rvi? V\u00f5tame vastu\u00a0<strong>BETTER BODIES\u00a0<\/strong>ja\u00a0<strong>GASP<\/strong>\u00a0treeningr\u00f5ivaste tellimusi. Tellimine toimub 2 korda kuus. Soovi korral kirjuta:\u00a0<strong>info@fit360.ee<\/strong><\/p>\n<p><a href=\"https:\/\/fit360.ee\/wp-content\/uploads\/2022\/09\/ezgif.com-gif-maker-38-800x800.jpg\"><img loading=\"lazy\" decoding=\"async\" class=\"size-medium wp-image-64856\" src=\"https:\/\/fit360.ee\/wp-content\/uploads\/2022\/09\/ezgif.com-gif-maker-38-800x800.jpg\" alt=\"Team BB Stringer V2 - fit360.ee\" width=\"800\" height=\"800\" srcset=\"https:\/\/fit360.ee\/wp-content\/uploads\/2022\/09\/ezgif.com-gif-maker-38-800x800.jpg 800w, https:\/\/fit360.ee\/wp-content\/uploads\/2022\/09\/ezgif.com-gif-maker-38-247x247.jpg 247w, https:\/\/fit360.ee\/wp-content\/uploads\/2022\/09\/ezgif.com-gif-maker-38-100x100.jpg 100w, https:\/\/fit360.ee\/wp-content\/uploads\/2022\/09\/ezgif.com-gif-maker-38-510x510.jpg 510w, https:\/\/fit360.ee\/wp-content\/uploads\/2022\/09\/ezgif.com-gif-maker-38-340x340.jpg 340w, https:\/\/fit360.ee\/wp-content\/uploads\/2022\/09\/ezgif.com-gif-maker-38-768x768.jpg 768w, https:\/\/fit360.ee\/wp-content\/uploads\/2022\/09\/ezgif.com-gif-maker-38-80x80.jpg 80w, https:\/\/fit360.ee\/wp-content\/uploads\/2022\/09\/ezgif.com-gif-maker-38.jpg 1000w\" sizes=\"auto, (max-width: 800px) 100vw, 800px\" \/><\/a><\/p>\n<p><a href=\"https:\/\/fit360.ee\/wp-content\/uploads\/2022\/09\/ezgif.com-gif-maker-37-800x800.jpg\"><img loading=\"lazy\" decoding=\"async\" class=\"size-medium wp-image-64858\" src=\"https:\/\/fit360.ee\/wp-content\/uploads\/2022\/09\/ezgif.com-gif-maker-37-800x800.jpg\" alt=\"Team BB Stringer V2 chilli red - fit360.ee\" width=\"800\" height=\"800\" srcset=\"https:\/\/fit360.ee\/wp-content\/uploads\/2022\/09\/ezgif.com-gif-maker-37-800x800.jpg 800w, https:\/\/fit360.ee\/wp-content\/uploads\/2022\/09\/ezgif.com-gif-maker-37-247x247.jpg 247w, https:\/\/fit360.ee\/wp-content\/uploads\/2022\/09\/ezgif.com-gif-maker-37-100x100.jpg 100w, https:\/\/fit360.ee\/wp-content\/uploads\/2022\/09\/ezgif.com-gif-maker-37-510x510.jpg 510w, https:\/\/fit360.ee\/wp-content\/uploads\/2022\/09\/ezgif.com-gif-maker-37-340x340.jpg 340w, https:\/\/fit360.ee\/wp-content\/uploads\/2022\/09\/ezgif.com-gif-maker-37-768x768.jpg 768w, https:\/\/fit360.ee\/wp-content\/uploads\/2022\/09\/ezgif.com-gif-maker-37-80x80.jpg 80w, https:\/\/fit360.ee\/wp-content\/uploads\/2022\/09\/ezgif.com-gif-maker-37.jpg 1000w\" sizes=\"auto, (max-width: 800px) 100vw, 800px\" \/><\/a><\/p>\n<p><a href=\"https:\/\/fit360.ee\/wp-content\/uploads\/2022\/09\/ezgif.com-gif-maker-36-800x800.jpg\"><img loading=\"lazy\" decoding=\"async\" class=\"size-medium wp-image-64860\" src=\"https:\/\/fit360.ee\/wp-content\/uploads\/2022\/09\/ezgif.com-gif-maker-36-800x800.jpg\" alt=\"Team BB Stringer V2 chilli red 2 - fit360.ee\" width=\"800\" height=\"800\" srcset=\"https:\/\/fit360.ee\/wp-content\/uploads\/2022\/09\/ezgif.com-gif-maker-36-800x800.jpg 800w, https:\/\/fit360.ee\/wp-content\/uploads\/2022\/09\/ezgif.com-gif-maker-36-247x247.jpg 247w, https:\/\/fit360.ee\/wp-content\/uploads\/2022\/09\/ezgif.com-gif-maker-36-100x100.jpg 100w, https:\/\/fit360.ee\/wp-content\/uploads\/2022\/09\/ezgif.com-gif-maker-36-510x510.jpg 510w, https:\/\/fit360.ee\/wp-content\/uploads\/2022\/09\/ezgif.com-gif-maker-36-340x340.jpg 340w, https:\/\/fit360.ee\/wp-content\/uploads\/2022\/09\/ezgif.com-gif-maker-36-768x768.jpg 768w, https:\/\/fit360.ee\/wp-content\/uploads\/2022\/09\/ezgif.com-gif-maker-36-80x80.jpg 80w, https:\/\/fit360.ee\/wp-content\/uploads\/2022\/09\/ezgif.com-gif-maker-36.jpg 1000w\" sizes=\"auto, (max-width: 800px) 100vw, 800px\" \/><\/a><\/p>\n","protected":false},"excerpt":{"rendered":"<p><strong>Fit<\/strong>: <em>loose<\/em><br \/>\n<strong>Pikkus<\/strong>: tavaline<br \/>\n<strong>Materjal<\/strong>: 100% BCI puuvill<\/p>\n","protected":false},"featured_media":64861,"comment_status":"closed","ping_status":"closed","template":"","meta":[],"product_brand":[],"product_cat":[547],"product_tag":[2522,3939],"giftcard-category":[],"class_list":{"0":"post-64866","1":"product","2":"type-product","3":"status-publish","4":"has-post-thumbnail","6":"product_cat-fitness-clothing-en","7":"product_tag-better-bodies-en","8":"product_tag-team-bb-stringer-v2-en","9":"pa_suurus-l","10":"pa_suurus-m","11":"pa_suurus-xl","13":"first","14":"instock","15":"sale","16":"taxable","17":"shipping-taxable","18":"purchasable","19":"product-type-variable"},"yoast_head":"<!-- This site is optimized with the Yoast SEO plugin v27.3 - https:\/\/yoast.com\/product\/yoast-seo-wordpress\/ -->\n<title>Team BB Stringer V2 - Fit360<\/title>\n<meta name=\"robots\" content=\"index, follow, max-snippet:-1, max-image-preview:large, max-video-preview:-1\" \/>\n<link rel=\"canonical\" href=\"https:\/\/fit360.ee\/en\/pood\/training-equipment-en\/fitness-clothing-en\/team-bb-stringer-v2\/\" \/>\n<meta property=\"og:locale\" content=\"en_US\" \/>\n<meta property=\"og:type\" content=\"article\" \/>\n<meta property=\"og:title\" content=\"Team BB Stringer V2 - Fit360\" \/>\n<meta property=\"og:description\" content=\"Fit: loose Pikkus: tavaline Materjal: 100% BCI puuvill\" \/>\n<meta property=\"og:url\" content=\"https:\/\/fit360.ee\/en\/pood\/training-equipment-en\/fitness-clothing-en\/team-bb-stringer-v2\/\" \/>\n<meta property=\"og:site_name\" content=\"Fit360\" \/>\n<meta property=\"article:modified_time\" content=\"2026-04-13T11:42:53+00:00\" \/>\n<meta property=\"og:image\" content=\"https:\/\/fit360.ee\/wp-content\/uploads\/2022\/09\/ezgif.com-gif-maker-36.jpg\" \/>\n\t<meta property=\"og:image:width\" content=\"1000\" \/>\n\t<meta property=\"og:image:height\" content=\"1000\" \/>\n\t<meta property=\"og:image:type\" content=\"image\/jpeg\" \/>\n<meta name=\"twitter:card\" content=\"summary_large_image\" \/>\n<meta name=\"twitter:label1\" content=\"Est. reading time\" \/>\n\t<meta name=\"twitter:data1\" content=\"2 minutes\" \/>\n<script type=\"application\/ld+json\" class=\"yoast-schema-graph\">{\"@context\":\"https:\\\/\\\/schema.org\",\"@graph\":[{\"@type\":\"WebPage\",\"@id\":\"https:\\\/\\\/fit360.ee\\\/en\\\/pood\\\/training-equipment-en\\\/fitness-clothing-en\\\/team-bb-stringer-v2\\\/\",\"url\":\"https:\\\/\\\/fit360.ee\\\/en\\\/pood\\\/training-equipment-en\\\/fitness-clothing-en\\\/team-bb-stringer-v2\\\/\",\"name\":\"Team BB Stringer V2 - Fit360\",\"isPartOf\":{\"@id\":\"https:\\\/\\\/fit360.ee\\\/en\\\/#website\"},\"primaryImageOfPage\":{\"@id\":\"https:\\\/\\\/fit360.ee\\\/en\\\/pood\\\/training-equipment-en\\\/fitness-clothing-en\\\/team-bb-stringer-v2\\\/#primaryimage\"},\"image\":{\"@id\":\"https:\\\/\\\/fit360.ee\\\/en\\\/pood\\\/training-equipment-en\\\/fitness-clothing-en\\\/team-bb-stringer-v2\\\/#primaryimage\"},\"thumbnailUrl\":\"https:\\\/\\\/fit360.ee\\\/wp-content\\\/uploads\\\/2022\\\/09\\\/ezgif.com-gif-maker-36.jpg\",\"datePublished\":\"2022-09-06T16:39:35+00:00\",\"dateModified\":\"2026-04-13T11:42:53+00:00\",\"breadcrumb\":{\"@id\":\"https:\\\/\\\/fit360.ee\\\/en\\\/pood\\\/training-equipment-en\\\/fitness-clothing-en\\\/team-bb-stringer-v2\\\/#breadcrumb\"},\"inLanguage\":\"en-US\",\"potentialAction\":[{\"@type\":\"ReadAction\",\"target\":[\"https:\\\/\\\/fit360.ee\\\/en\\\/pood\\\/training-equipment-en\\\/fitness-clothing-en\\\/team-bb-stringer-v2\\\/\"]}]},{\"@type\":\"ImageObject\",\"inLanguage\":\"en-US\",\"@id\":\"https:\\\/\\\/fit360.ee\\\/en\\\/pood\\\/training-equipment-en\\\/fitness-clothing-en\\\/team-bb-stringer-v2\\\/#primaryimage\",\"url\":\"https:\\\/\\\/fit360.ee\\\/wp-content\\\/uploads\\\/2022\\\/09\\\/ezgif.com-gif-maker-36.jpg\",\"contentUrl\":\"https:\\\/\\\/fit360.ee\\\/wp-content\\\/uploads\\\/2022\\\/09\\\/ezgif.com-gif-maker-36.jpg\",\"width\":1000,\"height\":1000,\"caption\":\"Team BB Stringer V2 chilli red 2 - fit360.ee\"},{\"@type\":\"BreadcrumbList\",\"@id\":\"https:\\\/\\\/fit360.ee\\\/en\\\/pood\\\/training-equipment-en\\\/fitness-clothing-en\\\/team-bb-stringer-v2\\\/#breadcrumb\",\"itemListElement\":[{\"@type\":\"ListItem\",\"position\":1,\"name\":\"Home\",\"item\":\"https:\\\/\\\/fit360.ee\\\/en\\\/\"},{\"@type\":\"ListItem\",\"position\":2,\"name\":\"Shop\",\"item\":\"https:\\\/\\\/fit360.ee\\\/en\\\/shop\\\/\"},{\"@type\":\"ListItem\",\"position\":3,\"name\":\"Team BB Stringer V2\"}]},{\"@type\":\"WebSite\",\"@id\":\"https:\\\/\\\/fit360.ee\\\/en\\\/#website\",\"url\":\"https:\\\/\\\/fit360.ee\\\/en\\\/\",\"name\":\"Fit360\",\"description\":\"\",\"publisher\":{\"@id\":\"https:\\\/\\\/fit360.ee\\\/en\\\/#organization\"},\"potentialAction\":[{\"@type\":\"SearchAction\",\"target\":{\"@type\":\"EntryPoint\",\"urlTemplate\":\"https:\\\/\\\/fit360.ee\\\/en\\\/?s={search_term_string}\"},\"query-input\":{\"@type\":\"PropertyValueSpecification\",\"valueRequired\":true,\"valueName\":\"search_term_string\"}}],\"inLanguage\":\"en-US\"},{\"@type\":\"Organization\",\"@id\":\"https:\\\/\\\/fit360.ee\\\/en\\\/#organization\",\"name\":\"Fit360\",\"url\":\"https:\\\/\\\/fit360.ee\\\/en\\\/\",\"logo\":{\"@type\":\"ImageObject\",\"inLanguage\":\"en-US\",\"@id\":\"https:\\\/\\\/fit360.ee\\\/en\\\/#\\\/schema\\\/logo\\\/image\\\/\",\"url\":\"https:\\\/\\\/fit360.ee\\\/wp-content\\\/uploads\\\/2017\\\/01\\\/logo-fit360.png\",\"contentUrl\":\"https:\\\/\\\/fit360.ee\\\/wp-content\\\/uploads\\\/2017\\\/01\\\/logo-fit360.png\",\"width\":180,\"height\":66,\"caption\":\"Fit360\"},\"image\":{\"@id\":\"https:\\\/\\\/fit360.ee\\\/en\\\/#\\\/schema\\\/logo\\\/image\\\/\"}}]}<\/script>\n<!-- \/ Yoast SEO plugin. -->","yoast_head_json":{"title":"Team BB Stringer V2 - Fit360","robots":{"index":"index","follow":"follow","max-snippet":"max-snippet:-1","max-image-preview":"max-image-preview:large","max-video-preview":"max-video-preview:-1"},"canonical":"https:\/\/fit360.ee\/en\/pood\/training-equipment-en\/fitness-clothing-en\/team-bb-stringer-v2\/","og_locale":"en_US","og_type":"article","og_title":"Team BB Stringer V2 - Fit360","og_description":"Fit: loose Pikkus: tavaline Materjal: 100% BCI puuvill","og_url":"https:\/\/fit360.ee\/en\/pood\/training-equipment-en\/fitness-clothing-en\/team-bb-stringer-v2\/","og_site_name":"Fit360","article_modified_time":"2026-04-13T11:42:53+00:00","og_image":[{"width":1000,"height":1000,"url":"https:\/\/fit360.ee\/wp-content\/uploads\/2022\/09\/ezgif.com-gif-maker-36.jpg","type":"image\/jpeg"}],"twitter_card":"summary_large_image","twitter_misc":{"Est. reading time":"2 minutes"},"schema":{"@context":"https:\/\/schema.org","@graph":[{"@type":"WebPage","@id":"https:\/\/fit360.ee\/en\/pood\/training-equipment-en\/fitness-clothing-en\/team-bb-stringer-v2\/","url":"https:\/\/fit360.ee\/en\/pood\/training-equipment-en\/fitness-clothing-en\/team-bb-stringer-v2\/","name":"Team BB Stringer V2 - Fit360","isPartOf":{"@id":"https:\/\/fit360.ee\/en\/#website"},"primaryImageOfPage":{"@id":"https:\/\/fit360.ee\/en\/pood\/training-equipment-en\/fitness-clothing-en\/team-bb-stringer-v2\/#primaryimage"},"image":{"@id":"https:\/\/fit360.ee\/en\/pood\/training-equipment-en\/fitness-clothing-en\/team-bb-stringer-v2\/#primaryimage"},"thumbnailUrl":"https:\/\/fit360.ee\/wp-content\/uploads\/2022\/09\/ezgif.com-gif-maker-36.jpg","datePublished":"2022-09-06T16:39:35+00:00","dateModified":"2026-04-13T11:42:53+00:00","breadcrumb":{"@id":"https:\/\/fit360.ee\/en\/pood\/training-equipment-en\/fitness-clothing-en\/team-bb-stringer-v2\/#breadcrumb"},"inLanguage":"en-US","potentialAction":[{"@type":"ReadAction","target":["https:\/\/fit360.ee\/en\/pood\/training-equipment-en\/fitness-clothing-en\/team-bb-stringer-v2\/"]}]},{"@type":"ImageObject","inLanguage":"en-US","@id":"https:\/\/fit360.ee\/en\/pood\/training-equipment-en\/fitness-clothing-en\/team-bb-stringer-v2\/#primaryimage","url":"https:\/\/fit360.ee\/wp-content\/uploads\/2022\/09\/ezgif.com-gif-maker-36.jpg","contentUrl":"https:\/\/fit360.ee\/wp-content\/uploads\/2022\/09\/ezgif.com-gif-maker-36.jpg","width":1000,"height":1000,"caption":"Team BB Stringer V2 chilli red 2 - fit360.ee"},{"@type":"BreadcrumbList","@id":"https:\/\/fit360.ee\/en\/pood\/training-equipment-en\/fitness-clothing-en\/team-bb-stringer-v2\/#breadcrumb","itemListElement":[{"@type":"ListItem","position":1,"name":"Home","item":"https:\/\/fit360.ee\/en\/"},{"@type":"ListItem","position":2,"name":"Shop","item":"https:\/\/fit360.ee\/en\/shop\/"},{"@type":"ListItem","position":3,"name":"Team BB Stringer V2"}]},{"@type":"WebSite","@id":"https:\/\/fit360.ee\/en\/#website","url":"https:\/\/fit360.ee\/en\/","name":"Fit360","description":"","publisher":{"@id":"https:\/\/fit360.ee\/en\/#organization"},"potentialAction":[{"@type":"SearchAction","target":{"@type":"EntryPoint","urlTemplate":"https:\/\/fit360.ee\/en\/?s={search_term_string}"},"query-input":{"@type":"PropertyValueSpecification","valueRequired":true,"valueName":"search_term_string"}}],"inLanguage":"en-US"},{"@type":"Organization","@id":"https:\/\/fit360.ee\/en\/#organization","name":"Fit360","url":"https:\/\/fit360.ee\/en\/","logo":{"@type":"ImageObject","inLanguage":"en-US","@id":"https:\/\/fit360.ee\/en\/#\/schema\/logo\/image\/","url":"https:\/\/fit360.ee\/wp-content\/uploads\/2017\/01\/logo-fit360.png","contentUrl":"https:\/\/fit360.ee\/wp-content\/uploads\/2017\/01\/logo-fit360.png","width":180,"height":66,"caption":"Fit360"},"image":{"@id":"https:\/\/fit360.ee\/en\/#\/schema\/logo\/image\/"}}]}},"_links":{"self":[{"href":"https:\/\/fit360.ee\/en\/wp-json\/wp\/v2\/product\/64866","targetHints":{"allow":["GET"]}}],"collection":[{"href":"https:\/\/fit360.ee\/en\/wp-json\/wp\/v2\/product"}],"about":[{"href":"https:\/\/fit360.ee\/en\/wp-json\/wp\/v2\/types\/product"}],"replies":[{"embeddable":true,"href":"https:\/\/fit360.ee\/en\/wp-json\/wp\/v2\/comments?post=64866"}],"wp:featuredmedia":[{"embeddable":true,"href":"https:\/\/fit360.ee\/en\/wp-json\/wp\/v2\/media\/64861"}],"wp:attachment":[{"href":"https:\/\/fit360.ee\/en\/wp-json\/wp\/v2\/media?parent=64866"}],"wp:term":[{"taxonomy":"product_brand","embeddable":true,"href":"https:\/\/fit360.ee\/en\/wp-json\/wp\/v2\/product_brand?post=64866"},{"taxonomy":"product_cat","embeddable":true,"href":"https:\/\/fit360.ee\/en\/wp-json\/wp\/v2\/product_cat?post=64866"},{"taxonomy":"product_tag","embeddable":true,"href":"https:\/\/fit360.ee\/en\/wp-json\/wp\/v2\/product_tag?post=64866"},{"taxonomy":"giftcard-category","embeddable":true,"href":"https:\/\/fit360.ee\/en\/wp-json\/wp\/v2\/giftcard-category?post=64866"}],"curies":[{"name":"wp","href":"https:\/\/api.w.org\/{rel}","templated":true}]}}