{"id":64882,"date":"2022-09-06T19:11:31","date_gmt":"2022-09-06T17:11:31","guid":{"rendered":"https:\/\/fit360.ee\/pood\/uncategorized\/empire-sweatshorts\/"},"modified":"2026-04-11T10:12:06","modified_gmt":"2026-04-11T08:12:06","slug":"empire-sweatshorts","status":"publish","type":"product","link":"https:\/\/fit360.ee\/en\/pood\/training-equipment-en\/fitness-clothing-en\/empire-sweatshorts\/","title":{"rendered":"Empire Sweatshorts"},"content":{"rendered":"<h1><strong>Empire Sweatshorts<\/strong><\/h1>\n<p><strong>Fit<\/strong>: kitsenev<br \/>\n<strong>V\u00f6\u00f6koht<\/strong>: Tavaline<br \/>\n<strong>Pikkus<\/strong>: t\u00e4is<br \/>\n<strong>Materjal<\/strong>: 45% puuvill, 47% pol\u00fcester, 8% elastaan<br \/>\n<strong>Omadused<\/strong>: Pehme ja painduv materjal, lukuga taskud, n\u00f6\u00f6r ja elastik v\u00f6\u00f6kohal<\/p>\n<p>Empire Sweatshorts sobivad suurep\u00e4raselt \u00f5ues treenimiseks, soojaks suve\u00f5htuks v\u00f5i isegi p\u00e4evaks diivanil. Need on igap\u00e4evased dressip\u00fcksid mis on liibuvad (kuid mitte liiga liibuv). T\u00e4nu painduvale materjalile hoiavad need l\u00fchikesed p\u00fcksid oma kuju kogu p\u00e4eva.<\/p>\n<p><strong>NB!\u00a0<\/strong>Soovid tellida teistsugust suurust v\u00f5i v\u00e4rvi? V\u00f5tame vastu\u00a0<strong>BETTER BODIES\u00a0<\/strong>ja\u00a0<strong>GASP<\/strong>\u00a0treeningr\u00f5ivaste tellimusi. Tellimine toimub 2 korda kuus. Soovi korral kirjuta:\u00a0<strong>info@fit360.ee<\/strong><\/p>\n<p><a href=\"https:\/\/fit360.ee\/wp-content\/uploads\/2022\/09\/ezgif.com-gif-maker-42-800x800.jpg\"><img loading=\"lazy\" decoding=\"async\" class=\"size-medium wp-image-64872\" src=\"https:\/\/fit360.ee\/wp-content\/uploads\/2022\/09\/ezgif.com-gif-maker-42-800x800.jpg\" alt=\"empire sweatshorts - fit360.ee\" width=\"800\" height=\"800\" srcset=\"https:\/\/fit360.ee\/wp-content\/uploads\/2022\/09\/ezgif.com-gif-maker-42-800x800.jpg 800w, https:\/\/fit360.ee\/wp-content\/uploads\/2022\/09\/ezgif.com-gif-maker-42-247x247.jpg 247w, https:\/\/fit360.ee\/wp-content\/uploads\/2022\/09\/ezgif.com-gif-maker-42-100x100.jpg 100w, https:\/\/fit360.ee\/wp-content\/uploads\/2022\/09\/ezgif.com-gif-maker-42-510x510.jpg 510w, https:\/\/fit360.ee\/wp-content\/uploads\/2022\/09\/ezgif.com-gif-maker-42-340x340.jpg 340w, https:\/\/fit360.ee\/wp-content\/uploads\/2022\/09\/ezgif.com-gif-maker-42-768x768.jpg 768w, https:\/\/fit360.ee\/wp-content\/uploads\/2022\/09\/ezgif.com-gif-maker-42-80x80.jpg 80w, https:\/\/fit360.ee\/wp-content\/uploads\/2022\/09\/ezgif.com-gif-maker-42.jpg 1000w\" sizes=\"auto, (max-width: 800px) 100vw, 800px\" \/><\/a><\/p>\n<p><a href=\"https:\/\/fit360.ee\/wp-content\/uploads\/2022\/09\/ezgif.com-gif-maker-41-800x800.jpg\"><img loading=\"lazy\" decoding=\"async\" class=\"size-medium wp-image-64874\" src=\"https:\/\/fit360.ee\/wp-content\/uploads\/2022\/09\/ezgif.com-gif-maker-41-800x800.jpg\" alt=\"empire sweatshorts washed green- fit360.ee\" width=\"800\" height=\"800\" srcset=\"https:\/\/fit360.ee\/wp-content\/uploads\/2022\/09\/ezgif.com-gif-maker-41-800x800.jpg 800w, https:\/\/fit360.ee\/wp-content\/uploads\/2022\/09\/ezgif.com-gif-maker-41-247x247.jpg 247w, https:\/\/fit360.ee\/wp-content\/uploads\/2022\/09\/ezgif.com-gif-maker-41-100x100.jpg 100w, https:\/\/fit360.ee\/wp-content\/uploads\/2022\/09\/ezgif.com-gif-maker-41-510x510.jpg 510w, https:\/\/fit360.ee\/wp-content\/uploads\/2022\/09\/ezgif.com-gif-maker-41-340x340.jpg 340w, https:\/\/fit360.ee\/wp-content\/uploads\/2022\/09\/ezgif.com-gif-maker-41-768x768.jpg 768w, https:\/\/fit360.ee\/wp-content\/uploads\/2022\/09\/ezgif.com-gif-maker-41-80x80.jpg 80w, https:\/\/fit360.ee\/wp-content\/uploads\/2022\/09\/ezgif.com-gif-maker-41.jpg 1000w\" sizes=\"auto, (max-width: 800px) 100vw, 800px\" \/><\/a><\/p>\n<p><a href=\"https:\/\/fit360.ee\/wp-content\/uploads\/2022\/09\/ezgif.com-gif-maker-40-800x800.jpg\"><img loading=\"lazy\" decoding=\"async\" class=\"size-medium wp-image-64876\" src=\"https:\/\/fit360.ee\/wp-content\/uploads\/2022\/09\/ezgif.com-gif-maker-40-800x800.jpg\" alt=\"empire sweatshorts green- fit360.ee\" width=\"800\" height=\"800\" srcset=\"https:\/\/fit360.ee\/wp-content\/uploads\/2022\/09\/ezgif.com-gif-maker-40-800x800.jpg 800w, https:\/\/fit360.ee\/wp-content\/uploads\/2022\/09\/ezgif.com-gif-maker-40-247x247.jpg 247w, https:\/\/fit360.ee\/wp-content\/uploads\/2022\/09\/ezgif.com-gif-maker-40-100x100.jpg 100w, https:\/\/fit360.ee\/wp-content\/uploads\/2022\/09\/ezgif.com-gif-maker-40-510x510.jpg 510w, https:\/\/fit360.ee\/wp-content\/uploads\/2022\/09\/ezgif.com-gif-maker-40-340x340.jpg 340w, https:\/\/fit360.ee\/wp-content\/uploads\/2022\/09\/ezgif.com-gif-maker-40-768x768.jpg 768w, https:\/\/fit360.ee\/wp-content\/uploads\/2022\/09\/ezgif.com-gif-maker-40-80x80.jpg 80w, https:\/\/fit360.ee\/wp-content\/uploads\/2022\/09\/ezgif.com-gif-maker-40.jpg 1000w\" sizes=\"auto, (max-width: 800px) 100vw, 800px\" \/><\/a><\/p>\n<p><a href=\"https:\/\/fit360.ee\/wp-content\/uploads\/2022\/09\/ezgif.com-gif-maker-39-800x800.jpg\"><img loading=\"lazy\" decoding=\"async\" class=\"size-medium wp-image-64878\" src=\"https:\/\/fit360.ee\/wp-content\/uploads\/2022\/09\/ezgif.com-gif-maker-39-800x800.jpg\" alt=\"empire sweatshorts roheline- fit360.ee\" width=\"800\" height=\"800\" srcset=\"https:\/\/fit360.ee\/wp-content\/uploads\/2022\/09\/ezgif.com-gif-maker-39-800x800.jpg 800w, https:\/\/fit360.ee\/wp-content\/uploads\/2022\/09\/ezgif.com-gif-maker-39-247x247.jpg 247w, https:\/\/fit360.ee\/wp-content\/uploads\/2022\/09\/ezgif.com-gif-maker-39-100x100.jpg 100w, https:\/\/fit360.ee\/wp-content\/uploads\/2022\/09\/ezgif.com-gif-maker-39-510x510.jpg 510w, https:\/\/fit360.ee\/wp-content\/uploads\/2022\/09\/ezgif.com-gif-maker-39-340x340.jpg 340w, https:\/\/fit360.ee\/wp-content\/uploads\/2022\/09\/ezgif.com-gif-maker-39-768x768.jpg 768w, https:\/\/fit360.ee\/wp-content\/uploads\/2022\/09\/ezgif.com-gif-maker-39-80x80.jpg 80w, https:\/\/fit360.ee\/wp-content\/uploads\/2022\/09\/ezgif.com-gif-maker-39.jpg 1000w\" sizes=\"auto, (max-width: 800px) 100vw, 800px\" \/><\/a><\/p>\n","protected":false},"excerpt":{"rendered":"<p><strong>Fit<\/strong>: kitsenev<br \/>\n<strong>V\u00f6\u00f6koht<\/strong>: Tavaline<br \/>\n<strong>Pikkus<\/strong>: t\u00e4is<br \/>\n<strong>Materjal<\/strong>: 45% puuvill, 47% pol\u00fcester, 8% elastaan<\/p>\n","protected":false},"featured_media":64873,"comment_status":"closed","ping_status":"closed","template":"","meta":[],"product_brand":[],"product_cat":[547],"product_tag":[2522,3941],"giftcard-category":[],"class_list":{"0":"post-64882","1":"product","2":"type-product","3":"status-publish","4":"has-post-thumbnail","6":"product_cat-fitness-clothing-en","7":"product_tag-better-bodies-en","8":"product_tag-empire-sweatshorts-en","9":"pa_suurus-s","10":"pa_suurus-xs","12":"first","13":"instock","14":"sale","15":"taxable","16":"shipping-taxable","17":"purchasable","18":"product-type-variable"},"yoast_head":"<!-- This site is optimized with the Yoast SEO plugin v27.5 - https:\/\/yoast.com\/product\/yoast-seo-wordpress\/ -->\n<title>Empire Sweatshorts - Fit360<\/title>\n<meta name=\"robots\" content=\"index, follow, max-snippet:-1, max-image-preview:large, max-video-preview:-1\" \/>\n<link rel=\"canonical\" href=\"https:\/\/fit360.ee\/en\/pood\/training-equipment-en\/fitness-clothing-en\/empire-sweatshorts\/\" \/>\n<meta property=\"og:locale\" content=\"en_US\" \/>\n<meta property=\"og:type\" content=\"article\" \/>\n<meta property=\"og:title\" content=\"Empire Sweatshorts - Fit360\" \/>\n<meta property=\"og:description\" content=\"Fit: kitsenev V\u00f6\u00f6koht: Tavaline Pikkus: t\u00e4is Materjal: 45% puuvill, 47% pol\u00fcester, 8% elastaan\" \/>\n<meta property=\"og:url\" content=\"https:\/\/fit360.ee\/en\/pood\/training-equipment-en\/fitness-clothing-en\/empire-sweatshorts\/\" \/>\n<meta property=\"og:site_name\" content=\"Fit360\" \/>\n<meta property=\"article:modified_time\" content=\"2026-04-11T08:12:06+00:00\" \/>\n<meta property=\"og:image\" content=\"https:\/\/fit360.ee\/wp-content\/uploads\/2022\/09\/ezgif.com-gif-maker-42.jpg\" \/>\n\t<meta property=\"og:image:width\" content=\"1000\" \/>\n\t<meta property=\"og:image:height\" content=\"1000\" \/>\n\t<meta property=\"og:image:type\" content=\"image\/jpeg\" \/>\n<meta name=\"twitter:card\" content=\"summary_large_image\" \/>\n<meta name=\"twitter:label1\" content=\"Est. reading time\" \/>\n\t<meta name=\"twitter:data1\" content=\"2 minutes\" \/>\n<script type=\"application\/ld+json\" class=\"yoast-schema-graph\">{\"@context\":\"https:\\\/\\\/schema.org\",\"@graph\":[{\"@type\":\"WebPage\",\"@id\":\"https:\\\/\\\/fit360.ee\\\/en\\\/pood\\\/training-equipment-en\\\/fitness-clothing-en\\\/empire-sweatshorts\\\/\",\"url\":\"https:\\\/\\\/fit360.ee\\\/en\\\/pood\\\/training-equipment-en\\\/fitness-clothing-en\\\/empire-sweatshorts\\\/\",\"name\":\"Empire Sweatshorts - Fit360\",\"isPartOf\":{\"@id\":\"https:\\\/\\\/fit360.ee\\\/en\\\/#website\"},\"primaryImageOfPage\":{\"@id\":\"https:\\\/\\\/fit360.ee\\\/en\\\/pood\\\/training-equipment-en\\\/fitness-clothing-en\\\/empire-sweatshorts\\\/#primaryimage\"},\"image\":{\"@id\":\"https:\\\/\\\/fit360.ee\\\/en\\\/pood\\\/training-equipment-en\\\/fitness-clothing-en\\\/empire-sweatshorts\\\/#primaryimage\"},\"thumbnailUrl\":\"https:\\\/\\\/fit360.ee\\\/wp-content\\\/uploads\\\/2022\\\/09\\\/ezgif.com-gif-maker-42.jpg\",\"datePublished\":\"2022-09-06T17:11:31+00:00\",\"dateModified\":\"2026-04-11T08:12:06+00:00\",\"breadcrumb\":{\"@id\":\"https:\\\/\\\/fit360.ee\\\/en\\\/pood\\\/training-equipment-en\\\/fitness-clothing-en\\\/empire-sweatshorts\\\/#breadcrumb\"},\"inLanguage\":\"en-US\",\"potentialAction\":[{\"@type\":\"ReadAction\",\"target\":[\"https:\\\/\\\/fit360.ee\\\/en\\\/pood\\\/training-equipment-en\\\/fitness-clothing-en\\\/empire-sweatshorts\\\/\"]}]},{\"@type\":\"ImageObject\",\"inLanguage\":\"en-US\",\"@id\":\"https:\\\/\\\/fit360.ee\\\/en\\\/pood\\\/training-equipment-en\\\/fitness-clothing-en\\\/empire-sweatshorts\\\/#primaryimage\",\"url\":\"https:\\\/\\\/fit360.ee\\\/wp-content\\\/uploads\\\/2022\\\/09\\\/ezgif.com-gif-maker-42.jpg\",\"contentUrl\":\"https:\\\/\\\/fit360.ee\\\/wp-content\\\/uploads\\\/2022\\\/09\\\/ezgif.com-gif-maker-42.jpg\",\"width\":1000,\"height\":1000,\"caption\":\"empire sweatshorts - fit360.ee\"},{\"@type\":\"BreadcrumbList\",\"@id\":\"https:\\\/\\\/fit360.ee\\\/en\\\/pood\\\/training-equipment-en\\\/fitness-clothing-en\\\/empire-sweatshorts\\\/#breadcrumb\",\"itemListElement\":[{\"@type\":\"ListItem\",\"position\":1,\"name\":\"Home\",\"item\":\"https:\\\/\\\/fit360.ee\\\/en\\\/\"},{\"@type\":\"ListItem\",\"position\":2,\"name\":\"Shop\",\"item\":\"https:\\\/\\\/fit360.ee\\\/en\\\/shop\\\/\"},{\"@type\":\"ListItem\",\"position\":3,\"name\":\"Empire Sweatshorts\"}]},{\"@type\":\"WebSite\",\"@id\":\"https:\\\/\\\/fit360.ee\\\/en\\\/#website\",\"url\":\"https:\\\/\\\/fit360.ee\\\/en\\\/\",\"name\":\"Fit360\",\"description\":\"\",\"publisher\":{\"@id\":\"https:\\\/\\\/fit360.ee\\\/en\\\/#organization\"},\"potentialAction\":[{\"@type\":\"SearchAction\",\"target\":{\"@type\":\"EntryPoint\",\"urlTemplate\":\"https:\\\/\\\/fit360.ee\\\/en\\\/?s={search_term_string}\"},\"query-input\":{\"@type\":\"PropertyValueSpecification\",\"valueRequired\":true,\"valueName\":\"search_term_string\"}}],\"inLanguage\":\"en-US\"},{\"@type\":\"Organization\",\"@id\":\"https:\\\/\\\/fit360.ee\\\/en\\\/#organization\",\"name\":\"Fit360\",\"url\":\"https:\\\/\\\/fit360.ee\\\/en\\\/\",\"logo\":{\"@type\":\"ImageObject\",\"inLanguage\":\"en-US\",\"@id\":\"https:\\\/\\\/fit360.ee\\\/en\\\/#\\\/schema\\\/logo\\\/image\\\/\",\"url\":\"https:\\\/\\\/fit360.ee\\\/wp-content\\\/uploads\\\/2017\\\/01\\\/logo-fit360.png\",\"contentUrl\":\"https:\\\/\\\/fit360.ee\\\/wp-content\\\/uploads\\\/2017\\\/01\\\/logo-fit360.png\",\"width\":180,\"height\":66,\"caption\":\"Fit360\"},\"image\":{\"@id\":\"https:\\\/\\\/fit360.ee\\\/en\\\/#\\\/schema\\\/logo\\\/image\\\/\"}}]}<\/script>\n<!-- \/ Yoast SEO plugin. -->","yoast_head_json":{"title":"Empire Sweatshorts - Fit360","robots":{"index":"index","follow":"follow","max-snippet":"max-snippet:-1","max-image-preview":"max-image-preview:large","max-video-preview":"max-video-preview:-1"},"canonical":"https:\/\/fit360.ee\/en\/pood\/training-equipment-en\/fitness-clothing-en\/empire-sweatshorts\/","og_locale":"en_US","og_type":"article","og_title":"Empire Sweatshorts - Fit360","og_description":"Fit: kitsenev V\u00f6\u00f6koht: Tavaline Pikkus: t\u00e4is Materjal: 45% puuvill, 47% pol\u00fcester, 8% elastaan","og_url":"https:\/\/fit360.ee\/en\/pood\/training-equipment-en\/fitness-clothing-en\/empire-sweatshorts\/","og_site_name":"Fit360","article_modified_time":"2026-04-11T08:12:06+00:00","og_image":[{"width":1000,"height":1000,"url":"https:\/\/fit360.ee\/wp-content\/uploads\/2022\/09\/ezgif.com-gif-maker-42.jpg","type":"image\/jpeg"}],"twitter_card":"summary_large_image","twitter_misc":{"Est. reading time":"2 minutes"},"schema":{"@context":"https:\/\/schema.org","@graph":[{"@type":"WebPage","@id":"https:\/\/fit360.ee\/en\/pood\/training-equipment-en\/fitness-clothing-en\/empire-sweatshorts\/","url":"https:\/\/fit360.ee\/en\/pood\/training-equipment-en\/fitness-clothing-en\/empire-sweatshorts\/","name":"Empire Sweatshorts - Fit360","isPartOf":{"@id":"https:\/\/fit360.ee\/en\/#website"},"primaryImageOfPage":{"@id":"https:\/\/fit360.ee\/en\/pood\/training-equipment-en\/fitness-clothing-en\/empire-sweatshorts\/#primaryimage"},"image":{"@id":"https:\/\/fit360.ee\/en\/pood\/training-equipment-en\/fitness-clothing-en\/empire-sweatshorts\/#primaryimage"},"thumbnailUrl":"https:\/\/fit360.ee\/wp-content\/uploads\/2022\/09\/ezgif.com-gif-maker-42.jpg","datePublished":"2022-09-06T17:11:31+00:00","dateModified":"2026-04-11T08:12:06+00:00","breadcrumb":{"@id":"https:\/\/fit360.ee\/en\/pood\/training-equipment-en\/fitness-clothing-en\/empire-sweatshorts\/#breadcrumb"},"inLanguage":"en-US","potentialAction":[{"@type":"ReadAction","target":["https:\/\/fit360.ee\/en\/pood\/training-equipment-en\/fitness-clothing-en\/empire-sweatshorts\/"]}]},{"@type":"ImageObject","inLanguage":"en-US","@id":"https:\/\/fit360.ee\/en\/pood\/training-equipment-en\/fitness-clothing-en\/empire-sweatshorts\/#primaryimage","url":"https:\/\/fit360.ee\/wp-content\/uploads\/2022\/09\/ezgif.com-gif-maker-42.jpg","contentUrl":"https:\/\/fit360.ee\/wp-content\/uploads\/2022\/09\/ezgif.com-gif-maker-42.jpg","width":1000,"height":1000,"caption":"empire sweatshorts - fit360.ee"},{"@type":"BreadcrumbList","@id":"https:\/\/fit360.ee\/en\/pood\/training-equipment-en\/fitness-clothing-en\/empire-sweatshorts\/#breadcrumb","itemListElement":[{"@type":"ListItem","position":1,"name":"Home","item":"https:\/\/fit360.ee\/en\/"},{"@type":"ListItem","position":2,"name":"Shop","item":"https:\/\/fit360.ee\/en\/shop\/"},{"@type":"ListItem","position":3,"name":"Empire Sweatshorts"}]},{"@type":"WebSite","@id":"https:\/\/fit360.ee\/en\/#website","url":"https:\/\/fit360.ee\/en\/","name":"Fit360","description":"","publisher":{"@id":"https:\/\/fit360.ee\/en\/#organization"},"potentialAction":[{"@type":"SearchAction","target":{"@type":"EntryPoint","urlTemplate":"https:\/\/fit360.ee\/en\/?s={search_term_string}"},"query-input":{"@type":"PropertyValueSpecification","valueRequired":true,"valueName":"search_term_string"}}],"inLanguage":"en-US"},{"@type":"Organization","@id":"https:\/\/fit360.ee\/en\/#organization","name":"Fit360","url":"https:\/\/fit360.ee\/en\/","logo":{"@type":"ImageObject","inLanguage":"en-US","@id":"https:\/\/fit360.ee\/en\/#\/schema\/logo\/image\/","url":"https:\/\/fit360.ee\/wp-content\/uploads\/2017\/01\/logo-fit360.png","contentUrl":"https:\/\/fit360.ee\/wp-content\/uploads\/2017\/01\/logo-fit360.png","width":180,"height":66,"caption":"Fit360"},"image":{"@id":"https:\/\/fit360.ee\/en\/#\/schema\/logo\/image\/"}}]}},"_links":{"self":[{"href":"https:\/\/fit360.ee\/en\/wp-json\/wp\/v2\/product\/64882","targetHints":{"allow":["GET"]}}],"collection":[{"href":"https:\/\/fit360.ee\/en\/wp-json\/wp\/v2\/product"}],"about":[{"href":"https:\/\/fit360.ee\/en\/wp-json\/wp\/v2\/types\/product"}],"replies":[{"embeddable":true,"href":"https:\/\/fit360.ee\/en\/wp-json\/wp\/v2\/comments?post=64882"}],"wp:featuredmedia":[{"embeddable":true,"href":"https:\/\/fit360.ee\/en\/wp-json\/wp\/v2\/media\/64873"}],"wp:attachment":[{"href":"https:\/\/fit360.ee\/en\/wp-json\/wp\/v2\/media?parent=64882"}],"wp:term":[{"taxonomy":"product_brand","embeddable":true,"href":"https:\/\/fit360.ee\/en\/wp-json\/wp\/v2\/product_brand?post=64882"},{"taxonomy":"product_cat","embeddable":true,"href":"https:\/\/fit360.ee\/en\/wp-json\/wp\/v2\/product_cat?post=64882"},{"taxonomy":"product_tag","embeddable":true,"href":"https:\/\/fit360.ee\/en\/wp-json\/wp\/v2\/product_tag?post=64882"},{"taxonomy":"giftcard-category","embeddable":true,"href":"https:\/\/fit360.ee\/en\/wp-json\/wp\/v2\/giftcard-category?post=64882"}],"curies":[{"name":"wp","href":"https:\/\/api.w.org\/{rel}","templated":true}]}}