{"id":64912,"date":"2022-09-06T19:46:03","date_gmt":"2022-09-06T17:46:03","guid":{"rendered":"https:\/\/fit360.ee\/pood\/uncategorized\/empire-tank\/"},"modified":"2025-08-13T07:39:46","modified_gmt":"2025-08-13T05:39:46","slug":"empire-tank","status":"publish","type":"product","link":"https:\/\/fit360.ee\/en\/pood\/training-equipment-en\/fitness-clothing-en\/empire-tank\/","title":{"rendered":"Empire Tank"},"content":{"rendered":"<h1><strong>Empire Tank<\/strong><\/h1>\n<p><strong>Fit<\/strong>: <em>loose<\/em><br \/>\n<strong>Pikkus<\/strong>: t\u00e4is<br \/>\n<strong>Materjal<\/strong>: 76% pol\u00fcester, 19% tencel, 5% spandex<br \/>\n<strong>Omadused<\/strong>: Pehme k\u00e4etunne, kerge vedel materjal, logotr\u00fckk rinnal, varrukateta<\/p>\n<p>Empire Tank on t\u00e4ispikk lahtiselt sobiv <em>tank top<\/em>. Materjal on kerge ning voolab kandmisel kehaga kaasa. \u00dcksk\u00f5ik, kas kannate seda tanki j\u00f5usaalis v\u00f5i \u00fchendate selle teksadega p\u00e4evaks v\u00e4ljas\u00f5iduks, tunnete end mugavalt kogu p\u00e4eva, kuna see on mitmek\u00fclgne ja kerge ning pehme tundega.<\/p>\n<p><strong>NB!\u00a0<\/strong>Soovid tellida teistsugust suurust v\u00f5i v\u00e4rvi? V\u00f5tame vastu\u00a0<strong>BETTER BODIES\u00a0<\/strong>ja\u00a0<strong>GASP<\/strong>\u00a0treeningr\u00f5ivaste tellimusi. Tellimine toimub 2 korda kuus. Soovi korral kirjuta:\u00a0<strong>info@fit360.ee<\/strong><\/p>\n<p><a href=\"https:\/\/fit360.ee\/wp-content\/uploads\/2022\/09\/ezgif.com-gif-maker-52-800x800.jpg\"><img loading=\"lazy\" decoding=\"async\" class=\"size-medium wp-image-64890\" src=\"https:\/\/fit360.ee\/wp-content\/uploads\/2022\/09\/ezgif.com-gif-maker-52-800x800.jpg\" alt=\"empire tank black - fit360.ee\" width=\"800\" height=\"800\" srcset=\"https:\/\/fit360.ee\/wp-content\/uploads\/2022\/09\/ezgif.com-gif-maker-52-800x800.jpg 800w, https:\/\/fit360.ee\/wp-content\/uploads\/2022\/09\/ezgif.com-gif-maker-52-247x247.jpg 247w, https:\/\/fit360.ee\/wp-content\/uploads\/2022\/09\/ezgif.com-gif-maker-52-100x100.jpg 100w, https:\/\/fit360.ee\/wp-content\/uploads\/2022\/09\/ezgif.com-gif-maker-52-510x510.jpg 510w, https:\/\/fit360.ee\/wp-content\/uploads\/2022\/09\/ezgif.com-gif-maker-52-340x340.jpg 340w, https:\/\/fit360.ee\/wp-content\/uploads\/2022\/09\/ezgif.com-gif-maker-52-768x768.jpg 768w, https:\/\/fit360.ee\/wp-content\/uploads\/2022\/09\/ezgif.com-gif-maker-52-80x80.jpg 80w, https:\/\/fit360.ee\/wp-content\/uploads\/2022\/09\/ezgif.com-gif-maker-52.jpg 1000w\" sizes=\"auto, (max-width: 800px) 100vw, 800px\" \/><\/a><\/p>\n<p><a href=\"https:\/\/fit360.ee\/wp-content\/uploads\/2022\/09\/ezgif.com-gif-maker-51-800x800.jpg\"><img loading=\"lazy\" decoding=\"async\" class=\"size-medium wp-image-64892\" src=\"https:\/\/fit360.ee\/wp-content\/uploads\/2022\/09\/ezgif.com-gif-maker-51-800x800.jpg\" alt=\"empire tank - fit360.ee\" width=\"800\" height=\"800\" srcset=\"https:\/\/fit360.ee\/wp-content\/uploads\/2022\/09\/ezgif.com-gif-maker-51-800x800.jpg 800w, https:\/\/fit360.ee\/wp-content\/uploads\/2022\/09\/ezgif.com-gif-maker-51-247x247.jpg 247w, https:\/\/fit360.ee\/wp-content\/uploads\/2022\/09\/ezgif.com-gif-maker-51-100x100.jpg 100w, https:\/\/fit360.ee\/wp-content\/uploads\/2022\/09\/ezgif.com-gif-maker-51-510x510.jpg 510w, https:\/\/fit360.ee\/wp-content\/uploads\/2022\/09\/ezgif.com-gif-maker-51-340x340.jpg 340w, https:\/\/fit360.ee\/wp-content\/uploads\/2022\/09\/ezgif.com-gif-maker-51-768x768.jpg 768w, https:\/\/fit360.ee\/wp-content\/uploads\/2022\/09\/ezgif.com-gif-maker-51-80x80.jpg 80w, https:\/\/fit360.ee\/wp-content\/uploads\/2022\/09\/ezgif.com-gif-maker-51.jpg 1000w\" sizes=\"auto, (max-width: 800px) 100vw, 800px\" \/><\/a><\/p>\n<p><a href=\"https:\/\/fit360.ee\/wp-content\/uploads\/2022\/09\/ezgif.com-gif-maker-47-800x800.jpg\"><img loading=\"lazy\" decoding=\"async\" class=\"size-medium wp-image-64896\" src=\"https:\/\/fit360.ee\/wp-content\/uploads\/2022\/09\/ezgif.com-gif-maker-47-800x800.jpg\" alt=\"empire tank chilli red - fit360.ee\" width=\"800\" height=\"800\" srcset=\"https:\/\/fit360.ee\/wp-content\/uploads\/2022\/09\/ezgif.com-gif-maker-47-800x800.jpg 800w, https:\/\/fit360.ee\/wp-content\/uploads\/2022\/09\/ezgif.com-gif-maker-47-247x247.jpg 247w, https:\/\/fit360.ee\/wp-content\/uploads\/2022\/09\/ezgif.com-gif-maker-47-100x100.jpg 100w, https:\/\/fit360.ee\/wp-content\/uploads\/2022\/09\/ezgif.com-gif-maker-47-510x510.jpg 510w, https:\/\/fit360.ee\/wp-content\/uploads\/2022\/09\/ezgif.com-gif-maker-47-340x340.jpg 340w, https:\/\/fit360.ee\/wp-content\/uploads\/2022\/09\/ezgif.com-gif-maker-47-768x768.jpg 768w, https:\/\/fit360.ee\/wp-content\/uploads\/2022\/09\/ezgif.com-gif-maker-47-80x80.jpg 80w, https:\/\/fit360.ee\/wp-content\/uploads\/2022\/09\/ezgif.com-gif-maker-47.jpg 1000w\" sizes=\"auto, (max-width: 800px) 100vw, 800px\" \/><\/a><\/p>\n<p><a href=\"https:\/\/fit360.ee\/wp-content\/uploads\/2022\/09\/ezgif.com-gif-maker-46-800x800.jpg\"><img loading=\"lazy\" decoding=\"async\" class=\"size-medium wp-image-64898\" src=\"https:\/\/fit360.ee\/wp-content\/uploads\/2022\/09\/ezgif.com-gif-maker-46-800x800.jpg\" alt=\"empire tank punane - fit360.ee\" width=\"800\" height=\"800\" srcset=\"https:\/\/fit360.ee\/wp-content\/uploads\/2022\/09\/ezgif.com-gif-maker-46-800x800.jpg 800w, https:\/\/fit360.ee\/wp-content\/uploads\/2022\/09\/ezgif.com-gif-maker-46-247x247.jpg 247w, https:\/\/fit360.ee\/wp-content\/uploads\/2022\/09\/ezgif.com-gif-maker-46-100x100.jpg 100w, https:\/\/fit360.ee\/wp-content\/uploads\/2022\/09\/ezgif.com-gif-maker-46-510x510.jpg 510w, https:\/\/fit360.ee\/wp-content\/uploads\/2022\/09\/ezgif.com-gif-maker-46-340x340.jpg 340w, https:\/\/fit360.ee\/wp-content\/uploads\/2022\/09\/ezgif.com-gif-maker-46-768x768.jpg 768w, https:\/\/fit360.ee\/wp-content\/uploads\/2022\/09\/ezgif.com-gif-maker-46-80x80.jpg 80w, https:\/\/fit360.ee\/wp-content\/uploads\/2022\/09\/ezgif.com-gif-maker-46.jpg 1000w\" sizes=\"auto, (max-width: 800px) 100vw, 800px\" \/><\/a><\/p>\n<p><a href=\"https:\/\/fit360.ee\/wp-content\/uploads\/2022\/09\/ezgif.com-gif-maker-45-800x800.jpg\"><img loading=\"lazy\" decoding=\"async\" class=\"size-medium wp-image-64900\" src=\"https:\/\/fit360.ee\/wp-content\/uploads\/2022\/09\/ezgif.com-gif-maker-45-800x800.jpg\" alt=\"empire tank valge - fit360.ee\" width=\"800\" height=\"800\" srcset=\"https:\/\/fit360.ee\/wp-content\/uploads\/2022\/09\/ezgif.com-gif-maker-45-800x800.jpg 800w, https:\/\/fit360.ee\/wp-content\/uploads\/2022\/09\/ezgif.com-gif-maker-45-247x247.jpg 247w, https:\/\/fit360.ee\/wp-content\/uploads\/2022\/09\/ezgif.com-gif-maker-45-100x100.jpg 100w, https:\/\/fit360.ee\/wp-content\/uploads\/2022\/09\/ezgif.com-gif-maker-45-510x510.jpg 510w, https:\/\/fit360.ee\/wp-content\/uploads\/2022\/09\/ezgif.com-gif-maker-45-340x340.jpg 340w, https:\/\/fit360.ee\/wp-content\/uploads\/2022\/09\/ezgif.com-gif-maker-45-768x768.jpg 768w, https:\/\/fit360.ee\/wp-content\/uploads\/2022\/09\/ezgif.com-gif-maker-45-80x80.jpg 80w, https:\/\/fit360.ee\/wp-content\/uploads\/2022\/09\/ezgif.com-gif-maker-45.jpg 1000w\" sizes=\"auto, (max-width: 800px) 100vw, 800px\" \/><\/a><\/p>\n<p><a href=\"https:\/\/fit360.ee\/wp-content\/uploads\/2022\/09\/ezgif.com-gif-maker-44-800x800.jpg\"><img loading=\"lazy\" decoding=\"async\" class=\"size-medium wp-image-64902\" src=\"https:\/\/fit360.ee\/wp-content\/uploads\/2022\/09\/ezgif.com-gif-maker-44-800x800.jpg\" alt=\"empire tank white - fit360.ee\" width=\"800\" height=\"800\" srcset=\"https:\/\/fit360.ee\/wp-content\/uploads\/2022\/09\/ezgif.com-gif-maker-44-800x800.jpg 800w, https:\/\/fit360.ee\/wp-content\/uploads\/2022\/09\/ezgif.com-gif-maker-44-247x247.jpg 247w, https:\/\/fit360.ee\/wp-content\/uploads\/2022\/09\/ezgif.com-gif-maker-44-100x100.jpg 100w, https:\/\/fit360.ee\/wp-content\/uploads\/2022\/09\/ezgif.com-gif-maker-44-510x510.jpg 510w, https:\/\/fit360.ee\/wp-content\/uploads\/2022\/09\/ezgif.com-gif-maker-44-340x340.jpg 340w, https:\/\/fit360.ee\/wp-content\/uploads\/2022\/09\/ezgif.com-gif-maker-44-768x768.jpg 768w, https:\/\/fit360.ee\/wp-content\/uploads\/2022\/09\/ezgif.com-gif-maker-44-80x80.jpg 80w, https:\/\/fit360.ee\/wp-content\/uploads\/2022\/09\/ezgif.com-gif-maker-44.jpg 1000w\" sizes=\"auto, (max-width: 800px) 100vw, 800px\" \/><\/a><\/p>\n","protected":false},"excerpt":{"rendered":"<p><strong>Fit<\/strong>: <em>loose<\/em><br \/>\n<strong>Pikkus<\/strong>: t\u00e4is<br \/>\n<strong>Materjal<\/strong>: 76% pol\u00fcester, 19% tencel, 5% spandex<\/p>\n","protected":false},"featured_media":64905,"comment_status":"closed","ping_status":"closed","template":"","meta":[],"product_brand":[],"product_cat":[547],"product_tag":[2522,3943],"giftcard-category":[],"class_list":{"0":"post-64912","1":"product","2":"type-product","3":"status-publish","4":"has-post-thumbnail","6":"product_cat-fitness-clothing-en","7":"product_tag-better-bodies-en","8":"product_tag-empire-tank-en","9":"pa_suurus-m","10":"pa_suurus-s","11":"pa_varvus-black","12":"pa_varvus-red","13":"pa_varvus-white","15":"first","16":"instock","17":"sale","18":"taxable","19":"shipping-taxable","20":"purchasable","21":"product-type-variable"},"yoast_head":"<!-- This site is optimized with the Yoast SEO plugin v27.3 - https:\/\/yoast.com\/product\/yoast-seo-wordpress\/ -->\n<title>Empire Tank - Fit360<\/title>\n<meta name=\"robots\" content=\"index, follow, max-snippet:-1, max-image-preview:large, max-video-preview:-1\" \/>\n<link rel=\"canonical\" href=\"https:\/\/fit360.ee\/en\/pood\/training-equipment-en\/fitness-clothing-en\/empire-tank\/\" \/>\n<meta property=\"og:locale\" content=\"en_US\" \/>\n<meta property=\"og:type\" content=\"article\" \/>\n<meta property=\"og:title\" content=\"Empire Tank - Fit360\" \/>\n<meta property=\"og:description\" content=\"Fit: loose Pikkus: t\u00e4is Materjal: 76% pol\u00fcester, 19% tencel, 5% spandex\" \/>\n<meta property=\"og:url\" content=\"https:\/\/fit360.ee\/en\/pood\/training-equipment-en\/fitness-clothing-en\/empire-tank\/\" \/>\n<meta property=\"og:site_name\" content=\"Fit360\" \/>\n<meta property=\"article:modified_time\" content=\"2025-08-13T05:39:46+00:00\" \/>\n<meta property=\"og:image\" content=\"https:\/\/fit360.ee\/wp-content\/uploads\/2022\/09\/ezgif.com-gif-maker-43.jpg\" \/>\n\t<meta property=\"og:image:width\" content=\"1000\" \/>\n\t<meta property=\"og:image:height\" content=\"1000\" \/>\n\t<meta property=\"og:image:type\" content=\"image\/jpeg\" \/>\n<meta name=\"twitter:card\" content=\"summary_large_image\" \/>\n<meta name=\"twitter:label1\" content=\"Est. reading time\" \/>\n\t<meta name=\"twitter:data1\" content=\"2 minutes\" \/>\n<script type=\"application\/ld+json\" class=\"yoast-schema-graph\">{\"@context\":\"https:\\\/\\\/schema.org\",\"@graph\":[{\"@type\":\"WebPage\",\"@id\":\"https:\\\/\\\/fit360.ee\\\/en\\\/pood\\\/training-equipment-en\\\/fitness-clothing-en\\\/empire-tank\\\/\",\"url\":\"https:\\\/\\\/fit360.ee\\\/en\\\/pood\\\/training-equipment-en\\\/fitness-clothing-en\\\/empire-tank\\\/\",\"name\":\"Empire Tank - Fit360\",\"isPartOf\":{\"@id\":\"https:\\\/\\\/fit360.ee\\\/en\\\/#website\"},\"primaryImageOfPage\":{\"@id\":\"https:\\\/\\\/fit360.ee\\\/en\\\/pood\\\/training-equipment-en\\\/fitness-clothing-en\\\/empire-tank\\\/#primaryimage\"},\"image\":{\"@id\":\"https:\\\/\\\/fit360.ee\\\/en\\\/pood\\\/training-equipment-en\\\/fitness-clothing-en\\\/empire-tank\\\/#primaryimage\"},\"thumbnailUrl\":\"https:\\\/\\\/fit360.ee\\\/wp-content\\\/uploads\\\/2022\\\/09\\\/ezgif.com-gif-maker-43.jpg\",\"datePublished\":\"2022-09-06T17:46:03+00:00\",\"dateModified\":\"2025-08-13T05:39:46+00:00\",\"breadcrumb\":{\"@id\":\"https:\\\/\\\/fit360.ee\\\/en\\\/pood\\\/training-equipment-en\\\/fitness-clothing-en\\\/empire-tank\\\/#breadcrumb\"},\"inLanguage\":\"en-US\",\"potentialAction\":[{\"@type\":\"ReadAction\",\"target\":[\"https:\\\/\\\/fit360.ee\\\/en\\\/pood\\\/training-equipment-en\\\/fitness-clothing-en\\\/empire-tank\\\/\"]}]},{\"@type\":\"ImageObject\",\"inLanguage\":\"en-US\",\"@id\":\"https:\\\/\\\/fit360.ee\\\/en\\\/pood\\\/training-equipment-en\\\/fitness-clothing-en\\\/empire-tank\\\/#primaryimage\",\"url\":\"https:\\\/\\\/fit360.ee\\\/wp-content\\\/uploads\\\/2022\\\/09\\\/ezgif.com-gif-maker-43.jpg\",\"contentUrl\":\"https:\\\/\\\/fit360.ee\\\/wp-content\\\/uploads\\\/2022\\\/09\\\/ezgif.com-gif-maker-43.jpg\",\"width\":1000,\"height\":1000,\"caption\":\"empire tank top - fit360.ee\"},{\"@type\":\"BreadcrumbList\",\"@id\":\"https:\\\/\\\/fit360.ee\\\/en\\\/pood\\\/training-equipment-en\\\/fitness-clothing-en\\\/empire-tank\\\/#breadcrumb\",\"itemListElement\":[{\"@type\":\"ListItem\",\"position\":1,\"name\":\"Home\",\"item\":\"https:\\\/\\\/fit360.ee\\\/en\\\/\"},{\"@type\":\"ListItem\",\"position\":2,\"name\":\"Shop\",\"item\":\"https:\\\/\\\/fit360.ee\\\/en\\\/shop\\\/\"},{\"@type\":\"ListItem\",\"position\":3,\"name\":\"Empire Tank\"}]},{\"@type\":\"WebSite\",\"@id\":\"https:\\\/\\\/fit360.ee\\\/en\\\/#website\",\"url\":\"https:\\\/\\\/fit360.ee\\\/en\\\/\",\"name\":\"Fit360\",\"description\":\"\",\"publisher\":{\"@id\":\"https:\\\/\\\/fit360.ee\\\/en\\\/#organization\"},\"potentialAction\":[{\"@type\":\"SearchAction\",\"target\":{\"@type\":\"EntryPoint\",\"urlTemplate\":\"https:\\\/\\\/fit360.ee\\\/en\\\/?s={search_term_string}\"},\"query-input\":{\"@type\":\"PropertyValueSpecification\",\"valueRequired\":true,\"valueName\":\"search_term_string\"}}],\"inLanguage\":\"en-US\"},{\"@type\":\"Organization\",\"@id\":\"https:\\\/\\\/fit360.ee\\\/en\\\/#organization\",\"name\":\"Fit360\",\"url\":\"https:\\\/\\\/fit360.ee\\\/en\\\/\",\"logo\":{\"@type\":\"ImageObject\",\"inLanguage\":\"en-US\",\"@id\":\"https:\\\/\\\/fit360.ee\\\/en\\\/#\\\/schema\\\/logo\\\/image\\\/\",\"url\":\"https:\\\/\\\/fit360.ee\\\/wp-content\\\/uploads\\\/2017\\\/01\\\/logo-fit360.png\",\"contentUrl\":\"https:\\\/\\\/fit360.ee\\\/wp-content\\\/uploads\\\/2017\\\/01\\\/logo-fit360.png\",\"width\":180,\"height\":66,\"caption\":\"Fit360\"},\"image\":{\"@id\":\"https:\\\/\\\/fit360.ee\\\/en\\\/#\\\/schema\\\/logo\\\/image\\\/\"}}]}<\/script>\n<!-- \/ Yoast SEO plugin. -->","yoast_head_json":{"title":"Empire Tank - Fit360","robots":{"index":"index","follow":"follow","max-snippet":"max-snippet:-1","max-image-preview":"max-image-preview:large","max-video-preview":"max-video-preview:-1"},"canonical":"https:\/\/fit360.ee\/en\/pood\/training-equipment-en\/fitness-clothing-en\/empire-tank\/","og_locale":"en_US","og_type":"article","og_title":"Empire Tank - Fit360","og_description":"Fit: loose Pikkus: t\u00e4is Materjal: 76% pol\u00fcester, 19% tencel, 5% spandex","og_url":"https:\/\/fit360.ee\/en\/pood\/training-equipment-en\/fitness-clothing-en\/empire-tank\/","og_site_name":"Fit360","article_modified_time":"2025-08-13T05:39:46+00:00","og_image":[{"width":1000,"height":1000,"url":"https:\/\/fit360.ee\/wp-content\/uploads\/2022\/09\/ezgif.com-gif-maker-43.jpg","type":"image\/jpeg"}],"twitter_card":"summary_large_image","twitter_misc":{"Est. reading time":"2 minutes"},"schema":{"@context":"https:\/\/schema.org","@graph":[{"@type":"WebPage","@id":"https:\/\/fit360.ee\/en\/pood\/training-equipment-en\/fitness-clothing-en\/empire-tank\/","url":"https:\/\/fit360.ee\/en\/pood\/training-equipment-en\/fitness-clothing-en\/empire-tank\/","name":"Empire Tank - Fit360","isPartOf":{"@id":"https:\/\/fit360.ee\/en\/#website"},"primaryImageOfPage":{"@id":"https:\/\/fit360.ee\/en\/pood\/training-equipment-en\/fitness-clothing-en\/empire-tank\/#primaryimage"},"image":{"@id":"https:\/\/fit360.ee\/en\/pood\/training-equipment-en\/fitness-clothing-en\/empire-tank\/#primaryimage"},"thumbnailUrl":"https:\/\/fit360.ee\/wp-content\/uploads\/2022\/09\/ezgif.com-gif-maker-43.jpg","datePublished":"2022-09-06T17:46:03+00:00","dateModified":"2025-08-13T05:39:46+00:00","breadcrumb":{"@id":"https:\/\/fit360.ee\/en\/pood\/training-equipment-en\/fitness-clothing-en\/empire-tank\/#breadcrumb"},"inLanguage":"en-US","potentialAction":[{"@type":"ReadAction","target":["https:\/\/fit360.ee\/en\/pood\/training-equipment-en\/fitness-clothing-en\/empire-tank\/"]}]},{"@type":"ImageObject","inLanguage":"en-US","@id":"https:\/\/fit360.ee\/en\/pood\/training-equipment-en\/fitness-clothing-en\/empire-tank\/#primaryimage","url":"https:\/\/fit360.ee\/wp-content\/uploads\/2022\/09\/ezgif.com-gif-maker-43.jpg","contentUrl":"https:\/\/fit360.ee\/wp-content\/uploads\/2022\/09\/ezgif.com-gif-maker-43.jpg","width":1000,"height":1000,"caption":"empire tank top - fit360.ee"},{"@type":"BreadcrumbList","@id":"https:\/\/fit360.ee\/en\/pood\/training-equipment-en\/fitness-clothing-en\/empire-tank\/#breadcrumb","itemListElement":[{"@type":"ListItem","position":1,"name":"Home","item":"https:\/\/fit360.ee\/en\/"},{"@type":"ListItem","position":2,"name":"Shop","item":"https:\/\/fit360.ee\/en\/shop\/"},{"@type":"ListItem","position":3,"name":"Empire Tank"}]},{"@type":"WebSite","@id":"https:\/\/fit360.ee\/en\/#website","url":"https:\/\/fit360.ee\/en\/","name":"Fit360","description":"","publisher":{"@id":"https:\/\/fit360.ee\/en\/#organization"},"potentialAction":[{"@type":"SearchAction","target":{"@type":"EntryPoint","urlTemplate":"https:\/\/fit360.ee\/en\/?s={search_term_string}"},"query-input":{"@type":"PropertyValueSpecification","valueRequired":true,"valueName":"search_term_string"}}],"inLanguage":"en-US"},{"@type":"Organization","@id":"https:\/\/fit360.ee\/en\/#organization","name":"Fit360","url":"https:\/\/fit360.ee\/en\/","logo":{"@type":"ImageObject","inLanguage":"en-US","@id":"https:\/\/fit360.ee\/en\/#\/schema\/logo\/image\/","url":"https:\/\/fit360.ee\/wp-content\/uploads\/2017\/01\/logo-fit360.png","contentUrl":"https:\/\/fit360.ee\/wp-content\/uploads\/2017\/01\/logo-fit360.png","width":180,"height":66,"caption":"Fit360"},"image":{"@id":"https:\/\/fit360.ee\/en\/#\/schema\/logo\/image\/"}}]}},"_links":{"self":[{"href":"https:\/\/fit360.ee\/en\/wp-json\/wp\/v2\/product\/64912","targetHints":{"allow":["GET"]}}],"collection":[{"href":"https:\/\/fit360.ee\/en\/wp-json\/wp\/v2\/product"}],"about":[{"href":"https:\/\/fit360.ee\/en\/wp-json\/wp\/v2\/types\/product"}],"replies":[{"embeddable":true,"href":"https:\/\/fit360.ee\/en\/wp-json\/wp\/v2\/comments?post=64912"}],"wp:featuredmedia":[{"embeddable":true,"href":"https:\/\/fit360.ee\/en\/wp-json\/wp\/v2\/media\/64905"}],"wp:attachment":[{"href":"https:\/\/fit360.ee\/en\/wp-json\/wp\/v2\/media?parent=64912"}],"wp:term":[{"taxonomy":"product_brand","embeddable":true,"href":"https:\/\/fit360.ee\/en\/wp-json\/wp\/v2\/product_brand?post=64912"},{"taxonomy":"product_cat","embeddable":true,"href":"https:\/\/fit360.ee\/en\/wp-json\/wp\/v2\/product_cat?post=64912"},{"taxonomy":"product_tag","embeddable":true,"href":"https:\/\/fit360.ee\/en\/wp-json\/wp\/v2\/product_tag?post=64912"},{"taxonomy":"giftcard-category","embeddable":true,"href":"https:\/\/fit360.ee\/en\/wp-json\/wp\/v2\/giftcard-category?post=64912"}],"curies":[{"name":"wp","href":"https:\/\/api.w.org\/{rel}","templated":true}]}}