{"id":65252,"date":"2022-09-22T15:53:56","date_gmt":"2022-09-22T13:53:56","guid":{"rendered":"https:\/\/fit360.ee\/pood\/uncategorized\/premium-fit360-shaker-700ml\/"},"modified":"2025-08-13T07:37:29","modified_gmt":"2025-08-13T05:37:29","slug":"premium-fit360-shaker-700ml","status":"publish","type":"product","link":"https:\/\/fit360.ee\/en\/pood\/training-equipment-en\/drinking-bottles-en\/premium-fit360-shaker-700ml\/","title":{"rendered":"Premium Fit360 Shaker (700ml)"},"content":{"rendered":"<h1><strong>Premium Fi360 Shaker<\/strong><\/h1>\n<p>\u2022 Mahutavus:700ml<br \/>\n\u2022 N\u00f5udepesumasinas pestav<br \/>\n\u2022 M\u00f5\u00f5teskaala k\u00fclje peal<br \/>\n\u2022 T\u00e4iuslikult sile pind sees ja \u00fcmar p\u00f5hi (Circle Technology) &#8211; <strong>ei ole vaja S\u00d5ELA!<\/strong><br \/>\ngaranteerib 100% sisu segunemise ilma kurna, palli jms kasutamata.<br \/>\n\u2022 Lihtne puhastada<\/p>\n<p><strong>DETAILNE INFO<\/strong>:<\/p>\n<p>\u2022 Toodetud sertifitseeritud materjalist<br \/>\n\u2022 D2W materjali hapniku-biolagunemise sertifikaat<br \/>\n\u2022 P\u00f5himaterjal: 100% pol\u00fcprop\u00fcleen<br \/>\n\u2022 V\u00e4rvus: must; valge<br \/>\n\u2022 Toksiinivaba \/ BPA vaba<br \/>\n\u2022 100% lekkekindel<\/p>\n<p><a href=\"https:\/\/fit360.ee\/wp-content\/uploads\/2022\/09\/B11-800x800.jpg\"><img loading=\"lazy\" decoding=\"async\" class=\"alignnone size-medium wp-image-65234\" src=\"https:\/\/fit360.ee\/wp-content\/uploads\/2022\/09\/B11-800x800.jpg\" alt=\"\" width=\"800\" height=\"800\" srcset=\"https:\/\/fit360.ee\/wp-content\/uploads\/2022\/09\/B11-800x800.jpg 800w, https:\/\/fit360.ee\/wp-content\/uploads\/2022\/09\/B11-247x247.jpg 247w, https:\/\/fit360.ee\/wp-content\/uploads\/2022\/09\/B11-100x100.jpg 100w, https:\/\/fit360.ee\/wp-content\/uploads\/2022\/09\/B11-510x510.jpg 510w, https:\/\/fit360.ee\/wp-content\/uploads\/2022\/09\/B11-1600x1600.jpg 1600w, https:\/\/fit360.ee\/wp-content\/uploads\/2022\/09\/B11-340x340.jpg 340w, https:\/\/fit360.ee\/wp-content\/uploads\/2022\/09\/B11-768x768.jpg 768w, https:\/\/fit360.ee\/wp-content\/uploads\/2022\/09\/B11-1536x1536.jpg 1536w, https:\/\/fit360.ee\/wp-content\/uploads\/2022\/09\/B11.jpg 1800w\" sizes=\"auto, (max-width: 800px) 100vw, 800px\" \/><\/a> <a href=\"https:\/\/fit360.ee\/wp-content\/uploads\/2022\/09\/B06-800x800.jpg\"><img loading=\"lazy\" decoding=\"async\" class=\"alignnone size-medium wp-image-65236\" src=\"https:\/\/fit360.ee\/wp-content\/uploads\/2022\/09\/B06-800x800.jpg\" alt=\"\" width=\"800\" height=\"800\" srcset=\"https:\/\/fit360.ee\/wp-content\/uploads\/2022\/09\/B06-800x800.jpg 800w, https:\/\/fit360.ee\/wp-content\/uploads\/2022\/09\/B06-247x247.jpg 247w, https:\/\/fit360.ee\/wp-content\/uploads\/2022\/09\/B06-100x100.jpg 100w, https:\/\/fit360.ee\/wp-content\/uploads\/2022\/09\/B06-510x510.jpg 510w, https:\/\/fit360.ee\/wp-content\/uploads\/2022\/09\/B06-1600x1600.jpg 1600w, https:\/\/fit360.ee\/wp-content\/uploads\/2022\/09\/B06-340x340.jpg 340w, https:\/\/fit360.ee\/wp-content\/uploads\/2022\/09\/B06-768x768.jpg 768w, https:\/\/fit360.ee\/wp-content\/uploads\/2022\/09\/B06-1536x1536.jpg 1536w, https:\/\/fit360.ee\/wp-content\/uploads\/2022\/09\/B06.jpg 1800w\" sizes=\"auto, (max-width: 800px) 100vw, 800px\" \/><\/a> <a href=\"https:\/\/fit360.ee\/wp-content\/uploads\/2022\/09\/B01-800x800.jpg\"><img loading=\"lazy\" decoding=\"async\" class=\"alignnone size-medium wp-image-65238\" src=\"https:\/\/fit360.ee\/wp-content\/uploads\/2022\/09\/B01-800x800.jpg\" alt=\"\" width=\"800\" height=\"800\" srcset=\"https:\/\/fit360.ee\/wp-content\/uploads\/2022\/09\/B01-800x800.jpg 800w, https:\/\/fit360.ee\/wp-content\/uploads\/2022\/09\/B01-247x247.jpg 247w, https:\/\/fit360.ee\/wp-content\/uploads\/2022\/09\/B01-100x100.jpg 100w, https:\/\/fit360.ee\/wp-content\/uploads\/2022\/09\/B01-510x510.jpg 510w, https:\/\/fit360.ee\/wp-content\/uploads\/2022\/09\/B01-1600x1600.jpg 1600w, https:\/\/fit360.ee\/wp-content\/uploads\/2022\/09\/B01-340x340.jpg 340w, https:\/\/fit360.ee\/wp-content\/uploads\/2022\/09\/B01-768x768.jpg 768w, https:\/\/fit360.ee\/wp-content\/uploads\/2022\/09\/B01-1536x1536.jpg 1536w, https:\/\/fit360.ee\/wp-content\/uploads\/2022\/09\/B01-264x264.jpg 264w, https:\/\/fit360.ee\/wp-content\/uploads\/2022\/09\/B01.jpg 1800w\" sizes=\"auto, (max-width: 800px) 100vw, 800px\" \/><\/a><\/p>\n<p><a href=\"https:\/\/fit360.ee\/wp-content\/uploads\/2022\/09\/B09-800x800.jpg\"><img loading=\"lazy\" decoding=\"async\" class=\"alignnone size-medium wp-image-65248\" src=\"https:\/\/fit360.ee\/wp-content\/uploads\/2022\/09\/B09-800x800.jpg\" alt=\"\" width=\"800\" height=\"800\" srcset=\"https:\/\/fit360.ee\/wp-content\/uploads\/2022\/09\/B09-800x800.jpg 800w, https:\/\/fit360.ee\/wp-content\/uploads\/2022\/09\/B09-247x247.jpg 247w, https:\/\/fit360.ee\/wp-content\/uploads\/2022\/09\/B09-100x100.jpg 100w, https:\/\/fit360.ee\/wp-content\/uploads\/2022\/09\/B09-510x510.jpg 510w, https:\/\/fit360.ee\/wp-content\/uploads\/2022\/09\/B09-1600x1600.jpg 1600w, https:\/\/fit360.ee\/wp-content\/uploads\/2022\/09\/B09-340x340.jpg 340w, https:\/\/fit360.ee\/wp-content\/uploads\/2022\/09\/B09-768x768.jpg 768w, https:\/\/fit360.ee\/wp-content\/uploads\/2022\/09\/B09-1536x1536.jpg 1536w, https:\/\/fit360.ee\/wp-content\/uploads\/2022\/09\/B09.jpg 1800w\" sizes=\"auto, (max-width: 800px) 100vw, 800px\" \/><\/a> <a href=\"https:\/\/fit360.ee\/wp-content\/uploads\/2022\/09\/A04-800x800.jpg\"><img loading=\"lazy\" decoding=\"async\" class=\"alignnone size-medium wp-image-65240\" src=\"https:\/\/fit360.ee\/wp-content\/uploads\/2022\/09\/A04-800x800.jpg\" alt=\"\" width=\"800\" height=\"800\" srcset=\"https:\/\/fit360.ee\/wp-content\/uploads\/2022\/09\/A04-800x800.jpg 800w, https:\/\/fit360.ee\/wp-content\/uploads\/2022\/09\/A04-247x247.jpg 247w, https:\/\/fit360.ee\/wp-content\/uploads\/2022\/09\/A04-100x100.jpg 100w, https:\/\/fit360.ee\/wp-content\/uploads\/2022\/09\/A04-510x510.jpg 510w, https:\/\/fit360.ee\/wp-content\/uploads\/2022\/09\/A04-1600x1600.jpg 1600w, https:\/\/fit360.ee\/wp-content\/uploads\/2022\/09\/A04-340x340.jpg 340w, https:\/\/fit360.ee\/wp-content\/uploads\/2022\/09\/A04-768x768.jpg 768w, https:\/\/fit360.ee\/wp-content\/uploads\/2022\/09\/A04-1536x1536.jpg 1536w, https:\/\/fit360.ee\/wp-content\/uploads\/2022\/09\/A04.jpg 1800w\" sizes=\"auto, (max-width: 800px) 100vw, 800px\" \/><\/a><a href=\"https:\/\/fit360.ee\/wp-content\/uploads\/2022\/09\/A05-800x800.jpg\"><img loading=\"lazy\" decoding=\"async\" class=\"alignnone size-medium wp-image-65242\" src=\"https:\/\/fit360.ee\/wp-content\/uploads\/2022\/09\/A05-800x800.jpg\" alt=\"\" width=\"800\" height=\"800\" srcset=\"https:\/\/fit360.ee\/wp-content\/uploads\/2022\/09\/A05-800x800.jpg 800w, https:\/\/fit360.ee\/wp-content\/uploads\/2022\/09\/A05-247x247.jpg 247w, https:\/\/fit360.ee\/wp-content\/uploads\/2022\/09\/A05-100x100.jpg 100w, https:\/\/fit360.ee\/wp-content\/uploads\/2022\/09\/A05-510x510.jpg 510w, https:\/\/fit360.ee\/wp-content\/uploads\/2022\/09\/A05-1600x1600.jpg 1600w, https:\/\/fit360.ee\/wp-content\/uploads\/2022\/09\/A05-340x340.jpg 340w, https:\/\/fit360.ee\/wp-content\/uploads\/2022\/09\/A05-768x768.jpg 768w, https:\/\/fit360.ee\/wp-content\/uploads\/2022\/09\/A05-1536x1536.jpg 1536w, https:\/\/fit360.ee\/wp-content\/uploads\/2022\/09\/A05.jpg 1800w\" sizes=\"auto, (max-width: 800px) 100vw, 800px\" \/><\/a> <a href=\"https:\/\/fit360.ee\/wp-content\/uploads\/2022\/09\/A01-800x800.jpg\"><img loading=\"lazy\" decoding=\"async\" class=\"alignnone size-medium wp-image-65244\" src=\"https:\/\/fit360.ee\/wp-content\/uploads\/2022\/09\/A01-800x800.jpg\" alt=\"\" width=\"800\" height=\"800\" srcset=\"https:\/\/fit360.ee\/wp-content\/uploads\/2022\/09\/A01-800x800.jpg 800w, https:\/\/fit360.ee\/wp-content\/uploads\/2022\/09\/A01-247x247.jpg 247w, https:\/\/fit360.ee\/wp-content\/uploads\/2022\/09\/A01-100x100.jpg 100w, https:\/\/fit360.ee\/wp-content\/uploads\/2022\/09\/A01-510x510.jpg 510w, https:\/\/fit360.ee\/wp-content\/uploads\/2022\/09\/A01-1600x1600.jpg 1600w, https:\/\/fit360.ee\/wp-content\/uploads\/2022\/09\/A01-340x340.jpg 340w, https:\/\/fit360.ee\/wp-content\/uploads\/2022\/09\/A01-768x768.jpg 768w, https:\/\/fit360.ee\/wp-content\/uploads\/2022\/09\/A01-1536x1536.jpg 1536w, https:\/\/fit360.ee\/wp-content\/uploads\/2022\/09\/A01.jpg 1800w\" sizes=\"auto, (max-width: 800px) 100vw, 800px\" \/><\/a> <a href=\"https:\/\/fit360.ee\/wp-content\/uploads\/2022\/09\/A06-800x800.jpg\"><img loading=\"lazy\" decoding=\"async\" class=\"alignnone size-medium wp-image-65246\" src=\"https:\/\/fit360.ee\/wp-content\/uploads\/2022\/09\/A06-800x800.jpg\" alt=\"\" width=\"800\" height=\"800\" srcset=\"https:\/\/fit360.ee\/wp-content\/uploads\/2022\/09\/A06-800x800.jpg 800w, https:\/\/fit360.ee\/wp-content\/uploads\/2022\/09\/A06-247x247.jpg 247w, https:\/\/fit360.ee\/wp-content\/uploads\/2022\/09\/A06-100x100.jpg 100w, https:\/\/fit360.ee\/wp-content\/uploads\/2022\/09\/A06-510x510.jpg 510w, https:\/\/fit360.ee\/wp-content\/uploads\/2022\/09\/A06-1600x1600.jpg 1600w, https:\/\/fit360.ee\/wp-content\/uploads\/2022\/09\/A06-340x340.jpg 340w, https:\/\/fit360.ee\/wp-content\/uploads\/2022\/09\/A06-768x768.jpg 768w, https:\/\/fit360.ee\/wp-content\/uploads\/2022\/09\/A06-1536x1536.jpg 1536w, https:\/\/fit360.ee\/wp-content\/uploads\/2022\/09\/A06.jpg 1800w\" sizes=\"auto, (max-width: 800px) 100vw, 800px\" \/><\/a><\/p>\n<p>Vaata ka meie Teisi Shakereid <a href=\"https:\/\/fit360.ee\/en\/product-category\/training-equipment-en\/?product-category=seikerid\"><strong>SIIT<\/strong><\/a>!<\/p>\n<p>Soovid teha suuremat tellimust? Vaata antud toodet meie HULGI lehelt\u00a0<a href=\"https:\/\/toidulisandidhulgi.ee\/product\/premium-fit360-shaker-700ml\/\"><strong>SIIT<\/strong><\/a>!<\/p>\n","protected":false},"excerpt":{"rendered":"<p>\u2022 Mahutavus:700ml<br \/>\n\u2022 N\u00f5udepesumasinas pestav<br \/>\n\u2022 M\u00f5\u00f5teskaala k\u00fclje peal<br \/>\n\u2022 T\u00e4iuslikult sile pind sees ja \u00fcmar p\u00f5hi (Circle Technology) &#8211; <strong>ei ole vaja S\u00d5ELA!<\/strong><br \/>\ngaranteerib 100% sisu segunemise ilma kurna, palli jms kasutamata.<br \/>\n\u2022 Lihtne puhastada<\/p>\n<p><strong>DETAILNE INFO<\/strong>:<\/p>\n<p>\u2022 Toodetud sertifitseeritud materjalist<br \/>\n\u2022 D2W materjali hapniku-biolagunemise sertifikaat<br \/>\n\u2022 P\u00f5himaterjal: 100% pol\u00fcprop\u00fcleen<br \/>\n\u2022 V\u00e4rvus: must; valge<br \/>\n\u2022 Toksiinivaba \/ BPA vaba<br \/>\n\u2022 100% lekkekindel<\/p>\n","protected":false},"featured_media":65239,"comment_status":"closed","ping_status":"closed","template":"","meta":[],"product_brand":[],"product_cat":[540,1418,551],"product_tag":[3950,3951,3952,1865],"giftcard-category":[],"class_list":{"0":"post-65252","1":"product","2":"type-product","3":"status-publish","4":"has-post-thumbnail","6":"product_cat-drinking-bottles-en","7":"product_cat-fit360-ee-en","8":"product_cat-shakers-en","9":"product_tag-fit360-en","10":"product_tag-premium-shaker-en","11":"product_tag-seiker-en","12":"product_tag-shaker-en","13":"pa_varvus-black","14":"pa_varvus-white","16":"first","17":"instock","18":"sale","19":"taxable","20":"shipping-taxable","21":"purchasable","22":"product-type-variable"},"yoast_head":"<!-- This site is optimized with the Yoast SEO plugin v27.3 - https:\/\/yoast.com\/product\/yoast-seo-wordpress\/ -->\n<title>Premium Fit360 Shaker (700ml) - Fit360<\/title>\n<meta name=\"robots\" content=\"index, follow, max-snippet:-1, max-image-preview:large, max-video-preview:-1\" \/>\n<link rel=\"canonical\" href=\"https:\/\/fit360.ee\/en\/pood\/training-equipment-en\/drinking-bottles-en\/premium-fit360-shaker-700ml\/\" \/>\n<meta property=\"og:locale\" content=\"en_US\" \/>\n<meta property=\"og:type\" content=\"article\" \/>\n<meta property=\"og:title\" content=\"Premium Fit360 Shaker (700ml) - Fit360\" \/>\n<meta property=\"og:description\" content=\"\u2022 Mahutavus:700ml \u2022 N\u00f5udepesumasinas pestav \u2022 M\u00f5\u00f5teskaala k\u00fclje peal \u2022 T\u00e4iuslikult sile pind sees ja \u00fcmar p\u00f5hi (Circle Technology) - ei ole vaja S\u00d5ELA! garanteerib 100% sisu segunemise ilma kurna, palli jms kasutamata. \u2022 Lihtne puhastada  DETAILNE INFO:  \u2022 Toodetud sertifitseeritud materjalist \u2022 D2W materjali hapniku-biolagunemise sertifikaat \u2022 P\u00f5himaterjal: 100% pol\u00fcprop\u00fcleen \u2022 V\u00e4rvus: must; valge \u2022 Toksiinivaba \/ BPA vaba \u2022 100% lekkekindel\" \/>\n<meta property=\"og:url\" content=\"https:\/\/fit360.ee\/en\/pood\/training-equipment-en\/drinking-bottles-en\/premium-fit360-shaker-700ml\/\" \/>\n<meta property=\"og:site_name\" content=\"Fit360\" \/>\n<meta property=\"article:modified_time\" content=\"2025-08-13T05:37:29+00:00\" \/>\n<meta property=\"og:image\" content=\"https:\/\/fit360.ee\/wp-content\/uploads\/2022\/09\/B01.jpg\" \/>\n\t<meta property=\"og:image:width\" content=\"1800\" \/>\n\t<meta property=\"og:image:height\" content=\"1800\" \/>\n\t<meta property=\"og:image:type\" content=\"image\/jpeg\" \/>\n<meta name=\"twitter:card\" content=\"summary_large_image\" \/>\n<meta name=\"twitter:label1\" content=\"Est. reading time\" \/>\n\t<meta name=\"twitter:data1\" content=\"2 minutes\" \/>\n<script type=\"application\/ld+json\" class=\"yoast-schema-graph\">{\"@context\":\"https:\\\/\\\/schema.org\",\"@graph\":[{\"@type\":\"WebPage\",\"@id\":\"https:\\\/\\\/fit360.ee\\\/en\\\/pood\\\/training-equipment-en\\\/drinking-bottles-en\\\/premium-fit360-shaker-700ml\\\/\",\"url\":\"https:\\\/\\\/fit360.ee\\\/en\\\/pood\\\/training-equipment-en\\\/drinking-bottles-en\\\/premium-fit360-shaker-700ml\\\/\",\"name\":\"Premium Fit360 Shaker (700ml) - Fit360\",\"isPartOf\":{\"@id\":\"https:\\\/\\\/fit360.ee\\\/en\\\/#website\"},\"primaryImageOfPage\":{\"@id\":\"https:\\\/\\\/fit360.ee\\\/en\\\/pood\\\/training-equipment-en\\\/drinking-bottles-en\\\/premium-fit360-shaker-700ml\\\/#primaryimage\"},\"image\":{\"@id\":\"https:\\\/\\\/fit360.ee\\\/en\\\/pood\\\/training-equipment-en\\\/drinking-bottles-en\\\/premium-fit360-shaker-700ml\\\/#primaryimage\"},\"thumbnailUrl\":\"https:\\\/\\\/fit360.ee\\\/wp-content\\\/uploads\\\/2022\\\/09\\\/B01.jpg\",\"datePublished\":\"2022-09-22T13:53:56+00:00\",\"dateModified\":\"2025-08-13T05:37:29+00:00\",\"breadcrumb\":{\"@id\":\"https:\\\/\\\/fit360.ee\\\/en\\\/pood\\\/training-equipment-en\\\/drinking-bottles-en\\\/premium-fit360-shaker-700ml\\\/#breadcrumb\"},\"inLanguage\":\"en-US\",\"potentialAction\":[{\"@type\":\"ReadAction\",\"target\":[\"https:\\\/\\\/fit360.ee\\\/en\\\/pood\\\/training-equipment-en\\\/drinking-bottles-en\\\/premium-fit360-shaker-700ml\\\/\"]}]},{\"@type\":\"ImageObject\",\"inLanguage\":\"en-US\",\"@id\":\"https:\\\/\\\/fit360.ee\\\/en\\\/pood\\\/training-equipment-en\\\/drinking-bottles-en\\\/premium-fit360-shaker-700ml\\\/#primaryimage\",\"url\":\"https:\\\/\\\/fit360.ee\\\/wp-content\\\/uploads\\\/2022\\\/09\\\/B01.jpg\",\"contentUrl\":\"https:\\\/\\\/fit360.ee\\\/wp-content\\\/uploads\\\/2022\\\/09\\\/B01.jpg\",\"width\":1800,\"height\":1800,\"caption\":\"premium fit360.ee shaker - fit360.ee\"},{\"@type\":\"BreadcrumbList\",\"@id\":\"https:\\\/\\\/fit360.ee\\\/en\\\/pood\\\/training-equipment-en\\\/drinking-bottles-en\\\/premium-fit360-shaker-700ml\\\/#breadcrumb\",\"itemListElement\":[{\"@type\":\"ListItem\",\"position\":1,\"name\":\"Home\",\"item\":\"https:\\\/\\\/fit360.ee\\\/en\\\/\"},{\"@type\":\"ListItem\",\"position\":2,\"name\":\"Shop\",\"item\":\"https:\\\/\\\/fit360.ee\\\/en\\\/shop\\\/\"},{\"@type\":\"ListItem\",\"position\":3,\"name\":\"Premium Fit360 Shaker (700ml)\"}]},{\"@type\":\"WebSite\",\"@id\":\"https:\\\/\\\/fit360.ee\\\/en\\\/#website\",\"url\":\"https:\\\/\\\/fit360.ee\\\/en\\\/\",\"name\":\"Fit360\",\"description\":\"\",\"publisher\":{\"@id\":\"https:\\\/\\\/fit360.ee\\\/en\\\/#organization\"},\"potentialAction\":[{\"@type\":\"SearchAction\",\"target\":{\"@type\":\"EntryPoint\",\"urlTemplate\":\"https:\\\/\\\/fit360.ee\\\/en\\\/?s={search_term_string}\"},\"query-input\":{\"@type\":\"PropertyValueSpecification\",\"valueRequired\":true,\"valueName\":\"search_term_string\"}}],\"inLanguage\":\"en-US\"},{\"@type\":\"Organization\",\"@id\":\"https:\\\/\\\/fit360.ee\\\/en\\\/#organization\",\"name\":\"Fit360\",\"url\":\"https:\\\/\\\/fit360.ee\\\/en\\\/\",\"logo\":{\"@type\":\"ImageObject\",\"inLanguage\":\"en-US\",\"@id\":\"https:\\\/\\\/fit360.ee\\\/en\\\/#\\\/schema\\\/logo\\\/image\\\/\",\"url\":\"https:\\\/\\\/fit360.ee\\\/wp-content\\\/uploads\\\/2017\\\/01\\\/logo-fit360.png\",\"contentUrl\":\"https:\\\/\\\/fit360.ee\\\/wp-content\\\/uploads\\\/2017\\\/01\\\/logo-fit360.png\",\"width\":180,\"height\":66,\"caption\":\"Fit360\"},\"image\":{\"@id\":\"https:\\\/\\\/fit360.ee\\\/en\\\/#\\\/schema\\\/logo\\\/image\\\/\"}}]}<\/script>\n<!-- \/ Yoast SEO plugin. -->","yoast_head_json":{"title":"Premium Fit360 Shaker (700ml) - Fit360","robots":{"index":"index","follow":"follow","max-snippet":"max-snippet:-1","max-image-preview":"max-image-preview:large","max-video-preview":"max-video-preview:-1"},"canonical":"https:\/\/fit360.ee\/en\/pood\/training-equipment-en\/drinking-bottles-en\/premium-fit360-shaker-700ml\/","og_locale":"en_US","og_type":"article","og_title":"Premium Fit360 Shaker (700ml) - Fit360","og_description":"\u2022 Mahutavus:700ml \u2022 N\u00f5udepesumasinas pestav \u2022 M\u00f5\u00f5teskaala k\u00fclje peal \u2022 T\u00e4iuslikult sile pind sees ja \u00fcmar p\u00f5hi (Circle Technology) - ei ole vaja S\u00d5ELA! garanteerib 100% sisu segunemise ilma kurna, palli jms kasutamata. \u2022 Lihtne puhastada  DETAILNE INFO:  \u2022 Toodetud sertifitseeritud materjalist \u2022 D2W materjali hapniku-biolagunemise sertifikaat \u2022 P\u00f5himaterjal: 100% pol\u00fcprop\u00fcleen \u2022 V\u00e4rvus: must; valge \u2022 Toksiinivaba \/ BPA vaba \u2022 100% lekkekindel","og_url":"https:\/\/fit360.ee\/en\/pood\/training-equipment-en\/drinking-bottles-en\/premium-fit360-shaker-700ml\/","og_site_name":"Fit360","article_modified_time":"2025-08-13T05:37:29+00:00","og_image":[{"width":1800,"height":1800,"url":"https:\/\/fit360.ee\/wp-content\/uploads\/2022\/09\/B01.jpg","type":"image\/jpeg"}],"twitter_card":"summary_large_image","twitter_misc":{"Est. reading time":"2 minutes"},"schema":{"@context":"https:\/\/schema.org","@graph":[{"@type":"WebPage","@id":"https:\/\/fit360.ee\/en\/pood\/training-equipment-en\/drinking-bottles-en\/premium-fit360-shaker-700ml\/","url":"https:\/\/fit360.ee\/en\/pood\/training-equipment-en\/drinking-bottles-en\/premium-fit360-shaker-700ml\/","name":"Premium Fit360 Shaker (700ml) - Fit360","isPartOf":{"@id":"https:\/\/fit360.ee\/en\/#website"},"primaryImageOfPage":{"@id":"https:\/\/fit360.ee\/en\/pood\/training-equipment-en\/drinking-bottles-en\/premium-fit360-shaker-700ml\/#primaryimage"},"image":{"@id":"https:\/\/fit360.ee\/en\/pood\/training-equipment-en\/drinking-bottles-en\/premium-fit360-shaker-700ml\/#primaryimage"},"thumbnailUrl":"https:\/\/fit360.ee\/wp-content\/uploads\/2022\/09\/B01.jpg","datePublished":"2022-09-22T13:53:56+00:00","dateModified":"2025-08-13T05:37:29+00:00","breadcrumb":{"@id":"https:\/\/fit360.ee\/en\/pood\/training-equipment-en\/drinking-bottles-en\/premium-fit360-shaker-700ml\/#breadcrumb"},"inLanguage":"en-US","potentialAction":[{"@type":"ReadAction","target":["https:\/\/fit360.ee\/en\/pood\/training-equipment-en\/drinking-bottles-en\/premium-fit360-shaker-700ml\/"]}]},{"@type":"ImageObject","inLanguage":"en-US","@id":"https:\/\/fit360.ee\/en\/pood\/training-equipment-en\/drinking-bottles-en\/premium-fit360-shaker-700ml\/#primaryimage","url":"https:\/\/fit360.ee\/wp-content\/uploads\/2022\/09\/B01.jpg","contentUrl":"https:\/\/fit360.ee\/wp-content\/uploads\/2022\/09\/B01.jpg","width":1800,"height":1800,"caption":"premium fit360.ee shaker - fit360.ee"},{"@type":"BreadcrumbList","@id":"https:\/\/fit360.ee\/en\/pood\/training-equipment-en\/drinking-bottles-en\/premium-fit360-shaker-700ml\/#breadcrumb","itemListElement":[{"@type":"ListItem","position":1,"name":"Home","item":"https:\/\/fit360.ee\/en\/"},{"@type":"ListItem","position":2,"name":"Shop","item":"https:\/\/fit360.ee\/en\/shop\/"},{"@type":"ListItem","position":3,"name":"Premium Fit360 Shaker (700ml)"}]},{"@type":"WebSite","@id":"https:\/\/fit360.ee\/en\/#website","url":"https:\/\/fit360.ee\/en\/","name":"Fit360","description":"","publisher":{"@id":"https:\/\/fit360.ee\/en\/#organization"},"potentialAction":[{"@type":"SearchAction","target":{"@type":"EntryPoint","urlTemplate":"https:\/\/fit360.ee\/en\/?s={search_term_string}"},"query-input":{"@type":"PropertyValueSpecification","valueRequired":true,"valueName":"search_term_string"}}],"inLanguage":"en-US"},{"@type":"Organization","@id":"https:\/\/fit360.ee\/en\/#organization","name":"Fit360","url":"https:\/\/fit360.ee\/en\/","logo":{"@type":"ImageObject","inLanguage":"en-US","@id":"https:\/\/fit360.ee\/en\/#\/schema\/logo\/image\/","url":"https:\/\/fit360.ee\/wp-content\/uploads\/2017\/01\/logo-fit360.png","contentUrl":"https:\/\/fit360.ee\/wp-content\/uploads\/2017\/01\/logo-fit360.png","width":180,"height":66,"caption":"Fit360"},"image":{"@id":"https:\/\/fit360.ee\/en\/#\/schema\/logo\/image\/"}}]}},"_links":{"self":[{"href":"https:\/\/fit360.ee\/en\/wp-json\/wp\/v2\/product\/65252","targetHints":{"allow":["GET"]}}],"collection":[{"href":"https:\/\/fit360.ee\/en\/wp-json\/wp\/v2\/product"}],"about":[{"href":"https:\/\/fit360.ee\/en\/wp-json\/wp\/v2\/types\/product"}],"replies":[{"embeddable":true,"href":"https:\/\/fit360.ee\/en\/wp-json\/wp\/v2\/comments?post=65252"}],"wp:featuredmedia":[{"embeddable":true,"href":"https:\/\/fit360.ee\/en\/wp-json\/wp\/v2\/media\/65239"}],"wp:attachment":[{"href":"https:\/\/fit360.ee\/en\/wp-json\/wp\/v2\/media?parent=65252"}],"wp:term":[{"taxonomy":"product_brand","embeddable":true,"href":"https:\/\/fit360.ee\/en\/wp-json\/wp\/v2\/product_brand?post=65252"},{"taxonomy":"product_cat","embeddable":true,"href":"https:\/\/fit360.ee\/en\/wp-json\/wp\/v2\/product_cat?post=65252"},{"taxonomy":"product_tag","embeddable":true,"href":"https:\/\/fit360.ee\/en\/wp-json\/wp\/v2\/product_tag?post=65252"},{"taxonomy":"giftcard-category","embeddable":true,"href":"https:\/\/fit360.ee\/en\/wp-json\/wp\/v2\/giftcard-category?post=65252"}],"curies":[{"name":"wp","href":"https:\/\/api.w.org\/{rel}","templated":true}]}}