{"id":65302,"date":"2022-09-24T21:01:51","date_gmt":"2022-09-24T19:01:51","guid":{"rendered":"https:\/\/fit360.ee\/pood\/uncategorized\/jan-tana-hi-def-base-color\/"},"modified":"2026-04-14T17:12:19","modified_gmt":"2026-04-14T15:12:19","slug":"jan-tana-hi-def-base-color","status":"publish","type":"product","link":"https:\/\/fit360.ee\/en\/pood\/training-equipment-en\/other-products-en\/jan-tana-hi-def-base-color\/","title":{"rendered":"Jan Tana Hi-Def &#8211; Base Color"},"content":{"rendered":"<h1><strong>Jan Tana Hi-Def<\/strong><\/h1>\n<p>Jan Tana Hi-Def Base Color \u2013 tumepruun<\/p>\n<p>Kasutage p\u00e4ev enne Teie v\u00f5istlust.<\/p>\n<ul>\n<li>Rikkalik, tume k\u00f5rglahutusega v\u00e4rv parandab kehaehitust.<\/li>\n<li>Kiire, lihtne peale kanda. Kuivab kiiresti.<\/li>\n<li>K\u00f5igi v\u00f5istluste v\u00f5iduv\u00e4rv!<\/li>\n<li>Grimeerige kaks korda v\u00f5istluseelsel \u00f5htul ja \u00fcks kord v\u00f5istluste hommikul.<\/li>\n<\/ul>\n<p>Jan Tana Hi-Definition Color annab teile laval h\u00e4mmastava definitsiooni ja aitab teil V\u00d5ISTLUSE V\u00d5ITA!<\/p>\n<p>Nii tume, et solaariumis pole vaja p\u00e4evitada.<\/p>\n<p><strong>Ideaalne k\u00f5ikidele nahatoonidele!<\/strong><\/p>\n<p><strong>NB!<\/strong> Enne kasutamist konsulteerige oma treeneri v\u00f5i m\u00f5ne muu spetsialistiga. Fit360 ei vastuta eba\u00f5nnestunud kasutuse p\u00e4rast.<\/p>\n<p><strong>Pakend sisaldab<\/strong>: Jan Tana Hi-Def Base Color<\/p>\n","protected":false},"excerpt":{"rendered":"<p><strong>Jan Tana Hi-Def<\/strong><\/p>\n<ul>\n<li>Rikkalik, tume k\u00f5rglahutusega v\u00e4rv parandab kehaehitust.<\/li>\n<li>Kiire, lihtne peale kanda. Kuivab kiiresti.<\/li>\n<li>K\u00f5igi v\u00f5istluste v\u00f5iduv\u00e4rv!<\/li>\n<li>Grimeerige kaks korda v\u00f5istluseelsel \u00f5htul ja \u00fcks kord v\u00f5istluste hommikul.<\/li>\n<\/ul>\n<p><strong>NB!<\/strong> Enne kasutamist konsulteerige oma treeneri v\u00f5i m\u00f5ne muu spetsialistiga. Fit360 ei vastuta eba\u00f5nnestunud kasutuse p\u00e4rast.<\/p>\n","protected":false},"featured_media":65301,"comment_status":"closed","ping_status":"closed","template":"","meta":[],"product_brand":[],"product_cat":[1204,538],"product_tag":[3955,3958],"giftcard-category":[],"class_list":{"0":"post-65302","1":"product","2":"type-product","3":"status-publish","4":"has-post-thumbnail","6":"product_cat-other-products-en","7":"product_cat-training-equipment-en","8":"product_tag-jan-tana-en","9":"product_tag-jana-tana-hi-def-en","10":"pa_brand-jan-tana-en","11":"pa_sugu-for-men","12":"pa_sugu-for-women","13":"pa_sugu-unisex-en","14":"pa_varustus-muu-en","15":"pa_varustus-muud-en","17":"first","18":"instock","19":"sale","20":"taxable","21":"shipping-taxable","22":"purchasable","23":"product-type-simple"},"yoast_head":"<!-- This site is optimized with the Yoast SEO plugin v27.5 - https:\/\/yoast.com\/product\/yoast-seo-wordpress\/ -->\n<title>Jan Tana Hi-Def - Base Color - Fit360<\/title>\n<meta name=\"robots\" content=\"index, follow, max-snippet:-1, max-image-preview:large, max-video-preview:-1\" \/>\n<link rel=\"canonical\" href=\"https:\/\/fit360.ee\/en\/pood\/training-equipment-en\/other-products-en\/jan-tana-hi-def-base-color\/\" \/>\n<meta property=\"og:locale\" content=\"en_US\" \/>\n<meta property=\"og:type\" content=\"article\" \/>\n<meta property=\"og:title\" content=\"Jan Tana Hi-Def - Base Color - Fit360\" \/>\n<meta property=\"og:description\" content=\"Jan Tana Hi-Def   Rikkalik, tume k\u00f5rglahutusega v\u00e4rv parandab kehaehitust.  Kiire, lihtne peale kanda. Kuivab kiiresti.  K\u00f5igi v\u00f5istluste v\u00f5iduv\u00e4rv!  Grimeerige kaks korda v\u00f5istluseelsel \u00f5htul ja \u00fcks kord v\u00f5istluste hommikul.  NB! Enne kasutamist konsulteerige oma treeneri v\u00f5i m\u00f5ne muu spetsialistiga. Fit360 ei vastuta eba\u00f5nnestunud kasutuse p\u00e4rast.\" \/>\n<meta property=\"og:url\" content=\"https:\/\/fit360.ee\/en\/pood\/training-equipment-en\/other-products-en\/jan-tana-hi-def-base-color\/\" \/>\n<meta property=\"og:site_name\" content=\"Fit360\" \/>\n<meta property=\"article:modified_time\" content=\"2026-04-14T15:12:19+00:00\" \/>\n<meta property=\"og:image\" content=\"https:\/\/fit360.ee\/wp-content\/uploads\/2022\/09\/Jan-Tana-Hi-Def-fit360.ee-1.jpg\" \/>\n\t<meta property=\"og:image:width\" content=\"800\" \/>\n\t<meta property=\"og:image:height\" content=\"800\" \/>\n\t<meta property=\"og:image:type\" content=\"image\/jpeg\" \/>\n<meta name=\"twitter:card\" content=\"summary_large_image\" \/>\n<meta name=\"twitter:label1\" content=\"Est. reading time\" \/>\n\t<meta name=\"twitter:data1\" content=\"1 minute\" \/>\n<script type=\"application\/ld+json\" class=\"yoast-schema-graph\">{\"@context\":\"https:\\\/\\\/schema.org\",\"@graph\":[{\"@type\":\"WebPage\",\"@id\":\"https:\\\/\\\/fit360.ee\\\/en\\\/pood\\\/training-equipment-en\\\/other-products-en\\\/jan-tana-hi-def-base-color\\\/\",\"url\":\"https:\\\/\\\/fit360.ee\\\/en\\\/pood\\\/training-equipment-en\\\/other-products-en\\\/jan-tana-hi-def-base-color\\\/\",\"name\":\"Jan Tana Hi-Def - Base Color - Fit360\",\"isPartOf\":{\"@id\":\"https:\\\/\\\/fit360.ee\\\/en\\\/#website\"},\"primaryImageOfPage\":{\"@id\":\"https:\\\/\\\/fit360.ee\\\/en\\\/pood\\\/training-equipment-en\\\/other-products-en\\\/jan-tana-hi-def-base-color\\\/#primaryimage\"},\"image\":{\"@id\":\"https:\\\/\\\/fit360.ee\\\/en\\\/pood\\\/training-equipment-en\\\/other-products-en\\\/jan-tana-hi-def-base-color\\\/#primaryimage\"},\"thumbnailUrl\":\"https:\\\/\\\/fit360.ee\\\/wp-content\\\/uploads\\\/2022\\\/09\\\/Jan-Tana-Hi-Def-fit360.ee-1.jpg\",\"datePublished\":\"2022-09-24T19:01:51+00:00\",\"dateModified\":\"2026-04-14T15:12:19+00:00\",\"breadcrumb\":{\"@id\":\"https:\\\/\\\/fit360.ee\\\/en\\\/pood\\\/training-equipment-en\\\/other-products-en\\\/jan-tana-hi-def-base-color\\\/#breadcrumb\"},\"inLanguage\":\"en-US\",\"potentialAction\":[{\"@type\":\"ReadAction\",\"target\":[\"https:\\\/\\\/fit360.ee\\\/en\\\/pood\\\/training-equipment-en\\\/other-products-en\\\/jan-tana-hi-def-base-color\\\/\"]}]},{\"@type\":\"ImageObject\",\"inLanguage\":\"en-US\",\"@id\":\"https:\\\/\\\/fit360.ee\\\/en\\\/pood\\\/training-equipment-en\\\/other-products-en\\\/jan-tana-hi-def-base-color\\\/#primaryimage\",\"url\":\"https:\\\/\\\/fit360.ee\\\/wp-content\\\/uploads\\\/2022\\\/09\\\/Jan-Tana-Hi-Def-fit360.ee-1.jpg\",\"contentUrl\":\"https:\\\/\\\/fit360.ee\\\/wp-content\\\/uploads\\\/2022\\\/09\\\/Jan-Tana-Hi-Def-fit360.ee-1.jpg\",\"width\":800,\"height\":800,\"caption\":\"Jan Tana Hi-Def - fit360.ee\"},{\"@type\":\"BreadcrumbList\",\"@id\":\"https:\\\/\\\/fit360.ee\\\/en\\\/pood\\\/training-equipment-en\\\/other-products-en\\\/jan-tana-hi-def-base-color\\\/#breadcrumb\",\"itemListElement\":[{\"@type\":\"ListItem\",\"position\":1,\"name\":\"Home\",\"item\":\"https:\\\/\\\/fit360.ee\\\/en\\\/\"},{\"@type\":\"ListItem\",\"position\":2,\"name\":\"Shop\",\"item\":\"https:\\\/\\\/fit360.ee\\\/en\\\/shop\\\/\"},{\"@type\":\"ListItem\",\"position\":3,\"name\":\"Jan Tana Hi-Def &#8211; Base Color\"}]},{\"@type\":\"WebSite\",\"@id\":\"https:\\\/\\\/fit360.ee\\\/en\\\/#website\",\"url\":\"https:\\\/\\\/fit360.ee\\\/en\\\/\",\"name\":\"Fit360\",\"description\":\"\",\"publisher\":{\"@id\":\"https:\\\/\\\/fit360.ee\\\/en\\\/#organization\"},\"potentialAction\":[{\"@type\":\"SearchAction\",\"target\":{\"@type\":\"EntryPoint\",\"urlTemplate\":\"https:\\\/\\\/fit360.ee\\\/en\\\/?s={search_term_string}\"},\"query-input\":{\"@type\":\"PropertyValueSpecification\",\"valueRequired\":true,\"valueName\":\"search_term_string\"}}],\"inLanguage\":\"en-US\"},{\"@type\":\"Organization\",\"@id\":\"https:\\\/\\\/fit360.ee\\\/en\\\/#organization\",\"name\":\"Fit360\",\"url\":\"https:\\\/\\\/fit360.ee\\\/en\\\/\",\"logo\":{\"@type\":\"ImageObject\",\"inLanguage\":\"en-US\",\"@id\":\"https:\\\/\\\/fit360.ee\\\/en\\\/#\\\/schema\\\/logo\\\/image\\\/\",\"url\":\"https:\\\/\\\/fit360.ee\\\/wp-content\\\/uploads\\\/2017\\\/01\\\/logo-fit360.png\",\"contentUrl\":\"https:\\\/\\\/fit360.ee\\\/wp-content\\\/uploads\\\/2017\\\/01\\\/logo-fit360.png\",\"width\":180,\"height\":66,\"caption\":\"Fit360\"},\"image\":{\"@id\":\"https:\\\/\\\/fit360.ee\\\/en\\\/#\\\/schema\\\/logo\\\/image\\\/\"}}]}<\/script>\n<!-- \/ Yoast SEO plugin. -->","yoast_head_json":{"title":"Jan Tana Hi-Def - Base Color - Fit360","robots":{"index":"index","follow":"follow","max-snippet":"max-snippet:-1","max-image-preview":"max-image-preview:large","max-video-preview":"max-video-preview:-1"},"canonical":"https:\/\/fit360.ee\/en\/pood\/training-equipment-en\/other-products-en\/jan-tana-hi-def-base-color\/","og_locale":"en_US","og_type":"article","og_title":"Jan Tana Hi-Def - Base Color - Fit360","og_description":"Jan Tana Hi-Def   Rikkalik, tume k\u00f5rglahutusega v\u00e4rv parandab kehaehitust.  Kiire, lihtne peale kanda. Kuivab kiiresti.  K\u00f5igi v\u00f5istluste v\u00f5iduv\u00e4rv!  Grimeerige kaks korda v\u00f5istluseelsel \u00f5htul ja \u00fcks kord v\u00f5istluste hommikul.  NB! Enne kasutamist konsulteerige oma treeneri v\u00f5i m\u00f5ne muu spetsialistiga. Fit360 ei vastuta eba\u00f5nnestunud kasutuse p\u00e4rast.","og_url":"https:\/\/fit360.ee\/en\/pood\/training-equipment-en\/other-products-en\/jan-tana-hi-def-base-color\/","og_site_name":"Fit360","article_modified_time":"2026-04-14T15:12:19+00:00","og_image":[{"width":800,"height":800,"url":"https:\/\/fit360.ee\/wp-content\/uploads\/2022\/09\/Jan-Tana-Hi-Def-fit360.ee-1.jpg","type":"image\/jpeg"}],"twitter_card":"summary_large_image","twitter_misc":{"Est. reading time":"1 minute"},"schema":{"@context":"https:\/\/schema.org","@graph":[{"@type":"WebPage","@id":"https:\/\/fit360.ee\/en\/pood\/training-equipment-en\/other-products-en\/jan-tana-hi-def-base-color\/","url":"https:\/\/fit360.ee\/en\/pood\/training-equipment-en\/other-products-en\/jan-tana-hi-def-base-color\/","name":"Jan Tana Hi-Def - Base Color - Fit360","isPartOf":{"@id":"https:\/\/fit360.ee\/en\/#website"},"primaryImageOfPage":{"@id":"https:\/\/fit360.ee\/en\/pood\/training-equipment-en\/other-products-en\/jan-tana-hi-def-base-color\/#primaryimage"},"image":{"@id":"https:\/\/fit360.ee\/en\/pood\/training-equipment-en\/other-products-en\/jan-tana-hi-def-base-color\/#primaryimage"},"thumbnailUrl":"https:\/\/fit360.ee\/wp-content\/uploads\/2022\/09\/Jan-Tana-Hi-Def-fit360.ee-1.jpg","datePublished":"2022-09-24T19:01:51+00:00","dateModified":"2026-04-14T15:12:19+00:00","breadcrumb":{"@id":"https:\/\/fit360.ee\/en\/pood\/training-equipment-en\/other-products-en\/jan-tana-hi-def-base-color\/#breadcrumb"},"inLanguage":"en-US","potentialAction":[{"@type":"ReadAction","target":["https:\/\/fit360.ee\/en\/pood\/training-equipment-en\/other-products-en\/jan-tana-hi-def-base-color\/"]}]},{"@type":"ImageObject","inLanguage":"en-US","@id":"https:\/\/fit360.ee\/en\/pood\/training-equipment-en\/other-products-en\/jan-tana-hi-def-base-color\/#primaryimage","url":"https:\/\/fit360.ee\/wp-content\/uploads\/2022\/09\/Jan-Tana-Hi-Def-fit360.ee-1.jpg","contentUrl":"https:\/\/fit360.ee\/wp-content\/uploads\/2022\/09\/Jan-Tana-Hi-Def-fit360.ee-1.jpg","width":800,"height":800,"caption":"Jan Tana Hi-Def - fit360.ee"},{"@type":"BreadcrumbList","@id":"https:\/\/fit360.ee\/en\/pood\/training-equipment-en\/other-products-en\/jan-tana-hi-def-base-color\/#breadcrumb","itemListElement":[{"@type":"ListItem","position":1,"name":"Home","item":"https:\/\/fit360.ee\/en\/"},{"@type":"ListItem","position":2,"name":"Shop","item":"https:\/\/fit360.ee\/en\/shop\/"},{"@type":"ListItem","position":3,"name":"Jan Tana Hi-Def &#8211; Base Color"}]},{"@type":"WebSite","@id":"https:\/\/fit360.ee\/en\/#website","url":"https:\/\/fit360.ee\/en\/","name":"Fit360","description":"","publisher":{"@id":"https:\/\/fit360.ee\/en\/#organization"},"potentialAction":[{"@type":"SearchAction","target":{"@type":"EntryPoint","urlTemplate":"https:\/\/fit360.ee\/en\/?s={search_term_string}"},"query-input":{"@type":"PropertyValueSpecification","valueRequired":true,"valueName":"search_term_string"}}],"inLanguage":"en-US"},{"@type":"Organization","@id":"https:\/\/fit360.ee\/en\/#organization","name":"Fit360","url":"https:\/\/fit360.ee\/en\/","logo":{"@type":"ImageObject","inLanguage":"en-US","@id":"https:\/\/fit360.ee\/en\/#\/schema\/logo\/image\/","url":"https:\/\/fit360.ee\/wp-content\/uploads\/2017\/01\/logo-fit360.png","contentUrl":"https:\/\/fit360.ee\/wp-content\/uploads\/2017\/01\/logo-fit360.png","width":180,"height":66,"caption":"Fit360"},"image":{"@id":"https:\/\/fit360.ee\/en\/#\/schema\/logo\/image\/"}}]}},"_links":{"self":[{"href":"https:\/\/fit360.ee\/en\/wp-json\/wp\/v2\/product\/65302","targetHints":{"allow":["GET"]}}],"collection":[{"href":"https:\/\/fit360.ee\/en\/wp-json\/wp\/v2\/product"}],"about":[{"href":"https:\/\/fit360.ee\/en\/wp-json\/wp\/v2\/types\/product"}],"replies":[{"embeddable":true,"href":"https:\/\/fit360.ee\/en\/wp-json\/wp\/v2\/comments?post=65302"}],"wp:featuredmedia":[{"embeddable":true,"href":"https:\/\/fit360.ee\/en\/wp-json\/wp\/v2\/media\/65301"}],"wp:attachment":[{"href":"https:\/\/fit360.ee\/en\/wp-json\/wp\/v2\/media?parent=65302"}],"wp:term":[{"taxonomy":"product_brand","embeddable":true,"href":"https:\/\/fit360.ee\/en\/wp-json\/wp\/v2\/product_brand?post=65302"},{"taxonomy":"product_cat","embeddable":true,"href":"https:\/\/fit360.ee\/en\/wp-json\/wp\/v2\/product_cat?post=65302"},{"taxonomy":"product_tag","embeddable":true,"href":"https:\/\/fit360.ee\/en\/wp-json\/wp\/v2\/product_tag?post=65302"},{"taxonomy":"giftcard-category","embeddable":true,"href":"https:\/\/fit360.ee\/en\/wp-json\/wp\/v2\/giftcard-category?post=65302"}],"curies":[{"name":"wp","href":"https:\/\/api.w.org\/{rel}","templated":true}]}}