{"id":65755,"date":"2022-10-17T15:58:57","date_gmt":"2022-10-17T13:58:57","guid":{"rendered":"https:\/\/fit360.ee\/?post_type=product&#038;p=65755"},"modified":"2026-04-10T14:56:37","modified_gmt":"2026-04-10T12:56:37","slug":"hydrojuice-energy-1500g","status":"publish","type":"product","link":"https:\/\/fit360.ee\/en\/pood\/product-groups\/energy-carbohydrates\/isotonic-en\/hydrojuice-energy-1500g\/","title":{"rendered":"Hydrojuice Energy (1500g)"},"content":{"rendered":"<h1><strong>Hydrojuice Energy<\/strong><\/h1>\n<p>Hydrojuice energy on spetsiaalne retsept, mis tagab parima taastumise v\u00f5i lisaenergia treeningu\/v\u00f5istluse ajal.<\/p>\n<p><strong>Hydrojuice Energy Koostisosad<\/strong>: maltodekstriin, dekstroos, C-vitamiin (L-askorbiinhape), l\u00f5hna- ja maitseaine, magusaine: sukraloos, v\u00e4rvaine: * ko\u0161enillipunane A (ko\u0161enillipunane E124*, naatriumkloriid), niatsiin (nikotiinamiid), tsink (tsinksulfaat), raudraud. (II) sulfaat), E-vitamiin (Dl-alfa-tokofer\u00fc\u00fclatsetaat), pantoteenhape (kaltsium-D-pantotenaat), mangaan (mangaansulfaat), vitamiin B2 (riboflaviin), vitamiin B6 (p\u00fcridoksiin HCl), vitamiin B1 (mononitraattiamiin) ), vask (vasksulfaat), A-vitamiin (retin\u00fc\u00fclatsetaat), foolhape, jood (kaaliumjodiid), vitamiin K (f\u00fclokinoon), seleen (naatriumselenaat (Iv)), biotiin (D-biotiin), mol\u00fcbdeen (mol\u00fcbdaat () VI) Naatrium), kroom (kroom(III)kloriid), D-vitamiin (kolekaltsiferool), vitamiin B12 (ts\u00fcanokobalamiin). * V\u00f5ib avaldada negatiivset m\u00f5ju laste aktiivsusele ja t\u00e4helepanuv\u00f5imele.<\/p>\n<p><strong>Kasutamine<\/strong>: Lahusta \u00fcks portsjon toodet (30 g \u2013 2 lusikat) 300 ml vees. Tarbida \u00fcks kord p\u00e4evas kohe p\u00e4rast segamist. Toidulisandit ei saa kasutada mitmek\u00fclgse toitumise asendajana (asendajana). \u00c4rge \u00fcletage soovitatavat \u00f6\u00f6p\u00e4evast annust!<\/p>\n<p><strong>S\u00e4ilitamine<\/strong>: Hoida tihedalt suletuna temperatuuril 5\u00b0C kuni 30\u00b0C. Kaitsta otsese soojusallika, p\u00e4ikesevalguse ja niiskuse eest!<\/p>\n<p><strong><b>NB! Toode ei asenda mitmek\u00fclgset toitumist. Hoida lastele k\u00e4ttesaamatus kohas.<\/b><\/strong><\/p>\n<p><strong>Suurus<\/strong>: 1500g<\/p>\n<p><a href=\"https:\/\/fit360.ee\/wp-content\/uploads\/2022\/03\/hydrojuice-energy-fit360.ee_.jpg\"><img loading=\"lazy\" decoding=\"async\" class=\"size-full wp-image-60683\" src=\"https:\/\/fit360.ee\/wp-content\/uploads\/2022\/03\/hydrojuice-energy-fit360.ee_.jpg\" alt=\"hydrojuice energy - fit360.ee\" width=\"600\" height=\"600\" srcset=\"https:\/\/fit360.ee\/wp-content\/uploads\/2022\/03\/hydrojuice-energy-fit360.ee_.jpg 600w, https:\/\/fit360.ee\/wp-content\/uploads\/2022\/03\/hydrojuice-energy-fit360.ee_-247x247.jpg 247w, https:\/\/fit360.ee\/wp-content\/uploads\/2022\/03\/hydrojuice-energy-fit360.ee_-100x100.jpg 100w, https:\/\/fit360.ee\/wp-content\/uploads\/2022\/03\/hydrojuice-energy-fit360.ee_-510x510.jpg 510w, https:\/\/fit360.ee\/wp-content\/uploads\/2022\/03\/hydrojuice-energy-fit360.ee_-340x340.jpg 340w, https:\/\/fit360.ee\/wp-content\/uploads\/2022\/03\/hydrojuice-energy-fit360.ee_-80x80.jpg 80w\" sizes=\"auto, (max-width: 600px) 100vw, 600px\" \/><\/a><\/p>\n<p>Vaata ka meie Teisi Isotoonilisi spordijooke <a href=\"https:\/\/fit360.ee\/en\/product-category\/product-groups\/energy-carbohydrates\/isotonic-en\/\"><strong>SIIT<\/strong><\/a> v\u00f5i S\u00fcsivesikuid <a href=\"https:\/\/fit360.ee\/en\/product-category\/product-groups\/energy-carbohydrates\/\"><strong>SIIT<\/strong><\/a>!<\/p>\n<p>Soovid teha suuremat tellimust? Vaata antud toodet meie HULGI lehelt\u00a0<a href=\"https:\/\/toidulisandidhulgi.ee\/product\/hydrojuice-energy-1500g\/\"><strong>SIIT<\/strong><\/a>!<\/p>\n","protected":false},"excerpt":{"rendered":"<h2><strong>Hydrojuice<\/strong><\/h2>\n<ul>\n<li>Kvaliteet s\u00fcsivesikud<\/li>\n<li>Olulised vitamiinid ja mineraalid<\/li>\n<li>Rohkem energiat<\/li>\n<li>Sobib ideaalselt tarbimiseks treeningu ajal<\/li>\n<\/ul>\n","protected":false},"featured_media":60686,"comment_status":"closed","ping_status":"closed","template":"","meta":[],"product_brand":[],"product_cat":[522,1618,2460],"product_tag":[1773,3666,3667],"giftcard-category":[],"class_list":{"0":"post-65755","1":"product","2":"type-product","3":"status-publish","4":"has-post-thumbnail","6":"product_cat-energy-carbohydrates","7":"product_cat-evolite-en","8":"product_cat-isotonic-en","9":"product_tag-evolite-en","10":"product_tag-hydrojuice-en","11":"product_tag-hydrojuice-energy-en","12":"pa_maitse-black-currant","13":"pa_maitse-cherry","14":"pa_maitse-grape","15":"pa_maitse-ice-candy-en","16":"pa_maitse-peach","17":"pa_maitse-rohelise-ouna-en","19":"first","20":"instock","21":"sale","22":"taxable","23":"shipping-taxable","24":"purchasable","25":"product-type-variable"},"yoast_head":"<!-- This site is optimized with the Yoast SEO plugin v27.3 - https:\/\/yoast.com\/product\/yoast-seo-wordpress\/ -->\n<title>Hydrojuice Energy (1500g) - Isotooniline Spordijook - Kiire Tarne<\/title>\n<meta name=\"description\" content=\"Hydrojuice energy on spetsiaalne retsept, mis tagab parima taastumise v\u00f5i lisaenergia treeningu\/v\u00f5istluse ajal. Kiire Tarne!\" \/>\n<meta name=\"robots\" content=\"index, follow, max-snippet:-1, max-image-preview:large, max-video-preview:-1\" \/>\n<link rel=\"canonical\" href=\"https:\/\/fit360.ee\/en\/pood\/product-groups\/energy-carbohydrates\/isotonic-en\/hydrojuice-energy-1500g\/\" \/>\n<meta property=\"og:locale\" content=\"en_US\" \/>\n<meta property=\"og:type\" content=\"article\" \/>\n<meta property=\"og:title\" content=\"Hydrojuice Energy (1500g) - Isotooniline Spordijook - Kiire Tarne\" \/>\n<meta property=\"og:description\" content=\"Hydrojuice energy on spetsiaalne retsept, mis tagab parima taastumise v\u00f5i lisaenergia treeningu\/v\u00f5istluse ajal. Kiire Tarne!\" \/>\n<meta property=\"og:url\" content=\"https:\/\/fit360.ee\/en\/pood\/product-groups\/energy-carbohydrates\/isotonic-en\/hydrojuice-energy-1500g\/\" \/>\n<meta property=\"og:site_name\" content=\"Fit360\" \/>\n<meta property=\"article:modified_time\" content=\"2026-04-10T12:56:37+00:00\" \/>\n<meta property=\"og:image\" content=\"https:\/\/fit360.ee\/wp-content\/uploads\/2022\/03\/hydrojuice-energy-isotooniline-spordijook-fit360.ee_.jpg\" \/>\n\t<meta property=\"og:image:width\" content=\"600\" \/>\n\t<meta property=\"og:image:height\" content=\"600\" \/>\n\t<meta property=\"og:image:type\" content=\"image\/jpeg\" \/>\n<meta name=\"twitter:card\" content=\"summary_large_image\" \/>\n<meta name=\"twitter:label1\" content=\"Est. reading time\" \/>\n\t<meta name=\"twitter:data1\" content=\"2 minutes\" \/>\n<script type=\"application\/ld+json\" class=\"yoast-schema-graph\">{\"@context\":\"https:\\\/\\\/schema.org\",\"@graph\":[{\"@type\":\"WebPage\",\"@id\":\"https:\\\/\\\/fit360.ee\\\/en\\\/pood\\\/product-groups\\\/energy-carbohydrates\\\/isotonic-en\\\/hydrojuice-energy-1500g\\\/\",\"url\":\"https:\\\/\\\/fit360.ee\\\/en\\\/pood\\\/product-groups\\\/energy-carbohydrates\\\/isotonic-en\\\/hydrojuice-energy-1500g\\\/\",\"name\":\"Hydrojuice Energy (1500g) - Isotooniline Spordijook - Kiire Tarne\",\"isPartOf\":{\"@id\":\"https:\\\/\\\/fit360.ee\\\/en\\\/#website\"},\"primaryImageOfPage\":{\"@id\":\"https:\\\/\\\/fit360.ee\\\/en\\\/pood\\\/product-groups\\\/energy-carbohydrates\\\/isotonic-en\\\/hydrojuice-energy-1500g\\\/#primaryimage\"},\"image\":{\"@id\":\"https:\\\/\\\/fit360.ee\\\/en\\\/pood\\\/product-groups\\\/energy-carbohydrates\\\/isotonic-en\\\/hydrojuice-energy-1500g\\\/#primaryimage\"},\"thumbnailUrl\":\"https:\\\/\\\/fit360.ee\\\/wp-content\\\/uploads\\\/2022\\\/03\\\/hydrojuice-energy-isotooniline-spordijook-fit360.ee_.jpg\",\"datePublished\":\"2022-10-17T13:58:57+00:00\",\"dateModified\":\"2026-04-10T12:56:37+00:00\",\"description\":\"Hydrojuice energy on spetsiaalne retsept, mis tagab parima taastumise v\u00f5i lisaenergia treeningu\\\/v\u00f5istluse ajal. Kiire Tarne!\",\"breadcrumb\":{\"@id\":\"https:\\\/\\\/fit360.ee\\\/en\\\/pood\\\/product-groups\\\/energy-carbohydrates\\\/isotonic-en\\\/hydrojuice-energy-1500g\\\/#breadcrumb\"},\"inLanguage\":\"en-US\",\"potentialAction\":[{\"@type\":\"ReadAction\",\"target\":[\"https:\\\/\\\/fit360.ee\\\/en\\\/pood\\\/product-groups\\\/energy-carbohydrates\\\/isotonic-en\\\/hydrojuice-energy-1500g\\\/\"]}]},{\"@type\":\"ImageObject\",\"inLanguage\":\"en-US\",\"@id\":\"https:\\\/\\\/fit360.ee\\\/en\\\/pood\\\/product-groups\\\/energy-carbohydrates\\\/isotonic-en\\\/hydrojuice-energy-1500g\\\/#primaryimage\",\"url\":\"https:\\\/\\\/fit360.ee\\\/wp-content\\\/uploads\\\/2022\\\/03\\\/hydrojuice-energy-isotooniline-spordijook-fit360.ee_.jpg\",\"contentUrl\":\"https:\\\/\\\/fit360.ee\\\/wp-content\\\/uploads\\\/2022\\\/03\\\/hydrojuice-energy-isotooniline-spordijook-fit360.ee_.jpg\",\"width\":600,\"height\":600,\"caption\":\"hydrojuice energy isotooniline spordijook - fit360.ee\"},{\"@type\":\"BreadcrumbList\",\"@id\":\"https:\\\/\\\/fit360.ee\\\/en\\\/pood\\\/product-groups\\\/energy-carbohydrates\\\/isotonic-en\\\/hydrojuice-energy-1500g\\\/#breadcrumb\",\"itemListElement\":[{\"@type\":\"ListItem\",\"position\":1,\"name\":\"Home\",\"item\":\"https:\\\/\\\/fit360.ee\\\/en\\\/\"},{\"@type\":\"ListItem\",\"position\":2,\"name\":\"Shop\",\"item\":\"https:\\\/\\\/fit360.ee\\\/en\\\/shop\\\/\"},{\"@type\":\"ListItem\",\"position\":3,\"name\":\"Hydrojuice Energy (1500g)\"}]},{\"@type\":\"WebSite\",\"@id\":\"https:\\\/\\\/fit360.ee\\\/en\\\/#website\",\"url\":\"https:\\\/\\\/fit360.ee\\\/en\\\/\",\"name\":\"Fit360\",\"description\":\"\",\"publisher\":{\"@id\":\"https:\\\/\\\/fit360.ee\\\/en\\\/#organization\"},\"potentialAction\":[{\"@type\":\"SearchAction\",\"target\":{\"@type\":\"EntryPoint\",\"urlTemplate\":\"https:\\\/\\\/fit360.ee\\\/en\\\/?s={search_term_string}\"},\"query-input\":{\"@type\":\"PropertyValueSpecification\",\"valueRequired\":true,\"valueName\":\"search_term_string\"}}],\"inLanguage\":\"en-US\"},{\"@type\":\"Organization\",\"@id\":\"https:\\\/\\\/fit360.ee\\\/en\\\/#organization\",\"name\":\"Fit360\",\"url\":\"https:\\\/\\\/fit360.ee\\\/en\\\/\",\"logo\":{\"@type\":\"ImageObject\",\"inLanguage\":\"en-US\",\"@id\":\"https:\\\/\\\/fit360.ee\\\/en\\\/#\\\/schema\\\/logo\\\/image\\\/\",\"url\":\"https:\\\/\\\/fit360.ee\\\/wp-content\\\/uploads\\\/2017\\\/01\\\/logo-fit360.png\",\"contentUrl\":\"https:\\\/\\\/fit360.ee\\\/wp-content\\\/uploads\\\/2017\\\/01\\\/logo-fit360.png\",\"width\":180,\"height\":66,\"caption\":\"Fit360\"},\"image\":{\"@id\":\"https:\\\/\\\/fit360.ee\\\/en\\\/#\\\/schema\\\/logo\\\/image\\\/\"}}]}<\/script>\n<!-- \/ Yoast SEO plugin. -->","yoast_head_json":{"title":"Hydrojuice Energy (1500g) - Isotooniline Spordijook - Kiire Tarne","description":"Hydrojuice energy on spetsiaalne retsept, mis tagab parima taastumise v\u00f5i lisaenergia treeningu\/v\u00f5istluse ajal. Kiire Tarne!","robots":{"index":"index","follow":"follow","max-snippet":"max-snippet:-1","max-image-preview":"max-image-preview:large","max-video-preview":"max-video-preview:-1"},"canonical":"https:\/\/fit360.ee\/en\/pood\/product-groups\/energy-carbohydrates\/isotonic-en\/hydrojuice-energy-1500g\/","og_locale":"en_US","og_type":"article","og_title":"Hydrojuice Energy (1500g) - Isotooniline Spordijook - Kiire Tarne","og_description":"Hydrojuice energy on spetsiaalne retsept, mis tagab parima taastumise v\u00f5i lisaenergia treeningu\/v\u00f5istluse ajal. Kiire Tarne!","og_url":"https:\/\/fit360.ee\/en\/pood\/product-groups\/energy-carbohydrates\/isotonic-en\/hydrojuice-energy-1500g\/","og_site_name":"Fit360","article_modified_time":"2026-04-10T12:56:37+00:00","og_image":[{"width":600,"height":600,"url":"https:\/\/fit360.ee\/wp-content\/uploads\/2022\/03\/hydrojuice-energy-isotooniline-spordijook-fit360.ee_.jpg","type":"image\/jpeg"}],"twitter_card":"summary_large_image","twitter_misc":{"Est. reading time":"2 minutes"},"schema":{"@context":"https:\/\/schema.org","@graph":[{"@type":"WebPage","@id":"https:\/\/fit360.ee\/en\/pood\/product-groups\/energy-carbohydrates\/isotonic-en\/hydrojuice-energy-1500g\/","url":"https:\/\/fit360.ee\/en\/pood\/product-groups\/energy-carbohydrates\/isotonic-en\/hydrojuice-energy-1500g\/","name":"Hydrojuice Energy (1500g) - Isotooniline Spordijook - Kiire Tarne","isPartOf":{"@id":"https:\/\/fit360.ee\/en\/#website"},"primaryImageOfPage":{"@id":"https:\/\/fit360.ee\/en\/pood\/product-groups\/energy-carbohydrates\/isotonic-en\/hydrojuice-energy-1500g\/#primaryimage"},"image":{"@id":"https:\/\/fit360.ee\/en\/pood\/product-groups\/energy-carbohydrates\/isotonic-en\/hydrojuice-energy-1500g\/#primaryimage"},"thumbnailUrl":"https:\/\/fit360.ee\/wp-content\/uploads\/2022\/03\/hydrojuice-energy-isotooniline-spordijook-fit360.ee_.jpg","datePublished":"2022-10-17T13:58:57+00:00","dateModified":"2026-04-10T12:56:37+00:00","description":"Hydrojuice energy on spetsiaalne retsept, mis tagab parima taastumise v\u00f5i lisaenergia treeningu\/v\u00f5istluse ajal. Kiire Tarne!","breadcrumb":{"@id":"https:\/\/fit360.ee\/en\/pood\/product-groups\/energy-carbohydrates\/isotonic-en\/hydrojuice-energy-1500g\/#breadcrumb"},"inLanguage":"en-US","potentialAction":[{"@type":"ReadAction","target":["https:\/\/fit360.ee\/en\/pood\/product-groups\/energy-carbohydrates\/isotonic-en\/hydrojuice-energy-1500g\/"]}]},{"@type":"ImageObject","inLanguage":"en-US","@id":"https:\/\/fit360.ee\/en\/pood\/product-groups\/energy-carbohydrates\/isotonic-en\/hydrojuice-energy-1500g\/#primaryimage","url":"https:\/\/fit360.ee\/wp-content\/uploads\/2022\/03\/hydrojuice-energy-isotooniline-spordijook-fit360.ee_.jpg","contentUrl":"https:\/\/fit360.ee\/wp-content\/uploads\/2022\/03\/hydrojuice-energy-isotooniline-spordijook-fit360.ee_.jpg","width":600,"height":600,"caption":"hydrojuice energy isotooniline spordijook - fit360.ee"},{"@type":"BreadcrumbList","@id":"https:\/\/fit360.ee\/en\/pood\/product-groups\/energy-carbohydrates\/isotonic-en\/hydrojuice-energy-1500g\/#breadcrumb","itemListElement":[{"@type":"ListItem","position":1,"name":"Home","item":"https:\/\/fit360.ee\/en\/"},{"@type":"ListItem","position":2,"name":"Shop","item":"https:\/\/fit360.ee\/en\/shop\/"},{"@type":"ListItem","position":3,"name":"Hydrojuice Energy (1500g)"}]},{"@type":"WebSite","@id":"https:\/\/fit360.ee\/en\/#website","url":"https:\/\/fit360.ee\/en\/","name":"Fit360","description":"","publisher":{"@id":"https:\/\/fit360.ee\/en\/#organization"},"potentialAction":[{"@type":"SearchAction","target":{"@type":"EntryPoint","urlTemplate":"https:\/\/fit360.ee\/en\/?s={search_term_string}"},"query-input":{"@type":"PropertyValueSpecification","valueRequired":true,"valueName":"search_term_string"}}],"inLanguage":"en-US"},{"@type":"Organization","@id":"https:\/\/fit360.ee\/en\/#organization","name":"Fit360","url":"https:\/\/fit360.ee\/en\/","logo":{"@type":"ImageObject","inLanguage":"en-US","@id":"https:\/\/fit360.ee\/en\/#\/schema\/logo\/image\/","url":"https:\/\/fit360.ee\/wp-content\/uploads\/2017\/01\/logo-fit360.png","contentUrl":"https:\/\/fit360.ee\/wp-content\/uploads\/2017\/01\/logo-fit360.png","width":180,"height":66,"caption":"Fit360"},"image":{"@id":"https:\/\/fit360.ee\/en\/#\/schema\/logo\/image\/"}}]}},"_links":{"self":[{"href":"https:\/\/fit360.ee\/en\/wp-json\/wp\/v2\/product\/65755","targetHints":{"allow":["GET"]}}],"collection":[{"href":"https:\/\/fit360.ee\/en\/wp-json\/wp\/v2\/product"}],"about":[{"href":"https:\/\/fit360.ee\/en\/wp-json\/wp\/v2\/types\/product"}],"replies":[{"embeddable":true,"href":"https:\/\/fit360.ee\/en\/wp-json\/wp\/v2\/comments?post=65755"}],"wp:featuredmedia":[{"embeddable":true,"href":"https:\/\/fit360.ee\/en\/wp-json\/wp\/v2\/media\/60686"}],"wp:attachment":[{"href":"https:\/\/fit360.ee\/en\/wp-json\/wp\/v2\/media?parent=65755"}],"wp:term":[{"taxonomy":"product_brand","embeddable":true,"href":"https:\/\/fit360.ee\/en\/wp-json\/wp\/v2\/product_brand?post=65755"},{"taxonomy":"product_cat","embeddable":true,"href":"https:\/\/fit360.ee\/en\/wp-json\/wp\/v2\/product_cat?post=65755"},{"taxonomy":"product_tag","embeddable":true,"href":"https:\/\/fit360.ee\/en\/wp-json\/wp\/v2\/product_tag?post=65755"},{"taxonomy":"giftcard-category","embeddable":true,"href":"https:\/\/fit360.ee\/en\/wp-json\/wp\/v2\/giftcard-category?post=65755"}],"curies":[{"name":"wp","href":"https:\/\/api.w.org\/{rel}","templated":true}]}}