{"id":65886,"date":"2022-10-19T17:19:21","date_gmt":"2022-10-19T15:19:21","guid":{"rendered":"https:\/\/fit360.ee\/pood\/uncategorized\/gasp-no1-mesh-shorts\/"},"modified":"2026-04-11T11:57:34","modified_gmt":"2026-04-11T09:57:34","slug":"gasp-no1-mesh-shorts","status":"publish","type":"product","link":"https:\/\/fit360.ee\/en\/pood\/training-equipment-en\/fitness-clothing-en\/gasp-no1-mesh-shorts\/","title":{"rendered":"GASP No1 Mesh Shorts"},"content":{"rendered":"<h1><strong>Gasp No1 Mesh Shorts<\/strong><\/h1>\n<p>Gaso No1 Mesh Shorts &#8211; V\u00f5rgust p\u00fckse pole vaja \u00e4ra l\u00f5igata, No1 v\u00f5rkp\u00fckstega oleme seda teie heaks teinud! Need l\u00fchikesed p\u00fcksid on loodud meie spetsiaalsest painduvast v\u00f5rgust ja n\u00e4evad j\u00f5usaalis sama head v\u00e4lja kui t\u00e4navatel. Neil on traditsiooniline GASP-i suurus ja sobivus ning kontrastv\u00e4rvilised GASP-printidega k\u00fcljepaneelid ja kaks esitaskut.<\/p>\n<ul>\n<li>Lahedad l\u00fchikesed p\u00fcksid j\u00f5usaali v\u00f5i igap\u00e4evaellu<\/li>\n<li>Valmistatud meie painduvast v\u00f5rkkangast<\/li>\n<li>Kontrastsed v\u00e4rvilised k\u00fclgpaneelid GAPS-printidega<\/li>\n<li>GASP suurus ja sobivus<\/li>\n<\/ul>\n<p><strong>Materjal<\/strong>: 100% pol\u00fcesterv\u00f5rk<\/p>\n<p><strong>Suurused<\/strong>: S-XXL<\/p>\n<p><strong>NB!\u00a0<\/strong>Soovid tellida teistsugust suurust v\u00f5i v\u00e4rvi? V\u00f5tame vastu\u00a0<strong>BETTER BODIES\u00a0<\/strong>ja\u00a0<strong>GASP<\/strong>\u00a0treeningr\u00f5ivaste tellimusi. Tellimine toimub 2 korda kuus. Soovi korral kirjuta:\u00a0<strong>info@fit360.ee<\/strong><\/p>\n<p><a href=\"https:\/\/fit360.ee\/wp-content\/uploads\/2022\/10\/no1-mesh-shorts-gasp-must-fit360.ee_-800x800.jpg\"><img loading=\"lazy\" decoding=\"async\" class=\"size-medium wp-image-65870\" src=\"https:\/\/fit360.ee\/wp-content\/uploads\/2022\/10\/no1-mesh-shorts-gasp-must-fit360.ee_-800x800.jpg\" alt=\"no1 mesh shorts gasp must - fit360.ee\" width=\"800\" height=\"800\" srcset=\"https:\/\/fit360.ee\/wp-content\/uploads\/2022\/10\/no1-mesh-shorts-gasp-must-fit360.ee_-800x800.jpg 800w, https:\/\/fit360.ee\/wp-content\/uploads\/2022\/10\/no1-mesh-shorts-gasp-must-fit360.ee_-247x247.jpg 247w, https:\/\/fit360.ee\/wp-content\/uploads\/2022\/10\/no1-mesh-shorts-gasp-must-fit360.ee_-100x100.jpg 100w, https:\/\/fit360.ee\/wp-content\/uploads\/2022\/10\/no1-mesh-shorts-gasp-must-fit360.ee_-510x510.jpg 510w, https:\/\/fit360.ee\/wp-content\/uploads\/2022\/10\/no1-mesh-shorts-gasp-must-fit360.ee_-340x340.jpg 340w, https:\/\/fit360.ee\/wp-content\/uploads\/2022\/10\/no1-mesh-shorts-gasp-must-fit360.ee_-768x768.jpg 768w, https:\/\/fit360.ee\/wp-content\/uploads\/2022\/10\/no1-mesh-shorts-gasp-must-fit360.ee_.jpg 1000w\" sizes=\"auto, (max-width: 800px) 100vw, 800px\" \/><\/a><\/p>\n<p><a href=\"https:\/\/fit360.ee\/wp-content\/uploads\/2022\/10\/no1-mesh-shorts-gasp-oranz-fit360.ee_-800x800.jpg\"><img loading=\"lazy\" decoding=\"async\" class=\"size-medium wp-image-65872\" src=\"https:\/\/fit360.ee\/wp-content\/uploads\/2022\/10\/no1-mesh-shorts-gasp-oranz-fit360.ee_-800x800.jpg\" alt=\"no1 mesh shorts gasp oranz - fit360.ee\" width=\"800\" height=\"800\" srcset=\"https:\/\/fit360.ee\/wp-content\/uploads\/2022\/10\/no1-mesh-shorts-gasp-oranz-fit360.ee_-800x800.jpg 800w, https:\/\/fit360.ee\/wp-content\/uploads\/2022\/10\/no1-mesh-shorts-gasp-oranz-fit360.ee_-247x247.jpg 247w, https:\/\/fit360.ee\/wp-content\/uploads\/2022\/10\/no1-mesh-shorts-gasp-oranz-fit360.ee_-100x100.jpg 100w, https:\/\/fit360.ee\/wp-content\/uploads\/2022\/10\/no1-mesh-shorts-gasp-oranz-fit360.ee_-510x510.jpg 510w, https:\/\/fit360.ee\/wp-content\/uploads\/2022\/10\/no1-mesh-shorts-gasp-oranz-fit360.ee_-340x340.jpg 340w, https:\/\/fit360.ee\/wp-content\/uploads\/2022\/10\/no1-mesh-shorts-gasp-oranz-fit360.ee_-768x768.jpg 768w, https:\/\/fit360.ee\/wp-content\/uploads\/2022\/10\/no1-mesh-shorts-gasp-oranz-fit360.ee_.jpg 1000w\" sizes=\"auto, (max-width: 800px) 100vw, 800px\" \/><\/a><\/p>\n<p><a href=\"https:\/\/fit360.ee\/wp-content\/uploads\/2022\/10\/no1-mesh-shorts-flame-fit360.ee_-800x800.jpg\"><img loading=\"lazy\" decoding=\"async\" class=\"size-medium wp-image-65874\" src=\"https:\/\/fit360.ee\/wp-content\/uploads\/2022\/10\/no1-mesh-shorts-flame-fit360.ee_-800x800.jpg\" alt=\"no1 mesh shorts flame - fit360.ee\" width=\"800\" height=\"800\" srcset=\"https:\/\/fit360.ee\/wp-content\/uploads\/2022\/10\/no1-mesh-shorts-flame-fit360.ee_-800x800.jpg 800w, https:\/\/fit360.ee\/wp-content\/uploads\/2022\/10\/no1-mesh-shorts-flame-fit360.ee_-247x247.jpg 247w, https:\/\/fit360.ee\/wp-content\/uploads\/2022\/10\/no1-mesh-shorts-flame-fit360.ee_-100x100.jpg 100w, https:\/\/fit360.ee\/wp-content\/uploads\/2022\/10\/no1-mesh-shorts-flame-fit360.ee_-510x510.jpg 510w, https:\/\/fit360.ee\/wp-content\/uploads\/2022\/10\/no1-mesh-shorts-flame-fit360.ee_-340x340.jpg 340w, https:\/\/fit360.ee\/wp-content\/uploads\/2022\/10\/no1-mesh-shorts-flame-fit360.ee_-768x768.jpg 768w, https:\/\/fit360.ee\/wp-content\/uploads\/2022\/10\/no1-mesh-shorts-flame-fit360.ee_.jpg 1000w\" sizes=\"auto, (max-width: 800px) 100vw, 800px\" \/><\/a><\/p>\n<p><a href=\"https:\/\/fit360.ee\/wp-content\/uploads\/2022\/10\/no1-mesh-shorts-gasp-valge-fit360.ee_-800x800.jpg\"><img loading=\"lazy\" decoding=\"async\" class=\"size-medium wp-image-65876\" src=\"https:\/\/fit360.ee\/wp-content\/uploads\/2022\/10\/no1-mesh-shorts-gasp-valge-fit360.ee_-800x800.jpg\" alt=\"no1 mesh shorts gasp valge - fit360.ee\" width=\"800\" height=\"800\" srcset=\"https:\/\/fit360.ee\/wp-content\/uploads\/2022\/10\/no1-mesh-shorts-gasp-valge-fit360.ee_-800x800.jpg 800w, https:\/\/fit360.ee\/wp-content\/uploads\/2022\/10\/no1-mesh-shorts-gasp-valge-fit360.ee_-247x247.jpg 247w, https:\/\/fit360.ee\/wp-content\/uploads\/2022\/10\/no1-mesh-shorts-gasp-valge-fit360.ee_-100x100.jpg 100w, https:\/\/fit360.ee\/wp-content\/uploads\/2022\/10\/no1-mesh-shorts-gasp-valge-fit360.ee_-510x510.jpg 510w, https:\/\/fit360.ee\/wp-content\/uploads\/2022\/10\/no1-mesh-shorts-gasp-valge-fit360.ee_-340x340.jpg 340w, https:\/\/fit360.ee\/wp-content\/uploads\/2022\/10\/no1-mesh-shorts-gasp-valge-fit360.ee_-768x768.jpg 768w, https:\/\/fit360.ee\/wp-content\/uploads\/2022\/10\/no1-mesh-shorts-gasp-valge-fit360.ee_.jpg 1000w\" sizes=\"auto, (max-width: 800px) 100vw, 800px\" \/><\/a><\/p>\n<p><a href=\"https:\/\/fit360.ee\/wp-content\/uploads\/2022\/10\/no1-mesh-shorts-gasp-white-fit360.ee_-800x800.jpg\"><img loading=\"lazy\" decoding=\"async\" class=\"size-medium wp-image-65878\" src=\"https:\/\/fit360.ee\/wp-content\/uploads\/2022\/10\/no1-mesh-shorts-gasp-white-fit360.ee_-800x800.jpg\" alt=\"no1 mesh shorts gasp white - fit360.ee\" width=\"800\" height=\"800\" srcset=\"https:\/\/fit360.ee\/wp-content\/uploads\/2022\/10\/no1-mesh-shorts-gasp-white-fit360.ee_-800x800.jpg 800w, https:\/\/fit360.ee\/wp-content\/uploads\/2022\/10\/no1-mesh-shorts-gasp-white-fit360.ee_-247x247.jpg 247w, https:\/\/fit360.ee\/wp-content\/uploads\/2022\/10\/no1-mesh-shorts-gasp-white-fit360.ee_-100x100.jpg 100w, https:\/\/fit360.ee\/wp-content\/uploads\/2022\/10\/no1-mesh-shorts-gasp-white-fit360.ee_-510x510.jpg 510w, https:\/\/fit360.ee\/wp-content\/uploads\/2022\/10\/no1-mesh-shorts-gasp-white-fit360.ee_-340x340.jpg 340w, https:\/\/fit360.ee\/wp-content\/uploads\/2022\/10\/no1-mesh-shorts-gasp-white-fit360.ee_-768x768.jpg 768w, https:\/\/fit360.ee\/wp-content\/uploads\/2022\/10\/no1-mesh-shorts-gasp-white-fit360.ee_.jpg 1000w\" sizes=\"auto, (max-width: 800px) 100vw, 800px\" \/><\/a><\/p>\n<p><a href=\"https:\/\/fit360.ee\/wp-content\/uploads\/2022\/10\/no1-mesh-shorts-gasp-black-fit360.ee_-800x800.jpg\"><img loading=\"lazy\" decoding=\"async\" class=\"size-medium wp-image-65880\" src=\"https:\/\/fit360.ee\/wp-content\/uploads\/2022\/10\/no1-mesh-shorts-gasp-black-fit360.ee_-800x800.jpg\" alt=\"no1 mesh shorts gasp black - fit360.ee\" width=\"800\" height=\"800\" srcset=\"https:\/\/fit360.ee\/wp-content\/uploads\/2022\/10\/no1-mesh-shorts-gasp-black-fit360.ee_-800x800.jpg 800w, https:\/\/fit360.ee\/wp-content\/uploads\/2022\/10\/no1-mesh-shorts-gasp-black-fit360.ee_-247x247.jpg 247w, https:\/\/fit360.ee\/wp-content\/uploads\/2022\/10\/no1-mesh-shorts-gasp-black-fit360.ee_-100x100.jpg 100w, https:\/\/fit360.ee\/wp-content\/uploads\/2022\/10\/no1-mesh-shorts-gasp-black-fit360.ee_-510x510.jpg 510w, https:\/\/fit360.ee\/wp-content\/uploads\/2022\/10\/no1-mesh-shorts-gasp-black-fit360.ee_-340x340.jpg 340w, https:\/\/fit360.ee\/wp-content\/uploads\/2022\/10\/no1-mesh-shorts-gasp-black-fit360.ee_-768x768.jpg 768w, https:\/\/fit360.ee\/wp-content\/uploads\/2022\/10\/no1-mesh-shorts-gasp-black-fit360.ee_.jpg 1000w\" sizes=\"auto, (max-width: 800px) 100vw, 800px\" \/><\/a><\/p>\n","protected":false},"excerpt":{"rendered":"<ul>\n<li>Lahedad l\u00fchikesed p\u00fcksid j\u00f5usaali v\u00f5i igap\u00e4evaellu<\/li>\n<li>Valmistatud meie painduvast v\u00f5rkkangast<\/li>\n<li>Kontrastsed v\u00e4rvilised k\u00fclgpaneelid GAPS-printidega<\/li>\n<li>GASP suurus ja sobivus<\/li>\n<\/ul>\n","protected":false},"featured_media":65871,"comment_status":"closed","ping_status":"closed","template":"","meta":[],"product_brand":[],"product_cat":[547],"product_tag":[2515,3990],"giftcard-category":[],"class_list":{"0":"post-65886","1":"product","2":"type-product","3":"status-publish","4":"has-post-thumbnail","6":"product_cat-fitness-clothing-en","7":"product_tag-gasp-en","8":"product_tag-no1-mesh-shorts-en","9":"pa_suurus-l","10":"pa_suurus-m","11":"pa_suurus-s","12":"pa_suurus-xl","13":"pa_suurus-xxl","14":"pa_varvus-black","15":"pa_varvus-black-orange","16":"pa_varvus-black-red","17":"pa_varvus-white-black","19":"first","20":"instock","21":"sale","22":"taxable","23":"shipping-taxable","24":"purchasable","25":"product-type-variable"},"yoast_head":"<!-- This site is optimized with the Yoast SEO plugin v27.3 - https:\/\/yoast.com\/product\/yoast-seo-wordpress\/ -->\n<title>GASP No1 Mesh Shorts - Kiire Tarne - Fit360<\/title>\n<meta name=\"description\" content=\"GASP No1 Mesh Shorts on t\u00f5elised &quot;tagasi p\u00f5hit\u00f5dede juurde&quot;. Neil on lahedad k\u00fcljepaneelid, kaks esitaskut ja need on kujundatud meie painduvast v\u00f5rkkangast\" \/>\n<meta name=\"robots\" content=\"index, follow, max-snippet:-1, max-image-preview:large, max-video-preview:-1\" \/>\n<link rel=\"canonical\" href=\"https:\/\/fit360.ee\/en\/pood\/training-equipment-en\/fitness-clothing-en\/gasp-no1-mesh-shorts\/\" \/>\n<meta property=\"og:locale\" content=\"en_US\" \/>\n<meta property=\"og:type\" content=\"article\" \/>\n<meta property=\"og:title\" content=\"GASP No1 Mesh Shorts - Kiire Tarne - Fit360\" \/>\n<meta property=\"og:description\" content=\"GASP No1 Mesh Shorts on t\u00f5elised &quot;tagasi p\u00f5hit\u00f5dede juurde&quot;. Neil on lahedad k\u00fcljepaneelid, kaks esitaskut ja need on kujundatud meie painduvast v\u00f5rkkangast\" \/>\n<meta property=\"og:url\" content=\"https:\/\/fit360.ee\/en\/pood\/training-equipment-en\/fitness-clothing-en\/gasp-no1-mesh-shorts\/\" \/>\n<meta property=\"og:site_name\" content=\"Fit360\" \/>\n<meta property=\"article:modified_time\" content=\"2026-04-11T09:57:34+00:00\" \/>\n<meta property=\"og:image\" content=\"https:\/\/fit360.ee\/wp-content\/uploads\/2022\/10\/no1-mesh-shorts-gasp-must-fit360.ee_.jpg\" \/>\n\t<meta property=\"og:image:width\" content=\"1000\" \/>\n\t<meta property=\"og:image:height\" content=\"1000\" \/>\n\t<meta property=\"og:image:type\" content=\"image\/jpeg\" \/>\n<meta name=\"twitter:card\" content=\"summary_large_image\" \/>\n<meta name=\"twitter:label1\" content=\"Est. reading time\" \/>\n\t<meta name=\"twitter:data1\" content=\"2 minutes\" \/>\n<script type=\"application\/ld+json\" class=\"yoast-schema-graph\">{\"@context\":\"https:\\\/\\\/schema.org\",\"@graph\":[{\"@type\":\"WebPage\",\"@id\":\"https:\\\/\\\/fit360.ee\\\/en\\\/pood\\\/training-equipment-en\\\/fitness-clothing-en\\\/gasp-no1-mesh-shorts\\\/\",\"url\":\"https:\\\/\\\/fit360.ee\\\/en\\\/pood\\\/training-equipment-en\\\/fitness-clothing-en\\\/gasp-no1-mesh-shorts\\\/\",\"name\":\"GASP No1 Mesh Shorts - Kiire Tarne - Fit360\",\"isPartOf\":{\"@id\":\"https:\\\/\\\/fit360.ee\\\/en\\\/#website\"},\"primaryImageOfPage\":{\"@id\":\"https:\\\/\\\/fit360.ee\\\/en\\\/pood\\\/training-equipment-en\\\/fitness-clothing-en\\\/gasp-no1-mesh-shorts\\\/#primaryimage\"},\"image\":{\"@id\":\"https:\\\/\\\/fit360.ee\\\/en\\\/pood\\\/training-equipment-en\\\/fitness-clothing-en\\\/gasp-no1-mesh-shorts\\\/#primaryimage\"},\"thumbnailUrl\":\"https:\\\/\\\/fit360.ee\\\/wp-content\\\/uploads\\\/2022\\\/10\\\/no1-mesh-shorts-gasp-must-fit360.ee_.jpg\",\"datePublished\":\"2022-10-19T15:19:21+00:00\",\"dateModified\":\"2026-04-11T09:57:34+00:00\",\"description\":\"GASP No1 Mesh Shorts on t\u00f5elised \\\"tagasi p\u00f5hit\u00f5dede juurde\\\". Neil on lahedad k\u00fcljepaneelid, kaks esitaskut ja need on kujundatud meie painduvast v\u00f5rkkangast\",\"breadcrumb\":{\"@id\":\"https:\\\/\\\/fit360.ee\\\/en\\\/pood\\\/training-equipment-en\\\/fitness-clothing-en\\\/gasp-no1-mesh-shorts\\\/#breadcrumb\"},\"inLanguage\":\"en-US\",\"potentialAction\":[{\"@type\":\"ReadAction\",\"target\":[\"https:\\\/\\\/fit360.ee\\\/en\\\/pood\\\/training-equipment-en\\\/fitness-clothing-en\\\/gasp-no1-mesh-shorts\\\/\"]}]},{\"@type\":\"ImageObject\",\"inLanguage\":\"en-US\",\"@id\":\"https:\\\/\\\/fit360.ee\\\/en\\\/pood\\\/training-equipment-en\\\/fitness-clothing-en\\\/gasp-no1-mesh-shorts\\\/#primaryimage\",\"url\":\"https:\\\/\\\/fit360.ee\\\/wp-content\\\/uploads\\\/2022\\\/10\\\/no1-mesh-shorts-gasp-must-fit360.ee_.jpg\",\"contentUrl\":\"https:\\\/\\\/fit360.ee\\\/wp-content\\\/uploads\\\/2022\\\/10\\\/no1-mesh-shorts-gasp-must-fit360.ee_.jpg\",\"width\":1000,\"height\":1000,\"caption\":\"no1 mesh shorts gasp must - fit360.ee\"},{\"@type\":\"BreadcrumbList\",\"@id\":\"https:\\\/\\\/fit360.ee\\\/en\\\/pood\\\/training-equipment-en\\\/fitness-clothing-en\\\/gasp-no1-mesh-shorts\\\/#breadcrumb\",\"itemListElement\":[{\"@type\":\"ListItem\",\"position\":1,\"name\":\"Home\",\"item\":\"https:\\\/\\\/fit360.ee\\\/en\\\/\"},{\"@type\":\"ListItem\",\"position\":2,\"name\":\"Shop\",\"item\":\"https:\\\/\\\/fit360.ee\\\/en\\\/shop\\\/\"},{\"@type\":\"ListItem\",\"position\":3,\"name\":\"GASP No1 Mesh Shorts\"}]},{\"@type\":\"WebSite\",\"@id\":\"https:\\\/\\\/fit360.ee\\\/en\\\/#website\",\"url\":\"https:\\\/\\\/fit360.ee\\\/en\\\/\",\"name\":\"Fit360\",\"description\":\"\",\"publisher\":{\"@id\":\"https:\\\/\\\/fit360.ee\\\/en\\\/#organization\"},\"potentialAction\":[{\"@type\":\"SearchAction\",\"target\":{\"@type\":\"EntryPoint\",\"urlTemplate\":\"https:\\\/\\\/fit360.ee\\\/en\\\/?s={search_term_string}\"},\"query-input\":{\"@type\":\"PropertyValueSpecification\",\"valueRequired\":true,\"valueName\":\"search_term_string\"}}],\"inLanguage\":\"en-US\"},{\"@type\":\"Organization\",\"@id\":\"https:\\\/\\\/fit360.ee\\\/en\\\/#organization\",\"name\":\"Fit360\",\"url\":\"https:\\\/\\\/fit360.ee\\\/en\\\/\",\"logo\":{\"@type\":\"ImageObject\",\"inLanguage\":\"en-US\",\"@id\":\"https:\\\/\\\/fit360.ee\\\/en\\\/#\\\/schema\\\/logo\\\/image\\\/\",\"url\":\"https:\\\/\\\/fit360.ee\\\/wp-content\\\/uploads\\\/2017\\\/01\\\/logo-fit360.png\",\"contentUrl\":\"https:\\\/\\\/fit360.ee\\\/wp-content\\\/uploads\\\/2017\\\/01\\\/logo-fit360.png\",\"width\":180,\"height\":66,\"caption\":\"Fit360\"},\"image\":{\"@id\":\"https:\\\/\\\/fit360.ee\\\/en\\\/#\\\/schema\\\/logo\\\/image\\\/\"}}]}<\/script>\n<!-- \/ Yoast SEO plugin. -->","yoast_head_json":{"title":"GASP No1 Mesh Shorts - Kiire Tarne - Fit360","description":"GASP No1 Mesh Shorts on t\u00f5elised \"tagasi p\u00f5hit\u00f5dede juurde\". Neil on lahedad k\u00fcljepaneelid, kaks esitaskut ja need on kujundatud meie painduvast v\u00f5rkkangast","robots":{"index":"index","follow":"follow","max-snippet":"max-snippet:-1","max-image-preview":"max-image-preview:large","max-video-preview":"max-video-preview:-1"},"canonical":"https:\/\/fit360.ee\/en\/pood\/training-equipment-en\/fitness-clothing-en\/gasp-no1-mesh-shorts\/","og_locale":"en_US","og_type":"article","og_title":"GASP No1 Mesh Shorts - Kiire Tarne - Fit360","og_description":"GASP No1 Mesh Shorts on t\u00f5elised \"tagasi p\u00f5hit\u00f5dede juurde\". Neil on lahedad k\u00fcljepaneelid, kaks esitaskut ja need on kujundatud meie painduvast v\u00f5rkkangast","og_url":"https:\/\/fit360.ee\/en\/pood\/training-equipment-en\/fitness-clothing-en\/gasp-no1-mesh-shorts\/","og_site_name":"Fit360","article_modified_time":"2026-04-11T09:57:34+00:00","og_image":[{"width":1000,"height":1000,"url":"https:\/\/fit360.ee\/wp-content\/uploads\/2022\/10\/no1-mesh-shorts-gasp-must-fit360.ee_.jpg","type":"image\/jpeg"}],"twitter_card":"summary_large_image","twitter_misc":{"Est. reading time":"2 minutes"},"schema":{"@context":"https:\/\/schema.org","@graph":[{"@type":"WebPage","@id":"https:\/\/fit360.ee\/en\/pood\/training-equipment-en\/fitness-clothing-en\/gasp-no1-mesh-shorts\/","url":"https:\/\/fit360.ee\/en\/pood\/training-equipment-en\/fitness-clothing-en\/gasp-no1-mesh-shorts\/","name":"GASP No1 Mesh Shorts - Kiire Tarne - Fit360","isPartOf":{"@id":"https:\/\/fit360.ee\/en\/#website"},"primaryImageOfPage":{"@id":"https:\/\/fit360.ee\/en\/pood\/training-equipment-en\/fitness-clothing-en\/gasp-no1-mesh-shorts\/#primaryimage"},"image":{"@id":"https:\/\/fit360.ee\/en\/pood\/training-equipment-en\/fitness-clothing-en\/gasp-no1-mesh-shorts\/#primaryimage"},"thumbnailUrl":"https:\/\/fit360.ee\/wp-content\/uploads\/2022\/10\/no1-mesh-shorts-gasp-must-fit360.ee_.jpg","datePublished":"2022-10-19T15:19:21+00:00","dateModified":"2026-04-11T09:57:34+00:00","description":"GASP No1 Mesh Shorts on t\u00f5elised \"tagasi p\u00f5hit\u00f5dede juurde\". Neil on lahedad k\u00fcljepaneelid, kaks esitaskut ja need on kujundatud meie painduvast v\u00f5rkkangast","breadcrumb":{"@id":"https:\/\/fit360.ee\/en\/pood\/training-equipment-en\/fitness-clothing-en\/gasp-no1-mesh-shorts\/#breadcrumb"},"inLanguage":"en-US","potentialAction":[{"@type":"ReadAction","target":["https:\/\/fit360.ee\/en\/pood\/training-equipment-en\/fitness-clothing-en\/gasp-no1-mesh-shorts\/"]}]},{"@type":"ImageObject","inLanguage":"en-US","@id":"https:\/\/fit360.ee\/en\/pood\/training-equipment-en\/fitness-clothing-en\/gasp-no1-mesh-shorts\/#primaryimage","url":"https:\/\/fit360.ee\/wp-content\/uploads\/2022\/10\/no1-mesh-shorts-gasp-must-fit360.ee_.jpg","contentUrl":"https:\/\/fit360.ee\/wp-content\/uploads\/2022\/10\/no1-mesh-shorts-gasp-must-fit360.ee_.jpg","width":1000,"height":1000,"caption":"no1 mesh shorts gasp must - fit360.ee"},{"@type":"BreadcrumbList","@id":"https:\/\/fit360.ee\/en\/pood\/training-equipment-en\/fitness-clothing-en\/gasp-no1-mesh-shorts\/#breadcrumb","itemListElement":[{"@type":"ListItem","position":1,"name":"Home","item":"https:\/\/fit360.ee\/en\/"},{"@type":"ListItem","position":2,"name":"Shop","item":"https:\/\/fit360.ee\/en\/shop\/"},{"@type":"ListItem","position":3,"name":"GASP No1 Mesh Shorts"}]},{"@type":"WebSite","@id":"https:\/\/fit360.ee\/en\/#website","url":"https:\/\/fit360.ee\/en\/","name":"Fit360","description":"","publisher":{"@id":"https:\/\/fit360.ee\/en\/#organization"},"potentialAction":[{"@type":"SearchAction","target":{"@type":"EntryPoint","urlTemplate":"https:\/\/fit360.ee\/en\/?s={search_term_string}"},"query-input":{"@type":"PropertyValueSpecification","valueRequired":true,"valueName":"search_term_string"}}],"inLanguage":"en-US"},{"@type":"Organization","@id":"https:\/\/fit360.ee\/en\/#organization","name":"Fit360","url":"https:\/\/fit360.ee\/en\/","logo":{"@type":"ImageObject","inLanguage":"en-US","@id":"https:\/\/fit360.ee\/en\/#\/schema\/logo\/image\/","url":"https:\/\/fit360.ee\/wp-content\/uploads\/2017\/01\/logo-fit360.png","contentUrl":"https:\/\/fit360.ee\/wp-content\/uploads\/2017\/01\/logo-fit360.png","width":180,"height":66,"caption":"Fit360"},"image":{"@id":"https:\/\/fit360.ee\/en\/#\/schema\/logo\/image\/"}}]}},"_links":{"self":[{"href":"https:\/\/fit360.ee\/en\/wp-json\/wp\/v2\/product\/65886","targetHints":{"allow":["GET"]}}],"collection":[{"href":"https:\/\/fit360.ee\/en\/wp-json\/wp\/v2\/product"}],"about":[{"href":"https:\/\/fit360.ee\/en\/wp-json\/wp\/v2\/types\/product"}],"replies":[{"embeddable":true,"href":"https:\/\/fit360.ee\/en\/wp-json\/wp\/v2\/comments?post=65886"}],"wp:featuredmedia":[{"embeddable":true,"href":"https:\/\/fit360.ee\/en\/wp-json\/wp\/v2\/media\/65871"}],"wp:attachment":[{"href":"https:\/\/fit360.ee\/en\/wp-json\/wp\/v2\/media?parent=65886"}],"wp:term":[{"taxonomy":"product_brand","embeddable":true,"href":"https:\/\/fit360.ee\/en\/wp-json\/wp\/v2\/product_brand?post=65886"},{"taxonomy":"product_cat","embeddable":true,"href":"https:\/\/fit360.ee\/en\/wp-json\/wp\/v2\/product_cat?post=65886"},{"taxonomy":"product_tag","embeddable":true,"href":"https:\/\/fit360.ee\/en\/wp-json\/wp\/v2\/product_tag?post=65886"},{"taxonomy":"giftcard-category","embeddable":true,"href":"https:\/\/fit360.ee\/en\/wp-json\/wp\/v2\/giftcard-category?post=65886"}],"curies":[{"name":"wp","href":"https:\/\/api.w.org\/{rel}","templated":true}]}}