{"id":66031,"date":"2022-10-29T11:53:03","date_gmt":"2022-10-29T09:53:03","guid":{"rendered":"https:\/\/fit360.ee\/pood\/uncategorized\/elektroluudid-90tabs\/"},"modified":"2025-08-19T08:40:57","modified_gmt":"2025-08-19T06:40:57","slug":"elektroluudid-90tabs","status":"publish","type":"product","link":"https:\/\/fit360.ee\/en\/pood\/product-groups\/vitamins-and-minerals-en\/magnesium-en\/elektroluudid-90tabs\/","title":{"rendered":"Elektrol\u00fc\u00fcdid (90tabs)"},"content":{"rendered":"<h1><strong>Elektrol\u00fc\u00fcdid<\/strong><\/h1>\n<p>OstroVit Elektrol\u00fc\u00fcdid on toidulisand vahelehtedes, mis sisaldavad kuni viit erinevat elektrol\u00fc\u00fcti. Toode on m\u00f5eldud inimestele, kes puutuvad kokku nende v\u00e4\u00e4rtuslike toitainete kadumisega. Kas teete k\u00f5vasti trenni, proovite saleneda, joote v\u00e4he vedelikku, tegelete seedeprobleemidega? Peaksite proovima \u00f5iget elektrol\u00fc\u00fctide taset OstroVit elektrol\u00fc\u00fcdid toidulisandiga.<\/p>\n<p><a href=\"https:\/\/fit360.ee\/wp-content\/uploads\/2022\/10\/electrolytes-fit360.ee_-800x312.jpg\"><img loading=\"lazy\" decoding=\"async\" class=\"size-medium wp-image-66027\" src=\"https:\/\/fit360.ee\/wp-content\/uploads\/2022\/10\/electrolytes-fit360.ee_-800x312.jpg\" alt=\"electrolytes - fit360.ee\" width=\"800\" height=\"312\" srcset=\"https:\/\/fit360.ee\/wp-content\/uploads\/2022\/10\/electrolytes-fit360.ee_-800x312.jpg 800w, https:\/\/fit360.ee\/wp-content\/uploads\/2022\/10\/electrolytes-fit360.ee_-510x199.jpg 510w, https:\/\/fit360.ee\/wp-content\/uploads\/2022\/10\/electrolytes-fit360.ee_-768x300.jpg 768w, https:\/\/fit360.ee\/wp-content\/uploads\/2022\/10\/electrolytes-fit360.ee_.jpg 922w\" sizes=\"auto, (max-width: 800px) 100vw, 800px\" \/><\/a><\/p>\n<ul>\n<li>Pakendi suurus: 90 tabletti<\/li>\n<li>Portsjoni suurus: 3 tabletti<\/li>\n<li>30 serveeringut<\/li>\n<\/ul>\n<h4><strong>Elektrol\u00fc\u00fcdid \u2013 miks need nii olulised on?<\/strong><\/h4>\n<h4><strong>Kaalium<\/strong> &#8211; Toetab \u00f5iget lihaspinget. See suudab kontrollida vee kogust kehas ja reguleerida r\u00f5hku. Sellel on m\u00f5ju n\u00e4rvis\u00fcsteemile.<\/h4>\n<h4><strong>Kaltsium<\/strong> &#8211; juhib n\u00e4rviimpulsse. Osaleb rakkude jagunemises ja regenereerimises. See suurendab h\u00fc\u00fcbimist, reguleerib lihaseid ja teatud hormoonide kogust.<\/h4>\n<h4><strong>Magneesium<\/strong> aitab kaasa lihaste normaalsele talitlusele ja elektrol\u00fc\u00fctide tasakaalu s\u00e4ilitamisele. See aitab kaasa normaalse energiavahetuse s\u00e4ilitamisele ja aitab kaasa n\u00e4rvis\u00fcsteemi normaalsele talitlusele.<\/h4>\n<h4><strong>Kloor<\/strong> Tagab piisava n\u00e4rvijuhtivuse ja rakumembraanide l\u00e4bilaskvuse. See reguleerib keha vee-elektrol\u00fc\u00fctide tasakaalu ja aktiveerib seedeens\u00fc\u00fcme.<\/h4>\n<h4><strong>Naatrium<\/strong> S\u00e4ilitab vee-elektrol\u00fc\u00fctide ja happe-aluse tasakaalu kehas. Samuti osaleb see toitainete transportimisel rakkudesse.<\/h4>\n<p><strong>OstroVit Electrolytes sisalduvate koostisosade omadused<\/strong>:<\/p>\n<ul>\n<li>Kasulik m\u00f5ju organismi vee- ja elektrol\u00fc\u00fctide tasakaalule<\/li>\n<li>Toetab taastumist intensiivsest treeningust, oksendamisest, k\u00f5hulahtisusest<\/li>\n<li>M\u00e4ngib olulist rolli energia salvestamisel lihasrakkudes<\/li>\n<li>V\u00f5ib aidata v\u00e4hendada v\u00e4simust ja parandada kognitiivseid funktsioone<\/li>\n<li>V\u00f5ib aidata v\u00e4ltida valulikke skeletilihaste spasme.<\/li>\n<\/ul>\n<p><strong>Koostisosad<\/strong>: Kaaliumtsitraat (kaalium), mahuaine: mikrokristalne tselluloos; magneesiumkarbonaat (magneesium), naatriumkloriid (naatrium, kloor), kaltsiumkarbonaat (kaltsium), t\u00e4rklis, paakumisvastane aine: r\u00e4nidioksiid.<\/p>\n<p><strong>Kasutamine<\/strong>: V\u00f5tke 1 portsjon (3 tabletti) p\u00e4evas.<\/p>\n<p>\u00c4rge \u00fcletage soovitatavat \u00f6\u00f6p\u00e4evast annust. \u00c4rge kasutage toodet mitmekesise toitumise asendajana (asendajana). Soovitatavad on tasakaalustatud toitumine ja tervislik eluviis. \u00c4rge neelake alla, kui olete m\u00f5ne koostisosa suhtes allergiline. Lapsed, rasedad v\u00f5i imetavad naised ei tohi seda toodet v\u00f5tta. Hoida lastele k\u00e4ttesaamatus kohas.<\/p>\n<p><strong>Suurus<\/strong>: 90 tabletti &#8211; 30 serveeringut.<\/p>\n<table>\n<tbody>\n<tr>\n<th>Aktiivsed toimeained<\/th>\n<th>Serveeringu kohta &#8211; 3 tabletti<\/th>\n<th>% SPK*<\/th>\n<\/tr>\n<tr>\n<td>Kaalium<\/td>\n<td>300 mg<\/td>\n<td>15<\/td>\n<\/tr>\n<tr>\n<td>Kaltsium<\/td>\n<td>185 mg<\/td>\n<td>23<\/td>\n<\/tr>\n<tr>\n<td>Magneesium<\/td>\n<td>150 mg<\/td>\n<td>40<\/td>\n<\/tr>\n<tr>\n<td>Naatrium<\/td>\n<td>208 mg<\/td>\n<td>&#8211;<\/td>\n<\/tr>\n<tr>\n<td>Kloor<\/td>\n<td>321 mg<\/td>\n<td>40<\/td>\n<\/tr>\n<\/tbody>\n<\/table>\n<p>*SPK &#8211; Soovitatud p\u00e4evane kogus<\/p>\n<p>Vaata ka meie Teisi Vitamiine\/Mineraale <a href=\"https:\/\/fit360.ee\/en\/product-category\/product-groups\/vitamins-and-minerals-en\/\"><strong>SIIT<\/strong><\/a>!<\/p>\n<p>Soovid kaupa osta suuremas koguses? Vaata antud toodet ka meie HULGI poest\u00a0<a href=\"https:\/\/toidulisandidhulgi.ee\/product\/elektroluudid-90tabs\/\"><strong>SIIT<\/strong><\/a>!<\/p>\n","protected":false},"excerpt":{"rendered":"<ul>\n<li>Kasulik m\u00f5ju organismi vee- ja elektrol\u00fc\u00fctide tasakaalule<\/li>\n<li>Toetab taastumist intensiivsest treeningust, oksendamisest, k\u00f5hulahtisusest<\/li>\n<li>M\u00e4ngib olulist rolli energia salvestamisel lihasrakkudes<\/li>\n<li>V\u00f5ib aidata v\u00e4hendada v\u00e4simust ja parandada kognitiivseid funktsioone<\/li>\n<li>V\u00f5ib aidata v\u00e4ltida valulikke skeletilihaste spasme.<\/li>\n<\/ul>\n","protected":false},"featured_media":76635,"comment_status":"closed","ping_status":"closed","template":"","meta":[],"product_brand":[],"product_cat":[2267,1915,1329,2271,536],"product_tag":[3994,3995,3996,1924],"giftcard-category":[],"class_list":{"0":"post-66031","1":"product","2":"type-product","3":"status-publish","4":"has-post-thumbnail","6":"product_cat-calcium-en","7":"product_cat-magnesium-en","8":"product_cat-ostrovit-en","9":"product_cat-potassium-en","10":"product_cat-vitamins-and-minerals-en","11":"product_tag-electrolytes-en","12":"product_tag-elektroluudid-en","13":"product_tag-elektroluut-en","14":"product_tag-ostrovit-en","15":"pa_kogus-90-tablets","16":"pa_toidulisand-branddd-ostrovit","17":"pa_tootegruppp-kaalium-en","18":"pa_tootegruppp-kaltsium-en","19":"pa_tootegruppp-magneesium-en","20":"pa_tootegruppp-vitamins-and-minerals","22":"first","23":"instock","24":"sale","25":"taxable","26":"shipping-taxable","27":"purchasable","28":"product-type-simple"},"yoast_head":"<!-- This site is optimized with the Yoast SEO plugin v27.3 - https:\/\/yoast.com\/product\/yoast-seo-wordpress\/ -->\n<title>Elektrol\u00fc\u00fcdid (90tabs) - Electrolytes - Kiire Tarne - Fit360<\/title>\n<meta name=\"description\" content=\"Elektrol\u00fc\u00fcdid - Kasulik m\u00f5ju organismi vee- ja elektrol\u00fc\u00fctide tasakaalule. Toetab taastumist intensiivsest treeningust, oksendamisest v\u00f5i k\u00f5hulahtisusest.\" \/>\n<meta name=\"robots\" content=\"index, follow, max-snippet:-1, max-image-preview:large, max-video-preview:-1\" \/>\n<link rel=\"canonical\" href=\"https:\/\/fit360.ee\/en\/pood\/product-groups\/vitamins-and-minerals-en\/magnesium-en\/elektroluudid-90tabs\/\" \/>\n<meta property=\"og:locale\" content=\"en_US\" \/>\n<meta property=\"og:type\" content=\"article\" \/>\n<meta property=\"og:title\" content=\"Elektrol\u00fc\u00fcdid (90tabs) - Electrolytes - Kiire Tarne - Fit360\" \/>\n<meta property=\"og:description\" content=\"Elektrol\u00fc\u00fcdid - Kasulik m\u00f5ju organismi vee- ja elektrol\u00fc\u00fctide tasakaalule. Toetab taastumist intensiivsest treeningust, oksendamisest v\u00f5i k\u00f5hulahtisusest.\" \/>\n<meta property=\"og:url\" content=\"https:\/\/fit360.ee\/en\/pood\/product-groups\/vitamins-and-minerals-en\/magnesium-en\/elektroluudid-90tabs\/\" \/>\n<meta property=\"og:site_name\" content=\"Fit360\" \/>\n<meta property=\"article:modified_time\" content=\"2025-08-19T06:40:57+00:00\" \/>\n<meta property=\"og:image\" content=\"https:\/\/fit360.ee\/wp-content\/uploads\/2022\/10\/ostrovit-elektroluudid-fit360.ee-1.png\" \/>\n\t<meta property=\"og:image:width\" content=\"450\" \/>\n\t<meta property=\"og:image:height\" content=\"450\" \/>\n\t<meta property=\"og:image:type\" content=\"image\/png\" \/>\n<meta name=\"twitter:card\" content=\"summary_large_image\" \/>\n<meta name=\"twitter:label1\" content=\"Est. reading time\" \/>\n\t<meta name=\"twitter:data1\" content=\"2 minutes\" \/>\n<script type=\"application\/ld+json\" class=\"yoast-schema-graph\">{\"@context\":\"https:\\\/\\\/schema.org\",\"@graph\":[{\"@type\":\"WebPage\",\"@id\":\"https:\\\/\\\/fit360.ee\\\/en\\\/pood\\\/product-groups\\\/vitamins-and-minerals-en\\\/magnesium-en\\\/elektroluudid-90tabs\\\/\",\"url\":\"https:\\\/\\\/fit360.ee\\\/en\\\/pood\\\/product-groups\\\/vitamins-and-minerals-en\\\/magnesium-en\\\/elektroluudid-90tabs\\\/\",\"name\":\"Elektrol\u00fc\u00fcdid (90tabs) - Electrolytes - Kiire Tarne - Fit360\",\"isPartOf\":{\"@id\":\"https:\\\/\\\/fit360.ee\\\/en\\\/#website\"},\"primaryImageOfPage\":{\"@id\":\"https:\\\/\\\/fit360.ee\\\/en\\\/pood\\\/product-groups\\\/vitamins-and-minerals-en\\\/magnesium-en\\\/elektroluudid-90tabs\\\/#primaryimage\"},\"image\":{\"@id\":\"https:\\\/\\\/fit360.ee\\\/en\\\/pood\\\/product-groups\\\/vitamins-and-minerals-en\\\/magnesium-en\\\/elektroluudid-90tabs\\\/#primaryimage\"},\"thumbnailUrl\":\"https:\\\/\\\/fit360.ee\\\/wp-content\\\/uploads\\\/2022\\\/10\\\/ostrovit-elektroluudid-fit360.ee-1.png\",\"datePublished\":\"2022-10-29T09:53:03+00:00\",\"dateModified\":\"2025-08-19T06:40:57+00:00\",\"description\":\"Elektrol\u00fc\u00fcdid - Kasulik m\u00f5ju organismi vee- ja elektrol\u00fc\u00fctide tasakaalule. Toetab taastumist intensiivsest treeningust, oksendamisest v\u00f5i k\u00f5hulahtisusest.\",\"breadcrumb\":{\"@id\":\"https:\\\/\\\/fit360.ee\\\/en\\\/pood\\\/product-groups\\\/vitamins-and-minerals-en\\\/magnesium-en\\\/elektroluudid-90tabs\\\/#breadcrumb\"},\"inLanguage\":\"en-US\",\"potentialAction\":[{\"@type\":\"ReadAction\",\"target\":[\"https:\\\/\\\/fit360.ee\\\/en\\\/pood\\\/product-groups\\\/vitamins-and-minerals-en\\\/magnesium-en\\\/elektroluudid-90tabs\\\/\"]}]},{\"@type\":\"ImageObject\",\"inLanguage\":\"en-US\",\"@id\":\"https:\\\/\\\/fit360.ee\\\/en\\\/pood\\\/product-groups\\\/vitamins-and-minerals-en\\\/magnesium-en\\\/elektroluudid-90tabs\\\/#primaryimage\",\"url\":\"https:\\\/\\\/fit360.ee\\\/wp-content\\\/uploads\\\/2022\\\/10\\\/ostrovit-elektroluudid-fit360.ee-1.png\",\"contentUrl\":\"https:\\\/\\\/fit360.ee\\\/wp-content\\\/uploads\\\/2022\\\/10\\\/ostrovit-elektroluudid-fit360.ee-1.png\",\"width\":450,\"height\":450,\"caption\":\"ostrovit elektrol\u00fc\u00fcdid - fit360.ee\"},{\"@type\":\"BreadcrumbList\",\"@id\":\"https:\\\/\\\/fit360.ee\\\/en\\\/pood\\\/product-groups\\\/vitamins-and-minerals-en\\\/magnesium-en\\\/elektroluudid-90tabs\\\/#breadcrumb\",\"itemListElement\":[{\"@type\":\"ListItem\",\"position\":1,\"name\":\"Home\",\"item\":\"https:\\\/\\\/fit360.ee\\\/en\\\/\"},{\"@type\":\"ListItem\",\"position\":2,\"name\":\"Shop\",\"item\":\"https:\\\/\\\/fit360.ee\\\/en\\\/shop\\\/\"},{\"@type\":\"ListItem\",\"position\":3,\"name\":\"Elektrol\u00fc\u00fcdid (90tabs)\"}]},{\"@type\":\"WebSite\",\"@id\":\"https:\\\/\\\/fit360.ee\\\/en\\\/#website\",\"url\":\"https:\\\/\\\/fit360.ee\\\/en\\\/\",\"name\":\"Fit360\",\"description\":\"\",\"publisher\":{\"@id\":\"https:\\\/\\\/fit360.ee\\\/en\\\/#organization\"},\"potentialAction\":[{\"@type\":\"SearchAction\",\"target\":{\"@type\":\"EntryPoint\",\"urlTemplate\":\"https:\\\/\\\/fit360.ee\\\/en\\\/?s={search_term_string}\"},\"query-input\":{\"@type\":\"PropertyValueSpecification\",\"valueRequired\":true,\"valueName\":\"search_term_string\"}}],\"inLanguage\":\"en-US\"},{\"@type\":\"Organization\",\"@id\":\"https:\\\/\\\/fit360.ee\\\/en\\\/#organization\",\"name\":\"Fit360\",\"url\":\"https:\\\/\\\/fit360.ee\\\/en\\\/\",\"logo\":{\"@type\":\"ImageObject\",\"inLanguage\":\"en-US\",\"@id\":\"https:\\\/\\\/fit360.ee\\\/en\\\/#\\\/schema\\\/logo\\\/image\\\/\",\"url\":\"https:\\\/\\\/fit360.ee\\\/wp-content\\\/uploads\\\/2017\\\/01\\\/logo-fit360.png\",\"contentUrl\":\"https:\\\/\\\/fit360.ee\\\/wp-content\\\/uploads\\\/2017\\\/01\\\/logo-fit360.png\",\"width\":180,\"height\":66,\"caption\":\"Fit360\"},\"image\":{\"@id\":\"https:\\\/\\\/fit360.ee\\\/en\\\/#\\\/schema\\\/logo\\\/image\\\/\"}}]}<\/script>\n<!-- \/ Yoast SEO plugin. -->","yoast_head_json":{"title":"Elektrol\u00fc\u00fcdid (90tabs) - Electrolytes - Kiire Tarne - Fit360","description":"Elektrol\u00fc\u00fcdid - Kasulik m\u00f5ju organismi vee- ja elektrol\u00fc\u00fctide tasakaalule. Toetab taastumist intensiivsest treeningust, oksendamisest v\u00f5i k\u00f5hulahtisusest.","robots":{"index":"index","follow":"follow","max-snippet":"max-snippet:-1","max-image-preview":"max-image-preview:large","max-video-preview":"max-video-preview:-1"},"canonical":"https:\/\/fit360.ee\/en\/pood\/product-groups\/vitamins-and-minerals-en\/magnesium-en\/elektroluudid-90tabs\/","og_locale":"en_US","og_type":"article","og_title":"Elektrol\u00fc\u00fcdid (90tabs) - Electrolytes - Kiire Tarne - Fit360","og_description":"Elektrol\u00fc\u00fcdid - Kasulik m\u00f5ju organismi vee- ja elektrol\u00fc\u00fctide tasakaalule. Toetab taastumist intensiivsest treeningust, oksendamisest v\u00f5i k\u00f5hulahtisusest.","og_url":"https:\/\/fit360.ee\/en\/pood\/product-groups\/vitamins-and-minerals-en\/magnesium-en\/elektroluudid-90tabs\/","og_site_name":"Fit360","article_modified_time":"2025-08-19T06:40:57+00:00","og_image":[{"width":450,"height":450,"url":"https:\/\/fit360.ee\/wp-content\/uploads\/2022\/10\/ostrovit-elektroluudid-fit360.ee-1.png","type":"image\/png"}],"twitter_card":"summary_large_image","twitter_misc":{"Est. reading time":"2 minutes"},"schema":{"@context":"https:\/\/schema.org","@graph":[{"@type":"WebPage","@id":"https:\/\/fit360.ee\/en\/pood\/product-groups\/vitamins-and-minerals-en\/magnesium-en\/elektroluudid-90tabs\/","url":"https:\/\/fit360.ee\/en\/pood\/product-groups\/vitamins-and-minerals-en\/magnesium-en\/elektroluudid-90tabs\/","name":"Elektrol\u00fc\u00fcdid (90tabs) - Electrolytes - Kiire Tarne - Fit360","isPartOf":{"@id":"https:\/\/fit360.ee\/en\/#website"},"primaryImageOfPage":{"@id":"https:\/\/fit360.ee\/en\/pood\/product-groups\/vitamins-and-minerals-en\/magnesium-en\/elektroluudid-90tabs\/#primaryimage"},"image":{"@id":"https:\/\/fit360.ee\/en\/pood\/product-groups\/vitamins-and-minerals-en\/magnesium-en\/elektroluudid-90tabs\/#primaryimage"},"thumbnailUrl":"https:\/\/fit360.ee\/wp-content\/uploads\/2022\/10\/ostrovit-elektroluudid-fit360.ee-1.png","datePublished":"2022-10-29T09:53:03+00:00","dateModified":"2025-08-19T06:40:57+00:00","description":"Elektrol\u00fc\u00fcdid - Kasulik m\u00f5ju organismi vee- ja elektrol\u00fc\u00fctide tasakaalule. Toetab taastumist intensiivsest treeningust, oksendamisest v\u00f5i k\u00f5hulahtisusest.","breadcrumb":{"@id":"https:\/\/fit360.ee\/en\/pood\/product-groups\/vitamins-and-minerals-en\/magnesium-en\/elektroluudid-90tabs\/#breadcrumb"},"inLanguage":"en-US","potentialAction":[{"@type":"ReadAction","target":["https:\/\/fit360.ee\/en\/pood\/product-groups\/vitamins-and-minerals-en\/magnesium-en\/elektroluudid-90tabs\/"]}]},{"@type":"ImageObject","inLanguage":"en-US","@id":"https:\/\/fit360.ee\/en\/pood\/product-groups\/vitamins-and-minerals-en\/magnesium-en\/elektroluudid-90tabs\/#primaryimage","url":"https:\/\/fit360.ee\/wp-content\/uploads\/2022\/10\/ostrovit-elektroluudid-fit360.ee-1.png","contentUrl":"https:\/\/fit360.ee\/wp-content\/uploads\/2022\/10\/ostrovit-elektroluudid-fit360.ee-1.png","width":450,"height":450,"caption":"ostrovit elektrol\u00fc\u00fcdid - fit360.ee"},{"@type":"BreadcrumbList","@id":"https:\/\/fit360.ee\/en\/pood\/product-groups\/vitamins-and-minerals-en\/magnesium-en\/elektroluudid-90tabs\/#breadcrumb","itemListElement":[{"@type":"ListItem","position":1,"name":"Home","item":"https:\/\/fit360.ee\/en\/"},{"@type":"ListItem","position":2,"name":"Shop","item":"https:\/\/fit360.ee\/en\/shop\/"},{"@type":"ListItem","position":3,"name":"Elektrol\u00fc\u00fcdid (90tabs)"}]},{"@type":"WebSite","@id":"https:\/\/fit360.ee\/en\/#website","url":"https:\/\/fit360.ee\/en\/","name":"Fit360","description":"","publisher":{"@id":"https:\/\/fit360.ee\/en\/#organization"},"potentialAction":[{"@type":"SearchAction","target":{"@type":"EntryPoint","urlTemplate":"https:\/\/fit360.ee\/en\/?s={search_term_string}"},"query-input":{"@type":"PropertyValueSpecification","valueRequired":true,"valueName":"search_term_string"}}],"inLanguage":"en-US"},{"@type":"Organization","@id":"https:\/\/fit360.ee\/en\/#organization","name":"Fit360","url":"https:\/\/fit360.ee\/en\/","logo":{"@type":"ImageObject","inLanguage":"en-US","@id":"https:\/\/fit360.ee\/en\/#\/schema\/logo\/image\/","url":"https:\/\/fit360.ee\/wp-content\/uploads\/2017\/01\/logo-fit360.png","contentUrl":"https:\/\/fit360.ee\/wp-content\/uploads\/2017\/01\/logo-fit360.png","width":180,"height":66,"caption":"Fit360"},"image":{"@id":"https:\/\/fit360.ee\/en\/#\/schema\/logo\/image\/"}}]}},"_links":{"self":[{"href":"https:\/\/fit360.ee\/en\/wp-json\/wp\/v2\/product\/66031","targetHints":{"allow":["GET"]}}],"collection":[{"href":"https:\/\/fit360.ee\/en\/wp-json\/wp\/v2\/product"}],"about":[{"href":"https:\/\/fit360.ee\/en\/wp-json\/wp\/v2\/types\/product"}],"replies":[{"embeddable":true,"href":"https:\/\/fit360.ee\/en\/wp-json\/wp\/v2\/comments?post=66031"}],"wp:featuredmedia":[{"embeddable":true,"href":"https:\/\/fit360.ee\/en\/wp-json\/wp\/v2\/media\/76635"}],"wp:attachment":[{"href":"https:\/\/fit360.ee\/en\/wp-json\/wp\/v2\/media?parent=66031"}],"wp:term":[{"taxonomy":"product_brand","embeddable":true,"href":"https:\/\/fit360.ee\/en\/wp-json\/wp\/v2\/product_brand?post=66031"},{"taxonomy":"product_cat","embeddable":true,"href":"https:\/\/fit360.ee\/en\/wp-json\/wp\/v2\/product_cat?post=66031"},{"taxonomy":"product_tag","embeddable":true,"href":"https:\/\/fit360.ee\/en\/wp-json\/wp\/v2\/product_tag?post=66031"},{"taxonomy":"giftcard-category","embeddable":true,"href":"https:\/\/fit360.ee\/en\/wp-json\/wp\/v2\/giftcard-category?post=66031"}],"curies":[{"name":"wp","href":"https:\/\/api.w.org\/{rel}","templated":true}]}}