{"id":66035,"date":"2022-10-29T12:08:20","date_gmt":"2022-10-29T10:08:20","guid":{"rendered":"https:\/\/fit360.ee\/?post_type=product&#038;p=66035"},"modified":"2025-08-19T08:58:12","modified_gmt":"2025-08-19T06:58:12","slug":"ostrovit-peanut-butter-smooth-500g","status":"publish","type":"product","link":"https:\/\/fit360.ee\/en\/pood\/product-groups\/peanut-butters-en\/peanut-butter-en\/ostrovit-peanut-butter-smooth-500g\/","title":{"rendered":"Ostrovit PEANUT BUTTER Smooth (500g)"},"content":{"rendered":"<h1>Ostrovit Peanut Butter Smooth<\/h1>\n<p><strong>Ostrovit Peanut Butter Smooth:<\/strong><\/p>\n<ul>\n<li>100% NATURAALNE TOODE<\/li>\n<li>29% valku<\/li>\n<li>100% r\u00f6stitud p\u00e4hklid<\/li>\n<li>V\u00e4ga hea maitsega<\/li>\n<li>Tervislik rasvaallikas organismile<\/li>\n<li>K\u00f5rge kvaliteet<\/li>\n<\/ul>\n<p>M\u00f5nus, kasulik ja maitsev vahepala. Sobib m\u00e4\u00e4rimiseks saia, leiva v\u00f5i pannkoogi peale.<\/p>\n<p><strong>Maap\u00e4hkliv\u00f5i<\/strong> on tervislik rasvaallikas organismile. Rasvad on olulised toitained, milleta organism ei ole v\u00f5imeline normaalselt talitama. Looduslikud \u00f5lid on erinevate v\u00e4liste \u00e4rritajate suhtes tundlikud, seet\u00f5ttu kaotavad nad ka oma kasulikud omadused, kui neid liigselt t\u00f6\u00f6delda.<\/p>\n<p><strong>Koostisosad<\/strong>: 100% r\u00f6stitud p\u00e4hklid<\/p>\n<p><strong>Kasutamine<\/strong>: Sega enne kasutamist, et leiaks aset naturaalne rasva eemaldumine p\u00e4hklimassist. Peale avamist tarbi see 3 kuu jooksul.<\/p>\n<p>100% naturaalne toode, tehtud AINULT r\u00f6stitud p\u00e4hklitest.<\/p>\n<p><strong>Suurus:<\/strong> 500g<\/p>\n<table>\n<tbody>\n<tr>\n<td width=\"307\"><strong>Anal\u00fc\u00fcs<\/strong><\/td>\n<td width=\"307\"><strong>100g<\/strong><\/td>\n<\/tr>\n<tr>\n<td width=\"307\">Energia<\/td>\n<td width=\"307\">2638kJ\/637kcal<\/td>\n<\/tr>\n<tr>\n<td width=\"307\">Rasvad<\/td>\n<td width=\"307\">52g<\/td>\n<\/tr>\n<tr>\n<td width=\"307\"><em>millest k\u00fcllastunud rasvhapped<\/em><\/td>\n<td width=\"307\">7g<\/td>\n<\/tr>\n<tr>\n<td width=\"307\">Valgud<\/td>\n<td width=\"307\">29g<\/td>\n<\/tr>\n<tr>\n<td width=\"307\">S\u00fcsivesikud<\/td>\n<td width=\"307\">9,6g<\/td>\n<\/tr>\n<tr>\n<td width=\"307\"><em>millest suhkur<\/em><\/td>\n<td width=\"307\">4,4g<\/td>\n<\/tr>\n<tr>\n<td width=\"307\">Sool<\/td>\n<td width=\"307\">0,01g<\/td>\n<\/tr>\n<\/tbody>\n<\/table>\n<p>Vaata ka meie teisi P\u00e4hkliv\u00f5isi <a href=\"https:\/\/fit360.ee\/en\/product-category\/product-groups\/peanut-butters-en\/\"><strong>SIIT<\/strong><\/a>!<\/p>\n<p>Soovid kaupa osta suuremas koguses? Vaata antud toodet ka meie HULGI poest <a href=\"https:\/\/toidulisandidhulgi.ee\/product\/ostrovit-peanut-butter-smooth-500g\/\"><strong>SIIT<\/strong><\/a>!<\/p>\n","protected":false},"excerpt":{"rendered":"<p><strong>100% NATURAALNE MAAP\u00c4HKLIV\u00d5I:<\/strong><\/p>\n<ul>\n<li>100% NATURAALNE TOODE<\/li>\n<li>29% valku<\/li>\n<li>100% r\u00f6stitud p\u00e4hklid<\/li>\n<li>V\u00e4ga hea maitsega<\/li>\n<li>Tervislik rasvaallikas organismile<\/li>\n<li>K\u00f5rge kvaliteet<\/li>\n<\/ul>\n<p>M\u00f5nus, kasulik ja maitsev vahepala. Sobib m\u00e4\u00e4rimiseks saia, leiva v\u00f5i pannkoogi peale.<\/p>\n<p><strong>Maap\u00e4hkliv\u00f5i<\/strong> on tervislik rasvaallikas organismile. Rasvad on olulised toitained, milleta organism ei ole v\u00f5imeline normaalselt talitama. Looduslikud \u00f5lid on erinevate v\u00e4liste \u00e4rritajate suhtes tundlikud, seet\u00f5ttu kaotavad nad ka oma kasulikud omadused, kui neid liigselt t\u00f6\u00f6delda.<\/p>\n","protected":false},"featured_media":66037,"comment_status":"open","ping_status":"closed","template":"","meta":[],"product_brand":[],"product_cat":[1329,2472,529],"product_tag":[1924,2678,2860],"giftcard-category":[],"class_list":{"0":"post-66035","1":"product","2":"type-product","3":"status-publish","4":"has-post-thumbnail","6":"product_cat-ostrovit-en","7":"product_cat-peanut-butter-en","8":"product_cat-peanut-butters-en","9":"product_tag-ostrovit-en","10":"product_tag-pahklivoi-en","11":"product_tag-peanut-butter-en","12":"pa_toidulisand-branddd-ostrovit","13":"pa_tootegruppp-maapahklivoi-en","14":"pa_tootegruppp-peanut-butters","16":"first","17":"outofstock","18":"sale","19":"taxable","20":"shipping-taxable","21":"purchasable","22":"product-type-simple"},"yoast_head":"<!-- This site is optimized with the Yoast SEO plugin v27.3 - https:\/\/yoast.com\/product\/yoast-seo-wordpress\/ -->\n<title>Ostrovit PEANUT BUTTER Smooth (500g) - Maap\u00e4hkliv\u00f5i - Fit360<\/title>\n<meta name=\"description\" content=\"Ostrovit Peanut Butter Smooth - Maap\u00e4hkliv\u00f5i on tervislik rasvaallikas organismile. M\u00f5nus, kasulik ja maitsev vahepala. Kiire kauba tarne!\" \/>\n<meta name=\"robots\" content=\"index, follow, max-snippet:-1, max-image-preview:large, max-video-preview:-1\" \/>\n<link rel=\"canonical\" href=\"https:\/\/fit360.ee\/en\/pood\/product-groups\/peanut-butters-en\/peanut-butter-en\/ostrovit-peanut-butter-smooth-500g\/\" \/>\n<meta property=\"og:locale\" content=\"en_US\" \/>\n<meta property=\"og:type\" content=\"article\" \/>\n<meta property=\"og:title\" content=\"Ostrovit PEANUT BUTTER Smooth (500g) - Maap\u00e4hkliv\u00f5i - Fit360\" \/>\n<meta property=\"og:description\" content=\"Ostrovit Peanut Butter Smooth - Maap\u00e4hkliv\u00f5i on tervislik rasvaallikas organismile. M\u00f5nus, kasulik ja maitsev vahepala. Kiire kauba tarne!\" \/>\n<meta property=\"og:url\" content=\"https:\/\/fit360.ee\/en\/pood\/product-groups\/peanut-butters-en\/peanut-butter-en\/ostrovit-peanut-butter-smooth-500g\/\" \/>\n<meta property=\"og:site_name\" content=\"Fit360\" \/>\n<meta property=\"article:modified_time\" content=\"2025-08-19T06:58:12+00:00\" \/>\n<meta property=\"og:image\" content=\"https:\/\/fit360.ee\/wp-content\/uploads\/2022\/10\/peanut-butter-smooth-fit360.ee-1.png\" \/>\n\t<meta property=\"og:image:width\" content=\"450\" \/>\n\t<meta property=\"og:image:height\" content=\"450\" \/>\n\t<meta property=\"og:image:type\" content=\"image\/png\" \/>\n<meta name=\"twitter:card\" content=\"summary_large_image\" \/>\n<meta name=\"twitter:label1\" content=\"Est. reading time\" \/>\n\t<meta name=\"twitter:data1\" content=\"1 minute\" \/>\n<script type=\"application\/ld+json\" class=\"yoast-schema-graph\">{\"@context\":\"https:\\\/\\\/schema.org\",\"@graph\":[{\"@type\":\"WebPage\",\"@id\":\"https:\\\/\\\/fit360.ee\\\/en\\\/pood\\\/product-groups\\\/peanut-butters-en\\\/peanut-butter-en\\\/ostrovit-peanut-butter-smooth-500g\\\/\",\"url\":\"https:\\\/\\\/fit360.ee\\\/en\\\/pood\\\/product-groups\\\/peanut-butters-en\\\/peanut-butter-en\\\/ostrovit-peanut-butter-smooth-500g\\\/\",\"name\":\"Ostrovit PEANUT BUTTER Smooth (500g) - Maap\u00e4hkliv\u00f5i - Fit360\",\"isPartOf\":{\"@id\":\"https:\\\/\\\/fit360.ee\\\/en\\\/#website\"},\"primaryImageOfPage\":{\"@id\":\"https:\\\/\\\/fit360.ee\\\/en\\\/pood\\\/product-groups\\\/peanut-butters-en\\\/peanut-butter-en\\\/ostrovit-peanut-butter-smooth-500g\\\/#primaryimage\"},\"image\":{\"@id\":\"https:\\\/\\\/fit360.ee\\\/en\\\/pood\\\/product-groups\\\/peanut-butters-en\\\/peanut-butter-en\\\/ostrovit-peanut-butter-smooth-500g\\\/#primaryimage\"},\"thumbnailUrl\":\"https:\\\/\\\/fit360.ee\\\/wp-content\\\/uploads\\\/2022\\\/10\\\/peanut-butter-smooth-fit360.ee-1.png\",\"datePublished\":\"2022-10-29T10:08:20+00:00\",\"dateModified\":\"2025-08-19T06:58:12+00:00\",\"description\":\"Ostrovit Peanut Butter Smooth - Maap\u00e4hkliv\u00f5i on tervislik rasvaallikas organismile. M\u00f5nus, kasulik ja maitsev vahepala. Kiire kauba tarne!\",\"breadcrumb\":{\"@id\":\"https:\\\/\\\/fit360.ee\\\/en\\\/pood\\\/product-groups\\\/peanut-butters-en\\\/peanut-butter-en\\\/ostrovit-peanut-butter-smooth-500g\\\/#breadcrumb\"},\"inLanguage\":\"en-US\",\"potentialAction\":[{\"@type\":\"ReadAction\",\"target\":[\"https:\\\/\\\/fit360.ee\\\/en\\\/pood\\\/product-groups\\\/peanut-butters-en\\\/peanut-butter-en\\\/ostrovit-peanut-butter-smooth-500g\\\/\"]}]},{\"@type\":\"ImageObject\",\"inLanguage\":\"en-US\",\"@id\":\"https:\\\/\\\/fit360.ee\\\/en\\\/pood\\\/product-groups\\\/peanut-butters-en\\\/peanut-butter-en\\\/ostrovit-peanut-butter-smooth-500g\\\/#primaryimage\",\"url\":\"https:\\\/\\\/fit360.ee\\\/wp-content\\\/uploads\\\/2022\\\/10\\\/peanut-butter-smooth-fit360.ee-1.png\",\"contentUrl\":\"https:\\\/\\\/fit360.ee\\\/wp-content\\\/uploads\\\/2022\\\/10\\\/peanut-butter-smooth-fit360.ee-1.png\",\"width\":450,\"height\":450,\"caption\":\"peanut butter smooth - fit360.ee\"},{\"@type\":\"BreadcrumbList\",\"@id\":\"https:\\\/\\\/fit360.ee\\\/en\\\/pood\\\/product-groups\\\/peanut-butters-en\\\/peanut-butter-en\\\/ostrovit-peanut-butter-smooth-500g\\\/#breadcrumb\",\"itemListElement\":[{\"@type\":\"ListItem\",\"position\":1,\"name\":\"Home\",\"item\":\"https:\\\/\\\/fit360.ee\\\/en\\\/\"},{\"@type\":\"ListItem\",\"position\":2,\"name\":\"Shop\",\"item\":\"https:\\\/\\\/fit360.ee\\\/en\\\/shop\\\/\"},{\"@type\":\"ListItem\",\"position\":3,\"name\":\"Ostrovit PEANUT BUTTER Smooth (500g)\"}]},{\"@type\":\"WebSite\",\"@id\":\"https:\\\/\\\/fit360.ee\\\/en\\\/#website\",\"url\":\"https:\\\/\\\/fit360.ee\\\/en\\\/\",\"name\":\"Fit360\",\"description\":\"\",\"publisher\":{\"@id\":\"https:\\\/\\\/fit360.ee\\\/en\\\/#organization\"},\"potentialAction\":[{\"@type\":\"SearchAction\",\"target\":{\"@type\":\"EntryPoint\",\"urlTemplate\":\"https:\\\/\\\/fit360.ee\\\/en\\\/?s={search_term_string}\"},\"query-input\":{\"@type\":\"PropertyValueSpecification\",\"valueRequired\":true,\"valueName\":\"search_term_string\"}}],\"inLanguage\":\"en-US\"},{\"@type\":\"Organization\",\"@id\":\"https:\\\/\\\/fit360.ee\\\/en\\\/#organization\",\"name\":\"Fit360\",\"url\":\"https:\\\/\\\/fit360.ee\\\/en\\\/\",\"logo\":{\"@type\":\"ImageObject\",\"inLanguage\":\"en-US\",\"@id\":\"https:\\\/\\\/fit360.ee\\\/en\\\/#\\\/schema\\\/logo\\\/image\\\/\",\"url\":\"https:\\\/\\\/fit360.ee\\\/wp-content\\\/uploads\\\/2017\\\/01\\\/logo-fit360.png\",\"contentUrl\":\"https:\\\/\\\/fit360.ee\\\/wp-content\\\/uploads\\\/2017\\\/01\\\/logo-fit360.png\",\"width\":180,\"height\":66,\"caption\":\"Fit360\"},\"image\":{\"@id\":\"https:\\\/\\\/fit360.ee\\\/en\\\/#\\\/schema\\\/logo\\\/image\\\/\"}}]}<\/script>\n<!-- \/ Yoast SEO plugin. -->","yoast_head_json":{"title":"Ostrovit PEANUT BUTTER Smooth (500g) - Maap\u00e4hkliv\u00f5i - Fit360","description":"Ostrovit Peanut Butter Smooth - Maap\u00e4hkliv\u00f5i on tervislik rasvaallikas organismile. M\u00f5nus, kasulik ja maitsev vahepala. Kiire kauba tarne!","robots":{"index":"index","follow":"follow","max-snippet":"max-snippet:-1","max-image-preview":"max-image-preview:large","max-video-preview":"max-video-preview:-1"},"canonical":"https:\/\/fit360.ee\/en\/pood\/product-groups\/peanut-butters-en\/peanut-butter-en\/ostrovit-peanut-butter-smooth-500g\/","og_locale":"en_US","og_type":"article","og_title":"Ostrovit PEANUT BUTTER Smooth (500g) - Maap\u00e4hkliv\u00f5i - Fit360","og_description":"Ostrovit Peanut Butter Smooth - Maap\u00e4hkliv\u00f5i on tervislik rasvaallikas organismile. M\u00f5nus, kasulik ja maitsev vahepala. Kiire kauba tarne!","og_url":"https:\/\/fit360.ee\/en\/pood\/product-groups\/peanut-butters-en\/peanut-butter-en\/ostrovit-peanut-butter-smooth-500g\/","og_site_name":"Fit360","article_modified_time":"2025-08-19T06:58:12+00:00","og_image":[{"width":450,"height":450,"url":"https:\/\/fit360.ee\/wp-content\/uploads\/2022\/10\/peanut-butter-smooth-fit360.ee-1.png","type":"image\/png"}],"twitter_card":"summary_large_image","twitter_misc":{"Est. reading time":"1 minute"},"schema":{"@context":"https:\/\/schema.org","@graph":[{"@type":"WebPage","@id":"https:\/\/fit360.ee\/en\/pood\/product-groups\/peanut-butters-en\/peanut-butter-en\/ostrovit-peanut-butter-smooth-500g\/","url":"https:\/\/fit360.ee\/en\/pood\/product-groups\/peanut-butters-en\/peanut-butter-en\/ostrovit-peanut-butter-smooth-500g\/","name":"Ostrovit PEANUT BUTTER Smooth (500g) - Maap\u00e4hkliv\u00f5i - Fit360","isPartOf":{"@id":"https:\/\/fit360.ee\/en\/#website"},"primaryImageOfPage":{"@id":"https:\/\/fit360.ee\/en\/pood\/product-groups\/peanut-butters-en\/peanut-butter-en\/ostrovit-peanut-butter-smooth-500g\/#primaryimage"},"image":{"@id":"https:\/\/fit360.ee\/en\/pood\/product-groups\/peanut-butters-en\/peanut-butter-en\/ostrovit-peanut-butter-smooth-500g\/#primaryimage"},"thumbnailUrl":"https:\/\/fit360.ee\/wp-content\/uploads\/2022\/10\/peanut-butter-smooth-fit360.ee-1.png","datePublished":"2022-10-29T10:08:20+00:00","dateModified":"2025-08-19T06:58:12+00:00","description":"Ostrovit Peanut Butter Smooth - Maap\u00e4hkliv\u00f5i on tervislik rasvaallikas organismile. M\u00f5nus, kasulik ja maitsev vahepala. Kiire kauba tarne!","breadcrumb":{"@id":"https:\/\/fit360.ee\/en\/pood\/product-groups\/peanut-butters-en\/peanut-butter-en\/ostrovit-peanut-butter-smooth-500g\/#breadcrumb"},"inLanguage":"en-US","potentialAction":[{"@type":"ReadAction","target":["https:\/\/fit360.ee\/en\/pood\/product-groups\/peanut-butters-en\/peanut-butter-en\/ostrovit-peanut-butter-smooth-500g\/"]}]},{"@type":"ImageObject","inLanguage":"en-US","@id":"https:\/\/fit360.ee\/en\/pood\/product-groups\/peanut-butters-en\/peanut-butter-en\/ostrovit-peanut-butter-smooth-500g\/#primaryimage","url":"https:\/\/fit360.ee\/wp-content\/uploads\/2022\/10\/peanut-butter-smooth-fit360.ee-1.png","contentUrl":"https:\/\/fit360.ee\/wp-content\/uploads\/2022\/10\/peanut-butter-smooth-fit360.ee-1.png","width":450,"height":450,"caption":"peanut butter smooth - fit360.ee"},{"@type":"BreadcrumbList","@id":"https:\/\/fit360.ee\/en\/pood\/product-groups\/peanut-butters-en\/peanut-butter-en\/ostrovit-peanut-butter-smooth-500g\/#breadcrumb","itemListElement":[{"@type":"ListItem","position":1,"name":"Home","item":"https:\/\/fit360.ee\/en\/"},{"@type":"ListItem","position":2,"name":"Shop","item":"https:\/\/fit360.ee\/en\/shop\/"},{"@type":"ListItem","position":3,"name":"Ostrovit PEANUT BUTTER Smooth (500g)"}]},{"@type":"WebSite","@id":"https:\/\/fit360.ee\/en\/#website","url":"https:\/\/fit360.ee\/en\/","name":"Fit360","description":"","publisher":{"@id":"https:\/\/fit360.ee\/en\/#organization"},"potentialAction":[{"@type":"SearchAction","target":{"@type":"EntryPoint","urlTemplate":"https:\/\/fit360.ee\/en\/?s={search_term_string}"},"query-input":{"@type":"PropertyValueSpecification","valueRequired":true,"valueName":"search_term_string"}}],"inLanguage":"en-US"},{"@type":"Organization","@id":"https:\/\/fit360.ee\/en\/#organization","name":"Fit360","url":"https:\/\/fit360.ee\/en\/","logo":{"@type":"ImageObject","inLanguage":"en-US","@id":"https:\/\/fit360.ee\/en\/#\/schema\/logo\/image\/","url":"https:\/\/fit360.ee\/wp-content\/uploads\/2017\/01\/logo-fit360.png","contentUrl":"https:\/\/fit360.ee\/wp-content\/uploads\/2017\/01\/logo-fit360.png","width":180,"height":66,"caption":"Fit360"},"image":{"@id":"https:\/\/fit360.ee\/en\/#\/schema\/logo\/image\/"}}]}},"_links":{"self":[{"href":"https:\/\/fit360.ee\/en\/wp-json\/wp\/v2\/product\/66035","targetHints":{"allow":["GET"]}}],"collection":[{"href":"https:\/\/fit360.ee\/en\/wp-json\/wp\/v2\/product"}],"about":[{"href":"https:\/\/fit360.ee\/en\/wp-json\/wp\/v2\/types\/product"}],"replies":[{"embeddable":true,"href":"https:\/\/fit360.ee\/en\/wp-json\/wp\/v2\/comments?post=66035"}],"wp:featuredmedia":[{"embeddable":true,"href":"https:\/\/fit360.ee\/en\/wp-json\/wp\/v2\/media\/66037"}],"wp:attachment":[{"href":"https:\/\/fit360.ee\/en\/wp-json\/wp\/v2\/media?parent=66035"}],"wp:term":[{"taxonomy":"product_brand","embeddable":true,"href":"https:\/\/fit360.ee\/en\/wp-json\/wp\/v2\/product_brand?post=66035"},{"taxonomy":"product_cat","embeddable":true,"href":"https:\/\/fit360.ee\/en\/wp-json\/wp\/v2\/product_cat?post=66035"},{"taxonomy":"product_tag","embeddable":true,"href":"https:\/\/fit360.ee\/en\/wp-json\/wp\/v2\/product_tag?post=66035"},{"taxonomy":"giftcard-category","embeddable":true,"href":"https:\/\/fit360.ee\/en\/wp-json\/wp\/v2\/giftcard-category?post=66035"}],"curies":[{"name":"wp","href":"https:\/\/api.w.org\/{rel}","templated":true}]}}