{"id":66067,"date":"2022-10-30T15:25:15","date_gmt":"2022-10-30T13:25:15","guid":{"rendered":"https:\/\/fit360.ee\/pood\/uncategorized\/kookosoli-mct-500ml\/"},"modified":"2026-04-10T15:42:12","modified_gmt":"2026-04-10T13:42:12","slug":"kookosoli-mct-500ml","status":"publish","type":"product","link":"https:\/\/fit360.ee\/en\/pood\/product-groups\/superfoods-health-foods-en\/mct-oil-en\/kookosoli-mct-500ml\/","title":{"rendered":"Kookos\u00f5li MCT (500ml)"},"content":{"rendered":"<h1><strong>Kookos\u00f5li MCT<\/strong><\/h1>\n<p>OstroVit kookos\u00f5li MCT on v\u00e4\u00e4rtuslik k\u00fcllastunud rasvhapete allikas, mis toetab teie organismi \u00fcldist tervist ja vormi. Kookosp\u00e4hkli MCT \u00f5li igap\u00e4evane tarbimine varustab teid selliste \u00fchenditega nagu kapr\u00fc\u00fclhape.<\/p>\n<p><a href=\"https:\/\/fit360.ee\/wp-content\/uploads\/2022\/10\/mct-kookosoli-fit360.ee_-800x312.jpg\"><img loading=\"lazy\" decoding=\"async\" class=\"size-medium wp-image-66063\" src=\"https:\/\/fit360.ee\/wp-content\/uploads\/2022\/10\/mct-kookosoli-fit360.ee_-800x312.jpg\" alt=\"mct kookos\u00f5li - fit360.ee\" width=\"800\" height=\"312\" srcset=\"https:\/\/fit360.ee\/wp-content\/uploads\/2022\/10\/mct-kookosoli-fit360.ee_-800x312.jpg 800w, https:\/\/fit360.ee\/wp-content\/uploads\/2022\/10\/mct-kookosoli-fit360.ee_-510x199.jpg 510w, https:\/\/fit360.ee\/wp-content\/uploads\/2022\/10\/mct-kookosoli-fit360.ee_-768x300.jpg 768w, https:\/\/fit360.ee\/wp-content\/uploads\/2022\/10\/mct-kookosoli-fit360.ee_.jpg 922w\" sizes=\"auto, (max-width: 800px) 100vw, 800px\" \/><\/a><\/p>\n<p>Kookos\u00f5li MCT kasutatakse \u00fcha sagedamini erinevate toidulisandite rikastamiseks. \u00d5li on maitselt ja aroomilt neutraalne, nii et saate v\u00e4listada igasuguse sensoorse ebamugavuse s\u00f6\u00f6mise ajal.<\/p>\n<h4><strong>Mis on MCT \u00f5li?<\/strong><\/h4>\n<p>Rasvad on keemilised \u00fchendid, mis peaksid olema osa teie dieedist. Kahjuks valivad inimesed tervislike rasvade asemel \u00fcha sagedamini suures koguses kahjulikke transrasvu, mis sisalduvad n\u00e4iteks margariinis, k\u00fcpsistes, \u0161okolaaditoodetes, valmistoitudes ja kiirtoitudes. T\u00e4iesti erinevate omadustega rasv, mida tuleks v\u00f5tta loodusliku toidulisandina, on kookosp\u00e4hkli MCT \u00f5li.<\/p>\n<p>MCT \u00f5lid sisaldavad keskmise ahelaga rasvhappeid, mida organism spetsiifiliselt seedib ja omastab. Nende seedimine ei vaja lipaasi ja sapi, nii et nad imenduvad kiiresti. Kookosp\u00e4hkli MCT \u00f5li on v\u00e4\u00e4rtuslik energialaks, nii et see osutub t\u00e4iuslikuks p\u00e4rast treeningut ja kui olete v\u00e4sinud ja unine. MCT \u00f5li v\u00f5ib toetada ka kaalulangust ja tagada pikaajalise k\u00fcllastustunde. See n\u00e4itab ka antibakteriaalseid omadusi.<\/p>\n<h4><strong>OstroVit Coconut MCT \u00f5lis sisalduvate koostisosade omadused<\/strong><\/h4>\n<p><strong>SUUR DOOS ENERGIAT<\/strong> \u2013 MCT \u00f5li suudab edukalt energiat pikaks ajaks t\u00f5sta. Selline rasv ei koorma teie seedekanalit \u00fcle ja selle regulaarne kasutamine v\u00f5ib oluliselt parandada keha treenimisv\u00f5imet.<br \/>\n<strong>TOETUS KAALU ALANDAMISEKS<\/strong> \u2013 T\u00e4nu MCT \u00f5li kiirele seedimisele ei too see kaasa keharasva t\u00f5usu (kui seda v\u00f5tta vastavalt soovitustele). Seet\u00f5ttu on soovitatav seda kasutada muud t\u00fc\u00fcpi rasvade asemel.<br \/>\n<strong>VITAMIINIDE PAREM IMENDUMINE<\/strong> \u2013 MCT \u00f5li v\u00f5tmine koos rasvlahustuvate vitamiinidega \u2013 A, D, E ja K \u2013 toetab nende imendumist. Kui teie vitamiinides pole rasvu, peate valima MCT \u00f5li<br \/>\n<strong>T\u00c4IUSLIK LISAAINE KOHVILE<\/strong> \u2013 Ketogeense dieedi populaarsuse kasvades valib \u00fcha rohkem inimesi nn kuulikindlat kohvi ehk kuulikindlat kohvi, millele on lisatud v\u00f5id. Kui ka sina oled selle f\u00e4nn, asenda transv\u00f5i meie kookos\u00f5liga!<\/p>\n<p><strong>Koostisosad<\/strong>: MCT \u00f5li sisaldab keskmise ahelaga trigl\u00fctseriide kookos\u00f5list.<\/p>\n<p><strong>Kasutamine<\/strong>: \u00dcks portsjon toodet 12 g (2 supilusikat\u00e4it) tarbida 2 korda p\u00e4evas s\u00f6\u00f6gi ajal. Toote soovitatavat portsjonit v\u00f5ib iga 3 p\u00e4eva j\u00e4rel suurendada 12 g v\u00f5rra, et saada teie vajadustele kohandatud optimaalne portsjon. Rohkem kui 100 g toote \u00fchekordse koguse allaneelamine v\u00f5ib p\u00f5hjustada seedetrakti kaebusi.<\/p>\n<p><strong>Suurus<\/strong>: 500ml &#8211; 39 serveeringut.<\/p>\n<table>\n<tbody>\n<tr>\n<th>Toitev\u00e4\u00e4rtuste anal\u00fc\u00fcs<\/th>\n<th>100 g<\/th>\n<th>12g &#8211; 1 serveering<\/th>\n<th>% SPK*<\/th>\n<\/tr>\n<tr>\n<td>Energia<\/td>\n<td>3700 kJ \/ 900 kcal<\/td>\n<td>444 kJ \/ 108 kcal<\/td>\n<td>5<\/td>\n<\/tr>\n<tr>\n<td>Rasvad<\/td>\n<td>100 g<\/td>\n<td>12 g<\/td>\n<td>17<\/td>\n<\/tr>\n<tr class=\"sub\">\n<td>&#8211; <em>millest<\/em> k\u00fcllastunud rasvhapped<\/td>\n<td>100 g<\/td>\n<td>12\u00a0g<\/td>\n<td>60<\/td>\n<\/tr>\n<tr>\n<td>C8:0 Kapr\u00fc\u00fclhape<\/td>\n<td>55 g &#8211; 65 g<\/td>\n<td>6.6 g &#8211; 7.8 g<\/td>\n<td>\u00a0&#8211;<\/td>\n<\/tr>\n<tr>\n<td>C10:0 Kapriinhape<\/td>\n<td>35 g &#8211; 45 g<\/td>\n<td>4.2 g &#8211; 5.4\u00a0g<\/td>\n<td>\u00a0&#8211;<\/td>\n<\/tr>\n<tr>\n<td>s\u00fcsivesikud<\/td>\n<td>0 g<\/td>\n<td>0\u00a0g<\/td>\n<td>&#8211;<\/td>\n<\/tr>\n<tr class=\"sub\">\n<td>&#8211; <em>millest<\/em> suhkrud<\/td>\n<td>0 g<\/td>\n<td>0 g<\/td>\n<td>&#8211;<\/td>\n<\/tr>\n<tr>\n<td>Valgud<\/td>\n<td>0 g<\/td>\n<td>0 g<\/td>\n<td>&#8211;<\/td>\n<\/tr>\n<tr>\n<td>Sool<\/td>\n<td>0 g<\/td>\n<td>0\u00a0g<\/td>\n<td>&#8211;<\/td>\n<\/tr>\n<\/tbody>\n<\/table>\n<p>*SPK &#8211; Soovitatud p\u00e4evane kogus.<\/p>\n<p>Vaata meie Teisi Kookos\u00f5lisid <a href=\"https:\/\/fit360.ee\/en\/product-category\/product-groups\/essential-fats-en\/coconut-oil-en\/\"><strong>SIIT<\/strong><\/a> v\u00f5i MCT \u00f5lisid <a href=\"https:\/\/fit360.ee\/en\/product-category\/product-groups\/superfoods-health-foods-en\/mct-oil-en\/\"><strong>SIIT<\/strong><\/a>!<\/p>\n<p>Soovid kaupa osta suuremas koguses? Vaata antud toodet ka meie HULGI poest\u00a0<a href=\"https:\/\/toidulisandidhulgi.ee\/product\/kookosoli-mct-500ml\/\"><strong>SIIT<\/strong><\/a>!<\/p>\n","protected":false},"excerpt":{"rendered":"<ul>\n<li>Suur doos energiat<\/li>\n<li>Toetab kaalu alandamist<\/li>\n<li>Vitamiinide parem imendumine<\/li>\n<li>T\u00e4iuslik lisaaine kohvile<\/li>\n<\/ul>\n","protected":false},"featured_media":66066,"comment_status":"closed","ping_status":"closed","template":"","meta":[],"product_brand":[],"product_cat":[2446,525,2375,1329,1454],"product_tag":[4003,4004,1924],"giftcard-category":[],"class_list":{"0":"post-66067","1":"product","2":"type-product","3":"status-publish","4":"has-post-thumbnail","6":"product_cat-coconut-oil-en","7":"product_cat-essential-fats-en","8":"product_cat-mct-oil-en","9":"product_cat-ostrovit-en","10":"product_cat-superfoods-health-foods-en","11":"product_tag-kookosoli-mct-en","12":"product_tag-mct-kookosoli-en","13":"product_tag-ostrovit-en","14":"pa_kogus-500ml-en","15":"pa_toidulisand-branddd-ostrovit","16":"pa_tootegruppp-kookosoli-en","17":"pa_tootegruppp-mct-oli-en","18":"pa_tootegruppp-supertoit-tervisetoit-en","19":"pa_tootegruppp-useful-fatty-acids","21":"first","22":"instock","23":"sale","24":"taxable","25":"shipping-taxable","26":"purchasable","27":"product-type-simple"},"yoast_head":"<!-- This site is optimized with the Yoast SEO plugin v27.5 - https:\/\/yoast.com\/product\/yoast-seo-wordpress\/ -->\n<title>Kookos\u00f5li MCT (500ml) - Kasulikud rasvhapped - Fit360<\/title>\n<meta name=\"description\" content=\"Kookos\u00f5li MCT on v\u00e4\u00e4rtuslik k\u00fcllastunud rasvhapete allikas, mis toetab teie organismi \u00fcldist tervist ja vormi. Kookosp\u00e4hkli MCT \u00f5li igap\u00e4evane tarbimine ..\" \/>\n<meta name=\"robots\" content=\"index, follow, max-snippet:-1, max-image-preview:large, max-video-preview:-1\" \/>\n<link rel=\"canonical\" href=\"https:\/\/fit360.ee\/en\/pood\/product-groups\/superfoods-health-foods-en\/mct-oil-en\/kookosoli-mct-500ml\/\" \/>\n<meta property=\"og:locale\" content=\"en_US\" \/>\n<meta property=\"og:type\" content=\"article\" \/>\n<meta property=\"og:title\" content=\"Kookos\u00f5li MCT (500ml) - Kasulikud rasvhapped - Fit360\" \/>\n<meta property=\"og:description\" content=\"Kookos\u00f5li MCT on v\u00e4\u00e4rtuslik k\u00fcllastunud rasvhapete allikas, mis toetab teie organismi \u00fcldist tervist ja vormi. Kookosp\u00e4hkli MCT \u00f5li igap\u00e4evane tarbimine ..\" \/>\n<meta property=\"og:url\" content=\"https:\/\/fit360.ee\/en\/pood\/product-groups\/superfoods-health-foods-en\/mct-oil-en\/kookosoli-mct-500ml\/\" \/>\n<meta property=\"og:site_name\" content=\"Fit360\" \/>\n<meta property=\"article:modified_time\" content=\"2026-04-10T13:42:12+00:00\" \/>\n<meta property=\"og:image\" content=\"https:\/\/fit360.ee\/wp-content\/uploads\/2022\/10\/kookosoli-mct-fit360.ee-1.png\" \/>\n\t<meta property=\"og:image:width\" content=\"600\" \/>\n\t<meta property=\"og:image:height\" content=\"600\" \/>\n\t<meta property=\"og:image:type\" content=\"image\/png\" \/>\n<meta name=\"twitter:card\" content=\"summary_large_image\" \/>\n<meta name=\"twitter:label1\" content=\"Est. reading time\" \/>\n\t<meta name=\"twitter:data1\" content=\"3 minutes\" \/>\n<script type=\"application\/ld+json\" class=\"yoast-schema-graph\">{\"@context\":\"https:\\\/\\\/schema.org\",\"@graph\":[{\"@type\":\"WebPage\",\"@id\":\"https:\\\/\\\/fit360.ee\\\/en\\\/pood\\\/product-groups\\\/superfoods-health-foods-en\\\/mct-oil-en\\\/kookosoli-mct-500ml\\\/\",\"url\":\"https:\\\/\\\/fit360.ee\\\/en\\\/pood\\\/product-groups\\\/superfoods-health-foods-en\\\/mct-oil-en\\\/kookosoli-mct-500ml\\\/\",\"name\":\"Kookos\u00f5li MCT (500ml) - Kasulikud rasvhapped - Fit360\",\"isPartOf\":{\"@id\":\"https:\\\/\\\/fit360.ee\\\/en\\\/#website\"},\"primaryImageOfPage\":{\"@id\":\"https:\\\/\\\/fit360.ee\\\/en\\\/pood\\\/product-groups\\\/superfoods-health-foods-en\\\/mct-oil-en\\\/kookosoli-mct-500ml\\\/#primaryimage\"},\"image\":{\"@id\":\"https:\\\/\\\/fit360.ee\\\/en\\\/pood\\\/product-groups\\\/superfoods-health-foods-en\\\/mct-oil-en\\\/kookosoli-mct-500ml\\\/#primaryimage\"},\"thumbnailUrl\":\"https:\\\/\\\/fit360.ee\\\/wp-content\\\/uploads\\\/2022\\\/10\\\/kookosoli-mct-fit360.ee-1.png\",\"datePublished\":\"2022-10-30T13:25:15+00:00\",\"dateModified\":\"2026-04-10T13:42:12+00:00\",\"description\":\"Kookos\u00f5li MCT on v\u00e4\u00e4rtuslik k\u00fcllastunud rasvhapete allikas, mis toetab teie organismi \u00fcldist tervist ja vormi. Kookosp\u00e4hkli MCT \u00f5li igap\u00e4evane tarbimine ..\",\"breadcrumb\":{\"@id\":\"https:\\\/\\\/fit360.ee\\\/en\\\/pood\\\/product-groups\\\/superfoods-health-foods-en\\\/mct-oil-en\\\/kookosoli-mct-500ml\\\/#breadcrumb\"},\"inLanguage\":\"en-US\",\"potentialAction\":[{\"@type\":\"ReadAction\",\"target\":[\"https:\\\/\\\/fit360.ee\\\/en\\\/pood\\\/product-groups\\\/superfoods-health-foods-en\\\/mct-oil-en\\\/kookosoli-mct-500ml\\\/\"]}]},{\"@type\":\"ImageObject\",\"inLanguage\":\"en-US\",\"@id\":\"https:\\\/\\\/fit360.ee\\\/en\\\/pood\\\/product-groups\\\/superfoods-health-foods-en\\\/mct-oil-en\\\/kookosoli-mct-500ml\\\/#primaryimage\",\"url\":\"https:\\\/\\\/fit360.ee\\\/wp-content\\\/uploads\\\/2022\\\/10\\\/kookosoli-mct-fit360.ee-1.png\",\"contentUrl\":\"https:\\\/\\\/fit360.ee\\\/wp-content\\\/uploads\\\/2022\\\/10\\\/kookosoli-mct-fit360.ee-1.png\",\"width\":600,\"height\":600,\"caption\":\"kookos\u00f5li mct - fit360.ee\"},{\"@type\":\"BreadcrumbList\",\"@id\":\"https:\\\/\\\/fit360.ee\\\/en\\\/pood\\\/product-groups\\\/superfoods-health-foods-en\\\/mct-oil-en\\\/kookosoli-mct-500ml\\\/#breadcrumb\",\"itemListElement\":[{\"@type\":\"ListItem\",\"position\":1,\"name\":\"Home\",\"item\":\"https:\\\/\\\/fit360.ee\\\/en\\\/\"},{\"@type\":\"ListItem\",\"position\":2,\"name\":\"Shop\",\"item\":\"https:\\\/\\\/fit360.ee\\\/en\\\/shop\\\/\"},{\"@type\":\"ListItem\",\"position\":3,\"name\":\"Kookos\u00f5li MCT (500ml)\"}]},{\"@type\":\"WebSite\",\"@id\":\"https:\\\/\\\/fit360.ee\\\/en\\\/#website\",\"url\":\"https:\\\/\\\/fit360.ee\\\/en\\\/\",\"name\":\"Fit360\",\"description\":\"\",\"publisher\":{\"@id\":\"https:\\\/\\\/fit360.ee\\\/en\\\/#organization\"},\"potentialAction\":[{\"@type\":\"SearchAction\",\"target\":{\"@type\":\"EntryPoint\",\"urlTemplate\":\"https:\\\/\\\/fit360.ee\\\/en\\\/?s={search_term_string}\"},\"query-input\":{\"@type\":\"PropertyValueSpecification\",\"valueRequired\":true,\"valueName\":\"search_term_string\"}}],\"inLanguage\":\"en-US\"},{\"@type\":\"Organization\",\"@id\":\"https:\\\/\\\/fit360.ee\\\/en\\\/#organization\",\"name\":\"Fit360\",\"url\":\"https:\\\/\\\/fit360.ee\\\/en\\\/\",\"logo\":{\"@type\":\"ImageObject\",\"inLanguage\":\"en-US\",\"@id\":\"https:\\\/\\\/fit360.ee\\\/en\\\/#\\\/schema\\\/logo\\\/image\\\/\",\"url\":\"https:\\\/\\\/fit360.ee\\\/wp-content\\\/uploads\\\/2017\\\/01\\\/logo-fit360.png\",\"contentUrl\":\"https:\\\/\\\/fit360.ee\\\/wp-content\\\/uploads\\\/2017\\\/01\\\/logo-fit360.png\",\"width\":180,\"height\":66,\"caption\":\"Fit360\"},\"image\":{\"@id\":\"https:\\\/\\\/fit360.ee\\\/en\\\/#\\\/schema\\\/logo\\\/image\\\/\"}}]}<\/script>\n<!-- \/ Yoast SEO plugin. -->","yoast_head_json":{"title":"Kookos\u00f5li MCT (500ml) - Kasulikud rasvhapped - Fit360","description":"Kookos\u00f5li MCT on v\u00e4\u00e4rtuslik k\u00fcllastunud rasvhapete allikas, mis toetab teie organismi \u00fcldist tervist ja vormi. Kookosp\u00e4hkli MCT \u00f5li igap\u00e4evane tarbimine ..","robots":{"index":"index","follow":"follow","max-snippet":"max-snippet:-1","max-image-preview":"max-image-preview:large","max-video-preview":"max-video-preview:-1"},"canonical":"https:\/\/fit360.ee\/en\/pood\/product-groups\/superfoods-health-foods-en\/mct-oil-en\/kookosoli-mct-500ml\/","og_locale":"en_US","og_type":"article","og_title":"Kookos\u00f5li MCT (500ml) - Kasulikud rasvhapped - Fit360","og_description":"Kookos\u00f5li MCT on v\u00e4\u00e4rtuslik k\u00fcllastunud rasvhapete allikas, mis toetab teie organismi \u00fcldist tervist ja vormi. Kookosp\u00e4hkli MCT \u00f5li igap\u00e4evane tarbimine ..","og_url":"https:\/\/fit360.ee\/en\/pood\/product-groups\/superfoods-health-foods-en\/mct-oil-en\/kookosoli-mct-500ml\/","og_site_name":"Fit360","article_modified_time":"2026-04-10T13:42:12+00:00","og_image":[{"width":600,"height":600,"url":"https:\/\/fit360.ee\/wp-content\/uploads\/2022\/10\/kookosoli-mct-fit360.ee-1.png","type":"image\/png"}],"twitter_card":"summary_large_image","twitter_misc":{"Est. reading time":"3 minutes"},"schema":{"@context":"https:\/\/schema.org","@graph":[{"@type":"WebPage","@id":"https:\/\/fit360.ee\/en\/pood\/product-groups\/superfoods-health-foods-en\/mct-oil-en\/kookosoli-mct-500ml\/","url":"https:\/\/fit360.ee\/en\/pood\/product-groups\/superfoods-health-foods-en\/mct-oil-en\/kookosoli-mct-500ml\/","name":"Kookos\u00f5li MCT (500ml) - Kasulikud rasvhapped - Fit360","isPartOf":{"@id":"https:\/\/fit360.ee\/en\/#website"},"primaryImageOfPage":{"@id":"https:\/\/fit360.ee\/en\/pood\/product-groups\/superfoods-health-foods-en\/mct-oil-en\/kookosoli-mct-500ml\/#primaryimage"},"image":{"@id":"https:\/\/fit360.ee\/en\/pood\/product-groups\/superfoods-health-foods-en\/mct-oil-en\/kookosoli-mct-500ml\/#primaryimage"},"thumbnailUrl":"https:\/\/fit360.ee\/wp-content\/uploads\/2022\/10\/kookosoli-mct-fit360.ee-1.png","datePublished":"2022-10-30T13:25:15+00:00","dateModified":"2026-04-10T13:42:12+00:00","description":"Kookos\u00f5li MCT on v\u00e4\u00e4rtuslik k\u00fcllastunud rasvhapete allikas, mis toetab teie organismi \u00fcldist tervist ja vormi. Kookosp\u00e4hkli MCT \u00f5li igap\u00e4evane tarbimine ..","breadcrumb":{"@id":"https:\/\/fit360.ee\/en\/pood\/product-groups\/superfoods-health-foods-en\/mct-oil-en\/kookosoli-mct-500ml\/#breadcrumb"},"inLanguage":"en-US","potentialAction":[{"@type":"ReadAction","target":["https:\/\/fit360.ee\/en\/pood\/product-groups\/superfoods-health-foods-en\/mct-oil-en\/kookosoli-mct-500ml\/"]}]},{"@type":"ImageObject","inLanguage":"en-US","@id":"https:\/\/fit360.ee\/en\/pood\/product-groups\/superfoods-health-foods-en\/mct-oil-en\/kookosoli-mct-500ml\/#primaryimage","url":"https:\/\/fit360.ee\/wp-content\/uploads\/2022\/10\/kookosoli-mct-fit360.ee-1.png","contentUrl":"https:\/\/fit360.ee\/wp-content\/uploads\/2022\/10\/kookosoli-mct-fit360.ee-1.png","width":600,"height":600,"caption":"kookos\u00f5li mct - fit360.ee"},{"@type":"BreadcrumbList","@id":"https:\/\/fit360.ee\/en\/pood\/product-groups\/superfoods-health-foods-en\/mct-oil-en\/kookosoli-mct-500ml\/#breadcrumb","itemListElement":[{"@type":"ListItem","position":1,"name":"Home","item":"https:\/\/fit360.ee\/en\/"},{"@type":"ListItem","position":2,"name":"Shop","item":"https:\/\/fit360.ee\/en\/shop\/"},{"@type":"ListItem","position":3,"name":"Kookos\u00f5li MCT (500ml)"}]},{"@type":"WebSite","@id":"https:\/\/fit360.ee\/en\/#website","url":"https:\/\/fit360.ee\/en\/","name":"Fit360","description":"","publisher":{"@id":"https:\/\/fit360.ee\/en\/#organization"},"potentialAction":[{"@type":"SearchAction","target":{"@type":"EntryPoint","urlTemplate":"https:\/\/fit360.ee\/en\/?s={search_term_string}"},"query-input":{"@type":"PropertyValueSpecification","valueRequired":true,"valueName":"search_term_string"}}],"inLanguage":"en-US"},{"@type":"Organization","@id":"https:\/\/fit360.ee\/en\/#organization","name":"Fit360","url":"https:\/\/fit360.ee\/en\/","logo":{"@type":"ImageObject","inLanguage":"en-US","@id":"https:\/\/fit360.ee\/en\/#\/schema\/logo\/image\/","url":"https:\/\/fit360.ee\/wp-content\/uploads\/2017\/01\/logo-fit360.png","contentUrl":"https:\/\/fit360.ee\/wp-content\/uploads\/2017\/01\/logo-fit360.png","width":180,"height":66,"caption":"Fit360"},"image":{"@id":"https:\/\/fit360.ee\/en\/#\/schema\/logo\/image\/"}}]}},"_links":{"self":[{"href":"https:\/\/fit360.ee\/en\/wp-json\/wp\/v2\/product\/66067","targetHints":{"allow":["GET"]}}],"collection":[{"href":"https:\/\/fit360.ee\/en\/wp-json\/wp\/v2\/product"}],"about":[{"href":"https:\/\/fit360.ee\/en\/wp-json\/wp\/v2\/types\/product"}],"replies":[{"embeddable":true,"href":"https:\/\/fit360.ee\/en\/wp-json\/wp\/v2\/comments?post=66067"}],"wp:featuredmedia":[{"embeddable":true,"href":"https:\/\/fit360.ee\/en\/wp-json\/wp\/v2\/media\/66066"}],"wp:attachment":[{"href":"https:\/\/fit360.ee\/en\/wp-json\/wp\/v2\/media?parent=66067"}],"wp:term":[{"taxonomy":"product_brand","embeddable":true,"href":"https:\/\/fit360.ee\/en\/wp-json\/wp\/v2\/product_brand?post=66067"},{"taxonomy":"product_cat","embeddable":true,"href":"https:\/\/fit360.ee\/en\/wp-json\/wp\/v2\/product_cat?post=66067"},{"taxonomy":"product_tag","embeddable":true,"href":"https:\/\/fit360.ee\/en\/wp-json\/wp\/v2\/product_tag?post=66067"},{"taxonomy":"giftcard-category","embeddable":true,"href":"https:\/\/fit360.ee\/en\/wp-json\/wp\/v2\/giftcard-category?post=66067"}],"curies":[{"name":"wp","href":"https:\/\/api.w.org\/{rel}","templated":true}]}}