{"id":66249,"date":"2022-11-09T14:48:19","date_gmt":"2022-11-09T12:48:19","guid":{"rendered":"https:\/\/fit360.ee\/pood\/uncategorized\/5150-legendary-series\/"},"modified":"2026-04-09T15:12:49","modified_gmt":"2026-04-09T13:12:49","slug":"5150-legendary-series","status":"publish","type":"product","link":"https:\/\/fit360.ee\/en\/pood\/product-groups\/amino-acids-bcaa\/beta-alanine-en\/5150-legendary-series\/","title":{"rendered":"5150 Legendary Series (372g)"},"content":{"rendered":"<h1><strong>5150 Legendary Series<\/strong><\/h1>\n<p>Tere tulemast 5150 Legendary Series Pre-Workout maailma!<\/p>\n<p>Kui olete t\u00f5eline j\u00f5usaali hunt ja t\u00f5stmine on teie elu, siis teate juba, et 5% Nutrition on ainus ELUVIIS, mille j\u00e4rgi kasvada. Juba selle toote nimi peaks olema piisavalt hoiatav, et suundute s\u00fcgavamatesse vetesse.<\/p>\n<h4><strong>Mida t\u00e4hendab 5150\u00ae?<\/strong><\/h4>\n<p>Rich Piana kandis algselt nime &#8220;5150\u00ae&#8221; selle \u00fclik\u00f5rge stimulantidega treeningeelse treeningu jaoks, sest ta tahtis \u00f6elda, et see pre-workout pole m\u00f5eldud tavalistele, vaid ainult t\u00f5sistele stim-junkies&#8217;idele meie seas. Ja kuigi Rich ei vihjanud, et m\u00f5ne lusikat\u00e4ie 5150\u00ae v\u00f5tmine enne treeningut tooks kaasa 72-tunnise &#8220;tahtmatu ps\u00fchhiaatrilise ooteseisundi&#8221;, tahtis ta anda m\u00f5ista, et see toode t\u00f5eliselt t\u00f6\u00f6tab! Vali 5150 Legendary Series toode ja Te ei kahetse.<\/p>\n<div class=\"supplement-info\">\n<div class=\"Rocket-Pop\">\n<div class=\"supplement-info__table\">\n<h4 class=\"slider-gran\"><strong>Koostisosad ja Toitev\u00e4\u00e4rtuse anal\u00fc\u00fcs***<\/strong><\/h4>\n<div class=\"supplement-info\">\n<div class=\"Tropical-Rage\">\n<div class=\"supplement-info__basic\"><span class=\"supplement-info__servingScoop\"><span class=\"text-uppercase\">Serveeringu suurus &#8211; 1 m\u00f5\u00f5telusikat\u00e4is:<\/span>\u00a0<span class=\"supplement-info__value\">13.1 g<\/span>\u00a0<\/span><span class=\"supplement-info__servingContainer\"><span class=\"text-uppercase\">Serveeringuid purgi kohta:<\/span>\u00a0<span class=\"supplement-info__value\">30<\/span><\/span><\/div>\n<div class=\"supplement-info__table\">\n<table>\n<thead>\n<tr>\n<td><\/td>\n<td class=\"text-uppercase t-right\">Kogus serveeringu kohta (13,1g)<\/td>\n<td class=\"text-uppercase t-right\">% SPK*<\/td>\n<\/tr>\n<\/thead>\n<tbody>\n<tr>\n<td colspan=\"3\">\n<hr size=\"1\" \/>\n<\/td>\n<\/tr>\n<tr>\n<td class=\"ingredient-name\">Vitamiin B-3 (Niatsiin)<\/td>\n<td class=\"t-right ingredient-value ingredient-value--perServe\">30 mg NE<\/td>\n<td class=\"t-right ingredient-value ingredient-value--dailyServe\">188%<\/td>\n<\/tr>\n<tr>\n<td class=\"ingredient-name\">Vitamiin B-12 (ts\u00fcanokobalamiin)<\/td>\n<td class=\"t-right ingredient-value ingredient-value--perServe\">1,000 mcg<\/td>\n<td class=\"t-right ingredient-value ingredient-value--dailyServe\">41667%<\/td>\n<\/tr>\n<tr>\n<td colspan=\"3\">\n<hr size=\"1\" \/>\n<\/td>\n<\/tr>\n<tr>\n<td class=\"ingredient-name\">L-Tsitrulliin<\/td>\n<td class=\"t-right ingredient-value ingredient-value--perServe\">4,000 mg<\/td>\n<td class=\"t-right ingredient-value ingredient-value--dailyServe\">**<\/td>\n<\/tr>\n<tr>\n<td class=\"ingredient-name\">Beeta-Alaniin<\/td>\n<td class=\"t-right ingredient-value ingredient-value--perServe\">3,000 mg<\/td>\n<td class=\"t-right ingredient-value ingredient-value--dailyServe\">**<\/td>\n<\/tr>\n<tr>\n<td class=\"ingredient-name\">L-Tauriin<\/td>\n<td class=\"t-right ingredient-value ingredient-value--perServe\">2,000 mg<\/td>\n<td class=\"t-right ingredient-value ingredient-value--dailyServe\">**<\/td>\n<\/tr>\n<tr>\n<td class=\"ingredient-name\">N-Atset\u00fc\u00fcl L-T\u00fcrosiin<\/td>\n<td class=\"t-right ingredient-value ingredient-value--perServe\">750 mg<\/td>\n<td class=\"t-right ingredient-value ingredient-value--dailyServe\">**<\/td>\n<\/tr>\n<tr>\n<td class=\"ingredient-name\">Koliini bitartraat<\/td>\n<td class=\"t-right ingredient-value ingredient-value--perServe\">500 mg<\/td>\n<td class=\"t-right ingredient-value ingredient-value--dailyServe\">**<\/td>\n<\/tr>\n<tr>\n<td class=\"ingredient-name\">Alfa-gl\u00fctser\u00fc\u00fclfosfor\u00fc\u00fclkoliin 50%<\/td>\n<td class=\"t-right ingredient-value ingredient-value--perServe\">200 mg<\/td>\n<td class=\"t-right ingredient-value ingredient-value--dailyServe\">**<\/td>\n<\/tr>\n<tr>\n<td class=\"ingredient-name\">Kakao alkaloidi ekstrakt (<em>Theobroma cacao L.<\/em>) (seemned) (<em>Cocobuterol<\/em>)<\/td>\n<td class=\"t-right ingredient-value ingredient-value--perServe\">80 mg<\/td>\n<td class=\"t-right ingredient-value ingredient-value--dailyServe\">**<\/td>\n<\/tr>\n<tr>\n<td class=\"ingredient-name\">S\u00fcnefriinvesinikkloriid<\/td>\n<td class=\"t-right ingredient-value ingredient-value--perServe\">45 mg<\/td>\n<td class=\"t-right ingredient-value ingredient-value--dailyServe\">**<\/td>\n<\/tr>\n<tr>\n<td class=\"ingredient-name\">Hammassammal (<em>Huperzia serrata<\/em>) (\u00f5hust osad) (standardiseeritud <em>1% Huperzine A-le<\/em>)<\/td>\n<td class=\"t-right ingredient-value ingredient-value--perServe\">50 mcg<\/td>\n<td class=\"t-right ingredient-value ingredient-value--dailyServe\">**<\/td>\n<\/tr>\n<tr>\n<td colspan=\"3\">\n<hr size=\"1\" \/>\n<\/td>\n<\/tr>\n<tr>\n<td class=\"blend\"><strong>Stim-Crazy Caffeine Complex<\/strong><\/td>\n<td class=\"t-right ingredient-value ingredient-value--perServe\">513 mg<\/td>\n<td class=\"t-right ingredient-value ingredient-value--dailyServe\">**<\/td>\n<\/tr>\n<tr>\n<td class=\"ingredient-name\" colspan=\"3\">Veevaba kofeiin, dikafeiini malaat (Infinergy\u2122), teobromiin, kofeiin (rohelisest teest (lehed), Yerba Mate ekstrakt (leht), guaraana seemne ekstrakt (<em>Paullinia cupana<\/em>), rauvolfia canescens (<em>alfa-johimbiin<\/em>) (terve taim), roheline Kohvioa ekstrakt (seemned), Gotu Kola ekstrakt (<em>Centella asiatica<\/em>) (terve \u00fcrt)<\/td>\n<\/tr>\n<tr>\n<td colspan=\"3\">\n<hr size=\"1\" \/>\n<\/td>\n<\/tr>\n<tr>\n<td class=\"ingredient-name\" colspan=\"3\">*SPK &#8211; Soovitatud p\u00e4evane kogus 2000kcal dieedi kohta.<br \/>\n**P\u00e4evane kogus pole kindlaks tehtud.<\/td>\n<\/tr>\n<tr>\n<td class=\"other-ingredients\" colspan=\"3\"><strong>Teised Koostisosad<\/strong>: R\u00e4nidioksiid, looduslikud ja kunstlikud maitseained, sukraloos, sidrunhape, kollane nr 5<\/td>\n<\/tr>\n<\/tbody>\n<\/table>\n<p>*** Toitev\u00e4\u00e4rtused ja koostisosad on Tropical Rage maitse kohta. Kui soovite t\u00e4psemaid detaile teiste maitsete kohta, siis palun kirjutage info@fit360.ee.<\/p>\n<p><strong>Suurus<\/strong>: 372g &#8211; 30 serveeringut.<\/p>\n<p>Vaata ka meie Teisi Pre-Workoute <a href=\"https:\/\/fit360.ee\/en\/product-category\/product-groups\/pre-workout-en\/\"><strong>SIIT<\/strong><\/a>!<\/p>\n<p>Soovid teha suuremat tellimust? Vaata antud toodet meie HULGI lehelt\u00a0<a href=\"https:\/\/toidulisandidhulgi.ee\/product\/5150-legendary-series-372g\/\"><strong>SIIT<\/strong><\/a>!<\/p>\n<\/div>\n<\/div>\n<\/div>\n<\/div>\n<\/div>\n<\/div>\n","protected":false},"excerpt":{"rendered":"<p><strong>5150\u00ae Legendary Series<\/strong> pakub \u00fclelaetud ja tugevaid koostisosasi, mis sisaldab \u00fcle 400 mg kofeiini portsjoni kohta, lisaks revolutsioonilist energiat ja nootroopset Cocoabuterol\u00ae-i.<\/p>\n","protected":false},"featured_media":66241,"comment_status":"closed","ping_status":"closed","template":"","meta":[],"product_brand":[],"product_cat":[4023,2303,5324,2314,533,2327],"product_tag":[4024,4025,4026,4027],"giftcard-category":[],"class_list":{"0":"post-66249","1":"product","2":"type-product","3":"status-publish","4":"has-post-thumbnail","6":"product_cat-5-nutrition-en","7":"product_cat-beta-alanine-en","8":"product_cat-caffeine-en","9":"product_cat-citrulline-en","10":"product_cat-pre-workout-en","11":"product_cat-tyrosine-en","12":"product_tag-5-nutrition-en","13":"product_tag-5150-en","14":"product_tag-5150-legendary-series-en","15":"product_tag-rich-piana-en","16":"pa_maitse-blue-ice-en","17":"pa_maitse-rohelise-ouna-en","18":"pa_maitse-tropical-rage-en","19":"pa_maitse-wild-berry-en","21":"first","22":"instock","23":"taxable","24":"shipping-taxable","25":"purchasable","26":"product-type-variable"},"yoast_head":"<!-- This site is optimized with the Yoast SEO plugin v27.3 - https:\/\/yoast.com\/product\/yoast-seo-wordpress\/ -->\n<title>5150 Legendary Series (372g) - Pre-Workout - Kiire Tarne - Fit360<\/title>\n<meta name=\"description\" content=\"5150 legendary series - olete t\u00f5eline j\u00f5usaali hunt ja treening on teie elu, siis teate juba, et 5% Nutrition on ainus eluviis, mille j\u00e4rgi kasvada.\" \/>\n<meta name=\"robots\" content=\"index, follow, max-snippet:-1, max-image-preview:large, max-video-preview:-1\" \/>\n<link rel=\"canonical\" href=\"https:\/\/fit360.ee\/en\/pood\/product-groups\/amino-acids-bcaa\/beta-alanine-en\/5150-legendary-series\/\" \/>\n<meta property=\"og:locale\" content=\"en_US\" \/>\n<meta property=\"og:type\" content=\"article\" \/>\n<meta property=\"og:title\" content=\"5150 Legendary Series (372g) - Pre-Workout - Kiire Tarne - Fit360\" \/>\n<meta property=\"og:description\" content=\"5150 legendary series - olete t\u00f5eline j\u00f5usaali hunt ja treening on teie elu, siis teate juba, et 5% Nutrition on ainus eluviis, mille j\u00e4rgi kasvada.\" \/>\n<meta property=\"og:url\" content=\"https:\/\/fit360.ee\/en\/pood\/product-groups\/amino-acids-bcaa\/beta-alanine-en\/5150-legendary-series\/\" \/>\n<meta property=\"og:site_name\" content=\"Fit360\" \/>\n<meta property=\"article:modified_time\" content=\"2026-04-09T13:12:49+00:00\" \/>\n<meta property=\"og:image\" content=\"https:\/\/fit360.ee\/wp-content\/uploads\/2022\/11\/5150-legendart-series-fit360.ee_.jpg\" \/>\n\t<meta property=\"og:image:width\" content=\"500\" \/>\n\t<meta property=\"og:image:height\" content=\"500\" \/>\n\t<meta property=\"og:image:type\" content=\"image\/jpeg\" \/>\n<meta name=\"twitter:card\" content=\"summary_large_image\" \/>\n<meta name=\"twitter:label1\" content=\"Est. reading time\" \/>\n\t<meta name=\"twitter:data1\" content=\"2 minutes\" \/>\n<script type=\"application\/ld+json\" class=\"yoast-schema-graph\">{\"@context\":\"https:\\\/\\\/schema.org\",\"@graph\":[{\"@type\":\"WebPage\",\"@id\":\"https:\\\/\\\/fit360.ee\\\/en\\\/pood\\\/product-groups\\\/amino-acids-bcaa\\\/beta-alanine-en\\\/5150-legendary-series\\\/\",\"url\":\"https:\\\/\\\/fit360.ee\\\/en\\\/pood\\\/product-groups\\\/amino-acids-bcaa\\\/beta-alanine-en\\\/5150-legendary-series\\\/\",\"name\":\"5150 Legendary Series (372g) - Pre-Workout - Kiire Tarne - Fit360\",\"isPartOf\":{\"@id\":\"https:\\\/\\\/fit360.ee\\\/en\\\/#website\"},\"primaryImageOfPage\":{\"@id\":\"https:\\\/\\\/fit360.ee\\\/en\\\/pood\\\/product-groups\\\/amino-acids-bcaa\\\/beta-alanine-en\\\/5150-legendary-series\\\/#primaryimage\"},\"image\":{\"@id\":\"https:\\\/\\\/fit360.ee\\\/en\\\/pood\\\/product-groups\\\/amino-acids-bcaa\\\/beta-alanine-en\\\/5150-legendary-series\\\/#primaryimage\"},\"thumbnailUrl\":\"https:\\\/\\\/fit360.ee\\\/wp-content\\\/uploads\\\/2022\\\/11\\\/5150-legendart-series-fit360.ee_.jpg\",\"datePublished\":\"2022-11-09T12:48:19+00:00\",\"dateModified\":\"2026-04-09T13:12:49+00:00\",\"description\":\"5150 legendary series - olete t\u00f5eline j\u00f5usaali hunt ja treening on teie elu, siis teate juba, et 5% Nutrition on ainus eluviis, mille j\u00e4rgi kasvada.\",\"breadcrumb\":{\"@id\":\"https:\\\/\\\/fit360.ee\\\/en\\\/pood\\\/product-groups\\\/amino-acids-bcaa\\\/beta-alanine-en\\\/5150-legendary-series\\\/#breadcrumb\"},\"inLanguage\":\"en-US\",\"potentialAction\":[{\"@type\":\"ReadAction\",\"target\":[\"https:\\\/\\\/fit360.ee\\\/en\\\/pood\\\/product-groups\\\/amino-acids-bcaa\\\/beta-alanine-en\\\/5150-legendary-series\\\/\"]}]},{\"@type\":\"ImageObject\",\"inLanguage\":\"en-US\",\"@id\":\"https:\\\/\\\/fit360.ee\\\/en\\\/pood\\\/product-groups\\\/amino-acids-bcaa\\\/beta-alanine-en\\\/5150-legendary-series\\\/#primaryimage\",\"url\":\"https:\\\/\\\/fit360.ee\\\/wp-content\\\/uploads\\\/2022\\\/11\\\/5150-legendart-series-fit360.ee_.jpg\",\"contentUrl\":\"https:\\\/\\\/fit360.ee\\\/wp-content\\\/uploads\\\/2022\\\/11\\\/5150-legendart-series-fit360.ee_.jpg\",\"width\":500,\"height\":500,\"caption\":\"5150 legendary series - fit360.ee\"},{\"@type\":\"BreadcrumbList\",\"@id\":\"https:\\\/\\\/fit360.ee\\\/en\\\/pood\\\/product-groups\\\/amino-acids-bcaa\\\/beta-alanine-en\\\/5150-legendary-series\\\/#breadcrumb\",\"itemListElement\":[{\"@type\":\"ListItem\",\"position\":1,\"name\":\"Home\",\"item\":\"https:\\\/\\\/fit360.ee\\\/en\\\/\"},{\"@type\":\"ListItem\",\"position\":2,\"name\":\"Shop\",\"item\":\"https:\\\/\\\/fit360.ee\\\/en\\\/shop\\\/\"},{\"@type\":\"ListItem\",\"position\":3,\"name\":\"5150 Legendary Series (372g)\"}]},{\"@type\":\"WebSite\",\"@id\":\"https:\\\/\\\/fit360.ee\\\/en\\\/#website\",\"url\":\"https:\\\/\\\/fit360.ee\\\/en\\\/\",\"name\":\"Fit360\",\"description\":\"\",\"publisher\":{\"@id\":\"https:\\\/\\\/fit360.ee\\\/en\\\/#organization\"},\"potentialAction\":[{\"@type\":\"SearchAction\",\"target\":{\"@type\":\"EntryPoint\",\"urlTemplate\":\"https:\\\/\\\/fit360.ee\\\/en\\\/?s={search_term_string}\"},\"query-input\":{\"@type\":\"PropertyValueSpecification\",\"valueRequired\":true,\"valueName\":\"search_term_string\"}}],\"inLanguage\":\"en-US\"},{\"@type\":\"Organization\",\"@id\":\"https:\\\/\\\/fit360.ee\\\/en\\\/#organization\",\"name\":\"Fit360\",\"url\":\"https:\\\/\\\/fit360.ee\\\/en\\\/\",\"logo\":{\"@type\":\"ImageObject\",\"inLanguage\":\"en-US\",\"@id\":\"https:\\\/\\\/fit360.ee\\\/en\\\/#\\\/schema\\\/logo\\\/image\\\/\",\"url\":\"https:\\\/\\\/fit360.ee\\\/wp-content\\\/uploads\\\/2017\\\/01\\\/logo-fit360.png\",\"contentUrl\":\"https:\\\/\\\/fit360.ee\\\/wp-content\\\/uploads\\\/2017\\\/01\\\/logo-fit360.png\",\"width\":180,\"height\":66,\"caption\":\"Fit360\"},\"image\":{\"@id\":\"https:\\\/\\\/fit360.ee\\\/en\\\/#\\\/schema\\\/logo\\\/image\\\/\"}}]}<\/script>\n<!-- \/ Yoast SEO plugin. -->","yoast_head_json":{"title":"5150 Legendary Series (372g) - Pre-Workout - Kiire Tarne - Fit360","description":"5150 legendary series - olete t\u00f5eline j\u00f5usaali hunt ja treening on teie elu, siis teate juba, et 5% Nutrition on ainus eluviis, mille j\u00e4rgi kasvada.","robots":{"index":"index","follow":"follow","max-snippet":"max-snippet:-1","max-image-preview":"max-image-preview:large","max-video-preview":"max-video-preview:-1"},"canonical":"https:\/\/fit360.ee\/en\/pood\/product-groups\/amino-acids-bcaa\/beta-alanine-en\/5150-legendary-series\/","og_locale":"en_US","og_type":"article","og_title":"5150 Legendary Series (372g) - Pre-Workout - Kiire Tarne - Fit360","og_description":"5150 legendary series - olete t\u00f5eline j\u00f5usaali hunt ja treening on teie elu, siis teate juba, et 5% Nutrition on ainus eluviis, mille j\u00e4rgi kasvada.","og_url":"https:\/\/fit360.ee\/en\/pood\/product-groups\/amino-acids-bcaa\/beta-alanine-en\/5150-legendary-series\/","og_site_name":"Fit360","article_modified_time":"2026-04-09T13:12:49+00:00","og_image":[{"width":500,"height":500,"url":"https:\/\/fit360.ee\/wp-content\/uploads\/2022\/11\/5150-legendart-series-fit360.ee_.jpg","type":"image\/jpeg"}],"twitter_card":"summary_large_image","twitter_misc":{"Est. reading time":"2 minutes"},"schema":{"@context":"https:\/\/schema.org","@graph":[{"@type":"WebPage","@id":"https:\/\/fit360.ee\/en\/pood\/product-groups\/amino-acids-bcaa\/beta-alanine-en\/5150-legendary-series\/","url":"https:\/\/fit360.ee\/en\/pood\/product-groups\/amino-acids-bcaa\/beta-alanine-en\/5150-legendary-series\/","name":"5150 Legendary Series (372g) - Pre-Workout - Kiire Tarne - Fit360","isPartOf":{"@id":"https:\/\/fit360.ee\/en\/#website"},"primaryImageOfPage":{"@id":"https:\/\/fit360.ee\/en\/pood\/product-groups\/amino-acids-bcaa\/beta-alanine-en\/5150-legendary-series\/#primaryimage"},"image":{"@id":"https:\/\/fit360.ee\/en\/pood\/product-groups\/amino-acids-bcaa\/beta-alanine-en\/5150-legendary-series\/#primaryimage"},"thumbnailUrl":"https:\/\/fit360.ee\/wp-content\/uploads\/2022\/11\/5150-legendart-series-fit360.ee_.jpg","datePublished":"2022-11-09T12:48:19+00:00","dateModified":"2026-04-09T13:12:49+00:00","description":"5150 legendary series - olete t\u00f5eline j\u00f5usaali hunt ja treening on teie elu, siis teate juba, et 5% Nutrition on ainus eluviis, mille j\u00e4rgi kasvada.","breadcrumb":{"@id":"https:\/\/fit360.ee\/en\/pood\/product-groups\/amino-acids-bcaa\/beta-alanine-en\/5150-legendary-series\/#breadcrumb"},"inLanguage":"en-US","potentialAction":[{"@type":"ReadAction","target":["https:\/\/fit360.ee\/en\/pood\/product-groups\/amino-acids-bcaa\/beta-alanine-en\/5150-legendary-series\/"]}]},{"@type":"ImageObject","inLanguage":"en-US","@id":"https:\/\/fit360.ee\/en\/pood\/product-groups\/amino-acids-bcaa\/beta-alanine-en\/5150-legendary-series\/#primaryimage","url":"https:\/\/fit360.ee\/wp-content\/uploads\/2022\/11\/5150-legendart-series-fit360.ee_.jpg","contentUrl":"https:\/\/fit360.ee\/wp-content\/uploads\/2022\/11\/5150-legendart-series-fit360.ee_.jpg","width":500,"height":500,"caption":"5150 legendary series - fit360.ee"},{"@type":"BreadcrumbList","@id":"https:\/\/fit360.ee\/en\/pood\/product-groups\/amino-acids-bcaa\/beta-alanine-en\/5150-legendary-series\/#breadcrumb","itemListElement":[{"@type":"ListItem","position":1,"name":"Home","item":"https:\/\/fit360.ee\/en\/"},{"@type":"ListItem","position":2,"name":"Shop","item":"https:\/\/fit360.ee\/en\/shop\/"},{"@type":"ListItem","position":3,"name":"5150 Legendary Series (372g)"}]},{"@type":"WebSite","@id":"https:\/\/fit360.ee\/en\/#website","url":"https:\/\/fit360.ee\/en\/","name":"Fit360","description":"","publisher":{"@id":"https:\/\/fit360.ee\/en\/#organization"},"potentialAction":[{"@type":"SearchAction","target":{"@type":"EntryPoint","urlTemplate":"https:\/\/fit360.ee\/en\/?s={search_term_string}"},"query-input":{"@type":"PropertyValueSpecification","valueRequired":true,"valueName":"search_term_string"}}],"inLanguage":"en-US"},{"@type":"Organization","@id":"https:\/\/fit360.ee\/en\/#organization","name":"Fit360","url":"https:\/\/fit360.ee\/en\/","logo":{"@type":"ImageObject","inLanguage":"en-US","@id":"https:\/\/fit360.ee\/en\/#\/schema\/logo\/image\/","url":"https:\/\/fit360.ee\/wp-content\/uploads\/2017\/01\/logo-fit360.png","contentUrl":"https:\/\/fit360.ee\/wp-content\/uploads\/2017\/01\/logo-fit360.png","width":180,"height":66,"caption":"Fit360"},"image":{"@id":"https:\/\/fit360.ee\/en\/#\/schema\/logo\/image\/"}}]}},"_links":{"self":[{"href":"https:\/\/fit360.ee\/en\/wp-json\/wp\/v2\/product\/66249","targetHints":{"allow":["GET"]}}],"collection":[{"href":"https:\/\/fit360.ee\/en\/wp-json\/wp\/v2\/product"}],"about":[{"href":"https:\/\/fit360.ee\/en\/wp-json\/wp\/v2\/types\/product"}],"replies":[{"embeddable":true,"href":"https:\/\/fit360.ee\/en\/wp-json\/wp\/v2\/comments?post=66249"}],"wp:featuredmedia":[{"embeddable":true,"href":"https:\/\/fit360.ee\/en\/wp-json\/wp\/v2\/media\/66241"}],"wp:attachment":[{"href":"https:\/\/fit360.ee\/en\/wp-json\/wp\/v2\/media?parent=66249"}],"wp:term":[{"taxonomy":"product_brand","embeddable":true,"href":"https:\/\/fit360.ee\/en\/wp-json\/wp\/v2\/product_brand?post=66249"},{"taxonomy":"product_cat","embeddable":true,"href":"https:\/\/fit360.ee\/en\/wp-json\/wp\/v2\/product_cat?post=66249"},{"taxonomy":"product_tag","embeddable":true,"href":"https:\/\/fit360.ee\/en\/wp-json\/wp\/v2\/product_tag?post=66249"},{"taxonomy":"giftcard-category","embeddable":true,"href":"https:\/\/fit360.ee\/en\/wp-json\/wp\/v2\/giftcard-category?post=66249"}],"curies":[{"name":"wp","href":"https:\/\/api.w.org\/{rel}","templated":true}]}}