{"id":66334,"date":"2022-11-13T12:44:28","date_gmt":"2022-11-13T10:44:28","guid":{"rendered":"https:\/\/fit360.ee\/pood\/uncategorized\/iconfit-magneesium-b6-90caps\/"},"modified":"2026-04-10T14:56:39","modified_gmt":"2026-04-10T12:56:39","slug":"iconfit-magneesium-b6-90caps","status":"publish","type":"product","link":"https:\/\/fit360.ee\/en\/pood\/product-groups\/vitamins-and-minerals-en\/magnesium-en\/iconfit-magneesium-b6-90caps\/","title":{"rendered":"ICONFIT Magneesium B6 (90caps)"},"content":{"rendered":"<div id=\"shopify-section-template--16664184094938__main\" class=\"shopify-section product--section section--canonical\">\n<section class=\"product--container\" data-product-wrapper=\"\">\n<div class=\"product-readmore rte\" data-product-readmore=\"\">\n<div class=\" grouped-content grouped-content-layout-tabs\">\n<h1><strong>ICONFIT Magneesium B6<\/strong><\/h1>\n<p><strong>ICONFIT Magneesium B6 kapslid<\/strong>\u00a0n\u00e4rvis\u00fcsteemi normaalse toimimise ja ps\u00fchholoogiliste funktsioonide jaoks. Magneesium koos B6-vitamiiniga aitab v\u00e4hendada v\u00e4simust ja kurnatust. Toodetud kasutades ainult k\u00f5rgeima kvaliteediga taimseid kapsleid.<\/p>\n<ul>\n<li>Magneesium aitab kaasa elektrol\u00fc\u00fctide tasakaalule, lihaste normaalsele toimimisele\u00a0 ning aitab hoida hambaid.<\/li>\n<li>Magneesium osaleb rakujagunemise protsessis ning koos B6 vitamiiniga aitab v\u00e4hendada v\u00e4simust ja kurnatust.<\/li>\n<li>Magneesium koos B6-vitamiiniga aitab kaasa n\u00e4rvis\u00fcsteemi normaalsele toimimisele ja ps\u00fchholoogilistele funktsioonidele.<\/li>\n<li><strong>Eestis toodetud! Purgis 30 p\u00e4eva kogus. 3 kapslit p\u00e4evas.<\/strong><\/li>\n<\/ul>\n<p><strong>ICONFIT Magneesiumtsitraat\u00a0<\/strong>on \u00fcks paremini imenduvaid ja kehale omastatavaid magneesiumi vorme. Meie magneesiumtsitraat on k\u00f5rge magneesiumisisaldusega ning 100% soovitatud p\u00e4evasest magneesiumikogusest saab k\u00e4tte tarbides vaid 3 kapslit p\u00e4evas. Kuigi magneesiumtsitraat imendub iseseisvalt v\u00e4ga h\u00e4sti, aitavad m\u00f5ned B &#8211; r\u00fchma vitamiinid magneesiumil veelgi paremini imenduda. Tootesse lisatud vitamiin B6 soodustab magneesiumi omastamist. Vali ICONFIT Magneesium B6!<\/p>\n<p><strong>Millised on magneesiumipuuduse s\u00fcmptomid?\u00a0<\/strong>Magneesiumipuuduse s\u00fcmptomiteks v\u00f5ivad olla v\u00e4simus ja n\u00f5rkus, isutus, unisus, spasmid lihastes, iiveldus ja s\u00fcdame r\u00fctmih\u00e4ired.<\/p>\n<p><strong>Mis v\u00f5ib p\u00f5hjustada magneesiumipuudust?\u00a0<\/strong>Magneesiumipuudus on tervetel ja mitmekesiselt toituvatel inimestel tavaliselt haruldane, kuid seda v\u00f5ivad p\u00f5hjustada kehv toitumine (eriti eakatel), m\u00f5nede ravimite pikaajaline kasutamine, pikaajaline oksendamine v\u00f5i k\u00f5hulahtisus, 2. t\u00fc\u00fcpi diabeet, neeruprobleemid ja alkoholism.<br \/>\n<strong>Magneesium\u00a0<\/strong>on meie organismis \u00e4\u00e4rmiselt oluline mineraalaine. See aitab kaasa elektrol\u00fc\u00fctide tasakaalule, normaalsele energiavahetusele, n\u00e4rvis\u00fcsteemi ja ps\u00fchholoogiliste funktsioonide normaalsele toimimisele, lihast\u00f6\u00f6le, valgus\u00fcnteesile ja osaleb rakkude jagunemise protsessis. Lisaks k\u00f5igele sellele aitab magneesium hoida luud ja hambad normaalsetena ning v\u00e4hendab v\u00e4simust ja kurnatust.<br \/>\n<strong>Vitamiin B6\u00a0<\/strong>aitab kaasa normaalsele energiavahetusele, ps\u00fchholoogilistele funktsioonidele, n\u00e4rvis\u00fcsteemi toimimisele, valkude ja gl\u00fckogeeni ainevahetusele, punaste vereliblede normaalsele moodustumisele ja immuuns\u00fcsteemi toimimisele. Vitamiin B6 aitab kaasa ka hormonaalse aktiivsuse reguleerimisele ning v\u00e4hendab v\u00e4simust ja kurnatust.<\/p>\n<\/div>\n<\/div>\n<\/section>\n<\/div>\n<div id=\"shopify-section-template--16664184094938__16421708100ea30a66\" class=\"shopify-section image-with-text--section pxu-lia-section--play\">\n<section class=\"image-with-text image-with-text--desktop-height-natural image-with-text--mobile-height-natural image-with-text--desktop-image-alignment-left image-with-text--mobile-image-alignment-top home-section--content no-section-heading pxu-lia-block pxu-lia-block--play\" data-section-id=\"template--16664184094938__16421708100ea30a66\">\n<div class=\"image-with-text__container\">\n<div class=\"image-with-text__image-wrapper\"><img decoding=\"async\" class=\"image-with-text__image\" style=\"box-sizing: inherit; -webkit-font-smoothing: antialiased; text-size-adjust: none; -webkit-tap-highlight-color: rgba(0, 0, 0, 0); border-style: none; transition: opacity 0.2s cubic-bezier(0.4, 0, 1, 1) 0s; opacity: 1; width: 649.5px; object-fit: cover; height: auto;\" src=\"https:\/\/cdn.shopify.com\/s\/files\/1\/0627\/7467\/3626\/files\/210927_Iconfit_Oti_juures7052_1500x999_crop_center.jpg?v=1643728686\" srcset=\"\/\/cdn.shopify.com\/s\/files\/1\/0627\/7467\/3626\/files\/210927_Iconfit_Oti_juures7052_650x433_crop_center.jpg?v=1643728686 1.00x\" alt=\"ICONFIT Kvaliteet &amp; Hoolimine\" data-rimg=\"loaded\" data-rimg-scale=\"1\" data-rimg-template=\"\/\/cdn.shopify.com\/s\/files\/1\/0627\/7467\/3626\/files\/210927_Iconfit_Oti_juures7052_{size}_crop_center.jpg?v=1643728686\" data-rimg-max=\"2048x1363\" data-rimg-crop=\"center\" data-ly-processed=\"1668335594501\" data-rimg-template-svg=\"data:image\/svg+xml;utf8,&lt;svg%20xmlns='http:\/\/www.w3.org\/2000\/svg'%20width='1500'%20height='999'&gt;&lt;\/svg&gt;\" \/><\/div>\n<div class=\"image-with-text__content\">\n<div class=\"image-with-text__content-wrapper image-with-text-text-alignment-left \">\n<h4 class=\"image-with-text__heading pxu-lia-element\"><strong>ICONFIT Kvaliteet &amp; Hoolimine<\/strong><\/h4>\n<div class=\"image-with-text__text pxu-lia-element\">\n<p>ICONFITi tooted on Eestis v\u00e4lja t\u00f6\u00f6tatud ja ning p\u00f5hinevad k\u00f5rgeimatel Euroopa kvaliteedistandarditel. Arendame oma tooteid koos toitumisspetsialistide, sportlaste ja toidutehnoloogidega.<\/p>\n<p>ICONFITi tooted ei sisalda ebavajalikke kunstlikke stabilisaatoreid, v\u00e4rvaineid ega s\u00e4ilitusaineid. Meie kliendid tulevad ikka ja j\u00e4lle tagasi t\u00e4nu meie kvaliteedile, puhtusele ja headele maitsetele.<\/p>\n<p><strong>Koostisosad<\/strong>: Magneesium (magneesiumtsitraat), riisijahu (mahuaine), vitamiin B6 (p\u00fcridoksiinvesinikkloriid), taimne pullulaankapsel.<\/p>\n<p><strong>Kasutamine<\/strong>: 3 kapslit p\u00e4evas koos toidu ja klaasi veega. Toidulisand ei asenda tervislikke eluviise ning mitmekesist ja tasakaalustatud toitumist. \u00c4rge \u00fcletage soovitatud annust. Hoida lastele k\u00e4ttesaamatus kohas. Ravimite tarvitamise korral konsulteerida arstiga. Hoida originaalpakendis toatemperatuuril, eemal niiskusest ja otsesest p\u00e4ikesevalgusest.<\/p>\n<p><strong>Suurus<\/strong>: 90 kapslit &#8211; 30 serveeringut.<\/p>\n<table width=\"100%\">\n<thead>\n<tr>\n<th align=\"left\"><strong>Toimeained:<\/strong><\/th>\n<th align=\"left\">3 kapslit<\/th>\n<th align=\"left\">%SPK*<\/th>\n<\/tr>\n<\/thead>\n<tbody>\n<tr>\n<td align=\"left\">Magneesium<\/td>\n<td align=\"left\">375 mg<\/td>\n<td align=\"left\">100%<\/td>\n<\/tr>\n<tr>\n<td align=\"left\">Vitamiin B6<\/td>\n<td align=\"left\">1,4 mg<\/td>\n<td align=\"left\">100 %<\/td>\n<\/tr>\n<\/tbody>\n<\/table>\n<p><strong>SPK*<\/strong>-Soovitatud p\u00e4evane kogus.<\/p>\n<p>Vaata ka meie Teisi Vitamiine\/Mineraale <a href=\"https:\/\/fit360.ee\/en\/product-category\/product-groups\/vitamins-and-minerals-en\/\"><strong>SIIT<\/strong><\/a> v\u00f5i Magneesiume <a href=\"https:\/\/fit360.ee\/en\/product-category\/product-groups\/vitamins-and-minerals-en\/magnesium-en\/\"><strong>SIIT<\/strong><\/a>!<\/p>\n<p>Soovid teha suuremat tellimust? Vaata antud toodet meie HULGI lehelt\u00a0<a href=\"https:\/\/toidulisandidhulgi.ee\/product\/iconfit-magneesium-b6-90caps\/\"><strong>SIIT<\/strong><\/a>!<\/p>\n<\/div>\n<\/div>\n<\/div>\n<\/div>\n<\/section>\n<\/div>\n","protected":false},"excerpt":{"rendered":"<p><strong>ICONFIT Magneesium B6 kapslid<\/strong>\u00a0n\u00e4rvis\u00fcsteemi normaalse toimimise ja ps\u00fchholoogiliste funktsioonide jaoks. Magneesium koos B6-vitamiiniga aitab v\u00e4hendada v\u00e4simust ja kurnatust. Toodetud kasutades ainult k\u00f5rgeima kvaliteediga taimseid kapsleid.<\/p>\n<ul>\n<li>Magneesium aitab kaasa elektrol\u00fc\u00fctide tasakaalule, lihaste normaalsele toimimisele\u00a0 ning aitab hoida hambaid.<\/li>\n<li>Magneesium osaleb rakujagunemise protsessis ning koos B6 vitamiiniga aitab v\u00e4hendada v\u00e4simust ja kurnatust.<\/li>\n<li>Magneesium koos B6-vitamiiniga aitab kaasa n\u00e4rvis\u00fcsteemi normaalsele toimimisele ja ps\u00fchholoogilistele funktsioonidele.<\/li>\n<li><strong>Eestis toodetud! Purgis 30 p\u00e4eva kogus. 3 kapslit p\u00e4evas.<\/strong><\/li>\n<\/ul>\n","protected":false},"featured_media":66333,"comment_status":"closed","ping_status":"closed","template":"","meta":[],"product_brand":[],"product_cat":[1318,1915,536],"product_tag":[1681,1894],"giftcard-category":[],"class_list":{"0":"post-66334","1":"product","2":"type-product","3":"status-publish","4":"has-post-thumbnail","6":"product_cat-iconfit-en","7":"product_cat-magnesium-en","8":"product_cat-vitamins-and-minerals-en","9":"product_tag-iconfit-en","10":"product_tag-magneesium-b6-en","11":"pa_kogus-90-capsules","12":"pa_toidulisand-branddd-iconfit","13":"pa_tootegruppp-magneesium-en","14":"pa_tootegruppp-vitamins-and-minerals","16":"first","17":"instock","18":"sale","19":"taxable","20":"shipping-taxable","21":"purchasable","22":"product-type-simple"},"yoast_head":"<!-- This site is optimized with the Yoast SEO plugin v27.3 - https:\/\/yoast.com\/product\/yoast-seo-wordpress\/ -->\n<title>ICONFIT Magneesium B6 (90caps) - Kiire Tarne - Fit360<\/title>\n<meta name=\"description\" content=\"ICONFIT Magneesium B6 kapslid\u00a0n\u00e4rvis\u00fcsteemi normaalse toimimise ja ps\u00fchholoogiliste funktsioonide jaoks. Magneesium koos B6-vitamiiniga aitab...\" \/>\n<meta name=\"robots\" content=\"index, follow, max-snippet:-1, max-image-preview:large, max-video-preview:-1\" \/>\n<link rel=\"canonical\" href=\"https:\/\/fit360.ee\/en\/pood\/product-groups\/vitamins-and-minerals-en\/magnesium-en\/iconfit-magneesium-b6-90caps\/\" \/>\n<meta property=\"og:locale\" content=\"en_US\" \/>\n<meta property=\"og:type\" content=\"article\" \/>\n<meta property=\"og:title\" content=\"ICONFIT Magneesium B6 (90caps) - Kiire Tarne - Fit360\" \/>\n<meta property=\"og:description\" content=\"ICONFIT Magneesium B6 kapslid\u00a0n\u00e4rvis\u00fcsteemi normaalse toimimise ja ps\u00fchholoogiliste funktsioonide jaoks. Magneesium koos B6-vitamiiniga aitab...\" \/>\n<meta property=\"og:url\" content=\"https:\/\/fit360.ee\/en\/pood\/product-groups\/vitamins-and-minerals-en\/magnesium-en\/iconfit-magneesium-b6-90caps\/\" \/>\n<meta property=\"og:site_name\" content=\"Fit360\" \/>\n<meta property=\"article:modified_time\" content=\"2026-04-10T12:56:39+00:00\" \/>\n<meta property=\"og:image\" content=\"https:\/\/fit360.ee\/wp-content\/uploads\/2022\/11\/iconfit-magneesium-b6-fit360.ee_.jpg\" \/>\n\t<meta property=\"og:image:width\" content=\"669\" \/>\n\t<meta property=\"og:image:height\" content=\"669\" \/>\n\t<meta property=\"og:image:type\" content=\"image\/jpeg\" \/>\n<meta name=\"twitter:card\" content=\"summary_large_image\" \/>\n<meta name=\"twitter:label1\" content=\"Est. reading time\" \/>\n\t<meta name=\"twitter:data1\" content=\"3 minutes\" \/>\n<script type=\"application\/ld+json\" class=\"yoast-schema-graph\">{\"@context\":\"https:\\\/\\\/schema.org\",\"@graph\":[{\"@type\":\"WebPage\",\"@id\":\"https:\\\/\\\/fit360.ee\\\/en\\\/pood\\\/product-groups\\\/vitamins-and-minerals-en\\\/magnesium-en\\\/iconfit-magneesium-b6-90caps\\\/\",\"url\":\"https:\\\/\\\/fit360.ee\\\/en\\\/pood\\\/product-groups\\\/vitamins-and-minerals-en\\\/magnesium-en\\\/iconfit-magneesium-b6-90caps\\\/\",\"name\":\"ICONFIT Magneesium B6 (90caps) - Kiire Tarne - Fit360\",\"isPartOf\":{\"@id\":\"https:\\\/\\\/fit360.ee\\\/en\\\/#website\"},\"primaryImageOfPage\":{\"@id\":\"https:\\\/\\\/fit360.ee\\\/en\\\/pood\\\/product-groups\\\/vitamins-and-minerals-en\\\/magnesium-en\\\/iconfit-magneesium-b6-90caps\\\/#primaryimage\"},\"image\":{\"@id\":\"https:\\\/\\\/fit360.ee\\\/en\\\/pood\\\/product-groups\\\/vitamins-and-minerals-en\\\/magnesium-en\\\/iconfit-magneesium-b6-90caps\\\/#primaryimage\"},\"thumbnailUrl\":\"https:\\\/\\\/fit360.ee\\\/wp-content\\\/uploads\\\/2022\\\/11\\\/iconfit-magneesium-b6-fit360.ee_.jpg\",\"datePublished\":\"2022-11-13T10:44:28+00:00\",\"dateModified\":\"2026-04-10T12:56:39+00:00\",\"description\":\"ICONFIT Magneesium B6 kapslid\u00a0n\u00e4rvis\u00fcsteemi normaalse toimimise ja ps\u00fchholoogiliste funktsioonide jaoks. Magneesium koos B6-vitamiiniga aitab...\",\"breadcrumb\":{\"@id\":\"https:\\\/\\\/fit360.ee\\\/en\\\/pood\\\/product-groups\\\/vitamins-and-minerals-en\\\/magnesium-en\\\/iconfit-magneesium-b6-90caps\\\/#breadcrumb\"},\"inLanguage\":\"en-US\",\"potentialAction\":[{\"@type\":\"ReadAction\",\"target\":[\"https:\\\/\\\/fit360.ee\\\/en\\\/pood\\\/product-groups\\\/vitamins-and-minerals-en\\\/magnesium-en\\\/iconfit-magneesium-b6-90caps\\\/\"]}]},{\"@type\":\"ImageObject\",\"inLanguage\":\"en-US\",\"@id\":\"https:\\\/\\\/fit360.ee\\\/en\\\/pood\\\/product-groups\\\/vitamins-and-minerals-en\\\/magnesium-en\\\/iconfit-magneesium-b6-90caps\\\/#primaryimage\",\"url\":\"https:\\\/\\\/fit360.ee\\\/wp-content\\\/uploads\\\/2022\\\/11\\\/iconfit-magneesium-b6-fit360.ee_.jpg\",\"contentUrl\":\"https:\\\/\\\/fit360.ee\\\/wp-content\\\/uploads\\\/2022\\\/11\\\/iconfit-magneesium-b6-fit360.ee_.jpg\",\"width\":669,\"height\":669,\"caption\":\"iconfit magneesium b6 - fit360.ee\"},{\"@type\":\"BreadcrumbList\",\"@id\":\"https:\\\/\\\/fit360.ee\\\/en\\\/pood\\\/product-groups\\\/vitamins-and-minerals-en\\\/magnesium-en\\\/iconfit-magneesium-b6-90caps\\\/#breadcrumb\",\"itemListElement\":[{\"@type\":\"ListItem\",\"position\":1,\"name\":\"Home\",\"item\":\"https:\\\/\\\/fit360.ee\\\/en\\\/\"},{\"@type\":\"ListItem\",\"position\":2,\"name\":\"Shop\",\"item\":\"https:\\\/\\\/fit360.ee\\\/en\\\/shop\\\/\"},{\"@type\":\"ListItem\",\"position\":3,\"name\":\"ICONFIT Magneesium B6 (90caps)\"}]},{\"@type\":\"WebSite\",\"@id\":\"https:\\\/\\\/fit360.ee\\\/en\\\/#website\",\"url\":\"https:\\\/\\\/fit360.ee\\\/en\\\/\",\"name\":\"Fit360\",\"description\":\"\",\"publisher\":{\"@id\":\"https:\\\/\\\/fit360.ee\\\/en\\\/#organization\"},\"potentialAction\":[{\"@type\":\"SearchAction\",\"target\":{\"@type\":\"EntryPoint\",\"urlTemplate\":\"https:\\\/\\\/fit360.ee\\\/en\\\/?s={search_term_string}\"},\"query-input\":{\"@type\":\"PropertyValueSpecification\",\"valueRequired\":true,\"valueName\":\"search_term_string\"}}],\"inLanguage\":\"en-US\"},{\"@type\":\"Organization\",\"@id\":\"https:\\\/\\\/fit360.ee\\\/en\\\/#organization\",\"name\":\"Fit360\",\"url\":\"https:\\\/\\\/fit360.ee\\\/en\\\/\",\"logo\":{\"@type\":\"ImageObject\",\"inLanguage\":\"en-US\",\"@id\":\"https:\\\/\\\/fit360.ee\\\/en\\\/#\\\/schema\\\/logo\\\/image\\\/\",\"url\":\"https:\\\/\\\/fit360.ee\\\/wp-content\\\/uploads\\\/2017\\\/01\\\/logo-fit360.png\",\"contentUrl\":\"https:\\\/\\\/fit360.ee\\\/wp-content\\\/uploads\\\/2017\\\/01\\\/logo-fit360.png\",\"width\":180,\"height\":66,\"caption\":\"Fit360\"},\"image\":{\"@id\":\"https:\\\/\\\/fit360.ee\\\/en\\\/#\\\/schema\\\/logo\\\/image\\\/\"}}]}<\/script>\n<!-- \/ Yoast SEO plugin. -->","yoast_head_json":{"title":"ICONFIT Magneesium B6 (90caps) - Kiire Tarne - Fit360","description":"ICONFIT Magneesium B6 kapslid\u00a0n\u00e4rvis\u00fcsteemi normaalse toimimise ja ps\u00fchholoogiliste funktsioonide jaoks. Magneesium koos B6-vitamiiniga aitab...","robots":{"index":"index","follow":"follow","max-snippet":"max-snippet:-1","max-image-preview":"max-image-preview:large","max-video-preview":"max-video-preview:-1"},"canonical":"https:\/\/fit360.ee\/en\/pood\/product-groups\/vitamins-and-minerals-en\/magnesium-en\/iconfit-magneesium-b6-90caps\/","og_locale":"en_US","og_type":"article","og_title":"ICONFIT Magneesium B6 (90caps) - Kiire Tarne - Fit360","og_description":"ICONFIT Magneesium B6 kapslid\u00a0n\u00e4rvis\u00fcsteemi normaalse toimimise ja ps\u00fchholoogiliste funktsioonide jaoks. Magneesium koos B6-vitamiiniga aitab...","og_url":"https:\/\/fit360.ee\/en\/pood\/product-groups\/vitamins-and-minerals-en\/magnesium-en\/iconfit-magneesium-b6-90caps\/","og_site_name":"Fit360","article_modified_time":"2026-04-10T12:56:39+00:00","og_image":[{"width":669,"height":669,"url":"https:\/\/fit360.ee\/wp-content\/uploads\/2022\/11\/iconfit-magneesium-b6-fit360.ee_.jpg","type":"image\/jpeg"}],"twitter_card":"summary_large_image","twitter_misc":{"Est. reading time":"3 minutes"},"schema":{"@context":"https:\/\/schema.org","@graph":[{"@type":"WebPage","@id":"https:\/\/fit360.ee\/en\/pood\/product-groups\/vitamins-and-minerals-en\/magnesium-en\/iconfit-magneesium-b6-90caps\/","url":"https:\/\/fit360.ee\/en\/pood\/product-groups\/vitamins-and-minerals-en\/magnesium-en\/iconfit-magneesium-b6-90caps\/","name":"ICONFIT Magneesium B6 (90caps) - Kiire Tarne - Fit360","isPartOf":{"@id":"https:\/\/fit360.ee\/en\/#website"},"primaryImageOfPage":{"@id":"https:\/\/fit360.ee\/en\/pood\/product-groups\/vitamins-and-minerals-en\/magnesium-en\/iconfit-magneesium-b6-90caps\/#primaryimage"},"image":{"@id":"https:\/\/fit360.ee\/en\/pood\/product-groups\/vitamins-and-minerals-en\/magnesium-en\/iconfit-magneesium-b6-90caps\/#primaryimage"},"thumbnailUrl":"https:\/\/fit360.ee\/wp-content\/uploads\/2022\/11\/iconfit-magneesium-b6-fit360.ee_.jpg","datePublished":"2022-11-13T10:44:28+00:00","dateModified":"2026-04-10T12:56:39+00:00","description":"ICONFIT Magneesium B6 kapslid\u00a0n\u00e4rvis\u00fcsteemi normaalse toimimise ja ps\u00fchholoogiliste funktsioonide jaoks. Magneesium koos B6-vitamiiniga aitab...","breadcrumb":{"@id":"https:\/\/fit360.ee\/en\/pood\/product-groups\/vitamins-and-minerals-en\/magnesium-en\/iconfit-magneesium-b6-90caps\/#breadcrumb"},"inLanguage":"en-US","potentialAction":[{"@type":"ReadAction","target":["https:\/\/fit360.ee\/en\/pood\/product-groups\/vitamins-and-minerals-en\/magnesium-en\/iconfit-magneesium-b6-90caps\/"]}]},{"@type":"ImageObject","inLanguage":"en-US","@id":"https:\/\/fit360.ee\/en\/pood\/product-groups\/vitamins-and-minerals-en\/magnesium-en\/iconfit-magneesium-b6-90caps\/#primaryimage","url":"https:\/\/fit360.ee\/wp-content\/uploads\/2022\/11\/iconfit-magneesium-b6-fit360.ee_.jpg","contentUrl":"https:\/\/fit360.ee\/wp-content\/uploads\/2022\/11\/iconfit-magneesium-b6-fit360.ee_.jpg","width":669,"height":669,"caption":"iconfit magneesium b6 - fit360.ee"},{"@type":"BreadcrumbList","@id":"https:\/\/fit360.ee\/en\/pood\/product-groups\/vitamins-and-minerals-en\/magnesium-en\/iconfit-magneesium-b6-90caps\/#breadcrumb","itemListElement":[{"@type":"ListItem","position":1,"name":"Home","item":"https:\/\/fit360.ee\/en\/"},{"@type":"ListItem","position":2,"name":"Shop","item":"https:\/\/fit360.ee\/en\/shop\/"},{"@type":"ListItem","position":3,"name":"ICONFIT Magneesium B6 (90caps)"}]},{"@type":"WebSite","@id":"https:\/\/fit360.ee\/en\/#website","url":"https:\/\/fit360.ee\/en\/","name":"Fit360","description":"","publisher":{"@id":"https:\/\/fit360.ee\/en\/#organization"},"potentialAction":[{"@type":"SearchAction","target":{"@type":"EntryPoint","urlTemplate":"https:\/\/fit360.ee\/en\/?s={search_term_string}"},"query-input":{"@type":"PropertyValueSpecification","valueRequired":true,"valueName":"search_term_string"}}],"inLanguage":"en-US"},{"@type":"Organization","@id":"https:\/\/fit360.ee\/en\/#organization","name":"Fit360","url":"https:\/\/fit360.ee\/en\/","logo":{"@type":"ImageObject","inLanguage":"en-US","@id":"https:\/\/fit360.ee\/en\/#\/schema\/logo\/image\/","url":"https:\/\/fit360.ee\/wp-content\/uploads\/2017\/01\/logo-fit360.png","contentUrl":"https:\/\/fit360.ee\/wp-content\/uploads\/2017\/01\/logo-fit360.png","width":180,"height":66,"caption":"Fit360"},"image":{"@id":"https:\/\/fit360.ee\/en\/#\/schema\/logo\/image\/"}}]}},"_links":{"self":[{"href":"https:\/\/fit360.ee\/en\/wp-json\/wp\/v2\/product\/66334","targetHints":{"allow":["GET"]}}],"collection":[{"href":"https:\/\/fit360.ee\/en\/wp-json\/wp\/v2\/product"}],"about":[{"href":"https:\/\/fit360.ee\/en\/wp-json\/wp\/v2\/types\/product"}],"replies":[{"embeddable":true,"href":"https:\/\/fit360.ee\/en\/wp-json\/wp\/v2\/comments?post=66334"}],"wp:featuredmedia":[{"embeddable":true,"href":"https:\/\/fit360.ee\/en\/wp-json\/wp\/v2\/media\/66333"}],"wp:attachment":[{"href":"https:\/\/fit360.ee\/en\/wp-json\/wp\/v2\/media?parent=66334"}],"wp:term":[{"taxonomy":"product_brand","embeddable":true,"href":"https:\/\/fit360.ee\/en\/wp-json\/wp\/v2\/product_brand?post=66334"},{"taxonomy":"product_cat","embeddable":true,"href":"https:\/\/fit360.ee\/en\/wp-json\/wp\/v2\/product_cat?post=66334"},{"taxonomy":"product_tag","embeddable":true,"href":"https:\/\/fit360.ee\/en\/wp-json\/wp\/v2\/product_tag?post=66334"},{"taxonomy":"giftcard-category","embeddable":true,"href":"https:\/\/fit360.ee\/en\/wp-json\/wp\/v2\/giftcard-category?post=66334"}],"curies":[{"name":"wp","href":"https:\/\/api.w.org\/{rel}","templated":true}]}}