{"id":66338,"date":"2022-11-13T12:55:32","date_gmt":"2022-11-13T10:55:32","guid":{"rendered":"https:\/\/fit360.ee\/pood\/uncategorized\/iconfit-vitamin-c-90caps\/"},"modified":"2026-02-23T17:05:22","modified_gmt":"2026-02-23T15:05:22","slug":"iconfit-vitamin-c-90caps","status":"publish","type":"product","link":"https:\/\/fit360.ee\/en\/pood\/product-groups\/vitamins-and-minerals-en\/c-vitamin-en\/iconfit-vitamin-c-90caps\/","title":{"rendered":"ICONFIT Vitamin C (90caps)"},"content":{"rendered":"<h1><strong>ICONFIT Vitamin C<\/strong><\/h1>\n<div id=\"shopify-section-template--19447604216142__main\" class=\"shopify-section product--section section--canonical\">\n<section class=\"product--container\" data-product-wrapper=\"\">\n<div class=\"product-readmore rte\" data-product-readmore=\"\">\n<div class=\" grouped-content grouped-content-layout-tabs\">\n<p><strong>ICONFIT Vitamin C<\/strong>\u00a0toetab immuuns\u00fcsteemi ja aitab v\u00e4hendada v\u00e4simust ja kurnatust. Aitab kaasa n\u00e4rvis\u00fcsteemi normaalsele toimimisele, normaalsele energiavahetusele ja aitab kaitsta rakke oks\u00fcdatiivse stressi eest. Samuti toetab sidekoe moodustumist nahas ja luudes. On oluline tervete hammaste ja igemete jaoks. Kuna meie organism ei tooda C-vitamiini ise, tuleb seda saada toidust v\u00f5i v\u00f5tta C-vitamiini toidulisandeid.<\/p>\n<p>See toidulisand tagab t\u00e4nu oma\u00a0<strong>mittehappelise ja \u00f5rna koostisega<\/strong> h\u00f5lpsa seedimise ja v\u00e4hendab seedetrakti \u00e4rritust. ICONFITi kapslid ei sisalda kunstlikke lisandeid, kemikaale, s\u00e4ilitusaineid ega v\u00e4rvaineid ning on GMO-vabad.<\/p>\n<\/div>\n<\/div>\n<\/section>\n<\/div>\n<ul>\n<li>ICONFIT Vitamin C aitab v\u00e4hendada v\u00e4simust ja kurnatust.<\/li>\n<li>Toetab immuuns\u00fcsteemi ja organismi elut\u00e4htsaid funktsioone.<\/li>\n<li>Aitab kaasa normaalsele energiavahetusele, n\u00e4rvis\u00fcsteemi talitlusele ning ps\u00fchholoogilistele funktsioonidele.<\/li>\n<li>C-vitamiin aitab kaasa kollageeni normaalsele moodustumisele luude, veresoonte, k\u00f5hrede, naha, igemete ja hammaste normaalseks toimimiseks.<\/li>\n<li><strong>Purgis 45 p\u00e4eva kogus. Vaid 2 kapslit p\u00e4evas!<\/strong><\/li>\n<\/ul>\n<p><strong>ICONFIT C-vitamiin<\/strong>\u00a0on meie organismi jaoks \u00fcheks t\u00e4htsaimaks vitamiiniks. See toetab immuuns\u00fcsteemi ja aitab v\u00e4hendada v\u00e4simust ja kurnatust. Aitab kaasa n\u00e4rvis\u00fcsteemi normaalsele toimimisele, normaalsele energiavahetusele ja aitab kaitsta rakke oks\u00fcdatiivse stressi eest. Samuti toetab sidekoe moodustumist nahas ja luudes. On oluline tervete hammaste ja igemete jaoks. Kuna meie organism ei tooda C-vitamiini ise, tuleb seda saada toidust v\u00f5i v\u00f5tta C-vitamiini toidulisandeid.<\/p>\n<div id=\"shopify-section-template--16664184094938__16421708100ea30a66\" class=\"shopify-section image-with-text--section pxu-lia-section--play\">\n<section class=\"image-with-text image-with-text--desktop-height-natural image-with-text--mobile-height-natural image-with-text--desktop-image-alignment-left image-with-text--mobile-image-alignment-top home-section--content no-section-heading pxu-lia-block pxu-lia-block--play\" data-section-id=\"template--16664184094938__16421708100ea30a66\">\n<div class=\"image-with-text__container\">\n<div class=\"image-with-text__image-wrapper\"><img decoding=\"async\" class=\"image-with-text__image\" style=\"box-sizing: inherit; -webkit-font-smoothing: antialiased; text-size-adjust: none; -webkit-tap-highlight-color: rgba(0, 0, 0, 0); border-style: none; transition: opacity 0.2s cubic-bezier(0.4, 0, 1, 1) 0s; opacity: 1; width: 649.5px; object-fit: cover; height: auto;\" src=\"https:\/\/cdn.shopify.com\/s\/files\/1\/0627\/7467\/3626\/files\/210927_Iconfit_Oti_juures7052_1500x999_crop_center.jpg?v=1643728686\" srcset=\"\/\/cdn.shopify.com\/s\/files\/1\/0627\/7467\/3626\/files\/210927_Iconfit_Oti_juures7052_650x433_crop_center.jpg?v=1643728686 1.00x\" alt=\"ICONFIT Kvaliteet &amp; Hoolimine\" data-rimg=\"loaded\" data-rimg-scale=\"1\" data-rimg-template=\"\/\/cdn.shopify.com\/s\/files\/1\/0627\/7467\/3626\/files\/210927_Iconfit_Oti_juures7052_{size}_crop_center.jpg?v=1643728686\" data-rimg-max=\"2048x1363\" data-rimg-crop=\"center\" data-ly-processed=\"1668336406978\" data-rimg-template-svg=\"data:image\/svg+xml;utf8,&lt;svg%20xmlns='http:\/\/www.w3.org\/2000\/svg'%20width='1500'%20height='999'&gt;&lt;\/svg&gt;\" \/><\/div>\n<div class=\"image-with-text__content\">\n<div class=\"image-with-text__content-wrapper image-with-text-text-alignment-left \">\n<h4 class=\"image-with-text__heading pxu-lia-element\"><strong>ICONFIT Kvaliteet &amp; Hoolimine<\/strong><\/h4>\n<div class=\"image-with-text__text pxu-lia-element\">\n<p>ICONFITi tooted on Eestis v\u00e4lja t\u00f6\u00f6tatud ja ning p\u00f5hinevad k\u00f5rgeimatel Euroopa kvaliteedistandarditel. Arendame oma tooteid koos toitumisspetsialistide, sportlaste ja toidutehnoloogidega.<\/p>\n<p>ICONFITi tooted ei sisalda ebavajalikke kunstlikke stabilisaatoreid, v\u00e4rvaineid ega s\u00e4ilitusaineid. Meie kliendid tulevad ikka ja j\u00e4lle tagasi t\u00e4nu meie kvaliteedile, puhtusele ja headele maitsetele.<\/p>\n<p><strong>KOOSTISOSAD:<\/strong> C-vitamiin (kaltsium-L-askorbaat), riisijahu, taimne kapsel (glaseeraine pullulaan).<\/p>\n<p><strong>Kasutamine<\/strong>: 2 kapslit p\u00e4evas koos klaasi veega.. Toidulisand ei asenda tervislikku elustiili ning mitmekesist ja tasakaalustatud toitumist. \u00c4rge \u00fcletage soovitatud annust. Hoida lastele k\u00e4ttesaamatus kohas. Hoida originaalpakendis toatemperatuuril, niiskuse ja otsese p\u00e4ikesevalguse eest kaitstult.<\/p>\n<p><strong>Suurus<\/strong>: 90 kapslit &#8211; 45 serveeringut.<\/p>\n<table width=\"100%\">\n<thead>\n<tr>\n<th align=\"left\"><strong>P\u00c4EVALINE ANNUS:<\/strong><\/th>\n<th align=\"left\">2 kapslit<\/th>\n<th align=\"left\">%SPK*<\/th>\n<\/tr>\n<\/thead>\n<tbody>\n<tr>\n<td align=\"left\">C-vitamiin<\/td>\n<td align=\"left\">800 mg<\/td>\n<td align=\"left\">1000%<\/td>\n<\/tr>\n<\/tbody>\n<\/table>\n<p>*protsent p\u00e4evasest v\u00e4\u00e4rtusest t\u00e4iskasvanutele<br \/>\nVaata ka meie Teisi Vitamiine\/Mineraale <a href=\"https:\/\/fit360.ee\/en\/product-category\/product-groups\/vitamins-and-minerals-en\/\"><strong>SIIT<\/strong><\/a> v\u00f5i Vitamiin C tooteid <a href=\"https:\/\/fit360.ee\/en\/product-category\/product-groups\/vitamins-and-minerals-en\/c-vitamin-en\/\"><strong>SIIT<\/strong><\/a>!<\/p>\n<p>Soovid teha suuremat tellimust? Vaata antud toodet meie HULGI lehelt\u00a0<a href=\"https:\/\/toidulisandidhulgi.ee\/product\/iconfit-vitamin-c-90caps\/\"><strong>SIIT<\/strong><\/a>!<\/p>\n<\/div>\n<\/div>\n<\/div>\n<\/div>\n<\/section>\n<\/div>\n","protected":false},"excerpt":{"rendered":"<p><strong>ICONFIT C-vitamiin 800mg loodusliku astelpajuga<\/strong>, mis toetab immuuns\u00fcsteemi, aidates ennetada v\u00f5i leevendada k\u00fclmetushaigusi. C-vitamiin aitab v\u00e4hendada v\u00e4simust ja kurnatust. Lisaks on see oluline kollageeni moodustamisel ja vajalik komponent raua imendumisel. Meie vitamiinikapslid on valmistatud Eestis ainult k\u00f5rgeima kvaliteediga taimsetest pullulaan kapslitest.<\/p>\n<ul>\n<li>C-vitamiin aitab v\u00e4hendada v\u00e4simust ja kurnatust.<\/li>\n<li>Toetab immuuns\u00fcsteemi ja organismi elut\u00e4htsaid funktsioone.<\/li>\n<li>Aitab kaasa normaalsele energiavahetusele, n\u00e4rvis\u00fcsteemi talitlusele ning ps\u00fchholoogilistele funktsioonidele.<\/li>\n<li>C-vitamiin aitab kaasa kollageeni normaalsele moodustumisele luude, veresoonte, k\u00f5hrede, naha, igemete ja hammaste normaalseks toimimiseks.<\/li>\n<li><strong>Purgis 45 p\u00e4eva kogus. Vaid 2 kapslit p\u00e4evas!<\/strong><\/li>\n<\/ul>\n","protected":false},"featured_media":66337,"comment_status":"closed","ping_status":"closed","template":"","meta":[],"product_brand":[],"product_cat":[5311,1911,5320,1318,536],"product_tag":[2177,1681,4044,2178],"giftcard-category":[],"class_list":{"0":"post-66338","1":"product","2":"type-product","3":"status-publish","4":"has-post-thumbnail","6":"product_cat-antioxidants-en","7":"product_cat-c-vitamin-en","8":"product_cat-for-immunity-en","9":"product_cat-iconfit-en","10":"product_cat-vitamins-and-minerals-en","11":"product_tag-c-vitamiin-en","12":"product_tag-iconfit-en","13":"product_tag-iconfit-vitamin-c-en","14":"product_tag-vitamiin-c-en","15":"pa_kogus-90-capsules","16":"pa_toidulisand-branddd-iconfit","17":"pa_tootegruppp-antioksudandid-en","18":"pa_tootegruppp-c-vitamiin-en","19":"pa_tootegruppp-immuunsusteem-en","20":"pa_tootegruppp-vitamins-and-minerals","22":"first","23":"instock","24":"sale","25":"taxable","26":"shipping-taxable","27":"purchasable","28":"product-type-simple"},"yoast_head":"<!-- This site is optimized with the Yoast SEO plugin v27.3 - https:\/\/yoast.com\/product\/yoast-seo-wordpress\/ -->\n<title>ICONFIT Vitamin C (90caps) - C Vitamiin - Kiire Tarne - Fit360<\/title>\n<meta name=\"description\" content=\"ICONFIT Vitamin C 800mg loodusliku astelpajuga, mis toetab immuuns\u00fcsteemi, aidates ennetada v\u00f5i leevendada k\u00fclmetushaigusi. C-vitamiin aitab ...\" \/>\n<meta name=\"robots\" content=\"index, follow, max-snippet:-1, max-image-preview:large, max-video-preview:-1\" \/>\n<link rel=\"canonical\" href=\"https:\/\/fit360.ee\/en\/pood\/product-groups\/vitamins-and-minerals-en\/c-vitamin-en\/iconfit-vitamin-c-90caps\/\" \/>\n<meta property=\"og:locale\" content=\"en_US\" \/>\n<meta property=\"og:type\" content=\"article\" \/>\n<meta property=\"og:title\" content=\"ICONFIT Vitamin C (90caps) - C Vitamiin - Kiire Tarne - Fit360\" \/>\n<meta property=\"og:description\" content=\"ICONFIT Vitamin C 800mg loodusliku astelpajuga, mis toetab immuuns\u00fcsteemi, aidates ennetada v\u00f5i leevendada k\u00fclmetushaigusi. C-vitamiin aitab ...\" \/>\n<meta property=\"og:url\" content=\"https:\/\/fit360.ee\/en\/pood\/product-groups\/vitamins-and-minerals-en\/c-vitamin-en\/iconfit-vitamin-c-90caps\/\" \/>\n<meta property=\"og:site_name\" content=\"Fit360\" \/>\n<meta property=\"article:modified_time\" content=\"2026-02-23T15:05:22+00:00\" \/>\n<meta property=\"og:image\" content=\"https:\/\/fit360.ee\/wp-content\/uploads\/2022\/11\/iconfit-vitamin-c-fit360.ee_.jpg\" \/>\n\t<meta property=\"og:image:width\" content=\"669\" \/>\n\t<meta property=\"og:image:height\" content=\"669\" \/>\n\t<meta property=\"og:image:type\" content=\"image\/jpeg\" \/>\n<meta name=\"twitter:card\" content=\"summary_large_image\" \/>\n<meta name=\"twitter:label1\" content=\"Est. reading time\" \/>\n\t<meta name=\"twitter:data1\" content=\"3 minutes\" \/>\n<script type=\"application\/ld+json\" class=\"yoast-schema-graph\">{\"@context\":\"https:\\\/\\\/schema.org\",\"@graph\":[{\"@type\":\"WebPage\",\"@id\":\"https:\\\/\\\/fit360.ee\\\/en\\\/pood\\\/product-groups\\\/vitamins-and-minerals-en\\\/c-vitamin-en\\\/iconfit-vitamin-c-90caps\\\/\",\"url\":\"https:\\\/\\\/fit360.ee\\\/en\\\/pood\\\/product-groups\\\/vitamins-and-minerals-en\\\/c-vitamin-en\\\/iconfit-vitamin-c-90caps\\\/\",\"name\":\"ICONFIT Vitamin C (90caps) - C Vitamiin - Kiire Tarne - Fit360\",\"isPartOf\":{\"@id\":\"https:\\\/\\\/fit360.ee\\\/en\\\/#website\"},\"primaryImageOfPage\":{\"@id\":\"https:\\\/\\\/fit360.ee\\\/en\\\/pood\\\/product-groups\\\/vitamins-and-minerals-en\\\/c-vitamin-en\\\/iconfit-vitamin-c-90caps\\\/#primaryimage\"},\"image\":{\"@id\":\"https:\\\/\\\/fit360.ee\\\/en\\\/pood\\\/product-groups\\\/vitamins-and-minerals-en\\\/c-vitamin-en\\\/iconfit-vitamin-c-90caps\\\/#primaryimage\"},\"thumbnailUrl\":\"https:\\\/\\\/fit360.ee\\\/wp-content\\\/uploads\\\/2022\\\/11\\\/iconfit-vitamin-c-fit360.ee_.jpg\",\"datePublished\":\"2022-11-13T10:55:32+00:00\",\"dateModified\":\"2026-02-23T15:05:22+00:00\",\"description\":\"ICONFIT Vitamin C 800mg loodusliku astelpajuga, mis toetab immuuns\u00fcsteemi, aidates ennetada v\u00f5i leevendada k\u00fclmetushaigusi. C-vitamiin aitab ...\",\"breadcrumb\":{\"@id\":\"https:\\\/\\\/fit360.ee\\\/en\\\/pood\\\/product-groups\\\/vitamins-and-minerals-en\\\/c-vitamin-en\\\/iconfit-vitamin-c-90caps\\\/#breadcrumb\"},\"inLanguage\":\"en-US\",\"potentialAction\":[{\"@type\":\"ReadAction\",\"target\":[\"https:\\\/\\\/fit360.ee\\\/en\\\/pood\\\/product-groups\\\/vitamins-and-minerals-en\\\/c-vitamin-en\\\/iconfit-vitamin-c-90caps\\\/\"]}]},{\"@type\":\"ImageObject\",\"inLanguage\":\"en-US\",\"@id\":\"https:\\\/\\\/fit360.ee\\\/en\\\/pood\\\/product-groups\\\/vitamins-and-minerals-en\\\/c-vitamin-en\\\/iconfit-vitamin-c-90caps\\\/#primaryimage\",\"url\":\"https:\\\/\\\/fit360.ee\\\/wp-content\\\/uploads\\\/2022\\\/11\\\/iconfit-vitamin-c-fit360.ee_.jpg\",\"contentUrl\":\"https:\\\/\\\/fit360.ee\\\/wp-content\\\/uploads\\\/2022\\\/11\\\/iconfit-vitamin-c-fit360.ee_.jpg\",\"width\":669,\"height\":669,\"caption\":\"iconfit vitamin c - fit360.ee\"},{\"@type\":\"BreadcrumbList\",\"@id\":\"https:\\\/\\\/fit360.ee\\\/en\\\/pood\\\/product-groups\\\/vitamins-and-minerals-en\\\/c-vitamin-en\\\/iconfit-vitamin-c-90caps\\\/#breadcrumb\",\"itemListElement\":[{\"@type\":\"ListItem\",\"position\":1,\"name\":\"Home\",\"item\":\"https:\\\/\\\/fit360.ee\\\/en\\\/\"},{\"@type\":\"ListItem\",\"position\":2,\"name\":\"Shop\",\"item\":\"https:\\\/\\\/fit360.ee\\\/en\\\/shop\\\/\"},{\"@type\":\"ListItem\",\"position\":3,\"name\":\"ICONFIT Vitamin C (90caps)\"}]},{\"@type\":\"WebSite\",\"@id\":\"https:\\\/\\\/fit360.ee\\\/en\\\/#website\",\"url\":\"https:\\\/\\\/fit360.ee\\\/en\\\/\",\"name\":\"Fit360\",\"description\":\"\",\"publisher\":{\"@id\":\"https:\\\/\\\/fit360.ee\\\/en\\\/#organization\"},\"potentialAction\":[{\"@type\":\"SearchAction\",\"target\":{\"@type\":\"EntryPoint\",\"urlTemplate\":\"https:\\\/\\\/fit360.ee\\\/en\\\/?s={search_term_string}\"},\"query-input\":{\"@type\":\"PropertyValueSpecification\",\"valueRequired\":true,\"valueName\":\"search_term_string\"}}],\"inLanguage\":\"en-US\"},{\"@type\":\"Organization\",\"@id\":\"https:\\\/\\\/fit360.ee\\\/en\\\/#organization\",\"name\":\"Fit360\",\"url\":\"https:\\\/\\\/fit360.ee\\\/en\\\/\",\"logo\":{\"@type\":\"ImageObject\",\"inLanguage\":\"en-US\",\"@id\":\"https:\\\/\\\/fit360.ee\\\/en\\\/#\\\/schema\\\/logo\\\/image\\\/\",\"url\":\"https:\\\/\\\/fit360.ee\\\/wp-content\\\/uploads\\\/2017\\\/01\\\/logo-fit360.png\",\"contentUrl\":\"https:\\\/\\\/fit360.ee\\\/wp-content\\\/uploads\\\/2017\\\/01\\\/logo-fit360.png\",\"width\":180,\"height\":66,\"caption\":\"Fit360\"},\"image\":{\"@id\":\"https:\\\/\\\/fit360.ee\\\/en\\\/#\\\/schema\\\/logo\\\/image\\\/\"}}]}<\/script>\n<!-- \/ Yoast SEO plugin. -->","yoast_head_json":{"title":"ICONFIT Vitamin C (90caps) - C Vitamiin - Kiire Tarne - Fit360","description":"ICONFIT Vitamin C 800mg loodusliku astelpajuga, mis toetab immuuns\u00fcsteemi, aidates ennetada v\u00f5i leevendada k\u00fclmetushaigusi. C-vitamiin aitab ...","robots":{"index":"index","follow":"follow","max-snippet":"max-snippet:-1","max-image-preview":"max-image-preview:large","max-video-preview":"max-video-preview:-1"},"canonical":"https:\/\/fit360.ee\/en\/pood\/product-groups\/vitamins-and-minerals-en\/c-vitamin-en\/iconfit-vitamin-c-90caps\/","og_locale":"en_US","og_type":"article","og_title":"ICONFIT Vitamin C (90caps) - C Vitamiin - Kiire Tarne - Fit360","og_description":"ICONFIT Vitamin C 800mg loodusliku astelpajuga, mis toetab immuuns\u00fcsteemi, aidates ennetada v\u00f5i leevendada k\u00fclmetushaigusi. C-vitamiin aitab ...","og_url":"https:\/\/fit360.ee\/en\/pood\/product-groups\/vitamins-and-minerals-en\/c-vitamin-en\/iconfit-vitamin-c-90caps\/","og_site_name":"Fit360","article_modified_time":"2026-02-23T15:05:22+00:00","og_image":[{"width":669,"height":669,"url":"https:\/\/fit360.ee\/wp-content\/uploads\/2022\/11\/iconfit-vitamin-c-fit360.ee_.jpg","type":"image\/jpeg"}],"twitter_card":"summary_large_image","twitter_misc":{"Est. reading time":"3 minutes"},"schema":{"@context":"https:\/\/schema.org","@graph":[{"@type":"WebPage","@id":"https:\/\/fit360.ee\/en\/pood\/product-groups\/vitamins-and-minerals-en\/c-vitamin-en\/iconfit-vitamin-c-90caps\/","url":"https:\/\/fit360.ee\/en\/pood\/product-groups\/vitamins-and-minerals-en\/c-vitamin-en\/iconfit-vitamin-c-90caps\/","name":"ICONFIT Vitamin C (90caps) - C Vitamiin - Kiire Tarne - Fit360","isPartOf":{"@id":"https:\/\/fit360.ee\/en\/#website"},"primaryImageOfPage":{"@id":"https:\/\/fit360.ee\/en\/pood\/product-groups\/vitamins-and-minerals-en\/c-vitamin-en\/iconfit-vitamin-c-90caps\/#primaryimage"},"image":{"@id":"https:\/\/fit360.ee\/en\/pood\/product-groups\/vitamins-and-minerals-en\/c-vitamin-en\/iconfit-vitamin-c-90caps\/#primaryimage"},"thumbnailUrl":"https:\/\/fit360.ee\/wp-content\/uploads\/2022\/11\/iconfit-vitamin-c-fit360.ee_.jpg","datePublished":"2022-11-13T10:55:32+00:00","dateModified":"2026-02-23T15:05:22+00:00","description":"ICONFIT Vitamin C 800mg loodusliku astelpajuga, mis toetab immuuns\u00fcsteemi, aidates ennetada v\u00f5i leevendada k\u00fclmetushaigusi. C-vitamiin aitab ...","breadcrumb":{"@id":"https:\/\/fit360.ee\/en\/pood\/product-groups\/vitamins-and-minerals-en\/c-vitamin-en\/iconfit-vitamin-c-90caps\/#breadcrumb"},"inLanguage":"en-US","potentialAction":[{"@type":"ReadAction","target":["https:\/\/fit360.ee\/en\/pood\/product-groups\/vitamins-and-minerals-en\/c-vitamin-en\/iconfit-vitamin-c-90caps\/"]}]},{"@type":"ImageObject","inLanguage":"en-US","@id":"https:\/\/fit360.ee\/en\/pood\/product-groups\/vitamins-and-minerals-en\/c-vitamin-en\/iconfit-vitamin-c-90caps\/#primaryimage","url":"https:\/\/fit360.ee\/wp-content\/uploads\/2022\/11\/iconfit-vitamin-c-fit360.ee_.jpg","contentUrl":"https:\/\/fit360.ee\/wp-content\/uploads\/2022\/11\/iconfit-vitamin-c-fit360.ee_.jpg","width":669,"height":669,"caption":"iconfit vitamin c - fit360.ee"},{"@type":"BreadcrumbList","@id":"https:\/\/fit360.ee\/en\/pood\/product-groups\/vitamins-and-minerals-en\/c-vitamin-en\/iconfit-vitamin-c-90caps\/#breadcrumb","itemListElement":[{"@type":"ListItem","position":1,"name":"Home","item":"https:\/\/fit360.ee\/en\/"},{"@type":"ListItem","position":2,"name":"Shop","item":"https:\/\/fit360.ee\/en\/shop\/"},{"@type":"ListItem","position":3,"name":"ICONFIT Vitamin C (90caps)"}]},{"@type":"WebSite","@id":"https:\/\/fit360.ee\/en\/#website","url":"https:\/\/fit360.ee\/en\/","name":"Fit360","description":"","publisher":{"@id":"https:\/\/fit360.ee\/en\/#organization"},"potentialAction":[{"@type":"SearchAction","target":{"@type":"EntryPoint","urlTemplate":"https:\/\/fit360.ee\/en\/?s={search_term_string}"},"query-input":{"@type":"PropertyValueSpecification","valueRequired":true,"valueName":"search_term_string"}}],"inLanguage":"en-US"},{"@type":"Organization","@id":"https:\/\/fit360.ee\/en\/#organization","name":"Fit360","url":"https:\/\/fit360.ee\/en\/","logo":{"@type":"ImageObject","inLanguage":"en-US","@id":"https:\/\/fit360.ee\/en\/#\/schema\/logo\/image\/","url":"https:\/\/fit360.ee\/wp-content\/uploads\/2017\/01\/logo-fit360.png","contentUrl":"https:\/\/fit360.ee\/wp-content\/uploads\/2017\/01\/logo-fit360.png","width":180,"height":66,"caption":"Fit360"},"image":{"@id":"https:\/\/fit360.ee\/en\/#\/schema\/logo\/image\/"}}]}},"_links":{"self":[{"href":"https:\/\/fit360.ee\/en\/wp-json\/wp\/v2\/product\/66338","targetHints":{"allow":["GET"]}}],"collection":[{"href":"https:\/\/fit360.ee\/en\/wp-json\/wp\/v2\/product"}],"about":[{"href":"https:\/\/fit360.ee\/en\/wp-json\/wp\/v2\/types\/product"}],"replies":[{"embeddable":true,"href":"https:\/\/fit360.ee\/en\/wp-json\/wp\/v2\/comments?post=66338"}],"wp:featuredmedia":[{"embeddable":true,"href":"https:\/\/fit360.ee\/en\/wp-json\/wp\/v2\/media\/66337"}],"wp:attachment":[{"href":"https:\/\/fit360.ee\/en\/wp-json\/wp\/v2\/media?parent=66338"}],"wp:term":[{"taxonomy":"product_brand","embeddable":true,"href":"https:\/\/fit360.ee\/en\/wp-json\/wp\/v2\/product_brand?post=66338"},{"taxonomy":"product_cat","embeddable":true,"href":"https:\/\/fit360.ee\/en\/wp-json\/wp\/v2\/product_cat?post=66338"},{"taxonomy":"product_tag","embeddable":true,"href":"https:\/\/fit360.ee\/en\/wp-json\/wp\/v2\/product_tag?post=66338"},{"taxonomy":"giftcard-category","embeddable":true,"href":"https:\/\/fit360.ee\/en\/wp-json\/wp\/v2\/giftcard-category?post=66338"}],"curies":[{"name":"wp","href":"https:\/\/api.w.org\/{rel}","templated":true}]}}