{"id":66353,"date":"2022-11-13T13:17:22","date_gmt":"2022-11-13T11:17:22","guid":{"rendered":"https:\/\/fit360.ee\/pood\/uncategorized\/iconfit-shaker-metal-reforce-900ml\/"},"modified":"2026-04-10T15:13:04","modified_gmt":"2026-04-10T13:13:04","slug":"iconfit-shaker-metal-reforce-900ml","status":"publish","type":"product","link":"https:\/\/fit360.ee\/en\/pood\/training-equipment-en\/drinking-bottles-en\/iconfit-shaker-metal-reforce-900ml\/","title":{"rendered":"ICONFIT Shaker Metal Reforce (800ml)"},"content":{"rendered":"<div id=\"shopify-section-template--16664184094938__main\" class=\"shopify-section product--section section--canonical\">\n<section class=\"product--container\" data-product-wrapper=\"\">\n<div class=\"product-readmore rte\" data-product-readmore=\"\">\n<div class=\" grouped-content grouped-content-layout-tabs\">\n<h1><strong>ICONFIT Shaker Metal Reforce<\/strong><\/h1>\n<p><strong>ICONFIT Shaker Metal Reforce.<\/strong>\u00a0Meie k\u00f5rgkvaliteetne shaker on valmistatud kvaliteetsest terasest. ICONFITi logo on laseriga graveeritud, mis lisab eksklusiivse v\u00e4limuse jaoks esmaklassilise viimistluse.<\/p>\n<p>Lisaks esmaklassilisele v\u00e4limusele on see ka suurep\u00e4rane funktsionaalsus. Kvaliteetne tihend tagab veekindla sulgemise, mis aitab v\u00e4ltida lekkeid. Mugav, kuid h\u00e4sti tihendatud kork ja mugav suur riputuskonks selle kaanel. Saadaval mattvalge ja mattmusta v\u00e4rvivalikuga.<\/p>\n<p><strong>Meie k\u00f5rgk<b><\/b>valiteetne \u0161eiker on valmistatud kvaliteetsest terasest.\u00a0<\/strong>ICONFITi logo on lasergraveeritud, mis lisab l\u00f5ppviimistluse eksklusiivse v\u00e4limuse jaoks.<\/p>\n<p>Lisaks esmaklassilisele v\u00e4limusele on see ka suurep\u00e4rase funktsionaalsusega. Kvaliteetne tihend tagab veekindla sulgemise, mis aitab v\u00e4ltida lekkeid. Mugav, kuid h\u00e4sti tihendatud kork ja mugav suur riputuskonks selle kaanel. Saadaval mattvalge ja musta v\u00e4rvivalikuga.<\/p>\n<p>Kaasas on ka s\u00f5el, et tagada pulbrite parim lahustuvus. S\u00f5el aitab pulbrit eriti kiiresti ja \u00fchtlaselt lahustada.<\/p>\n<\/div>\n<\/div>\n<\/section>\n<\/div>\n<div id=\"shopify-section-template--16664184094938__16421708100ea30a66\" class=\"shopify-section image-with-text--section pxu-lia-section--play\">\n<section class=\"image-with-text image-with-text--desktop-height-natural image-with-text--mobile-height-natural image-with-text--desktop-image-alignment-left image-with-text--mobile-image-alignment-top home-section--content no-section-heading pxu-lia-block pxu-lia-block--play\" data-section-id=\"template--16664184094938__16421708100ea30a66\">\n<div class=\"image-with-text__container\">\n<div class=\"image-with-text__image-wrapper\"><img decoding=\"async\" class=\"image-with-text__image\" style=\"box-sizing: inherit; -webkit-font-smoothing: antialiased; text-size-adjust: none; -webkit-tap-highlight-color: rgba(0, 0, 0, 0); border-style: none; transition: opacity 0.2s cubic-bezier(0.4, 0, 1, 1) 0s; opacity: 1; width: 649.5px; object-fit: cover; height: auto;\" src=\"https:\/\/cdn.shopify.com\/s\/files\/1\/0627\/7467\/3626\/files\/210927_Iconfit_Oti_juures7052_1500x999_crop_center.jpg?v=1643728686\" srcset=\"\/\/cdn.shopify.com\/s\/files\/1\/0627\/7467\/3626\/files\/210927_Iconfit_Oti_juures7052_650x433_crop_center.jpg?v=1643728686 1.00x\" alt=\"ICONFIT Kvaliteet &amp; Hoolimine\" data-rimg=\"loaded\" data-rimg-scale=\"1\" data-rimg-template=\"\/\/cdn.shopify.com\/s\/files\/1\/0627\/7467\/3626\/files\/210927_Iconfit_Oti_juures7052_{size}_crop_center.jpg?v=1643728686\" data-rimg-max=\"2048x1363\" data-rimg-crop=\"center\" data-ly-processed=\"1668337044047\" data-rimg-template-svg=\"data:image\/svg+xml;utf8,&lt;svg%20xmlns='http:\/\/www.w3.org\/2000\/svg'%20width='1500'%20height='999'&gt;&lt;\/svg&gt;\" \/><\/div>\n<div class=\"image-with-text__content\">\n<div class=\"image-with-text__content-wrapper image-with-text-text-alignment-left \">\n<h4 class=\"image-with-text__heading pxu-lia-element\"><strong>ICONFIT Kvaliteet &amp; Hoolimine<\/strong><\/h4>\n<div class=\"image-with-text__text pxu-lia-element\">\n<p>ICONFITi tooted on Eestis v\u00e4lja t\u00f6\u00f6tatud ja ning p\u00f5hinevad k\u00f5rgeimatel Euroopa kvaliteedistandarditel. Arendame oma tooteid koos toitumisspetsialistide, sportlaste ja toidutehnoloogidega.<\/p>\n<p>ICONFITi tooted ei sisalda ebavajalikke kunstlikke stabilisaatoreid, v\u00e4rvaineid ega s\u00e4ilitusaineid. Meie kliendid tulevad ikka ja j\u00e4lle tagasi t\u00e4nu meie kvaliteedile, puhtusele ja headele maitsetele.<\/p>\n<p><strong>Materjal<\/strong>:Terasest \u0161eiker koos kvaliteetse kaane ja korgiga.<\/p>\n<p><strong>Kasutamine<\/strong>: Kasuta shakerit toidulisandite segamiseks, transportimiseks ja l\u00fchiajaliseks s\u00e4ilitamiseks. Doseerige vastavalt eritoidu v\u00f5i toidulisandi pakendil toodud kogustele.<\/p>\n<p><strong>Mahutavus<\/strong>: 800 ml<\/p>\n<p>Vaata ka meie Teisi Joogipudeleid <a href=\"https:\/\/fit360.ee\/en\/product-category\/training-equipment-en\/drinking-bottles-en\/\"><strong>SIIT<\/strong><\/a> v\u00f5i Shakereid <a href=\"https:\/\/fit360.ee\/en\/product-category\/training-equipment-en\/shakers-en\/\"><strong>SIIT<\/strong><\/a>!<\/p>\n<p>Soovid teha suuremat tellimust? Vaata antud toodet meie HULGI lehelt\u00a0<a href=\"https:\/\/toidulisandidhulgi.ee\/product\/iconfit-shaker-metal-reforce-900ml\/\"><strong>SIIT<\/strong><\/a>!<\/p>\n<\/div>\n<\/div>\n<\/div>\n<\/div>\n<\/section>\n<\/div>\n","protected":false},"excerpt":{"rendered":"<p><strong>Meie k\u00f5rgk<b><\/b>valiteetne \u0161eiker on valmistatud kvaliteetsest terasest.\u00a0<\/strong>ICONFITi logo on lasergraveeritud, mis lisab l\u00f5ppviimistluse eksklusiivse v\u00e4limuse jaoks.<\/p>\n<p>Lisaks esmaklassilisele v\u00e4limusele on see ka suurep\u00e4rase funktsionaalsusega. Kvaliteetne tihend tagab veekindla sulgemise, mis aitab v\u00e4ltida lekkeid. Mugav, kuid h\u00e4sti tihendatud kork ja mugav suur riputuskonks selle kaanel. Saadaval mattvalge ja musta v\u00e4rvivalikuga.<\/p>\n","protected":false},"featured_media":94498,"comment_status":"closed","ping_status":"closed","template":"","meta":[],"product_brand":[],"product_cat":[540,551],"product_tag":[1681,4048,4049],"giftcard-category":[],"class_list":{"0":"post-66353","1":"product","2":"type-product","3":"status-publish","4":"has-post-thumbnail","6":"product_cat-drinking-bottles-en","7":"product_cat-shakers-en","8":"product_tag-iconfit-en","9":"product_tag-iconfit-shaker-metal-reforce-en","10":"product_tag-roostevaba-teras-en","11":"pa_varvus-black","12":"pa_varvus-white","14":"first","15":"outofstock","16":"taxable","17":"shipping-taxable","18":"product-type-variable"},"yoast_head":"<!-- This site is optimized with the Yoast SEO plugin v27.3 - https:\/\/yoast.com\/product\/yoast-seo-wordpress\/ -->\n<title>ICONFIT Shaker Metal Reforce (800ml) - roostevaba teras - Fit360<\/title>\n<meta name=\"description\" content=\"ICONFIT Shaker Metal Reforce - k\u00f5rgkvaliteetne shaker on valmistatud kvaliteetsest terasest. ICONFITi logo on laseriga graveeritud, mis lisab...\" \/>\n<meta name=\"robots\" content=\"index, follow, max-snippet:-1, max-image-preview:large, max-video-preview:-1\" \/>\n<link rel=\"canonical\" href=\"https:\/\/fit360.ee\/en\/pood\/training-equipment-en\/drinking-bottles-en\/iconfit-shaker-metal-reforce-900ml\/\" \/>\n<meta property=\"og:locale\" content=\"en_US\" \/>\n<meta property=\"og:type\" content=\"article\" \/>\n<meta property=\"og:title\" content=\"ICONFIT Shaker Metal Reforce (800ml) - roostevaba teras - Fit360\" \/>\n<meta property=\"og:description\" content=\"ICONFIT Shaker Metal Reforce - k\u00f5rgkvaliteetne shaker on valmistatud kvaliteetsest terasest. ICONFITi logo on laseriga graveeritud, mis lisab...\" \/>\n<meta property=\"og:url\" content=\"https:\/\/fit360.ee\/en\/pood\/training-equipment-en\/drinking-bottles-en\/iconfit-shaker-metal-reforce-900ml\/\" \/>\n<meta property=\"og:site_name\" content=\"Fit360\" \/>\n<meta property=\"article:modified_time\" content=\"2026-04-10T13:13:04+00:00\" \/>\n<meta property=\"og:image\" content=\"https:\/\/fit360.ee\/wp-content\/uploads\/2022\/11\/ICONFIT-Shaker-Metal-Reforce-fit360.ee_.webp\" \/>\n\t<meta property=\"og:image:width\" content=\"1600\" \/>\n\t<meta property=\"og:image:height\" content=\"1600\" \/>\n\t<meta property=\"og:image:type\" content=\"image\/webp\" \/>\n<meta name=\"twitter:card\" content=\"summary_large_image\" \/>\n<meta name=\"twitter:label1\" content=\"Est. reading time\" \/>\n\t<meta name=\"twitter:data1\" content=\"2 minutes\" \/>\n<script type=\"application\/ld+json\" class=\"yoast-schema-graph\">{\"@context\":\"https:\\\/\\\/schema.org\",\"@graph\":[{\"@type\":\"WebPage\",\"@id\":\"https:\\\/\\\/fit360.ee\\\/en\\\/pood\\\/training-equipment-en\\\/drinking-bottles-en\\\/iconfit-shaker-metal-reforce-900ml\\\/\",\"url\":\"https:\\\/\\\/fit360.ee\\\/en\\\/pood\\\/training-equipment-en\\\/drinking-bottles-en\\\/iconfit-shaker-metal-reforce-900ml\\\/\",\"name\":\"ICONFIT Shaker Metal Reforce (800ml) - roostevaba teras - Fit360\",\"isPartOf\":{\"@id\":\"https:\\\/\\\/fit360.ee\\\/en\\\/#website\"},\"primaryImageOfPage\":{\"@id\":\"https:\\\/\\\/fit360.ee\\\/en\\\/pood\\\/training-equipment-en\\\/drinking-bottles-en\\\/iconfit-shaker-metal-reforce-900ml\\\/#primaryimage\"},\"image\":{\"@id\":\"https:\\\/\\\/fit360.ee\\\/en\\\/pood\\\/training-equipment-en\\\/drinking-bottles-en\\\/iconfit-shaker-metal-reforce-900ml\\\/#primaryimage\"},\"thumbnailUrl\":\"https:\\\/\\\/fit360.ee\\\/wp-content\\\/uploads\\\/2022\\\/11\\\/ICONFIT-Shaker-Metal-Reforce-fit360.ee_.webp\",\"datePublished\":\"2022-11-13T11:17:22+00:00\",\"dateModified\":\"2026-04-10T13:13:04+00:00\",\"description\":\"ICONFIT Shaker Metal Reforce - k\u00f5rgkvaliteetne shaker on valmistatud kvaliteetsest terasest. ICONFITi logo on laseriga graveeritud, mis lisab...\",\"breadcrumb\":{\"@id\":\"https:\\\/\\\/fit360.ee\\\/en\\\/pood\\\/training-equipment-en\\\/drinking-bottles-en\\\/iconfit-shaker-metal-reforce-900ml\\\/#breadcrumb\"},\"inLanguage\":\"en-US\",\"potentialAction\":[{\"@type\":\"ReadAction\",\"target\":[\"https:\\\/\\\/fit360.ee\\\/en\\\/pood\\\/training-equipment-en\\\/drinking-bottles-en\\\/iconfit-shaker-metal-reforce-900ml\\\/\"]}]},{\"@type\":\"ImageObject\",\"inLanguage\":\"en-US\",\"@id\":\"https:\\\/\\\/fit360.ee\\\/en\\\/pood\\\/training-equipment-en\\\/drinking-bottles-en\\\/iconfit-shaker-metal-reforce-900ml\\\/#primaryimage\",\"url\":\"https:\\\/\\\/fit360.ee\\\/wp-content\\\/uploads\\\/2022\\\/11\\\/ICONFIT-Shaker-Metal-Reforce-fit360.ee_.webp\",\"contentUrl\":\"https:\\\/\\\/fit360.ee\\\/wp-content\\\/uploads\\\/2022\\\/11\\\/ICONFIT-Shaker-Metal-Reforce-fit360.ee_.webp\",\"width\":1600,\"height\":1600,\"caption\":\"ICONFIT Shaker Metal Reforce - fit360.ee\"},{\"@type\":\"BreadcrumbList\",\"@id\":\"https:\\\/\\\/fit360.ee\\\/en\\\/pood\\\/training-equipment-en\\\/drinking-bottles-en\\\/iconfit-shaker-metal-reforce-900ml\\\/#breadcrumb\",\"itemListElement\":[{\"@type\":\"ListItem\",\"position\":1,\"name\":\"Home\",\"item\":\"https:\\\/\\\/fit360.ee\\\/en\\\/\"},{\"@type\":\"ListItem\",\"position\":2,\"name\":\"Shop\",\"item\":\"https:\\\/\\\/fit360.ee\\\/en\\\/shop\\\/\"},{\"@type\":\"ListItem\",\"position\":3,\"name\":\"ICONFIT Shaker Metal Reforce (800ml)\"}]},{\"@type\":\"WebSite\",\"@id\":\"https:\\\/\\\/fit360.ee\\\/en\\\/#website\",\"url\":\"https:\\\/\\\/fit360.ee\\\/en\\\/\",\"name\":\"Fit360\",\"description\":\"\",\"publisher\":{\"@id\":\"https:\\\/\\\/fit360.ee\\\/en\\\/#organization\"},\"potentialAction\":[{\"@type\":\"SearchAction\",\"target\":{\"@type\":\"EntryPoint\",\"urlTemplate\":\"https:\\\/\\\/fit360.ee\\\/en\\\/?s={search_term_string}\"},\"query-input\":{\"@type\":\"PropertyValueSpecification\",\"valueRequired\":true,\"valueName\":\"search_term_string\"}}],\"inLanguage\":\"en-US\"},{\"@type\":\"Organization\",\"@id\":\"https:\\\/\\\/fit360.ee\\\/en\\\/#organization\",\"name\":\"Fit360\",\"url\":\"https:\\\/\\\/fit360.ee\\\/en\\\/\",\"logo\":{\"@type\":\"ImageObject\",\"inLanguage\":\"en-US\",\"@id\":\"https:\\\/\\\/fit360.ee\\\/en\\\/#\\\/schema\\\/logo\\\/image\\\/\",\"url\":\"https:\\\/\\\/fit360.ee\\\/wp-content\\\/uploads\\\/2017\\\/01\\\/logo-fit360.png\",\"contentUrl\":\"https:\\\/\\\/fit360.ee\\\/wp-content\\\/uploads\\\/2017\\\/01\\\/logo-fit360.png\",\"width\":180,\"height\":66,\"caption\":\"Fit360\"},\"image\":{\"@id\":\"https:\\\/\\\/fit360.ee\\\/en\\\/#\\\/schema\\\/logo\\\/image\\\/\"}}]}<\/script>\n<!-- \/ Yoast SEO plugin. -->","yoast_head_json":{"title":"ICONFIT Shaker Metal Reforce (800ml) - roostevaba teras - Fit360","description":"ICONFIT Shaker Metal Reforce - k\u00f5rgkvaliteetne shaker on valmistatud kvaliteetsest terasest. ICONFITi logo on laseriga graveeritud, mis lisab...","robots":{"index":"index","follow":"follow","max-snippet":"max-snippet:-1","max-image-preview":"max-image-preview:large","max-video-preview":"max-video-preview:-1"},"canonical":"https:\/\/fit360.ee\/en\/pood\/training-equipment-en\/drinking-bottles-en\/iconfit-shaker-metal-reforce-900ml\/","og_locale":"en_US","og_type":"article","og_title":"ICONFIT Shaker Metal Reforce (800ml) - roostevaba teras - Fit360","og_description":"ICONFIT Shaker Metal Reforce - k\u00f5rgkvaliteetne shaker on valmistatud kvaliteetsest terasest. ICONFITi logo on laseriga graveeritud, mis lisab...","og_url":"https:\/\/fit360.ee\/en\/pood\/training-equipment-en\/drinking-bottles-en\/iconfit-shaker-metal-reforce-900ml\/","og_site_name":"Fit360","article_modified_time":"2026-04-10T13:13:04+00:00","og_image":[{"width":1600,"height":1600,"url":"https:\/\/fit360.ee\/wp-content\/uploads\/2022\/11\/ICONFIT-Shaker-Metal-Reforce-fit360.ee_.webp","type":"image\/webp"}],"twitter_card":"summary_large_image","twitter_misc":{"Est. reading time":"2 minutes"},"schema":{"@context":"https:\/\/schema.org","@graph":[{"@type":"WebPage","@id":"https:\/\/fit360.ee\/en\/pood\/training-equipment-en\/drinking-bottles-en\/iconfit-shaker-metal-reforce-900ml\/","url":"https:\/\/fit360.ee\/en\/pood\/training-equipment-en\/drinking-bottles-en\/iconfit-shaker-metal-reforce-900ml\/","name":"ICONFIT Shaker Metal Reforce (800ml) - roostevaba teras - Fit360","isPartOf":{"@id":"https:\/\/fit360.ee\/en\/#website"},"primaryImageOfPage":{"@id":"https:\/\/fit360.ee\/en\/pood\/training-equipment-en\/drinking-bottles-en\/iconfit-shaker-metal-reforce-900ml\/#primaryimage"},"image":{"@id":"https:\/\/fit360.ee\/en\/pood\/training-equipment-en\/drinking-bottles-en\/iconfit-shaker-metal-reforce-900ml\/#primaryimage"},"thumbnailUrl":"https:\/\/fit360.ee\/wp-content\/uploads\/2022\/11\/ICONFIT-Shaker-Metal-Reforce-fit360.ee_.webp","datePublished":"2022-11-13T11:17:22+00:00","dateModified":"2026-04-10T13:13:04+00:00","description":"ICONFIT Shaker Metal Reforce - k\u00f5rgkvaliteetne shaker on valmistatud kvaliteetsest terasest. ICONFITi logo on laseriga graveeritud, mis lisab...","breadcrumb":{"@id":"https:\/\/fit360.ee\/en\/pood\/training-equipment-en\/drinking-bottles-en\/iconfit-shaker-metal-reforce-900ml\/#breadcrumb"},"inLanguage":"en-US","potentialAction":[{"@type":"ReadAction","target":["https:\/\/fit360.ee\/en\/pood\/training-equipment-en\/drinking-bottles-en\/iconfit-shaker-metal-reforce-900ml\/"]}]},{"@type":"ImageObject","inLanguage":"en-US","@id":"https:\/\/fit360.ee\/en\/pood\/training-equipment-en\/drinking-bottles-en\/iconfit-shaker-metal-reforce-900ml\/#primaryimage","url":"https:\/\/fit360.ee\/wp-content\/uploads\/2022\/11\/ICONFIT-Shaker-Metal-Reforce-fit360.ee_.webp","contentUrl":"https:\/\/fit360.ee\/wp-content\/uploads\/2022\/11\/ICONFIT-Shaker-Metal-Reforce-fit360.ee_.webp","width":1600,"height":1600,"caption":"ICONFIT Shaker Metal Reforce - fit360.ee"},{"@type":"BreadcrumbList","@id":"https:\/\/fit360.ee\/en\/pood\/training-equipment-en\/drinking-bottles-en\/iconfit-shaker-metal-reforce-900ml\/#breadcrumb","itemListElement":[{"@type":"ListItem","position":1,"name":"Home","item":"https:\/\/fit360.ee\/en\/"},{"@type":"ListItem","position":2,"name":"Shop","item":"https:\/\/fit360.ee\/en\/shop\/"},{"@type":"ListItem","position":3,"name":"ICONFIT Shaker Metal Reforce (800ml)"}]},{"@type":"WebSite","@id":"https:\/\/fit360.ee\/en\/#website","url":"https:\/\/fit360.ee\/en\/","name":"Fit360","description":"","publisher":{"@id":"https:\/\/fit360.ee\/en\/#organization"},"potentialAction":[{"@type":"SearchAction","target":{"@type":"EntryPoint","urlTemplate":"https:\/\/fit360.ee\/en\/?s={search_term_string}"},"query-input":{"@type":"PropertyValueSpecification","valueRequired":true,"valueName":"search_term_string"}}],"inLanguage":"en-US"},{"@type":"Organization","@id":"https:\/\/fit360.ee\/en\/#organization","name":"Fit360","url":"https:\/\/fit360.ee\/en\/","logo":{"@type":"ImageObject","inLanguage":"en-US","@id":"https:\/\/fit360.ee\/en\/#\/schema\/logo\/image\/","url":"https:\/\/fit360.ee\/wp-content\/uploads\/2017\/01\/logo-fit360.png","contentUrl":"https:\/\/fit360.ee\/wp-content\/uploads\/2017\/01\/logo-fit360.png","width":180,"height":66,"caption":"Fit360"},"image":{"@id":"https:\/\/fit360.ee\/en\/#\/schema\/logo\/image\/"}}]}},"_links":{"self":[{"href":"https:\/\/fit360.ee\/en\/wp-json\/wp\/v2\/product\/66353","targetHints":{"allow":["GET"]}}],"collection":[{"href":"https:\/\/fit360.ee\/en\/wp-json\/wp\/v2\/product"}],"about":[{"href":"https:\/\/fit360.ee\/en\/wp-json\/wp\/v2\/types\/product"}],"replies":[{"embeddable":true,"href":"https:\/\/fit360.ee\/en\/wp-json\/wp\/v2\/comments?post=66353"}],"wp:featuredmedia":[{"embeddable":true,"href":"https:\/\/fit360.ee\/en\/wp-json\/wp\/v2\/media\/94498"}],"wp:attachment":[{"href":"https:\/\/fit360.ee\/en\/wp-json\/wp\/v2\/media?parent=66353"}],"wp:term":[{"taxonomy":"product_brand","embeddable":true,"href":"https:\/\/fit360.ee\/en\/wp-json\/wp\/v2\/product_brand?post=66353"},{"taxonomy":"product_cat","embeddable":true,"href":"https:\/\/fit360.ee\/en\/wp-json\/wp\/v2\/product_cat?post=66353"},{"taxonomy":"product_tag","embeddable":true,"href":"https:\/\/fit360.ee\/en\/wp-json\/wp\/v2\/product_tag?post=66353"},{"taxonomy":"giftcard-category","embeddable":true,"href":"https:\/\/fit360.ee\/en\/wp-json\/wp\/v2\/giftcard-category?post=66353"}],"curies":[{"name":"wp","href":"https:\/\/api.w.org\/{rel}","templated":true}]}}