{"id":66451,"date":"2022-11-18T12:38:44","date_gmt":"2022-11-18T10:38:44","guid":{"rendered":"https:\/\/fit360.ee\/pood\/uncategorized\/premium-omega-3\/"},"modified":"2026-04-10T15:13:00","modified_gmt":"2026-04-10T13:13:00","slug":"premium-omega-3","status":"publish","type":"product","link":"https:\/\/fit360.ee\/en\/pood\/product-groups\/essential-fats-en\/omega-3-en\/premium-omega-3\/","title":{"rendered":"ICONFIT Premium Omega 3 (90caps)"},"content":{"rendered":"<h1><strong>Premium Omega 3<\/strong><\/h1>\n<p><strong>ICONFIT Premium Omega 3<\/strong>\u00a0pehmekapslid on tavap\u00e4rasest suurema EPA ja DHA rasvhapete sisaldusega. Meie kala\u00f5li on puhas, saadud v\u00e4ikestest kaladest (an\u0161oovis).\u00a0Rasvhapped\u00a0m\u00e4ngivad olulist rolli inimese toitumises ja inimese f\u00fcsioloogias. Rasvhapped EPA ja DHA aitavad kaasa s\u00fcdame normaalsele toimimisele. Kasulik m\u00f5ju avaldub, kui p\u00e4evas tarbida 250 mg EPA ja DHA-d. DHA aitab s\u00e4ilitada normaalset ajutalitlust ja hoida normaalset n\u00e4gemist. Kasulik m\u00f5ju avaldub, kui tarbida 250 mg DHA-d p\u00e4evas.<\/p>\n<p>Soovitatav on v\u00f5tta v\u00e4hemalt 250 mg EPA ja DHA-d p\u00e4evas. ICONFIT Premium Omega 3 kapslid annavad t\u00e4isannuse puhtaid EPA ja DHA rasvhappeid.<br \/>\n1 kapsel sisaldab 500 mg EPA-d ja 250 mg DHA-d, mis muudab meie pehmekapslid v\u00e4ga t\u00f5husaks ja lihtsaks tarbimiseks &#8211; ainult 1 kapsel p\u00e4evas!<\/p>\n<h4><strong>Mis juhtub, kui organism ei saa piisavalt rasvhappeid?<\/strong><\/h4>\n<p>Tekkida v\u00f5ivad veresoonkonna haigused, allergiad, liigesep\u00f5letikud, viljatusprobleemid, \u00fclekaalulisus, diabeet, v\u00e4simus, kuiv nahk, depressioon, \u00e4revus ja m\u00e4luprobleemid.<br \/>\nICONFIT kapslid ei sisalda kunstlikke lisandeid, kemikaale, s\u00e4ilitus- ega v\u00e4rvaineid ning on GMO-vabad.<\/p>\n<p><strong>Koostisosad: <em>Kala\u00f5li<\/em>\u00a0<\/strong>(kala\u00f5li et\u00fc\u00fclestrina), kapslikest (veiseliha \u017eelatiin, gl\u00fctserool, vesi), E-vitamiin (D, L-\u03b1-tokofer\u00fc\u00fclatsetaat). Kogus: 90 kapslit<\/p>\n<p><strong>Kasutamine<\/strong>: 1 kapsel p\u00e4evas koos toiduga v\u00f5i ilma. Toidulisand ei asenda tervislikku elustiili ning mitmekesist ja tasakaalustatud toitumist. \u00c4rge \u00fcletage soovitatud annust. Hoida lastele k\u00e4ttesaamatus kohas. Konsulteerige oma arstiga, kui te v\u00f5tate ravimeid, kui te olete rase v\u00f5i imetate. Hoida originaalpakendis, toatemperatuuril, niiskuse ja otsese p\u00e4ikesevalguse eest kaitstult.<\/p>\n<p><strong>Suurus<\/strong>: 90 kapslit &#8211; 90 serveeringut.<\/p>\n<table width=\"100%\">\n<thead>\n<tr>\n<th align=\"left\"><strong>Toimeained:<\/strong><\/th>\n<th align=\"left\">1 kapsel<\/th>\n<\/tr>\n<\/thead>\n<tbody>\n<tr>\n<td align=\"left\">Omega 3 kala\u00f5li<\/td>\n<td align=\"left\">1000 mg<\/td>\n<\/tr>\n<tr>\n<td align=\"left\">EPA (eikosapentaeenhape)<\/td>\n<td align=\"left\">500 mg<\/td>\n<\/tr>\n<tr>\n<td align=\"left\">DHA (dokosaheksaeenhape)<\/td>\n<td align=\"left\">250 mg<\/td>\n<\/tr>\n<\/tbody>\n<\/table>\n<p>Vaata ka meie Teisi Kasulikke Rasvhappeid <a href=\"https:\/\/fit360.ee\/en\/product-category\/product-groups\/essential-fats-en\/\"><strong>SIIT<\/strong><\/a> v\u00f5i Omega 3 rasvhappeid <a href=\"https:\/\/fit360.ee\/en\/product-category\/product-groups\/essential-fats-en\/omega-3-en\/\"><strong>SIIT<\/strong><\/a>!<\/p>\n<p>Soovid teha suuremat tellimust? Vaata antud toodet meie HULGI lehelt\u00a0<a href=\"https:\/\/toidulisandidhulgi.ee\/product\/premium-omega-3\/\"><strong>SIIT<\/strong><\/a>!<\/p>\n","protected":false},"excerpt":{"rendered":"<p><strong>ICONFIT Premium Omega-3\u00a0<\/strong>on t\u00f5hus rasvhape, mis toetab s\u00fcdame- ja ajufunktsiooni.\u00a01 kapsel sisaldab 500 mg EPA-d ja 250 mg DHA-d.\u00a0Puhas, k\u00f5rgeima kvaliteediga kala\u00f5li.<\/p>\n<ul>\n<li>EPA ja DHA aitavad kaasa s\u00fcdame normaalsele talitlusele.\u00a0Kasulik m\u00f5ju avaldub 250 mg EPA ja DHA tarbimisel p\u00e4evas.<\/li>\n<li>DHA aitab s\u00e4ilitada normaalset ajutalitlust ja hoida n\u00e4gemist. Kasulik m\u00f5ju avaldub 250 mg DHA tarbimisel p\u00e4evas.<\/li>\n<li><strong>Purgis 90 p\u00e4eva kogus. Ainult 1 kapsel iga p\u00e4ev!<\/strong><\/li>\n<\/ul>\n","protected":false},"featured_media":66449,"comment_status":"closed","ping_status":"closed","template":"","meta":[],"product_brand":[],"product_cat":[525,1318,2438,536],"product_tag":[],"giftcard-category":[],"class_list":{"0":"post-66451","1":"product","2":"type-product","3":"status-publish","4":"has-post-thumbnail","6":"product_cat-essential-fats-en","7":"product_cat-iconfit-en","8":"product_cat-omega-3-en","9":"product_cat-vitamins-and-minerals-en","10":"pa_toidulisand-branddd-iconfit","11":"pa_tootegruppp-omega-3-en","12":"pa_tootegruppp-useful-fatty-acids","13":"pa_tootegruppp-vitamins-and-minerals","15":"first","16":"instock","17":"sale","18":"taxable","19":"shipping-taxable","20":"purchasable","21":"product-type-simple"},"yoast_head":"<!-- This site is optimized with the Yoast SEO plugin v27.3 - https:\/\/yoast.com\/product\/yoast-seo-wordpress\/ -->\n<title>ICONFIT Premium Omega 3 (90caps) - Kiire Tarne - Fit360<\/title>\n<meta name=\"description\" content=\"ICONFIT Premium Omega 3\u00a0pehmekapslid on tavap\u00e4rasest suurema EPA ja DHA rasvhapete sisaldusega. Meie kala\u00f5li on puhas, saadud v\u00e4ikestest kaladest (an\u0161oovis)\" \/>\n<meta name=\"robots\" content=\"index, follow, max-snippet:-1, max-image-preview:large, max-video-preview:-1\" \/>\n<link rel=\"canonical\" href=\"https:\/\/fit360.ee\/en\/pood\/product-groups\/essential-fats-en\/omega-3-en\/premium-omega-3\/\" \/>\n<meta property=\"og:locale\" content=\"en_US\" \/>\n<meta property=\"og:type\" content=\"article\" \/>\n<meta property=\"og:title\" content=\"ICONFIT Premium Omega 3 (90caps) - Kiire Tarne - Fit360\" \/>\n<meta property=\"og:description\" content=\"ICONFIT Premium Omega 3\u00a0pehmekapslid on tavap\u00e4rasest suurema EPA ja DHA rasvhapete sisaldusega. Meie kala\u00f5li on puhas, saadud v\u00e4ikestest kaladest (an\u0161oovis)\" \/>\n<meta property=\"og:url\" content=\"https:\/\/fit360.ee\/en\/pood\/product-groups\/essential-fats-en\/omega-3-en\/premium-omega-3\/\" \/>\n<meta property=\"og:site_name\" content=\"Fit360\" \/>\n<meta property=\"article:modified_time\" content=\"2026-04-10T13:13:00+00:00\" \/>\n<meta property=\"og:image\" content=\"https:\/\/fit360.ee\/wp-content\/uploads\/2022\/11\/premium-omega-3-fit360.ee_.jpg\" \/>\n\t<meta property=\"og:image:width\" content=\"669\" \/>\n\t<meta property=\"og:image:height\" content=\"669\" \/>\n\t<meta property=\"og:image:type\" content=\"image\/jpeg\" \/>\n<meta name=\"twitter:card\" content=\"summary_large_image\" \/>\n<meta name=\"twitter:label1\" content=\"Est. reading time\" \/>\n\t<meta name=\"twitter:data1\" content=\"2 minutes\" \/>\n<script type=\"application\/ld+json\" class=\"yoast-schema-graph\">{\"@context\":\"https:\\\/\\\/schema.org\",\"@graph\":[{\"@type\":\"WebPage\",\"@id\":\"https:\\\/\\\/fit360.ee\\\/en\\\/pood\\\/product-groups\\\/essential-fats-en\\\/omega-3-en\\\/premium-omega-3\\\/\",\"url\":\"https:\\\/\\\/fit360.ee\\\/en\\\/pood\\\/product-groups\\\/essential-fats-en\\\/omega-3-en\\\/premium-omega-3\\\/\",\"name\":\"ICONFIT Premium Omega 3 (90caps) - Kiire Tarne - Fit360\",\"isPartOf\":{\"@id\":\"https:\\\/\\\/fit360.ee\\\/en\\\/#website\"},\"primaryImageOfPage\":{\"@id\":\"https:\\\/\\\/fit360.ee\\\/en\\\/pood\\\/product-groups\\\/essential-fats-en\\\/omega-3-en\\\/premium-omega-3\\\/#primaryimage\"},\"image\":{\"@id\":\"https:\\\/\\\/fit360.ee\\\/en\\\/pood\\\/product-groups\\\/essential-fats-en\\\/omega-3-en\\\/premium-omega-3\\\/#primaryimage\"},\"thumbnailUrl\":\"https:\\\/\\\/fit360.ee\\\/wp-content\\\/uploads\\\/2022\\\/11\\\/premium-omega-3-fit360.ee_.jpg\",\"datePublished\":\"2022-11-18T10:38:44+00:00\",\"dateModified\":\"2026-04-10T13:13:00+00:00\",\"description\":\"ICONFIT Premium Omega 3\u00a0pehmekapslid on tavap\u00e4rasest suurema EPA ja DHA rasvhapete sisaldusega. Meie kala\u00f5li on puhas, saadud v\u00e4ikestest kaladest (an\u0161oovis)\",\"breadcrumb\":{\"@id\":\"https:\\\/\\\/fit360.ee\\\/en\\\/pood\\\/product-groups\\\/essential-fats-en\\\/omega-3-en\\\/premium-omega-3\\\/#breadcrumb\"},\"inLanguage\":\"en-US\",\"potentialAction\":[{\"@type\":\"ReadAction\",\"target\":[\"https:\\\/\\\/fit360.ee\\\/en\\\/pood\\\/product-groups\\\/essential-fats-en\\\/omega-3-en\\\/premium-omega-3\\\/\"]}]},{\"@type\":\"ImageObject\",\"inLanguage\":\"en-US\",\"@id\":\"https:\\\/\\\/fit360.ee\\\/en\\\/pood\\\/product-groups\\\/essential-fats-en\\\/omega-3-en\\\/premium-omega-3\\\/#primaryimage\",\"url\":\"https:\\\/\\\/fit360.ee\\\/wp-content\\\/uploads\\\/2022\\\/11\\\/premium-omega-3-fit360.ee_.jpg\",\"contentUrl\":\"https:\\\/\\\/fit360.ee\\\/wp-content\\\/uploads\\\/2022\\\/11\\\/premium-omega-3-fit360.ee_.jpg\",\"width\":669,\"height\":669,\"caption\":\"premium omega 3 - fit360.ee\"},{\"@type\":\"BreadcrumbList\",\"@id\":\"https:\\\/\\\/fit360.ee\\\/en\\\/pood\\\/product-groups\\\/essential-fats-en\\\/omega-3-en\\\/premium-omega-3\\\/#breadcrumb\",\"itemListElement\":[{\"@type\":\"ListItem\",\"position\":1,\"name\":\"Home\",\"item\":\"https:\\\/\\\/fit360.ee\\\/en\\\/\"},{\"@type\":\"ListItem\",\"position\":2,\"name\":\"Shop\",\"item\":\"https:\\\/\\\/fit360.ee\\\/en\\\/shop\\\/\"},{\"@type\":\"ListItem\",\"position\":3,\"name\":\"ICONFIT Premium Omega 3 (90caps)\"}]},{\"@type\":\"WebSite\",\"@id\":\"https:\\\/\\\/fit360.ee\\\/en\\\/#website\",\"url\":\"https:\\\/\\\/fit360.ee\\\/en\\\/\",\"name\":\"Fit360\",\"description\":\"\",\"publisher\":{\"@id\":\"https:\\\/\\\/fit360.ee\\\/en\\\/#organization\"},\"potentialAction\":[{\"@type\":\"SearchAction\",\"target\":{\"@type\":\"EntryPoint\",\"urlTemplate\":\"https:\\\/\\\/fit360.ee\\\/en\\\/?s={search_term_string}\"},\"query-input\":{\"@type\":\"PropertyValueSpecification\",\"valueRequired\":true,\"valueName\":\"search_term_string\"}}],\"inLanguage\":\"en-US\"},{\"@type\":\"Organization\",\"@id\":\"https:\\\/\\\/fit360.ee\\\/en\\\/#organization\",\"name\":\"Fit360\",\"url\":\"https:\\\/\\\/fit360.ee\\\/en\\\/\",\"logo\":{\"@type\":\"ImageObject\",\"inLanguage\":\"en-US\",\"@id\":\"https:\\\/\\\/fit360.ee\\\/en\\\/#\\\/schema\\\/logo\\\/image\\\/\",\"url\":\"https:\\\/\\\/fit360.ee\\\/wp-content\\\/uploads\\\/2017\\\/01\\\/logo-fit360.png\",\"contentUrl\":\"https:\\\/\\\/fit360.ee\\\/wp-content\\\/uploads\\\/2017\\\/01\\\/logo-fit360.png\",\"width\":180,\"height\":66,\"caption\":\"Fit360\"},\"image\":{\"@id\":\"https:\\\/\\\/fit360.ee\\\/en\\\/#\\\/schema\\\/logo\\\/image\\\/\"}}]}<\/script>\n<!-- \/ Yoast SEO plugin. -->","yoast_head_json":{"title":"ICONFIT Premium Omega 3 (90caps) - Kiire Tarne - Fit360","description":"ICONFIT Premium Omega 3\u00a0pehmekapslid on tavap\u00e4rasest suurema EPA ja DHA rasvhapete sisaldusega. Meie kala\u00f5li on puhas, saadud v\u00e4ikestest kaladest (an\u0161oovis)","robots":{"index":"index","follow":"follow","max-snippet":"max-snippet:-1","max-image-preview":"max-image-preview:large","max-video-preview":"max-video-preview:-1"},"canonical":"https:\/\/fit360.ee\/en\/pood\/product-groups\/essential-fats-en\/omega-3-en\/premium-omega-3\/","og_locale":"en_US","og_type":"article","og_title":"ICONFIT Premium Omega 3 (90caps) - Kiire Tarne - Fit360","og_description":"ICONFIT Premium Omega 3\u00a0pehmekapslid on tavap\u00e4rasest suurema EPA ja DHA rasvhapete sisaldusega. Meie kala\u00f5li on puhas, saadud v\u00e4ikestest kaladest (an\u0161oovis)","og_url":"https:\/\/fit360.ee\/en\/pood\/product-groups\/essential-fats-en\/omega-3-en\/premium-omega-3\/","og_site_name":"Fit360","article_modified_time":"2026-04-10T13:13:00+00:00","og_image":[{"width":669,"height":669,"url":"https:\/\/fit360.ee\/wp-content\/uploads\/2022\/11\/premium-omega-3-fit360.ee_.jpg","type":"image\/jpeg"}],"twitter_card":"summary_large_image","twitter_misc":{"Est. reading time":"2 minutes"},"schema":{"@context":"https:\/\/schema.org","@graph":[{"@type":"WebPage","@id":"https:\/\/fit360.ee\/en\/pood\/product-groups\/essential-fats-en\/omega-3-en\/premium-omega-3\/","url":"https:\/\/fit360.ee\/en\/pood\/product-groups\/essential-fats-en\/omega-3-en\/premium-omega-3\/","name":"ICONFIT Premium Omega 3 (90caps) - Kiire Tarne - Fit360","isPartOf":{"@id":"https:\/\/fit360.ee\/en\/#website"},"primaryImageOfPage":{"@id":"https:\/\/fit360.ee\/en\/pood\/product-groups\/essential-fats-en\/omega-3-en\/premium-omega-3\/#primaryimage"},"image":{"@id":"https:\/\/fit360.ee\/en\/pood\/product-groups\/essential-fats-en\/omega-3-en\/premium-omega-3\/#primaryimage"},"thumbnailUrl":"https:\/\/fit360.ee\/wp-content\/uploads\/2022\/11\/premium-omega-3-fit360.ee_.jpg","datePublished":"2022-11-18T10:38:44+00:00","dateModified":"2026-04-10T13:13:00+00:00","description":"ICONFIT Premium Omega 3\u00a0pehmekapslid on tavap\u00e4rasest suurema EPA ja DHA rasvhapete sisaldusega. Meie kala\u00f5li on puhas, saadud v\u00e4ikestest kaladest (an\u0161oovis)","breadcrumb":{"@id":"https:\/\/fit360.ee\/en\/pood\/product-groups\/essential-fats-en\/omega-3-en\/premium-omega-3\/#breadcrumb"},"inLanguage":"en-US","potentialAction":[{"@type":"ReadAction","target":["https:\/\/fit360.ee\/en\/pood\/product-groups\/essential-fats-en\/omega-3-en\/premium-omega-3\/"]}]},{"@type":"ImageObject","inLanguage":"en-US","@id":"https:\/\/fit360.ee\/en\/pood\/product-groups\/essential-fats-en\/omega-3-en\/premium-omega-3\/#primaryimage","url":"https:\/\/fit360.ee\/wp-content\/uploads\/2022\/11\/premium-omega-3-fit360.ee_.jpg","contentUrl":"https:\/\/fit360.ee\/wp-content\/uploads\/2022\/11\/premium-omega-3-fit360.ee_.jpg","width":669,"height":669,"caption":"premium omega 3 - fit360.ee"},{"@type":"BreadcrumbList","@id":"https:\/\/fit360.ee\/en\/pood\/product-groups\/essential-fats-en\/omega-3-en\/premium-omega-3\/#breadcrumb","itemListElement":[{"@type":"ListItem","position":1,"name":"Home","item":"https:\/\/fit360.ee\/en\/"},{"@type":"ListItem","position":2,"name":"Shop","item":"https:\/\/fit360.ee\/en\/shop\/"},{"@type":"ListItem","position":3,"name":"ICONFIT Premium Omega 3 (90caps)"}]},{"@type":"WebSite","@id":"https:\/\/fit360.ee\/en\/#website","url":"https:\/\/fit360.ee\/en\/","name":"Fit360","description":"","publisher":{"@id":"https:\/\/fit360.ee\/en\/#organization"},"potentialAction":[{"@type":"SearchAction","target":{"@type":"EntryPoint","urlTemplate":"https:\/\/fit360.ee\/en\/?s={search_term_string}"},"query-input":{"@type":"PropertyValueSpecification","valueRequired":true,"valueName":"search_term_string"}}],"inLanguage":"en-US"},{"@type":"Organization","@id":"https:\/\/fit360.ee\/en\/#organization","name":"Fit360","url":"https:\/\/fit360.ee\/en\/","logo":{"@type":"ImageObject","inLanguage":"en-US","@id":"https:\/\/fit360.ee\/en\/#\/schema\/logo\/image\/","url":"https:\/\/fit360.ee\/wp-content\/uploads\/2017\/01\/logo-fit360.png","contentUrl":"https:\/\/fit360.ee\/wp-content\/uploads\/2017\/01\/logo-fit360.png","width":180,"height":66,"caption":"Fit360"},"image":{"@id":"https:\/\/fit360.ee\/en\/#\/schema\/logo\/image\/"}}]}},"_links":{"self":[{"href":"https:\/\/fit360.ee\/en\/wp-json\/wp\/v2\/product\/66451","targetHints":{"allow":["GET"]}}],"collection":[{"href":"https:\/\/fit360.ee\/en\/wp-json\/wp\/v2\/product"}],"about":[{"href":"https:\/\/fit360.ee\/en\/wp-json\/wp\/v2\/types\/product"}],"replies":[{"embeddable":true,"href":"https:\/\/fit360.ee\/en\/wp-json\/wp\/v2\/comments?post=66451"}],"wp:featuredmedia":[{"embeddable":true,"href":"https:\/\/fit360.ee\/en\/wp-json\/wp\/v2\/media\/66449"}],"wp:attachment":[{"href":"https:\/\/fit360.ee\/en\/wp-json\/wp\/v2\/media?parent=66451"}],"wp:term":[{"taxonomy":"product_brand","embeddable":true,"href":"https:\/\/fit360.ee\/en\/wp-json\/wp\/v2\/product_brand?post=66451"},{"taxonomy":"product_cat","embeddable":true,"href":"https:\/\/fit360.ee\/en\/wp-json\/wp\/v2\/product_cat?post=66451"},{"taxonomy":"product_tag","embeddable":true,"href":"https:\/\/fit360.ee\/en\/wp-json\/wp\/v2\/product_tag?post=66451"},{"taxonomy":"giftcard-category","embeddable":true,"href":"https:\/\/fit360.ee\/en\/wp-json\/wp\/v2\/giftcard-category?post=66451"}],"curies":[{"name":"wp","href":"https:\/\/api.w.org\/{rel}","templated":true}]}}