{"id":66584,"date":"2022-11-21T22:30:58","date_gmt":"2022-11-21T20:30:58","guid":{"rendered":"https:\/\/fit360.ee\/pood\/uncategorized\/adidas-powerlift-5\/"},"modified":"2026-04-13T13:42:48","modified_gmt":"2026-04-13T11:42:48","slug":"adidas-powerlift-5","status":"publish","type":"product","link":"https:\/\/fit360.ee\/en\/pood\/training-equipment-en\/liftin-shoes-en\/adidas-powerlift-5\/","title":{"rendered":"T\u00f5stejalan\u00f5ud Adidas Powerlift 5"},"content":{"rendered":"<h1><strong>Adias Powerlift 5<\/strong><\/h1>\n<p><strong>Adidas Powerlift 5<\/strong> ON OSALISELT TAASKASUTATUD MATERJALIDEST VALMISTETUD MITMEK\u00dcLGSED T\u00d5STEKINGAD.<br \/>\n\u00dcksk\u00f5ik, mida te t\u00f5state, tagavad need Adidase t\u00f5stekingad, et teete seda mugavalt. Kerge, kuid vastupidav, nende l\u00f5uendist pealisosa sisaldab avatud v\u00f5rgusilma lisandeid, mis suurendavad hingavust. Rihma ja paelte kombinatsioon kindlustab jala keskosa ning vahetalla kiil lisab tugeva koormuse korral kaljukindlat stabiilsust. Selle all on kummist v\u00e4listald, mis hoiab jalgu stabiilselt paigas.<\/p>\n<p>See pealismaterjal on valmistatud mitmest taaskasutatud materjalidest ja sisaldab v\u00e4hemalt 50% taaskasutatud sisu. Adidas Powerlift 5 on vaid \u00fcks meie lahendustest plastj\u00e4\u00e4tmete l\u00f5petamiseks.<\/p>\n<ul>\n<li>Regulaarne sobivus<\/li>\n<li>Pitskinnis konks-aasa jalaribaga<\/li>\n<li>Vastupidav l\u00f5uendist \u00fclaosa koos v\u00f5rgust ventilatsioonidetailidega<\/li>\n<li>Lukustatud tunne<\/li>\n<li>Jala keskosa stabiilsuskiil<\/li>\n<li>Madala profiiliga haarduv kummist v\u00e4listald<\/li>\n<li>T\u00f5stejalan\u00f5u kaal: 436 g<\/li>\n<li>Vahetalla langus: 16 mm (konts: 34 mm \/ esiosa: 18 mm)<\/li>\n<li>Pealmine jalatsi osa sisaldab v\u00e4hemalt 50% taaskasutatud sisu<\/li>\n<li>Toote v\u00e4rvid: must ja valge<\/li>\n<\/ul>\n","protected":false},"excerpt":{"rendered":"<ul>\n<li>Regulaarne sobivus<\/li>\n<li>Pitskinnis konks-aasa jalaribaga<\/li>\n<li>Vastupidav l\u00f5uendist \u00fclaosa koos v\u00f5rgust ventilatsioonidetailidega<\/li>\n<li>Lukustatud tunne<\/li>\n<li>Jala keskosa stabiilsuskiil<\/li>\n<li>Madala profiiliga haarduv kummist v\u00e4listald<\/li>\n<li>T\u00f5stejalan\u00f5u kaal: 436 g<\/li>\n<li>Vahetalla langus: 16 mm (konts: 34 mm \/ esiosa: 18 mm)<\/li>\n<li>Pealmine jalatsi osa sisaldab v\u00e4hemalt 50% taaskasutatud sisu<\/li>\n<li>Toote v\u00e4rvid: must ja valge<\/li>\n<\/ul>\n","protected":false},"featured_media":85702,"comment_status":"closed","ping_status":"closed","template":"","meta":[],"product_brand":[],"product_cat":[3370,538],"product_tag":[4079,4080],"giftcard-category":[],"class_list":{"0":"post-66584","1":"product","2":"type-product","3":"status-publish","4":"has-post-thumbnail","6":"product_cat-liftin-shoes-en","7":"product_cat-training-equipment-en","8":"product_tag-adidas-en","9":"product_tag-adidas-powerlift-5-en","10":"pa_suurus-uk-10","11":"pa_suurus-uk-10-5","12":"pa_suurus-uk-11","13":"pa_suurus-uk-11-5","14":"pa_suurus-uk-6","15":"pa_suurus-uk-6-5","16":"pa_suurus-uk-7","17":"pa_suurus-uk-7-5","18":"pa_suurus-uk-8","19":"pa_suurus-uk-8-5","20":"pa_suurus-uk-9","21":"pa_suurus-uk-9-5","22":"pa_varvus-black","23":"pa_varvus-blue","24":"pa_varvus-white","26":"first","27":"instock","28":"sale","29":"taxable","30":"shipping-taxable","31":"purchasable","32":"product-type-variable"},"yoast_head":"<!-- This site is optimized with the Yoast SEO plugin v27.3 - https:\/\/yoast.com\/product\/yoast-seo-wordpress\/ -->\n<title>T\u00f5stejalan\u00f5ud Adidas Powerlift 5 - Kiire Tarne - Fit360<\/title>\n<meta name=\"description\" content=\"Adidas Powerlift 5 omadused: Regulaarne sobivus; Pitskinnis konks-aasa jalaribaga; Vastupidav l\u00f5uendist \u00fclaosa koos v\u00f5rgust ventilatsioonidetailidega....\" \/>\n<meta name=\"robots\" content=\"index, follow, max-snippet:-1, max-image-preview:large, max-video-preview:-1\" \/>\n<link rel=\"canonical\" href=\"https:\/\/fit360.ee\/en\/pood\/training-equipment-en\/liftin-shoes-en\/adidas-powerlift-5\/\" \/>\n<meta property=\"og:locale\" content=\"en_US\" \/>\n<meta property=\"og:type\" content=\"article\" \/>\n<meta property=\"og:title\" content=\"T\u00f5stejalan\u00f5ud Adidas Powerlift 5 - Kiire Tarne - Fit360\" \/>\n<meta property=\"og:description\" content=\"Adidas Powerlift 5 omadused: Regulaarne sobivus; Pitskinnis konks-aasa jalaribaga; Vastupidav l\u00f5uendist \u00fclaosa koos v\u00f5rgust ventilatsioonidetailidega....\" \/>\n<meta property=\"og:url\" content=\"https:\/\/fit360.ee\/en\/pood\/training-equipment-en\/liftin-shoes-en\/adidas-powerlift-5\/\" \/>\n<meta property=\"og:site_name\" content=\"Fit360\" \/>\n<meta property=\"article:modified_time\" content=\"2026-04-13T11:42:48+00:00\" \/>\n<meta property=\"og:image\" content=\"https:\/\/fit360.ee\/wp-content\/uploads\/2022\/11\/adidas-powerlifting-5-tostejalanoud-fit360.ee_.jpg\" \/>\n\t<meta property=\"og:image:width\" content=\"1181\" \/>\n\t<meta property=\"og:image:height\" content=\"900\" \/>\n\t<meta property=\"og:image:type\" content=\"image\/jpeg\" \/>\n<meta name=\"twitter:card\" content=\"summary_large_image\" \/>\n<meta name=\"twitter:label1\" content=\"Est. reading time\" \/>\n\t<meta name=\"twitter:data1\" content=\"1 minute\" \/>\n<script type=\"application\/ld+json\" class=\"yoast-schema-graph\">{\"@context\":\"https:\\\/\\\/schema.org\",\"@graph\":[{\"@type\":\"WebPage\",\"@id\":\"https:\\\/\\\/fit360.ee\\\/en\\\/pood\\\/training-equipment-en\\\/liftin-shoes-en\\\/adidas-powerlift-5\\\/\",\"url\":\"https:\\\/\\\/fit360.ee\\\/en\\\/pood\\\/training-equipment-en\\\/liftin-shoes-en\\\/adidas-powerlift-5\\\/\",\"name\":\"T\u00f5stejalan\u00f5ud Adidas Powerlift 5 - Kiire Tarne - Fit360\",\"isPartOf\":{\"@id\":\"https:\\\/\\\/fit360.ee\\\/en\\\/#website\"},\"primaryImageOfPage\":{\"@id\":\"https:\\\/\\\/fit360.ee\\\/en\\\/pood\\\/training-equipment-en\\\/liftin-shoes-en\\\/adidas-powerlift-5\\\/#primaryimage\"},\"image\":{\"@id\":\"https:\\\/\\\/fit360.ee\\\/en\\\/pood\\\/training-equipment-en\\\/liftin-shoes-en\\\/adidas-powerlift-5\\\/#primaryimage\"},\"thumbnailUrl\":\"https:\\\/\\\/fit360.ee\\\/wp-content\\\/uploads\\\/2022\\\/11\\\/adidas-powerlifting-5-tostejalanoud-fit360.ee_.jpg\",\"datePublished\":\"2022-11-21T20:30:58+00:00\",\"dateModified\":\"2026-04-13T11:42:48+00:00\",\"description\":\"Adidas Powerlift 5 omadused: Regulaarne sobivus; Pitskinnis konks-aasa jalaribaga; Vastupidav l\u00f5uendist \u00fclaosa koos v\u00f5rgust ventilatsioonidetailidega....\",\"breadcrumb\":{\"@id\":\"https:\\\/\\\/fit360.ee\\\/en\\\/pood\\\/training-equipment-en\\\/liftin-shoes-en\\\/adidas-powerlift-5\\\/#breadcrumb\"},\"inLanguage\":\"en-US\",\"potentialAction\":[{\"@type\":\"ReadAction\",\"target\":[\"https:\\\/\\\/fit360.ee\\\/en\\\/pood\\\/training-equipment-en\\\/liftin-shoes-en\\\/adidas-powerlift-5\\\/\"]}]},{\"@type\":\"ImageObject\",\"inLanguage\":\"en-US\",\"@id\":\"https:\\\/\\\/fit360.ee\\\/en\\\/pood\\\/training-equipment-en\\\/liftin-shoes-en\\\/adidas-powerlift-5\\\/#primaryimage\",\"url\":\"https:\\\/\\\/fit360.ee\\\/wp-content\\\/uploads\\\/2022\\\/11\\\/adidas-powerlifting-5-tostejalanoud-fit360.ee_.jpg\",\"contentUrl\":\"https:\\\/\\\/fit360.ee\\\/wp-content\\\/uploads\\\/2022\\\/11\\\/adidas-powerlifting-5-tostejalanoud-fit360.ee_.jpg\",\"width\":1181,\"height\":900,\"caption\":\"adidas powerlifting 5 t\u00f5stejalan\u00f5ud - fit360.ee\"},{\"@type\":\"BreadcrumbList\",\"@id\":\"https:\\\/\\\/fit360.ee\\\/en\\\/pood\\\/training-equipment-en\\\/liftin-shoes-en\\\/adidas-powerlift-5\\\/#breadcrumb\",\"itemListElement\":[{\"@type\":\"ListItem\",\"position\":1,\"name\":\"Home\",\"item\":\"https:\\\/\\\/fit360.ee\\\/en\\\/\"},{\"@type\":\"ListItem\",\"position\":2,\"name\":\"Shop\",\"item\":\"https:\\\/\\\/fit360.ee\\\/en\\\/shop\\\/\"},{\"@type\":\"ListItem\",\"position\":3,\"name\":\"T\u00f5stejalan\u00f5ud Adidas Powerlift 5\"}]},{\"@type\":\"WebSite\",\"@id\":\"https:\\\/\\\/fit360.ee\\\/en\\\/#website\",\"url\":\"https:\\\/\\\/fit360.ee\\\/en\\\/\",\"name\":\"Fit360\",\"description\":\"\",\"publisher\":{\"@id\":\"https:\\\/\\\/fit360.ee\\\/en\\\/#organization\"},\"potentialAction\":[{\"@type\":\"SearchAction\",\"target\":{\"@type\":\"EntryPoint\",\"urlTemplate\":\"https:\\\/\\\/fit360.ee\\\/en\\\/?s={search_term_string}\"},\"query-input\":{\"@type\":\"PropertyValueSpecification\",\"valueRequired\":true,\"valueName\":\"search_term_string\"}}],\"inLanguage\":\"en-US\"},{\"@type\":\"Organization\",\"@id\":\"https:\\\/\\\/fit360.ee\\\/en\\\/#organization\",\"name\":\"Fit360\",\"url\":\"https:\\\/\\\/fit360.ee\\\/en\\\/\",\"logo\":{\"@type\":\"ImageObject\",\"inLanguage\":\"en-US\",\"@id\":\"https:\\\/\\\/fit360.ee\\\/en\\\/#\\\/schema\\\/logo\\\/image\\\/\",\"url\":\"https:\\\/\\\/fit360.ee\\\/wp-content\\\/uploads\\\/2017\\\/01\\\/logo-fit360.png\",\"contentUrl\":\"https:\\\/\\\/fit360.ee\\\/wp-content\\\/uploads\\\/2017\\\/01\\\/logo-fit360.png\",\"width\":180,\"height\":66,\"caption\":\"Fit360\"},\"image\":{\"@id\":\"https:\\\/\\\/fit360.ee\\\/en\\\/#\\\/schema\\\/logo\\\/image\\\/\"}}]}<\/script>\n<!-- \/ Yoast SEO plugin. -->","yoast_head_json":{"title":"T\u00f5stejalan\u00f5ud Adidas Powerlift 5 - Kiire Tarne - Fit360","description":"Adidas Powerlift 5 omadused: Regulaarne sobivus; Pitskinnis konks-aasa jalaribaga; Vastupidav l\u00f5uendist \u00fclaosa koos v\u00f5rgust ventilatsioonidetailidega....","robots":{"index":"index","follow":"follow","max-snippet":"max-snippet:-1","max-image-preview":"max-image-preview:large","max-video-preview":"max-video-preview:-1"},"canonical":"https:\/\/fit360.ee\/en\/pood\/training-equipment-en\/liftin-shoes-en\/adidas-powerlift-5\/","og_locale":"en_US","og_type":"article","og_title":"T\u00f5stejalan\u00f5ud Adidas Powerlift 5 - Kiire Tarne - Fit360","og_description":"Adidas Powerlift 5 omadused: Regulaarne sobivus; Pitskinnis konks-aasa jalaribaga; Vastupidav l\u00f5uendist \u00fclaosa koos v\u00f5rgust ventilatsioonidetailidega....","og_url":"https:\/\/fit360.ee\/en\/pood\/training-equipment-en\/liftin-shoes-en\/adidas-powerlift-5\/","og_site_name":"Fit360","article_modified_time":"2026-04-13T11:42:48+00:00","og_image":[{"width":1181,"height":900,"url":"https:\/\/fit360.ee\/wp-content\/uploads\/2022\/11\/adidas-powerlifting-5-tostejalanoud-fit360.ee_.jpg","type":"image\/jpeg"}],"twitter_card":"summary_large_image","twitter_misc":{"Est. reading time":"1 minute"},"schema":{"@context":"https:\/\/schema.org","@graph":[{"@type":"WebPage","@id":"https:\/\/fit360.ee\/en\/pood\/training-equipment-en\/liftin-shoes-en\/adidas-powerlift-5\/","url":"https:\/\/fit360.ee\/en\/pood\/training-equipment-en\/liftin-shoes-en\/adidas-powerlift-5\/","name":"T\u00f5stejalan\u00f5ud Adidas Powerlift 5 - Kiire Tarne - Fit360","isPartOf":{"@id":"https:\/\/fit360.ee\/en\/#website"},"primaryImageOfPage":{"@id":"https:\/\/fit360.ee\/en\/pood\/training-equipment-en\/liftin-shoes-en\/adidas-powerlift-5\/#primaryimage"},"image":{"@id":"https:\/\/fit360.ee\/en\/pood\/training-equipment-en\/liftin-shoes-en\/adidas-powerlift-5\/#primaryimage"},"thumbnailUrl":"https:\/\/fit360.ee\/wp-content\/uploads\/2022\/11\/adidas-powerlifting-5-tostejalanoud-fit360.ee_.jpg","datePublished":"2022-11-21T20:30:58+00:00","dateModified":"2026-04-13T11:42:48+00:00","description":"Adidas Powerlift 5 omadused: Regulaarne sobivus; Pitskinnis konks-aasa jalaribaga; Vastupidav l\u00f5uendist \u00fclaosa koos v\u00f5rgust ventilatsioonidetailidega....","breadcrumb":{"@id":"https:\/\/fit360.ee\/en\/pood\/training-equipment-en\/liftin-shoes-en\/adidas-powerlift-5\/#breadcrumb"},"inLanguage":"en-US","potentialAction":[{"@type":"ReadAction","target":["https:\/\/fit360.ee\/en\/pood\/training-equipment-en\/liftin-shoes-en\/adidas-powerlift-5\/"]}]},{"@type":"ImageObject","inLanguage":"en-US","@id":"https:\/\/fit360.ee\/en\/pood\/training-equipment-en\/liftin-shoes-en\/adidas-powerlift-5\/#primaryimage","url":"https:\/\/fit360.ee\/wp-content\/uploads\/2022\/11\/adidas-powerlifting-5-tostejalanoud-fit360.ee_.jpg","contentUrl":"https:\/\/fit360.ee\/wp-content\/uploads\/2022\/11\/adidas-powerlifting-5-tostejalanoud-fit360.ee_.jpg","width":1181,"height":900,"caption":"adidas powerlifting 5 t\u00f5stejalan\u00f5ud - fit360.ee"},{"@type":"BreadcrumbList","@id":"https:\/\/fit360.ee\/en\/pood\/training-equipment-en\/liftin-shoes-en\/adidas-powerlift-5\/#breadcrumb","itemListElement":[{"@type":"ListItem","position":1,"name":"Home","item":"https:\/\/fit360.ee\/en\/"},{"@type":"ListItem","position":2,"name":"Shop","item":"https:\/\/fit360.ee\/en\/shop\/"},{"@type":"ListItem","position":3,"name":"T\u00f5stejalan\u00f5ud Adidas Powerlift 5"}]},{"@type":"WebSite","@id":"https:\/\/fit360.ee\/en\/#website","url":"https:\/\/fit360.ee\/en\/","name":"Fit360","description":"","publisher":{"@id":"https:\/\/fit360.ee\/en\/#organization"},"potentialAction":[{"@type":"SearchAction","target":{"@type":"EntryPoint","urlTemplate":"https:\/\/fit360.ee\/en\/?s={search_term_string}"},"query-input":{"@type":"PropertyValueSpecification","valueRequired":true,"valueName":"search_term_string"}}],"inLanguage":"en-US"},{"@type":"Organization","@id":"https:\/\/fit360.ee\/en\/#organization","name":"Fit360","url":"https:\/\/fit360.ee\/en\/","logo":{"@type":"ImageObject","inLanguage":"en-US","@id":"https:\/\/fit360.ee\/en\/#\/schema\/logo\/image\/","url":"https:\/\/fit360.ee\/wp-content\/uploads\/2017\/01\/logo-fit360.png","contentUrl":"https:\/\/fit360.ee\/wp-content\/uploads\/2017\/01\/logo-fit360.png","width":180,"height":66,"caption":"Fit360"},"image":{"@id":"https:\/\/fit360.ee\/en\/#\/schema\/logo\/image\/"}}]}},"_links":{"self":[{"href":"https:\/\/fit360.ee\/en\/wp-json\/wp\/v2\/product\/66584","targetHints":{"allow":["GET"]}}],"collection":[{"href":"https:\/\/fit360.ee\/en\/wp-json\/wp\/v2\/product"}],"about":[{"href":"https:\/\/fit360.ee\/en\/wp-json\/wp\/v2\/types\/product"}],"replies":[{"embeddable":true,"href":"https:\/\/fit360.ee\/en\/wp-json\/wp\/v2\/comments?post=66584"}],"wp:featuredmedia":[{"embeddable":true,"href":"https:\/\/fit360.ee\/en\/wp-json\/wp\/v2\/media\/85702"}],"wp:attachment":[{"href":"https:\/\/fit360.ee\/en\/wp-json\/wp\/v2\/media?parent=66584"}],"wp:term":[{"taxonomy":"product_brand","embeddable":true,"href":"https:\/\/fit360.ee\/en\/wp-json\/wp\/v2\/product_brand?post=66584"},{"taxonomy":"product_cat","embeddable":true,"href":"https:\/\/fit360.ee\/en\/wp-json\/wp\/v2\/product_cat?post=66584"},{"taxonomy":"product_tag","embeddable":true,"href":"https:\/\/fit360.ee\/en\/wp-json\/wp\/v2\/product_tag?post=66584"},{"taxonomy":"giftcard-category","embeddable":true,"href":"https:\/\/fit360.ee\/en\/wp-json\/wp\/v2\/giftcard-category?post=66584"}],"curies":[{"name":"wp","href":"https:\/\/api.w.org\/{rel}","templated":true}]}}