{"id":66686,"date":"2022-11-24T17:33:23","date_gmt":"2022-11-24T15:33:23","guid":{"rendered":"https:\/\/fit360.ee\/pood\/uncategorized\/iconbar-proteiinibatoon\/"},"modified":"2026-03-26T12:03:48","modified_gmt":"2026-03-26T10:03:48","slug":"iconbar-proteiinibatoon","status":"publish","type":"product","link":"https:\/\/fit360.ee\/en\/pood\/product-groups\/protein-bars-and-snacks\/iconbar-proteiinibatoon\/","title":{"rendered":"ICONBAR Proteiinibatoon (45g)"},"content":{"rendered":"<h1>ICONBAR<\/h1>\n<p><strong>ICONFIT ICONBAR batoonid\u00a0<\/strong>on<b><\/b>\u00a0suurep\u00e4raste maitsetega, kvaliteetsete koostisosadega ja sobivad ideaalselt magusaisu rahuldamiseks tervislikul viisil.\u00a0<b>K\u00f5ige maitsvam tervislik vahepala, mida oled kunagi proovinud!<\/b> Iga batoon on m\u00f5\u00f5duka rasvasisaldusega ning k\u00f5rge valgu- ja kiudainesisaldusega. Kiudained on vajalikud seedimiseks, aidates kaasa normaalsele sooletalitlusele ja t\u00e4isk\u00f5hutunde s\u00e4ilitamisele. Valgud aitavad kaasa lihasmassi s\u00e4ilitamisele ja kasvule ning aitavad hoida luid normaalsena. ICONBAR batoonid on super mugav viis, kuidas saada oma igap\u00e4evasesse toitumisse rohkem kasulikke valkusid ja kiudaineid.<\/p>\n<p>ICONBAR proteiinibatoonid on valmis koheseks s\u00f6\u00f6miseks! Proteiinibatoonid sobivad h\u00e4sti kiire ja aktiivse eluviisi jaoks. Sportlastele, kes soovivad valgurikast vahepala v\u00f5i k\u00f5igile, kes otsivad tervislikku asendust maiustustele. Tervislik suupiste, mida saab kotti v\u00f5i taskusse pista ja pikematele reisidele, t\u00f6\u00f6le, kooli v\u00f5i kuhu iganes kaasa v\u00f5tta.<\/p>\n<p>ICONBAR batoonid on gluteenivabad ja sobivad ka taimetoitlastele!<\/p>\n<h4><strong>KOOSTISOSAD:<\/strong><\/h4>\n<p><strong>**Topelt \u0160okolaadi:<\/strong>\u00a0<strong>Piimavalgud<\/strong>\u00a033%, piima\u0161okolaad magusainega 16%*, magusaine: maltitool, oligofruktoos, niisutaja &#8211; gl\u00fctserool, kookos\u00f5li, t\u00e4iteaine &#8211; pol\u00fcdekstroos, \u0161okolaaditilgad magusainega 4,2%**, kakaopulber, magusaine: ks\u00fclitool, koorepulber, emulgaator: p\u00e4evalilleletsitiin, l\u00f5hna- ja maitseained. * magusaine &#8211; maltitool, kakaov\u00f5i,\u00a0<strong><b>t\u00e4is<\/b>piimapulber<\/strong>, kakaomass, emulgaator &#8211;\u00a0<strong>sojaletsitiin<\/strong>, l\u00f5hna- ja maitseaine. ** Kakaomass, magusaine: er\u00fctritool, kakaov\u00f5i, emulgaator: p\u00e4evalille letsitiin, magusaine: stevioolgl\u00fckosiidid.<br \/>\n<strong>**Kookose:<\/strong>\u00a0<strong>piimavalk<\/strong>\u00a0(35%),\u00a0<strong>piima\u0161okolaad<\/strong>\u00a0magusainega 16%*, magusaine &#8211; maltitool, oligofruktoos, niisutaja &#8211; gl\u00fctserool, kookos\u00f5li, t\u00e4iteaine &#8211; pol\u00fcdekstroos, kookoskoorepulber**, kookos 2,5%, magusaine &#8211; ks\u00fclitool, emulgaator: p\u00e4evalilleletsitiin, l\u00f5hna- ja maitseaine. * Magusaine &#8211; maltitool, kakaov\u00f5i,\u00a0<strong>t\u00e4ispiimapulber<\/strong>, kakaomass, emulgaator:\u00a0<strong>sojaletsitiin<\/strong>, l\u00f5hna- ja maitseaine. ** Kookospiim, maltodekstriin,\u00a0<strong>naatriumkaseinaat<\/strong>.<\/p>\n<table width=\"100%\">\n<thead>\n<tr>\n<th align=\"left\"><strong>Toitumisalane teave:<\/strong><\/th>\n<th align=\"left\"><strong>\u0160okolaad \/ 45 g<\/strong><\/th>\n<th align=\"left\"><strong>Kookos \/ 45 g<\/strong><\/th>\n<th align=\"left\"><strong>\u0160okolaad \/ 100 g<\/strong><\/th>\n<th align=\"left\"><strong>Kookos \/ 100 g<\/strong><\/th>\n<\/tr>\n<\/thead>\n<tbody>\n<tr>\n<td align=\"left\">Energia (kJ\/kcal)<\/td>\n<td align=\"left\">640\/154<\/td>\n<td align=\"left\">693\/166<\/td>\n<td align=\"left\">1423\/341<\/td>\n<td align=\"left\">1541\/370<\/td>\n<\/tr>\n<tr>\n<td align=\"left\">Valgud (g)<\/td>\n<td align=\"left\">13<\/td>\n<td align=\"left\">14<\/td>\n<td align=\"left\">30<\/td>\n<td align=\"left\">31<\/td>\n<\/tr>\n<tr>\n<td align=\"left\">S\u00fcsivesikud (g)<\/td>\n<td align=\"left\">13<\/td>\n<td align=\"left\">13<\/td>\n<td align=\"left\">29<\/td>\n<td align=\"left\">30<\/td>\n<\/tr>\n<tr>\n<td align=\"left\">millest suhkrud (g)<\/td>\n<td align=\"left\">1,3<\/td>\n<td align=\"left\">1,4<\/td>\n<td align=\"left\">3<\/td>\n<td align=\"left\">3,1<\/td>\n<\/tr>\n<tr>\n<td align=\"left\">Rasv (g)<\/td>\n<td align=\"left\">6,3<\/td>\n<td align=\"left\">7,4<\/td>\n<td align=\"left\">14<\/td>\n<td align=\"left\">16<\/td>\n<\/tr>\n<tr>\n<td align=\"left\">millest k\u00fcllastunud (g)<\/td>\n<td align=\"left\">4,5<\/td>\n<td align=\"left\">5,4<\/td>\n<td align=\"left\">10<\/td>\n<td align=\"left\">12<\/td>\n<\/tr>\n<tr>\n<td align=\"left\">Kiudained (g)<\/td>\n<td align=\"left\">4,6<\/td>\n<td align=\"left\">4,6<\/td>\n<td align=\"left\">10<\/td>\n<td align=\"left\">10<\/td>\n<\/tr>\n<\/tbody>\n<\/table>\n<p><strong>Kasutamine<\/strong>: Nautige seda maitsva vahepalana, kui teil on vaja n\u00e4lga kustutada v\u00f5i t\u00e4iendada oma valgu- ja energiataset. Seda on suurep\u00e4rane kasutada ka koos\u00a0<strong>meie <a href=\"https:\/\/fit360.ee\/en\/pood\/product-groups\/diet-meal-replacement-en\/diet-shake-715g\/\">Diet Shake<\/a> toidukorra asendajaga<\/strong>\u00a0kui vajate kiiret vahepala.<\/p>\n<p>Vaata ka meie Teisi Proteiinibatoone <a href=\"https:\/\/fit360.ee\/en\/product-category\/product-groups\/protein-bars-and-snacks\/\"><strong>SIIT<\/strong><\/a>!<\/p>\n<p>Soovid teha suuremat tellimust? Vaata antud toodet meie HULGI lehelt\u00a0<a href=\"https:\/\/toidulisandidhulgi.ee\/product\/iconbar-proteiinibatoon-12x45g\/\"><strong>SIIT<\/strong><\/a>!<\/p>\n","protected":false},"excerpt":{"rendered":"<p><strong>ICONFIT ICONBAR proteiinibatoonidel <\/strong>on suurep\u00e4rane maitse, meeldiv tekstuur ja k\u00f5rgkvaliteetsed puhtad koostisosad. Iga batoon on k\u00f5rge valgu- ja kiudainesisaldusega ning on meie esimene valik kiireks vahepalaks teel olles.<\/p>\n<ul>\n<li><strong>K\u00f5rge valgusisaldusega.<\/strong>\u00a0Igas batoonis on<strong>\u00a0\u00fcle 30% valku. Lisaks sellele on batoonid ka madala kalorsusega (ainult 154-166 kcal \u00fche batooni kohta<\/strong>).<\/li>\n<li><strong>K\u00f5rge kiudainesisaldusega.<\/strong>\u00a0Igas batoonis on \u00fcle 10% kiudaineid. Ei ole lisatud suhkrut.<\/li>\n<li><strong>Valida saab kahe suurep\u00e4rase maitse vahel.\u00a0<\/strong>Topelt\u0161okolaad ja kookos. Raske valida? Miks mitte proovida m\u00f5lemat?<\/li>\n<\/ul>\n","protected":false},"featured_media":66682,"comment_status":"closed","ping_status":"closed","template":"","meta":[],"product_brand":[],"product_cat":[1318,534],"product_tag":[4097,1681],"giftcard-category":[],"class_list":{"0":"post-66686","1":"product","2":"type-product","3":"status-publish","4":"has-post-thumbnail","6":"product_cat-iconfit-en","7":"product_cat-protein-bars-and-snacks","8":"product_tag-iconbar-en","9":"product_tag-iconfit-en","10":"pa_maitse-chocolate","11":"pa_maitse-coconut","12":"pa_maitse-vanilli","14":"first","15":"instock","16":"taxable","17":"shipping-taxable","18":"purchasable","19":"product-type-variable"},"yoast_head":"<!-- This site is optimized with the Yoast SEO plugin v27.3 - https:\/\/yoast.com\/product\/yoast-seo-wordpress\/ -->\n<title>ICONBAR Proteiinibatoon (45g) - Valgubatoon - Fit360<\/title>\n<meta name=\"description\" content=\"ICONBAR batoonid\u00a0on\u00a0suurep\u00e4raste maitsetega, kvaliteetsete koostisosadega ja sobivad ideaalselt magusaisu rahuldamiseks tervislikul viisil.\u00a0Kiire Tarne!\" \/>\n<meta name=\"robots\" content=\"index, follow, max-snippet:-1, max-image-preview:large, max-video-preview:-1\" \/>\n<link rel=\"canonical\" href=\"https:\/\/fit360.ee\/en\/pood\/product-groups\/protein-bars-and-snacks\/iconbar-proteiinibatoon\/\" \/>\n<meta property=\"og:locale\" content=\"en_US\" \/>\n<meta property=\"og:type\" content=\"article\" \/>\n<meta property=\"og:title\" content=\"ICONBAR Proteiinibatoon (45g) - Valgubatoon - Fit360\" \/>\n<meta property=\"og:description\" content=\"ICONBAR batoonid\u00a0on\u00a0suurep\u00e4raste maitsetega, kvaliteetsete koostisosadega ja sobivad ideaalselt magusaisu rahuldamiseks tervislikul viisil.\u00a0Kiire Tarne!\" \/>\n<meta property=\"og:url\" content=\"https:\/\/fit360.ee\/en\/pood\/product-groups\/protein-bars-and-snacks\/iconbar-proteiinibatoon\/\" \/>\n<meta property=\"og:site_name\" content=\"Fit360\" \/>\n<meta property=\"article:modified_time\" content=\"2026-03-26T10:03:48+00:00\" \/>\n<meta property=\"og:image\" content=\"https:\/\/fit360.ee\/wp-content\/uploads\/2022\/11\/iconbar-fit360.ee_.jpg\" \/>\n\t<meta property=\"og:image:width\" content=\"669\" \/>\n\t<meta property=\"og:image:height\" content=\"669\" \/>\n\t<meta property=\"og:image:type\" content=\"image\/jpeg\" \/>\n<meta name=\"twitter:card\" content=\"summary_large_image\" \/>\n<meta name=\"twitter:label1\" content=\"Est. reading time\" \/>\n\t<meta name=\"twitter:data1\" content=\"2 minutes\" \/>\n<script type=\"application\/ld+json\" class=\"yoast-schema-graph\">{\"@context\":\"https:\\\/\\\/schema.org\",\"@graph\":[{\"@type\":\"WebPage\",\"@id\":\"https:\\\/\\\/fit360.ee\\\/en\\\/pood\\\/product-groups\\\/protein-bars-and-snacks\\\/iconbar-proteiinibatoon\\\/\",\"url\":\"https:\\\/\\\/fit360.ee\\\/en\\\/pood\\\/product-groups\\\/protein-bars-and-snacks\\\/iconbar-proteiinibatoon\\\/\",\"name\":\"ICONBAR Proteiinibatoon (45g) - Valgubatoon - Fit360\",\"isPartOf\":{\"@id\":\"https:\\\/\\\/fit360.ee\\\/en\\\/#website\"},\"primaryImageOfPage\":{\"@id\":\"https:\\\/\\\/fit360.ee\\\/en\\\/pood\\\/product-groups\\\/protein-bars-and-snacks\\\/iconbar-proteiinibatoon\\\/#primaryimage\"},\"image\":{\"@id\":\"https:\\\/\\\/fit360.ee\\\/en\\\/pood\\\/product-groups\\\/protein-bars-and-snacks\\\/iconbar-proteiinibatoon\\\/#primaryimage\"},\"thumbnailUrl\":\"https:\\\/\\\/fit360.ee\\\/wp-content\\\/uploads\\\/2022\\\/11\\\/iconbar-fit360.ee_.jpg\",\"datePublished\":\"2022-11-24T15:33:23+00:00\",\"dateModified\":\"2026-03-26T10:03:48+00:00\",\"description\":\"ICONBAR batoonid\u00a0on\u00a0suurep\u00e4raste maitsetega, kvaliteetsete koostisosadega ja sobivad ideaalselt magusaisu rahuldamiseks tervislikul viisil.\u00a0Kiire Tarne!\",\"breadcrumb\":{\"@id\":\"https:\\\/\\\/fit360.ee\\\/en\\\/pood\\\/product-groups\\\/protein-bars-and-snacks\\\/iconbar-proteiinibatoon\\\/#breadcrumb\"},\"inLanguage\":\"en-US\",\"potentialAction\":[{\"@type\":\"ReadAction\",\"target\":[\"https:\\\/\\\/fit360.ee\\\/en\\\/pood\\\/product-groups\\\/protein-bars-and-snacks\\\/iconbar-proteiinibatoon\\\/\"]}]},{\"@type\":\"ImageObject\",\"inLanguage\":\"en-US\",\"@id\":\"https:\\\/\\\/fit360.ee\\\/en\\\/pood\\\/product-groups\\\/protein-bars-and-snacks\\\/iconbar-proteiinibatoon\\\/#primaryimage\",\"url\":\"https:\\\/\\\/fit360.ee\\\/wp-content\\\/uploads\\\/2022\\\/11\\\/iconbar-fit360.ee_.jpg\",\"contentUrl\":\"https:\\\/\\\/fit360.ee\\\/wp-content\\\/uploads\\\/2022\\\/11\\\/iconbar-fit360.ee_.jpg\",\"width\":669,\"height\":669,\"caption\":\"iconbar - fit360.ee\"},{\"@type\":\"BreadcrumbList\",\"@id\":\"https:\\\/\\\/fit360.ee\\\/en\\\/pood\\\/product-groups\\\/protein-bars-and-snacks\\\/iconbar-proteiinibatoon\\\/#breadcrumb\",\"itemListElement\":[{\"@type\":\"ListItem\",\"position\":1,\"name\":\"Home\",\"item\":\"https:\\\/\\\/fit360.ee\\\/en\\\/\"},{\"@type\":\"ListItem\",\"position\":2,\"name\":\"Shop\",\"item\":\"https:\\\/\\\/fit360.ee\\\/en\\\/shop\\\/\"},{\"@type\":\"ListItem\",\"position\":3,\"name\":\"ICONBAR Proteiinibatoon (45g)\"}]},{\"@type\":\"WebSite\",\"@id\":\"https:\\\/\\\/fit360.ee\\\/en\\\/#website\",\"url\":\"https:\\\/\\\/fit360.ee\\\/en\\\/\",\"name\":\"Fit360\",\"description\":\"\",\"publisher\":{\"@id\":\"https:\\\/\\\/fit360.ee\\\/en\\\/#organization\"},\"potentialAction\":[{\"@type\":\"SearchAction\",\"target\":{\"@type\":\"EntryPoint\",\"urlTemplate\":\"https:\\\/\\\/fit360.ee\\\/en\\\/?s={search_term_string}\"},\"query-input\":{\"@type\":\"PropertyValueSpecification\",\"valueRequired\":true,\"valueName\":\"search_term_string\"}}],\"inLanguage\":\"en-US\"},{\"@type\":\"Organization\",\"@id\":\"https:\\\/\\\/fit360.ee\\\/en\\\/#organization\",\"name\":\"Fit360\",\"url\":\"https:\\\/\\\/fit360.ee\\\/en\\\/\",\"logo\":{\"@type\":\"ImageObject\",\"inLanguage\":\"en-US\",\"@id\":\"https:\\\/\\\/fit360.ee\\\/en\\\/#\\\/schema\\\/logo\\\/image\\\/\",\"url\":\"https:\\\/\\\/fit360.ee\\\/wp-content\\\/uploads\\\/2017\\\/01\\\/logo-fit360.png\",\"contentUrl\":\"https:\\\/\\\/fit360.ee\\\/wp-content\\\/uploads\\\/2017\\\/01\\\/logo-fit360.png\",\"width\":180,\"height\":66,\"caption\":\"Fit360\"},\"image\":{\"@id\":\"https:\\\/\\\/fit360.ee\\\/en\\\/#\\\/schema\\\/logo\\\/image\\\/\"}}]}<\/script>\n<!-- \/ Yoast SEO plugin. -->","yoast_head_json":{"title":"ICONBAR Proteiinibatoon (45g) - Valgubatoon - Fit360","description":"ICONBAR batoonid\u00a0on\u00a0suurep\u00e4raste maitsetega, kvaliteetsete koostisosadega ja sobivad ideaalselt magusaisu rahuldamiseks tervislikul viisil.\u00a0Kiire Tarne!","robots":{"index":"index","follow":"follow","max-snippet":"max-snippet:-1","max-image-preview":"max-image-preview:large","max-video-preview":"max-video-preview:-1"},"canonical":"https:\/\/fit360.ee\/en\/pood\/product-groups\/protein-bars-and-snacks\/iconbar-proteiinibatoon\/","og_locale":"en_US","og_type":"article","og_title":"ICONBAR Proteiinibatoon (45g) - Valgubatoon - Fit360","og_description":"ICONBAR batoonid\u00a0on\u00a0suurep\u00e4raste maitsetega, kvaliteetsete koostisosadega ja sobivad ideaalselt magusaisu rahuldamiseks tervislikul viisil.\u00a0Kiire Tarne!","og_url":"https:\/\/fit360.ee\/en\/pood\/product-groups\/protein-bars-and-snacks\/iconbar-proteiinibatoon\/","og_site_name":"Fit360","article_modified_time":"2026-03-26T10:03:48+00:00","og_image":[{"width":669,"height":669,"url":"https:\/\/fit360.ee\/wp-content\/uploads\/2022\/11\/iconbar-fit360.ee_.jpg","type":"image\/jpeg"}],"twitter_card":"summary_large_image","twitter_misc":{"Est. reading time":"2 minutes"},"schema":{"@context":"https:\/\/schema.org","@graph":[{"@type":"WebPage","@id":"https:\/\/fit360.ee\/en\/pood\/product-groups\/protein-bars-and-snacks\/iconbar-proteiinibatoon\/","url":"https:\/\/fit360.ee\/en\/pood\/product-groups\/protein-bars-and-snacks\/iconbar-proteiinibatoon\/","name":"ICONBAR Proteiinibatoon (45g) - Valgubatoon - Fit360","isPartOf":{"@id":"https:\/\/fit360.ee\/en\/#website"},"primaryImageOfPage":{"@id":"https:\/\/fit360.ee\/en\/pood\/product-groups\/protein-bars-and-snacks\/iconbar-proteiinibatoon\/#primaryimage"},"image":{"@id":"https:\/\/fit360.ee\/en\/pood\/product-groups\/protein-bars-and-snacks\/iconbar-proteiinibatoon\/#primaryimage"},"thumbnailUrl":"https:\/\/fit360.ee\/wp-content\/uploads\/2022\/11\/iconbar-fit360.ee_.jpg","datePublished":"2022-11-24T15:33:23+00:00","dateModified":"2026-03-26T10:03:48+00:00","description":"ICONBAR batoonid\u00a0on\u00a0suurep\u00e4raste maitsetega, kvaliteetsete koostisosadega ja sobivad ideaalselt magusaisu rahuldamiseks tervislikul viisil.\u00a0Kiire Tarne!","breadcrumb":{"@id":"https:\/\/fit360.ee\/en\/pood\/product-groups\/protein-bars-and-snacks\/iconbar-proteiinibatoon\/#breadcrumb"},"inLanguage":"en-US","potentialAction":[{"@type":"ReadAction","target":["https:\/\/fit360.ee\/en\/pood\/product-groups\/protein-bars-and-snacks\/iconbar-proteiinibatoon\/"]}]},{"@type":"ImageObject","inLanguage":"en-US","@id":"https:\/\/fit360.ee\/en\/pood\/product-groups\/protein-bars-and-snacks\/iconbar-proteiinibatoon\/#primaryimage","url":"https:\/\/fit360.ee\/wp-content\/uploads\/2022\/11\/iconbar-fit360.ee_.jpg","contentUrl":"https:\/\/fit360.ee\/wp-content\/uploads\/2022\/11\/iconbar-fit360.ee_.jpg","width":669,"height":669,"caption":"iconbar - fit360.ee"},{"@type":"BreadcrumbList","@id":"https:\/\/fit360.ee\/en\/pood\/product-groups\/protein-bars-and-snacks\/iconbar-proteiinibatoon\/#breadcrumb","itemListElement":[{"@type":"ListItem","position":1,"name":"Home","item":"https:\/\/fit360.ee\/en\/"},{"@type":"ListItem","position":2,"name":"Shop","item":"https:\/\/fit360.ee\/en\/shop\/"},{"@type":"ListItem","position":3,"name":"ICONBAR Proteiinibatoon (45g)"}]},{"@type":"WebSite","@id":"https:\/\/fit360.ee\/en\/#website","url":"https:\/\/fit360.ee\/en\/","name":"Fit360","description":"","publisher":{"@id":"https:\/\/fit360.ee\/en\/#organization"},"potentialAction":[{"@type":"SearchAction","target":{"@type":"EntryPoint","urlTemplate":"https:\/\/fit360.ee\/en\/?s={search_term_string}"},"query-input":{"@type":"PropertyValueSpecification","valueRequired":true,"valueName":"search_term_string"}}],"inLanguage":"en-US"},{"@type":"Organization","@id":"https:\/\/fit360.ee\/en\/#organization","name":"Fit360","url":"https:\/\/fit360.ee\/en\/","logo":{"@type":"ImageObject","inLanguage":"en-US","@id":"https:\/\/fit360.ee\/en\/#\/schema\/logo\/image\/","url":"https:\/\/fit360.ee\/wp-content\/uploads\/2017\/01\/logo-fit360.png","contentUrl":"https:\/\/fit360.ee\/wp-content\/uploads\/2017\/01\/logo-fit360.png","width":180,"height":66,"caption":"Fit360"},"image":{"@id":"https:\/\/fit360.ee\/en\/#\/schema\/logo\/image\/"}}]}},"_links":{"self":[{"href":"https:\/\/fit360.ee\/en\/wp-json\/wp\/v2\/product\/66686","targetHints":{"allow":["GET"]}}],"collection":[{"href":"https:\/\/fit360.ee\/en\/wp-json\/wp\/v2\/product"}],"about":[{"href":"https:\/\/fit360.ee\/en\/wp-json\/wp\/v2\/types\/product"}],"replies":[{"embeddable":true,"href":"https:\/\/fit360.ee\/en\/wp-json\/wp\/v2\/comments?post=66686"}],"wp:featuredmedia":[{"embeddable":true,"href":"https:\/\/fit360.ee\/en\/wp-json\/wp\/v2\/media\/66682"}],"wp:attachment":[{"href":"https:\/\/fit360.ee\/en\/wp-json\/wp\/v2\/media?parent=66686"}],"wp:term":[{"taxonomy":"product_brand","embeddable":true,"href":"https:\/\/fit360.ee\/en\/wp-json\/wp\/v2\/product_brand?post=66686"},{"taxonomy":"product_cat","embeddable":true,"href":"https:\/\/fit360.ee\/en\/wp-json\/wp\/v2\/product_cat?post=66686"},{"taxonomy":"product_tag","embeddable":true,"href":"https:\/\/fit360.ee\/en\/wp-json\/wp\/v2\/product_tag?post=66686"},{"taxonomy":"giftcard-category","embeddable":true,"href":"https:\/\/fit360.ee\/en\/wp-json\/wp\/v2\/giftcard-category?post=66686"}],"curies":[{"name":"wp","href":"https:\/\/api.w.org\/{rel}","templated":true}]}}