{"id":66774,"date":"2022-11-28T15:44:54","date_gmt":"2022-11-28T13:44:54","guid":{"rendered":"https:\/\/fit360.ee\/pood\/uncategorized\/vitamiin-d3-4000iu-k2\/"},"modified":"2026-01-25T16:40:45","modified_gmt":"2026-01-25T14:40:45","slug":"vitamiin-d3-4000iu-k2","status":"publish","type":"product","link":"https:\/\/fit360.ee\/en\/pood\/product-groups\/%d0%b2%d0%b5%d0%b3%d0%b0%d0%bd\/vegan-capsules-en\/vitamiin-d3-4000iu-k2\/","title":{"rendered":"Vitamiin D3 4000IU + K2 (120 vCaps)"},"content":{"rendered":"<h1><strong>Vitamiin D3 4000IU + K2<\/strong><\/h1>\n<p>OstroVit Vitamiin D3 4000IU + K2 on vegan toidulisand, mis on rikas D3- ja K2-vitamiini MK-7 poolest. Toidulisand osutub t\u00f5husaks eelk\u00f5ige inimestel, kes kannatavad D3-vitamiini vaeguse k\u00e4es.<\/p>\n<p><a href=\"https:\/\/fit360.ee\/wp-content\/uploads\/2022\/11\/ostrovit-vitamiin-d3-k2-fit360.ee_-800x312.jpg\"><img loading=\"lazy\" decoding=\"async\" class=\"size-medium wp-image-66768\" src=\"https:\/\/fit360.ee\/wp-content\/uploads\/2022\/11\/ostrovit-vitamiin-d3-k2-fit360.ee_-800x312.jpg\" alt=\"ostrovit vitamiin d3 + k2 - fit360.ee\" width=\"800\" height=\"312\" srcset=\"https:\/\/fit360.ee\/wp-content\/uploads\/2022\/11\/ostrovit-vitamiin-d3-k2-fit360.ee_-800x312.jpg 800w, https:\/\/fit360.ee\/wp-content\/uploads\/2022\/11\/ostrovit-vitamiin-d3-k2-fit360.ee_-510x199.jpg 510w, https:\/\/fit360.ee\/wp-content\/uploads\/2022\/11\/ostrovit-vitamiin-d3-k2-fit360.ee_-768x300.jpg 768w, https:\/\/fit360.ee\/wp-content\/uploads\/2022\/11\/ostrovit-vitamiin-d3-k2-fit360.ee_.jpg 922w\" sizes=\"auto, (max-width: 800px) 100vw, 800px\" \/><\/a><\/p>\n<p>&nbsp;<\/p>\n<p><span style=\"color: #555555; font-size: 14.4px;\">OstroVit Vitamiin D3 4000IU + K2 on 120 kapslist koosnev komplekt, mis on rikas D3-vitamiini poolest ja millele on lisatud vitamiin K2 MK-7, mis tugevdab esimese m\u00f5ju. Toidulisandit on lihtne alla neelata, nii et see osutub t\u00f5husaks inimestel, kellel on raskusi klassikaliste tablettide v\u00f5tmisega.<\/span><\/p>\n<h4><strong>D Vitamiini puudus<\/strong><\/h4>\n<p>D-vitamiini puudus v\u00f5ib tabada k\u00f5iki, olenemata nende vanusest ja elustiilist, ning viia t\u00f5siste tervisega seotud tagaj\u00e4rgedeni. Pikaajaline D-vitamiini puudus v\u00f5ib v\u00e4ljenduda pidevas v\u00e4simuses, sagedastes infektsioonides, k\u00f5rgsurve- v\u00f5i luuhaigustes ja parodondihaigustes. Samuti v\u00f5ib see p\u00f5hjustada raskusi kaltsiumi ja fosfori omastamisel.<\/p>\n<p>D-vitamiini looduslikud allikad on p\u00e4ikesevalgus ja toit. Kahjuks on selle vitamiini sisaldus toidus kesine, nii et seda on t\u00f5esti raske hoida \u00f5igel tasemel, eriti s\u00fcgisel ja talvel.<\/p>\n<h4><strong>OstroVit Vitamin D3 4000+ K2 VEGE koostisainete omadused<\/strong><\/h4>\n<p>OstroVit Vitamin D3 4000IU + K2 on 120 kapslist koosnev komplekt, mis on rikas D3-vitamiini poolest ja millele on lisatud vitamiin K2 MK-7, mis tugevdab esimese m\u00f5ju. Toidulisandit on lihtne alla neelata, nii et see osutub t\u00f5husaks inimestel, kellel on raskusi klassikaliste tablettide v\u00f5tmisega.<\/p>\n<p><strong>LOODUSLIK D-VITAMIIN<\/strong> \u2013 Islandi sambla kolekaltsiferool toetab paljude s\u00fcsteemide ja organite t\u00f6\u00f6d. See ei m\u00f5juta mitte ainult organismi seestpoolt, vaid v\u00f5ib kaasa aidata ka naha ja juuste seisundi paranemisele.<br \/>\n<strong>VITAMIIN K2 MK-7<\/strong> \u2013 <em>Bacillus subtilis natto<\/em> p\u00e4rit Menachinon-7 MK-7 tagab \u00f5ige h\u00fc\u00fcbimise. Samuti aitab see hoida teie luud terved ja tugevad.<br \/>\n<strong>VEGAN TOODE<\/strong> \u2013 K\u00f5ik toidulisandi koostisained, D3- ja K2-vitamiin ning kapsli kate ei sisalda loomset p\u00e4ritolu koostisosi. Seet\u00f5ttu v\u00f5ite meie toidulisandit v\u00f5tta isegi siis, kui olete vegan<br \/>\n<strong>IDEALNE SEENIORITELE<\/strong> &#8211; OstroVit Vitamiin D3 4000 + K2 on m\u00f5eldud eakatele, kes vajavad suuremas koguses D-vitamiini. Tervetel \u00fcle 75-aastastel inimestel on v\u00f5imalik tarbida vaid \u00fcks kapsel.<\/p>\n<p><strong>Koostisosad<\/strong>: Inuliin, kapsli koostis (mahuaine: h\u00fcdroks\u00fcprop\u00fc\u00fclmet\u00fc\u00fcltselluloos), looduslik D-vitamiin Islandi samblikust (kolekaltsiferool), menahhinoon-7 MK-7 (vitamiin K) Bacillus subtilis natto&#8217;st. Toode v\u00f5ib sisaldada piima (sh laktoosi), sojaube, maap\u00e4hkleid, muid p\u00e4hkleid, seesamiseemneid, mune, gluteeni sisaldavaid teravilju, v\u00e4hilaadseid, kala.<\/p>\n<p><strong>Kasutamine<\/strong>: Tervetele alla 75-aastastele t\u00e4iskasvanutele &#8211; 1-2 kapslit p\u00e4evas, tervetele t\u00e4iskasvanutele \u00fcle 75-aastastele &#8211; 1 kapsel p\u00e4evas. Enne kasutamist on soovitatav teha 25-(OH) D vereanal\u00fc\u00fcs ja konsulteerida arsti v\u00f5i apteekriga.<\/p>\n<p><strong>Suurus<\/strong>: 120 <a href=\"https:\/\/fit360.ee\/en\/product-category\/product-groups\/vegan-en\/vegan-capsules-en\/\"><strong>Vegan kapslit &#8211; vCaps<\/strong><\/a><\/p>\n<table>\n<tbody>\n<tr>\n<th>Aktiivsed Toimeained<\/th>\n<th>Serveeringu kohta &#8211; 1 kapsel<\/th>\n<th>% SPK*<\/th>\n<\/tr>\n<tr>\n<td>Vitamiin K<\/td>\n<td>100 \u03bcg<\/td>\n<td>133<\/td>\n<\/tr>\n<tr>\n<td>Vitamiin D<\/td>\n<td>100 \u03bcg \/ 4000 IU<\/td>\n<td>2000<\/td>\n<\/tr>\n<\/tbody>\n<\/table>\n<p>*SPK &#8211; Soovitatud p\u00e4evane kogus.<\/p>\n<p>Vaata ka meie Teisi D Vitamiine <a href=\"https:\/\/fit360.ee\/en\/product-category\/product-groups\/vitamins-and-minerals-en\/d-vitamin-en\/\"><strong>SIIT<\/strong><\/a> v\u00f5i K Vitamiine <a href=\"https:\/\/fit360.ee\/en\/product-category\/product-groups\/vitamins-and-minerals-en\/k-vitamin-en\/\"><strong>SIIT<\/strong><\/a>!<\/p>\n<p>Soovid kaupa osta suuremas koguses? Vaata antud toodet ka meie HULGI poest\u00a0<a href=\"https:\/\/toidulisandidhulgi.ee\/product\/vitamiin-d3-4000iu-k2\/\"><strong>SIIT<\/strong><\/a>!<\/p>\n","protected":false},"excerpt":{"rendered":"<ul>\n<li>Looduslik D-Vitamiin<\/li>\n<li>Rikastatud Vitamiin K2 MK-7<\/li>\n<li>Vegan toode<\/li>\n<li>Toetab luustikku<\/li>\n<li>Tugevdab immuuns\u00fcsteemi<\/li>\n<\/ul>\n","protected":false},"featured_media":84532,"comment_status":"closed","ping_status":"closed","template":"","meta":[],"product_brand":[],"product_cat":[1913,5320,527,2263,1329,2664,536,1201],"product_tag":[1958,2537,1924,4103],"giftcard-category":[],"class_list":{"0":"post-66774","1":"product","2":"type-product","3":"status-publish","4":"has-post-thumbnail","6":"product_cat-d-vitamin-en","7":"product_cat-for-immunity-en","8":"product_cat-joint-support-en","9":"product_cat-k-vitamin-en","10":"product_cat-ostrovit-en","11":"product_cat-vegan-capsules-en","12":"product_cat-vitamins-and-minerals-en","13":"product_cat-1201","14":"product_tag-d-vitamiin-en","15":"product_tag-k-vitamiin-en","16":"product_tag-ostrovit-en","17":"product_tag-vitamiin-d3-4000iu-k2-en","18":"pa_kogus-120-capsules","19":"pa_toidulisand-branddd-ostrovit","20":"pa_tootegruppp-d-vitamiin-en","21":"pa_tootegruppp-for-joints","22":"pa_tootegruppp-immuunsusteem-en","23":"pa_tootegruppp-k-vitamiin-en","24":"pa_tootegruppp-vcaps-vegan-kapslid-en","25":"pa_tootegruppp-vegan-en","26":"pa_tootegruppp-vitamins-and-minerals","28":"first","29":"outofstock","30":"sale","31":"taxable","32":"shipping-taxable","33":"purchasable","34":"product-type-simple"},"yoast_head":"<!-- This site is optimized with the Yoast SEO plugin v27.3 - https:\/\/yoast.com\/product\/yoast-seo-wordpress\/ -->\n<title>Vitamiin D3 4000IU + K2 (120 vCaps) - D Vitamiin - Fit360<\/title>\n<meta name=\"description\" content=\"Vitamiin D3 4000IU + K2 on vegan toidulisand, mis on rikas D3- ja K2-vitamiini MK-7 poolest. Toidulisand osutub t\u00f5husaks eelk\u00f5ige inimestel, kes kanna...\" \/>\n<meta name=\"robots\" content=\"index, follow, max-snippet:-1, max-image-preview:large, max-video-preview:-1\" \/>\n<link rel=\"canonical\" href=\"https:\/\/fit360.ee\/en\/pood\/product-groups\/\u0432\u0435\u0433\u0430\u043d\/vegan-capsules-en\/vitamiin-d3-4000iu-k2\/\" \/>\n<meta property=\"og:locale\" content=\"en_US\" \/>\n<meta property=\"og:type\" content=\"article\" \/>\n<meta property=\"og:title\" content=\"Vitamiin D3 4000IU + K2 (120 vCaps) - D Vitamiin - Fit360\" \/>\n<meta property=\"og:description\" content=\"Vitamiin D3 4000IU + K2 on vegan toidulisand, mis on rikas D3- ja K2-vitamiini MK-7 poolest. Toidulisand osutub t\u00f5husaks eelk\u00f5ige inimestel, kes kanna...\" \/>\n<meta property=\"og:url\" content=\"https:\/\/fit360.ee\/en\/pood\/product-groups\/\u0432\u0435\u0433\u0430\u043d\/vegan-capsules-en\/vitamiin-d3-4000iu-k2\/\" \/>\n<meta property=\"og:site_name\" content=\"Fit360\" \/>\n<meta property=\"article:modified_time\" content=\"2026-01-25T14:40:45+00:00\" \/>\n<meta property=\"og:image\" content=\"https:\/\/fit360.ee\/wp-content\/uploads\/2022\/11\/vitamiin-d3-4000iu-k2-fit360.ee_.png\" \/>\n\t<meta property=\"og:image:width\" content=\"450\" \/>\n\t<meta property=\"og:image:height\" content=\"450\" \/>\n\t<meta property=\"og:image:type\" content=\"image\/png\" \/>\n<meta name=\"twitter:card\" content=\"summary_large_image\" \/>\n<meta name=\"twitter:label1\" content=\"Est. reading time\" \/>\n\t<meta name=\"twitter:data1\" content=\"3 minutes\" \/>\n<script type=\"application\/ld+json\" class=\"yoast-schema-graph\">{\"@context\":\"https:\\\/\\\/schema.org\",\"@graph\":[{\"@type\":\"WebPage\",\"@id\":\"https:\\\/\\\/fit360.ee\\\/en\\\/pood\\\/product-groups\\\/%d0%b2%d0%b5%d0%b3%d0%b0%d0%bd\\\/vegan-capsules-en\\\/vitamiin-d3-4000iu-k2\\\/\",\"url\":\"https:\\\/\\\/fit360.ee\\\/en\\\/pood\\\/product-groups\\\/%d0%b2%d0%b5%d0%b3%d0%b0%d0%bd\\\/vegan-capsules-en\\\/vitamiin-d3-4000iu-k2\\\/\",\"name\":\"Vitamiin D3 4000IU + K2 (120 vCaps) - D Vitamiin - Fit360\",\"isPartOf\":{\"@id\":\"https:\\\/\\\/fit360.ee\\\/en\\\/#website\"},\"primaryImageOfPage\":{\"@id\":\"https:\\\/\\\/fit360.ee\\\/en\\\/pood\\\/product-groups\\\/%d0%b2%d0%b5%d0%b3%d0%b0%d0%bd\\\/vegan-capsules-en\\\/vitamiin-d3-4000iu-k2\\\/#primaryimage\"},\"image\":{\"@id\":\"https:\\\/\\\/fit360.ee\\\/en\\\/pood\\\/product-groups\\\/%d0%b2%d0%b5%d0%b3%d0%b0%d0%bd\\\/vegan-capsules-en\\\/vitamiin-d3-4000iu-k2\\\/#primaryimage\"},\"thumbnailUrl\":\"https:\\\/\\\/fit360.ee\\\/wp-content\\\/uploads\\\/2022\\\/11\\\/vitamiin-d3-4000iu-k2-fit360.ee_.png\",\"datePublished\":\"2022-11-28T13:44:54+00:00\",\"dateModified\":\"2026-01-25T14:40:45+00:00\",\"description\":\"Vitamiin D3 4000IU + K2 on vegan toidulisand, mis on rikas D3- ja K2-vitamiini MK-7 poolest. Toidulisand osutub t\u00f5husaks eelk\u00f5ige inimestel, kes kanna...\",\"breadcrumb\":{\"@id\":\"https:\\\/\\\/fit360.ee\\\/en\\\/pood\\\/product-groups\\\/%d0%b2%d0%b5%d0%b3%d0%b0%d0%bd\\\/vegan-capsules-en\\\/vitamiin-d3-4000iu-k2\\\/#breadcrumb\"},\"inLanguage\":\"en-US\",\"potentialAction\":[{\"@type\":\"ReadAction\",\"target\":[\"https:\\\/\\\/fit360.ee\\\/en\\\/pood\\\/product-groups\\\/%d0%b2%d0%b5%d0%b3%d0%b0%d0%bd\\\/vegan-capsules-en\\\/vitamiin-d3-4000iu-k2\\\/\"]}]},{\"@type\":\"ImageObject\",\"inLanguage\":\"en-US\",\"@id\":\"https:\\\/\\\/fit360.ee\\\/en\\\/pood\\\/product-groups\\\/%d0%b2%d0%b5%d0%b3%d0%b0%d0%bd\\\/vegan-capsules-en\\\/vitamiin-d3-4000iu-k2\\\/#primaryimage\",\"url\":\"https:\\\/\\\/fit360.ee\\\/wp-content\\\/uploads\\\/2022\\\/11\\\/vitamiin-d3-4000iu-k2-fit360.ee_.png\",\"contentUrl\":\"https:\\\/\\\/fit360.ee\\\/wp-content\\\/uploads\\\/2022\\\/11\\\/vitamiin-d3-4000iu-k2-fit360.ee_.png\",\"width\":450,\"height\":450,\"caption\":\"vitamiin d3 4000iu + k2 - fit360.ee\"},{\"@type\":\"BreadcrumbList\",\"@id\":\"https:\\\/\\\/fit360.ee\\\/en\\\/pood\\\/product-groups\\\/%d0%b2%d0%b5%d0%b3%d0%b0%d0%bd\\\/vegan-capsules-en\\\/vitamiin-d3-4000iu-k2\\\/#breadcrumb\",\"itemListElement\":[{\"@type\":\"ListItem\",\"position\":1,\"name\":\"Home\",\"item\":\"https:\\\/\\\/fit360.ee\\\/en\\\/\"},{\"@type\":\"ListItem\",\"position\":2,\"name\":\"Shop\",\"item\":\"https:\\\/\\\/fit360.ee\\\/en\\\/shop\\\/\"},{\"@type\":\"ListItem\",\"position\":3,\"name\":\"Vitamiin D3 4000IU + K2 (120 vCaps)\"}]},{\"@type\":\"WebSite\",\"@id\":\"https:\\\/\\\/fit360.ee\\\/en\\\/#website\",\"url\":\"https:\\\/\\\/fit360.ee\\\/en\\\/\",\"name\":\"Fit360\",\"description\":\"\",\"publisher\":{\"@id\":\"https:\\\/\\\/fit360.ee\\\/en\\\/#organization\"},\"potentialAction\":[{\"@type\":\"SearchAction\",\"target\":{\"@type\":\"EntryPoint\",\"urlTemplate\":\"https:\\\/\\\/fit360.ee\\\/en\\\/?s={search_term_string}\"},\"query-input\":{\"@type\":\"PropertyValueSpecification\",\"valueRequired\":true,\"valueName\":\"search_term_string\"}}],\"inLanguage\":\"en-US\"},{\"@type\":\"Organization\",\"@id\":\"https:\\\/\\\/fit360.ee\\\/en\\\/#organization\",\"name\":\"Fit360\",\"url\":\"https:\\\/\\\/fit360.ee\\\/en\\\/\",\"logo\":{\"@type\":\"ImageObject\",\"inLanguage\":\"en-US\",\"@id\":\"https:\\\/\\\/fit360.ee\\\/en\\\/#\\\/schema\\\/logo\\\/image\\\/\",\"url\":\"https:\\\/\\\/fit360.ee\\\/wp-content\\\/uploads\\\/2017\\\/01\\\/logo-fit360.png\",\"contentUrl\":\"https:\\\/\\\/fit360.ee\\\/wp-content\\\/uploads\\\/2017\\\/01\\\/logo-fit360.png\",\"width\":180,\"height\":66,\"caption\":\"Fit360\"},\"image\":{\"@id\":\"https:\\\/\\\/fit360.ee\\\/en\\\/#\\\/schema\\\/logo\\\/image\\\/\"}}]}<\/script>\n<!-- \/ Yoast SEO plugin. -->","yoast_head_json":{"title":"Vitamiin D3 4000IU + K2 (120 vCaps) - D Vitamiin - Fit360","description":"Vitamiin D3 4000IU + K2 on vegan toidulisand, mis on rikas D3- ja K2-vitamiini MK-7 poolest. Toidulisand osutub t\u00f5husaks eelk\u00f5ige inimestel, kes kanna...","robots":{"index":"index","follow":"follow","max-snippet":"max-snippet:-1","max-image-preview":"max-image-preview:large","max-video-preview":"max-video-preview:-1"},"canonical":"https:\/\/fit360.ee\/en\/pood\/product-groups\/\u0432\u0435\u0433\u0430\u043d\/vegan-capsules-en\/vitamiin-d3-4000iu-k2\/","og_locale":"en_US","og_type":"article","og_title":"Vitamiin D3 4000IU + K2 (120 vCaps) - D Vitamiin - Fit360","og_description":"Vitamiin D3 4000IU + K2 on vegan toidulisand, mis on rikas D3- ja K2-vitamiini MK-7 poolest. Toidulisand osutub t\u00f5husaks eelk\u00f5ige inimestel, kes kanna...","og_url":"https:\/\/fit360.ee\/en\/pood\/product-groups\/\u0432\u0435\u0433\u0430\u043d\/vegan-capsules-en\/vitamiin-d3-4000iu-k2\/","og_site_name":"Fit360","article_modified_time":"2026-01-25T14:40:45+00:00","og_image":[{"width":450,"height":450,"url":"https:\/\/fit360.ee\/wp-content\/uploads\/2022\/11\/vitamiin-d3-4000iu-k2-fit360.ee_.png","type":"image\/png"}],"twitter_card":"summary_large_image","twitter_misc":{"Est. reading time":"3 minutes"},"schema":{"@context":"https:\/\/schema.org","@graph":[{"@type":"WebPage","@id":"https:\/\/fit360.ee\/en\/pood\/product-groups\/%d0%b2%d0%b5%d0%b3%d0%b0%d0%bd\/vegan-capsules-en\/vitamiin-d3-4000iu-k2\/","url":"https:\/\/fit360.ee\/en\/pood\/product-groups\/%d0%b2%d0%b5%d0%b3%d0%b0%d0%bd\/vegan-capsules-en\/vitamiin-d3-4000iu-k2\/","name":"Vitamiin D3 4000IU + K2 (120 vCaps) - D Vitamiin - Fit360","isPartOf":{"@id":"https:\/\/fit360.ee\/en\/#website"},"primaryImageOfPage":{"@id":"https:\/\/fit360.ee\/en\/pood\/product-groups\/%d0%b2%d0%b5%d0%b3%d0%b0%d0%bd\/vegan-capsules-en\/vitamiin-d3-4000iu-k2\/#primaryimage"},"image":{"@id":"https:\/\/fit360.ee\/en\/pood\/product-groups\/%d0%b2%d0%b5%d0%b3%d0%b0%d0%bd\/vegan-capsules-en\/vitamiin-d3-4000iu-k2\/#primaryimage"},"thumbnailUrl":"https:\/\/fit360.ee\/wp-content\/uploads\/2022\/11\/vitamiin-d3-4000iu-k2-fit360.ee_.png","datePublished":"2022-11-28T13:44:54+00:00","dateModified":"2026-01-25T14:40:45+00:00","description":"Vitamiin D3 4000IU + K2 on vegan toidulisand, mis on rikas D3- ja K2-vitamiini MK-7 poolest. Toidulisand osutub t\u00f5husaks eelk\u00f5ige inimestel, kes kanna...","breadcrumb":{"@id":"https:\/\/fit360.ee\/en\/pood\/product-groups\/%d0%b2%d0%b5%d0%b3%d0%b0%d0%bd\/vegan-capsules-en\/vitamiin-d3-4000iu-k2\/#breadcrumb"},"inLanguage":"en-US","potentialAction":[{"@type":"ReadAction","target":["https:\/\/fit360.ee\/en\/pood\/product-groups\/%d0%b2%d0%b5%d0%b3%d0%b0%d0%bd\/vegan-capsules-en\/vitamiin-d3-4000iu-k2\/"]}]},{"@type":"ImageObject","inLanguage":"en-US","@id":"https:\/\/fit360.ee\/en\/pood\/product-groups\/%d0%b2%d0%b5%d0%b3%d0%b0%d0%bd\/vegan-capsules-en\/vitamiin-d3-4000iu-k2\/#primaryimage","url":"https:\/\/fit360.ee\/wp-content\/uploads\/2022\/11\/vitamiin-d3-4000iu-k2-fit360.ee_.png","contentUrl":"https:\/\/fit360.ee\/wp-content\/uploads\/2022\/11\/vitamiin-d3-4000iu-k2-fit360.ee_.png","width":450,"height":450,"caption":"vitamiin d3 4000iu + k2 - fit360.ee"},{"@type":"BreadcrumbList","@id":"https:\/\/fit360.ee\/en\/pood\/product-groups\/%d0%b2%d0%b5%d0%b3%d0%b0%d0%bd\/vegan-capsules-en\/vitamiin-d3-4000iu-k2\/#breadcrumb","itemListElement":[{"@type":"ListItem","position":1,"name":"Home","item":"https:\/\/fit360.ee\/en\/"},{"@type":"ListItem","position":2,"name":"Shop","item":"https:\/\/fit360.ee\/en\/shop\/"},{"@type":"ListItem","position":3,"name":"Vitamiin D3 4000IU + K2 (120 vCaps)"}]},{"@type":"WebSite","@id":"https:\/\/fit360.ee\/en\/#website","url":"https:\/\/fit360.ee\/en\/","name":"Fit360","description":"","publisher":{"@id":"https:\/\/fit360.ee\/en\/#organization"},"potentialAction":[{"@type":"SearchAction","target":{"@type":"EntryPoint","urlTemplate":"https:\/\/fit360.ee\/en\/?s={search_term_string}"},"query-input":{"@type":"PropertyValueSpecification","valueRequired":true,"valueName":"search_term_string"}}],"inLanguage":"en-US"},{"@type":"Organization","@id":"https:\/\/fit360.ee\/en\/#organization","name":"Fit360","url":"https:\/\/fit360.ee\/en\/","logo":{"@type":"ImageObject","inLanguage":"en-US","@id":"https:\/\/fit360.ee\/en\/#\/schema\/logo\/image\/","url":"https:\/\/fit360.ee\/wp-content\/uploads\/2017\/01\/logo-fit360.png","contentUrl":"https:\/\/fit360.ee\/wp-content\/uploads\/2017\/01\/logo-fit360.png","width":180,"height":66,"caption":"Fit360"},"image":{"@id":"https:\/\/fit360.ee\/en\/#\/schema\/logo\/image\/"}}]}},"_links":{"self":[{"href":"https:\/\/fit360.ee\/en\/wp-json\/wp\/v2\/product\/66774","targetHints":{"allow":["GET"]}}],"collection":[{"href":"https:\/\/fit360.ee\/en\/wp-json\/wp\/v2\/product"}],"about":[{"href":"https:\/\/fit360.ee\/en\/wp-json\/wp\/v2\/types\/product"}],"replies":[{"embeddable":true,"href":"https:\/\/fit360.ee\/en\/wp-json\/wp\/v2\/comments?post=66774"}],"wp:featuredmedia":[{"embeddable":true,"href":"https:\/\/fit360.ee\/en\/wp-json\/wp\/v2\/media\/84532"}],"wp:attachment":[{"href":"https:\/\/fit360.ee\/en\/wp-json\/wp\/v2\/media?parent=66774"}],"wp:term":[{"taxonomy":"product_brand","embeddable":true,"href":"https:\/\/fit360.ee\/en\/wp-json\/wp\/v2\/product_brand?post=66774"},{"taxonomy":"product_cat","embeddable":true,"href":"https:\/\/fit360.ee\/en\/wp-json\/wp\/v2\/product_cat?post=66774"},{"taxonomy":"product_tag","embeddable":true,"href":"https:\/\/fit360.ee\/en\/wp-json\/wp\/v2\/product_tag?post=66774"},{"taxonomy":"giftcard-category","embeddable":true,"href":"https:\/\/fit360.ee\/en\/wp-json\/wp\/v2\/giftcard-category?post=66774"}],"curies":[{"name":"wp","href":"https:\/\/api.w.org\/{rel}","templated":true}]}}