{"id":66785,"date":"2022-11-28T16:38:57","date_gmt":"2022-11-28T14:38:57","guid":{"rendered":"https:\/\/fit360.ee\/pood\/uncategorized\/shaker-sport\/"},"modified":"2025-08-27T18:37:39","modified_gmt":"2025-08-27T16:37:39","slug":"shaker-sport","status":"publish","type":"product","link":"https:\/\/fit360.ee\/en\/pood\/training-equipment-en\/drinking-bottles-en\/shaker-sport\/","title":{"rendered":"Ostrovit Shaker Sport (700ml)"},"content":{"rendered":"<h1><strong>Ostrovit Shaker Sport<\/strong><\/h1>\n<p>OstroVit Shaker Sport 700 ml on standardsete, v\u00e4rviliste ja t\u00f6\u00f6kindlate \u0161eikerite sari, mida saate n\u00fc\u00fcdsest kaasa v\u00f5tta, kuhu iganes soovite. Olgu selleks raske j\u00f5utreening, v\u00e4ljas\u00f5it m\u00e4gedesse v\u00f5i v\u00f5ib-olla lihtne jalutusk\u00e4ik \u2013 valage lihtsalt vett v\u00f5i koostage oma lemmikvalgukokteil, mis asendab teie s\u00f6\u00f6ki, mille valmistamisele peate sageli kulutama palju aega.<\/p>\n<p><a href=\"https:\/\/fit360.ee\/wp-content\/uploads\/2022\/11\/ostrovit-shaker-sport-700ml-fit360.ee_-800x312.jpg\"><img loading=\"lazy\" decoding=\"async\" class=\"size-medium wp-image-66780\" src=\"https:\/\/fit360.ee\/wp-content\/uploads\/2022\/11\/ostrovit-shaker-sport-700ml-fit360.ee_-800x312.jpg\" alt=\"ostrovit shaker sport 700ml - fit360.ee\" width=\"800\" height=\"312\" srcset=\"https:\/\/fit360.ee\/wp-content\/uploads\/2022\/11\/ostrovit-shaker-sport-700ml-fit360.ee_-800x312.jpg 800w, https:\/\/fit360.ee\/wp-content\/uploads\/2022\/11\/ostrovit-shaker-sport-700ml-fit360.ee_-510x199.jpg 510w, https:\/\/fit360.ee\/wp-content\/uploads\/2022\/11\/ostrovit-shaker-sport-700ml-fit360.ee_-768x300.jpg 768w, https:\/\/fit360.ee\/wp-content\/uploads\/2022\/11\/ostrovit-shaker-sport-700ml-fit360.ee_.jpg 922w\" sizes=\"auto, (max-width: 800px) 100vw, 800px\" \/><\/a><\/p>\n<h4><strong>OstroVit Shaker Sport 700 ml<\/strong><\/h4>\n<p>See on 700 ml mahutavusega suure OstroViti logoga keeratav anum teie lemmikjookidele ning selle disain takistab t\u00f5husalt toitainete lekkimist. Shaker on toiduga kokkupuutel t\u00e4iesti ohutu. T\u00e4nu sellele, et see on l\u00e4bipaistev, saate oma valmistatud joogi kogust h\u00f5lpsalt m\u00f5\u00f5ta, mille muudab lihtsamaks shakeri tagak\u00fcljel asuv m\u00f5\u00f5tekork. Oma lemmikvalgukokteilide loomisel kasutage komplektiga kaasas olevat spetsiaalset kurna. See purustab t\u00fckid suurep\u00e4raselt ja muudab teie joogi konsistentsi t\u00e4iuslikuks.<\/p>\n<p><strong>Funktsioonid<\/strong>:<\/p>\n<ul>\n<li>S\u00f5el h\u00f5lpsaks segamiseks<\/li>\n<li>Lihtne puhastada<\/li>\n<li>Mahutavus 700 ml<\/li>\n<li>Mugav ja vastupidav<\/li>\n<\/ul>\n<p>Vaata ka meie Teisi Joogipudeleid <a href=\"https:\/\/fit360.ee\/en\/product-category\/training-equipment-en\/drinking-bottles-en\/\"><strong>SIIT<\/strong><\/a> v\u00f5i Shakereid <a href=\"https:\/\/fit360.ee\/en\/product-category\/training-equipment-en\/shakers-en\/\"><strong>SIIT<\/strong><\/a>!<\/p>\n<p>Soovid kaupa osta suuremas koguses? Vaata antud toodet ka meie HULGI poest\u00a0<a href=\"https:\/\/toidulisandidhulgi.ee\/product\/shaker-sport\/\"><strong>SIIT<\/strong><\/a>!<\/p>\n","protected":false},"excerpt":{"rendered":"<ul>\n<li>S\u00f5el h\u00f5lpsaks segamiseks<\/li>\n<li>Lihtne puhastada<\/li>\n<li>Mahutavus 700 ml<\/li>\n<li>Mugav ja vastupidav<\/li>\n<\/ul>\n","protected":false},"featured_media":66783,"comment_status":"closed","ping_status":"closed","template":"","meta":[],"product_brand":[],"product_cat":[540,1329,551],"product_tag":[1924,4106],"giftcard-category":[],"class_list":{"0":"post-66785","1":"product","2":"type-product","3":"status-publish","4":"has-post-thumbnail","6":"product_cat-drinking-bottles-en","7":"product_cat-ostrovit-en","8":"product_cat-shakers-en","9":"product_tag-ostrovit-en","10":"product_tag-shaker-sport-en","11":"pa_varvus-black","12":"pa_varvus-blue","13":"pa_varvus-pink","14":"pa_varvus-tumeroheline-en","15":"pa_varvus-violet","16":"pa_varvus-yellow","18":"first","19":"instock","20":"sale","21":"taxable","22":"shipping-taxable","23":"purchasable","24":"product-type-variable"},"yoast_head":"<!-- This site is optimized with the Yoast SEO plugin v27.3 - https:\/\/yoast.com\/product\/yoast-seo-wordpress\/ -->\n<title>Ostrovit Shaker Sport (700ml) - \u0160eiker\/Joogipudel - Fit360<\/title>\n<meta name=\"description\" content=\"Shaker Sport 700 ml on standardsete, v\u00e4rviliste ja t\u00f6\u00f6kindlate \u0161eikerite sari, mida saate n\u00fc\u00fcdsest kaasa v\u00f5tta, kuhu iganes soovite. Kiire Tarne!\" \/>\n<meta name=\"robots\" content=\"index, follow, max-snippet:-1, max-image-preview:large, max-video-preview:-1\" \/>\n<link rel=\"canonical\" href=\"https:\/\/fit360.ee\/en\/pood\/training-equipment-en\/drinking-bottles-en\/shaker-sport\/\" \/>\n<meta property=\"og:locale\" content=\"en_US\" \/>\n<meta property=\"og:type\" content=\"article\" \/>\n<meta property=\"og:title\" content=\"Ostrovit Shaker Sport (700ml) - \u0160eiker\/Joogipudel - Fit360\" \/>\n<meta property=\"og:description\" content=\"Shaker Sport 700 ml on standardsete, v\u00e4rviliste ja t\u00f6\u00f6kindlate \u0161eikerite sari, mida saate n\u00fc\u00fcdsest kaasa v\u00f5tta, kuhu iganes soovite. Kiire Tarne!\" \/>\n<meta property=\"og:url\" content=\"https:\/\/fit360.ee\/en\/pood\/training-equipment-en\/drinking-bottles-en\/shaker-sport\/\" \/>\n<meta property=\"og:site_name\" content=\"Fit360\" \/>\n<meta property=\"article:modified_time\" content=\"2025-08-27T16:37:39+00:00\" \/>\n<meta property=\"og:image\" content=\"https:\/\/fit360.ee\/wp-content\/uploads\/2022\/11\/shaker-sport-fit360.ee-1.png\" \/>\n\t<meta property=\"og:image:width\" content=\"450\" \/>\n\t<meta property=\"og:image:height\" content=\"450\" \/>\n\t<meta property=\"og:image:type\" content=\"image\/png\" \/>\n<meta name=\"twitter:card\" content=\"summary_large_image\" \/>\n<meta name=\"twitter:label1\" content=\"Est. reading time\" \/>\n\t<meta name=\"twitter:data1\" content=\"1 minute\" \/>\n<script type=\"application\/ld+json\" class=\"yoast-schema-graph\">{\"@context\":\"https:\\\/\\\/schema.org\",\"@graph\":[{\"@type\":\"WebPage\",\"@id\":\"https:\\\/\\\/fit360.ee\\\/en\\\/pood\\\/training-equipment-en\\\/drinking-bottles-en\\\/shaker-sport\\\/\",\"url\":\"https:\\\/\\\/fit360.ee\\\/en\\\/pood\\\/training-equipment-en\\\/drinking-bottles-en\\\/shaker-sport\\\/\",\"name\":\"Ostrovit Shaker Sport (700ml) - \u0160eiker\\\/Joogipudel - Fit360\",\"isPartOf\":{\"@id\":\"https:\\\/\\\/fit360.ee\\\/en\\\/#website\"},\"primaryImageOfPage\":{\"@id\":\"https:\\\/\\\/fit360.ee\\\/en\\\/pood\\\/training-equipment-en\\\/drinking-bottles-en\\\/shaker-sport\\\/#primaryimage\"},\"image\":{\"@id\":\"https:\\\/\\\/fit360.ee\\\/en\\\/pood\\\/training-equipment-en\\\/drinking-bottles-en\\\/shaker-sport\\\/#primaryimage\"},\"thumbnailUrl\":\"https:\\\/\\\/fit360.ee\\\/wp-content\\\/uploads\\\/2022\\\/11\\\/shaker-sport-fit360.ee-1.png\",\"datePublished\":\"2022-11-28T14:38:57+00:00\",\"dateModified\":\"2025-08-27T16:37:39+00:00\",\"description\":\"Shaker Sport 700 ml on standardsete, v\u00e4rviliste ja t\u00f6\u00f6kindlate \u0161eikerite sari, mida saate n\u00fc\u00fcdsest kaasa v\u00f5tta, kuhu iganes soovite. Kiire Tarne!\",\"breadcrumb\":{\"@id\":\"https:\\\/\\\/fit360.ee\\\/en\\\/pood\\\/training-equipment-en\\\/drinking-bottles-en\\\/shaker-sport\\\/#breadcrumb\"},\"inLanguage\":\"en-US\",\"potentialAction\":[{\"@type\":\"ReadAction\",\"target\":[\"https:\\\/\\\/fit360.ee\\\/en\\\/pood\\\/training-equipment-en\\\/drinking-bottles-en\\\/shaker-sport\\\/\"]}]},{\"@type\":\"ImageObject\",\"inLanguage\":\"en-US\",\"@id\":\"https:\\\/\\\/fit360.ee\\\/en\\\/pood\\\/training-equipment-en\\\/drinking-bottles-en\\\/shaker-sport\\\/#primaryimage\",\"url\":\"https:\\\/\\\/fit360.ee\\\/wp-content\\\/uploads\\\/2022\\\/11\\\/shaker-sport-fit360.ee-1.png\",\"contentUrl\":\"https:\\\/\\\/fit360.ee\\\/wp-content\\\/uploads\\\/2022\\\/11\\\/shaker-sport-fit360.ee-1.png\",\"width\":450,\"height\":450,\"caption\":\"shaker sport - fit360.ee\"},{\"@type\":\"BreadcrumbList\",\"@id\":\"https:\\\/\\\/fit360.ee\\\/en\\\/pood\\\/training-equipment-en\\\/drinking-bottles-en\\\/shaker-sport\\\/#breadcrumb\",\"itemListElement\":[{\"@type\":\"ListItem\",\"position\":1,\"name\":\"Home\",\"item\":\"https:\\\/\\\/fit360.ee\\\/en\\\/\"},{\"@type\":\"ListItem\",\"position\":2,\"name\":\"Shop\",\"item\":\"https:\\\/\\\/fit360.ee\\\/en\\\/shop\\\/\"},{\"@type\":\"ListItem\",\"position\":3,\"name\":\"Ostrovit Shaker Sport (700ml)\"}]},{\"@type\":\"WebSite\",\"@id\":\"https:\\\/\\\/fit360.ee\\\/en\\\/#website\",\"url\":\"https:\\\/\\\/fit360.ee\\\/en\\\/\",\"name\":\"Fit360\",\"description\":\"\",\"publisher\":{\"@id\":\"https:\\\/\\\/fit360.ee\\\/en\\\/#organization\"},\"potentialAction\":[{\"@type\":\"SearchAction\",\"target\":{\"@type\":\"EntryPoint\",\"urlTemplate\":\"https:\\\/\\\/fit360.ee\\\/en\\\/?s={search_term_string}\"},\"query-input\":{\"@type\":\"PropertyValueSpecification\",\"valueRequired\":true,\"valueName\":\"search_term_string\"}}],\"inLanguage\":\"en-US\"},{\"@type\":\"Organization\",\"@id\":\"https:\\\/\\\/fit360.ee\\\/en\\\/#organization\",\"name\":\"Fit360\",\"url\":\"https:\\\/\\\/fit360.ee\\\/en\\\/\",\"logo\":{\"@type\":\"ImageObject\",\"inLanguage\":\"en-US\",\"@id\":\"https:\\\/\\\/fit360.ee\\\/en\\\/#\\\/schema\\\/logo\\\/image\\\/\",\"url\":\"https:\\\/\\\/fit360.ee\\\/wp-content\\\/uploads\\\/2017\\\/01\\\/logo-fit360.png\",\"contentUrl\":\"https:\\\/\\\/fit360.ee\\\/wp-content\\\/uploads\\\/2017\\\/01\\\/logo-fit360.png\",\"width\":180,\"height\":66,\"caption\":\"Fit360\"},\"image\":{\"@id\":\"https:\\\/\\\/fit360.ee\\\/en\\\/#\\\/schema\\\/logo\\\/image\\\/\"}}]}<\/script>\n<!-- \/ Yoast SEO plugin. -->","yoast_head_json":{"title":"Ostrovit Shaker Sport (700ml) - \u0160eiker\/Joogipudel - Fit360","description":"Shaker Sport 700 ml on standardsete, v\u00e4rviliste ja t\u00f6\u00f6kindlate \u0161eikerite sari, mida saate n\u00fc\u00fcdsest kaasa v\u00f5tta, kuhu iganes soovite. Kiire Tarne!","robots":{"index":"index","follow":"follow","max-snippet":"max-snippet:-1","max-image-preview":"max-image-preview:large","max-video-preview":"max-video-preview:-1"},"canonical":"https:\/\/fit360.ee\/en\/pood\/training-equipment-en\/drinking-bottles-en\/shaker-sport\/","og_locale":"en_US","og_type":"article","og_title":"Ostrovit Shaker Sport (700ml) - \u0160eiker\/Joogipudel - Fit360","og_description":"Shaker Sport 700 ml on standardsete, v\u00e4rviliste ja t\u00f6\u00f6kindlate \u0161eikerite sari, mida saate n\u00fc\u00fcdsest kaasa v\u00f5tta, kuhu iganes soovite. Kiire Tarne!","og_url":"https:\/\/fit360.ee\/en\/pood\/training-equipment-en\/drinking-bottles-en\/shaker-sport\/","og_site_name":"Fit360","article_modified_time":"2025-08-27T16:37:39+00:00","og_image":[{"width":450,"height":450,"url":"https:\/\/fit360.ee\/wp-content\/uploads\/2022\/11\/shaker-sport-fit360.ee-1.png","type":"image\/png"}],"twitter_card":"summary_large_image","twitter_misc":{"Est. reading time":"1 minute"},"schema":{"@context":"https:\/\/schema.org","@graph":[{"@type":"WebPage","@id":"https:\/\/fit360.ee\/en\/pood\/training-equipment-en\/drinking-bottles-en\/shaker-sport\/","url":"https:\/\/fit360.ee\/en\/pood\/training-equipment-en\/drinking-bottles-en\/shaker-sport\/","name":"Ostrovit Shaker Sport (700ml) - \u0160eiker\/Joogipudel - Fit360","isPartOf":{"@id":"https:\/\/fit360.ee\/en\/#website"},"primaryImageOfPage":{"@id":"https:\/\/fit360.ee\/en\/pood\/training-equipment-en\/drinking-bottles-en\/shaker-sport\/#primaryimage"},"image":{"@id":"https:\/\/fit360.ee\/en\/pood\/training-equipment-en\/drinking-bottles-en\/shaker-sport\/#primaryimage"},"thumbnailUrl":"https:\/\/fit360.ee\/wp-content\/uploads\/2022\/11\/shaker-sport-fit360.ee-1.png","datePublished":"2022-11-28T14:38:57+00:00","dateModified":"2025-08-27T16:37:39+00:00","description":"Shaker Sport 700 ml on standardsete, v\u00e4rviliste ja t\u00f6\u00f6kindlate \u0161eikerite sari, mida saate n\u00fc\u00fcdsest kaasa v\u00f5tta, kuhu iganes soovite. Kiire Tarne!","breadcrumb":{"@id":"https:\/\/fit360.ee\/en\/pood\/training-equipment-en\/drinking-bottles-en\/shaker-sport\/#breadcrumb"},"inLanguage":"en-US","potentialAction":[{"@type":"ReadAction","target":["https:\/\/fit360.ee\/en\/pood\/training-equipment-en\/drinking-bottles-en\/shaker-sport\/"]}]},{"@type":"ImageObject","inLanguage":"en-US","@id":"https:\/\/fit360.ee\/en\/pood\/training-equipment-en\/drinking-bottles-en\/shaker-sport\/#primaryimage","url":"https:\/\/fit360.ee\/wp-content\/uploads\/2022\/11\/shaker-sport-fit360.ee-1.png","contentUrl":"https:\/\/fit360.ee\/wp-content\/uploads\/2022\/11\/shaker-sport-fit360.ee-1.png","width":450,"height":450,"caption":"shaker sport - fit360.ee"},{"@type":"BreadcrumbList","@id":"https:\/\/fit360.ee\/en\/pood\/training-equipment-en\/drinking-bottles-en\/shaker-sport\/#breadcrumb","itemListElement":[{"@type":"ListItem","position":1,"name":"Home","item":"https:\/\/fit360.ee\/en\/"},{"@type":"ListItem","position":2,"name":"Shop","item":"https:\/\/fit360.ee\/en\/shop\/"},{"@type":"ListItem","position":3,"name":"Ostrovit Shaker Sport (700ml)"}]},{"@type":"WebSite","@id":"https:\/\/fit360.ee\/en\/#website","url":"https:\/\/fit360.ee\/en\/","name":"Fit360","description":"","publisher":{"@id":"https:\/\/fit360.ee\/en\/#organization"},"potentialAction":[{"@type":"SearchAction","target":{"@type":"EntryPoint","urlTemplate":"https:\/\/fit360.ee\/en\/?s={search_term_string}"},"query-input":{"@type":"PropertyValueSpecification","valueRequired":true,"valueName":"search_term_string"}}],"inLanguage":"en-US"},{"@type":"Organization","@id":"https:\/\/fit360.ee\/en\/#organization","name":"Fit360","url":"https:\/\/fit360.ee\/en\/","logo":{"@type":"ImageObject","inLanguage":"en-US","@id":"https:\/\/fit360.ee\/en\/#\/schema\/logo\/image\/","url":"https:\/\/fit360.ee\/wp-content\/uploads\/2017\/01\/logo-fit360.png","contentUrl":"https:\/\/fit360.ee\/wp-content\/uploads\/2017\/01\/logo-fit360.png","width":180,"height":66,"caption":"Fit360"},"image":{"@id":"https:\/\/fit360.ee\/en\/#\/schema\/logo\/image\/"}}]}},"_links":{"self":[{"href":"https:\/\/fit360.ee\/en\/wp-json\/wp\/v2\/product\/66785","targetHints":{"allow":["GET"]}}],"collection":[{"href":"https:\/\/fit360.ee\/en\/wp-json\/wp\/v2\/product"}],"about":[{"href":"https:\/\/fit360.ee\/en\/wp-json\/wp\/v2\/types\/product"}],"replies":[{"embeddable":true,"href":"https:\/\/fit360.ee\/en\/wp-json\/wp\/v2\/comments?post=66785"}],"wp:featuredmedia":[{"embeddable":true,"href":"https:\/\/fit360.ee\/en\/wp-json\/wp\/v2\/media\/66783"}],"wp:attachment":[{"href":"https:\/\/fit360.ee\/en\/wp-json\/wp\/v2\/media?parent=66785"}],"wp:term":[{"taxonomy":"product_brand","embeddable":true,"href":"https:\/\/fit360.ee\/en\/wp-json\/wp\/v2\/product_brand?post=66785"},{"taxonomy":"product_cat","embeddable":true,"href":"https:\/\/fit360.ee\/en\/wp-json\/wp\/v2\/product_cat?post=66785"},{"taxonomy":"product_tag","embeddable":true,"href":"https:\/\/fit360.ee\/en\/wp-json\/wp\/v2\/product_tag?post=66785"},{"taxonomy":"giftcard-category","embeddable":true,"href":"https:\/\/fit360.ee\/en\/wp-json\/wp\/v2\/giftcard-category?post=66785"}],"curies":[{"name":"wp","href":"https:\/\/api.w.org\/{rel}","templated":true}]}}