{"id":66861,"date":"2022-12-04T12:59:34","date_gmt":"2022-12-04T10:59:34","guid":{"rendered":"https:\/\/fit360.ee\/pood\/uncategorized\/iconfit-tribulus\/"},"modified":"2026-04-10T15:12:50","modified_gmt":"2026-04-10T13:12:50","slug":"iconfit-tribulus","status":"publish","type":"product","link":"https:\/\/fit360.ee\/en\/pood\/product-groups\/vitamins-and-minerals-en\/zinc-en\/iconfit-tribulus\/","title":{"rendered":"ICONFIT Tribulus (90caps)"},"content":{"rendered":"<h1><strong>ICONFIT Tribulus<\/strong><\/h1>\n<div id=\"shopify-section-template--16664184094938__main\" class=\"shopify-section product--section section--canonical\">\n<section class=\"product--container\" data-product-wrapper=\"\">\n<div class=\"product-readmore rte\" data-product-readmore=\"\">\n<div class=\" grouped-content grouped-content-layout-tabs\">\n<p>ICONFIT Tribulus on testosterooni kompleks, mis toetab testosterooni taseme t\u00f5stmist.<\/p>\n<p><a href=\"https:\/\/fit360.ee\/en\/product-category\/product-groups\/testosterone-boosters-en\/tribulus-en\/\"><strong>Tribulus Terrestris<\/strong><\/a>\u00a0on taim, mis kasvab peamiselt Aasias, Aafrikas ja L\u00e4his-Idas. Selle taime juuri ja vilju on kasutatud juba sajandeid ja need on tuntud oma tervist toetavate omaduste poolest. Eriti omaduste, mis toetavad just meeste tervist. Sellele taimele on iseloomulikuks tunnuseks k\u00f5rge steroidsete saponiinide sisaldus. ICONFIT Tribulus on k\u00f5rge 95% saponiinide sisaldusega. Toode on m\u00f5eldud meestele, kes hoolitsevad oma tervise ja heaolu eest, kelle eesm\u00e4rk on toetada oma f\u00fc\u00fcsilist ja seksuaalset v\u00f5imekust.<\/p>\n<p><strong>Testosteroon<\/strong>\u00a0on k\u00f5ige olulisem androgeenne hormoon, mis s\u00fcnteesitakse kolesteroolist peamiselt sugun\u00e4\u00e4rmetes. Testosterooni tootmine hakkab oluliselt suurenema puberteedi ajal ja hakkab v\u00e4hehaaval v\u00e4henema p\u00e4rast 35. eluaastat. Testosteroon m\u00f5jutab spermatogeneesi, libiidot, karvakasvu, h\u00e4\u00e4le t\u00e4mbrit, luu- ja lihasmassi, seda, kuidas mehed keharasva talletavad ja isegi punaste vereliblede tootmist. Mehe testosteroonitase v\u00f5ib m\u00f5jutada ka tema meeleolu.\u00a0<a href=\"https:\/\/fit360.ee\/en\/product-category\/product-groups\/vitamins-and-minerals-en\/zinc-en\/\"><strong>Tsink<\/strong><\/a>\u00a0aitab hoida vere testosterooni taset normaalsena ning\u00a0aitab kaasa viljakusele ja reproduktsioonile.<\/p>\n<p><strong>Madal testosteroonitase v\u00f5ib meestel tekitada mitmesuguseid s\u00fcmptomeid, sealhulgas:<\/strong><\/p>\n<ul>\n<li>Pidev v\u00e4simustunne ja halvenenud keskendumisv\u00f5ime<\/li>\n<li>Keha karvade ning habeme kasvu v\u00e4henemine<\/li>\n<li>Depressiooni s\u00fcmptomid<\/li>\n<li>Madal libiido<\/li>\n<li style=\"list-style-type: none;\"><\/li>\n<\/ul>\n<\/div>\n<p><strong>Koostisosad:<\/strong>\u00a0Tribuluse\u00a0<em>(Tribulus terrestris<\/em>) vilja kuivekstrakt 20:1, riisijahu, tsink (tsink digl\u00fctsinaat), taimne pullulaankapsel.<\/p>\n<p><strong>Kasutamine<\/strong>: T\u00e4iskasvanud meestel tarbida 2 kapslit p\u00e4evas koos klaasi veega. Toidulisand ei asenda tervislikku elustiili ning mitmekesist ja tasakaalustatud toitumist. \u00c4rge \u00fcletage soovitatud annust. Hoida lastele k\u00e4ttesaamatus kohas.\u00a0Hoida originaalpakendis toatemperatuuril, niiskuse ja otsese p\u00e4ikesevalguse eest kaitstult.<\/p>\n<p><strong>Suurus<\/strong>: 90 kapslit<\/p>\n<table width=\"100%\">\n<thead>\n<tr>\n<th align=\"left\"><strong>Toimeained:<\/strong><\/th>\n<th align=\"left\">2 kapslit<\/th>\n<th align=\"left\">%SPK*<\/th>\n<\/tr>\n<\/thead>\n<tbody>\n<tr>\n<td align=\"left\">Tribuluse\u00a0<em>(Tribulus terrestris<\/em>) vilja ekstrakt 20:1<\/td>\n<td align=\"left\">500 mg<\/td>\n<td align=\"left\">&#8211;<\/td>\n<\/tr>\n<tr>\n<td align=\"left\">Tsink (tsink digl\u00fctsinaat)<\/td>\n<td align=\"left\">5,6 mg<\/td>\n<td align=\"left\">56%<\/td>\n<\/tr>\n<\/tbody>\n<\/table>\n<p>*SPK &#8211; Soovitatud p\u00e4evane kogus.<\/p>\n<p>Vaata ka meie Teisi Testosterooni komplekse <a href=\"https:\/\/fit360.ee\/en\/product-category\/product-groups\/testosterone-boosters-en\/\"><strong>SIIT<\/strong><\/a> v\u00f5i Tribulus tooteid <a href=\"https:\/\/fit360.ee\/en\/product-category\/product-groups\/testosterone-boosters-en\/tribulus-en\/\"><strong>SIIT<\/strong><\/a>!<\/p>\n<p>Soovid teha suuremat tellimust? Vaata antud toodet meie HULGI lehelt\u00a0<a href=\"https:\/\/toidulisandidhulgi.ee\/product\/iconfit-tribulus\/\"><strong>SIIT<\/strong><\/a>!<\/p>\n<\/div>\n<\/section>\n<\/div>\n","protected":false},"excerpt":{"rendered":"<p><strong>Madal testosteroonitase v\u00f5ib meestel tekitada mitmesuguseid s\u00fcmptomeid, sealhulgas:<\/strong><\/p>\n<ul>\n<li>Pidev v\u00e4simustunne ja halvenenud keskendumisv\u00f5ime<\/li>\n<li>Keha karvade ning habeme kasvu v\u00e4henemine<\/li>\n<li>Depressiooni s\u00fcmptomid<\/li>\n<li>Madal libiido<\/li>\n<\/ul>\n","protected":false},"featured_media":66860,"comment_status":"closed","ping_status":"closed","template":"","meta":[],"product_brand":[],"product_cat":[1318,532,2450,2275],"product_tag":[1681,4115,2167],"giftcard-category":[],"class_list":{"0":"post-66861","1":"product","2":"type-product","3":"status-publish","4":"has-post-thumbnail","6":"product_cat-iconfit-en","7":"product_cat-testosterone-boosters-en","8":"product_cat-tribulus-en","9":"product_cat-zinc-en","10":"product_tag-iconfit-en","11":"product_tag-iconfit-tribulus-en","12":"product_tag-tribulus-en","13":"pa_kogus-90-capsules","14":"pa_toidulisand-branddd-iconfit","15":"pa_tootegruppp-testosterone-enhancers","16":"pa_tootegruppp-tribulus-en","17":"pa_tootegruppp-tsink-en","19":"first","20":"instock","21":"sale","22":"taxable","23":"shipping-taxable","24":"purchasable","25":"product-type-simple"},"yoast_head":"<!-- This site is optimized with the Yoast SEO plugin v27.3 - https:\/\/yoast.com\/product\/yoast-seo-wordpress\/ -->\n<title>ICONFIT Tribulus (90caps) - Testosterooni t\u00f5stja - Tsink - Fit360<\/title>\n<meta name=\"description\" content=\"ICONFIT Tribulus on k\u00f5rge 95% saponiinide sisaldusega. Toode on m\u00f5eldud meestele, kes hoolitsevad oma tervise ja heaolu eest. Kiire kauba tarne!\" \/>\n<meta name=\"robots\" content=\"index, follow, max-snippet:-1, max-image-preview:large, max-video-preview:-1\" \/>\n<link rel=\"canonical\" href=\"https:\/\/fit360.ee\/en\/pood\/product-groups\/vitamins-and-minerals-en\/zinc-en\/iconfit-tribulus\/\" \/>\n<meta property=\"og:locale\" content=\"en_US\" \/>\n<meta property=\"og:type\" content=\"article\" \/>\n<meta property=\"og:title\" content=\"ICONFIT Tribulus (90caps) - Testosterooni t\u00f5stja - Tsink - Fit360\" \/>\n<meta property=\"og:description\" content=\"ICONFIT Tribulus on k\u00f5rge 95% saponiinide sisaldusega. Toode on m\u00f5eldud meestele, kes hoolitsevad oma tervise ja heaolu eest. Kiire kauba tarne!\" \/>\n<meta property=\"og:url\" content=\"https:\/\/fit360.ee\/en\/pood\/product-groups\/vitamins-and-minerals-en\/zinc-en\/iconfit-tribulus\/\" \/>\n<meta property=\"og:site_name\" content=\"Fit360\" \/>\n<meta property=\"article:modified_time\" content=\"2026-04-10T13:12:50+00:00\" \/>\n<meta property=\"og:image\" content=\"https:\/\/fit360.ee\/wp-content\/uploads\/2022\/12\/iconfit-tribulus-fit360.ee_.jpg\" \/>\n\t<meta property=\"og:image:width\" content=\"669\" \/>\n\t<meta property=\"og:image:height\" content=\"669\" \/>\n\t<meta property=\"og:image:type\" content=\"image\/jpeg\" \/>\n<meta name=\"twitter:card\" content=\"summary_large_image\" \/>\n<meta name=\"twitter:label1\" content=\"Est. reading time\" \/>\n\t<meta name=\"twitter:data1\" content=\"2 minutes\" \/>\n<script type=\"application\/ld+json\" class=\"yoast-schema-graph\">{\"@context\":\"https:\\\/\\\/schema.org\",\"@graph\":[{\"@type\":\"WebPage\",\"@id\":\"https:\\\/\\\/fit360.ee\\\/en\\\/pood\\\/product-groups\\\/vitamins-and-minerals-en\\\/zinc-en\\\/iconfit-tribulus\\\/\",\"url\":\"https:\\\/\\\/fit360.ee\\\/en\\\/pood\\\/product-groups\\\/vitamins-and-minerals-en\\\/zinc-en\\\/iconfit-tribulus\\\/\",\"name\":\"ICONFIT Tribulus (90caps) - Testosterooni t\u00f5stja - Tsink - Fit360\",\"isPartOf\":{\"@id\":\"https:\\\/\\\/fit360.ee\\\/en\\\/#website\"},\"primaryImageOfPage\":{\"@id\":\"https:\\\/\\\/fit360.ee\\\/en\\\/pood\\\/product-groups\\\/vitamins-and-minerals-en\\\/zinc-en\\\/iconfit-tribulus\\\/#primaryimage\"},\"image\":{\"@id\":\"https:\\\/\\\/fit360.ee\\\/en\\\/pood\\\/product-groups\\\/vitamins-and-minerals-en\\\/zinc-en\\\/iconfit-tribulus\\\/#primaryimage\"},\"thumbnailUrl\":\"https:\\\/\\\/fit360.ee\\\/wp-content\\\/uploads\\\/2022\\\/12\\\/iconfit-tribulus-fit360.ee_.jpg\",\"datePublished\":\"2022-12-04T10:59:34+00:00\",\"dateModified\":\"2026-04-10T13:12:50+00:00\",\"description\":\"ICONFIT Tribulus on k\u00f5rge 95% saponiinide sisaldusega. Toode on m\u00f5eldud meestele, kes hoolitsevad oma tervise ja heaolu eest. Kiire kauba tarne!\",\"breadcrumb\":{\"@id\":\"https:\\\/\\\/fit360.ee\\\/en\\\/pood\\\/product-groups\\\/vitamins-and-minerals-en\\\/zinc-en\\\/iconfit-tribulus\\\/#breadcrumb\"},\"inLanguage\":\"en-US\",\"potentialAction\":[{\"@type\":\"ReadAction\",\"target\":[\"https:\\\/\\\/fit360.ee\\\/en\\\/pood\\\/product-groups\\\/vitamins-and-minerals-en\\\/zinc-en\\\/iconfit-tribulus\\\/\"]}]},{\"@type\":\"ImageObject\",\"inLanguage\":\"en-US\",\"@id\":\"https:\\\/\\\/fit360.ee\\\/en\\\/pood\\\/product-groups\\\/vitamins-and-minerals-en\\\/zinc-en\\\/iconfit-tribulus\\\/#primaryimage\",\"url\":\"https:\\\/\\\/fit360.ee\\\/wp-content\\\/uploads\\\/2022\\\/12\\\/iconfit-tribulus-fit360.ee_.jpg\",\"contentUrl\":\"https:\\\/\\\/fit360.ee\\\/wp-content\\\/uploads\\\/2022\\\/12\\\/iconfit-tribulus-fit360.ee_.jpg\",\"width\":669,\"height\":669,\"caption\":\"iconfit tribulus - fit360.ee\"},{\"@type\":\"BreadcrumbList\",\"@id\":\"https:\\\/\\\/fit360.ee\\\/en\\\/pood\\\/product-groups\\\/vitamins-and-minerals-en\\\/zinc-en\\\/iconfit-tribulus\\\/#breadcrumb\",\"itemListElement\":[{\"@type\":\"ListItem\",\"position\":1,\"name\":\"Home\",\"item\":\"https:\\\/\\\/fit360.ee\\\/en\\\/\"},{\"@type\":\"ListItem\",\"position\":2,\"name\":\"Shop\",\"item\":\"https:\\\/\\\/fit360.ee\\\/en\\\/shop\\\/\"},{\"@type\":\"ListItem\",\"position\":3,\"name\":\"ICONFIT Tribulus (90caps)\"}]},{\"@type\":\"WebSite\",\"@id\":\"https:\\\/\\\/fit360.ee\\\/en\\\/#website\",\"url\":\"https:\\\/\\\/fit360.ee\\\/en\\\/\",\"name\":\"Fit360\",\"description\":\"\",\"publisher\":{\"@id\":\"https:\\\/\\\/fit360.ee\\\/en\\\/#organization\"},\"potentialAction\":[{\"@type\":\"SearchAction\",\"target\":{\"@type\":\"EntryPoint\",\"urlTemplate\":\"https:\\\/\\\/fit360.ee\\\/en\\\/?s={search_term_string}\"},\"query-input\":{\"@type\":\"PropertyValueSpecification\",\"valueRequired\":true,\"valueName\":\"search_term_string\"}}],\"inLanguage\":\"en-US\"},{\"@type\":\"Organization\",\"@id\":\"https:\\\/\\\/fit360.ee\\\/en\\\/#organization\",\"name\":\"Fit360\",\"url\":\"https:\\\/\\\/fit360.ee\\\/en\\\/\",\"logo\":{\"@type\":\"ImageObject\",\"inLanguage\":\"en-US\",\"@id\":\"https:\\\/\\\/fit360.ee\\\/en\\\/#\\\/schema\\\/logo\\\/image\\\/\",\"url\":\"https:\\\/\\\/fit360.ee\\\/wp-content\\\/uploads\\\/2017\\\/01\\\/logo-fit360.png\",\"contentUrl\":\"https:\\\/\\\/fit360.ee\\\/wp-content\\\/uploads\\\/2017\\\/01\\\/logo-fit360.png\",\"width\":180,\"height\":66,\"caption\":\"Fit360\"},\"image\":{\"@id\":\"https:\\\/\\\/fit360.ee\\\/en\\\/#\\\/schema\\\/logo\\\/image\\\/\"}}]}<\/script>\n<!-- \/ Yoast SEO plugin. -->","yoast_head_json":{"title":"ICONFIT Tribulus (90caps) - Testosterooni t\u00f5stja - Tsink - Fit360","description":"ICONFIT Tribulus on k\u00f5rge 95% saponiinide sisaldusega. Toode on m\u00f5eldud meestele, kes hoolitsevad oma tervise ja heaolu eest. Kiire kauba tarne!","robots":{"index":"index","follow":"follow","max-snippet":"max-snippet:-1","max-image-preview":"max-image-preview:large","max-video-preview":"max-video-preview:-1"},"canonical":"https:\/\/fit360.ee\/en\/pood\/product-groups\/vitamins-and-minerals-en\/zinc-en\/iconfit-tribulus\/","og_locale":"en_US","og_type":"article","og_title":"ICONFIT Tribulus (90caps) - Testosterooni t\u00f5stja - Tsink - Fit360","og_description":"ICONFIT Tribulus on k\u00f5rge 95% saponiinide sisaldusega. Toode on m\u00f5eldud meestele, kes hoolitsevad oma tervise ja heaolu eest. Kiire kauba tarne!","og_url":"https:\/\/fit360.ee\/en\/pood\/product-groups\/vitamins-and-minerals-en\/zinc-en\/iconfit-tribulus\/","og_site_name":"Fit360","article_modified_time":"2026-04-10T13:12:50+00:00","og_image":[{"width":669,"height":669,"url":"https:\/\/fit360.ee\/wp-content\/uploads\/2022\/12\/iconfit-tribulus-fit360.ee_.jpg","type":"image\/jpeg"}],"twitter_card":"summary_large_image","twitter_misc":{"Est. reading time":"2 minutes"},"schema":{"@context":"https:\/\/schema.org","@graph":[{"@type":"WebPage","@id":"https:\/\/fit360.ee\/en\/pood\/product-groups\/vitamins-and-minerals-en\/zinc-en\/iconfit-tribulus\/","url":"https:\/\/fit360.ee\/en\/pood\/product-groups\/vitamins-and-minerals-en\/zinc-en\/iconfit-tribulus\/","name":"ICONFIT Tribulus (90caps) - Testosterooni t\u00f5stja - Tsink - Fit360","isPartOf":{"@id":"https:\/\/fit360.ee\/en\/#website"},"primaryImageOfPage":{"@id":"https:\/\/fit360.ee\/en\/pood\/product-groups\/vitamins-and-minerals-en\/zinc-en\/iconfit-tribulus\/#primaryimage"},"image":{"@id":"https:\/\/fit360.ee\/en\/pood\/product-groups\/vitamins-and-minerals-en\/zinc-en\/iconfit-tribulus\/#primaryimage"},"thumbnailUrl":"https:\/\/fit360.ee\/wp-content\/uploads\/2022\/12\/iconfit-tribulus-fit360.ee_.jpg","datePublished":"2022-12-04T10:59:34+00:00","dateModified":"2026-04-10T13:12:50+00:00","description":"ICONFIT Tribulus on k\u00f5rge 95% saponiinide sisaldusega. Toode on m\u00f5eldud meestele, kes hoolitsevad oma tervise ja heaolu eest. Kiire kauba tarne!","breadcrumb":{"@id":"https:\/\/fit360.ee\/en\/pood\/product-groups\/vitamins-and-minerals-en\/zinc-en\/iconfit-tribulus\/#breadcrumb"},"inLanguage":"en-US","potentialAction":[{"@type":"ReadAction","target":["https:\/\/fit360.ee\/en\/pood\/product-groups\/vitamins-and-minerals-en\/zinc-en\/iconfit-tribulus\/"]}]},{"@type":"ImageObject","inLanguage":"en-US","@id":"https:\/\/fit360.ee\/en\/pood\/product-groups\/vitamins-and-minerals-en\/zinc-en\/iconfit-tribulus\/#primaryimage","url":"https:\/\/fit360.ee\/wp-content\/uploads\/2022\/12\/iconfit-tribulus-fit360.ee_.jpg","contentUrl":"https:\/\/fit360.ee\/wp-content\/uploads\/2022\/12\/iconfit-tribulus-fit360.ee_.jpg","width":669,"height":669,"caption":"iconfit tribulus - fit360.ee"},{"@type":"BreadcrumbList","@id":"https:\/\/fit360.ee\/en\/pood\/product-groups\/vitamins-and-minerals-en\/zinc-en\/iconfit-tribulus\/#breadcrumb","itemListElement":[{"@type":"ListItem","position":1,"name":"Home","item":"https:\/\/fit360.ee\/en\/"},{"@type":"ListItem","position":2,"name":"Shop","item":"https:\/\/fit360.ee\/en\/shop\/"},{"@type":"ListItem","position":3,"name":"ICONFIT Tribulus (90caps)"}]},{"@type":"WebSite","@id":"https:\/\/fit360.ee\/en\/#website","url":"https:\/\/fit360.ee\/en\/","name":"Fit360","description":"","publisher":{"@id":"https:\/\/fit360.ee\/en\/#organization"},"potentialAction":[{"@type":"SearchAction","target":{"@type":"EntryPoint","urlTemplate":"https:\/\/fit360.ee\/en\/?s={search_term_string}"},"query-input":{"@type":"PropertyValueSpecification","valueRequired":true,"valueName":"search_term_string"}}],"inLanguage":"en-US"},{"@type":"Organization","@id":"https:\/\/fit360.ee\/en\/#organization","name":"Fit360","url":"https:\/\/fit360.ee\/en\/","logo":{"@type":"ImageObject","inLanguage":"en-US","@id":"https:\/\/fit360.ee\/en\/#\/schema\/logo\/image\/","url":"https:\/\/fit360.ee\/wp-content\/uploads\/2017\/01\/logo-fit360.png","contentUrl":"https:\/\/fit360.ee\/wp-content\/uploads\/2017\/01\/logo-fit360.png","width":180,"height":66,"caption":"Fit360"},"image":{"@id":"https:\/\/fit360.ee\/en\/#\/schema\/logo\/image\/"}}]}},"_links":{"self":[{"href":"https:\/\/fit360.ee\/en\/wp-json\/wp\/v2\/product\/66861","targetHints":{"allow":["GET"]}}],"collection":[{"href":"https:\/\/fit360.ee\/en\/wp-json\/wp\/v2\/product"}],"about":[{"href":"https:\/\/fit360.ee\/en\/wp-json\/wp\/v2\/types\/product"}],"replies":[{"embeddable":true,"href":"https:\/\/fit360.ee\/en\/wp-json\/wp\/v2\/comments?post=66861"}],"wp:featuredmedia":[{"embeddable":true,"href":"https:\/\/fit360.ee\/en\/wp-json\/wp\/v2\/media\/66860"}],"wp:attachment":[{"href":"https:\/\/fit360.ee\/en\/wp-json\/wp\/v2\/media?parent=66861"}],"wp:term":[{"taxonomy":"product_brand","embeddable":true,"href":"https:\/\/fit360.ee\/en\/wp-json\/wp\/v2\/product_brand?post=66861"},{"taxonomy":"product_cat","embeddable":true,"href":"https:\/\/fit360.ee\/en\/wp-json\/wp\/v2\/product_cat?post=66861"},{"taxonomy":"product_tag","embeddable":true,"href":"https:\/\/fit360.ee\/en\/wp-json\/wp\/v2\/product_tag?post=66861"},{"taxonomy":"giftcard-category","embeddable":true,"href":"https:\/\/fit360.ee\/en\/wp-json\/wp\/v2\/giftcard-category?post=66861"}],"curies":[{"name":"wp","href":"https:\/\/api.w.org\/{rel}","templated":true}]}}