{"id":67187,"date":"2022-12-23T20:58:50","date_gmt":"2022-12-23T18:58:50","guid":{"rendered":"https:\/\/fit360.ee\/pood\/uncategorized\/vitaminerals-sport\/"},"modified":"2025-12-15T17:49:10","modified_gmt":"2025-12-15T15:49:10","slug":"vitaminerals-sport","status":"publish","type":"product","link":"https:\/\/fit360.ee\/en\/pood\/product-groups\/superfoods-health-foods-en\/ashwagandha-en\/vitaminerals-sport\/","title":{"rendered":"VITA&amp;MINERALS Sport (60caps)"},"content":{"rendered":"<h2><strong>Vita&amp;Minerals Sport<\/strong><\/h2>\n<p>OstroVit Vita&amp;Minerals Sport on igale f\u00fc\u00fcsiliselt aktiivsele inimesele vajalikke vitamiine ja mineraalaineid sisaldav toidulisand. Toode t\u00f6\u00f6tati v\u00e4lja aktiivsete inimeste vajadustest l\u00e4htuvalt. Vitamiinide suured annused ja parimad keemilised vormid aitavad k\u00f5rvaldada peamiste mikroelementide puudusi. Meie kompleksi on t\u00e4iendavalt rikastatud antioks\u00fcdantsete ja adaptogeensete omadustega taimeekstraktide ja aminohapete seguga.<\/p>\n<p>Vitamiinide ja mineraalainete kombinatsioon, mis on vajalik igale sportlasele<\/p>\n<ul>\n<li>V\u00e4ga h\u00e4sti imenduvad vormid suurtes annustes<\/li>\n<li>Ainult 2 kapslit p\u00e4evas<\/li>\n<li>Met\u00fc\u00fclitud B-vitamiinid<\/li>\n<li>Mineraalide orgaanilised vormid<\/li>\n<li>Taimsed ekstraktid ja antioks\u00fcdandid<\/li>\n<li>30 p\u00e4eva varu<\/li>\n<\/ul>\n<p><strong>Toode ei sisalda<\/strong>: t\u00e4iteaineid, paakumisvastaseid aineid ega v\u00e4rvaineid<\/p>\n<h4><strong>Kes peaksid OstroVit VITA&amp;MINERALS Sporti kasutama?<\/strong><\/h4>\n<p>Enamasti aktiivsed inimesed. Preparaat t\u00f6\u00f6tati v\u00e4lja k\u00f5ige raskemat treeningut silmas pidades, et oleks v\u00f5imalik t\u00e4iendada iga sportlase mikrotoitaineid.<\/p>\n<h4><strong>Mis eristab meie toodet teistest multivitamiinidest?<\/strong><\/h4>\n<p>Kvaliteedi\/hinna suhe.<\/p>\n<p>T\u00f5en\u00e4oliselt avastasite toidulisandite teemasse s\u00fcvenedes, et vitamiin &#8211; vitamiin pole v\u00f5rdne. Oleme sellest h\u00e4sti teadlikud ja seet\u00f5ttu oleme valinud parimad vormid, st: vitamiin B12 &#8211; met\u00fc\u00fclkobalamiin, vitamiin B6 &#8211; p\u00fcridoksaal-5&#8242;-fosfaat (P-5-P) v\u00f5i isegi foolhape &#8211; (6S)5 gl\u00fckoosamiinsool. met\u00fc\u00fcltetrah\u00fcdrofoolhape (5-MTHF) ja paljud teised mineraalide orgaanilised vormid ja h\u00e4sti imenduvad vitamiinid.<\/p>\n<p><a href=\"https:\/\/fit360.ee\/wp-content\/uploads\/2022\/12\/vita-minerals-sport-fit360.ee_-800x312.jpg\"><img loading=\"lazy\" decoding=\"async\" class=\"size-medium wp-image-67183\" src=\"https:\/\/fit360.ee\/wp-content\/uploads\/2022\/12\/vita-minerals-sport-fit360.ee_-800x312.jpg\" alt=\"vita-minerals sport - fit360.ee\" width=\"800\" height=\"312\" srcset=\"https:\/\/fit360.ee\/wp-content\/uploads\/2022\/12\/vita-minerals-sport-fit360.ee_-800x312.jpg 800w, https:\/\/fit360.ee\/wp-content\/uploads\/2022\/12\/vita-minerals-sport-fit360.ee_-510x199.jpg 510w, https:\/\/fit360.ee\/wp-content\/uploads\/2022\/12\/vita-minerals-sport-fit360.ee_-768x300.jpg 768w, https:\/\/fit360.ee\/wp-content\/uploads\/2022\/12\/vita-minerals-sport-fit360.ee_.jpg 922w\" sizes=\"auto, (max-width: 800px) 100vw, 800px\" \/><\/a><\/p>\n<h4><strong>Taimsete ekstraktidega rikastatud multivitamiin<\/strong><\/h4>\n<p>Kuna toode t\u00f6\u00f6tati v\u00e4lja kindlale tarbijar\u00fchmale, otsustasime seda rikastada taimeekstraktide ja aminohapetega, t\u00e4nu millele on meie preparaat veelgi t\u00f5husam. OstroVit Vita&amp;minerals Sporti ekstraktid on standardiseeritud, nii et v\u00f5ite olla kindel kasutatud koostisosade lisav\u00e4\u00e4rtuses.<\/p>\n<p><a href=\"https:\/\/fit360.ee\/en\/product-category\/product-groups\/vitamins-and-minerals-en\/b-vitamin-en\/\"><strong>B-vitamiinid<\/strong><\/a> on iga vitamiinipreparaadi p\u00f5hielement. Meie tootes on need met\u00fcleeritud kujul sobivalt suurtes annustes.<br \/>\nA-vitamiin parandab meie naha, n\u00e4gemise ja immuuns\u00fcsteemi seisundit.<br \/>\n<a href=\"https:\/\/fit360.ee\/en\/product-category\/product-groups\/vitamins-and-minerals-en\/e-vitamin-en\/\"><strong>E-vitamiinil<\/strong><\/a> on positiivne m\u00f5ju meeste normaalsele lihaste t\u00f6\u00f6v\u00f5imele ja sperma tootmisele.<br \/>\n<a href=\"https:\/\/fit360.ee\/en\/product-category\/product-groups\/vitamins-and-minerals-en\/c-vitamin-en\/\"><strong>C-vitamiinil<\/strong><\/a> on kasulik m\u00f5ju n\u00e4rvi- ja immuuns\u00fcsteemile.<\/p>\n<p>K\u00f5rge biosaadavusega orgaanilistest vormidest saadud mineraalid, n\u00e4iteks: raua, mangaani ja vase digl\u00fctsinaat (kelaat), kroomi- ja tsinkpikolinaat, seleen (L-selenometioniin), magneesium, kaltsium ja kaalium tsitraadi kujul.<br \/>\nKELP ehk Jaapani pruunvetikaekstraktid on suurep\u00e4rane loodusliku joodi allikas.<br \/>\n<a href=\"https:\/\/fit360.ee\/en\/product-category\/product-groups\/superfoods-health-foods-en\/ashwagandha-en\/\"><strong>Ashwagandha<\/strong><\/a> ja t\u00e4psemalt ashwagandha juure ekstrakt on k\u00f5ige populaarsem adaptogeen. M\u00f5jub positiivselt enesetundele ja toetab igap\u00e4evast toimimist stressirohketes tingimustes.<br \/>\nN\u00f5ges toetab kuseteede n\u00f5uetekohast toimimist.<br \/>\nMusta pipra ekstraktist saadud piperiin kiirendab seedimist ning peamiste vitamiinide ja mineraalainete imendumist.<br \/>\nRoheline tee selle lehtede ekstraktina on \u00fcks populaarsemaid antioks\u00fcdante. Antioks\u00fcdantsete pol\u00fcfenoolide k\u00f5rge sisaldus avaldab positiivset m\u00f5ju sportlase toidulisanditele.<br \/>\nNAC, L-ts\u00fcsteiini derivaat, mis on osa glutatioonist. Endogeenne aminohape, millel on tugev antioks\u00fcdantne toime.<br \/>\nALA kaitseb ka vabade radikaalide eest ja avaldab positiivset m\u00f5ju gl\u00fckogeeni tootmisele meie lihastes. Sellel on kelaativ toime.<\/p>\n<p>HOIATUS! T\u00e4nu OstroVit MIN-MULTI 30 caps tootes kasutatud koostisosadele (peamiselt seleen L-selenometioniini kujul) iseloomustab toodet \u00e4rritav ebameeldiv l\u00f5hn.<\/p>\n<p><strong>Laboratoorselt t\u00f5estatud kvaliteet<\/strong><br \/>\nKlientide tervise p\u00e4rast muretsedes testitakse meie tooteid regulaarselt s\u00f5ltumatus akrediteeritud laboris, et tagada ja s\u00e4ilitada k\u00f5rgeim kvaliteet.<\/p>\n<h4><strong>Vita&amp;minerals Sport Koostisosad<\/strong>:<\/h4>\n<p><strong>VIT-MULTI KOOSTISOSAD<\/strong>: L-askorbiinhape, kapsli kest (t\u00e4iteaine: h\u00fcdroks\u00fcprop\u00fc\u00fclmet\u00fc\u00fcltselluloos), N-atset\u00fc\u00fcl-L-ts\u00fcsteiin-NAC, DL-alfa-tokofer\u00fc\u00fclatsetaat, n\u00f5gese lehtede ekstrakt, rohelise tee lehtede ekstrakt, mis on standardiseeritud 50% pol\u00fcfenoolidega, ashwagandha juure ekstrakt, mis on standardiseeritud 7,2% withanoliide, 1% alkaloide ja 0,25% withaferiin A, tiamiinvesinikkloriid, riboflaviin, kolekaltsiferool, kaltsium-D-pantotenaat, p\u00fcridoksaal-5&#8242;-fosfaat P-5-P, nikotiinhape, alfa-, lipohape retin\u00fc\u00fclatsetaat, musta pipra puuviljaekstrakt standardiseeritud 95% piperiiniga, kaltsium L-5-MTHF L-met\u00fc\u00fclfolaat, D-biotiin, met\u00fc\u00fclkobalamiin.<\/p>\n<p><strong>MIN-MULTI KOOSTISOSAD<\/strong>: Magneesiumkarbonaat, kaltsiumkarbonaat, kaaliumtsitraat, kapsli kest (\u017eelatiin, puhastatud vesi), tsinkpikolinaat, mangaandigl\u00fctsinaat, jaapani pruunvetika ekstrakt, standardiseeritud 1% joodi, L-selenometioniin, raud (II) digl\u00fctsinaat, digl\u00fctsinaat. , kroompikolinaat.<\/p>\n<p>Toode v\u00f5ib sisaldada piima (sh laktoosi), soja, maap\u00e4hkleid, muid p\u00e4hkleid, seesamiseemneid, kaera, mune, v\u00e4hilaadseid, kala.<\/p>\n<p><strong>Kasutamine<\/strong>: Tarbi 1 portsjon (1 VIT-MULTI kapsel ja 1 MIN-MULTI kapsel) p\u00e4evas p\u00e4rast p\u00f5hitoidukorda.<\/p>\n<p><strong>Suurus<\/strong>: 60 kapslit &#8211; 30 serveeringut<\/p>\n<table>\n<tbody>\n<tr>\n<th>Aktiivsed toimeained<\/th>\n<th>Portsjoni kohta<\/th>\n<th>% SPK<\/th>\n<\/tr>\n<tr>\n<td><strong>VIT-MULTI<\/strong><\/td>\n<td><\/td>\n<td><\/td>\n<\/tr>\n<tr>\n<td>C-vitamiin<\/td>\n<td>320 mg<\/td>\n<td>400<\/td>\n<\/tr>\n<tr>\n<td>N-atset\u00fc\u00fcl-L-ts\u00fcsteiini NAC<\/td>\n<td>75 mg<\/td>\n<td>&#8211;<\/td>\n<\/tr>\n<tr>\n<td>E-vitamiin<\/td>\n<td>24 mg<\/td>\n<td>200<\/td>\n<\/tr>\n<tr>\n<td>K\u00f5rven\u00f5gese lehtede ekstrakt<\/td>\n<td>60 mg<\/td>\n<td>&#8211;<\/td>\n<\/tr>\n<tr>\n<td>Rohelise tee lehtede ekstrakt, sealhulgas:<\/td>\n<td>60 mg<\/td>\n<td>&#8211;<\/td>\n<\/tr>\n<tr class=\"sub\">\n<td>&#8211; pol\u00fcfenoolid (50%)<\/td>\n<td>30 mg<\/td>\n<td>&#8211;<\/td>\n<\/tr>\n<tr>\n<td>Ashwagandha juure ekstrakt, sealhulgas:<\/td>\n<td>50 mg<\/td>\n<td>&#8211;<\/td>\n<\/tr>\n<tr class=\"sub\">\n<td>&#8211; withanoliide (7,2%)<\/td>\n<td>3,6 mg<\/td>\n<td>&#8211;<\/td>\n<\/tr>\n<tr class=\"sub\">\n<td>&#8211; alkaloidid (1%)<\/td>\n<td>0,5 mg<\/td>\n<td>&#8211;<\/td>\n<\/tr>\n<tr class=\"sub\">\n<td>&#8211; withaferiin A (0,25%)<\/td>\n<td>0,125 mg<\/td>\n<td>&#8211;<\/td>\n<\/tr>\n<tr>\n<td>Tiamiin<\/td>\n<td>22 mg<\/td>\n<td>2000<\/td>\n<\/tr>\n<tr>\n<td>Riboflaviin<\/td>\n<td>22 mg<\/td>\n<td>1571<\/td>\n<\/tr>\n<tr>\n<td>D-vitamiin<\/td>\n<td>50 \u00b5g<\/td>\n<td>1000<\/td>\n<\/tr>\n<tr>\n<td>Pantoteenhape<\/td>\n<td>18 mg<\/td>\n<td>300<\/td>\n<\/tr>\n<tr>\n<td>Vitamiin B6<\/td>\n<td>18 mg<\/td>\n<td>1286<\/td>\n<\/tr>\n<tr>\n<td>Niatsiin<\/td>\n<td>16 mg<\/td>\n<td>100<\/td>\n<\/tr>\n<tr>\n<td>ALA alfa-lipoehape<\/td>\n<td>10 mg<\/td>\n<td>&#8211;<\/td>\n<\/tr>\n<tr>\n<td>A-vitamiin<\/td>\n<td>800 \u00b5g<\/td>\n<td>100<\/td>\n<\/tr>\n<tr>\n<td>Musta pipra puuviljaekstrakt, sealhulgas:<\/td>\n<td>1 mg<\/td>\n<td>&#8211;<\/td>\n<\/tr>\n<tr class=\"sub\">\n<td>&#8211; piperiin (95%)<\/td>\n<td>0,95 mg<\/td>\n<td>&#8211;<\/td>\n<\/tr>\n<tr>\n<td>Foolhape<\/td>\n<td>400 \u00b5g<\/td>\n<td>200<\/td>\n<\/tr>\n<tr>\n<td>Biotiin<\/td>\n<td>100 \u00b5g<\/td>\n<td>200<\/td>\n<\/tr>\n<tr>\n<td>Vitamiin B12<\/td>\n<td>25 \u00b5g<\/td>\n<td>1000<\/td>\n<\/tr>\n<tr>\n<td><strong>MIN-MULTI<\/strong><\/td>\n<td><\/td>\n<td><\/td>\n<\/tr>\n<tr>\n<td>Magneesium<\/td>\n<td>170 mg<\/td>\n<td>45<\/td>\n<\/tr>\n<tr>\n<td>Kaltsium<\/td>\n<td>120 mg<\/td>\n<td>15<\/td>\n<\/tr>\n<tr>\n<td>Kaalium<\/td>\n<td>75 mg<\/td>\n<td>3.75<\/td>\n<\/tr>\n<tr>\n<td>Tsink<\/td>\n<td>15 mg<\/td>\n<td>150<\/td>\n<\/tr>\n<tr>\n<td>Mangaan<\/td>\n<td>3 mg<\/td>\n<td>150<\/td>\n<\/tr>\n<tr>\n<td>Jaapani pruunvetikaekstrakt, sealhulgas:<\/td>\n<td>15 mg<\/td>\n<td>&#8211;<\/td>\n<\/tr>\n<tr class=\"sub\">\n<td>&#8211; jood (1%)<\/td>\n<td>150 \u00b5g<\/td>\n<td>100<\/td>\n<\/tr>\n<tr>\n<td>Seleen<\/td>\n<td>75 \u00b5g<\/td>\n<td>136<\/td>\n<\/tr>\n<tr>\n<td>Raud<\/td>\n<td>3 mg<\/td>\n<td>21<\/td>\n<\/tr>\n<tr>\n<td>Vask<\/td>\n<td>0,5 mg<\/td>\n<td>50<\/td>\n<\/tr>\n<tr>\n<td>Chrome<\/td>\n<td>150 \u00b5g<\/td>\n<td>375<\/td>\n<\/tr>\n<\/tbody>\n<\/table>\n<p>*SPK &#8211; Soovitatud p\u00e4eva kogus.<\/p>\n<p>Vaata ka meie Teisi Multivitamiine <a href=\"https:\/\/fit360.ee\/en\/product-category\/product-groups\/vitamins-and-minerals-en\/multivitamins-en\/\"><strong>SIIT<\/strong><\/a>!<\/p>\n<p>Soovid kaupa osta suuremas koguses? Vaata antud toodet ka meie HULGI poest\u00a0<a href=\"https:\/\/toidulisandidhulgi.ee\/product\/vitaminerals-sport\/\"><strong>SIIT<\/strong><\/a>!<\/p>\n","protected":false},"excerpt":{"rendered":"<p><strong>Vitamiinide ja mineraalainete kombinatsioon, mis on vajalik igale sportlasele<\/strong><\/p>\n<ul>\n<li>V\u00e4ga h\u00e4sti imenduvad vormid suurtes annustes<\/li>\n<li>Ainult 2 kapslit p\u00e4evas<\/li>\n<li>Met\u00fc\u00fclitud B-vitamiinid<\/li>\n<li>Mineraalide orgaanilised vormid<\/li>\n<li>Taimsed ekstraktid ja antioks\u00fcdandid<\/li>\n<li>30 p\u00e4eva varu<\/li>\n<li>Parim hinna ja kvaliteedi suhe<\/li>\n<\/ul>\n","protected":false},"featured_media":67186,"comment_status":"closed","ping_status":"closed","template":"","meta":[],"product_brand":[],"product_cat":[5311,2347,2251,2255,1911,2267,1913,2283,2259,5320,2665,1915,1917,1329,2271,2244,536,2275],"product_tag":[1924,4124],"giftcard-category":[],"class_list":{"0":"post-67187","1":"product","2":"type-product","3":"status-publish","4":"has-post-thumbnail","6":"product_cat-antioxidants-en","7":"product_cat-ashwagandha-en","8":"product_cat-b-vitamin-en","9":"product_cat-biotin-en","10":"product_cat-c-vitamin-en","11":"product_cat-calcium-en","12":"product_cat-d-vitamin-en","13":"product_cat-e-vitamin-en","14":"product_cat-folic-acid-en","15":"product_cat-for-immunity-en","16":"product_cat-iron-en","17":"product_cat-magnesium-en","18":"product_cat-multivitamins-en","19":"product_cat-ostrovit-en","20":"product_cat-potassium-en","21":"product_cat-selen-en","22":"product_cat-vitamins-and-minerals-en","23":"product_cat-zinc-en","24":"product_tag-ostrovit-en","25":"product_tag-vitaminerals-sport-en","26":"pa_kogus-60-capsules","27":"pa_toidulisand-branddd-ostrovit","28":"pa_tootegruppp-antioksudandid-en","29":"pa_tootegruppp-ashwagandha-en","30":"pa_tootegruppp-b-vitamiin-en","31":"pa_tootegruppp-biotiin-en","32":"pa_tootegruppp-c-vitamiin-en","33":"pa_tootegruppp-d-vitamiin-en","34":"pa_tootegruppp-e-vitamiin-en","35":"pa_tootegruppp-foolhape-en","36":"pa_tootegruppp-immuunsusteem-en","37":"pa_tootegruppp-kaalium-en","38":"pa_tootegruppp-kaltsium-en","39":"pa_tootegruppp-magneesium-en","40":"pa_tootegruppp-multivitamiinid-en","41":"pa_tootegruppp-raud-en","42":"pa_tootegruppp-seleen-en","43":"pa_tootegruppp-tsink-en","44":"pa_tootegruppp-vitamins-and-minerals","46":"first","47":"outofstock","48":"sale","49":"taxable","50":"shipping-taxable","51":"purchasable","52":"product-type-simple"},"yoast_head":"<!-- This site is optimized with the Yoast SEO plugin v27.3 - https:\/\/yoast.com\/product\/yoast-seo-wordpress\/ -->\n<title>VITA&amp;MINERALS Sport (60caps) - Kange multivitamiin - Fit360<\/title>\n<meta name=\"description\" content=\"OstroVit Vita&amp;Minerals Sport on igale f\u00fc\u00fcsiliselt aktiivsele inimesele vajalikke vitamiine ja mineraalaineid sisaldav toidulisand. Toode t\u00f6\u00f6tati v\u00e4lja ak...\" \/>\n<meta name=\"robots\" content=\"index, follow, max-snippet:-1, max-image-preview:large, max-video-preview:-1\" \/>\n<link rel=\"canonical\" href=\"https:\/\/fit360.ee\/en\/pood\/product-groups\/superfoods-health-foods-en\/ashwagandha-en\/vitaminerals-sport\/\" \/>\n<meta property=\"og:locale\" content=\"en_US\" \/>\n<meta property=\"og:type\" content=\"article\" \/>\n<meta property=\"og:title\" content=\"VITA&amp;MINERALS Sport (60caps) - Kange multivitamiin - Fit360\" \/>\n<meta property=\"og:description\" content=\"OstroVit Vita&amp;Minerals Sport on igale f\u00fc\u00fcsiliselt aktiivsele inimesele vajalikke vitamiine ja mineraalaineid sisaldav toidulisand. Toode t\u00f6\u00f6tati v\u00e4lja ak...\" \/>\n<meta property=\"og:url\" content=\"https:\/\/fit360.ee\/en\/pood\/product-groups\/superfoods-health-foods-en\/ashwagandha-en\/vitaminerals-sport\/\" \/>\n<meta property=\"og:site_name\" content=\"Fit360\" \/>\n<meta property=\"article:modified_time\" content=\"2025-12-15T15:49:10+00:00\" \/>\n<meta property=\"og:image\" content=\"https:\/\/fit360.ee\/wp-content\/uploads\/2022\/12\/vitaminerals-sport-fit360.ee-1.png\" \/>\n\t<meta property=\"og:image:width\" content=\"600\" \/>\n\t<meta property=\"og:image:height\" content=\"600\" \/>\n\t<meta property=\"og:image:type\" content=\"image\/png\" \/>\n<meta name=\"twitter:card\" content=\"summary_large_image\" \/>\n<meta name=\"twitter:label1\" content=\"Est. reading time\" \/>\n\t<meta name=\"twitter:data1\" content=\"4 minutes\" \/>\n<script type=\"application\/ld+json\" class=\"yoast-schema-graph\">{\"@context\":\"https:\\\/\\\/schema.org\",\"@graph\":[{\"@type\":\"WebPage\",\"@id\":\"https:\\\/\\\/fit360.ee\\\/en\\\/pood\\\/product-groups\\\/superfoods-health-foods-en\\\/ashwagandha-en\\\/vitaminerals-sport\\\/\",\"url\":\"https:\\\/\\\/fit360.ee\\\/en\\\/pood\\\/product-groups\\\/superfoods-health-foods-en\\\/ashwagandha-en\\\/vitaminerals-sport\\\/\",\"name\":\"VITA&amp;MINERALS Sport (60caps) - Kange multivitamiin - Fit360\",\"isPartOf\":{\"@id\":\"https:\\\/\\\/fit360.ee\\\/en\\\/#website\"},\"primaryImageOfPage\":{\"@id\":\"https:\\\/\\\/fit360.ee\\\/en\\\/pood\\\/product-groups\\\/superfoods-health-foods-en\\\/ashwagandha-en\\\/vitaminerals-sport\\\/#primaryimage\"},\"image\":{\"@id\":\"https:\\\/\\\/fit360.ee\\\/en\\\/pood\\\/product-groups\\\/superfoods-health-foods-en\\\/ashwagandha-en\\\/vitaminerals-sport\\\/#primaryimage\"},\"thumbnailUrl\":\"https:\\\/\\\/fit360.ee\\\/wp-content\\\/uploads\\\/2022\\\/12\\\/vitaminerals-sport-fit360.ee-1.png\",\"datePublished\":\"2022-12-23T18:58:50+00:00\",\"dateModified\":\"2025-12-15T15:49:10+00:00\",\"description\":\"OstroVit Vita&Minerals Sport on igale f\u00fc\u00fcsiliselt aktiivsele inimesele vajalikke vitamiine ja mineraalaineid sisaldav toidulisand. Toode t\u00f6\u00f6tati v\u00e4lja ak...\",\"breadcrumb\":{\"@id\":\"https:\\\/\\\/fit360.ee\\\/en\\\/pood\\\/product-groups\\\/superfoods-health-foods-en\\\/ashwagandha-en\\\/vitaminerals-sport\\\/#breadcrumb\"},\"inLanguage\":\"en-US\",\"potentialAction\":[{\"@type\":\"ReadAction\",\"target\":[\"https:\\\/\\\/fit360.ee\\\/en\\\/pood\\\/product-groups\\\/superfoods-health-foods-en\\\/ashwagandha-en\\\/vitaminerals-sport\\\/\"]}]},{\"@type\":\"ImageObject\",\"inLanguage\":\"en-US\",\"@id\":\"https:\\\/\\\/fit360.ee\\\/en\\\/pood\\\/product-groups\\\/superfoods-health-foods-en\\\/ashwagandha-en\\\/vitaminerals-sport\\\/#primaryimage\",\"url\":\"https:\\\/\\\/fit360.ee\\\/wp-content\\\/uploads\\\/2022\\\/12\\\/vitaminerals-sport-fit360.ee-1.png\",\"contentUrl\":\"https:\\\/\\\/fit360.ee\\\/wp-content\\\/uploads\\\/2022\\\/12\\\/vitaminerals-sport-fit360.ee-1.png\",\"width\":600,\"height\":600,\"caption\":\"vita&minerals sport - fit360.ee\"},{\"@type\":\"BreadcrumbList\",\"@id\":\"https:\\\/\\\/fit360.ee\\\/en\\\/pood\\\/product-groups\\\/superfoods-health-foods-en\\\/ashwagandha-en\\\/vitaminerals-sport\\\/#breadcrumb\",\"itemListElement\":[{\"@type\":\"ListItem\",\"position\":1,\"name\":\"Home\",\"item\":\"https:\\\/\\\/fit360.ee\\\/en\\\/\"},{\"@type\":\"ListItem\",\"position\":2,\"name\":\"Shop\",\"item\":\"https:\\\/\\\/fit360.ee\\\/en\\\/shop\\\/\"},{\"@type\":\"ListItem\",\"position\":3,\"name\":\"VITA&amp;MINERALS Sport (60caps)\"}]},{\"@type\":\"WebSite\",\"@id\":\"https:\\\/\\\/fit360.ee\\\/en\\\/#website\",\"url\":\"https:\\\/\\\/fit360.ee\\\/en\\\/\",\"name\":\"Fit360\",\"description\":\"\",\"publisher\":{\"@id\":\"https:\\\/\\\/fit360.ee\\\/en\\\/#organization\"},\"potentialAction\":[{\"@type\":\"SearchAction\",\"target\":{\"@type\":\"EntryPoint\",\"urlTemplate\":\"https:\\\/\\\/fit360.ee\\\/en\\\/?s={search_term_string}\"},\"query-input\":{\"@type\":\"PropertyValueSpecification\",\"valueRequired\":true,\"valueName\":\"search_term_string\"}}],\"inLanguage\":\"en-US\"},{\"@type\":\"Organization\",\"@id\":\"https:\\\/\\\/fit360.ee\\\/en\\\/#organization\",\"name\":\"Fit360\",\"url\":\"https:\\\/\\\/fit360.ee\\\/en\\\/\",\"logo\":{\"@type\":\"ImageObject\",\"inLanguage\":\"en-US\",\"@id\":\"https:\\\/\\\/fit360.ee\\\/en\\\/#\\\/schema\\\/logo\\\/image\\\/\",\"url\":\"https:\\\/\\\/fit360.ee\\\/wp-content\\\/uploads\\\/2017\\\/01\\\/logo-fit360.png\",\"contentUrl\":\"https:\\\/\\\/fit360.ee\\\/wp-content\\\/uploads\\\/2017\\\/01\\\/logo-fit360.png\",\"width\":180,\"height\":66,\"caption\":\"Fit360\"},\"image\":{\"@id\":\"https:\\\/\\\/fit360.ee\\\/en\\\/#\\\/schema\\\/logo\\\/image\\\/\"}}]}<\/script>\n<!-- \/ Yoast SEO plugin. -->","yoast_head_json":{"title":"VITA&amp;MINERALS Sport (60caps) - Kange multivitamiin - Fit360","description":"OstroVit Vita&Minerals Sport on igale f\u00fc\u00fcsiliselt aktiivsele inimesele vajalikke vitamiine ja mineraalaineid sisaldav toidulisand. Toode t\u00f6\u00f6tati v\u00e4lja ak...","robots":{"index":"index","follow":"follow","max-snippet":"max-snippet:-1","max-image-preview":"max-image-preview:large","max-video-preview":"max-video-preview:-1"},"canonical":"https:\/\/fit360.ee\/en\/pood\/product-groups\/superfoods-health-foods-en\/ashwagandha-en\/vitaminerals-sport\/","og_locale":"en_US","og_type":"article","og_title":"VITA&amp;MINERALS Sport (60caps) - Kange multivitamiin - Fit360","og_description":"OstroVit Vita&Minerals Sport on igale f\u00fc\u00fcsiliselt aktiivsele inimesele vajalikke vitamiine ja mineraalaineid sisaldav toidulisand. Toode t\u00f6\u00f6tati v\u00e4lja ak...","og_url":"https:\/\/fit360.ee\/en\/pood\/product-groups\/superfoods-health-foods-en\/ashwagandha-en\/vitaminerals-sport\/","og_site_name":"Fit360","article_modified_time":"2025-12-15T15:49:10+00:00","og_image":[{"width":600,"height":600,"url":"https:\/\/fit360.ee\/wp-content\/uploads\/2022\/12\/vitaminerals-sport-fit360.ee-1.png","type":"image\/png"}],"twitter_card":"summary_large_image","twitter_misc":{"Est. reading time":"4 minutes"},"schema":{"@context":"https:\/\/schema.org","@graph":[{"@type":"WebPage","@id":"https:\/\/fit360.ee\/en\/pood\/product-groups\/superfoods-health-foods-en\/ashwagandha-en\/vitaminerals-sport\/","url":"https:\/\/fit360.ee\/en\/pood\/product-groups\/superfoods-health-foods-en\/ashwagandha-en\/vitaminerals-sport\/","name":"VITA&amp;MINERALS Sport (60caps) - Kange multivitamiin - Fit360","isPartOf":{"@id":"https:\/\/fit360.ee\/en\/#website"},"primaryImageOfPage":{"@id":"https:\/\/fit360.ee\/en\/pood\/product-groups\/superfoods-health-foods-en\/ashwagandha-en\/vitaminerals-sport\/#primaryimage"},"image":{"@id":"https:\/\/fit360.ee\/en\/pood\/product-groups\/superfoods-health-foods-en\/ashwagandha-en\/vitaminerals-sport\/#primaryimage"},"thumbnailUrl":"https:\/\/fit360.ee\/wp-content\/uploads\/2022\/12\/vitaminerals-sport-fit360.ee-1.png","datePublished":"2022-12-23T18:58:50+00:00","dateModified":"2025-12-15T15:49:10+00:00","description":"OstroVit Vita&Minerals Sport on igale f\u00fc\u00fcsiliselt aktiivsele inimesele vajalikke vitamiine ja mineraalaineid sisaldav toidulisand. Toode t\u00f6\u00f6tati v\u00e4lja ak...","breadcrumb":{"@id":"https:\/\/fit360.ee\/en\/pood\/product-groups\/superfoods-health-foods-en\/ashwagandha-en\/vitaminerals-sport\/#breadcrumb"},"inLanguage":"en-US","potentialAction":[{"@type":"ReadAction","target":["https:\/\/fit360.ee\/en\/pood\/product-groups\/superfoods-health-foods-en\/ashwagandha-en\/vitaminerals-sport\/"]}]},{"@type":"ImageObject","inLanguage":"en-US","@id":"https:\/\/fit360.ee\/en\/pood\/product-groups\/superfoods-health-foods-en\/ashwagandha-en\/vitaminerals-sport\/#primaryimage","url":"https:\/\/fit360.ee\/wp-content\/uploads\/2022\/12\/vitaminerals-sport-fit360.ee-1.png","contentUrl":"https:\/\/fit360.ee\/wp-content\/uploads\/2022\/12\/vitaminerals-sport-fit360.ee-1.png","width":600,"height":600,"caption":"vita&minerals sport - fit360.ee"},{"@type":"BreadcrumbList","@id":"https:\/\/fit360.ee\/en\/pood\/product-groups\/superfoods-health-foods-en\/ashwagandha-en\/vitaminerals-sport\/#breadcrumb","itemListElement":[{"@type":"ListItem","position":1,"name":"Home","item":"https:\/\/fit360.ee\/en\/"},{"@type":"ListItem","position":2,"name":"Shop","item":"https:\/\/fit360.ee\/en\/shop\/"},{"@type":"ListItem","position":3,"name":"VITA&amp;MINERALS Sport (60caps)"}]},{"@type":"WebSite","@id":"https:\/\/fit360.ee\/en\/#website","url":"https:\/\/fit360.ee\/en\/","name":"Fit360","description":"","publisher":{"@id":"https:\/\/fit360.ee\/en\/#organization"},"potentialAction":[{"@type":"SearchAction","target":{"@type":"EntryPoint","urlTemplate":"https:\/\/fit360.ee\/en\/?s={search_term_string}"},"query-input":{"@type":"PropertyValueSpecification","valueRequired":true,"valueName":"search_term_string"}}],"inLanguage":"en-US"},{"@type":"Organization","@id":"https:\/\/fit360.ee\/en\/#organization","name":"Fit360","url":"https:\/\/fit360.ee\/en\/","logo":{"@type":"ImageObject","inLanguage":"en-US","@id":"https:\/\/fit360.ee\/en\/#\/schema\/logo\/image\/","url":"https:\/\/fit360.ee\/wp-content\/uploads\/2017\/01\/logo-fit360.png","contentUrl":"https:\/\/fit360.ee\/wp-content\/uploads\/2017\/01\/logo-fit360.png","width":180,"height":66,"caption":"Fit360"},"image":{"@id":"https:\/\/fit360.ee\/en\/#\/schema\/logo\/image\/"}}]}},"_links":{"self":[{"href":"https:\/\/fit360.ee\/en\/wp-json\/wp\/v2\/product\/67187","targetHints":{"allow":["GET"]}}],"collection":[{"href":"https:\/\/fit360.ee\/en\/wp-json\/wp\/v2\/product"}],"about":[{"href":"https:\/\/fit360.ee\/en\/wp-json\/wp\/v2\/types\/product"}],"replies":[{"embeddable":true,"href":"https:\/\/fit360.ee\/en\/wp-json\/wp\/v2\/comments?post=67187"}],"wp:featuredmedia":[{"embeddable":true,"href":"https:\/\/fit360.ee\/en\/wp-json\/wp\/v2\/media\/67186"}],"wp:attachment":[{"href":"https:\/\/fit360.ee\/en\/wp-json\/wp\/v2\/media?parent=67187"}],"wp:term":[{"taxonomy":"product_brand","embeddable":true,"href":"https:\/\/fit360.ee\/en\/wp-json\/wp\/v2\/product_brand?post=67187"},{"taxonomy":"product_cat","embeddable":true,"href":"https:\/\/fit360.ee\/en\/wp-json\/wp\/v2\/product_cat?post=67187"},{"taxonomy":"product_tag","embeddable":true,"href":"https:\/\/fit360.ee\/en\/wp-json\/wp\/v2\/product_tag?post=67187"},{"taxonomy":"giftcard-category","embeddable":true,"href":"https:\/\/fit360.ee\/en\/wp-json\/wp\/v2\/giftcard-category?post=67187"}],"curies":[{"name":"wp","href":"https:\/\/api.w.org\/{rel}","templated":true}]}}