{"id":67193,"date":"2022-12-23T21:23:58","date_gmt":"2022-12-23T19:23:58","guid":{"rendered":"https:\/\/fit360.ee\/pood\/uncategorized\/vitmin-forte-90tabs\/"},"modified":"2025-08-19T09:04:35","modified_gmt":"2025-08-19T07:04:35","slug":"vitmin-forte-90tabs","status":"publish","type":"product","link":"https:\/\/fit360.ee\/en\/pood\/product-groups\/vitamins-and-minerals-en\/c-vitamin-en\/vitmin-forte-90tabs\/","title":{"rendered":"Vit&amp;Min Forte (90tbl)"},"content":{"rendered":"<h1><strong>Vit&amp;Min Forte<\/strong><\/h1>\n<section class=\"cm__section\">\n<p class=\"cm__text --bold\">OstroVit Vit&amp;Min Forte on terviklik vitamiinide ja mineraalide komplekt, mis on vajalik keha n\u00f5uetekohaseks toimimiseks.\u00a0Toidulisandi koostis on valitud selliselt, et selles sisalduvad vitamiinid ja mineraalained m\u00f5jutaksid peaaegu k\u00f5iki biokeemilisi protsesse inimkehas.\u00a0Nende t\u00e4iendamine ja piisav varumine on vajalik kehas \u00f5ige f\u00fc\u00fcsilise ja vaimse vormi, heaolu ja tasakaalu s\u00e4ilitamiseks.<\/p>\n<div class=\"cm__image --image --loaded\">\n<p><a href=\"https:\/\/fit360.ee\/wp-content\/uploads\/2022\/12\/vitamine-forte-fit360.ee_-800x312.jpg\"><img loading=\"lazy\" decoding=\"async\" class=\"size-medium wp-image-67189\" src=\"https:\/\/fit360.ee\/wp-content\/uploads\/2022\/12\/vitamine-forte-fit360.ee_-800x312.jpg\" alt=\"vitamine forte - fit360.ee\" width=\"800\" height=\"312\" srcset=\"https:\/\/fit360.ee\/wp-content\/uploads\/2022\/12\/vitamine-forte-fit360.ee_-800x312.jpg 800w, https:\/\/fit360.ee\/wp-content\/uploads\/2022\/12\/vitamine-forte-fit360.ee_-510x199.jpg 510w, https:\/\/fit360.ee\/wp-content\/uploads\/2022\/12\/vitamine-forte-fit360.ee_-768x300.jpg 768w, https:\/\/fit360.ee\/wp-content\/uploads\/2022\/12\/vitamine-forte-fit360.ee_.jpg 922w\" sizes=\"auto, (max-width: 800px) 100vw, 800px\" \/><\/a><\/p>\n<\/div>\n<ul class=\"cm__list\">\n<li>90 tabletti pakendis<\/li>\n<li>K\u00f5rge biosaadavusega vormid<\/li>\n<li>\u00dcksikute vitamiinide ja mineraalainete suured annused<\/li>\n<li>Forte t\u00e4hendab tugevamat ja enamat.\u00a0Spetsiaalselt v\u00e4lja t\u00f6\u00f6tatud, t\u00e4iustatud vitamiinide bestselleri valem<\/li>\n<\/ul>\n<h4 class=\"cm__heading\"><strong>Vitamiinid ja mineraalid<\/strong><\/h4>\n<p class=\"cm__text\">Toidulisandi koostis on valitud selliselt, et selles sisalduvad vitamiinid ja mineraalained m\u00f5jutaksid peaaegu k\u00f5iki biokeemilisi protsesse inimkehas.\u00a0Nende t\u00e4iendamine ja piisav varumine on vajalik kehas \u00f5ige f\u00fc\u00fcsilise ja vaimse vormi, heaolu ja tasakaalu s\u00e4ilitamiseks.\u00a0Vaid \u00fcks annus preparaati katab t\u00e4ielikult t\u00e4iskasvanud inimese keha k\u00f5ige vajalikumate vitamiinide ja mineraalainete p\u00e4evase vajaduse ning t\u00e4iendab t\u00f5husalt k\u00f5iki suurenenud f\u00fc\u00fcsilisest aktiivsusest v\u00f5i eba\u00f5igesti tasakaalustatud toitumisest tulenevaid puuduj\u00e4\u00e4ke.<\/p>\n<h4 class=\"cm__heading\"><strong>OstroVit Vit&amp;Min FORTE koostisainete omadused<\/strong>:<\/h4>\n<ul class=\"cm__list\">\n<li>Tohutu antioks\u00fcdantide potentsiaal<\/li>\n<li>Vajalik peamiste biokeemiliste protsesside l\u00e4biviimiseks<\/li>\n<li>Need toimivad loomuliku kaitsekilbina \u2013 organismi immuunsusena<\/li>\n<li>Terved ja tugevad luud<\/li>\n<li>Parem tuju<\/li>\n<li>Abi v\u00f5itluses k\u00fclmetushaiguste ja infektsioonidega<\/li>\n<\/ul>\n<\/section>\n<section class=\"cm__section\">\n<h4 class=\"cm__heading\"><strong>Laboratoorselt t\u00f5estatud kvaliteet<\/strong><\/h4>\n<p class=\"cm__text --bold\">Klientide tervise p\u00e4rast muretsedes testitakse meie tooteid regulaarselt s\u00f5ltumatus akrediteeritud laboris, et tagada ja s\u00e4ilitada k\u00f5rgeim kvaliteet.<\/p>\n<p><strong>Vit&amp;Min Forte Koostisosad<\/strong>:<\/p>\n<p>Mahuaine: mikrokristalne tselluloos;\u00a0sidrunhappe magneesiumisoolad, kaaliumtsitraat, kaltsiumkarbonaat, raud(II)digl\u00fctsinaat, L-askorbiinhape, DL-alfa-tokofer\u00fc\u00fclatsetaat, tsinkpikolinaat, L-selenometioniin, t\u00e4rklis, maltodekstriin, paakumisvastased ained: r\u00e4nidioksiid, magneesium rasvhapete soolad ;\u00a0nikotiinhape, tiamiinvesinikkloriid, riboflaviin, kaltsium-D-pantotenaat, kolekaltsiferool, mangaandigl\u00fctsinaat, vaskdigl\u00fctsinaat, retin\u00fc\u00fclatsetaat, p\u00fcridoksiinvesinikkloriid, kroompikolinaat, ptero\u00fc\u00fclmonoglutamiinhape, D-biotiin, ts\u00fcanokobalamiin.<\/p>\n<p>Magneesiumi vormi muutmine magneesiumtsitraadiks.<\/p>\n<p>Toode v\u00f5ib sisaldada piima (sh laktoosi), soja, maap\u00e4hkleid, muid p\u00e4hkleid, seesamiseemneid, gluteeni sisaldavaid teravilju, mune, sellerit, sinepit, v\u00e4hilaadseid, kala.<\/p>\n<p><strong>Kasutamine<\/strong>: Tarbi 1 portsjon (2 tabletti) p\u00e4evas.\u00a0Toode on m\u00f5eldud t\u00e4iskasvanutele.<\/p>\n<p><strong>Suurus<\/strong>: 90 tabletti &#8211; 45 serveeringut<\/p>\n<table>\n<tbody>\n<tr>\n<th>Aktiivsed koostisosad<\/th>\n<th>Portsjoni kohta<\/th>\n<th>% SPK*<\/th>\n<\/tr>\n<tr>\n<td>Kaalium<\/td>\n<td>300 mg<\/td>\n<td>15<\/td>\n<\/tr>\n<tr>\n<td>Magneesium<\/td>\n<td>108 mg<\/td>\n<td>29<\/td>\n<\/tr>\n<tr>\n<td>Kaltsium<\/td>\n<td>120 mg<\/td>\n<td>15<\/td>\n<\/tr>\n<tr>\n<td>C-vitamiin<\/td>\n<td>80 mg<\/td>\n<td>100<\/td>\n<\/tr>\n<tr>\n<td>Niatsiin<\/td>\n<td>16 mg<\/td>\n<td>100<\/td>\n<\/tr>\n<tr>\n<td>E-vitamiin<\/td>\n<td>30 mg<\/td>\n<td>250<\/td>\n<\/tr>\n<tr>\n<td>Tiamiin<\/td>\n<td>15 mg<\/td>\n<td>1364<\/td>\n<\/tr>\n<tr>\n<td>Riboflaviin<\/td>\n<td>15 mg<\/td>\n<td>1071<\/td>\n<\/tr>\n<tr>\n<td>Tsink<\/td>\n<td>15 mg<\/td>\n<td>150<\/td>\n<\/tr>\n<tr>\n<td>Raud<\/td>\n<td>14 mg<\/td>\n<td>100<\/td>\n<\/tr>\n<tr>\n<td>Pantoteenhape<\/td>\n<td>12 mg<\/td>\n<td>200<\/td>\n<\/tr>\n<tr>\n<td>Vitamiin B6<\/td>\n<td>2 mg<\/td>\n<td>143<\/td>\n<\/tr>\n<tr>\n<td>Mangaan<\/td>\n<td>1,8 mg<\/td>\n<td>90<\/td>\n<\/tr>\n<tr>\n<td>Vask<\/td>\n<td>1 mg<\/td>\n<td>100<\/td>\n<\/tr>\n<tr>\n<td>A-vitamiin<\/td>\n<td>800 \u00b5g<\/td>\n<td>100<\/td>\n<\/tr>\n<tr>\n<td>Foolhape<\/td>\n<td>400 \u00b5g<\/td>\n<td>200<\/td>\n<\/tr>\n<tr>\n<td>Seleen<\/td>\n<td>200 \u00b5g<\/td>\n<td>364<\/td>\n<\/tr>\n<tr>\n<td>Biotiin<\/td>\n<td>150 \u00b5g<\/td>\n<td>300<\/td>\n<\/tr>\n<tr>\n<td>Chrome<\/td>\n<td>150 \u00b5g<\/td>\n<td>375<\/td>\n<\/tr>\n<tr>\n<td>D-vitamiin<\/td>\n<td>30 \u00b5g<\/td>\n<td>600<\/td>\n<\/tr>\n<tr>\n<td>Vitamiin B12<\/td>\n<td>10 \u00b5g<\/td>\n<td>400<\/td>\n<\/tr>\n<\/tbody>\n<\/table>\n<p>*SPK \u2013 Soovitatud P\u00e4evane Kogus<\/p>\n<p>Vaata ka meie Teisi Multivitamiine <a href=\"https:\/\/fit360.ee\/en\/product-category\/product-groups\/vitamins-and-minerals-en\/multivitamins-en\/\"><strong>SIIT<\/strong><\/a>!<\/p>\n<p>Soovid kaupa osta suuremas koguses? Vaata antud toodet ka meie HULGI poest\u00a0<a href=\"https:\/\/toidulisandidhulgi.ee\/product\/vitmin-forte-90tbl\/\"><strong>SIIT<\/strong><\/a>!<\/p>\n<\/section>\n","protected":false},"excerpt":{"rendered":"<ul class=\"cm__list\">\n<li>90 tabletti pakendis<\/li>\n<li>K\u00f5rge biosaadavusega vormid<\/li>\n<li>\u00dcksikute vitamiinide ja mineraalainete suured annused<\/li>\n<li>Forte t\u00e4hendab tugevamat ja enamat.\u00a0Spetsiaalselt v\u00e4lja t\u00f6\u00f6tatud, t\u00e4iustatud vitamiinide bestselleri valem<\/li>\n<\/ul>\n","protected":false},"featured_media":84538,"comment_status":"closed","ping_status":"closed","template":"","meta":[],"product_brand":[],"product_cat":[5311,2251,2255,1911,1913,2283,2259,5320,2665,1915,1917,1329,2244,536,2275],"product_tag":[1924,4126],"giftcard-category":[],"class_list":{"0":"post-67193","1":"product","2":"type-product","3":"status-publish","4":"has-post-thumbnail","6":"product_cat-antioxidants-en","7":"product_cat-b-vitamin-en","8":"product_cat-biotin-en","9":"product_cat-c-vitamin-en","10":"product_cat-d-vitamin-en","11":"product_cat-e-vitamin-en","12":"product_cat-folic-acid-en","13":"product_cat-for-immunity-en","14":"product_cat-iron-en","15":"product_cat-magnesium-en","16":"product_cat-multivitamins-en","17":"product_cat-ostrovit-en","18":"product_cat-selen-en","19":"product_cat-vitamins-and-minerals-en","20":"product_cat-zinc-en","21":"product_tag-ostrovit-en","22":"product_tag-vitmin-forte-en","23":"pa_kogus-90-tablets","24":"pa_toidulisand-branddd-ostrovit","25":"pa_tootegruppp-antioksudandid-en","26":"pa_tootegruppp-b-vitamiin-en","27":"pa_tootegruppp-biotiin-en","28":"pa_tootegruppp-c-vitamiin-en","29":"pa_tootegruppp-d-vitamiin-en","30":"pa_tootegruppp-e-vitamiin-en","31":"pa_tootegruppp-foolhape-en","32":"pa_tootegruppp-immuunsusteem-en","33":"pa_tootegruppp-magneesium-en","34":"pa_tootegruppp-multivitamiinid-en","35":"pa_tootegruppp-raud-en","36":"pa_tootegruppp-seleen-en","37":"pa_tootegruppp-tsink-en","38":"pa_tootegruppp-vitamins-and-minerals","40":"first","41":"outofstock","42":"sale","43":"taxable","44":"shipping-taxable","45":"purchasable","46":"product-type-simple"},"yoast_head":"<!-- This site is optimized with the Yoast SEO plugin v27.3 - https:\/\/yoast.com\/product\/yoast-seo-wordpress\/ -->\n<title>Vit&amp;Min Forte (90tbl) - Kange Multivitamiin - Kiire Tarne - Fit360<\/title>\n<meta name=\"description\" content=\"OstroVit Vit&amp;Min Forte on terviklik vitamiinide ja mineraalide komplekt, mis on f\u00fc\u00fcsiliselt aktiivsele inimesele h\u00e4davajalik. \u00dcksikute vitamiinide ja mi...\" \/>\n<meta name=\"robots\" content=\"index, follow, max-snippet:-1, max-image-preview:large, max-video-preview:-1\" \/>\n<link rel=\"canonical\" href=\"https:\/\/fit360.ee\/en\/pood\/product-groups\/vitamins-and-minerals-en\/c-vitamin-en\/vitmin-forte-90tabs\/\" \/>\n<meta property=\"og:locale\" content=\"en_US\" \/>\n<meta property=\"og:type\" content=\"article\" \/>\n<meta property=\"og:title\" content=\"Vit&amp;Min Forte (90tbl) - Kange Multivitamiin - Kiire Tarne - Fit360\" \/>\n<meta property=\"og:description\" content=\"OstroVit Vit&amp;Min Forte on terviklik vitamiinide ja mineraalide komplekt, mis on f\u00fc\u00fcsiliselt aktiivsele inimesele h\u00e4davajalik. \u00dcksikute vitamiinide ja mi...\" \/>\n<meta property=\"og:url\" content=\"https:\/\/fit360.ee\/en\/pood\/product-groups\/vitamins-and-minerals-en\/c-vitamin-en\/vitmin-forte-90tabs\/\" \/>\n<meta property=\"og:site_name\" content=\"Fit360\" \/>\n<meta property=\"article:modified_time\" content=\"2025-08-19T07:04:35+00:00\" \/>\n<meta property=\"og:image\" content=\"https:\/\/fit360.ee\/wp-content\/uploads\/2022\/12\/VitMin-Forte-fit360.ee_-1.png\" \/>\n\t<meta property=\"og:image:width\" content=\"450\" \/>\n\t<meta property=\"og:image:height\" content=\"450\" \/>\n\t<meta property=\"og:image:type\" content=\"image\/png\" \/>\n<meta name=\"twitter:card\" content=\"summary_large_image\" \/>\n<meta name=\"twitter:label1\" content=\"Est. reading time\" \/>\n\t<meta name=\"twitter:data1\" content=\"3 minutes\" \/>\n<script type=\"application\/ld+json\" class=\"yoast-schema-graph\">{\"@context\":\"https:\\\/\\\/schema.org\",\"@graph\":[{\"@type\":\"WebPage\",\"@id\":\"https:\\\/\\\/fit360.ee\\\/en\\\/pood\\\/product-groups\\\/vitamins-and-minerals-en\\\/c-vitamin-en\\\/vitmin-forte-90tabs\\\/\",\"url\":\"https:\\\/\\\/fit360.ee\\\/en\\\/pood\\\/product-groups\\\/vitamins-and-minerals-en\\\/c-vitamin-en\\\/vitmin-forte-90tabs\\\/\",\"name\":\"Vit&amp;Min Forte (90tbl) - Kange Multivitamiin - Kiire Tarne - Fit360\",\"isPartOf\":{\"@id\":\"https:\\\/\\\/fit360.ee\\\/en\\\/#website\"},\"primaryImageOfPage\":{\"@id\":\"https:\\\/\\\/fit360.ee\\\/en\\\/pood\\\/product-groups\\\/vitamins-and-minerals-en\\\/c-vitamin-en\\\/vitmin-forte-90tabs\\\/#primaryimage\"},\"image\":{\"@id\":\"https:\\\/\\\/fit360.ee\\\/en\\\/pood\\\/product-groups\\\/vitamins-and-minerals-en\\\/c-vitamin-en\\\/vitmin-forte-90tabs\\\/#primaryimage\"},\"thumbnailUrl\":\"https:\\\/\\\/fit360.ee\\\/wp-content\\\/uploads\\\/2022\\\/12\\\/VitMin-Forte-fit360.ee_-1.png\",\"datePublished\":\"2022-12-23T19:23:58+00:00\",\"dateModified\":\"2025-08-19T07:04:35+00:00\",\"description\":\"OstroVit Vit&Min Forte on terviklik vitamiinide ja mineraalide komplekt, mis on f\u00fc\u00fcsiliselt aktiivsele inimesele h\u00e4davajalik. \u00dcksikute vitamiinide ja mi...\",\"breadcrumb\":{\"@id\":\"https:\\\/\\\/fit360.ee\\\/en\\\/pood\\\/product-groups\\\/vitamins-and-minerals-en\\\/c-vitamin-en\\\/vitmin-forte-90tabs\\\/#breadcrumb\"},\"inLanguage\":\"en-US\",\"potentialAction\":[{\"@type\":\"ReadAction\",\"target\":[\"https:\\\/\\\/fit360.ee\\\/en\\\/pood\\\/product-groups\\\/vitamins-and-minerals-en\\\/c-vitamin-en\\\/vitmin-forte-90tabs\\\/\"]}]},{\"@type\":\"ImageObject\",\"inLanguage\":\"en-US\",\"@id\":\"https:\\\/\\\/fit360.ee\\\/en\\\/pood\\\/product-groups\\\/vitamins-and-minerals-en\\\/c-vitamin-en\\\/vitmin-forte-90tabs\\\/#primaryimage\",\"url\":\"https:\\\/\\\/fit360.ee\\\/wp-content\\\/uploads\\\/2022\\\/12\\\/VitMin-Forte-fit360.ee_-1.png\",\"contentUrl\":\"https:\\\/\\\/fit360.ee\\\/wp-content\\\/uploads\\\/2022\\\/12\\\/VitMin-Forte-fit360.ee_-1.png\",\"width\":450,\"height\":450,\"caption\":\"Vit&Min Forte - fit360.ee\"},{\"@type\":\"BreadcrumbList\",\"@id\":\"https:\\\/\\\/fit360.ee\\\/en\\\/pood\\\/product-groups\\\/vitamins-and-minerals-en\\\/c-vitamin-en\\\/vitmin-forte-90tabs\\\/#breadcrumb\",\"itemListElement\":[{\"@type\":\"ListItem\",\"position\":1,\"name\":\"Home\",\"item\":\"https:\\\/\\\/fit360.ee\\\/en\\\/\"},{\"@type\":\"ListItem\",\"position\":2,\"name\":\"Shop\",\"item\":\"https:\\\/\\\/fit360.ee\\\/en\\\/shop\\\/\"},{\"@type\":\"ListItem\",\"position\":3,\"name\":\"Vit&amp;Min Forte (90tbl)\"}]},{\"@type\":\"WebSite\",\"@id\":\"https:\\\/\\\/fit360.ee\\\/en\\\/#website\",\"url\":\"https:\\\/\\\/fit360.ee\\\/en\\\/\",\"name\":\"Fit360\",\"description\":\"\",\"publisher\":{\"@id\":\"https:\\\/\\\/fit360.ee\\\/en\\\/#organization\"},\"potentialAction\":[{\"@type\":\"SearchAction\",\"target\":{\"@type\":\"EntryPoint\",\"urlTemplate\":\"https:\\\/\\\/fit360.ee\\\/en\\\/?s={search_term_string}\"},\"query-input\":{\"@type\":\"PropertyValueSpecification\",\"valueRequired\":true,\"valueName\":\"search_term_string\"}}],\"inLanguage\":\"en-US\"},{\"@type\":\"Organization\",\"@id\":\"https:\\\/\\\/fit360.ee\\\/en\\\/#organization\",\"name\":\"Fit360\",\"url\":\"https:\\\/\\\/fit360.ee\\\/en\\\/\",\"logo\":{\"@type\":\"ImageObject\",\"inLanguage\":\"en-US\",\"@id\":\"https:\\\/\\\/fit360.ee\\\/en\\\/#\\\/schema\\\/logo\\\/image\\\/\",\"url\":\"https:\\\/\\\/fit360.ee\\\/wp-content\\\/uploads\\\/2017\\\/01\\\/logo-fit360.png\",\"contentUrl\":\"https:\\\/\\\/fit360.ee\\\/wp-content\\\/uploads\\\/2017\\\/01\\\/logo-fit360.png\",\"width\":180,\"height\":66,\"caption\":\"Fit360\"},\"image\":{\"@id\":\"https:\\\/\\\/fit360.ee\\\/en\\\/#\\\/schema\\\/logo\\\/image\\\/\"}}]}<\/script>\n<!-- \/ Yoast SEO plugin. -->","yoast_head_json":{"title":"Vit&amp;Min Forte (90tbl) - Kange Multivitamiin - Kiire Tarne - Fit360","description":"OstroVit Vit&Min Forte on terviklik vitamiinide ja mineraalide komplekt, mis on f\u00fc\u00fcsiliselt aktiivsele inimesele h\u00e4davajalik. \u00dcksikute vitamiinide ja mi...","robots":{"index":"index","follow":"follow","max-snippet":"max-snippet:-1","max-image-preview":"max-image-preview:large","max-video-preview":"max-video-preview:-1"},"canonical":"https:\/\/fit360.ee\/en\/pood\/product-groups\/vitamins-and-minerals-en\/c-vitamin-en\/vitmin-forte-90tabs\/","og_locale":"en_US","og_type":"article","og_title":"Vit&amp;Min Forte (90tbl) - Kange Multivitamiin - Kiire Tarne - Fit360","og_description":"OstroVit Vit&Min Forte on terviklik vitamiinide ja mineraalide komplekt, mis on f\u00fc\u00fcsiliselt aktiivsele inimesele h\u00e4davajalik. \u00dcksikute vitamiinide ja mi...","og_url":"https:\/\/fit360.ee\/en\/pood\/product-groups\/vitamins-and-minerals-en\/c-vitamin-en\/vitmin-forte-90tabs\/","og_site_name":"Fit360","article_modified_time":"2025-08-19T07:04:35+00:00","og_image":[{"width":450,"height":450,"url":"https:\/\/fit360.ee\/wp-content\/uploads\/2022\/12\/VitMin-Forte-fit360.ee_-1.png","type":"image\/png"}],"twitter_card":"summary_large_image","twitter_misc":{"Est. reading time":"3 minutes"},"schema":{"@context":"https:\/\/schema.org","@graph":[{"@type":"WebPage","@id":"https:\/\/fit360.ee\/en\/pood\/product-groups\/vitamins-and-minerals-en\/c-vitamin-en\/vitmin-forte-90tabs\/","url":"https:\/\/fit360.ee\/en\/pood\/product-groups\/vitamins-and-minerals-en\/c-vitamin-en\/vitmin-forte-90tabs\/","name":"Vit&amp;Min Forte (90tbl) - Kange Multivitamiin - Kiire Tarne - Fit360","isPartOf":{"@id":"https:\/\/fit360.ee\/en\/#website"},"primaryImageOfPage":{"@id":"https:\/\/fit360.ee\/en\/pood\/product-groups\/vitamins-and-minerals-en\/c-vitamin-en\/vitmin-forte-90tabs\/#primaryimage"},"image":{"@id":"https:\/\/fit360.ee\/en\/pood\/product-groups\/vitamins-and-minerals-en\/c-vitamin-en\/vitmin-forte-90tabs\/#primaryimage"},"thumbnailUrl":"https:\/\/fit360.ee\/wp-content\/uploads\/2022\/12\/VitMin-Forte-fit360.ee_-1.png","datePublished":"2022-12-23T19:23:58+00:00","dateModified":"2025-08-19T07:04:35+00:00","description":"OstroVit Vit&Min Forte on terviklik vitamiinide ja mineraalide komplekt, mis on f\u00fc\u00fcsiliselt aktiivsele inimesele h\u00e4davajalik. \u00dcksikute vitamiinide ja mi...","breadcrumb":{"@id":"https:\/\/fit360.ee\/en\/pood\/product-groups\/vitamins-and-minerals-en\/c-vitamin-en\/vitmin-forte-90tabs\/#breadcrumb"},"inLanguage":"en-US","potentialAction":[{"@type":"ReadAction","target":["https:\/\/fit360.ee\/en\/pood\/product-groups\/vitamins-and-minerals-en\/c-vitamin-en\/vitmin-forte-90tabs\/"]}]},{"@type":"ImageObject","inLanguage":"en-US","@id":"https:\/\/fit360.ee\/en\/pood\/product-groups\/vitamins-and-minerals-en\/c-vitamin-en\/vitmin-forte-90tabs\/#primaryimage","url":"https:\/\/fit360.ee\/wp-content\/uploads\/2022\/12\/VitMin-Forte-fit360.ee_-1.png","contentUrl":"https:\/\/fit360.ee\/wp-content\/uploads\/2022\/12\/VitMin-Forte-fit360.ee_-1.png","width":450,"height":450,"caption":"Vit&Min Forte - fit360.ee"},{"@type":"BreadcrumbList","@id":"https:\/\/fit360.ee\/en\/pood\/product-groups\/vitamins-and-minerals-en\/c-vitamin-en\/vitmin-forte-90tabs\/#breadcrumb","itemListElement":[{"@type":"ListItem","position":1,"name":"Home","item":"https:\/\/fit360.ee\/en\/"},{"@type":"ListItem","position":2,"name":"Shop","item":"https:\/\/fit360.ee\/en\/shop\/"},{"@type":"ListItem","position":3,"name":"Vit&amp;Min Forte (90tbl)"}]},{"@type":"WebSite","@id":"https:\/\/fit360.ee\/en\/#website","url":"https:\/\/fit360.ee\/en\/","name":"Fit360","description":"","publisher":{"@id":"https:\/\/fit360.ee\/en\/#organization"},"potentialAction":[{"@type":"SearchAction","target":{"@type":"EntryPoint","urlTemplate":"https:\/\/fit360.ee\/en\/?s={search_term_string}"},"query-input":{"@type":"PropertyValueSpecification","valueRequired":true,"valueName":"search_term_string"}}],"inLanguage":"en-US"},{"@type":"Organization","@id":"https:\/\/fit360.ee\/en\/#organization","name":"Fit360","url":"https:\/\/fit360.ee\/en\/","logo":{"@type":"ImageObject","inLanguage":"en-US","@id":"https:\/\/fit360.ee\/en\/#\/schema\/logo\/image\/","url":"https:\/\/fit360.ee\/wp-content\/uploads\/2017\/01\/logo-fit360.png","contentUrl":"https:\/\/fit360.ee\/wp-content\/uploads\/2017\/01\/logo-fit360.png","width":180,"height":66,"caption":"Fit360"},"image":{"@id":"https:\/\/fit360.ee\/en\/#\/schema\/logo\/image\/"}}]}},"_links":{"self":[{"href":"https:\/\/fit360.ee\/en\/wp-json\/wp\/v2\/product\/67193","targetHints":{"allow":["GET"]}}],"collection":[{"href":"https:\/\/fit360.ee\/en\/wp-json\/wp\/v2\/product"}],"about":[{"href":"https:\/\/fit360.ee\/en\/wp-json\/wp\/v2\/types\/product"}],"replies":[{"embeddable":true,"href":"https:\/\/fit360.ee\/en\/wp-json\/wp\/v2\/comments?post=67193"}],"wp:featuredmedia":[{"embeddable":true,"href":"https:\/\/fit360.ee\/en\/wp-json\/wp\/v2\/media\/84538"}],"wp:attachment":[{"href":"https:\/\/fit360.ee\/en\/wp-json\/wp\/v2\/media?parent=67193"}],"wp:term":[{"taxonomy":"product_brand","embeddable":true,"href":"https:\/\/fit360.ee\/en\/wp-json\/wp\/v2\/product_brand?post=67193"},{"taxonomy":"product_cat","embeddable":true,"href":"https:\/\/fit360.ee\/en\/wp-json\/wp\/v2\/product_cat?post=67193"},{"taxonomy":"product_tag","embeddable":true,"href":"https:\/\/fit360.ee\/en\/wp-json\/wp\/v2\/product_tag?post=67193"},{"taxonomy":"giftcard-category","embeddable":true,"href":"https:\/\/fit360.ee\/en\/wp-json\/wp\/v2\/giftcard-category?post=67193"}],"curies":[{"name":"wp","href":"https:\/\/api.w.org\/{rel}","templated":true}]}}