{"id":67298,"date":"2023-01-01T18:09:01","date_gmt":"2023-01-01T16:09:01","guid":{"rendered":"https:\/\/fit360.ee\/?post_type=product&#038;p=67298"},"modified":"2026-04-10T16:41:28","modified_gmt":"2026-04-10T14:41:28","slug":"magneesiumtsitraat","status":"publish","type":"product","link":"https:\/\/fit360.ee\/en\/pood\/product-groups\/vitamins-and-minerals-en\/magnesium-en\/magneesiumtsitraat\/","title":{"rendered":"Magneesiumtsitraat (90caps)"},"content":{"rendered":"<h1><strong>Magneesiumtsitraat<\/strong><\/h1>\n<p>Magneesiumtsitraat on mineraalaine, mis on vajalik tervete luude ja hammaste arenemiseks, s\u00e4ilimiseks ning eriti s\u00fcdamelihaste, aju ja n\u00e4rvis\u00fcsteemi toimimiseks. Samuti toetab magneesium\u00a0ainevahetust ja m\u00f5jub soodsalt veresuhkrule. Oma antioks\u00fcdatiivsete omaduste t\u00f5ttu aitab magneesium\u00a0immuuns\u00fcsteemi tugevdada. Samuti reguleerib magneesium\u00a0kaltsiumi imendumist organismis.<\/p>\n<p>Magneesium\u00a0kuulub nende mineraalide hulka, mille nimetusega kaasneb s\u00f5na h\u00e4davajalik. Magneesiumi sisaldab iga rakk meie kehas, eriti rohkesti on seda lihastes, k.a. s\u00fcdamelihas ja veresooneseinad. Magneesiumi \u00fcheks t\u00e4htsaimaks funktsiooniks meie kehas on lihaste l\u00f5dvestumisprotsesside reguleerimine. Mida v\u00e4hem lihaspinget, seda v\u00e4hem \u00fcldist stressi ning seda parem unekvaliteet. L\u00f5dvestades veresoonte- ja s\u00fcdame lihasrakke soodustab see mineraal arteriaalse verer\u00f5hu ja pulsisageduse langust, muutes seel\u00e4bi magneesiumi vajalikuks mistahes s\u00fcdameprobleemiga inimesele.<\/p>\n<p>Magneesiumtsitraat on magneesiumi ja sidrunhappe soola segu 1 : 1 kontsentratsiooniga, sellest ka hapukas maitse. Tsitraat annab magneesiumile bioaktiivse omaduse ning on keha poolt k\u00f5ige paremini omastatav.<\/p>\n<p><strong>Koostisosad<\/strong>: magneesiumtsitraat, kapsli \u00fcmbris (\u017eelatiin, vesi)<\/p>\n<p><strong>Kasutamine<\/strong>: V\u00f5ta 1 kapslel p\u00e4evas.<\/p>\n<p><strong>NB<\/strong>: Toidulisandid ei asenda mitmek\u00fclgeset toitumist. Hoiustada kuivas ja jahedas kohas, eemal otsest p\u00e4evavalgusest.<\/p>\n<p><strong>Suurus<\/strong>: 90 kapslit &#8211; 45 serveeringut<\/p>\n<table width=\"273\">\n<tbody>\n<tr>\n<td width=\"148\"><strong>Anal\u00fc\u00fcs<\/strong><\/td>\n<td width=\"63\"><strong>1 kapsel<\/strong><\/td>\n<td width=\"62\"><strong>SPK%<\/strong><\/td>\n<\/tr>\n<tr>\n<td width=\"148\">Magneesiumtsitraat,<\/td>\n<td width=\"63\">830 mg<\/td>\n<td width=\"62\">*<\/td>\n<\/tr>\n<tr>\n<td width=\"148\"><em>millest<\/em> magneesiumi<\/td>\n<td width=\"63\">120 mg<\/td>\n<td width=\"62\">40%<\/td>\n<\/tr>\n<\/tbody>\n<\/table>\n<p><strong>SPK<\/strong> &#8211; soovitatud p\u00e4evane kogus.<\/p>\n<p>Vaata ka meie teisi Vitamiine\/Mineraale <a href=\"https:\/\/fit360.ee\/en\/product-category\/product-groups\/vitamins-and-minerals-en\/\"><strong>SIIT<\/strong><\/a>\u00a0v\u00f5i Magneesiume <a href=\"https:\/\/fit360.ee\/en\/product-category\/product-groups\/vitamins-and-minerals-en\/magnesium-en\/\"><strong>SIIT<\/strong><\/a>!<\/p>\n<p>Soovid teha suuremat tellimust? Vaata antud toodet meie HULGI lehelt\u00a0<a href=\"https:\/\/toidulisandidhulgi.ee\/product\/magneesiumtsitraat\/\"><strong>SIIT<\/strong><\/a>!<\/p>\n","protected":false},"excerpt":{"rendered":"<p><strong>Magneesiumtsitraat:<\/strong><\/p>\n<ul>\n<li>Aitab lihaskrampide vastu.<\/li>\n<li>Toetab n\u00e4rvis\u00fcsteemi t\u00f6\u00f6d.<\/li>\n<li>Aitab lihasv\u00e4simuse vastu.<\/li>\n<li>Hea taastaja peale rasket f\u00fc\u00fcsilist t\u00f6\u00f6d v\u00f5i treeningut.<\/li>\n<\/ul>\n<div class=\"woocommerce-container\">\n<section id=\"content\" class=\"\">\n<div id=\"product-23019\" class=\"product type-product post-23019 status-publish first instock product_cat-enne-treeningut product_cat-magneesium product_cat-mineraalained product_cat-mineraalained-veganitele product_cat-peale-treeningut product_cat-sporditooted product_cat-taimetoitlastele-ja-veganitele product_cat-treeningu-ajal product_cat-vasimus product_tag-lihaskrambid product_tag-lihasvasimus product_tag-magasorb product_tag-magneesium product_tag-magneesiumi-pulber product_tag-magneesiumtsitraat product_tag-pulber product_tag-vasimus has-post-thumbnail taxable shipping-taxable purchasable product-type-simple\">\n<div class=\"post-content woocommerce-product-details__short-description\">\n<p><strong>Magneesium<\/strong> on oluline mineraalaine luustiku arenguks, n\u00e4rvi- ja lihasfunktsioonide korrap\u00e4raseks funktsioneerimiseks, rasvhapete ja rakkude tootmiseks ning elektrol\u00fc\u00fctide tasakaalu s\u00e4ilitamiseks. Lisaks aitab magneesium toetada energia tootmist, on vastutav \u00fcle 300 ens\u00fc\u00fcm-reaktsiooni eest kehas, aktiveerib B-grupi vitamiine, l\u00f5\u00f5gastab lihaseid ning aitab kaasa insuliini sekretsioonile ja toimimisele.<\/p>\n<\/div>\n<\/div>\n<\/section>\n<\/div>\n<aside id=\"sidebar\" class=\"sidebar fusion-widget-area fusion-content-widget-area fusion-sidebar-left fusion-productssidebar\" role=\"complementary\">\n<div id=\"yith_wc_category_accordion-3\" class=\"widget widget_yith_wc_category_accordion\">\n<div class=\"ywcca_container ywcca_widget_container_style_2\">\n<p>&nbsp;<\/p>\n<\/div>\n<\/div>\n<\/aside>\n","protected":false},"featured_media":67300,"comment_status":"open","ping_status":"closed","template":"","meta":[],"product_brand":[],"product_cat":[527,1915,515,536],"product_tag":[1895,4128,1803],"giftcard-category":[],"class_list":{"0":"post-67298","1":"product","2":"type-product","3":"status-publish","4":"has-post-thumbnail","6":"product_cat-joint-support-en","7":"product_cat-magnesium-en","8":"product_cat-real-pharm","9":"product_cat-vitamins-and-minerals-en","10":"product_tag-magneesiumtsitraat-en","11":"product_tag-magnesium-citratre-en","12":"product_tag-real-pharm-en","13":"pa_toidulisand-branddd-real-pharm","14":"pa_tootegruppp-for-joints","15":"pa_tootegruppp-magneesium-en","16":"pa_tootegruppp-vitamins-and-minerals","18":"first","19":"outofstock","20":"sale","21":"taxable","22":"shipping-taxable","23":"purchasable","24":"product-type-simple"},"yoast_head":"<!-- This site is optimized with the Yoast SEO plugin v27.3 - https:\/\/yoast.com\/product\/yoast-seo-wordpress\/ -->\n<title>Magneesiumtsitraat (90caps) - Magnesium Citrate - Fit360<\/title>\n<meta name=\"description\" content=\"Magneesiumtsitraat on mineraalaine, mis on vajalik tervete luude ja hammaste arenemiseks, s\u00e4ilimiseks ning eriti s\u00fcdamelihaste, aju ja ....\" \/>\n<meta name=\"robots\" content=\"index, follow, max-snippet:-1, max-image-preview:large, max-video-preview:-1\" \/>\n<link rel=\"canonical\" href=\"https:\/\/fit360.ee\/en\/pood\/product-groups\/vitamins-and-minerals-en\/magnesium-en\/magneesiumtsitraat\/\" \/>\n<meta property=\"og:locale\" content=\"en_US\" \/>\n<meta property=\"og:type\" content=\"article\" \/>\n<meta property=\"og:title\" content=\"Magneesiumtsitraat (90caps) - Magnesium Citrate - Fit360\" \/>\n<meta property=\"og:description\" content=\"Magneesiumtsitraat on mineraalaine, mis on vajalik tervete luude ja hammaste arenemiseks, s\u00e4ilimiseks ning eriti s\u00fcdamelihaste, aju ja ....\" \/>\n<meta property=\"og:url\" content=\"https:\/\/fit360.ee\/en\/pood\/product-groups\/vitamins-and-minerals-en\/magnesium-en\/magneesiumtsitraat\/\" \/>\n<meta property=\"og:site_name\" content=\"Fit360\" \/>\n<meta property=\"article:modified_time\" content=\"2026-04-10T14:41:28+00:00\" \/>\n<meta property=\"og:image\" content=\"https:\/\/fit360.ee\/wp-content\/uploads\/2023\/01\/magneesiumtsitraat-fit360.ee_.png\" \/>\n\t<meta property=\"og:image:width\" content=\"600\" \/>\n\t<meta property=\"og:image:height\" content=\"600\" \/>\n\t<meta property=\"og:image:type\" content=\"image\/png\" \/>\n<meta name=\"twitter:card\" content=\"summary_large_image\" \/>\n<meta name=\"twitter:label1\" content=\"Est. reading time\" \/>\n\t<meta name=\"twitter:data1\" content=\"2 minutes\" \/>\n<script type=\"application\/ld+json\" class=\"yoast-schema-graph\">{\"@context\":\"https:\\\/\\\/schema.org\",\"@graph\":[{\"@type\":\"WebPage\",\"@id\":\"https:\\\/\\\/fit360.ee\\\/en\\\/pood\\\/product-groups\\\/vitamins-and-minerals-en\\\/magnesium-en\\\/magneesiumtsitraat\\\/\",\"url\":\"https:\\\/\\\/fit360.ee\\\/en\\\/pood\\\/product-groups\\\/vitamins-and-minerals-en\\\/magnesium-en\\\/magneesiumtsitraat\\\/\",\"name\":\"Magneesiumtsitraat (90caps) - Magnesium Citrate - Fit360\",\"isPartOf\":{\"@id\":\"https:\\\/\\\/fit360.ee\\\/en\\\/#website\"},\"primaryImageOfPage\":{\"@id\":\"https:\\\/\\\/fit360.ee\\\/en\\\/pood\\\/product-groups\\\/vitamins-and-minerals-en\\\/magnesium-en\\\/magneesiumtsitraat\\\/#primaryimage\"},\"image\":{\"@id\":\"https:\\\/\\\/fit360.ee\\\/en\\\/pood\\\/product-groups\\\/vitamins-and-minerals-en\\\/magnesium-en\\\/magneesiumtsitraat\\\/#primaryimage\"},\"thumbnailUrl\":\"https:\\\/\\\/fit360.ee\\\/wp-content\\\/uploads\\\/2023\\\/01\\\/magneesiumtsitraat-fit360.ee_.png\",\"datePublished\":\"2023-01-01T16:09:01+00:00\",\"dateModified\":\"2026-04-10T14:41:28+00:00\",\"description\":\"Magneesiumtsitraat on mineraalaine, mis on vajalik tervete luude ja hammaste arenemiseks, s\u00e4ilimiseks ning eriti s\u00fcdamelihaste, aju ja ....\",\"breadcrumb\":{\"@id\":\"https:\\\/\\\/fit360.ee\\\/en\\\/pood\\\/product-groups\\\/vitamins-and-minerals-en\\\/magnesium-en\\\/magneesiumtsitraat\\\/#breadcrumb\"},\"inLanguage\":\"en-US\",\"potentialAction\":[{\"@type\":\"ReadAction\",\"target\":[\"https:\\\/\\\/fit360.ee\\\/en\\\/pood\\\/product-groups\\\/vitamins-and-minerals-en\\\/magnesium-en\\\/magneesiumtsitraat\\\/\"]}]},{\"@type\":\"ImageObject\",\"inLanguage\":\"en-US\",\"@id\":\"https:\\\/\\\/fit360.ee\\\/en\\\/pood\\\/product-groups\\\/vitamins-and-minerals-en\\\/magnesium-en\\\/magneesiumtsitraat\\\/#primaryimage\",\"url\":\"https:\\\/\\\/fit360.ee\\\/wp-content\\\/uploads\\\/2023\\\/01\\\/magneesiumtsitraat-fit360.ee_.png\",\"contentUrl\":\"https:\\\/\\\/fit360.ee\\\/wp-content\\\/uploads\\\/2023\\\/01\\\/magneesiumtsitraat-fit360.ee_.png\",\"width\":600,\"height\":600,\"caption\":\"magneesiumtsitraat - fit360.ee\"},{\"@type\":\"BreadcrumbList\",\"@id\":\"https:\\\/\\\/fit360.ee\\\/en\\\/pood\\\/product-groups\\\/vitamins-and-minerals-en\\\/magnesium-en\\\/magneesiumtsitraat\\\/#breadcrumb\",\"itemListElement\":[{\"@type\":\"ListItem\",\"position\":1,\"name\":\"Home\",\"item\":\"https:\\\/\\\/fit360.ee\\\/en\\\/\"},{\"@type\":\"ListItem\",\"position\":2,\"name\":\"Shop\",\"item\":\"https:\\\/\\\/fit360.ee\\\/en\\\/shop\\\/\"},{\"@type\":\"ListItem\",\"position\":3,\"name\":\"Magneesiumtsitraat (90caps)\"}]},{\"@type\":\"WebSite\",\"@id\":\"https:\\\/\\\/fit360.ee\\\/en\\\/#website\",\"url\":\"https:\\\/\\\/fit360.ee\\\/en\\\/\",\"name\":\"Fit360\",\"description\":\"\",\"publisher\":{\"@id\":\"https:\\\/\\\/fit360.ee\\\/en\\\/#organization\"},\"potentialAction\":[{\"@type\":\"SearchAction\",\"target\":{\"@type\":\"EntryPoint\",\"urlTemplate\":\"https:\\\/\\\/fit360.ee\\\/en\\\/?s={search_term_string}\"},\"query-input\":{\"@type\":\"PropertyValueSpecification\",\"valueRequired\":true,\"valueName\":\"search_term_string\"}}],\"inLanguage\":\"en-US\"},{\"@type\":\"Organization\",\"@id\":\"https:\\\/\\\/fit360.ee\\\/en\\\/#organization\",\"name\":\"Fit360\",\"url\":\"https:\\\/\\\/fit360.ee\\\/en\\\/\",\"logo\":{\"@type\":\"ImageObject\",\"inLanguage\":\"en-US\",\"@id\":\"https:\\\/\\\/fit360.ee\\\/en\\\/#\\\/schema\\\/logo\\\/image\\\/\",\"url\":\"https:\\\/\\\/fit360.ee\\\/wp-content\\\/uploads\\\/2017\\\/01\\\/logo-fit360.png\",\"contentUrl\":\"https:\\\/\\\/fit360.ee\\\/wp-content\\\/uploads\\\/2017\\\/01\\\/logo-fit360.png\",\"width\":180,\"height\":66,\"caption\":\"Fit360\"},\"image\":{\"@id\":\"https:\\\/\\\/fit360.ee\\\/en\\\/#\\\/schema\\\/logo\\\/image\\\/\"}}]}<\/script>\n<!-- \/ Yoast SEO plugin. -->","yoast_head_json":{"title":"Magneesiumtsitraat (90caps) - Magnesium Citrate - Fit360","description":"Magneesiumtsitraat on mineraalaine, mis on vajalik tervete luude ja hammaste arenemiseks, s\u00e4ilimiseks ning eriti s\u00fcdamelihaste, aju ja ....","robots":{"index":"index","follow":"follow","max-snippet":"max-snippet:-1","max-image-preview":"max-image-preview:large","max-video-preview":"max-video-preview:-1"},"canonical":"https:\/\/fit360.ee\/en\/pood\/product-groups\/vitamins-and-minerals-en\/magnesium-en\/magneesiumtsitraat\/","og_locale":"en_US","og_type":"article","og_title":"Magneesiumtsitraat (90caps) - Magnesium Citrate - Fit360","og_description":"Magneesiumtsitraat on mineraalaine, mis on vajalik tervete luude ja hammaste arenemiseks, s\u00e4ilimiseks ning eriti s\u00fcdamelihaste, aju ja ....","og_url":"https:\/\/fit360.ee\/en\/pood\/product-groups\/vitamins-and-minerals-en\/magnesium-en\/magneesiumtsitraat\/","og_site_name":"Fit360","article_modified_time":"2026-04-10T14:41:28+00:00","og_image":[{"width":600,"height":600,"url":"https:\/\/fit360.ee\/wp-content\/uploads\/2023\/01\/magneesiumtsitraat-fit360.ee_.png","type":"image\/png"}],"twitter_card":"summary_large_image","twitter_misc":{"Est. reading time":"2 minutes"},"schema":{"@context":"https:\/\/schema.org","@graph":[{"@type":"WebPage","@id":"https:\/\/fit360.ee\/en\/pood\/product-groups\/vitamins-and-minerals-en\/magnesium-en\/magneesiumtsitraat\/","url":"https:\/\/fit360.ee\/en\/pood\/product-groups\/vitamins-and-minerals-en\/magnesium-en\/magneesiumtsitraat\/","name":"Magneesiumtsitraat (90caps) - Magnesium Citrate - Fit360","isPartOf":{"@id":"https:\/\/fit360.ee\/en\/#website"},"primaryImageOfPage":{"@id":"https:\/\/fit360.ee\/en\/pood\/product-groups\/vitamins-and-minerals-en\/magnesium-en\/magneesiumtsitraat\/#primaryimage"},"image":{"@id":"https:\/\/fit360.ee\/en\/pood\/product-groups\/vitamins-and-minerals-en\/magnesium-en\/magneesiumtsitraat\/#primaryimage"},"thumbnailUrl":"https:\/\/fit360.ee\/wp-content\/uploads\/2023\/01\/magneesiumtsitraat-fit360.ee_.png","datePublished":"2023-01-01T16:09:01+00:00","dateModified":"2026-04-10T14:41:28+00:00","description":"Magneesiumtsitraat on mineraalaine, mis on vajalik tervete luude ja hammaste arenemiseks, s\u00e4ilimiseks ning eriti s\u00fcdamelihaste, aju ja ....","breadcrumb":{"@id":"https:\/\/fit360.ee\/en\/pood\/product-groups\/vitamins-and-minerals-en\/magnesium-en\/magneesiumtsitraat\/#breadcrumb"},"inLanguage":"en-US","potentialAction":[{"@type":"ReadAction","target":["https:\/\/fit360.ee\/en\/pood\/product-groups\/vitamins-and-minerals-en\/magnesium-en\/magneesiumtsitraat\/"]}]},{"@type":"ImageObject","inLanguage":"en-US","@id":"https:\/\/fit360.ee\/en\/pood\/product-groups\/vitamins-and-minerals-en\/magnesium-en\/magneesiumtsitraat\/#primaryimage","url":"https:\/\/fit360.ee\/wp-content\/uploads\/2023\/01\/magneesiumtsitraat-fit360.ee_.png","contentUrl":"https:\/\/fit360.ee\/wp-content\/uploads\/2023\/01\/magneesiumtsitraat-fit360.ee_.png","width":600,"height":600,"caption":"magneesiumtsitraat - fit360.ee"},{"@type":"BreadcrumbList","@id":"https:\/\/fit360.ee\/en\/pood\/product-groups\/vitamins-and-minerals-en\/magnesium-en\/magneesiumtsitraat\/#breadcrumb","itemListElement":[{"@type":"ListItem","position":1,"name":"Home","item":"https:\/\/fit360.ee\/en\/"},{"@type":"ListItem","position":2,"name":"Shop","item":"https:\/\/fit360.ee\/en\/shop\/"},{"@type":"ListItem","position":3,"name":"Magneesiumtsitraat (90caps)"}]},{"@type":"WebSite","@id":"https:\/\/fit360.ee\/en\/#website","url":"https:\/\/fit360.ee\/en\/","name":"Fit360","description":"","publisher":{"@id":"https:\/\/fit360.ee\/en\/#organization"},"potentialAction":[{"@type":"SearchAction","target":{"@type":"EntryPoint","urlTemplate":"https:\/\/fit360.ee\/en\/?s={search_term_string}"},"query-input":{"@type":"PropertyValueSpecification","valueRequired":true,"valueName":"search_term_string"}}],"inLanguage":"en-US"},{"@type":"Organization","@id":"https:\/\/fit360.ee\/en\/#organization","name":"Fit360","url":"https:\/\/fit360.ee\/en\/","logo":{"@type":"ImageObject","inLanguage":"en-US","@id":"https:\/\/fit360.ee\/en\/#\/schema\/logo\/image\/","url":"https:\/\/fit360.ee\/wp-content\/uploads\/2017\/01\/logo-fit360.png","contentUrl":"https:\/\/fit360.ee\/wp-content\/uploads\/2017\/01\/logo-fit360.png","width":180,"height":66,"caption":"Fit360"},"image":{"@id":"https:\/\/fit360.ee\/en\/#\/schema\/logo\/image\/"}}]}},"_links":{"self":[{"href":"https:\/\/fit360.ee\/en\/wp-json\/wp\/v2\/product\/67298","targetHints":{"allow":["GET"]}}],"collection":[{"href":"https:\/\/fit360.ee\/en\/wp-json\/wp\/v2\/product"}],"about":[{"href":"https:\/\/fit360.ee\/en\/wp-json\/wp\/v2\/types\/product"}],"replies":[{"embeddable":true,"href":"https:\/\/fit360.ee\/en\/wp-json\/wp\/v2\/comments?post=67298"}],"wp:featuredmedia":[{"embeddable":true,"href":"https:\/\/fit360.ee\/en\/wp-json\/wp\/v2\/media\/67300"}],"wp:attachment":[{"href":"https:\/\/fit360.ee\/en\/wp-json\/wp\/v2\/media?parent=67298"}],"wp:term":[{"taxonomy":"product_brand","embeddable":true,"href":"https:\/\/fit360.ee\/en\/wp-json\/wp\/v2\/product_brand?post=67298"},{"taxonomy":"product_cat","embeddable":true,"href":"https:\/\/fit360.ee\/en\/wp-json\/wp\/v2\/product_cat?post=67298"},{"taxonomy":"product_tag","embeddable":true,"href":"https:\/\/fit360.ee\/en\/wp-json\/wp\/v2\/product_tag?post=67298"},{"taxonomy":"giftcard-category","embeddable":true,"href":"https:\/\/fit360.ee\/en\/wp-json\/wp\/v2\/giftcard-category?post=67298"}],"curies":[{"name":"wp","href":"https:\/\/api.w.org\/{rel}","templated":true}]}}