{"id":67628,"date":"2023-01-17T12:47:22","date_gmt":"2023-01-17T10:47:22","guid":{"rendered":"https:\/\/fit360.ee\/pood\/uncategorized\/iconfit-sleep-capsules\/"},"modified":"2026-03-24T14:39:21","modified_gmt":"2026-03-24T12:39:21","slug":"iconfit-sleep-capsules","status":"publish","type":"product","link":"https:\/\/fit360.ee\/en\/pood\/product-groups\/sleep-enhancers-en\/melatonin-en\/iconfit-sleep-capsules\/","title":{"rendered":"ICONFIT Sleep Capsules (90caps)"},"content":{"rendered":"<h1><strong>ICONFIT Sleep Capsules<\/strong><\/h1>\n<p><strong>ICONFIT SLEEP CAPSULES on valmistatud kasutades v\u00e4ga t\u00f5husaid looduslikke taimseid ekstrakte nagu palderjan ja sidrunmeliss. Lisatud on ka aminohape L-teaniin, melatoniin, magneesium ja vitamiin B6.\u00a0<\/strong>Meie igap\u00e4evaelu on sageli v\u00e4ga stressirohke, mist\u00f5ttu on v\u00e4ga oluline, et saaksime h\u00e4sti v\u00e4lja puhata. Siiski on \u00fcha enamatel inimestel raskusi \u00f5htul magama j\u00e4\u00e4misega ja isegi kui \u00f5nnestub magama j\u00e4\u00e4da, ei ole s\u00fcgava une etapp piisavalt pikk ja tihtipeale \u00e4rgatakse \u00fcles ilma v\u00e4lja puhanud tundeta. Ilma piisava korraliku uneta ei toimi aju ja keha s\u00fcsteemid normaalselt ning samuti v\u00f5ib see oluliselt v\u00e4hendada elukvaliteeti. Seet\u00f5ttu on t\u00f5esti oluline p\u00f6\u00f6rata unele erilist t\u00e4helepanu.<\/p>\n<p>Looduslikud taime ekstraktid nagu\u00a0<strong>palderjan ja sidrunmeliss\u00a0<\/strong>on rahvameditsiinis tuntud kui rahustavad taimed stressi ja uneh\u00e4irete puhul. Palderjan\u00a0<em>(Valeriana officinalis<\/em>) m\u00e4ngib rolli enne esimest unefaasi ja selle ajal. Sel ajal vajab keha rahulikku ja l\u00f5dvestunud tunnet, et liikuda teise unefaasi. Sidrunmeliss\u00a0<em>(Melissa officinalis<\/em>)\u00a0on taim, mida on traditsiooniliselt kasutatud mitmesugustel kognitiivsetel eesm\u00e4rkidel, millest enamik keskendub kognitiivsuse parandamisele ning stressi ja \u00e4revuse v\u00e4hendamisele.<\/p>\n<p><strong><a href=\"https:\/\/fit360.ee\/en\/product-category\/product-groups\/vitamins-and-minerals-en\/magnesium-en\/\">Magneesium<\/a>\u00a0<\/strong>on \u00fcldtuntud lihaste l\u00f5dvestaja ja s\u00fcgavama une esilekutsuja. Magneesium aitab kaasa normaalsetele ps\u00fchholoogilistele funktsioonidele, n\u00e4rvis\u00fcsteemi toimimisele, energia ainevahetusele ja elektrol\u00fc\u00fctide tasakaalule.<\/p>\n<p><strong>Vitamiin B6\u00a0<\/strong>aitab kaasa normaalsele energiavahetusele, ps\u00fchholoogilistele funktsioonidele ja n\u00e4rvis\u00fcsteemi normaalsele toimimisele. Vitamiin B6 aitab kaasa ka hormonaalse aktiivsuse reguleerimisele &#8211; see aitab kaasa hormoonide serotoniini ja melatoniini tootmisele, mis m\u00f5lemad on olulised terve ja rahuliku une ning ka meeleolu jaoks.<\/p>\n<p><strong>L-teaniin\u00a0<\/strong>on aminohape, mis esineb looduslikult teelehtedes. L-teaniin v\u00f5ib positiivselt m\u00f5jutada peamisi neurotransmittereid (aju keemilisi s\u00f5numitoojaid), mis on seotud stressi, une, meeleolu, keskendumise ja m\u00e4luga. L-teaniin aitab luua tasakaalu neurotransmitterite s\u00fcsteemis, mille tulemuseks on liigsest stressist tulenevate vaimsete\/emotsionaalsete ja f\u00fc\u00fcsiliste h\u00e4irete paranemine.<\/p>\n<p><strong><a href=\"https:\/\/fit360.ee\/en\/product-category\/product-groups\/sleep-enhancers-en\/melatonin-en\/\">Melatoniin<\/a>\u00a0<\/strong>on hormoon, mida aju toodab vastuseks pimedusele. See aitab kaasa \u00f6\u00f6p\u00e4evase r\u00fctmi (looduslik, sisemine protsess, mis reguleerib une-\u00e4rkveloleku ts\u00fcklit ja kordub umbes iga 24 tunni j\u00e4rel) ja une ajastamisele. Melatoniin l\u00fchendab uinumise aega (kasulik toime avaldub kui 1 mg melatoniini tarbitakse vahetult enne magamaminekut). Melatoniin kergendab ka ajav\u00f6\u00f6ndivahetuse v\u00e4simusega seotud subjektiivseid kaebusi (kasulik toime saavutatakse minimaalse annusega 0,5 g, mis tuleb tarbida enne magamaminekut esimesel reisip\u00e4eval ja paaril j\u00e4rgneval p\u00e4eval p\u00e4rast sihtkohta saabumist).<\/p>\n<p><strong>Une t\u00e4htsus meie organismile &#8211;\u00a0<\/strong>Kui me magame, toimuvad olulised f\u00fc\u00fcsilised ja vaimsed protsessid. Keha puhkab, s\u00e4\u00e4stes energiat ja v\u00e4hendades verer\u00f5hku, s\u00fcdame l\u00f6\u00f6gisagedust, hingamist ja kehatemperatuuri. Keskn\u00e4rvis\u00fcsteem on meie keha peamine infov\u00e4li ning selle korralikuks toimimiseks on uni \u00e4\u00e4rmiselt oluline. Une ajal moodustuvad meie ajus n\u00e4rvirakkude (neuronite) vahel teed, mis aitavad meil meelde j\u00e4tta uut \u00f5pitud teavet. Unepuudus j\u00e4tab aju kurnatuks, mist\u00f5ttu see ei suuda oma \u00fclesandeid nii h\u00e4sti t\u00e4ita.<\/p>\n<h4><strong>M\u00f5ned soovitused une parandamiseks:<\/strong><\/h4>\n<p>P\u00fc\u00fcdke hoiduda kofeiinist ja energiajookidest p\u00e4rast keskp\u00e4eva v\u00f5i v\u00e4hemalt mitu tundi enne magamaminekut.<br \/>\nPidage kinni oma magamamineku graafikust &#8211; minge igal \u00f5htul samal ajal magama ja \u00e4rgake igal hommikul samal ajal.<br \/>\nTehke l\u00f5\u00f5gastavaid tegevusi, nagu lugemine, mediteerimine v\u00f5i vannis k\u00e4imine. P\u00fc\u00fcdke v\u00e4hendada ekraaniaega.<br \/>\n\u00c4rge treenige magamamineku aja l\u00e4hedal. Regulaarne treening on vajalik, kuid v\u00f5imaluse korral v\u00e4ltige treenimist m\u00f5ned tunnid enne magamaminekut.<br \/>\nS\u00e4ilitage magamistoas mugav temperatuur ja h\u00e4mar valguse tase.<br \/>\nV\u00e4hendage alkoholi tarbimist.<\/p>\n<h4><strong>Mida v\u00f5ib unepuudus p\u00f5hjustada?<\/strong><\/h4>\n<ul>\n<li>Kurnab vaimseid v\u00f5imeid ja emotsionaalset seisundit.<\/li>\n<li>V\u00f5ime tunda end kannatamatumana v\u00f5i kogeda sagedasi meeleolumuutuseid.<\/li>\n<li>Raskendab keskendumist v\u00f5i uute asjade \u00f5ppimist.<\/li>\n<li>V\u00f5ib suurendada riski krooniliste haiguste tekkeks.<\/li>\n<li>N\u00e4rvis\u00fcsteemi h\u00e4ired.<\/li>\n<li>Pikem taastumisperiood haigusest.<\/li>\n<\/ul>\n<p><strong>Koostisosad:<\/strong>\u00a0Riisijahu, magneesium (magneesiumtsitraat), palderjani\u00a0<em>(Valeriana officinalis<\/em>) juure ekstrakt 10:1, sidrunmelissi\u00a0<em>(Melissa officinalis<\/em>) lehe ekstrakt 10:1, L-teaniin, vitamiin B6 (p\u00fcridoksiinvesinikkloriid), melatoniin, taimne pullulaan kapsel.<\/p>\n<p><strong>Kasutamine<\/strong>: T\u00e4iskasvanutel tarbida 2 kapslit koos veega vahetult enne magamaminekut. Kasutage kuni 1 kuu, vajadusel korrake kuuri. Toidulisand ei asenda mitmek\u00fclgset, tasakaalustatud toitumist ja tervislikku eluviisi. \u00c4rge \u00fcletage soovitatud p\u00e4evast annust. Hoida lastele k\u00e4ttesaamatus kohas. \u00c4rge kasutage, kui olete m\u00f5ne koostisosa suhtes \u00fclitundlik. Ei soovitata alla 18-aastastele lastele, rasedatele ja imetavatele naistele. Mitte kasutada enne autorooli istumist. S\u00c4ILITAMINE: Hoida originaalpakendis temperatuuril 5-25\u00b0C, niiskuse ja otsese p\u00e4ikesevalguse eest kaitstult.<\/p>\n<p><strong>Suurus<\/strong>: 90 kapslit<\/p>\n<div id=\"shopify-section-template--16664184094938__main\" class=\"shopify-section product--section section--canonical\">\n<section class=\"product--container\" data-product-wrapper=\"\">\n<div class=\"product-readmore rte\" data-product-readmore=\"\">\n<div class=\" grouped-content grouped-content-layout-tabs\">\n<table width=\"44.35%\">\n<thead>\n<tr>\n<th align=\"left\"><strong>P\u00c4EVANE ANNUS:<\/strong><\/th>\n<th align=\"left\">2 kapslit<\/th>\n<th align=\"left\">%SPK*<\/th>\n<\/tr>\n<\/thead>\n<tbody>\n<tr>\n<td align=\"left\">Palderjani\u00a0<em>(Valeriana officinalis<\/em>) juure ekstrakt 10:1<\/td>\n<td align=\"left\">200 mg<\/td>\n<td align=\"left\">&#8211;<\/td>\n<\/tr>\n<tr>\n<td align=\"left\">Sidrunmelissi\u00a0<em>(Melissa officinalis<\/em>) lehe ekstrakt 10:1<\/td>\n<td align=\"left\">200mg<\/td>\n<td align=\"left\">&#8211;<\/td>\n<\/tr>\n<tr>\n<td align=\"left\">L-teaniin<\/td>\n<td align=\"left\">100 mg<\/td>\n<td align=\"left\">&#8211;<\/td>\n<\/tr>\n<tr>\n<td align=\"left\">Magneesium (magneesiumtsitraat)<\/td>\n<td align=\"left\">60 mg<\/td>\n<td align=\"left\">16%<\/td>\n<\/tr>\n<tr>\n<td align=\"left\">B6 (p\u00fcridoksiinvesinikkloriid)<\/td>\n<td align=\"left\">1,4 mg<\/td>\n<td align=\"left\">100%<\/td>\n<\/tr>\n<tr>\n<td align=\"left\">Melatoniin<\/td>\n<td align=\"left\">1 mg<\/td>\n<td align=\"left\">&#8211;<\/td>\n<\/tr>\n<\/tbody>\n<\/table>\n<p>*SPK &#8211; Soovitatud P\u00e4evane Kogus<\/p>\n<p>Vaata ka meie Teisi Und Soodustavaid Toidulisandeid <a href=\"https:\/\/fit360.ee\/en\/product-category\/product-groups\/sleep-enhancers-en\/\"><strong>SIIT<\/strong><\/a>!<\/p>\n<p>Soovid kaupa osta suuremas koguses? Vaata antud toodet ka meie HULGI poest\u00a0<a href=\"https:\/\/toidulisandidhulgi.ee\/product\/iconfit-sleep-capsules\/\"><strong>SIIT<\/strong><\/a>!<\/p>\n<\/div>\n<\/div>\n<\/section>\n<\/div>\n","protected":false},"excerpt":{"rendered":"<ul>\n<li>Sisaldab tuntud und soodustavaid taimeekstrakte nagu<strong>\u00a0sidrunmeliss ja palderjan<\/strong>.<\/li>\n<li>Soodustab l\u00f5dvestunud seisundit enne magamaminekut.<\/li>\n<li><strong>Melatoniin l\u00fchendab uinumiseks kuluvat aega.<\/strong>\u00a0Kasulik toime avaldub, kui 1 mg melatoniini tarbida vahetult enne magamaminekut.<\/li>\n<li><strong>Magneesium ja vitamiin B6<\/strong>\u00a0aitavad kaasa n\u00e4rvis\u00fcsteemi normaalsele toimimisele.<\/li>\n<li><strong>L-teaniini<\/strong>\u00a0seostatakse keha \u00fcldise l\u00f5\u00f5gastunud olekuga ja rahustava toimega ajutegevusele.<\/li>\n<li><strong>Purgis 45 p\u00e4eva kogus. Tarbi 2 kapslit\u00a0<\/strong>enne magamaminekut.<\/li>\n<\/ul>\n","protected":false},"featured_media":67627,"comment_status":"closed","ping_status":"closed","template":"","meta":[],"product_brand":[],"product_cat":[520,1318,1915,2480,2476,536],"product_tag":[1681,4146],"giftcard-category":[],"class_list":{"0":"post-67628","1":"product","2":"type-product","3":"status-publish","4":"has-post-thumbnail","6":"product_cat-amino-acids-bcaa","7":"product_cat-iconfit-en","8":"product_cat-magnesium-en","9":"product_cat-melatonin-en","10":"product_cat-sleep-enhancers-en","11":"product_cat-vitamins-and-minerals-en","12":"product_tag-iconfit-en","13":"product_tag-sleep-capsules-en","14":"pa_kogus-90-capsules","15":"pa_toidulisand-branddd-iconfit","16":"pa_tootegruppp-amino-acidsbcaa","17":"pa_tootegruppp-magneesium-en","18":"pa_tootegruppp-melatoniin-en","19":"pa_tootegruppp-uni-en","20":"pa_tootegruppp-vitamins-and-minerals","22":"first","23":"instock","24":"sale","25":"taxable","26":"shipping-taxable","27":"purchasable","28":"product-type-simple"},"yoast_head":"<!-- This site is optimized with the Yoast SEO plugin v27.3 - https:\/\/yoast.com\/product\/yoast-seo-wordpress\/ -->\n<title>ICONFIT Sleep Capsules (90caps) - Melatoniin - Kiire Tarne<\/title>\n<meta name=\"description\" content=\"Iconfit Sleep Capsules on valmistatud kasutades v\u00e4ga t\u00f5husaid looduslikke taimseid ekstrakte nagu palderjan ja sidrunmeliss. Lisatud on ka aminoha...\" \/>\n<meta name=\"robots\" content=\"index, follow, max-snippet:-1, max-image-preview:large, max-video-preview:-1\" \/>\n<link rel=\"canonical\" href=\"https:\/\/fit360.ee\/en\/pood\/product-groups\/sleep-enhancers-en\/melatonin-en\/iconfit-sleep-capsules\/\" \/>\n<meta property=\"og:locale\" content=\"en_US\" \/>\n<meta property=\"og:type\" content=\"article\" \/>\n<meta property=\"og:title\" content=\"ICONFIT Sleep Capsules (90caps) - Melatoniin - Kiire Tarne\" \/>\n<meta property=\"og:description\" content=\"Iconfit Sleep Capsules on valmistatud kasutades v\u00e4ga t\u00f5husaid looduslikke taimseid ekstrakte nagu palderjan ja sidrunmeliss. Lisatud on ka aminoha...\" \/>\n<meta property=\"og:url\" content=\"https:\/\/fit360.ee\/en\/pood\/product-groups\/sleep-enhancers-en\/melatonin-en\/iconfit-sleep-capsules\/\" \/>\n<meta property=\"og:site_name\" content=\"Fit360\" \/>\n<meta property=\"article:modified_time\" content=\"2026-03-24T12:39:21+00:00\" \/>\n<meta property=\"og:image\" content=\"https:\/\/fit360.ee\/wp-content\/uploads\/2023\/01\/iconfit-sleep-capsules-fit360.ee_.jpg\" \/>\n\t<meta property=\"og:image:width\" content=\"1000\" \/>\n\t<meta property=\"og:image:height\" content=\"1000\" \/>\n\t<meta property=\"og:image:type\" content=\"image\/jpeg\" \/>\n<meta name=\"twitter:card\" content=\"summary_large_image\" \/>\n<meta name=\"twitter:label1\" content=\"Est. reading time\" \/>\n\t<meta name=\"twitter:data1\" content=\"4 minutes\" \/>\n<script type=\"application\/ld+json\" class=\"yoast-schema-graph\">{\"@context\":\"https:\\\/\\\/schema.org\",\"@graph\":[{\"@type\":\"WebPage\",\"@id\":\"https:\\\/\\\/fit360.ee\\\/en\\\/pood\\\/product-groups\\\/sleep-enhancers-en\\\/melatonin-en\\\/iconfit-sleep-capsules\\\/\",\"url\":\"https:\\\/\\\/fit360.ee\\\/en\\\/pood\\\/product-groups\\\/sleep-enhancers-en\\\/melatonin-en\\\/iconfit-sleep-capsules\\\/\",\"name\":\"ICONFIT Sleep Capsules (90caps) - Melatoniin - Kiire Tarne\",\"isPartOf\":{\"@id\":\"https:\\\/\\\/fit360.ee\\\/en\\\/#website\"},\"primaryImageOfPage\":{\"@id\":\"https:\\\/\\\/fit360.ee\\\/en\\\/pood\\\/product-groups\\\/sleep-enhancers-en\\\/melatonin-en\\\/iconfit-sleep-capsules\\\/#primaryimage\"},\"image\":{\"@id\":\"https:\\\/\\\/fit360.ee\\\/en\\\/pood\\\/product-groups\\\/sleep-enhancers-en\\\/melatonin-en\\\/iconfit-sleep-capsules\\\/#primaryimage\"},\"thumbnailUrl\":\"https:\\\/\\\/fit360.ee\\\/wp-content\\\/uploads\\\/2023\\\/01\\\/iconfit-sleep-capsules-fit360.ee_.jpg\",\"datePublished\":\"2023-01-17T10:47:22+00:00\",\"dateModified\":\"2026-03-24T12:39:21+00:00\",\"description\":\"Iconfit Sleep Capsules on valmistatud kasutades v\u00e4ga t\u00f5husaid looduslikke taimseid ekstrakte nagu palderjan ja sidrunmeliss. Lisatud on ka aminoha...\",\"breadcrumb\":{\"@id\":\"https:\\\/\\\/fit360.ee\\\/en\\\/pood\\\/product-groups\\\/sleep-enhancers-en\\\/melatonin-en\\\/iconfit-sleep-capsules\\\/#breadcrumb\"},\"inLanguage\":\"en-US\",\"potentialAction\":[{\"@type\":\"ReadAction\",\"target\":[\"https:\\\/\\\/fit360.ee\\\/en\\\/pood\\\/product-groups\\\/sleep-enhancers-en\\\/melatonin-en\\\/iconfit-sleep-capsules\\\/\"]}]},{\"@type\":\"ImageObject\",\"inLanguage\":\"en-US\",\"@id\":\"https:\\\/\\\/fit360.ee\\\/en\\\/pood\\\/product-groups\\\/sleep-enhancers-en\\\/melatonin-en\\\/iconfit-sleep-capsules\\\/#primaryimage\",\"url\":\"https:\\\/\\\/fit360.ee\\\/wp-content\\\/uploads\\\/2023\\\/01\\\/iconfit-sleep-capsules-fit360.ee_.jpg\",\"contentUrl\":\"https:\\\/\\\/fit360.ee\\\/wp-content\\\/uploads\\\/2023\\\/01\\\/iconfit-sleep-capsules-fit360.ee_.jpg\",\"width\":1000,\"height\":1000,\"caption\":\"iconfit sleep capsules - fit360.ee\"},{\"@type\":\"BreadcrumbList\",\"@id\":\"https:\\\/\\\/fit360.ee\\\/en\\\/pood\\\/product-groups\\\/sleep-enhancers-en\\\/melatonin-en\\\/iconfit-sleep-capsules\\\/#breadcrumb\",\"itemListElement\":[{\"@type\":\"ListItem\",\"position\":1,\"name\":\"Home\",\"item\":\"https:\\\/\\\/fit360.ee\\\/en\\\/\"},{\"@type\":\"ListItem\",\"position\":2,\"name\":\"Shop\",\"item\":\"https:\\\/\\\/fit360.ee\\\/en\\\/shop\\\/\"},{\"@type\":\"ListItem\",\"position\":3,\"name\":\"ICONFIT Sleep Capsules (90caps)\"}]},{\"@type\":\"WebSite\",\"@id\":\"https:\\\/\\\/fit360.ee\\\/en\\\/#website\",\"url\":\"https:\\\/\\\/fit360.ee\\\/en\\\/\",\"name\":\"Fit360\",\"description\":\"\",\"publisher\":{\"@id\":\"https:\\\/\\\/fit360.ee\\\/en\\\/#organization\"},\"potentialAction\":[{\"@type\":\"SearchAction\",\"target\":{\"@type\":\"EntryPoint\",\"urlTemplate\":\"https:\\\/\\\/fit360.ee\\\/en\\\/?s={search_term_string}\"},\"query-input\":{\"@type\":\"PropertyValueSpecification\",\"valueRequired\":true,\"valueName\":\"search_term_string\"}}],\"inLanguage\":\"en-US\"},{\"@type\":\"Organization\",\"@id\":\"https:\\\/\\\/fit360.ee\\\/en\\\/#organization\",\"name\":\"Fit360\",\"url\":\"https:\\\/\\\/fit360.ee\\\/en\\\/\",\"logo\":{\"@type\":\"ImageObject\",\"inLanguage\":\"en-US\",\"@id\":\"https:\\\/\\\/fit360.ee\\\/en\\\/#\\\/schema\\\/logo\\\/image\\\/\",\"url\":\"https:\\\/\\\/fit360.ee\\\/wp-content\\\/uploads\\\/2017\\\/01\\\/logo-fit360.png\",\"contentUrl\":\"https:\\\/\\\/fit360.ee\\\/wp-content\\\/uploads\\\/2017\\\/01\\\/logo-fit360.png\",\"width\":180,\"height\":66,\"caption\":\"Fit360\"},\"image\":{\"@id\":\"https:\\\/\\\/fit360.ee\\\/en\\\/#\\\/schema\\\/logo\\\/image\\\/\"}}]}<\/script>\n<!-- \/ Yoast SEO plugin. -->","yoast_head_json":{"title":"ICONFIT Sleep Capsules (90caps) - Melatoniin - Kiire Tarne","description":"Iconfit Sleep Capsules on valmistatud kasutades v\u00e4ga t\u00f5husaid looduslikke taimseid ekstrakte nagu palderjan ja sidrunmeliss. Lisatud on ka aminoha...","robots":{"index":"index","follow":"follow","max-snippet":"max-snippet:-1","max-image-preview":"max-image-preview:large","max-video-preview":"max-video-preview:-1"},"canonical":"https:\/\/fit360.ee\/en\/pood\/product-groups\/sleep-enhancers-en\/melatonin-en\/iconfit-sleep-capsules\/","og_locale":"en_US","og_type":"article","og_title":"ICONFIT Sleep Capsules (90caps) - Melatoniin - Kiire Tarne","og_description":"Iconfit Sleep Capsules on valmistatud kasutades v\u00e4ga t\u00f5husaid looduslikke taimseid ekstrakte nagu palderjan ja sidrunmeliss. Lisatud on ka aminoha...","og_url":"https:\/\/fit360.ee\/en\/pood\/product-groups\/sleep-enhancers-en\/melatonin-en\/iconfit-sleep-capsules\/","og_site_name":"Fit360","article_modified_time":"2026-03-24T12:39:21+00:00","og_image":[{"width":1000,"height":1000,"url":"https:\/\/fit360.ee\/wp-content\/uploads\/2023\/01\/iconfit-sleep-capsules-fit360.ee_.jpg","type":"image\/jpeg"}],"twitter_card":"summary_large_image","twitter_misc":{"Est. reading time":"4 minutes"},"schema":{"@context":"https:\/\/schema.org","@graph":[{"@type":"WebPage","@id":"https:\/\/fit360.ee\/en\/pood\/product-groups\/sleep-enhancers-en\/melatonin-en\/iconfit-sleep-capsules\/","url":"https:\/\/fit360.ee\/en\/pood\/product-groups\/sleep-enhancers-en\/melatonin-en\/iconfit-sleep-capsules\/","name":"ICONFIT Sleep Capsules (90caps) - Melatoniin - Kiire Tarne","isPartOf":{"@id":"https:\/\/fit360.ee\/en\/#website"},"primaryImageOfPage":{"@id":"https:\/\/fit360.ee\/en\/pood\/product-groups\/sleep-enhancers-en\/melatonin-en\/iconfit-sleep-capsules\/#primaryimage"},"image":{"@id":"https:\/\/fit360.ee\/en\/pood\/product-groups\/sleep-enhancers-en\/melatonin-en\/iconfit-sleep-capsules\/#primaryimage"},"thumbnailUrl":"https:\/\/fit360.ee\/wp-content\/uploads\/2023\/01\/iconfit-sleep-capsules-fit360.ee_.jpg","datePublished":"2023-01-17T10:47:22+00:00","dateModified":"2026-03-24T12:39:21+00:00","description":"Iconfit Sleep Capsules on valmistatud kasutades v\u00e4ga t\u00f5husaid looduslikke taimseid ekstrakte nagu palderjan ja sidrunmeliss. Lisatud on ka aminoha...","breadcrumb":{"@id":"https:\/\/fit360.ee\/en\/pood\/product-groups\/sleep-enhancers-en\/melatonin-en\/iconfit-sleep-capsules\/#breadcrumb"},"inLanguage":"en-US","potentialAction":[{"@type":"ReadAction","target":["https:\/\/fit360.ee\/en\/pood\/product-groups\/sleep-enhancers-en\/melatonin-en\/iconfit-sleep-capsules\/"]}]},{"@type":"ImageObject","inLanguage":"en-US","@id":"https:\/\/fit360.ee\/en\/pood\/product-groups\/sleep-enhancers-en\/melatonin-en\/iconfit-sleep-capsules\/#primaryimage","url":"https:\/\/fit360.ee\/wp-content\/uploads\/2023\/01\/iconfit-sleep-capsules-fit360.ee_.jpg","contentUrl":"https:\/\/fit360.ee\/wp-content\/uploads\/2023\/01\/iconfit-sleep-capsules-fit360.ee_.jpg","width":1000,"height":1000,"caption":"iconfit sleep capsules - fit360.ee"},{"@type":"BreadcrumbList","@id":"https:\/\/fit360.ee\/en\/pood\/product-groups\/sleep-enhancers-en\/melatonin-en\/iconfit-sleep-capsules\/#breadcrumb","itemListElement":[{"@type":"ListItem","position":1,"name":"Home","item":"https:\/\/fit360.ee\/en\/"},{"@type":"ListItem","position":2,"name":"Shop","item":"https:\/\/fit360.ee\/en\/shop\/"},{"@type":"ListItem","position":3,"name":"ICONFIT Sleep Capsules (90caps)"}]},{"@type":"WebSite","@id":"https:\/\/fit360.ee\/en\/#website","url":"https:\/\/fit360.ee\/en\/","name":"Fit360","description":"","publisher":{"@id":"https:\/\/fit360.ee\/en\/#organization"},"potentialAction":[{"@type":"SearchAction","target":{"@type":"EntryPoint","urlTemplate":"https:\/\/fit360.ee\/en\/?s={search_term_string}"},"query-input":{"@type":"PropertyValueSpecification","valueRequired":true,"valueName":"search_term_string"}}],"inLanguage":"en-US"},{"@type":"Organization","@id":"https:\/\/fit360.ee\/en\/#organization","name":"Fit360","url":"https:\/\/fit360.ee\/en\/","logo":{"@type":"ImageObject","inLanguage":"en-US","@id":"https:\/\/fit360.ee\/en\/#\/schema\/logo\/image\/","url":"https:\/\/fit360.ee\/wp-content\/uploads\/2017\/01\/logo-fit360.png","contentUrl":"https:\/\/fit360.ee\/wp-content\/uploads\/2017\/01\/logo-fit360.png","width":180,"height":66,"caption":"Fit360"},"image":{"@id":"https:\/\/fit360.ee\/en\/#\/schema\/logo\/image\/"}}]}},"_links":{"self":[{"href":"https:\/\/fit360.ee\/en\/wp-json\/wp\/v2\/product\/67628","targetHints":{"allow":["GET"]}}],"collection":[{"href":"https:\/\/fit360.ee\/en\/wp-json\/wp\/v2\/product"}],"about":[{"href":"https:\/\/fit360.ee\/en\/wp-json\/wp\/v2\/types\/product"}],"replies":[{"embeddable":true,"href":"https:\/\/fit360.ee\/en\/wp-json\/wp\/v2\/comments?post=67628"}],"wp:featuredmedia":[{"embeddable":true,"href":"https:\/\/fit360.ee\/en\/wp-json\/wp\/v2\/media\/67627"}],"wp:attachment":[{"href":"https:\/\/fit360.ee\/en\/wp-json\/wp\/v2\/media?parent=67628"}],"wp:term":[{"taxonomy":"product_brand","embeddable":true,"href":"https:\/\/fit360.ee\/en\/wp-json\/wp\/v2\/product_brand?post=67628"},{"taxonomy":"product_cat","embeddable":true,"href":"https:\/\/fit360.ee\/en\/wp-json\/wp\/v2\/product_cat?post=67628"},{"taxonomy":"product_tag","embeddable":true,"href":"https:\/\/fit360.ee\/en\/wp-json\/wp\/v2\/product_tag?post=67628"},{"taxonomy":"giftcard-category","embeddable":true,"href":"https:\/\/fit360.ee\/en\/wp-json\/wp\/v2\/giftcard-category?post=67628"}],"curies":[{"name":"wp","href":"https:\/\/api.w.org\/{rel}","templated":true}]}}