{"id":67707,"date":"2023-01-20T13:56:32","date_gmt":"2023-01-20T11:56:32","guid":{"rendered":"https:\/\/fit360.ee\/pood\/uncategorized\/c-vitamiin-90tab\/"},"modified":"2025-08-13T07:39:07","modified_gmt":"2025-08-13T05:39:07","slug":"c-vitamiin-90tab","status":"publish","type":"product","link":"https:\/\/fit360.ee\/en\/pood\/product-groups\/vitamins-and-minerals-en\/c-vitamin-en\/c-vitamiin-90tab\/","title":{"rendered":"C Vitamiin (90tab)"},"content":{"rendered":"<h2 class=\"cm__heading\"><strong>Vitamiin C<\/strong><\/h2>\n<p class=\"cm__text --bold\">OstroVit Vitamiin C 90 tabletid on immuuns\u00fcsteemi loomulik tugi. Ostroviti C-vitamiin annab kehale igas portsjonis 500mg askorbiinhapet. See tugevdab kaitsebarj\u00e4\u00e4ri ja toetab seda v\u00f5itluses mikroobide ja viirustega ning lisaks parandab sidekoe seisundit ja toetab ps\u00fchhof\u00fc\u00fcsilist seisundit.<\/p>\n<p><a href=\"https:\/\/fit360.ee\/wp-content\/uploads\/2023\/01\/vitamiin-c-ostrovit-fit360.ee-1-800x312.jpg\"><img loading=\"lazy\" decoding=\"async\" class=\"size-medium wp-image-67702\" src=\"https:\/\/fit360.ee\/wp-content\/uploads\/2023\/01\/vitamiin-c-ostrovit-fit360.ee-1-800x312.jpg\" alt=\"vitamiin c ostrovit - fit360.ee\" width=\"800\" height=\"312\" srcset=\"https:\/\/fit360.ee\/wp-content\/uploads\/2023\/01\/vitamiin-c-ostrovit-fit360.ee-1-800x312.jpg 800w, https:\/\/fit360.ee\/wp-content\/uploads\/2023\/01\/vitamiin-c-ostrovit-fit360.ee-1-510x199.jpg 510w, https:\/\/fit360.ee\/wp-content\/uploads\/2023\/01\/vitamiin-c-ostrovit-fit360.ee-1-768x300.jpg 768w, https:\/\/fit360.ee\/wp-content\/uploads\/2023\/01\/vitamiin-c-ostrovit-fit360.ee-1.jpg 922w\" sizes=\"auto, (max-width: 800px) 100vw, 800px\" \/><\/a><\/p>\n<h4 class=\"cm__heading\"><strong>L-askorbiinhape &#8211; C-vitamiin<\/strong><\/h4>\n<p class=\"cm__text\">See on orgaaniline keemiline \u00fchend mitmeh\u00fcdroks\u00fc\u00fclsete alkoholide r\u00fchmast.\u00a0See on inimese toidus h\u00e4davajalik toitaine, mis vastutab peamiselt sidekoe ja luude n\u00f5uetekohase toimimise eest.\u00a0Selle bioloogiliselt aktiivne vorm &#8211; C-vitamiin, toimib redutseeriva ainena ja koens\u00fc\u00fcmina mitmetes inimkeha metaboolsetes radades.\u00a0C-vitamiini peetakse \u00fcheks peamiseks antioks\u00fcdandiks.<\/p>\n<section class=\"cm__section\">\n<h4 class=\"cm__heading\"><strong>OstroVit C-vitamiini koostisainete omadused<\/strong>:<\/h4>\n<p class=\"cm__text\">Askorbiinhapet kui eksogeenset \u00fchendit meie organism ei s\u00fcnteesi, seet\u00f5ttu tuleb seda hankida toiduga v\u00f5i toidulisandina.\u00a0C-vitamiinil on palju kasulikke omadusi ja eeliseid.\u00a0Siin on m\u00f5ned neist:<\/p>\n<ul class=\"cm__list\">\n<li>See on v\u00f5imas antioks\u00fcdant, mis eemaldab meie rakkudest liigsed vabad radikaalid<\/li>\n<li>Sellel on kasulik m\u00f5ju n\u00e4rvi- ja immuuns\u00fcsteemile<\/li>\n<li>C-vitamiin v\u00f5ib kiirendada lihaste taastumist ja kasvu, kuna see on otseselt seotud kollageeni tootmisega (ehitab lihaskudet)<\/li>\n<li>T\u00f5estatud kasulik toime sportlaste seas<\/li>\n<li>Sellel on kasulik m\u00f5ju meie naha hooldamisel \u2013 vitamiinikosmeetika<\/li>\n<\/ul>\n<\/section>\n<section class=\"cm__section\">\n<div class=\"cm__heading\"><strong>Laboratoorselt t\u00f5estatud kvaliteet<\/strong><\/div>\n<p class=\"cm__text --bold\">Klientide tervise p\u00e4rast muretsedes testitakse meie tooteid regulaarselt s\u00f5ltumatus akrediteeritud laboris, et tagada ja s\u00e4ilitada k\u00f5rgeim kvaliteet.<\/p>\n<p><span><strong>Koostisosad<\/strong>: L-askorbiinhape (C-vitamiin), mahuaine: mikrokristalne tselluloos; t\u00e4rklis, paakumisvastased ained: rasvhapete magneesiumisoolad, r\u00e4nidioksiid.<\/span><\/p>\n<p><span>Toode v\u00f5ib sisaldada piima (sh laktoosi), soja, maap\u00e4hkleid, muid p\u00e4hkleid, seesamiseemneid, gluteeni sisaldavaid teravilju, mune, v\u00e4hilaadseid, kala.<\/span><\/p>\n<p><strong>Kasutamine<\/strong>: Kasutage 1 portsjon (1 tablett) p\u00e4evas.<\/p>\n<p><strong>Suurus<\/strong>: 90 tabletti &#8211; 90 serveeringut<\/p>\n<table>\n<tbody>\n<tr>\n<th>Aktiivsed koostisosad<\/th>\n<th>Portsjoni kohta<\/th>\n<th>% SPK*<\/th>\n<\/tr>\n<tr>\n<td>C-vitamiin<\/td>\n<td>500 mg<\/td>\n<td>625<\/td>\n<\/tr>\n<\/tbody>\n<\/table>\n<p>*SPK \u2013 Soovitatud p\u00e4evane kogus.<\/p>\n<p>Vaata ka meie Teisi Vitamiine\u00a0<a href=\"https:\/\/fit360.ee\/en\/product-category\/product-groups\/vitamins-and-minerals-en\/\"><strong>SIIT<\/strong>\u00a0<\/a>v\u00f5i C-Vitamiine\u00a0<a href=\"https:\/\/fit360.ee\/en\/product-category\/product-groups\/vitamins-and-minerals-en\/c-vitamin-en\/\"><strong>SIIT<\/strong><\/a>!<\/p>\n<p>Soovid teha suuremat tellimust? Vaata antud toodet meie HULGI lehelt\u00a0<a href=\"https:\/\/toidulisandidhulgi.ee\/product\/c-vitamiin-90tab\/\"><strong>S<\/strong><strong>I<\/strong><strong>IT<\/strong><\/a>!<\/p>\n<\/section>\n","protected":false},"excerpt":{"rendered":"<ul class=\"cm__list\">\n<li>See on v\u00f5imas antioks\u00fcdant, mis eemaldab meie rakkudest liigsed vabad radikaalid<\/li>\n<li>Sellel on kasulik m\u00f5ju n\u00e4rvi- ja immuuns\u00fcsteemile<\/li>\n<li>C-vitamiin v\u00f5ib kiirendada lihaste taastumist ja kasvu, kuna see on otseselt seotud kollageeni tootmisega (ehitab lihaskudet)<\/li>\n<li>T\u00f5estatud kasulik toime sportlaste seas<\/li>\n<li>Sellel on kasulik m\u00f5ju meie naha hooldamisel \u2013 vitamiinikosmeetika<\/li>\n<\/ul>\n","protected":false},"featured_media":84544,"comment_status":"closed","ping_status":"closed","template":"","meta":[],"product_brand":[],"product_cat":[5311,1911,5320,1329,536],"product_tag":[2177,1924,2178],"giftcard-category":[],"class_list":{"0":"post-67707","1":"product","2":"type-product","3":"status-publish","4":"has-post-thumbnail","6":"product_cat-antioxidants-en","7":"product_cat-c-vitamin-en","8":"product_cat-for-immunity-en","9":"product_cat-ostrovit-en","10":"product_cat-vitamins-and-minerals-en","11":"product_tag-c-vitamiin-en","12":"product_tag-ostrovit-en","13":"product_tag-vitamiin-c-en","14":"pa_kogus-90-tablets","15":"pa_toidulisand-branddd-ostrovit","16":"pa_tootegruppp-antioksudandid-en","17":"pa_tootegruppp-c-vitamiin-en","18":"pa_tootegruppp-immuunsusteem-en","19":"pa_tootegruppp-vitamins-and-minerals","21":"first","22":"instock","23":"sale","24":"taxable","25":"shipping-taxable","26":"purchasable","27":"product-type-simple"},"yoast_head":"<!-- This site is optimized with the Yoast SEO plugin v27.3 - https:\/\/yoast.com\/product\/yoast-seo-wordpress\/ -->\n<title>C Vitamiin (90tab) - Askorbiinhape - Kiire Tarne - Fit360<\/title>\n<meta name=\"description\" content=\"Vitamiin C tabletid on immuuns\u00fcsteemi loomulik tugi. Sellel on kasulik m\u00f5ju n\u00e4rvi- ja immuuns\u00fcsteemile. C-vitamiin v\u00f5ib kiirendada lihaste taastumist ....\" \/>\n<meta name=\"robots\" content=\"index, follow, max-snippet:-1, max-image-preview:large, max-video-preview:-1\" \/>\n<link rel=\"canonical\" href=\"https:\/\/fit360.ee\/en\/pood\/product-groups\/vitamins-and-minerals-en\/c-vitamin-en\/c-vitamiin-90tab\/\" \/>\n<meta property=\"og:locale\" content=\"en_US\" \/>\n<meta property=\"og:type\" content=\"article\" \/>\n<meta property=\"og:title\" content=\"C Vitamiin (90tab) - Askorbiinhape - Kiire Tarne - Fit360\" \/>\n<meta property=\"og:description\" content=\"Vitamiin C tabletid on immuuns\u00fcsteemi loomulik tugi. Sellel on kasulik m\u00f5ju n\u00e4rvi- ja immuuns\u00fcsteemile. C-vitamiin v\u00f5ib kiirendada lihaste taastumist ....\" \/>\n<meta property=\"og:url\" content=\"https:\/\/fit360.ee\/en\/pood\/product-groups\/vitamins-and-minerals-en\/c-vitamin-en\/c-vitamiin-90tab\/\" \/>\n<meta property=\"og:site_name\" content=\"Fit360\" \/>\n<meta property=\"article:modified_time\" content=\"2025-08-13T05:39:07+00:00\" \/>\n<meta property=\"og:image\" content=\"https:\/\/fit360.ee\/wp-content\/uploads\/2023\/01\/c-vitamiin-500mg-tabletid-fit360.ee_.png\" \/>\n\t<meta property=\"og:image:width\" content=\"450\" \/>\n\t<meta property=\"og:image:height\" content=\"450\" \/>\n\t<meta property=\"og:image:type\" content=\"image\/png\" \/>\n<meta name=\"twitter:card\" content=\"summary_large_image\" \/>\n<meta name=\"twitter:label1\" content=\"Est. reading time\" \/>\n\t<meta name=\"twitter:data1\" content=\"2 minutes\" \/>\n<script type=\"application\/ld+json\" class=\"yoast-schema-graph\">{\"@context\":\"https:\\\/\\\/schema.org\",\"@graph\":[{\"@type\":\"WebPage\",\"@id\":\"https:\\\/\\\/fit360.ee\\\/en\\\/pood\\\/product-groups\\\/vitamins-and-minerals-en\\\/c-vitamin-en\\\/c-vitamiin-90tab\\\/\",\"url\":\"https:\\\/\\\/fit360.ee\\\/en\\\/pood\\\/product-groups\\\/vitamins-and-minerals-en\\\/c-vitamin-en\\\/c-vitamiin-90tab\\\/\",\"name\":\"C Vitamiin (90tab) - Askorbiinhape - Kiire Tarne - Fit360\",\"isPartOf\":{\"@id\":\"https:\\\/\\\/fit360.ee\\\/en\\\/#website\"},\"primaryImageOfPage\":{\"@id\":\"https:\\\/\\\/fit360.ee\\\/en\\\/pood\\\/product-groups\\\/vitamins-and-minerals-en\\\/c-vitamin-en\\\/c-vitamiin-90tab\\\/#primaryimage\"},\"image\":{\"@id\":\"https:\\\/\\\/fit360.ee\\\/en\\\/pood\\\/product-groups\\\/vitamins-and-minerals-en\\\/c-vitamin-en\\\/c-vitamiin-90tab\\\/#primaryimage\"},\"thumbnailUrl\":\"https:\\\/\\\/fit360.ee\\\/wp-content\\\/uploads\\\/2023\\\/01\\\/c-vitamiin-500mg-tabletid-fit360.ee_.png\",\"datePublished\":\"2023-01-20T11:56:32+00:00\",\"dateModified\":\"2025-08-13T05:39:07+00:00\",\"description\":\"Vitamiin C tabletid on immuuns\u00fcsteemi loomulik tugi. Sellel on kasulik m\u00f5ju n\u00e4rvi- ja immuuns\u00fcsteemile. C-vitamiin v\u00f5ib kiirendada lihaste taastumist ....\",\"breadcrumb\":{\"@id\":\"https:\\\/\\\/fit360.ee\\\/en\\\/pood\\\/product-groups\\\/vitamins-and-minerals-en\\\/c-vitamin-en\\\/c-vitamiin-90tab\\\/#breadcrumb\"},\"inLanguage\":\"en-US\",\"potentialAction\":[{\"@type\":\"ReadAction\",\"target\":[\"https:\\\/\\\/fit360.ee\\\/en\\\/pood\\\/product-groups\\\/vitamins-and-minerals-en\\\/c-vitamin-en\\\/c-vitamiin-90tab\\\/\"]}]},{\"@type\":\"ImageObject\",\"inLanguage\":\"en-US\",\"@id\":\"https:\\\/\\\/fit360.ee\\\/en\\\/pood\\\/product-groups\\\/vitamins-and-minerals-en\\\/c-vitamin-en\\\/c-vitamiin-90tab\\\/#primaryimage\",\"url\":\"https:\\\/\\\/fit360.ee\\\/wp-content\\\/uploads\\\/2023\\\/01\\\/c-vitamiin-500mg-tabletid-fit360.ee_.png\",\"contentUrl\":\"https:\\\/\\\/fit360.ee\\\/wp-content\\\/uploads\\\/2023\\\/01\\\/c-vitamiin-500mg-tabletid-fit360.ee_.png\",\"width\":450,\"height\":450,\"caption\":\"c vitamiin 500mg tabletid - fit360.ee\"},{\"@type\":\"BreadcrumbList\",\"@id\":\"https:\\\/\\\/fit360.ee\\\/en\\\/pood\\\/product-groups\\\/vitamins-and-minerals-en\\\/c-vitamin-en\\\/c-vitamiin-90tab\\\/#breadcrumb\",\"itemListElement\":[{\"@type\":\"ListItem\",\"position\":1,\"name\":\"Home\",\"item\":\"https:\\\/\\\/fit360.ee\\\/en\\\/\"},{\"@type\":\"ListItem\",\"position\":2,\"name\":\"Shop\",\"item\":\"https:\\\/\\\/fit360.ee\\\/en\\\/shop\\\/\"},{\"@type\":\"ListItem\",\"position\":3,\"name\":\"C Vitamiin (90tab)\"}]},{\"@type\":\"WebSite\",\"@id\":\"https:\\\/\\\/fit360.ee\\\/en\\\/#website\",\"url\":\"https:\\\/\\\/fit360.ee\\\/en\\\/\",\"name\":\"Fit360\",\"description\":\"\",\"publisher\":{\"@id\":\"https:\\\/\\\/fit360.ee\\\/en\\\/#organization\"},\"potentialAction\":[{\"@type\":\"SearchAction\",\"target\":{\"@type\":\"EntryPoint\",\"urlTemplate\":\"https:\\\/\\\/fit360.ee\\\/en\\\/?s={search_term_string}\"},\"query-input\":{\"@type\":\"PropertyValueSpecification\",\"valueRequired\":true,\"valueName\":\"search_term_string\"}}],\"inLanguage\":\"en-US\"},{\"@type\":\"Organization\",\"@id\":\"https:\\\/\\\/fit360.ee\\\/en\\\/#organization\",\"name\":\"Fit360\",\"url\":\"https:\\\/\\\/fit360.ee\\\/en\\\/\",\"logo\":{\"@type\":\"ImageObject\",\"inLanguage\":\"en-US\",\"@id\":\"https:\\\/\\\/fit360.ee\\\/en\\\/#\\\/schema\\\/logo\\\/image\\\/\",\"url\":\"https:\\\/\\\/fit360.ee\\\/wp-content\\\/uploads\\\/2017\\\/01\\\/logo-fit360.png\",\"contentUrl\":\"https:\\\/\\\/fit360.ee\\\/wp-content\\\/uploads\\\/2017\\\/01\\\/logo-fit360.png\",\"width\":180,\"height\":66,\"caption\":\"Fit360\"},\"image\":{\"@id\":\"https:\\\/\\\/fit360.ee\\\/en\\\/#\\\/schema\\\/logo\\\/image\\\/\"}}]}<\/script>\n<!-- \/ Yoast SEO plugin. -->","yoast_head_json":{"title":"C Vitamiin (90tab) - Askorbiinhape - Kiire Tarne - Fit360","description":"Vitamiin C tabletid on immuuns\u00fcsteemi loomulik tugi. Sellel on kasulik m\u00f5ju n\u00e4rvi- ja immuuns\u00fcsteemile. C-vitamiin v\u00f5ib kiirendada lihaste taastumist ....","robots":{"index":"index","follow":"follow","max-snippet":"max-snippet:-1","max-image-preview":"max-image-preview:large","max-video-preview":"max-video-preview:-1"},"canonical":"https:\/\/fit360.ee\/en\/pood\/product-groups\/vitamins-and-minerals-en\/c-vitamin-en\/c-vitamiin-90tab\/","og_locale":"en_US","og_type":"article","og_title":"C Vitamiin (90tab) - Askorbiinhape - Kiire Tarne - Fit360","og_description":"Vitamiin C tabletid on immuuns\u00fcsteemi loomulik tugi. Sellel on kasulik m\u00f5ju n\u00e4rvi- ja immuuns\u00fcsteemile. C-vitamiin v\u00f5ib kiirendada lihaste taastumist ....","og_url":"https:\/\/fit360.ee\/en\/pood\/product-groups\/vitamins-and-minerals-en\/c-vitamin-en\/c-vitamiin-90tab\/","og_site_name":"Fit360","article_modified_time":"2025-08-13T05:39:07+00:00","og_image":[{"width":450,"height":450,"url":"https:\/\/fit360.ee\/wp-content\/uploads\/2023\/01\/c-vitamiin-500mg-tabletid-fit360.ee_.png","type":"image\/png"}],"twitter_card":"summary_large_image","twitter_misc":{"Est. reading time":"2 minutes"},"schema":{"@context":"https:\/\/schema.org","@graph":[{"@type":"WebPage","@id":"https:\/\/fit360.ee\/en\/pood\/product-groups\/vitamins-and-minerals-en\/c-vitamin-en\/c-vitamiin-90tab\/","url":"https:\/\/fit360.ee\/en\/pood\/product-groups\/vitamins-and-minerals-en\/c-vitamin-en\/c-vitamiin-90tab\/","name":"C Vitamiin (90tab) - Askorbiinhape - Kiire Tarne - Fit360","isPartOf":{"@id":"https:\/\/fit360.ee\/en\/#website"},"primaryImageOfPage":{"@id":"https:\/\/fit360.ee\/en\/pood\/product-groups\/vitamins-and-minerals-en\/c-vitamin-en\/c-vitamiin-90tab\/#primaryimage"},"image":{"@id":"https:\/\/fit360.ee\/en\/pood\/product-groups\/vitamins-and-minerals-en\/c-vitamin-en\/c-vitamiin-90tab\/#primaryimage"},"thumbnailUrl":"https:\/\/fit360.ee\/wp-content\/uploads\/2023\/01\/c-vitamiin-500mg-tabletid-fit360.ee_.png","datePublished":"2023-01-20T11:56:32+00:00","dateModified":"2025-08-13T05:39:07+00:00","description":"Vitamiin C tabletid on immuuns\u00fcsteemi loomulik tugi. Sellel on kasulik m\u00f5ju n\u00e4rvi- ja immuuns\u00fcsteemile. C-vitamiin v\u00f5ib kiirendada lihaste taastumist ....","breadcrumb":{"@id":"https:\/\/fit360.ee\/en\/pood\/product-groups\/vitamins-and-minerals-en\/c-vitamin-en\/c-vitamiin-90tab\/#breadcrumb"},"inLanguage":"en-US","potentialAction":[{"@type":"ReadAction","target":["https:\/\/fit360.ee\/en\/pood\/product-groups\/vitamins-and-minerals-en\/c-vitamin-en\/c-vitamiin-90tab\/"]}]},{"@type":"ImageObject","inLanguage":"en-US","@id":"https:\/\/fit360.ee\/en\/pood\/product-groups\/vitamins-and-minerals-en\/c-vitamin-en\/c-vitamiin-90tab\/#primaryimage","url":"https:\/\/fit360.ee\/wp-content\/uploads\/2023\/01\/c-vitamiin-500mg-tabletid-fit360.ee_.png","contentUrl":"https:\/\/fit360.ee\/wp-content\/uploads\/2023\/01\/c-vitamiin-500mg-tabletid-fit360.ee_.png","width":450,"height":450,"caption":"c vitamiin 500mg tabletid - fit360.ee"},{"@type":"BreadcrumbList","@id":"https:\/\/fit360.ee\/en\/pood\/product-groups\/vitamins-and-minerals-en\/c-vitamin-en\/c-vitamiin-90tab\/#breadcrumb","itemListElement":[{"@type":"ListItem","position":1,"name":"Home","item":"https:\/\/fit360.ee\/en\/"},{"@type":"ListItem","position":2,"name":"Shop","item":"https:\/\/fit360.ee\/en\/shop\/"},{"@type":"ListItem","position":3,"name":"C Vitamiin (90tab)"}]},{"@type":"WebSite","@id":"https:\/\/fit360.ee\/en\/#website","url":"https:\/\/fit360.ee\/en\/","name":"Fit360","description":"","publisher":{"@id":"https:\/\/fit360.ee\/en\/#organization"},"potentialAction":[{"@type":"SearchAction","target":{"@type":"EntryPoint","urlTemplate":"https:\/\/fit360.ee\/en\/?s={search_term_string}"},"query-input":{"@type":"PropertyValueSpecification","valueRequired":true,"valueName":"search_term_string"}}],"inLanguage":"en-US"},{"@type":"Organization","@id":"https:\/\/fit360.ee\/en\/#organization","name":"Fit360","url":"https:\/\/fit360.ee\/en\/","logo":{"@type":"ImageObject","inLanguage":"en-US","@id":"https:\/\/fit360.ee\/en\/#\/schema\/logo\/image\/","url":"https:\/\/fit360.ee\/wp-content\/uploads\/2017\/01\/logo-fit360.png","contentUrl":"https:\/\/fit360.ee\/wp-content\/uploads\/2017\/01\/logo-fit360.png","width":180,"height":66,"caption":"Fit360"},"image":{"@id":"https:\/\/fit360.ee\/en\/#\/schema\/logo\/image\/"}}]}},"_links":{"self":[{"href":"https:\/\/fit360.ee\/en\/wp-json\/wp\/v2\/product\/67707","targetHints":{"allow":["GET"]}}],"collection":[{"href":"https:\/\/fit360.ee\/en\/wp-json\/wp\/v2\/product"}],"about":[{"href":"https:\/\/fit360.ee\/en\/wp-json\/wp\/v2\/types\/product"}],"replies":[{"embeddable":true,"href":"https:\/\/fit360.ee\/en\/wp-json\/wp\/v2\/comments?post=67707"}],"wp:featuredmedia":[{"embeddable":true,"href":"https:\/\/fit360.ee\/en\/wp-json\/wp\/v2\/media\/84544"}],"wp:attachment":[{"href":"https:\/\/fit360.ee\/en\/wp-json\/wp\/v2\/media?parent=67707"}],"wp:term":[{"taxonomy":"product_brand","embeddable":true,"href":"https:\/\/fit360.ee\/en\/wp-json\/wp\/v2\/product_brand?post=67707"},{"taxonomy":"product_cat","embeddable":true,"href":"https:\/\/fit360.ee\/en\/wp-json\/wp\/v2\/product_cat?post=67707"},{"taxonomy":"product_tag","embeddable":true,"href":"https:\/\/fit360.ee\/en\/wp-json\/wp\/v2\/product_tag?post=67707"},{"taxonomy":"giftcard-category","embeddable":true,"href":"https:\/\/fit360.ee\/en\/wp-json\/wp\/v2\/giftcard-category?post=67707"}],"curies":[{"name":"wp","href":"https:\/\/api.w.org\/{rel}","templated":true}]}}