{"id":67713,"date":"2023-01-20T14:25:26","date_gmt":"2023-01-20T12:25:26","guid":{"rendered":"https:\/\/fit360.ee\/pood\/uncategorized\/ultimate-16-strain-probiotic\/"},"modified":"2025-08-13T07:37:04","modified_gmt":"2025-08-13T05:37:04","slug":"ultimate-16-strain-probiotic","status":"publish","type":"product","link":"https:\/\/fit360.ee\/en\/pood\/product-groups\/superfoods-health-foods-en\/probiotics-en\/ultimate-16-strain-probiotic\/","title":{"rendered":"Swanson Probiootikumid &#8211; Ultimate 16 Strain Probiotic With FOS (60vcaps)"},"content":{"rendered":"<h2><strong>Ultimate 16 Strain Probiotic With FOS<\/strong><\/h2>\n<ul>\n<li>16 ainulaadset t\u00fcve kogu keha heaolu tagamiseks<\/li>\n<li>Toetab seedimist kasulike bakteritega<\/li>\n<li>Toetab optimaalset seedimist ja imendumist<\/li>\n<\/ul>\n<p>Dr Stephen Langeri Ultimate 16 t\u00fcvega probiootikum Swanson Probiotics sisaldab rohkem kui neli korda rohkem t\u00fcvesid ja \u00fcle kahe korra rohkem CFUsid v\u00f5rreldes paljude populaarsete probiootiliste preparaatidega, mida t\u00e4nap\u00e4eval kliinikutes ja apteekides turustatakse. Kui paljud populaarsed toidulisandid pakuvad ainult kahte bifidobakterit\u00fcve, siis dr Langeri valem annab viis. Ja kui teistel on ainult \u00fcks laktobatsilli t\u00fcvi, siis Ultimate 16 Strain Probiotic sisaldab k\u00fcmmet, sealhulgas Lactobacillus reuterit, mis lisati hiljuti valemi parandamiseks, kuna see pakub ainulaadseid kaitsev\u00f5imeid k\u00e4\u00e4rsoole tervisele ja immuuns\u00fcsteemi funktsioonidele.*<\/p>\n<p>Ja see pole veel k\u00f5ik. Valem sisaldab ka prebiootilisi FOS-i ja ConcenTrace\u00ae mikroelemente, mida te ei leia \u00fchestki m\u00fc\u00fcgil olevast tootest. Prebiootikumid ja mikroelemendid on olulised, kuna enamikul meist puuduvad need toidus, kuid need on t\u00e4iesti olulised ens\u00fcmaatiliste protsesside jaoks, mis on vajalikud tervislikuks seedimiseks ja kasulike bakterite s\u00e4ilitamiseks.*<\/p>\n<p>\u00c4rge laske end petta massiturutoodetest, mis pakuvad \u00fcle lubadust ja v\u00e4hem tarnivad \u2013 tooted, mis maksavad ka rohkem, kui peaksid. Selle tipptasemel valemiga tunnete erinevust juba \u00fche kuu p\u00e4rast. See on \u00fclim probiootikum t\u00f5eliselt taskukohase hinnaga.<\/p>\n<p><strong>Teised koostisosad<\/strong>: mikrokristalne tselluloos (taimne kiud), taimetoitlane kapsel (h\u00fcpromelloos) (EMBO CAPS\u00ae AP), Concentrace\u00ae Trace Minerals, lutsern, r\u00e4nidioksiid, magneesiumstearaat.<\/p>\n<p><strong>Soovitatav kasutamine<\/strong>: Toidulisandina v\u00f5tke \u00fcks kapsel p\u00e4evas koos vee v\u00f5i mahlaga.<\/p>\n<p><strong>Suurus<\/strong>: 60 <a href=\"https:\/\/fit360.ee\/en\/product-category\/product-groups\/vegan-en\/vegan-capsules-en\/\"><strong>Vegan kapslit &#8211; vCaps<\/strong><\/a>.<\/p>\n<table cellspacing=\"0\" cellpadding=\"0\">\n<thead>\n<tr>\n<th>Kogus portsjoni kohta<\/th>\n<th>1 kapsel<\/th>\n<th>% P\u00e4evane v\u00e4\u00e4rtus<\/th>\n<\/tr>\n<\/thead>\n<tbody>\n<tr>\n<td>FOS (fruktooligosahhariidid)<\/td>\n<td>50 mg<\/td>\n<td>*<\/td>\n<\/tr>\n<tr>\n<td>16-t\u00fcve probiootiline segu<\/td>\n<td>20 mg<\/td>\n<td>*<\/td>\n<\/tr>\n<tr>\n<td>Bifidobacterium longum<\/td>\n<td>430 miljonit CFU<\/td>\n<td>*<\/td>\n<\/tr>\n<tr>\n<td>Lactobacillus acidophilus<\/td>\n<td>430 miljonit CFU<\/td>\n<td>*<\/td>\n<\/tr>\n<tr>\n<td>Bifidobacterium bifidum<\/td>\n<td>180 miljonit CFU<\/td>\n<td>*<\/td>\n<\/tr>\n<tr>\n<td>Bifidobacterium breve<\/td>\n<td>180 miljonit CFU<\/td>\n<td>*<\/td>\n<\/tr>\n<tr>\n<td>Bifidobacterium lactis<\/td>\n<td>180 miljonit CFU<\/td>\n<td>*<\/td>\n<\/tr>\n<tr>\n<td>Lactobacillus brevis<\/td>\n<td>180 miljonit CFU<\/td>\n<td>*<\/td>\n<\/tr>\n<tr>\n<td>Lactobacillus bulgaricus<\/td>\n<td>180 miljonit CFU<\/td>\n<td>*<\/td>\n<\/tr>\n<tr>\n<td>Lactobacillus casei<\/td>\n<td>180 miljonit CFU<\/td>\n<td>*<\/td>\n<\/tr>\n<tr>\n<td>Lactobacillus helveticus<\/td>\n<td>180 miljonit CFU<\/td>\n<td>*<\/td>\n<\/tr>\n<tr>\n<td>Lactobacillus taimed<\/td>\n<td>180 miljonit CFU<\/td>\n<td>*<\/td>\n<\/tr>\n<tr>\n<td>Lactobacillus reuteri<\/td>\n<td>180 miljonit CFU<\/td>\n<td>*<\/td>\n<\/tr>\n<tr>\n<td>Lactobacillus rhamnosus<\/td>\n<td>180 miljonit CFU<\/td>\n<td>*<\/td>\n<\/tr>\n<tr>\n<td>Lactobacillus salivarius<\/td>\n<td>180 miljonit CFU<\/td>\n<td>*<\/td>\n<\/tr>\n<tr>\n<td>Lactococcus lactis<\/td>\n<td>180 miljonit CFU<\/td>\n<td>*<\/td>\n<\/tr>\n<tr>\n<td>Streptococcus thermophilus<\/td>\n<td>180 miljonit CFU<\/td>\n<td>*<\/td>\n<\/tr>\n<tr>\n<td>Bifidobacterium infantis<\/td>\n<td>90 miljonit CFU<\/td>\n<td>*<\/td>\n<\/tr>\n<\/tbody>\n<\/table>\n<p>*Soovutatud p\u00e4evane kogus ei ole m\u00e4\u00e4ratud.<\/p>\n<p>Vaata ka meie Teisi Probiootikume <a href=\"https:\/\/fit360.ee\/en\/product-category\/product-groups\/superfoods-health-foods-en\/probiotics-en\/\"><strong>SIIT<\/strong><\/a>!<\/p>\n<p>Soovid teha suuremat tellimust? Vaata antud toodet meie HULGI lehelt\u00a0<a href=\"https:\/\/toidulisandidhulgi.ee\/product\/ultimate-16-strain-probiotic\/\"><strong>S<\/strong><strong>I<\/strong><strong>IT<\/strong><\/a>!<\/p>\n","protected":false},"excerpt":{"rendered":"<ul>\n<li>16 ainulaadset t\u00fcve kogu keha heaolu tagamiseks<\/li>\n<li>Toetab seedimist kasulike bakteritega<\/li>\n<li>Toetab optimaalset seedimist ja imendumist<\/li>\n<\/ul>\n","protected":false},"featured_media":67710,"comment_status":"closed","ping_status":"closed","template":"","meta":[],"product_brand":[],"product_cat":[2363,1454,1651,2664,536,1201],"product_tag":[2068,1848,4150],"giftcard-category":[],"class_list":{"0":"post-67713","1":"product","2":"type-product","3":"status-publish","4":"has-post-thumbnail","6":"product_cat-probiotics-en","7":"product_cat-superfoods-health-foods-en","8":"product_cat-swanson-en","9":"product_cat-vegan-capsules-en","10":"product_cat-vitamins-and-minerals-en","11":"product_cat-1201","12":"product_tag-probiootikumid-en","13":"product_tag-swanson-en","14":"product_tag-ultimate-16-strain-probiotic-with-fos-en","15":"pa_kogus-60-vcaps-en","16":"pa_toidulisand-branddd-swanson","17":"pa_tootegruppp-probiootikumid-en","18":"pa_tootegruppp-supertoit-tervisetoit-en","19":"pa_tootegruppp-vcaps-vegan-kapslid-en","20":"pa_tootegruppp-vegan-en","21":"pa_tootegruppp-vitamins-and-minerals","23":"first","24":"instock","25":"sale","26":"taxable","27":"shipping-taxable","28":"purchasable","29":"product-type-simple"},"yoast_head":"<!-- This site is optimized with the Yoast SEO plugin v27.3 - https:\/\/yoast.com\/product\/yoast-seo-wordpress\/ -->\n<title>Swanson Probiootikumid - Ultimate 16 Strain Probiotic With FOS (60vcaps)<\/title>\n<meta name=\"description\" content=\"Dr Stephen Langeri Ultimate 16 t\u00fcvega probiootikum Swanson Probiotics sisaldab rohkem kui neli korda rohkem t\u00fcvesid ja \u00fcle kahe korra rohkem CFUsid ....\" \/>\n<meta name=\"robots\" content=\"index, follow, max-snippet:-1, max-image-preview:large, max-video-preview:-1\" \/>\n<link rel=\"canonical\" href=\"https:\/\/fit360.ee\/en\/pood\/product-groups\/superfoods-health-foods-en\/probiotics-en\/ultimate-16-strain-probiotic\/\" \/>\n<meta property=\"og:locale\" content=\"en_US\" \/>\n<meta property=\"og:type\" content=\"article\" \/>\n<meta property=\"og:title\" content=\"Swanson Probiootikumid - Ultimate 16 Strain Probiotic With FOS (60vcaps)\" \/>\n<meta property=\"og:description\" content=\"Dr Stephen Langeri Ultimate 16 t\u00fcvega probiootikum Swanson Probiotics sisaldab rohkem kui neli korda rohkem t\u00fcvesid ja \u00fcle kahe korra rohkem CFUsid ....\" \/>\n<meta property=\"og:url\" content=\"https:\/\/fit360.ee\/en\/pood\/product-groups\/superfoods-health-foods-en\/probiotics-en\/ultimate-16-strain-probiotic\/\" \/>\n<meta property=\"og:site_name\" content=\"Fit360\" \/>\n<meta property=\"article:modified_time\" content=\"2025-08-13T05:37:04+00:00\" \/>\n<meta property=\"og:image\" content=\"https:\/\/fit360.ee\/wp-content\/uploads\/2023\/01\/Ultimate-16-Strain-Probiotic-With-FOS-swanson-fit360.ee-1.jpg\" \/>\n\t<meta property=\"og:image:width\" content=\"800\" \/>\n\t<meta property=\"og:image:height\" content=\"800\" \/>\n\t<meta property=\"og:image:type\" content=\"image\/jpeg\" \/>\n<meta name=\"twitter:card\" content=\"summary_large_image\" \/>\n<meta name=\"twitter:label1\" content=\"Est. reading time\" \/>\n\t<meta name=\"twitter:data1\" content=\"2 minutes\" \/>\n<script type=\"application\/ld+json\" class=\"yoast-schema-graph\">{\"@context\":\"https:\\\/\\\/schema.org\",\"@graph\":[{\"@type\":\"WebPage\",\"@id\":\"https:\\\/\\\/fit360.ee\\\/en\\\/pood\\\/product-groups\\\/superfoods-health-foods-en\\\/probiotics-en\\\/ultimate-16-strain-probiotic\\\/\",\"url\":\"https:\\\/\\\/fit360.ee\\\/en\\\/pood\\\/product-groups\\\/superfoods-health-foods-en\\\/probiotics-en\\\/ultimate-16-strain-probiotic\\\/\",\"name\":\"Swanson Probiootikumid - Ultimate 16 Strain Probiotic With FOS (60vcaps)\",\"isPartOf\":{\"@id\":\"https:\\\/\\\/fit360.ee\\\/en\\\/#website\"},\"primaryImageOfPage\":{\"@id\":\"https:\\\/\\\/fit360.ee\\\/en\\\/pood\\\/product-groups\\\/superfoods-health-foods-en\\\/probiotics-en\\\/ultimate-16-strain-probiotic\\\/#primaryimage\"},\"image\":{\"@id\":\"https:\\\/\\\/fit360.ee\\\/en\\\/pood\\\/product-groups\\\/superfoods-health-foods-en\\\/probiotics-en\\\/ultimate-16-strain-probiotic\\\/#primaryimage\"},\"thumbnailUrl\":\"https:\\\/\\\/fit360.ee\\\/wp-content\\\/uploads\\\/2023\\\/01\\\/Ultimate-16-Strain-Probiotic-With-FOS-swanson-fit360.ee-1.jpg\",\"datePublished\":\"2023-01-20T12:25:26+00:00\",\"dateModified\":\"2025-08-13T05:37:04+00:00\",\"description\":\"Dr Stephen Langeri Ultimate 16 t\u00fcvega probiootikum Swanson Probiotics sisaldab rohkem kui neli korda rohkem t\u00fcvesid ja \u00fcle kahe korra rohkem CFUsid ....\",\"breadcrumb\":{\"@id\":\"https:\\\/\\\/fit360.ee\\\/en\\\/pood\\\/product-groups\\\/superfoods-health-foods-en\\\/probiotics-en\\\/ultimate-16-strain-probiotic\\\/#breadcrumb\"},\"inLanguage\":\"en-US\",\"potentialAction\":[{\"@type\":\"ReadAction\",\"target\":[\"https:\\\/\\\/fit360.ee\\\/en\\\/pood\\\/product-groups\\\/superfoods-health-foods-en\\\/probiotics-en\\\/ultimate-16-strain-probiotic\\\/\"]}]},{\"@type\":\"ImageObject\",\"inLanguage\":\"en-US\",\"@id\":\"https:\\\/\\\/fit360.ee\\\/en\\\/pood\\\/product-groups\\\/superfoods-health-foods-en\\\/probiotics-en\\\/ultimate-16-strain-probiotic\\\/#primaryimage\",\"url\":\"https:\\\/\\\/fit360.ee\\\/wp-content\\\/uploads\\\/2023\\\/01\\\/Ultimate-16-Strain-Probiotic-With-FOS-swanson-fit360.ee-1.jpg\",\"contentUrl\":\"https:\\\/\\\/fit360.ee\\\/wp-content\\\/uploads\\\/2023\\\/01\\\/Ultimate-16-Strain-Probiotic-With-FOS-swanson-fit360.ee-1.jpg\",\"width\":800,\"height\":800,\"caption\":\"Ultimate 16 Strain Probiotic With FOS swanson - fit360.ee\"},{\"@type\":\"BreadcrumbList\",\"@id\":\"https:\\\/\\\/fit360.ee\\\/en\\\/pood\\\/product-groups\\\/superfoods-health-foods-en\\\/probiotics-en\\\/ultimate-16-strain-probiotic\\\/#breadcrumb\",\"itemListElement\":[{\"@type\":\"ListItem\",\"position\":1,\"name\":\"Home\",\"item\":\"https:\\\/\\\/fit360.ee\\\/en\\\/\"},{\"@type\":\"ListItem\",\"position\":2,\"name\":\"Shop\",\"item\":\"https:\\\/\\\/fit360.ee\\\/en\\\/shop\\\/\"},{\"@type\":\"ListItem\",\"position\":3,\"name\":\"Swanson Probiootikumid &#8211; Ultimate 16 Strain Probiotic With FOS (60vcaps)\"}]},{\"@type\":\"WebSite\",\"@id\":\"https:\\\/\\\/fit360.ee\\\/en\\\/#website\",\"url\":\"https:\\\/\\\/fit360.ee\\\/en\\\/\",\"name\":\"Fit360\",\"description\":\"\",\"publisher\":{\"@id\":\"https:\\\/\\\/fit360.ee\\\/en\\\/#organization\"},\"potentialAction\":[{\"@type\":\"SearchAction\",\"target\":{\"@type\":\"EntryPoint\",\"urlTemplate\":\"https:\\\/\\\/fit360.ee\\\/en\\\/?s={search_term_string}\"},\"query-input\":{\"@type\":\"PropertyValueSpecification\",\"valueRequired\":true,\"valueName\":\"search_term_string\"}}],\"inLanguage\":\"en-US\"},{\"@type\":\"Organization\",\"@id\":\"https:\\\/\\\/fit360.ee\\\/en\\\/#organization\",\"name\":\"Fit360\",\"url\":\"https:\\\/\\\/fit360.ee\\\/en\\\/\",\"logo\":{\"@type\":\"ImageObject\",\"inLanguage\":\"en-US\",\"@id\":\"https:\\\/\\\/fit360.ee\\\/en\\\/#\\\/schema\\\/logo\\\/image\\\/\",\"url\":\"https:\\\/\\\/fit360.ee\\\/wp-content\\\/uploads\\\/2017\\\/01\\\/logo-fit360.png\",\"contentUrl\":\"https:\\\/\\\/fit360.ee\\\/wp-content\\\/uploads\\\/2017\\\/01\\\/logo-fit360.png\",\"width\":180,\"height\":66,\"caption\":\"Fit360\"},\"image\":{\"@id\":\"https:\\\/\\\/fit360.ee\\\/en\\\/#\\\/schema\\\/logo\\\/image\\\/\"}}]}<\/script>\n<!-- \/ Yoast SEO plugin. -->","yoast_head_json":{"title":"Swanson Probiootikumid - Ultimate 16 Strain Probiotic With FOS (60vcaps)","description":"Dr Stephen Langeri Ultimate 16 t\u00fcvega probiootikum Swanson Probiotics sisaldab rohkem kui neli korda rohkem t\u00fcvesid ja \u00fcle kahe korra rohkem CFUsid ....","robots":{"index":"index","follow":"follow","max-snippet":"max-snippet:-1","max-image-preview":"max-image-preview:large","max-video-preview":"max-video-preview:-1"},"canonical":"https:\/\/fit360.ee\/en\/pood\/product-groups\/superfoods-health-foods-en\/probiotics-en\/ultimate-16-strain-probiotic\/","og_locale":"en_US","og_type":"article","og_title":"Swanson Probiootikumid - Ultimate 16 Strain Probiotic With FOS (60vcaps)","og_description":"Dr Stephen Langeri Ultimate 16 t\u00fcvega probiootikum Swanson Probiotics sisaldab rohkem kui neli korda rohkem t\u00fcvesid ja \u00fcle kahe korra rohkem CFUsid ....","og_url":"https:\/\/fit360.ee\/en\/pood\/product-groups\/superfoods-health-foods-en\/probiotics-en\/ultimate-16-strain-probiotic\/","og_site_name":"Fit360","article_modified_time":"2025-08-13T05:37:04+00:00","og_image":[{"width":800,"height":800,"url":"https:\/\/fit360.ee\/wp-content\/uploads\/2023\/01\/Ultimate-16-Strain-Probiotic-With-FOS-swanson-fit360.ee-1.jpg","type":"image\/jpeg"}],"twitter_card":"summary_large_image","twitter_misc":{"Est. reading time":"2 minutes"},"schema":{"@context":"https:\/\/schema.org","@graph":[{"@type":"WebPage","@id":"https:\/\/fit360.ee\/en\/pood\/product-groups\/superfoods-health-foods-en\/probiotics-en\/ultimate-16-strain-probiotic\/","url":"https:\/\/fit360.ee\/en\/pood\/product-groups\/superfoods-health-foods-en\/probiotics-en\/ultimate-16-strain-probiotic\/","name":"Swanson Probiootikumid - Ultimate 16 Strain Probiotic With FOS (60vcaps)","isPartOf":{"@id":"https:\/\/fit360.ee\/en\/#website"},"primaryImageOfPage":{"@id":"https:\/\/fit360.ee\/en\/pood\/product-groups\/superfoods-health-foods-en\/probiotics-en\/ultimate-16-strain-probiotic\/#primaryimage"},"image":{"@id":"https:\/\/fit360.ee\/en\/pood\/product-groups\/superfoods-health-foods-en\/probiotics-en\/ultimate-16-strain-probiotic\/#primaryimage"},"thumbnailUrl":"https:\/\/fit360.ee\/wp-content\/uploads\/2023\/01\/Ultimate-16-Strain-Probiotic-With-FOS-swanson-fit360.ee-1.jpg","datePublished":"2023-01-20T12:25:26+00:00","dateModified":"2025-08-13T05:37:04+00:00","description":"Dr Stephen Langeri Ultimate 16 t\u00fcvega probiootikum Swanson Probiotics sisaldab rohkem kui neli korda rohkem t\u00fcvesid ja \u00fcle kahe korra rohkem CFUsid ....","breadcrumb":{"@id":"https:\/\/fit360.ee\/en\/pood\/product-groups\/superfoods-health-foods-en\/probiotics-en\/ultimate-16-strain-probiotic\/#breadcrumb"},"inLanguage":"en-US","potentialAction":[{"@type":"ReadAction","target":["https:\/\/fit360.ee\/en\/pood\/product-groups\/superfoods-health-foods-en\/probiotics-en\/ultimate-16-strain-probiotic\/"]}]},{"@type":"ImageObject","inLanguage":"en-US","@id":"https:\/\/fit360.ee\/en\/pood\/product-groups\/superfoods-health-foods-en\/probiotics-en\/ultimate-16-strain-probiotic\/#primaryimage","url":"https:\/\/fit360.ee\/wp-content\/uploads\/2023\/01\/Ultimate-16-Strain-Probiotic-With-FOS-swanson-fit360.ee-1.jpg","contentUrl":"https:\/\/fit360.ee\/wp-content\/uploads\/2023\/01\/Ultimate-16-Strain-Probiotic-With-FOS-swanson-fit360.ee-1.jpg","width":800,"height":800,"caption":"Ultimate 16 Strain Probiotic With FOS swanson - fit360.ee"},{"@type":"BreadcrumbList","@id":"https:\/\/fit360.ee\/en\/pood\/product-groups\/superfoods-health-foods-en\/probiotics-en\/ultimate-16-strain-probiotic\/#breadcrumb","itemListElement":[{"@type":"ListItem","position":1,"name":"Home","item":"https:\/\/fit360.ee\/en\/"},{"@type":"ListItem","position":2,"name":"Shop","item":"https:\/\/fit360.ee\/en\/shop\/"},{"@type":"ListItem","position":3,"name":"Swanson Probiootikumid &#8211; Ultimate 16 Strain Probiotic With FOS (60vcaps)"}]},{"@type":"WebSite","@id":"https:\/\/fit360.ee\/en\/#website","url":"https:\/\/fit360.ee\/en\/","name":"Fit360","description":"","publisher":{"@id":"https:\/\/fit360.ee\/en\/#organization"},"potentialAction":[{"@type":"SearchAction","target":{"@type":"EntryPoint","urlTemplate":"https:\/\/fit360.ee\/en\/?s={search_term_string}"},"query-input":{"@type":"PropertyValueSpecification","valueRequired":true,"valueName":"search_term_string"}}],"inLanguage":"en-US"},{"@type":"Organization","@id":"https:\/\/fit360.ee\/en\/#organization","name":"Fit360","url":"https:\/\/fit360.ee\/en\/","logo":{"@type":"ImageObject","inLanguage":"en-US","@id":"https:\/\/fit360.ee\/en\/#\/schema\/logo\/image\/","url":"https:\/\/fit360.ee\/wp-content\/uploads\/2017\/01\/logo-fit360.png","contentUrl":"https:\/\/fit360.ee\/wp-content\/uploads\/2017\/01\/logo-fit360.png","width":180,"height":66,"caption":"Fit360"},"image":{"@id":"https:\/\/fit360.ee\/en\/#\/schema\/logo\/image\/"}}]}},"_links":{"self":[{"href":"https:\/\/fit360.ee\/en\/wp-json\/wp\/v2\/product\/67713","targetHints":{"allow":["GET"]}}],"collection":[{"href":"https:\/\/fit360.ee\/en\/wp-json\/wp\/v2\/product"}],"about":[{"href":"https:\/\/fit360.ee\/en\/wp-json\/wp\/v2\/types\/product"}],"replies":[{"embeddable":true,"href":"https:\/\/fit360.ee\/en\/wp-json\/wp\/v2\/comments?post=67713"}],"wp:featuredmedia":[{"embeddable":true,"href":"https:\/\/fit360.ee\/en\/wp-json\/wp\/v2\/media\/67710"}],"wp:attachment":[{"href":"https:\/\/fit360.ee\/en\/wp-json\/wp\/v2\/media?parent=67713"}],"wp:term":[{"taxonomy":"product_brand","embeddable":true,"href":"https:\/\/fit360.ee\/en\/wp-json\/wp\/v2\/product_brand?post=67713"},{"taxonomy":"product_cat","embeddable":true,"href":"https:\/\/fit360.ee\/en\/wp-json\/wp\/v2\/product_cat?post=67713"},{"taxonomy":"product_tag","embeddable":true,"href":"https:\/\/fit360.ee\/en\/wp-json\/wp\/v2\/product_tag?post=67713"},{"taxonomy":"giftcard-category","embeddable":true,"href":"https:\/\/fit360.ee\/en\/wp-json\/wp\/v2\/giftcard-category?post=67713"}],"curies":[{"name":"wp","href":"https:\/\/api.w.org\/{rel}","templated":true}]}}