{"id":67842,"date":"2023-01-28T14:37:24","date_gmt":"2023-01-28T12:37:24","guid":{"rendered":"https:\/\/fit360.ee\/pood\/uncategorized\/critical-whey\/"},"modified":"2026-04-09T17:12:58","modified_gmt":"2026-04-09T15:12:58","slug":"critical-whey","status":"publish","type":"product","link":"https:\/\/fit360.ee\/en\/pood\/product-groups\/protein-poweders-en\/whey-protein-en\/critical-whey\/","title":{"rendered":"Applied Nutrition Critical Whey (2000g)"},"content":{"rendered":"<h1><strong>Critical Whey<\/strong><\/h1>\n<p><strong>Critical Whey Protein<\/strong>\u00a0on v\u00e4lja t\u00f6\u00f6tatud, kasutades ainulaadset vadakuvalgu kontsentraadi, Whey Protein Isolate &amp; Hydrolysed Whey Protein segu.\u00a0Vadakuvalgu kontsentraat on toodetud ultrafiltratsioonitehnoloogia abil, mis sisaldab suures koguses valke ja hargnenud ahelaga aminohappeid (BCAA).\u00a0Vadakuvalgu isolaat on k\u00f5rgeima kvaliteediga valk ja seda toodetakse ristvoolu-mikrofiltratsiooni abil.\u00a0H\u00fcdrol\u00fc\u00fcsitud vadakuproteiin on eelnevalt seeditud valk, mis on ens\u00fcmaatiliselt jaotatud peptiidideks.\u00a0Need k\u00f5rge bioloogilise v\u00e4\u00e4rtusega ja kergesti seeditavad valgud toetavad lihaste kasvu ja s\u00e4ilimist.<\/p>\n<p><strong>Critical Whey Protein<\/strong>\u00a0sisaldab 21 g rohuga toidetud lehmadelt saadud valku, 4,8 g looduslikult esinevaid BCAA-sid ja 4 g glutamiini portsjoni kohta.\u00a0<strong>Critical vadakuvalk <\/strong>on Halal-sertifikaadiga ja teeb suurep\u00e4rase maitsega kokteili \u2013 lisage lihtsalt veele v\u00f5i madala rasvasisaldusega piimale.<\/p>\n<ul>\n<li>Ehitage ja hoidke lihaseid<\/li>\n<li>M\u00f5nus maitse ja seguneb koheselt<\/li>\n<li>Tagab k\u00f5rge valgu ja BCAA taseme<\/li>\n<li>Informed-Sporti poolt sportlastele testitud partiid<\/li>\n<li>Halal sertifikaadiga toode<\/li>\n<\/ul>\n<p>Iga selle toote partii on programmi Informed-Sport raames testitud keelatud ainete suhtes.\u00a0Tooted l\u00e4bivad range testimise ISO 17025 akrediteeritud laboris, et pakkuda testitud sportlastele k\u00f5rgeimat kindlust.<\/p>\n<h4><strong>Critical Whey koostisosad:<\/strong><\/h4>\n<p><b>MUSTIKAMUFFIN<\/b><br \/>\nVadakuvalgu kontsentraat (\u00a0<strong>piim<\/strong>\u00a0) (\u00a0<strong>sojaletsitiin<\/strong>\u00a0), ISO-XP vadakuvalgu isolaat (\u00a0<strong>piim<\/strong>\u00a0), h\u00fcdrol\u00fc\u00fcsitud vadakuproteiin (\u00a0<strong>piim<\/strong>\u00a0), l\u00f5hna- ja maitseaine, magusaine (sukraloos), v\u00e4rvaine (maguskartulipulber).<\/p>\n<p><b>CHOCO BUENO<\/b><br \/>\nvadakuvalgu kontsentraat (\u00a0<strong>piim<\/strong>\u00a0) (\u00a0<strong>sojaletsitiin<\/strong>\u00a0), ISO-XP vadakuvalgu isolaat (\u00a0<strong>piim<\/strong>\u00a0), h\u00fcdrol\u00fc\u00fcsitud vadakuproteiin (\u00a0<strong>piim<\/strong>\u00a0), v\u00e4hendatud rasvasisaldusega kakaopulber, l\u00f5hna- ja maitseaine, magusaine (sukraloos).<\/p>\n<p><b>COOKIES &#8216;N&#8217; CREAM<\/b><br \/>\nVadakuvalgu kontsentraat (\u00a0<strong>piim<\/strong>\u00a0) (\u00a0<strong>sojaletsitiin<\/strong>\u00a0), ISO-XP vadakuvalgu isolaat (\u00a0<strong>piim<\/strong>\u00a0), h\u00fcdrol\u00fc\u00fcsitud vadakuproteiin (\u00a0<strong>piim<\/strong>\u00a0), l\u00f5hna- ja maitseaine, magusaine (sukraloos).<\/p>\n<p><strong>Kasutamine<\/strong>: Segage 2 kulbit\u00e4it (30 g) valgupulbrit 250-500 ml vee v\u00f5i piimaga ja loksutage korralikult.\u00a0Tarbi kohe p\u00e4rast treeningut v\u00f5i treeningv\u00e4listel p\u00e4evadel kogu p\u00e4eva.<\/p>\n<p><strong>Suurus<\/strong>: 2000g<\/p>\n<p><a href=\"https:\/\/fit360.ee\/wp-content\/uploads\/2023\/01\/applied-nutrition-critical-whey-fit360.ee_.jpg\"><img loading=\"lazy\" decoding=\"async\" class=\"size-full wp-image-67835\" src=\"https:\/\/fit360.ee\/wp-content\/uploads\/2023\/01\/applied-nutrition-critical-whey-fit360.ee_.jpg\" alt=\"applied nutrition critical whey - fit360.ee\" width=\"600\" height=\"600\" srcset=\"https:\/\/fit360.ee\/wp-content\/uploads\/2023\/01\/applied-nutrition-critical-whey-fit360.ee_.jpg 600w, https:\/\/fit360.ee\/wp-content\/uploads\/2023\/01\/applied-nutrition-critical-whey-fit360.ee_-247x247.jpg 247w, https:\/\/fit360.ee\/wp-content\/uploads\/2023\/01\/applied-nutrition-critical-whey-fit360.ee_-100x100.jpg 100w, https:\/\/fit360.ee\/wp-content\/uploads\/2023\/01\/applied-nutrition-critical-whey-fit360.ee_-510x510.jpg 510w, https:\/\/fit360.ee\/wp-content\/uploads\/2023\/01\/applied-nutrition-critical-whey-fit360.ee_-340x340.jpg 340w\" sizes=\"auto, (max-width: 600px) 100vw, 600px\" \/><\/a><\/p>\n<p>Vaata ka meie Teisi Valgupulbreid <a href=\"https:\/\/fit360.ee\/en\/product-category\/product-groups\/protein-poweders-en\/\"><strong>SIIT<\/strong><\/a> v\u00f5i Vadakuvalke <a href=\"https:\/\/fit360.ee\/en\/product-category\/product-groups\/protein-poweders-en\/whey-protein-en\/\"><strong>SIIT<\/strong><\/a>!<\/p>\n<p>Soovid kaupa osta suuremas koguses? Vaata antud toodet ka meie HULGI poest\u00a0<a href=\"https:\/\/toidulisandidhulgi.ee\/product\/critical-whey\/\"><strong>SIIT<\/strong><\/a>!<\/p>\n","protected":false},"excerpt":{"rendered":"<ul>\n<li>Ehitage ja hoidke lihaseid<\/li>\n<li>M\u00f5nus maitse ja seguneb koheselt<\/li>\n<li>Tagab k\u00f5rge valgu ja BCAA taseme<\/li>\n<li>Informed-Sporti poolt sportlastele testitud partiid<\/li>\n<li>Halal sertifikaadiga toode<\/li>\n<\/ul>\n","protected":false},"featured_media":67838,"comment_status":"closed","ping_status":"closed","template":"","meta":[],"product_brand":[],"product_cat":[3727,535,2420,2424],"product_tag":[3730,4157],"giftcard-category":[],"class_list":{"0":"post-67842","1":"product","2":"type-product","3":"status-publish","4":"has-post-thumbnail","6":"product_cat-applied-nutrition-en","7":"product_cat-protein-poweders-en","8":"product_cat-whey-protein-en","9":"product_cat-whey-isolate-protein-en","10":"product_tag-applied-nutrition-en","11":"product_tag-critical-whey-en","12":"pa_maitse-banana-milkshake-en","13":"pa_maitse-blueberry-muffin-en","14":"pa_maitse-choco-bueno-en","15":"pa_maitse-chocolate-milkshake-en","16":"pa_maitse-cream-cookie","17":"pa_maitse-salted-caramel-en","18":"pa_maitse-strawberry-milkshake-en","19":"pa_maitse-vanilla-ice-cream-2-en","20":"pa_maitse-white-choco-hazelnut","22":"first","23":"instock","24":"sale","25":"taxable","26":"shipping-taxable","27":"purchasable","28":"product-type-variable"},"yoast_head":"<!-- This site is optimized with the Yoast SEO plugin v27.3 - https:\/\/yoast.com\/product\/yoast-seo-wordpress\/ -->\n<title>Applied Nutrition Critical Whey (2000g) - Valgupulber - Fit360<\/title>\n<meta name=\"description\" content=\"Critical Whey Protein\u00a0on v\u00e4lja t\u00f6\u00f6tatud, kasutades ainulaadset vadakuvalgu kontsentraadi, Whey Protein Isolate &amp; Hydrolysed Whey Protein segu. Kiire Tarne\" \/>\n<meta name=\"robots\" content=\"index, follow, max-snippet:-1, max-image-preview:large, max-video-preview:-1\" \/>\n<link rel=\"canonical\" href=\"https:\/\/fit360.ee\/en\/pood\/product-groups\/protein-poweders-en\/whey-protein-en\/critical-whey\/\" \/>\n<meta property=\"og:locale\" content=\"en_US\" \/>\n<meta property=\"og:type\" content=\"article\" \/>\n<meta property=\"og:title\" content=\"Applied Nutrition Critical Whey (2000g) - Valgupulber - Fit360\" \/>\n<meta property=\"og:description\" content=\"Critical Whey Protein\u00a0on v\u00e4lja t\u00f6\u00f6tatud, kasutades ainulaadset vadakuvalgu kontsentraadi, Whey Protein Isolate &amp; Hydrolysed Whey Protein segu. Kiire Tarne\" \/>\n<meta property=\"og:url\" content=\"https:\/\/fit360.ee\/en\/pood\/product-groups\/protein-poweders-en\/whey-protein-en\/critical-whey\/\" \/>\n<meta property=\"og:site_name\" content=\"Fit360\" \/>\n<meta property=\"article:modified_time\" content=\"2026-04-09T15:12:58+00:00\" \/>\n<meta property=\"og:image\" content=\"https:\/\/fit360.ee\/wp-content\/uploads\/2023\/01\/critical-whey-fit360.ee_.jpg\" \/>\n\t<meta property=\"og:image:width\" content=\"1500\" \/>\n\t<meta property=\"og:image:height\" content=\"1500\" \/>\n\t<meta property=\"og:image:type\" content=\"image\/jpeg\" \/>\n<meta name=\"twitter:card\" content=\"summary_large_image\" \/>\n<meta name=\"twitter:label1\" content=\"Est. reading time\" \/>\n\t<meta name=\"twitter:data1\" content=\"2 minutes\" \/>\n<script type=\"application\/ld+json\" class=\"yoast-schema-graph\">{\"@context\":\"https:\\\/\\\/schema.org\",\"@graph\":[{\"@type\":\"WebPage\",\"@id\":\"https:\\\/\\\/fit360.ee\\\/en\\\/pood\\\/product-groups\\\/protein-poweders-en\\\/whey-protein-en\\\/critical-whey\\\/\",\"url\":\"https:\\\/\\\/fit360.ee\\\/en\\\/pood\\\/product-groups\\\/protein-poweders-en\\\/whey-protein-en\\\/critical-whey\\\/\",\"name\":\"Applied Nutrition Critical Whey (2000g) - Valgupulber - Fit360\",\"isPartOf\":{\"@id\":\"https:\\\/\\\/fit360.ee\\\/en\\\/#website\"},\"primaryImageOfPage\":{\"@id\":\"https:\\\/\\\/fit360.ee\\\/en\\\/pood\\\/product-groups\\\/protein-poweders-en\\\/whey-protein-en\\\/critical-whey\\\/#primaryimage\"},\"image\":{\"@id\":\"https:\\\/\\\/fit360.ee\\\/en\\\/pood\\\/product-groups\\\/protein-poweders-en\\\/whey-protein-en\\\/critical-whey\\\/#primaryimage\"},\"thumbnailUrl\":\"https:\\\/\\\/fit360.ee\\\/wp-content\\\/uploads\\\/2023\\\/01\\\/critical-whey-fit360.ee_.jpg\",\"datePublished\":\"2023-01-28T12:37:24+00:00\",\"dateModified\":\"2026-04-09T15:12:58+00:00\",\"description\":\"Critical Whey Protein\u00a0on v\u00e4lja t\u00f6\u00f6tatud, kasutades ainulaadset vadakuvalgu kontsentraadi, Whey Protein Isolate & Hydrolysed Whey Protein segu. Kiire Tarne\",\"breadcrumb\":{\"@id\":\"https:\\\/\\\/fit360.ee\\\/en\\\/pood\\\/product-groups\\\/protein-poweders-en\\\/whey-protein-en\\\/critical-whey\\\/#breadcrumb\"},\"inLanguage\":\"en-US\",\"potentialAction\":[{\"@type\":\"ReadAction\",\"target\":[\"https:\\\/\\\/fit360.ee\\\/en\\\/pood\\\/product-groups\\\/protein-poweders-en\\\/whey-protein-en\\\/critical-whey\\\/\"]}]},{\"@type\":\"ImageObject\",\"inLanguage\":\"en-US\",\"@id\":\"https:\\\/\\\/fit360.ee\\\/en\\\/pood\\\/product-groups\\\/protein-poweders-en\\\/whey-protein-en\\\/critical-whey\\\/#primaryimage\",\"url\":\"https:\\\/\\\/fit360.ee\\\/wp-content\\\/uploads\\\/2023\\\/01\\\/critical-whey-fit360.ee_.jpg\",\"contentUrl\":\"https:\\\/\\\/fit360.ee\\\/wp-content\\\/uploads\\\/2023\\\/01\\\/critical-whey-fit360.ee_.jpg\",\"width\":1500,\"height\":1500,\"caption\":\"critical whey - fit360.ee\"},{\"@type\":\"BreadcrumbList\",\"@id\":\"https:\\\/\\\/fit360.ee\\\/en\\\/pood\\\/product-groups\\\/protein-poweders-en\\\/whey-protein-en\\\/critical-whey\\\/#breadcrumb\",\"itemListElement\":[{\"@type\":\"ListItem\",\"position\":1,\"name\":\"Home\",\"item\":\"https:\\\/\\\/fit360.ee\\\/en\\\/\"},{\"@type\":\"ListItem\",\"position\":2,\"name\":\"Shop\",\"item\":\"https:\\\/\\\/fit360.ee\\\/en\\\/shop\\\/\"},{\"@type\":\"ListItem\",\"position\":3,\"name\":\"Applied Nutrition Critical Whey (2000g)\"}]},{\"@type\":\"WebSite\",\"@id\":\"https:\\\/\\\/fit360.ee\\\/en\\\/#website\",\"url\":\"https:\\\/\\\/fit360.ee\\\/en\\\/\",\"name\":\"Fit360\",\"description\":\"\",\"publisher\":{\"@id\":\"https:\\\/\\\/fit360.ee\\\/en\\\/#organization\"},\"potentialAction\":[{\"@type\":\"SearchAction\",\"target\":{\"@type\":\"EntryPoint\",\"urlTemplate\":\"https:\\\/\\\/fit360.ee\\\/en\\\/?s={search_term_string}\"},\"query-input\":{\"@type\":\"PropertyValueSpecification\",\"valueRequired\":true,\"valueName\":\"search_term_string\"}}],\"inLanguage\":\"en-US\"},{\"@type\":\"Organization\",\"@id\":\"https:\\\/\\\/fit360.ee\\\/en\\\/#organization\",\"name\":\"Fit360\",\"url\":\"https:\\\/\\\/fit360.ee\\\/en\\\/\",\"logo\":{\"@type\":\"ImageObject\",\"inLanguage\":\"en-US\",\"@id\":\"https:\\\/\\\/fit360.ee\\\/en\\\/#\\\/schema\\\/logo\\\/image\\\/\",\"url\":\"https:\\\/\\\/fit360.ee\\\/wp-content\\\/uploads\\\/2017\\\/01\\\/logo-fit360.png\",\"contentUrl\":\"https:\\\/\\\/fit360.ee\\\/wp-content\\\/uploads\\\/2017\\\/01\\\/logo-fit360.png\",\"width\":180,\"height\":66,\"caption\":\"Fit360\"},\"image\":{\"@id\":\"https:\\\/\\\/fit360.ee\\\/en\\\/#\\\/schema\\\/logo\\\/image\\\/\"}}]}<\/script>\n<!-- \/ Yoast SEO plugin. -->","yoast_head_json":{"title":"Applied Nutrition Critical Whey (2000g) - Valgupulber - Fit360","description":"Critical Whey Protein\u00a0on v\u00e4lja t\u00f6\u00f6tatud, kasutades ainulaadset vadakuvalgu kontsentraadi, Whey Protein Isolate & Hydrolysed Whey Protein segu. Kiire Tarne","robots":{"index":"index","follow":"follow","max-snippet":"max-snippet:-1","max-image-preview":"max-image-preview:large","max-video-preview":"max-video-preview:-1"},"canonical":"https:\/\/fit360.ee\/en\/pood\/product-groups\/protein-poweders-en\/whey-protein-en\/critical-whey\/","og_locale":"en_US","og_type":"article","og_title":"Applied Nutrition Critical Whey (2000g) - Valgupulber - Fit360","og_description":"Critical Whey Protein\u00a0on v\u00e4lja t\u00f6\u00f6tatud, kasutades ainulaadset vadakuvalgu kontsentraadi, Whey Protein Isolate & Hydrolysed Whey Protein segu. Kiire Tarne","og_url":"https:\/\/fit360.ee\/en\/pood\/product-groups\/protein-poweders-en\/whey-protein-en\/critical-whey\/","og_site_name":"Fit360","article_modified_time":"2026-04-09T15:12:58+00:00","og_image":[{"width":1500,"height":1500,"url":"https:\/\/fit360.ee\/wp-content\/uploads\/2023\/01\/critical-whey-fit360.ee_.jpg","type":"image\/jpeg"}],"twitter_card":"summary_large_image","twitter_misc":{"Est. reading time":"2 minutes"},"schema":{"@context":"https:\/\/schema.org","@graph":[{"@type":"WebPage","@id":"https:\/\/fit360.ee\/en\/pood\/product-groups\/protein-poweders-en\/whey-protein-en\/critical-whey\/","url":"https:\/\/fit360.ee\/en\/pood\/product-groups\/protein-poweders-en\/whey-protein-en\/critical-whey\/","name":"Applied Nutrition Critical Whey (2000g) - Valgupulber - Fit360","isPartOf":{"@id":"https:\/\/fit360.ee\/en\/#website"},"primaryImageOfPage":{"@id":"https:\/\/fit360.ee\/en\/pood\/product-groups\/protein-poweders-en\/whey-protein-en\/critical-whey\/#primaryimage"},"image":{"@id":"https:\/\/fit360.ee\/en\/pood\/product-groups\/protein-poweders-en\/whey-protein-en\/critical-whey\/#primaryimage"},"thumbnailUrl":"https:\/\/fit360.ee\/wp-content\/uploads\/2023\/01\/critical-whey-fit360.ee_.jpg","datePublished":"2023-01-28T12:37:24+00:00","dateModified":"2026-04-09T15:12:58+00:00","description":"Critical Whey Protein\u00a0on v\u00e4lja t\u00f6\u00f6tatud, kasutades ainulaadset vadakuvalgu kontsentraadi, Whey Protein Isolate & Hydrolysed Whey Protein segu. Kiire Tarne","breadcrumb":{"@id":"https:\/\/fit360.ee\/en\/pood\/product-groups\/protein-poweders-en\/whey-protein-en\/critical-whey\/#breadcrumb"},"inLanguage":"en-US","potentialAction":[{"@type":"ReadAction","target":["https:\/\/fit360.ee\/en\/pood\/product-groups\/protein-poweders-en\/whey-protein-en\/critical-whey\/"]}]},{"@type":"ImageObject","inLanguage":"en-US","@id":"https:\/\/fit360.ee\/en\/pood\/product-groups\/protein-poweders-en\/whey-protein-en\/critical-whey\/#primaryimage","url":"https:\/\/fit360.ee\/wp-content\/uploads\/2023\/01\/critical-whey-fit360.ee_.jpg","contentUrl":"https:\/\/fit360.ee\/wp-content\/uploads\/2023\/01\/critical-whey-fit360.ee_.jpg","width":1500,"height":1500,"caption":"critical whey - fit360.ee"},{"@type":"BreadcrumbList","@id":"https:\/\/fit360.ee\/en\/pood\/product-groups\/protein-poweders-en\/whey-protein-en\/critical-whey\/#breadcrumb","itemListElement":[{"@type":"ListItem","position":1,"name":"Home","item":"https:\/\/fit360.ee\/en\/"},{"@type":"ListItem","position":2,"name":"Shop","item":"https:\/\/fit360.ee\/en\/shop\/"},{"@type":"ListItem","position":3,"name":"Applied Nutrition Critical Whey (2000g)"}]},{"@type":"WebSite","@id":"https:\/\/fit360.ee\/en\/#website","url":"https:\/\/fit360.ee\/en\/","name":"Fit360","description":"","publisher":{"@id":"https:\/\/fit360.ee\/en\/#organization"},"potentialAction":[{"@type":"SearchAction","target":{"@type":"EntryPoint","urlTemplate":"https:\/\/fit360.ee\/en\/?s={search_term_string}"},"query-input":{"@type":"PropertyValueSpecification","valueRequired":true,"valueName":"search_term_string"}}],"inLanguage":"en-US"},{"@type":"Organization","@id":"https:\/\/fit360.ee\/en\/#organization","name":"Fit360","url":"https:\/\/fit360.ee\/en\/","logo":{"@type":"ImageObject","inLanguage":"en-US","@id":"https:\/\/fit360.ee\/en\/#\/schema\/logo\/image\/","url":"https:\/\/fit360.ee\/wp-content\/uploads\/2017\/01\/logo-fit360.png","contentUrl":"https:\/\/fit360.ee\/wp-content\/uploads\/2017\/01\/logo-fit360.png","width":180,"height":66,"caption":"Fit360"},"image":{"@id":"https:\/\/fit360.ee\/en\/#\/schema\/logo\/image\/"}}]}},"_links":{"self":[{"href":"https:\/\/fit360.ee\/en\/wp-json\/wp\/v2\/product\/67842","targetHints":{"allow":["GET"]}}],"collection":[{"href":"https:\/\/fit360.ee\/en\/wp-json\/wp\/v2\/product"}],"about":[{"href":"https:\/\/fit360.ee\/en\/wp-json\/wp\/v2\/types\/product"}],"replies":[{"embeddable":true,"href":"https:\/\/fit360.ee\/en\/wp-json\/wp\/v2\/comments?post=67842"}],"wp:featuredmedia":[{"embeddable":true,"href":"https:\/\/fit360.ee\/en\/wp-json\/wp\/v2\/media\/67838"}],"wp:attachment":[{"href":"https:\/\/fit360.ee\/en\/wp-json\/wp\/v2\/media?parent=67842"}],"wp:term":[{"taxonomy":"product_brand","embeddable":true,"href":"https:\/\/fit360.ee\/en\/wp-json\/wp\/v2\/product_brand?post=67842"},{"taxonomy":"product_cat","embeddable":true,"href":"https:\/\/fit360.ee\/en\/wp-json\/wp\/v2\/product_cat?post=67842"},{"taxonomy":"product_tag","embeddable":true,"href":"https:\/\/fit360.ee\/en\/wp-json\/wp\/v2\/product_tag?post=67842"},{"taxonomy":"giftcard-category","embeddable":true,"href":"https:\/\/fit360.ee\/en\/wp-json\/wp\/v2\/giftcard-category?post=67842"}],"curies":[{"name":"wp","href":"https:\/\/api.w.org\/{rel}","templated":true}]}}