{"id":67941,"date":"2023-02-01T14:18:53","date_gmt":"2023-02-01T12:18:53","guid":{"rendered":"https:\/\/fit360.ee\/pood\/uncategorized\/original-mesh-pants\/"},"modified":"2026-03-16T18:24:21","modified_gmt":"2026-03-16T16:24:21","slug":"original-mesh-pants","status":"publish","type":"product","link":"https:\/\/fit360.ee\/en\/pood\/training-equipment-en\/fitness-clothing-en\/original-mesh-pants\/","title":{"rendered":"GASP Original Mesh Pants"},"content":{"rendered":"<h2><strong>Original Mesh Pants<\/strong><\/h2>\n<p>Original Mesh Pants on GASP-i sortimendis olnud p\u00f5hiliselt ja aastast aastasse on need \u00fcks meie populaarsemaid tooteid. Uskuge meid, see pole lihtsalt juhus.\u00a0Meie v\u00f5rkp\u00fcksid on hoolikalt disainitud ja p\u00f5hjalikult testitud nimede j\u00e4rgi, mis on GASP s\u00fcnon\u00fc\u00fcmid.\u00a0Need v\u00f5rkp\u00fcksid peavad kindlasti vastu k\u00f5igele, mida saate neile visata.\u00a0Kui te pole kunagi proovinud GASP v\u00f5rgust p\u00fckse, siis kindlasti soovitame.<\/p>\n<p><strong>Sobivus:<\/strong>\u00a0tavaline<\/p>\n<p><strong>Materjal:<\/strong>\u00a0painduv ja hingav linnusilm, 100% pol\u00fcester<\/p>\n<p><strong>Suurused<\/strong>: S-XXL<\/p>\n<p><strong>Suuruse juhend<\/strong><\/p>\n<p><strong>Sise\u00f5mblus:<\/strong><br \/>\nS = 75 M = 77 cm L = 79 cm XL = 81 cm XXL = 83 cm<br \/>\nS = 29,5&#8243; M = 30&#8243; L = 31&#8243; XL = 32&#8243; XXL = 32,5&#8243;<\/p>\n<p><strong>NB!\u00a0<\/strong>Soovid tellida teistsugust suurust v\u00f5i v\u00e4rvi? V\u00f5tame vastu\u00a0<strong>BETTER BODIES\u00a0<\/strong>ja\u00a0<strong>GASP<\/strong>\u00a0treeningr\u00f5ivaste tellimusi. Tellimine toimub 2 korda kuus. Soovi korral kirjuta:\u00a0<strong>info@fit360.ee<\/strong><\/p>\n<p><a href=\"https:\/\/fit360.ee\/wp-content\/uploads\/2023\/02\/original-mesh-pants-black-fit360.ee_-800x800.jpg\"><img loading=\"lazy\" decoding=\"async\" class=\"size-medium wp-image-67928\" src=\"https:\/\/fit360.ee\/wp-content\/uploads\/2023\/02\/original-mesh-pants-black-fit360.ee_-800x800.jpg\" alt=\"original mesh pants black - fit360.ee\" width=\"800\" height=\"800\" srcset=\"https:\/\/fit360.ee\/wp-content\/uploads\/2023\/02\/original-mesh-pants-black-fit360.ee_-800x800.jpg 800w, https:\/\/fit360.ee\/wp-content\/uploads\/2023\/02\/original-mesh-pants-black-fit360.ee_-247x247.jpg 247w, https:\/\/fit360.ee\/wp-content\/uploads\/2023\/02\/original-mesh-pants-black-fit360.ee_-100x100.jpg 100w, https:\/\/fit360.ee\/wp-content\/uploads\/2023\/02\/original-mesh-pants-black-fit360.ee_-510x510.jpg 510w, https:\/\/fit360.ee\/wp-content\/uploads\/2023\/02\/original-mesh-pants-black-fit360.ee_-340x340.jpg 340w, https:\/\/fit360.ee\/wp-content\/uploads\/2023\/02\/original-mesh-pants-black-fit360.ee_-768x768.jpg 768w, https:\/\/fit360.ee\/wp-content\/uploads\/2023\/02\/original-mesh-pants-black-fit360.ee_.jpg 1000w\" sizes=\"auto, (max-width: 800px) 100vw, 800px\" \/><\/a><\/p>\n<p><a href=\"https:\/\/fit360.ee\/wp-content\/uploads\/2023\/02\/original-mesh-pants-camo-gasp-fit360.ee_-800x800.jpg\"><img loading=\"lazy\" decoding=\"async\" class=\"size-medium wp-image-67930\" src=\"https:\/\/fit360.ee\/wp-content\/uploads\/2023\/02\/original-mesh-pants-camo-gasp-fit360.ee_-800x800.jpg\" alt=\"original mesh pants camo gasp - fit360.ee\" width=\"800\" height=\"800\" srcset=\"https:\/\/fit360.ee\/wp-content\/uploads\/2023\/02\/original-mesh-pants-camo-gasp-fit360.ee_-800x800.jpg 800w, https:\/\/fit360.ee\/wp-content\/uploads\/2023\/02\/original-mesh-pants-camo-gasp-fit360.ee_-247x247.jpg 247w, https:\/\/fit360.ee\/wp-content\/uploads\/2023\/02\/original-mesh-pants-camo-gasp-fit360.ee_-100x100.jpg 100w, https:\/\/fit360.ee\/wp-content\/uploads\/2023\/02\/original-mesh-pants-camo-gasp-fit360.ee_-510x510.jpg 510w, https:\/\/fit360.ee\/wp-content\/uploads\/2023\/02\/original-mesh-pants-camo-gasp-fit360.ee_-340x340.jpg 340w, https:\/\/fit360.ee\/wp-content\/uploads\/2023\/02\/original-mesh-pants-camo-gasp-fit360.ee_-768x768.jpg 768w, https:\/\/fit360.ee\/wp-content\/uploads\/2023\/02\/original-mesh-pants-camo-gasp-fit360.ee_.jpg 1000w\" sizes=\"auto, (max-width: 800px) 100vw, 800px\" \/><\/a><\/p>\n<p><a href=\"https:\/\/fit360.ee\/wp-content\/uploads\/2023\/02\/original-mesh-pants-camo-fit360.ee_-800x800.jpg\"><img loading=\"lazy\" decoding=\"async\" class=\"size-medium wp-image-67932\" src=\"https:\/\/fit360.ee\/wp-content\/uploads\/2023\/02\/original-mesh-pants-camo-fit360.ee_-800x800.jpg\" alt=\"original mesh pants camo - fit360.ee\" width=\"800\" height=\"800\" srcset=\"https:\/\/fit360.ee\/wp-content\/uploads\/2023\/02\/original-mesh-pants-camo-fit360.ee_-800x800.jpg 800w, https:\/\/fit360.ee\/wp-content\/uploads\/2023\/02\/original-mesh-pants-camo-fit360.ee_-247x247.jpg 247w, https:\/\/fit360.ee\/wp-content\/uploads\/2023\/02\/original-mesh-pants-camo-fit360.ee_-100x100.jpg 100w, https:\/\/fit360.ee\/wp-content\/uploads\/2023\/02\/original-mesh-pants-camo-fit360.ee_-510x510.jpg 510w, https:\/\/fit360.ee\/wp-content\/uploads\/2023\/02\/original-mesh-pants-camo-fit360.ee_-340x340.jpg 340w, https:\/\/fit360.ee\/wp-content\/uploads\/2023\/02\/original-mesh-pants-camo-fit360.ee_-768x768.jpg 768w, https:\/\/fit360.ee\/wp-content\/uploads\/2023\/02\/original-mesh-pants-camo-fit360.ee_.jpg 1000w\" sizes=\"auto, (max-width: 800px) 100vw, 800px\" \/><\/a><\/p>\n<p><a href=\"https:\/\/fit360.ee\/wp-content\/uploads\/2023\/02\/orginal-mesh-pants-tactical-camo-fit360.ee_-800x800.jpg\"><img loading=\"lazy\" decoding=\"async\" class=\"size-medium wp-image-67934\" src=\"https:\/\/fit360.ee\/wp-content\/uploads\/2023\/02\/orginal-mesh-pants-tactical-camo-fit360.ee_-800x800.jpg\" alt=\"orginal mesh pants tactical camo - fit360.ee\" width=\"800\" height=\"800\" srcset=\"https:\/\/fit360.ee\/wp-content\/uploads\/2023\/02\/orginal-mesh-pants-tactical-camo-fit360.ee_-800x800.jpg 800w, https:\/\/fit360.ee\/wp-content\/uploads\/2023\/02\/orginal-mesh-pants-tactical-camo-fit360.ee_-247x247.jpg 247w, https:\/\/fit360.ee\/wp-content\/uploads\/2023\/02\/orginal-mesh-pants-tactical-camo-fit360.ee_-100x100.jpg 100w, https:\/\/fit360.ee\/wp-content\/uploads\/2023\/02\/orginal-mesh-pants-tactical-camo-fit360.ee_-510x510.jpg 510w, https:\/\/fit360.ee\/wp-content\/uploads\/2023\/02\/orginal-mesh-pants-tactical-camo-fit360.ee_-340x340.jpg 340w, https:\/\/fit360.ee\/wp-content\/uploads\/2023\/02\/orginal-mesh-pants-tactical-camo-fit360.ee_-768x768.jpg 768w, https:\/\/fit360.ee\/wp-content\/uploads\/2023\/02\/orginal-mesh-pants-tactical-camo-fit360.ee_.jpg 1000w\" sizes=\"auto, (max-width: 800px) 100vw, 800px\" \/><\/a><\/p>\n<p><a href=\"https:\/\/fit360.ee\/wp-content\/uploads\/2023\/02\/original-mesh-pants-black-gasp-fit360.ee_-800x800.jpg\"><img loading=\"lazy\" decoding=\"async\" class=\"size-medium wp-image-67936\" src=\"https:\/\/fit360.ee\/wp-content\/uploads\/2023\/02\/original-mesh-pants-black-gasp-fit360.ee_-800x800.jpg\" alt=\"original mesh pants black gasp - fit360.ee\" width=\"800\" height=\"800\" srcset=\"https:\/\/fit360.ee\/wp-content\/uploads\/2023\/02\/original-mesh-pants-black-gasp-fit360.ee_-800x800.jpg 800w, https:\/\/fit360.ee\/wp-content\/uploads\/2023\/02\/original-mesh-pants-black-gasp-fit360.ee_-247x247.jpg 247w, https:\/\/fit360.ee\/wp-content\/uploads\/2023\/02\/original-mesh-pants-black-gasp-fit360.ee_-100x100.jpg 100w, https:\/\/fit360.ee\/wp-content\/uploads\/2023\/02\/original-mesh-pants-black-gasp-fit360.ee_-510x510.jpg 510w, https:\/\/fit360.ee\/wp-content\/uploads\/2023\/02\/original-mesh-pants-black-gasp-fit360.ee_-340x340.jpg 340w, https:\/\/fit360.ee\/wp-content\/uploads\/2023\/02\/original-mesh-pants-black-gasp-fit360.ee_-768x768.jpg 768w, https:\/\/fit360.ee\/wp-content\/uploads\/2023\/02\/original-mesh-pants-black-gasp-fit360.ee_.jpg 1000w\" sizes=\"auto, (max-width: 800px) 100vw, 800px\" \/><\/a><\/p>\n<p><a href=\"https:\/\/fit360.ee\/wp-content\/uploads\/2023\/02\/original-mehs-pants-must-fit360.ee_-800x800.jpg\"><img loading=\"lazy\" decoding=\"async\" class=\"size-medium wp-image-67938\" src=\"https:\/\/fit360.ee\/wp-content\/uploads\/2023\/02\/original-mehs-pants-must-fit360.ee_-800x800.jpg\" alt=\"original mehs pants must - fit360.ee\" width=\"800\" height=\"800\" srcset=\"https:\/\/fit360.ee\/wp-content\/uploads\/2023\/02\/original-mehs-pants-must-fit360.ee_-800x800.jpg 800w, https:\/\/fit360.ee\/wp-content\/uploads\/2023\/02\/original-mehs-pants-must-fit360.ee_-247x247.jpg 247w, https:\/\/fit360.ee\/wp-content\/uploads\/2023\/02\/original-mehs-pants-must-fit360.ee_-100x100.jpg 100w, https:\/\/fit360.ee\/wp-content\/uploads\/2023\/02\/original-mehs-pants-must-fit360.ee_-510x510.jpg 510w, https:\/\/fit360.ee\/wp-content\/uploads\/2023\/02\/original-mehs-pants-must-fit360.ee_-340x340.jpg 340w, https:\/\/fit360.ee\/wp-content\/uploads\/2023\/02\/original-mehs-pants-must-fit360.ee_-768x768.jpg 768w, https:\/\/fit360.ee\/wp-content\/uploads\/2023\/02\/original-mehs-pants-must-fit360.ee_.jpg 1000w\" sizes=\"auto, (max-width: 800px) 100vw, 800px\" \/><\/a><\/p>\n","protected":false},"excerpt":{"rendered":"<p>Original Mesh Pants on GASP-i sortimendis olnud p\u00f5hiliselt ja aastast aastasse on need \u00fcks meie populaarsemaid tooteid. Uskuge meid, see pole lihtsalt juhus.\u00a0Meie v\u00f5rkp\u00fcksid on hoolikalt disainitud ja p\u00f5hjalikult testitud nimede j\u00e4rgi, mis on GASP s\u00fcnon\u00fc\u00fcmid.\u00a0Need v\u00f5rkp\u00fcksid peavad kindlasti vastu k\u00f5igele, mida saate neile visata.\u00a0Kui te pole kunagi proovinud GASP v\u00f5rgust p\u00fckse, siis kindlasti soovitame.<\/p>\n<p><strong>Sobivus:<\/strong>\u00a0tavaline<\/p>\n<p><strong>Materjal:<\/strong>\u00a0painduv ja hingav linnusilm, 100% pol\u00fcester<\/p>\n<p><strong>Suurused<\/strong>: S-XXL<\/p>\n","protected":false},"featured_media":67929,"comment_status":"closed","ping_status":"closed","template":"","meta":[],"product_brand":[],"product_cat":[547],"product_tag":[],"giftcard-category":[],"class_list":{"0":"post-67941","1":"product","2":"type-product","3":"status-publish","4":"has-post-thumbnail","6":"product_cat-fitness-clothing-en","7":"pa_suurus-l","8":"pa_suurus-m","9":"pa_suurus-s","10":"pa_suurus-xl","11":"pa_suurus-xxl","12":"pa_varvus-black","13":"pa_varvus-gray","14":"pa_varvus-tactical-camo-en","16":"first","17":"instock","18":"sale","19":"taxable","20":"shipping-taxable","21":"purchasable","22":"product-type-variable"},"yoast_head":"<!-- This site is optimized with the Yoast SEO plugin v27.3 - https:\/\/yoast.com\/product\/yoast-seo-wordpress\/ -->\n<title>GASP Original Mesh Pants - Kiire Tarne - Parim kvaliteet Fit360<\/title>\n<meta name=\"description\" content=\"Original Mesh Original Mesh Pants on GASP-i sortimendis olnud p\u00f5hiliselt ja aastast aastasse on need \u00fcks meie populaarsemaid tooteid. Uskuge meid, see ...\" \/>\n<meta name=\"robots\" content=\"index, follow, max-snippet:-1, max-image-preview:large, max-video-preview:-1\" \/>\n<link rel=\"canonical\" href=\"https:\/\/fit360.ee\/en\/pood\/training-equipment-en\/fitness-clothing-en\/original-mesh-pants\/\" \/>\n<meta property=\"og:locale\" content=\"en_US\" \/>\n<meta property=\"og:type\" content=\"article\" \/>\n<meta property=\"og:title\" content=\"GASP Original Mesh Pants - Kiire Tarne - Parim kvaliteet Fit360\" \/>\n<meta property=\"og:description\" content=\"Original Mesh Original Mesh Pants on GASP-i sortimendis olnud p\u00f5hiliselt ja aastast aastasse on need \u00fcks meie populaarsemaid tooteid. Uskuge meid, see ...\" \/>\n<meta property=\"og:url\" content=\"https:\/\/fit360.ee\/en\/pood\/training-equipment-en\/fitness-clothing-en\/original-mesh-pants\/\" \/>\n<meta property=\"og:site_name\" content=\"Fit360\" \/>\n<meta property=\"article:modified_time\" content=\"2026-03-16T16:24:21+00:00\" \/>\n<meta property=\"og:image\" content=\"https:\/\/fit360.ee\/wp-content\/uploads\/2023\/02\/original-mesh-pants-black-fit360.ee_.jpg\" \/>\n\t<meta property=\"og:image:width\" content=\"1000\" \/>\n\t<meta property=\"og:image:height\" content=\"1000\" \/>\n\t<meta property=\"og:image:type\" content=\"image\/jpeg\" \/>\n<meta name=\"twitter:card\" content=\"summary_large_image\" \/>\n<meta name=\"twitter:label1\" content=\"Est. reading time\" \/>\n\t<meta name=\"twitter:data1\" content=\"2 minutes\" \/>\n<script type=\"application\/ld+json\" class=\"yoast-schema-graph\">{\"@context\":\"https:\\\/\\\/schema.org\",\"@graph\":[{\"@type\":\"WebPage\",\"@id\":\"https:\\\/\\\/fit360.ee\\\/en\\\/pood\\\/training-equipment-en\\\/fitness-clothing-en\\\/original-mesh-pants\\\/\",\"url\":\"https:\\\/\\\/fit360.ee\\\/en\\\/pood\\\/training-equipment-en\\\/fitness-clothing-en\\\/original-mesh-pants\\\/\",\"name\":\"GASP Original Mesh Pants - Kiire Tarne - Parim kvaliteet Fit360\",\"isPartOf\":{\"@id\":\"https:\\\/\\\/fit360.ee\\\/en\\\/#website\"},\"primaryImageOfPage\":{\"@id\":\"https:\\\/\\\/fit360.ee\\\/en\\\/pood\\\/training-equipment-en\\\/fitness-clothing-en\\\/original-mesh-pants\\\/#primaryimage\"},\"image\":{\"@id\":\"https:\\\/\\\/fit360.ee\\\/en\\\/pood\\\/training-equipment-en\\\/fitness-clothing-en\\\/original-mesh-pants\\\/#primaryimage\"},\"thumbnailUrl\":\"https:\\\/\\\/fit360.ee\\\/wp-content\\\/uploads\\\/2023\\\/02\\\/original-mesh-pants-black-fit360.ee_.jpg\",\"datePublished\":\"2023-02-01T12:18:53+00:00\",\"dateModified\":\"2026-03-16T16:24:21+00:00\",\"description\":\"Original Mesh Original Mesh Pants on GASP-i sortimendis olnud p\u00f5hiliselt ja aastast aastasse on need \u00fcks meie populaarsemaid tooteid. Uskuge meid, see ...\",\"breadcrumb\":{\"@id\":\"https:\\\/\\\/fit360.ee\\\/en\\\/pood\\\/training-equipment-en\\\/fitness-clothing-en\\\/original-mesh-pants\\\/#breadcrumb\"},\"inLanguage\":\"en-US\",\"potentialAction\":[{\"@type\":\"ReadAction\",\"target\":[\"https:\\\/\\\/fit360.ee\\\/en\\\/pood\\\/training-equipment-en\\\/fitness-clothing-en\\\/original-mesh-pants\\\/\"]}]},{\"@type\":\"ImageObject\",\"inLanguage\":\"en-US\",\"@id\":\"https:\\\/\\\/fit360.ee\\\/en\\\/pood\\\/training-equipment-en\\\/fitness-clothing-en\\\/original-mesh-pants\\\/#primaryimage\",\"url\":\"https:\\\/\\\/fit360.ee\\\/wp-content\\\/uploads\\\/2023\\\/02\\\/original-mesh-pants-black-fit360.ee_.jpg\",\"contentUrl\":\"https:\\\/\\\/fit360.ee\\\/wp-content\\\/uploads\\\/2023\\\/02\\\/original-mesh-pants-black-fit360.ee_.jpg\",\"width\":1000,\"height\":1000,\"caption\":\"original mesh pants black - fit360.ee\"},{\"@type\":\"BreadcrumbList\",\"@id\":\"https:\\\/\\\/fit360.ee\\\/en\\\/pood\\\/training-equipment-en\\\/fitness-clothing-en\\\/original-mesh-pants\\\/#breadcrumb\",\"itemListElement\":[{\"@type\":\"ListItem\",\"position\":1,\"name\":\"Home\",\"item\":\"https:\\\/\\\/fit360.ee\\\/en\\\/\"},{\"@type\":\"ListItem\",\"position\":2,\"name\":\"Shop\",\"item\":\"https:\\\/\\\/fit360.ee\\\/en\\\/shop\\\/\"},{\"@type\":\"ListItem\",\"position\":3,\"name\":\"GASP Original Mesh Pants\"}]},{\"@type\":\"WebSite\",\"@id\":\"https:\\\/\\\/fit360.ee\\\/en\\\/#website\",\"url\":\"https:\\\/\\\/fit360.ee\\\/en\\\/\",\"name\":\"Fit360\",\"description\":\"\",\"publisher\":{\"@id\":\"https:\\\/\\\/fit360.ee\\\/en\\\/#organization\"},\"potentialAction\":[{\"@type\":\"SearchAction\",\"target\":{\"@type\":\"EntryPoint\",\"urlTemplate\":\"https:\\\/\\\/fit360.ee\\\/en\\\/?s={search_term_string}\"},\"query-input\":{\"@type\":\"PropertyValueSpecification\",\"valueRequired\":true,\"valueName\":\"search_term_string\"}}],\"inLanguage\":\"en-US\"},{\"@type\":\"Organization\",\"@id\":\"https:\\\/\\\/fit360.ee\\\/en\\\/#organization\",\"name\":\"Fit360\",\"url\":\"https:\\\/\\\/fit360.ee\\\/en\\\/\",\"logo\":{\"@type\":\"ImageObject\",\"inLanguage\":\"en-US\",\"@id\":\"https:\\\/\\\/fit360.ee\\\/en\\\/#\\\/schema\\\/logo\\\/image\\\/\",\"url\":\"https:\\\/\\\/fit360.ee\\\/wp-content\\\/uploads\\\/2017\\\/01\\\/logo-fit360.png\",\"contentUrl\":\"https:\\\/\\\/fit360.ee\\\/wp-content\\\/uploads\\\/2017\\\/01\\\/logo-fit360.png\",\"width\":180,\"height\":66,\"caption\":\"Fit360\"},\"image\":{\"@id\":\"https:\\\/\\\/fit360.ee\\\/en\\\/#\\\/schema\\\/logo\\\/image\\\/\"}}]}<\/script>\n<!-- \/ Yoast SEO plugin. -->","yoast_head_json":{"title":"GASP Original Mesh Pants - Kiire Tarne - Parim kvaliteet Fit360","description":"Original Mesh Original Mesh Pants on GASP-i sortimendis olnud p\u00f5hiliselt ja aastast aastasse on need \u00fcks meie populaarsemaid tooteid. Uskuge meid, see ...","robots":{"index":"index","follow":"follow","max-snippet":"max-snippet:-1","max-image-preview":"max-image-preview:large","max-video-preview":"max-video-preview:-1"},"canonical":"https:\/\/fit360.ee\/en\/pood\/training-equipment-en\/fitness-clothing-en\/original-mesh-pants\/","og_locale":"en_US","og_type":"article","og_title":"GASP Original Mesh Pants - Kiire Tarne - Parim kvaliteet Fit360","og_description":"Original Mesh Original Mesh Pants on GASP-i sortimendis olnud p\u00f5hiliselt ja aastast aastasse on need \u00fcks meie populaarsemaid tooteid. Uskuge meid, see ...","og_url":"https:\/\/fit360.ee\/en\/pood\/training-equipment-en\/fitness-clothing-en\/original-mesh-pants\/","og_site_name":"Fit360","article_modified_time":"2026-03-16T16:24:21+00:00","og_image":[{"width":1000,"height":1000,"url":"https:\/\/fit360.ee\/wp-content\/uploads\/2023\/02\/original-mesh-pants-black-fit360.ee_.jpg","type":"image\/jpeg"}],"twitter_card":"summary_large_image","twitter_misc":{"Est. reading time":"2 minutes"},"schema":{"@context":"https:\/\/schema.org","@graph":[{"@type":"WebPage","@id":"https:\/\/fit360.ee\/en\/pood\/training-equipment-en\/fitness-clothing-en\/original-mesh-pants\/","url":"https:\/\/fit360.ee\/en\/pood\/training-equipment-en\/fitness-clothing-en\/original-mesh-pants\/","name":"GASP Original Mesh Pants - Kiire Tarne - Parim kvaliteet Fit360","isPartOf":{"@id":"https:\/\/fit360.ee\/en\/#website"},"primaryImageOfPage":{"@id":"https:\/\/fit360.ee\/en\/pood\/training-equipment-en\/fitness-clothing-en\/original-mesh-pants\/#primaryimage"},"image":{"@id":"https:\/\/fit360.ee\/en\/pood\/training-equipment-en\/fitness-clothing-en\/original-mesh-pants\/#primaryimage"},"thumbnailUrl":"https:\/\/fit360.ee\/wp-content\/uploads\/2023\/02\/original-mesh-pants-black-fit360.ee_.jpg","datePublished":"2023-02-01T12:18:53+00:00","dateModified":"2026-03-16T16:24:21+00:00","description":"Original Mesh Original Mesh Pants on GASP-i sortimendis olnud p\u00f5hiliselt ja aastast aastasse on need \u00fcks meie populaarsemaid tooteid. Uskuge meid, see ...","breadcrumb":{"@id":"https:\/\/fit360.ee\/en\/pood\/training-equipment-en\/fitness-clothing-en\/original-mesh-pants\/#breadcrumb"},"inLanguage":"en-US","potentialAction":[{"@type":"ReadAction","target":["https:\/\/fit360.ee\/en\/pood\/training-equipment-en\/fitness-clothing-en\/original-mesh-pants\/"]}]},{"@type":"ImageObject","inLanguage":"en-US","@id":"https:\/\/fit360.ee\/en\/pood\/training-equipment-en\/fitness-clothing-en\/original-mesh-pants\/#primaryimage","url":"https:\/\/fit360.ee\/wp-content\/uploads\/2023\/02\/original-mesh-pants-black-fit360.ee_.jpg","contentUrl":"https:\/\/fit360.ee\/wp-content\/uploads\/2023\/02\/original-mesh-pants-black-fit360.ee_.jpg","width":1000,"height":1000,"caption":"original mesh pants black - fit360.ee"},{"@type":"BreadcrumbList","@id":"https:\/\/fit360.ee\/en\/pood\/training-equipment-en\/fitness-clothing-en\/original-mesh-pants\/#breadcrumb","itemListElement":[{"@type":"ListItem","position":1,"name":"Home","item":"https:\/\/fit360.ee\/en\/"},{"@type":"ListItem","position":2,"name":"Shop","item":"https:\/\/fit360.ee\/en\/shop\/"},{"@type":"ListItem","position":3,"name":"GASP Original Mesh Pants"}]},{"@type":"WebSite","@id":"https:\/\/fit360.ee\/en\/#website","url":"https:\/\/fit360.ee\/en\/","name":"Fit360","description":"","publisher":{"@id":"https:\/\/fit360.ee\/en\/#organization"},"potentialAction":[{"@type":"SearchAction","target":{"@type":"EntryPoint","urlTemplate":"https:\/\/fit360.ee\/en\/?s={search_term_string}"},"query-input":{"@type":"PropertyValueSpecification","valueRequired":true,"valueName":"search_term_string"}}],"inLanguage":"en-US"},{"@type":"Organization","@id":"https:\/\/fit360.ee\/en\/#organization","name":"Fit360","url":"https:\/\/fit360.ee\/en\/","logo":{"@type":"ImageObject","inLanguage":"en-US","@id":"https:\/\/fit360.ee\/en\/#\/schema\/logo\/image\/","url":"https:\/\/fit360.ee\/wp-content\/uploads\/2017\/01\/logo-fit360.png","contentUrl":"https:\/\/fit360.ee\/wp-content\/uploads\/2017\/01\/logo-fit360.png","width":180,"height":66,"caption":"Fit360"},"image":{"@id":"https:\/\/fit360.ee\/en\/#\/schema\/logo\/image\/"}}]}},"_links":{"self":[{"href":"https:\/\/fit360.ee\/en\/wp-json\/wp\/v2\/product\/67941","targetHints":{"allow":["GET"]}}],"collection":[{"href":"https:\/\/fit360.ee\/en\/wp-json\/wp\/v2\/product"}],"about":[{"href":"https:\/\/fit360.ee\/en\/wp-json\/wp\/v2\/types\/product"}],"replies":[{"embeddable":true,"href":"https:\/\/fit360.ee\/en\/wp-json\/wp\/v2\/comments?post=67941"}],"wp:featuredmedia":[{"embeddable":true,"href":"https:\/\/fit360.ee\/en\/wp-json\/wp\/v2\/media\/67929"}],"wp:attachment":[{"href":"https:\/\/fit360.ee\/en\/wp-json\/wp\/v2\/media?parent=67941"}],"wp:term":[{"taxonomy":"product_brand","embeddable":true,"href":"https:\/\/fit360.ee\/en\/wp-json\/wp\/v2\/product_brand?post=67941"},{"taxonomy":"product_cat","embeddable":true,"href":"https:\/\/fit360.ee\/en\/wp-json\/wp\/v2\/product_cat?post=67941"},{"taxonomy":"product_tag","embeddable":true,"href":"https:\/\/fit360.ee\/en\/wp-json\/wp\/v2\/product_tag?post=67941"},{"taxonomy":"giftcard-category","embeddable":true,"href":"https:\/\/fit360.ee\/en\/wp-json\/wp\/v2\/giftcard-category?post=67941"}],"curies":[{"name":"wp","href":"https:\/\/api.w.org\/{rel}","templated":true}]}}