{"id":68017,"date":"2023-02-03T16:56:49","date_gmt":"2023-02-03T14:56:49","guid":{"rendered":"https:\/\/fit360.ee\/pood\/uncategorized\/eaa-1150mg\/"},"modified":"2025-09-12T19:08:12","modified_gmt":"2025-09-12T17:08:12","slug":"eaa-1150mg","status":"publish","type":"product","link":"https:\/\/fit360.ee\/en\/pood\/product-groups\/amino-acids-bcaa\/bcaa-en\/eaa-1150mg\/","title":{"rendered":"EAA 1150mg (150caps)"},"content":{"rendered":"<h2><strong>EAA<\/strong><\/h2>\n<p>OstroVit EAA 1150 mg &#8211; on eksogeensete ja endogeensete aminohapete kompleks.\u00a0EAA aminohapete p\u00f5hi\u00fclesanne on kaitsta lihaseid katabolismi eest ja parandada nende taastumist p\u00e4rast treeningut.\u00a0Meie toode sisaldab BCAA aminohappeid (L-leutsiin, L-valiin, L-isoleutsiin), L-l\u00fcsiini, L-treoniini, L-fen\u00fc\u00fclalaniini, L-metioniini, L-arginiini, L-histidiini, L-tr\u00fcptofaani.<\/p>\n<p><a href=\"https:\/\/fit360.ee\/wp-content\/uploads\/2023\/02\/eaa-essential-amino-acids-ostrovit-fit360.ee-1-800x312.jpg\"><img loading=\"lazy\" decoding=\"async\" class=\"size-medium wp-image-68013\" src=\"https:\/\/fit360.ee\/wp-content\/uploads\/2023\/02\/eaa-essential-amino-acids-ostrovit-fit360.ee-1-800x312.jpg\" alt=\"eaa essential amino acids ostrovit - fit360.ee\" width=\"800\" height=\"312\" srcset=\"https:\/\/fit360.ee\/wp-content\/uploads\/2023\/02\/eaa-essential-amino-acids-ostrovit-fit360.ee-1-800x312.jpg 800w, https:\/\/fit360.ee\/wp-content\/uploads\/2023\/02\/eaa-essential-amino-acids-ostrovit-fit360.ee-1-510x199.jpg 510w, https:\/\/fit360.ee\/wp-content\/uploads\/2023\/02\/eaa-essential-amino-acids-ostrovit-fit360.ee-1-768x300.jpg 768w, https:\/\/fit360.ee\/wp-content\/uploads\/2023\/02\/eaa-essential-amino-acids-ostrovit-fit360.ee-1.jpg 922w\" sizes=\"auto, (max-width: 800px) 100vw, 800px\" \/><\/a><\/p>\n<ul class=\"cm__list\">\n<li>Toode koosneb ainult aktiivsetest koostisosadest (aminohapped)<\/li>\n<li>Laboratoorselt testitud tooraine<\/li>\n<li>30 portsjonit pakendis<\/li>\n<li>Olulised eksogeensed aminohapped<\/li>\n<li><strong>Supreme Capsule<\/strong>\u00a0tootesari<\/li>\n<li>Koguni 10 t\u00fc\u00fcpi aminohappeid \u00fches portsjonis!<\/li>\n<\/ul>\n<h4 class=\"cm__heading\"><strong>EAA &#8211; Asendamatud Amnohapped<\/strong><\/h4>\n<p class=\"cm__text\">Asendamatute aminohapetega EAA on r\u00fchm orgaanilisi keemilisi \u00fchendeid (aminohappeid), mis on peptiidide ja valkude ehitamise p\u00f5hilised &#8220;m\u00f5istatused&#8221;.\u00a0Kahjuks ei ole meie keha v\u00f5imeline neid ise s\u00fcnteesima (tootma), mist\u00f5ttu on nii oluline tagada neile \u00f5ige toitumine v\u00f5i toidulisandite abil.\u00a0Kompositsioon sisaldab BCAA kompleksi ehk kolme pika ahelaga aminohapet: leutsiin, valiin ja isoleutsiin, aga ka \u00fchendeid nagu l\u00fcsiin, treoniin, fen\u00fc\u00fclalaniin, metioniin, arginiin, histidiin ja tr\u00fcptofaan.\u00a0OstroVit Supreme Capsules EAA 1150 kompleks t\u00e4nu\u00a0<a href=\"https:\/\/fit360.ee\/en\/product-category\/product-groups\/amino-acids-bcaa\/\">aminohapetele <\/a>valgulisandid toetavad meie lihasrakkude regeneratsiooni ja anaboolseid protsesse.\u00a0Toidulisandi komponendid aitavad toetada ja osaleda vahetult mitmetes organismi eluprotsessides, toetades immuun-, n\u00e4rvi- ja seedes\u00fcsteemi.<\/p>\n<h4 class=\"cm__heading\"><strong>OstroVit EAA koostisainete omadused<\/strong>:<\/h4>\n<ul class=\"cm__list\">\n<li>T\u00e4iendab dieeti asendamatute eksogeensete aminohapetega<\/li>\n<li>Kiirendab lihaste taastumisprotsesse<\/li>\n<li>See v\u00f5ib toetada anaboolseid protsesse lihasrakkudes<\/li>\n<li>See hoiab \u00e4ra lihaste katabolismi<\/li>\n<li>See toetab keskn\u00e4rvis\u00fcsteemi \u2013 keskn\u00e4rvi- ja seedes\u00fcsteemi \u2013 talitlust<\/li>\n<li>EAA-d on immuuns\u00fcsteemi n\u00f5uetekohaseks toimimiseks asendamatud aminohapped<\/li>\n<li>See parandab keha energiaprotsesse<\/li>\n<li>Toetab lihaste valkude s\u00fcnteesi<\/li>\n<\/ul>\n<p><strong>Koostisosad<\/strong>: BCAA hargnenud aminohapped (L-leutsiin, L-valiin, L-isoleutsiin), kapsli kest (\u017eelatiin, puhastatud vesi), L-l\u00fcsiinvesinikkloriid, L-treoniin, L-fen\u00fc\u00fclalaniin, L-metioniin, L-arginiin, L- histidiin, L-tr\u00fcptofaan.<\/p>\n<p>Toode v\u00f5ib sisaldada piima (sh laktoosi), soja, maap\u00e4hkleid, muid p\u00e4hkleid, seesamiseemneid, kaera, mune, karpe, kala.<\/p>\n<p><strong>Kasutamine<\/strong>: 1 portsjon: 5 kapslit.\u00a0Tarbi \u00fcks portsjon p\u00e4evas p\u00e4rast \u00e4rkamist v\u00f5i p\u00e4rast treeningut.<\/p>\n<p><strong>Suurus<\/strong>: 150 kapslit.<\/p>\n<section class=\"projector__description--nutritional row\" data-selector=\".--nutritional\">\n<div class=\"col-12 col-md-10 col-lg-8\">\n<div class=\"--nutrit\">\n<div class=\"nutrition_table_wrapper\">\n<div class=\"table_wrapper\">\n<table>\n<tbody>\n<tr>\n<th>Aktiivsed koostisosad<\/th>\n<th>Portsjoni kohta<\/th>\n<\/tr>\n<tr>\n<td>L-leutsiin<\/td>\n<td>1725 mg<\/td>\n<\/tr>\n<tr>\n<td>L-isoleutsiin<\/td>\n<td>862,5 mg<\/td>\n<\/tr>\n<tr>\n<td>L-valiin<\/td>\n<td>862,5 mg<\/td>\n<\/tr>\n<tr>\n<td>L-l\u00fcsiin HCL<\/td>\n<td>776,25 mg<\/td>\n<\/tr>\n<tr>\n<td>L-treoniin<\/td>\n<td>402,5 mg<\/td>\n<\/tr>\n<tr>\n<td>L-fen\u00fc\u00fclalaniin<\/td>\n<td>402,5 mg<\/td>\n<\/tr>\n<tr>\n<td>L-metioniin<\/td>\n<td>258,75 mg<\/td>\n<\/tr>\n<tr>\n<td>L-arginiin<\/td>\n<td>230 mg<\/td>\n<\/tr>\n<tr>\n<td>L-histidiin<\/td>\n<td>172,5 mg<\/td>\n<\/tr>\n<tr>\n<td>L-tr\u00fcptofaan<\/td>\n<td>57,5 mg<\/td>\n<\/tr>\n<\/tbody>\n<\/table>\n<\/div>\n<\/div>\n<\/div>\n<\/div>\n<\/section>\n<div class=\"--label col-12\"><\/div>\n<div>Vaata ka meie Teisi Aminoappeid <a href=\"https:\/\/fit360.ee\/en\/product-category\/product-groups\/amino-acids-bcaa\/\"><strong>SIIT<\/strong><\/a> v\u00f5i Asendamatuid Aminohappeid <a href=\"https:\/\/fit360.ee\/en\/product-category\/product-groups\/amino-acids-bcaa\/essential-amino-acids-eaa-en\/\"><strong>SIIT<\/strong><\/a>!<\/div>\n<div><\/div>\n<div>Soovid teha suuremat tellimust? Vaata antud toodet meie HULGI lehelt\u00a0<a href=\"https:\/\/toidulisandidhulgi.ee\/product\/eaa-1150mg\/\"><strong>SIIT<\/strong><\/a>!<\/div>\n","protected":false},"excerpt":{"rendered":"<ul class=\"cm__list\">\n<li>T\u00e4iendab dieeti asendamatute eksogeensete aminohapetega<\/li>\n<li>Kiirendab lihaste taastumisprotsesse<\/li>\n<li>See v\u00f5ib toetada anaboolseid protsesse lihasrakkudes<\/li>\n<li>See hoiab \u00e4ra lihaste katabolismi<\/li>\n<li>See toetab keskn\u00e4rvis\u00fcsteemi \u2013 keskn\u00e4rvi- ja seedes\u00fcsteemi \u2013 talitlust<\/li>\n<li>EAA-d on immuuns\u00fcsteemi n\u00f5uetekohaseks toimimiseks asendamatud aminohapped<\/li>\n<li>See parandab keha energiaprotsesse<\/li>\n<li>Toetab lihaste valkude s\u00fcnteesi<\/li>\n<\/ul>\n","protected":false},"featured_media":76666,"comment_status":"closed","ping_status":"closed","template":"","meta":[],"product_brand":[],"product_cat":[520,2299,2331,1329],"product_tag":[1816,1817,1818,1924],"giftcard-category":[],"class_list":{"0":"post-68017","1":"product","2":"type-product","3":"status-publish","4":"has-post-thumbnail","6":"product_cat-amino-acids-bcaa","7":"product_cat-bcaa-en","8":"product_cat-essential-amino-acids-eaa-en","9":"product_cat-ostrovit-en","10":"product_tag-asendamatud-aminohapped-en","11":"product_tag-eaa-en","12":"product_tag-essential-amino-acids-en","13":"product_tag-ostrovit-en","14":"pa_kogus-150-capsules","15":"pa_toidulisand-branddd-ostrovit","16":"pa_tootegruppp-amino-acidsbcaa","17":"pa_tootegruppp-asendamatud-aminohapped-eaa-en","18":"pa_tootegruppp-bcaa-en","20":"first","21":"instock","22":"sale","23":"taxable","24":"shipping-taxable","25":"purchasable","26":"product-type-simple"},"yoast_head":"<!-- This site is optimized with the Yoast SEO plugin v27.3 - https:\/\/yoast.com\/product\/yoast-seo-wordpress\/ -->\n<title>EAA 1150mg (150caps) - Asendamatud Aminohapped - Fit360<\/title>\n<meta name=\"description\" content=\"EAA - Kiirendab lihaste taastumisprotsesse. Samuti toetab see anaboolseid protsesse lihasrakkudes. See hoiab \u00e4ra lihaste katabolismi ning toetab keskn\u00e4...\" \/>\n<meta name=\"robots\" content=\"index, follow, max-snippet:-1, max-image-preview:large, max-video-preview:-1\" \/>\n<link rel=\"canonical\" href=\"https:\/\/fit360.ee\/en\/pood\/product-groups\/amino-acids-bcaa\/bcaa-en\/eaa-1150mg\/\" \/>\n<meta property=\"og:locale\" content=\"en_US\" \/>\n<meta property=\"og:type\" content=\"article\" \/>\n<meta property=\"og:title\" content=\"EAA 1150mg (150caps) - Asendamatud Aminohapped - Fit360\" \/>\n<meta property=\"og:description\" content=\"EAA - Kiirendab lihaste taastumisprotsesse. Samuti toetab see anaboolseid protsesse lihasrakkudes. See hoiab \u00e4ra lihaste katabolismi ning toetab keskn\u00e4...\" \/>\n<meta property=\"og:url\" content=\"https:\/\/fit360.ee\/en\/pood\/product-groups\/amino-acids-bcaa\/bcaa-en\/eaa-1150mg\/\" \/>\n<meta property=\"og:site_name\" content=\"Fit360\" \/>\n<meta property=\"article:modified_time\" content=\"2025-09-12T17:08:12+00:00\" \/>\n<meta property=\"og:image\" content=\"https:\/\/fit360.ee\/wp-content\/uploads\/2023\/02\/ostrovit-eaa-kapslid-fit360.ee-1.png\" \/>\n\t<meta property=\"og:image:width\" content=\"450\" \/>\n\t<meta property=\"og:image:height\" content=\"450\" \/>\n\t<meta property=\"og:image:type\" content=\"image\/png\" \/>\n<meta name=\"twitter:card\" content=\"summary_large_image\" \/>\n<meta name=\"twitter:label1\" content=\"Est. reading time\" \/>\n\t<meta name=\"twitter:data1\" content=\"2 minutes\" \/>\n<script type=\"application\/ld+json\" class=\"yoast-schema-graph\">{\"@context\":\"https:\\\/\\\/schema.org\",\"@graph\":[{\"@type\":\"WebPage\",\"@id\":\"https:\\\/\\\/fit360.ee\\\/en\\\/pood\\\/product-groups\\\/amino-acids-bcaa\\\/bcaa-en\\\/eaa-1150mg\\\/\",\"url\":\"https:\\\/\\\/fit360.ee\\\/en\\\/pood\\\/product-groups\\\/amino-acids-bcaa\\\/bcaa-en\\\/eaa-1150mg\\\/\",\"name\":\"EAA 1150mg (150caps) - Asendamatud Aminohapped - Fit360\",\"isPartOf\":{\"@id\":\"https:\\\/\\\/fit360.ee\\\/en\\\/#website\"},\"primaryImageOfPage\":{\"@id\":\"https:\\\/\\\/fit360.ee\\\/en\\\/pood\\\/product-groups\\\/amino-acids-bcaa\\\/bcaa-en\\\/eaa-1150mg\\\/#primaryimage\"},\"image\":{\"@id\":\"https:\\\/\\\/fit360.ee\\\/en\\\/pood\\\/product-groups\\\/amino-acids-bcaa\\\/bcaa-en\\\/eaa-1150mg\\\/#primaryimage\"},\"thumbnailUrl\":\"https:\\\/\\\/fit360.ee\\\/wp-content\\\/uploads\\\/2023\\\/02\\\/ostrovit-eaa-kapslid-fit360.ee-1.png\",\"datePublished\":\"2023-02-03T14:56:49+00:00\",\"dateModified\":\"2025-09-12T17:08:12+00:00\",\"description\":\"EAA - Kiirendab lihaste taastumisprotsesse. Samuti toetab see anaboolseid protsesse lihasrakkudes. See hoiab \u00e4ra lihaste katabolismi ning toetab keskn\u00e4...\",\"breadcrumb\":{\"@id\":\"https:\\\/\\\/fit360.ee\\\/en\\\/pood\\\/product-groups\\\/amino-acids-bcaa\\\/bcaa-en\\\/eaa-1150mg\\\/#breadcrumb\"},\"inLanguage\":\"en-US\",\"potentialAction\":[{\"@type\":\"ReadAction\",\"target\":[\"https:\\\/\\\/fit360.ee\\\/en\\\/pood\\\/product-groups\\\/amino-acids-bcaa\\\/bcaa-en\\\/eaa-1150mg\\\/\"]}]},{\"@type\":\"ImageObject\",\"inLanguage\":\"en-US\",\"@id\":\"https:\\\/\\\/fit360.ee\\\/en\\\/pood\\\/product-groups\\\/amino-acids-bcaa\\\/bcaa-en\\\/eaa-1150mg\\\/#primaryimage\",\"url\":\"https:\\\/\\\/fit360.ee\\\/wp-content\\\/uploads\\\/2023\\\/02\\\/ostrovit-eaa-kapslid-fit360.ee-1.png\",\"contentUrl\":\"https:\\\/\\\/fit360.ee\\\/wp-content\\\/uploads\\\/2023\\\/02\\\/ostrovit-eaa-kapslid-fit360.ee-1.png\",\"width\":450,\"height\":450,\"caption\":\"ostrovit eaa kapslid - fit360.ee\"},{\"@type\":\"BreadcrumbList\",\"@id\":\"https:\\\/\\\/fit360.ee\\\/en\\\/pood\\\/product-groups\\\/amino-acids-bcaa\\\/bcaa-en\\\/eaa-1150mg\\\/#breadcrumb\",\"itemListElement\":[{\"@type\":\"ListItem\",\"position\":1,\"name\":\"Home\",\"item\":\"https:\\\/\\\/fit360.ee\\\/en\\\/\"},{\"@type\":\"ListItem\",\"position\":2,\"name\":\"Shop\",\"item\":\"https:\\\/\\\/fit360.ee\\\/en\\\/shop\\\/\"},{\"@type\":\"ListItem\",\"position\":3,\"name\":\"EAA 1150mg (150caps)\"}]},{\"@type\":\"WebSite\",\"@id\":\"https:\\\/\\\/fit360.ee\\\/en\\\/#website\",\"url\":\"https:\\\/\\\/fit360.ee\\\/en\\\/\",\"name\":\"Fit360\",\"description\":\"\",\"publisher\":{\"@id\":\"https:\\\/\\\/fit360.ee\\\/en\\\/#organization\"},\"potentialAction\":[{\"@type\":\"SearchAction\",\"target\":{\"@type\":\"EntryPoint\",\"urlTemplate\":\"https:\\\/\\\/fit360.ee\\\/en\\\/?s={search_term_string}\"},\"query-input\":{\"@type\":\"PropertyValueSpecification\",\"valueRequired\":true,\"valueName\":\"search_term_string\"}}],\"inLanguage\":\"en-US\"},{\"@type\":\"Organization\",\"@id\":\"https:\\\/\\\/fit360.ee\\\/en\\\/#organization\",\"name\":\"Fit360\",\"url\":\"https:\\\/\\\/fit360.ee\\\/en\\\/\",\"logo\":{\"@type\":\"ImageObject\",\"inLanguage\":\"en-US\",\"@id\":\"https:\\\/\\\/fit360.ee\\\/en\\\/#\\\/schema\\\/logo\\\/image\\\/\",\"url\":\"https:\\\/\\\/fit360.ee\\\/wp-content\\\/uploads\\\/2017\\\/01\\\/logo-fit360.png\",\"contentUrl\":\"https:\\\/\\\/fit360.ee\\\/wp-content\\\/uploads\\\/2017\\\/01\\\/logo-fit360.png\",\"width\":180,\"height\":66,\"caption\":\"Fit360\"},\"image\":{\"@id\":\"https:\\\/\\\/fit360.ee\\\/en\\\/#\\\/schema\\\/logo\\\/image\\\/\"}}]}<\/script>\n<!-- \/ Yoast SEO plugin. -->","yoast_head_json":{"title":"EAA 1150mg (150caps) - Asendamatud Aminohapped - Fit360","description":"EAA - Kiirendab lihaste taastumisprotsesse. Samuti toetab see anaboolseid protsesse lihasrakkudes. See hoiab \u00e4ra lihaste katabolismi ning toetab keskn\u00e4...","robots":{"index":"index","follow":"follow","max-snippet":"max-snippet:-1","max-image-preview":"max-image-preview:large","max-video-preview":"max-video-preview:-1"},"canonical":"https:\/\/fit360.ee\/en\/pood\/product-groups\/amino-acids-bcaa\/bcaa-en\/eaa-1150mg\/","og_locale":"en_US","og_type":"article","og_title":"EAA 1150mg (150caps) - Asendamatud Aminohapped - Fit360","og_description":"EAA - Kiirendab lihaste taastumisprotsesse. Samuti toetab see anaboolseid protsesse lihasrakkudes. See hoiab \u00e4ra lihaste katabolismi ning toetab keskn\u00e4...","og_url":"https:\/\/fit360.ee\/en\/pood\/product-groups\/amino-acids-bcaa\/bcaa-en\/eaa-1150mg\/","og_site_name":"Fit360","article_modified_time":"2025-09-12T17:08:12+00:00","og_image":[{"width":450,"height":450,"url":"https:\/\/fit360.ee\/wp-content\/uploads\/2023\/02\/ostrovit-eaa-kapslid-fit360.ee-1.png","type":"image\/png"}],"twitter_card":"summary_large_image","twitter_misc":{"Est. reading time":"2 minutes"},"schema":{"@context":"https:\/\/schema.org","@graph":[{"@type":"WebPage","@id":"https:\/\/fit360.ee\/en\/pood\/product-groups\/amino-acids-bcaa\/bcaa-en\/eaa-1150mg\/","url":"https:\/\/fit360.ee\/en\/pood\/product-groups\/amino-acids-bcaa\/bcaa-en\/eaa-1150mg\/","name":"EAA 1150mg (150caps) - Asendamatud Aminohapped - Fit360","isPartOf":{"@id":"https:\/\/fit360.ee\/en\/#website"},"primaryImageOfPage":{"@id":"https:\/\/fit360.ee\/en\/pood\/product-groups\/amino-acids-bcaa\/bcaa-en\/eaa-1150mg\/#primaryimage"},"image":{"@id":"https:\/\/fit360.ee\/en\/pood\/product-groups\/amino-acids-bcaa\/bcaa-en\/eaa-1150mg\/#primaryimage"},"thumbnailUrl":"https:\/\/fit360.ee\/wp-content\/uploads\/2023\/02\/ostrovit-eaa-kapslid-fit360.ee-1.png","datePublished":"2023-02-03T14:56:49+00:00","dateModified":"2025-09-12T17:08:12+00:00","description":"EAA - Kiirendab lihaste taastumisprotsesse. Samuti toetab see anaboolseid protsesse lihasrakkudes. See hoiab \u00e4ra lihaste katabolismi ning toetab keskn\u00e4...","breadcrumb":{"@id":"https:\/\/fit360.ee\/en\/pood\/product-groups\/amino-acids-bcaa\/bcaa-en\/eaa-1150mg\/#breadcrumb"},"inLanguage":"en-US","potentialAction":[{"@type":"ReadAction","target":["https:\/\/fit360.ee\/en\/pood\/product-groups\/amino-acids-bcaa\/bcaa-en\/eaa-1150mg\/"]}]},{"@type":"ImageObject","inLanguage":"en-US","@id":"https:\/\/fit360.ee\/en\/pood\/product-groups\/amino-acids-bcaa\/bcaa-en\/eaa-1150mg\/#primaryimage","url":"https:\/\/fit360.ee\/wp-content\/uploads\/2023\/02\/ostrovit-eaa-kapslid-fit360.ee-1.png","contentUrl":"https:\/\/fit360.ee\/wp-content\/uploads\/2023\/02\/ostrovit-eaa-kapslid-fit360.ee-1.png","width":450,"height":450,"caption":"ostrovit eaa kapslid - fit360.ee"},{"@type":"BreadcrumbList","@id":"https:\/\/fit360.ee\/en\/pood\/product-groups\/amino-acids-bcaa\/bcaa-en\/eaa-1150mg\/#breadcrumb","itemListElement":[{"@type":"ListItem","position":1,"name":"Home","item":"https:\/\/fit360.ee\/en\/"},{"@type":"ListItem","position":2,"name":"Shop","item":"https:\/\/fit360.ee\/en\/shop\/"},{"@type":"ListItem","position":3,"name":"EAA 1150mg (150caps)"}]},{"@type":"WebSite","@id":"https:\/\/fit360.ee\/en\/#website","url":"https:\/\/fit360.ee\/en\/","name":"Fit360","description":"","publisher":{"@id":"https:\/\/fit360.ee\/en\/#organization"},"potentialAction":[{"@type":"SearchAction","target":{"@type":"EntryPoint","urlTemplate":"https:\/\/fit360.ee\/en\/?s={search_term_string}"},"query-input":{"@type":"PropertyValueSpecification","valueRequired":true,"valueName":"search_term_string"}}],"inLanguage":"en-US"},{"@type":"Organization","@id":"https:\/\/fit360.ee\/en\/#organization","name":"Fit360","url":"https:\/\/fit360.ee\/en\/","logo":{"@type":"ImageObject","inLanguage":"en-US","@id":"https:\/\/fit360.ee\/en\/#\/schema\/logo\/image\/","url":"https:\/\/fit360.ee\/wp-content\/uploads\/2017\/01\/logo-fit360.png","contentUrl":"https:\/\/fit360.ee\/wp-content\/uploads\/2017\/01\/logo-fit360.png","width":180,"height":66,"caption":"Fit360"},"image":{"@id":"https:\/\/fit360.ee\/en\/#\/schema\/logo\/image\/"}}]}},"_links":{"self":[{"href":"https:\/\/fit360.ee\/en\/wp-json\/wp\/v2\/product\/68017","targetHints":{"allow":["GET"]}}],"collection":[{"href":"https:\/\/fit360.ee\/en\/wp-json\/wp\/v2\/product"}],"about":[{"href":"https:\/\/fit360.ee\/en\/wp-json\/wp\/v2\/types\/product"}],"replies":[{"embeddable":true,"href":"https:\/\/fit360.ee\/en\/wp-json\/wp\/v2\/comments?post=68017"}],"wp:featuredmedia":[{"embeddable":true,"href":"https:\/\/fit360.ee\/en\/wp-json\/wp\/v2\/media\/76666"}],"wp:attachment":[{"href":"https:\/\/fit360.ee\/en\/wp-json\/wp\/v2\/media?parent=68017"}],"wp:term":[{"taxonomy":"product_brand","embeddable":true,"href":"https:\/\/fit360.ee\/en\/wp-json\/wp\/v2\/product_brand?post=68017"},{"taxonomy":"product_cat","embeddable":true,"href":"https:\/\/fit360.ee\/en\/wp-json\/wp\/v2\/product_cat?post=68017"},{"taxonomy":"product_tag","embeddable":true,"href":"https:\/\/fit360.ee\/en\/wp-json\/wp\/v2\/product_tag?post=68017"},{"taxonomy":"giftcard-category","embeddable":true,"href":"https:\/\/fit360.ee\/en\/wp-json\/wp\/v2\/giftcard-category?post=68017"}],"curies":[{"name":"wp","href":"https:\/\/api.w.org\/{rel}","templated":true}]}}