{"id":68192,"date":"2023-02-09T11:10:41","date_gmt":"2023-02-09T09:10:41","guid":{"rendered":"https:\/\/fit360.ee\/pood\/uncategorized\/lovilakk-pulber-50g\/"},"modified":"2026-04-10T16:11:45","modified_gmt":"2026-04-10T14:11:45","slug":"lovilakk-pulber-50g","status":"publish","type":"product","link":"https:\/\/fit360.ee\/en\/pood\/product-groups\/superfoods-health-foods-en\/lions-mane-en\/lovilakk-pulber-50g\/","title":{"rendered":"L\u00f5vilakk Pulber &#8211; Lion&#8217;s Mane (50g)"},"content":{"rendered":"<h2><strong>L\u00f5vilakk pulber<\/strong><\/h2>\n<p class=\"cm__text --bold\">OstroVit L\u00f5vilakk pulber ehk <em>Lion&#8217;s Mane extract<\/em> on <em>Hericium erinaceus<\/em> seentel p\u00f5hinev vegan ekstrakt, mis on m\u00f5eldud inimestele, kes soovivad hoolitseda oma eluj\u00f5u ja kognitiivsete funktsioonide eest. Meie ekstrakt on puhas l\u00f5vilakk kergesti doseeritava pulbri kujul.\u00a0L\u00f5vilakas ehk tervist edendavate omadustega Aasia seen on oma ainulaadse tunnetust toetava ja immuunsust tugevdava toime t\u00f5ttu rahvameditsiinis kasutatud l\u00e4bi aegade.<\/p>\n<p><a href=\"https:\/\/fit360.ee\/wp-content\/uploads\/2023\/02\/lovilakk-fit360.ee_-800x312.jpg\"><img loading=\"lazy\" decoding=\"async\" class=\"size-medium wp-image-68187\" src=\"https:\/\/fit360.ee\/wp-content\/uploads\/2023\/02\/lovilakk-fit360.ee_-800x312.jpg\" alt=\"l\u00f5vilakk - fit360.ee\" width=\"800\" height=\"312\" srcset=\"https:\/\/fit360.ee\/wp-content\/uploads\/2023\/02\/lovilakk-fit360.ee_-800x312.jpg 800w, https:\/\/fit360.ee\/wp-content\/uploads\/2023\/02\/lovilakk-fit360.ee_-510x199.jpg 510w, https:\/\/fit360.ee\/wp-content\/uploads\/2023\/02\/lovilakk-fit360.ee_-768x300.jpg 768w, https:\/\/fit360.ee\/wp-content\/uploads\/2023\/02\/lovilakk-fit360.ee_.jpg 922w\" sizes=\"auto, (max-width: 800px) 100vw, 800px\" \/><\/a><\/p>\n<h4 class=\"cm__heading\"><strong>L\u00f5vilakk \u2013 miks tasub seda v\u00f5tta?<\/strong><\/h4>\n<p class=\"cm__text\">OstroVit l\u00f5vilakk pulber on t\u00f5eline vitamiinide, mineraalide ja muude toitainete allikas, mis toetavad teie organismi toimimist. Iga ekstrakti osa sisaldab p\u00fcsivat hulka pol\u00fcsahhariide, sealhulgas beeta-gl\u00fckaane (immunomodulaatoreid), mis reguleerivad ja stimuleerivad h\u00e4sti immuuns\u00fcsteemi.\u00a0Beeta-gl\u00fckaanid toetavad ka seedes\u00fcsteemi t\u00f6\u00f6d.\u00a0Neil v\u00f5ib olla positiivne m\u00f5ju soolte talitlusele ja seedetrakti liikuvusele.<\/p>\n<p class=\"cm__text\">Lisaks on l\u00f5vilakal adaptogeenne toime ehk see v\u00f5ib toetada organismi kohanemist v\u00e4liste stressiteguritega.\u00a0Ekstrakti regulaarne tarbimine v\u00f5ib aidata kaasa keha eluj\u00f5ulisuse ja efektiivsuse t\u00f5stmisele ning n\u00e4rvilisuse v\u00e4hendamisele.<\/p>\n<h4 class=\"cm__heading\"><strong>OstroVit Lion&#8217;s Mane ekstraktis sisalduvate koostisosade omadused:<\/strong><\/h4>\n<ul class=\"cm__list\">\n<li><strong>TUGI KOGNITIIVSELE FUNKTSIOONIDELE<\/strong>\u00a0\u2013 L\u00f5vilaka ekstrakt aitab teil arvukate \u00fclesannetega paremini toime tulla.\u00a0M\u00e4lu ja keskendumisv\u00f5ime toetamine on vaid n\u00e4ited sissev\u00f5tmisest tulenevast kasust.<\/li>\n<li><strong>IMMUNOSTIMULEERIV M\u00d5JU<\/strong>\u00a0\u2013 L\u00f5vi lakk on immuunsuse paranemise v\u00f5ti.<\/li>\n<li><strong>SUUR ARV POL\u00dcSHHARIIDE<\/strong>\u00a0\u2013 \u00fcks osa ekstraktist sisaldab kuni 150 mg pol\u00fcsahhariide.\u00a0T\u00e4nu neile saate kiirendada oma seedes\u00fcsteemi t\u00f6\u00f6d ja hoolitseda oma immuunsuse eest.<\/li>\n<li><strong>LISAND VEGANILE<\/strong>\u00a0\u2013 OstroVit Lion&#8217;s Mane Extract ei sisalda s\u00e4ilitusaineid ega t\u00e4iteaineid.\u00a0See on puhas seeneekstrakt, mida saavad kasutada ka veganid ja taimetoitlased.<\/li>\n<\/ul>\n<p><strong>Koostisosad<\/strong>: L\u00f5vilaka ekstrakt (Hericium erinaceus (BulI.: Fr.) Pers) on standardiseeritud 30% pol\u00fcsahhariidiga.<\/p>\n<p>Toode v\u00f5ib sisaldada piima (sh laktoosi), soja, maap\u00e4hkleid, muid p\u00e4hkleid, seesamiseemneid, gluteeni sisaldavaid teravilju, mune, v\u00e4hilaadseid, kala.<\/p>\n<p><strong>Kasutamine<\/strong>: V\u00f5tke 1 portsjon \u2013 500 mg (2 lusikat\u00e4it) p\u00e4evas koos toiduga, jooge vett.\u00a0Palun kasutage pakendis olevat m\u00f5\u00f5tetopsi (0,5 ml).<\/p>\n<p><strong>Suurus<\/strong>: 50g &#8211; 100 serveeringut.<\/p>\n<section class=\"projector__description--nutritional row\" data-selector=\".--nutritional\">\n<div class=\"col-12 col-md-10 col-lg-8\">\n<div class=\"--nutrit\">\n<div class=\"nutrition_table_wrapper\">\n<div class=\"table_wrapper\">\n<table>\n<tbody>\n<tr>\n<th>Aktiivsed koostisosad<\/th>\n<th>portsjoni kohta (50g)<\/th>\n<\/tr>\n<tr>\n<td>L\u00f5vilaka ekstrakt, millest:<\/td>\n<td>500 mg<\/td>\n<\/tr>\n<tr class=\"sub\">\n<td>&#8211; pol\u00fcsahhariidid (30%)<\/td>\n<td>150 mg<\/td>\n<\/tr>\n<\/tbody>\n<\/table>\n<p>Vaata ka meie Teisi SUPERTOITE <a href=\"https:\/\/fit360.ee\/en\/product-category\/product-groups\/superfoods-health-foods-en\/\"><strong>SIIT<\/strong><\/a> v\u00f5i Vitamiine ja Mineraale <a href=\"https:\/\/fit360.ee\/en\/product-category\/product-groups\/vitamins-and-minerals-en\/\"><strong>SIIT<\/strong><\/a>!<\/p>\n<p>Soovid kaupa osta suuremas koguses? Vaata antud toodet ka meie HULGI poest\u00a0<a href=\"https:\/\/toidulisandidhulgi.ee\/product\/lovilakk-pulber-50g\/\"><strong>SIIT<\/strong><\/a>!<\/p>\n<\/div>\n<\/div>\n<\/div>\n<\/div>\n<\/section>\n","protected":false},"excerpt":{"rendered":"<ul class=\"cm__list\">\n<li><strong>Tugi kognitiivsetele funktsioonidele<\/strong>\u00a0\u2013 L\u00f5vilaka ekstrakt aitab teil arvukate \u00fclesannetega paremini toime tulla.\u00a0M\u00e4lu ja keskendumisv\u00f5ime toetamine on vaid n\u00e4ited sissev\u00f5tmisest tulenevast kasust.<\/li>\n<li><strong>Immunostimuleeriv m\u00f5ju<\/strong>\u00a0\u2013 L\u00f5vi lakk on immuunsuse paranemise v\u00f5ti.<\/li>\n<li><strong>Suur arv pol\u00fcsahhariide<\/strong>\u00a0\u2013 \u00fcks osa ekstraktist sisaldab kuni 150 mg pol\u00fcsahhariide.\u00a0T\u00e4nu neile saate kiirendada oma seedes\u00fcsteemi t\u00f6\u00f6d ja hoolitseda oma immuunsuse eest.<\/li>\n<li><strong>Lisand Veganitele<\/strong>\u00a0\u2013 OstroVit Lion&#8217;s Mane Extract ei sisalda s\u00e4ilitusaineid ega t\u00e4iteaineid.\u00a0See on puhas seeneekstrakt, mida saavad kasutada ka veganid ja taimetoitlased.<\/li>\n<\/ul>\n","protected":false},"featured_media":84546,"comment_status":"closed","ping_status":"closed","template":"","meta":[],"product_brand":[],"product_cat":[5314,1329,1454,536,1201],"product_tag":[2905,4164,1924],"giftcard-category":[],"class_list":{"0":"post-68192","1":"product","2":"type-product","3":"status-publish","4":"has-post-thumbnail","6":"product_cat-lions-mane-en","7":"product_cat-ostrovit-en","8":"product_cat-superfoods-health-foods-en","9":"product_cat-vitamins-and-minerals-en","10":"product_cat-1201","11":"product_tag-lovilakk-en","12":"product_tag-lovilakk-pulber-en","13":"product_tag-ostrovit-en","14":"pa_kogus-50g-en","15":"pa_toidulisand-branddd-ostrovit","16":"pa_tootegruppp-lovilakk-en","17":"pa_tootegruppp-supertoit-tervisetoit-en","18":"pa_tootegruppp-vegan-en","19":"pa_tootegruppp-vitamins-and-minerals","21":"first","22":"outofstock","23":"sale","24":"taxable","25":"shipping-taxable","26":"purchasable","27":"product-type-simple"},"yoast_head":"<!-- This site is optimized with the Yoast SEO plugin v27.3 - https:\/\/yoast.com\/product\/yoast-seo-wordpress\/ -->\n<title>L\u00f5vilakk Pulber - Lion&#039;s Mane (50g) - Kiire Tarne - Fit360<\/title>\n<meta name=\"description\" content=\"L\u00f5vilakk pulber on seentel p\u00f5hinev vegan ekstrakt, mis on m\u00f5eldud inimestele, kes soovivad hoolitseda oma eluj\u00f5u ja kognitiivsete funktsioonide eest.\" \/>\n<meta name=\"robots\" content=\"index, follow, max-snippet:-1, max-image-preview:large, max-video-preview:-1\" \/>\n<link rel=\"canonical\" href=\"https:\/\/fit360.ee\/en\/pood\/product-groups\/superfoods-health-foods-en\/lions-mane-en\/lovilakk-pulber-50g\/\" \/>\n<meta property=\"og:locale\" content=\"en_US\" \/>\n<meta property=\"og:type\" content=\"article\" \/>\n<meta property=\"og:title\" content=\"L\u00f5vilakk Pulber - Lion&#039;s Mane (50g) - Kiire Tarne - Fit360\" \/>\n<meta property=\"og:description\" content=\"L\u00f5vilakk pulber on seentel p\u00f5hinev vegan ekstrakt, mis on m\u00f5eldud inimestele, kes soovivad hoolitseda oma eluj\u00f5u ja kognitiivsete funktsioonide eest.\" \/>\n<meta property=\"og:url\" content=\"https:\/\/fit360.ee\/en\/pood\/product-groups\/superfoods-health-foods-en\/lions-mane-en\/lovilakk-pulber-50g\/\" \/>\n<meta property=\"og:site_name\" content=\"Fit360\" \/>\n<meta property=\"article:modified_time\" content=\"2026-04-10T14:11:45+00:00\" \/>\n<meta property=\"og:image\" content=\"https:\/\/fit360.ee\/wp-content\/uploads\/2023\/02\/lovilakk-pulber-lions-mane-fit360.ee-1.png\" \/>\n\t<meta property=\"og:image:width\" content=\"450\" \/>\n\t<meta property=\"og:image:height\" content=\"450\" \/>\n\t<meta property=\"og:image:type\" content=\"image\/png\" \/>\n<meta name=\"twitter:card\" content=\"summary_large_image\" \/>\n<meta name=\"twitter:label1\" content=\"Est. reading time\" \/>\n\t<meta name=\"twitter:data1\" content=\"2 minutes\" \/>\n<script type=\"application\/ld+json\" class=\"yoast-schema-graph\">{\"@context\":\"https:\\\/\\\/schema.org\",\"@graph\":[{\"@type\":\"WebPage\",\"@id\":\"https:\\\/\\\/fit360.ee\\\/en\\\/pood\\\/product-groups\\\/superfoods-health-foods-en\\\/lions-mane-en\\\/lovilakk-pulber-50g\\\/\",\"url\":\"https:\\\/\\\/fit360.ee\\\/en\\\/pood\\\/product-groups\\\/superfoods-health-foods-en\\\/lions-mane-en\\\/lovilakk-pulber-50g\\\/\",\"name\":\"L\u00f5vilakk Pulber - Lion's Mane (50g) - Kiire Tarne - Fit360\",\"isPartOf\":{\"@id\":\"https:\\\/\\\/fit360.ee\\\/en\\\/#website\"},\"primaryImageOfPage\":{\"@id\":\"https:\\\/\\\/fit360.ee\\\/en\\\/pood\\\/product-groups\\\/superfoods-health-foods-en\\\/lions-mane-en\\\/lovilakk-pulber-50g\\\/#primaryimage\"},\"image\":{\"@id\":\"https:\\\/\\\/fit360.ee\\\/en\\\/pood\\\/product-groups\\\/superfoods-health-foods-en\\\/lions-mane-en\\\/lovilakk-pulber-50g\\\/#primaryimage\"},\"thumbnailUrl\":\"https:\\\/\\\/fit360.ee\\\/wp-content\\\/uploads\\\/2023\\\/02\\\/lovilakk-pulber-lions-mane-fit360.ee-1.png\",\"datePublished\":\"2023-02-09T09:10:41+00:00\",\"dateModified\":\"2026-04-10T14:11:45+00:00\",\"description\":\"L\u00f5vilakk pulber on seentel p\u00f5hinev vegan ekstrakt, mis on m\u00f5eldud inimestele, kes soovivad hoolitseda oma eluj\u00f5u ja kognitiivsete funktsioonide eest.\",\"breadcrumb\":{\"@id\":\"https:\\\/\\\/fit360.ee\\\/en\\\/pood\\\/product-groups\\\/superfoods-health-foods-en\\\/lions-mane-en\\\/lovilakk-pulber-50g\\\/#breadcrumb\"},\"inLanguage\":\"en-US\",\"potentialAction\":[{\"@type\":\"ReadAction\",\"target\":[\"https:\\\/\\\/fit360.ee\\\/en\\\/pood\\\/product-groups\\\/superfoods-health-foods-en\\\/lions-mane-en\\\/lovilakk-pulber-50g\\\/\"]}]},{\"@type\":\"ImageObject\",\"inLanguage\":\"en-US\",\"@id\":\"https:\\\/\\\/fit360.ee\\\/en\\\/pood\\\/product-groups\\\/superfoods-health-foods-en\\\/lions-mane-en\\\/lovilakk-pulber-50g\\\/#primaryimage\",\"url\":\"https:\\\/\\\/fit360.ee\\\/wp-content\\\/uploads\\\/2023\\\/02\\\/lovilakk-pulber-lions-mane-fit360.ee-1.png\",\"contentUrl\":\"https:\\\/\\\/fit360.ee\\\/wp-content\\\/uploads\\\/2023\\\/02\\\/lovilakk-pulber-lions-mane-fit360.ee-1.png\",\"width\":450,\"height\":450,\"caption\":\"l\u00f5vilakk pulber lion's mane - fit360.ee\"},{\"@type\":\"BreadcrumbList\",\"@id\":\"https:\\\/\\\/fit360.ee\\\/en\\\/pood\\\/product-groups\\\/superfoods-health-foods-en\\\/lions-mane-en\\\/lovilakk-pulber-50g\\\/#breadcrumb\",\"itemListElement\":[{\"@type\":\"ListItem\",\"position\":1,\"name\":\"Home\",\"item\":\"https:\\\/\\\/fit360.ee\\\/en\\\/\"},{\"@type\":\"ListItem\",\"position\":2,\"name\":\"Shop\",\"item\":\"https:\\\/\\\/fit360.ee\\\/en\\\/shop\\\/\"},{\"@type\":\"ListItem\",\"position\":3,\"name\":\"L\u00f5vilakk Pulber &#8211; Lion&#8217;s Mane (50g)\"}]},{\"@type\":\"WebSite\",\"@id\":\"https:\\\/\\\/fit360.ee\\\/en\\\/#website\",\"url\":\"https:\\\/\\\/fit360.ee\\\/en\\\/\",\"name\":\"Fit360\",\"description\":\"\",\"publisher\":{\"@id\":\"https:\\\/\\\/fit360.ee\\\/en\\\/#organization\"},\"potentialAction\":[{\"@type\":\"SearchAction\",\"target\":{\"@type\":\"EntryPoint\",\"urlTemplate\":\"https:\\\/\\\/fit360.ee\\\/en\\\/?s={search_term_string}\"},\"query-input\":{\"@type\":\"PropertyValueSpecification\",\"valueRequired\":true,\"valueName\":\"search_term_string\"}}],\"inLanguage\":\"en-US\"},{\"@type\":\"Organization\",\"@id\":\"https:\\\/\\\/fit360.ee\\\/en\\\/#organization\",\"name\":\"Fit360\",\"url\":\"https:\\\/\\\/fit360.ee\\\/en\\\/\",\"logo\":{\"@type\":\"ImageObject\",\"inLanguage\":\"en-US\",\"@id\":\"https:\\\/\\\/fit360.ee\\\/en\\\/#\\\/schema\\\/logo\\\/image\\\/\",\"url\":\"https:\\\/\\\/fit360.ee\\\/wp-content\\\/uploads\\\/2017\\\/01\\\/logo-fit360.png\",\"contentUrl\":\"https:\\\/\\\/fit360.ee\\\/wp-content\\\/uploads\\\/2017\\\/01\\\/logo-fit360.png\",\"width\":180,\"height\":66,\"caption\":\"Fit360\"},\"image\":{\"@id\":\"https:\\\/\\\/fit360.ee\\\/en\\\/#\\\/schema\\\/logo\\\/image\\\/\"}}]}<\/script>\n<!-- \/ Yoast SEO plugin. -->","yoast_head_json":{"title":"L\u00f5vilakk Pulber - Lion's Mane (50g) - Kiire Tarne - Fit360","description":"L\u00f5vilakk pulber on seentel p\u00f5hinev vegan ekstrakt, mis on m\u00f5eldud inimestele, kes soovivad hoolitseda oma eluj\u00f5u ja kognitiivsete funktsioonide eest.","robots":{"index":"index","follow":"follow","max-snippet":"max-snippet:-1","max-image-preview":"max-image-preview:large","max-video-preview":"max-video-preview:-1"},"canonical":"https:\/\/fit360.ee\/en\/pood\/product-groups\/superfoods-health-foods-en\/lions-mane-en\/lovilakk-pulber-50g\/","og_locale":"en_US","og_type":"article","og_title":"L\u00f5vilakk Pulber - Lion's Mane (50g) - Kiire Tarne - Fit360","og_description":"L\u00f5vilakk pulber on seentel p\u00f5hinev vegan ekstrakt, mis on m\u00f5eldud inimestele, kes soovivad hoolitseda oma eluj\u00f5u ja kognitiivsete funktsioonide eest.","og_url":"https:\/\/fit360.ee\/en\/pood\/product-groups\/superfoods-health-foods-en\/lions-mane-en\/lovilakk-pulber-50g\/","og_site_name":"Fit360","article_modified_time":"2026-04-10T14:11:45+00:00","og_image":[{"width":450,"height":450,"url":"https:\/\/fit360.ee\/wp-content\/uploads\/2023\/02\/lovilakk-pulber-lions-mane-fit360.ee-1.png","type":"image\/png"}],"twitter_card":"summary_large_image","twitter_misc":{"Est. reading time":"2 minutes"},"schema":{"@context":"https:\/\/schema.org","@graph":[{"@type":"WebPage","@id":"https:\/\/fit360.ee\/en\/pood\/product-groups\/superfoods-health-foods-en\/lions-mane-en\/lovilakk-pulber-50g\/","url":"https:\/\/fit360.ee\/en\/pood\/product-groups\/superfoods-health-foods-en\/lions-mane-en\/lovilakk-pulber-50g\/","name":"L\u00f5vilakk Pulber - Lion's Mane (50g) - Kiire Tarne - Fit360","isPartOf":{"@id":"https:\/\/fit360.ee\/en\/#website"},"primaryImageOfPage":{"@id":"https:\/\/fit360.ee\/en\/pood\/product-groups\/superfoods-health-foods-en\/lions-mane-en\/lovilakk-pulber-50g\/#primaryimage"},"image":{"@id":"https:\/\/fit360.ee\/en\/pood\/product-groups\/superfoods-health-foods-en\/lions-mane-en\/lovilakk-pulber-50g\/#primaryimage"},"thumbnailUrl":"https:\/\/fit360.ee\/wp-content\/uploads\/2023\/02\/lovilakk-pulber-lions-mane-fit360.ee-1.png","datePublished":"2023-02-09T09:10:41+00:00","dateModified":"2026-04-10T14:11:45+00:00","description":"L\u00f5vilakk pulber on seentel p\u00f5hinev vegan ekstrakt, mis on m\u00f5eldud inimestele, kes soovivad hoolitseda oma eluj\u00f5u ja kognitiivsete funktsioonide eest.","breadcrumb":{"@id":"https:\/\/fit360.ee\/en\/pood\/product-groups\/superfoods-health-foods-en\/lions-mane-en\/lovilakk-pulber-50g\/#breadcrumb"},"inLanguage":"en-US","potentialAction":[{"@type":"ReadAction","target":["https:\/\/fit360.ee\/en\/pood\/product-groups\/superfoods-health-foods-en\/lions-mane-en\/lovilakk-pulber-50g\/"]}]},{"@type":"ImageObject","inLanguage":"en-US","@id":"https:\/\/fit360.ee\/en\/pood\/product-groups\/superfoods-health-foods-en\/lions-mane-en\/lovilakk-pulber-50g\/#primaryimage","url":"https:\/\/fit360.ee\/wp-content\/uploads\/2023\/02\/lovilakk-pulber-lions-mane-fit360.ee-1.png","contentUrl":"https:\/\/fit360.ee\/wp-content\/uploads\/2023\/02\/lovilakk-pulber-lions-mane-fit360.ee-1.png","width":450,"height":450,"caption":"l\u00f5vilakk pulber lion's mane - fit360.ee"},{"@type":"BreadcrumbList","@id":"https:\/\/fit360.ee\/en\/pood\/product-groups\/superfoods-health-foods-en\/lions-mane-en\/lovilakk-pulber-50g\/#breadcrumb","itemListElement":[{"@type":"ListItem","position":1,"name":"Home","item":"https:\/\/fit360.ee\/en\/"},{"@type":"ListItem","position":2,"name":"Shop","item":"https:\/\/fit360.ee\/en\/shop\/"},{"@type":"ListItem","position":3,"name":"L\u00f5vilakk Pulber &#8211; Lion&#8217;s Mane (50g)"}]},{"@type":"WebSite","@id":"https:\/\/fit360.ee\/en\/#website","url":"https:\/\/fit360.ee\/en\/","name":"Fit360","description":"","publisher":{"@id":"https:\/\/fit360.ee\/en\/#organization"},"potentialAction":[{"@type":"SearchAction","target":{"@type":"EntryPoint","urlTemplate":"https:\/\/fit360.ee\/en\/?s={search_term_string}"},"query-input":{"@type":"PropertyValueSpecification","valueRequired":true,"valueName":"search_term_string"}}],"inLanguage":"en-US"},{"@type":"Organization","@id":"https:\/\/fit360.ee\/en\/#organization","name":"Fit360","url":"https:\/\/fit360.ee\/en\/","logo":{"@type":"ImageObject","inLanguage":"en-US","@id":"https:\/\/fit360.ee\/en\/#\/schema\/logo\/image\/","url":"https:\/\/fit360.ee\/wp-content\/uploads\/2017\/01\/logo-fit360.png","contentUrl":"https:\/\/fit360.ee\/wp-content\/uploads\/2017\/01\/logo-fit360.png","width":180,"height":66,"caption":"Fit360"},"image":{"@id":"https:\/\/fit360.ee\/en\/#\/schema\/logo\/image\/"}}]}},"_links":{"self":[{"href":"https:\/\/fit360.ee\/en\/wp-json\/wp\/v2\/product\/68192","targetHints":{"allow":["GET"]}}],"collection":[{"href":"https:\/\/fit360.ee\/en\/wp-json\/wp\/v2\/product"}],"about":[{"href":"https:\/\/fit360.ee\/en\/wp-json\/wp\/v2\/types\/product"}],"replies":[{"embeddable":true,"href":"https:\/\/fit360.ee\/en\/wp-json\/wp\/v2\/comments?post=68192"}],"wp:featuredmedia":[{"embeddable":true,"href":"https:\/\/fit360.ee\/en\/wp-json\/wp\/v2\/media\/84546"}],"wp:attachment":[{"href":"https:\/\/fit360.ee\/en\/wp-json\/wp\/v2\/media?parent=68192"}],"wp:term":[{"taxonomy":"product_brand","embeddable":true,"href":"https:\/\/fit360.ee\/en\/wp-json\/wp\/v2\/product_brand?post=68192"},{"taxonomy":"product_cat","embeddable":true,"href":"https:\/\/fit360.ee\/en\/wp-json\/wp\/v2\/product_cat?post=68192"},{"taxonomy":"product_tag","embeddable":true,"href":"https:\/\/fit360.ee\/en\/wp-json\/wp\/v2\/product_tag?post=68192"},{"taxonomy":"giftcard-category","embeddable":true,"href":"https:\/\/fit360.ee\/en\/wp-json\/wp\/v2\/giftcard-category?post=68192"}],"curies":[{"name":"wp","href":"https:\/\/api.w.org\/{rel}","templated":true}]}}