{"id":68469,"date":"2023-02-24T13:48:01","date_gmt":"2023-02-24T11:48:01","guid":{"rendered":"https:\/\/fit360.ee\/pood\/uncategorized\/kurkum-must-pipar-ingver\/"},"modified":"2026-04-10T15:42:15","modified_gmt":"2026-04-10T13:42:15","slug":"kurkum-must-pipar-ingver","status":"publish","type":"product","link":"https:\/\/fit360.ee\/en\/pood\/product-groups\/fat-burners-en\/stimulant-free-fat-burners-en\/kurkum-must-pipar-ingver\/","title":{"rendered":"Kurkum + Must Pipar + Ingver (90tabs)"},"content":{"rendered":"<h2><strong>Kurkum + must pipar + ingver<\/strong><\/h2>\n<p>OstroVit kurkum + must pipar + ingver on toidulisand tablettides, mis sisaldavad kurkumi risoomi ekstrakti (<em>Curcuma longa L<\/em>.), mis on standardiseeritud 95% kurkuminoidide, ingveri juure ekstrakti (<em>Zingiber officinale Rosc<\/em>.), standardiseeritud 5% gingeroolide ja musta pipra puuviljaekstrakti (<em>Piper<\/em>). <em>nigrum L<\/em>.) standardiseeritud 95% piperiiniga.<\/p>\n<p><a href=\"https:\/\/fit360.ee\/wp-content\/uploads\/2023\/02\/turmeric-black-pepper-ginger-fit360.ee_-800x312.jpg\"><img loading=\"lazy\" decoding=\"async\" class=\"size-medium wp-image-68465\" src=\"https:\/\/fit360.ee\/wp-content\/uploads\/2023\/02\/turmeric-black-pepper-ginger-fit360.ee_-800x312.jpg\" alt=\"turmeric black pepper ginger - fit360.ee\" width=\"800\" height=\"312\" srcset=\"https:\/\/fit360.ee\/wp-content\/uploads\/2023\/02\/turmeric-black-pepper-ginger-fit360.ee_-800x312.jpg 800w, https:\/\/fit360.ee\/wp-content\/uploads\/2023\/02\/turmeric-black-pepper-ginger-fit360.ee_-510x199.jpg 510w, https:\/\/fit360.ee\/wp-content\/uploads\/2023\/02\/turmeric-black-pepper-ginger-fit360.ee_-768x300.jpg 768w, https:\/\/fit360.ee\/wp-content\/uploads\/2023\/02\/turmeric-black-pepper-ginger-fit360.ee_.jpg 922w\" sizes=\"auto, (max-width: 800px) 100vw, 800px\" \/><\/a><\/p>\n<ul class=\"cm__list\">\n<li>90 tabletti pakendis<\/li>\n<li>1 portsjon = 1 tablett<\/li>\n<li>K\u00f5ige puhtamad ekstraktid<\/li>\n<li>Tooraine k\u00f5rgeim kvaliteet<\/li>\n<\/ul>\n<h4 class=\"cm__heading\"><strong>Kurkum, must pipar ja ingver<\/strong><\/h4>\n<p class=\"cm__text\"><strong>Kurkum<\/strong>\u00a0on looduslik keemiline \u00fchend, mis on ekstraheeritud kurkumina tuntud v\u00fcrtsist.\u00a0\u00dchendit kasutatakse kollakasoran\u017ei toiduv\u00e4rvina ja v\u00e4ga tugeva antioks\u00fcdandina pol\u00fcfenoolsete \u00fchendite r\u00fchmast, millel on p\u00f5letikuvastane toime ja v\u00f5ime suurendada organismis toodetavate antioks\u00fcdantide hulka.\u00a0Selle biosaadavus meie keha jaoks parandab piperiini olemasolu, mist\u00f5ttu on nii oluline, et m\u00f5lemad ained oleksid koos.\u00a0Kurkumiini kasutatakse v\u00e4ga sageli kuiva silma s\u00fcndroomi, konjunktiviidi, glaukoomi ja isheemilise retinopaatia ravis.\u00a0Paljud uuringud n\u00e4itavad, et kurkumis sisalduvad kurkuminoidid v\u00f5ivad toetada neurodegeneratiivseid haigusi, nagu Alzheimeri- v\u00f5i Parkinsoni t\u00f5bi.<\/p>\n<p class=\"cm__text\"><strong>Must pipar<\/strong>\u00a0on maitseaine, mida kasutatakse praktiliselt k\u00f5ikjal maailmas, et anda roogadele oman\u00e4oline maitse ja v\u00fcrtsikus.\u00a0Selles sisalduv alkaloid \u2013 piperiin kiirendab \u00fcksikute ainete ainevahetust.\u00a0Musta pipra viljades sisalduv piperiin v\u00f5imendab termogeneesi protsessi \u2013 st soojuse tootmise protsessi, mille k\u00e4igus organism p\u00f5letab kaloreid, aga ka lipol\u00fc\u00fcsi protsessi adrenergiliste retseptorite kaudu ehk rasvkoe oks\u00fcdatsiooni.\u00a0Piperiin stimuleerib sensoorseid l\u00f5ppu seedetraktis, suurendades seel\u00e4bi maomahla eritumist ja see aitab parandada seedimist.\u00a0Piperiin aitab kaasa ka m\u00f5nede vitamiinide ja mineraalainete, nt seleeni, B-vitamiinide ja beetakaroteeni imendumisele.\u00a0Lisaks h\u00f5lbustab see <a href=\"https:\/\/fit360.ee\/en\/product-category\/product-groups\/vitamins-and-minerals-en\/coenzyme-q10-en\/\"><strong>koens\u00fc\u00fcm Q10<\/strong><\/a> imendumist ja suurendab resveratrooli v\u00f5i kurkumi imendumist.<\/p>\n<p class=\"cm__text\"><strong>Ingver<\/strong>\u00a0\u2013 on \u00fcle maailma laialt tuntud v\u00fcrts, mis sisaldab mitmeid viirusevastase toimega koostisosi, mist\u00f5ttu on ingverit juba aastaid kasutatud \u00fche koduse meetodina k\u00fclmetushaiguste ja infektsioonide ravimisel.\u00a0Selle bakteritsiidsed ja p\u00f5letikuvastased omadused v\u00f5imaldavad seda kasutada abivahendina k\u00fclmetushaiguste ja gripi ravis.\u00a0Ingveril on ka desinfitseerivad omadused.\u00a0Ingveri tugevat soojendavat toimet saab kasutada keha jahutamiseks.<\/p>\n<h4 class=\"cm__heading\"><strong>OstroVit kurkum + must pipar + ingver sisalduvate koostisosade omadused<\/strong>:<\/h4>\n<ul class=\"cm__list\">\n<li>Need v\u00f5ivad aidata ainevahetust kiirendada<\/li>\n<li>Toetavad t\u00f5husalt termogeneesi protsessi<\/li>\n<li>Nad aitavad parandada keha f\u00fc\u00fcsilist vormi<\/li>\n<li>Omavad antibakteriaalset ja viirusevastast toimet<\/li>\n<li>Need on \u00fcksteist t\u00e4iendavate, s\u00fcnergistlikult toimivate ainete lisand<\/li>\n<li>Omavad antioks\u00fcdantset toimet<\/li>\n<li>Toetavad meie keha seedeprotsesse<\/li>\n<\/ul>\n<p class=\"--sublabel\"><strong>Koostisosad: <\/strong>Mahuaine: mikrokristalne tselluloos;\u00a0kurkumi risoomi ekstrakt (<em>Curcuma longa L<\/em>.) standardiseeritud 95% kurkuminoididele, t\u00e4rklis, ingverijuure ekstrakt (<em>Zingiber officinale Rosc<\/em>.) standardiseeritud 5% gingeroolidele, paakumisvastased ained: rasvhapete magneesiumisoolad, r\u00e4nidioksiid;\u00a0musta pipra puuviljaekstrakt (<em>Piper nigrum L<\/em>.), mis on standardiseeritud 95% piperiini suhtes.<\/p>\n<p>Toode v\u00f5ib sisaldada piima (sh laktoosi), soja, maap\u00e4hkleid, muid p\u00e4hkleid, seesamiseemneid, gluteeni sisaldavaid teravilju, mune, sellerit, sinepit, v\u00e4hilaadseid, kala.<\/p>\n<p><strong>Kasutamine<\/strong>: V\u00f5tke 1 portsjon (1 tablett) p\u00e4evas.\u00a0Toode on m\u00f5eldud t\u00e4iskasvanutele.<\/p>\n<p><strong>Suurus<\/strong>: 90 tabletti &#8211; 90 servereingut.<\/p>\n<section class=\"projector__description--nutritional row\" data-selector=\".--nutritional\">\n<div class=\"col-12 col-md-10 col-lg-8\">\n<div class=\"--nutrit\">\n<div class=\"nutrition_table_wrapper\">\n<div class=\"table_wrapper\">\n<table>\n<tbody>\n<tr>\n<th>Aktiivsed koostisosad<\/th>\n<th>portsjoni kohta<\/th>\n<\/tr>\n<tr>\n<td>Kurkumi risoomi ekstrakt<\/td>\n<td>300 mg<\/td>\n<\/tr>\n<tr class=\"sub\">\n<td>&#8211; selles kurkuminoidid (95%)<\/td>\n<td>285 mg<\/td>\n<\/tr>\n<tr>\n<td>Ingveri juure ekstrakt<\/td>\n<td>100 mg<\/td>\n<\/tr>\n<tr class=\"sub\">\n<td>&#8211; selles gingerolid (5%)<\/td>\n<td>5 mg<\/td>\n<\/tr>\n<tr>\n<td>Musta pipra puuviljaekstrakt<\/td>\n<td>2,1 mg<\/td>\n<\/tr>\n<tr class=\"sub\">\n<td>&#8211; millest piperiin (95%)<\/td>\n<td>2 mg<\/td>\n<\/tr>\n<\/tbody>\n<\/table>\n<\/div>\n<p>Vaata ka meie Teisi Vitamiine\/Mineraale <a href=\"https:\/\/fit360.ee\/en\/product-category\/product-groups\/vitamins-and-minerals-en\/\"><strong>SIIT<\/strong><\/a> v\u00f5i Supertoite <a href=\"https:\/\/fit360.ee\/en\/product-category\/product-groups\/superfoods-health-foods-en\/\"><strong>SIIT<\/strong><\/a>!<\/p>\n<p>Soovid kaupa osta suuremas koguses? Vaata antud toodet ka meie HULGI poest\u00a0<a href=\"https:\/\/toidulisandidhulgi.ee\/product\/kurkum-must-pipar-ingver\/\"><strong>SIIT<\/strong><\/a>!<\/p>\n<\/div>\n<\/div>\n<\/div>\n<\/section>\n","protected":false},"excerpt":{"rendered":"<ul class=\"cm__list\">\n<li>Need v\u00f5ivad aidata ainevahetust kiirendada<\/li>\n<li>Toetavad t\u00f5husalt termogeneesi protsessi<\/li>\n<li>Nad aitavad parandada keha f\u00fc\u00fcsilist vormi<\/li>\n<li>Omavad antibakteriaalset ja viirusevastast toimet<\/li>\n<li>Need on \u00fcksteist t\u00e4iendavate, s\u00fcnergistlikult toimivate ainete lisand<\/li>\n<li>Omavad antioks\u00fcdantset toimet<\/li>\n<li>Toetavad meie keha seedeprotsesse<\/li>\n<\/ul>\n","protected":false},"featured_media":84548,"comment_status":"closed","ping_status":"closed","template":"","meta":[],"product_brand":[],"product_cat":[5311,530,1329,2408,1454,536],"product_tag":[4184,4185,1924,4186],"giftcard-category":[],"class_list":{"0":"post-68469","1":"product","2":"type-product","3":"status-publish","4":"has-post-thumbnail","6":"product_cat-antioxidants-en","7":"product_cat-fat-burners-en","8":"product_cat-ostrovit-en","9":"product_cat-stimulant-free-fat-burners-en","10":"product_cat-superfoods-health-foods-en","11":"product_cat-vitamins-and-minerals-en","12":"product_tag-kurkum-en","13":"product_tag-kurkum-must-pipar-ingver-en","14":"product_tag-ostrovit-en","15":"product_tag-turmeric-en","16":"pa_kogus-90-tablets","17":"pa_toidulisand-branddd-ostrovit","18":"pa_tootegruppp-antioksudandid-en","19":"pa_tootegruppp-stimulandivaba-en","20":"pa_tootegruppp-supertoit-tervisetoit-en","21":"pa_tootegruppp-vitamins-and-minerals","22":"pa_tootegruppp-weight-loss","24":"first","25":"instock","26":"sale","27":"taxable","28":"shipping-taxable","29":"purchasable","30":"product-type-simple"},"yoast_head":"<!-- This site is optimized with the Yoast SEO plugin v27.3 - https:\/\/yoast.com\/product\/yoast-seo-wordpress\/ -->\n<title>Kurkum + Must Pipar + Ingver (90tabs) - Antioks\u00fcdant - Fit360<\/title>\n<meta name=\"description\" content=\"Kurkum, must pipar ja ingver omavad antibakteriaalset ja viirusevastast toimet. Need on \u00fcksteist t\u00e4iendavate, s\u00fcnergistlikult toimivate ainete lisand.\" \/>\n<meta name=\"robots\" content=\"index, follow, max-snippet:-1, max-image-preview:large, max-video-preview:-1\" \/>\n<link rel=\"canonical\" href=\"https:\/\/fit360.ee\/en\/pood\/product-groups\/fat-burners-en\/stimulant-free-fat-burners-en\/kurkum-must-pipar-ingver\/\" \/>\n<meta property=\"og:locale\" content=\"en_US\" \/>\n<meta property=\"og:type\" content=\"article\" \/>\n<meta property=\"og:title\" content=\"Kurkum + Must Pipar + Ingver (90tabs) - Antioks\u00fcdant - Fit360\" \/>\n<meta property=\"og:description\" content=\"Kurkum, must pipar ja ingver omavad antibakteriaalset ja viirusevastast toimet. Need on \u00fcksteist t\u00e4iendavate, s\u00fcnergistlikult toimivate ainete lisand.\" \/>\n<meta property=\"og:url\" content=\"https:\/\/fit360.ee\/en\/pood\/product-groups\/fat-burners-en\/stimulant-free-fat-burners-en\/kurkum-must-pipar-ingver\/\" \/>\n<meta property=\"og:site_name\" content=\"Fit360\" \/>\n<meta property=\"article:modified_time\" content=\"2026-04-10T13:42:15+00:00\" \/>\n<meta property=\"og:image\" content=\"https:\/\/fit360.ee\/wp-content\/uploads\/2023\/02\/kurkum-ingver-must-pipar-fit360.ee_.png\" \/>\n\t<meta property=\"og:image:width\" content=\"450\" \/>\n\t<meta property=\"og:image:height\" content=\"450\" \/>\n\t<meta property=\"og:image:type\" content=\"image\/png\" \/>\n<meta name=\"twitter:card\" content=\"summary_large_image\" \/>\n<meta name=\"twitter:label1\" content=\"Est. reading time\" \/>\n\t<meta name=\"twitter:data1\" content=\"3 minutes\" \/>\n<script type=\"application\/ld+json\" class=\"yoast-schema-graph\">{\"@context\":\"https:\\\/\\\/schema.org\",\"@graph\":[{\"@type\":\"WebPage\",\"@id\":\"https:\\\/\\\/fit360.ee\\\/en\\\/pood\\\/product-groups\\\/fat-burners-en\\\/stimulant-free-fat-burners-en\\\/kurkum-must-pipar-ingver\\\/\",\"url\":\"https:\\\/\\\/fit360.ee\\\/en\\\/pood\\\/product-groups\\\/fat-burners-en\\\/stimulant-free-fat-burners-en\\\/kurkum-must-pipar-ingver\\\/\",\"name\":\"Kurkum + Must Pipar + Ingver (90tabs) - Antioks\u00fcdant - Fit360\",\"isPartOf\":{\"@id\":\"https:\\\/\\\/fit360.ee\\\/en\\\/#website\"},\"primaryImageOfPage\":{\"@id\":\"https:\\\/\\\/fit360.ee\\\/en\\\/pood\\\/product-groups\\\/fat-burners-en\\\/stimulant-free-fat-burners-en\\\/kurkum-must-pipar-ingver\\\/#primaryimage\"},\"image\":{\"@id\":\"https:\\\/\\\/fit360.ee\\\/en\\\/pood\\\/product-groups\\\/fat-burners-en\\\/stimulant-free-fat-burners-en\\\/kurkum-must-pipar-ingver\\\/#primaryimage\"},\"thumbnailUrl\":\"https:\\\/\\\/fit360.ee\\\/wp-content\\\/uploads\\\/2023\\\/02\\\/kurkum-ingver-must-pipar-fit360.ee_.png\",\"datePublished\":\"2023-02-24T11:48:01+00:00\",\"dateModified\":\"2026-04-10T13:42:15+00:00\",\"description\":\"Kurkum, must pipar ja ingver omavad antibakteriaalset ja viirusevastast toimet. Need on \u00fcksteist t\u00e4iendavate, s\u00fcnergistlikult toimivate ainete lisand.\",\"breadcrumb\":{\"@id\":\"https:\\\/\\\/fit360.ee\\\/en\\\/pood\\\/product-groups\\\/fat-burners-en\\\/stimulant-free-fat-burners-en\\\/kurkum-must-pipar-ingver\\\/#breadcrumb\"},\"inLanguage\":\"en-US\",\"potentialAction\":[{\"@type\":\"ReadAction\",\"target\":[\"https:\\\/\\\/fit360.ee\\\/en\\\/pood\\\/product-groups\\\/fat-burners-en\\\/stimulant-free-fat-burners-en\\\/kurkum-must-pipar-ingver\\\/\"]}]},{\"@type\":\"ImageObject\",\"inLanguage\":\"en-US\",\"@id\":\"https:\\\/\\\/fit360.ee\\\/en\\\/pood\\\/product-groups\\\/fat-burners-en\\\/stimulant-free-fat-burners-en\\\/kurkum-must-pipar-ingver\\\/#primaryimage\",\"url\":\"https:\\\/\\\/fit360.ee\\\/wp-content\\\/uploads\\\/2023\\\/02\\\/kurkum-ingver-must-pipar-fit360.ee_.png\",\"contentUrl\":\"https:\\\/\\\/fit360.ee\\\/wp-content\\\/uploads\\\/2023\\\/02\\\/kurkum-ingver-must-pipar-fit360.ee_.png\",\"width\":450,\"height\":450,\"caption\":\"kurkum ingver must pipar - fit360.ee\"},{\"@type\":\"BreadcrumbList\",\"@id\":\"https:\\\/\\\/fit360.ee\\\/en\\\/pood\\\/product-groups\\\/fat-burners-en\\\/stimulant-free-fat-burners-en\\\/kurkum-must-pipar-ingver\\\/#breadcrumb\",\"itemListElement\":[{\"@type\":\"ListItem\",\"position\":1,\"name\":\"Home\",\"item\":\"https:\\\/\\\/fit360.ee\\\/en\\\/\"},{\"@type\":\"ListItem\",\"position\":2,\"name\":\"Shop\",\"item\":\"https:\\\/\\\/fit360.ee\\\/en\\\/shop\\\/\"},{\"@type\":\"ListItem\",\"position\":3,\"name\":\"Kurkum + Must Pipar + Ingver (90tabs)\"}]},{\"@type\":\"WebSite\",\"@id\":\"https:\\\/\\\/fit360.ee\\\/en\\\/#website\",\"url\":\"https:\\\/\\\/fit360.ee\\\/en\\\/\",\"name\":\"Fit360\",\"description\":\"\",\"publisher\":{\"@id\":\"https:\\\/\\\/fit360.ee\\\/en\\\/#organization\"},\"potentialAction\":[{\"@type\":\"SearchAction\",\"target\":{\"@type\":\"EntryPoint\",\"urlTemplate\":\"https:\\\/\\\/fit360.ee\\\/en\\\/?s={search_term_string}\"},\"query-input\":{\"@type\":\"PropertyValueSpecification\",\"valueRequired\":true,\"valueName\":\"search_term_string\"}}],\"inLanguage\":\"en-US\"},{\"@type\":\"Organization\",\"@id\":\"https:\\\/\\\/fit360.ee\\\/en\\\/#organization\",\"name\":\"Fit360\",\"url\":\"https:\\\/\\\/fit360.ee\\\/en\\\/\",\"logo\":{\"@type\":\"ImageObject\",\"inLanguage\":\"en-US\",\"@id\":\"https:\\\/\\\/fit360.ee\\\/en\\\/#\\\/schema\\\/logo\\\/image\\\/\",\"url\":\"https:\\\/\\\/fit360.ee\\\/wp-content\\\/uploads\\\/2017\\\/01\\\/logo-fit360.png\",\"contentUrl\":\"https:\\\/\\\/fit360.ee\\\/wp-content\\\/uploads\\\/2017\\\/01\\\/logo-fit360.png\",\"width\":180,\"height\":66,\"caption\":\"Fit360\"},\"image\":{\"@id\":\"https:\\\/\\\/fit360.ee\\\/en\\\/#\\\/schema\\\/logo\\\/image\\\/\"}}]}<\/script>\n<!-- \/ Yoast SEO plugin. -->","yoast_head_json":{"title":"Kurkum + Must Pipar + Ingver (90tabs) - Antioks\u00fcdant - Fit360","description":"Kurkum, must pipar ja ingver omavad antibakteriaalset ja viirusevastast toimet. Need on \u00fcksteist t\u00e4iendavate, s\u00fcnergistlikult toimivate ainete lisand.","robots":{"index":"index","follow":"follow","max-snippet":"max-snippet:-1","max-image-preview":"max-image-preview:large","max-video-preview":"max-video-preview:-1"},"canonical":"https:\/\/fit360.ee\/en\/pood\/product-groups\/fat-burners-en\/stimulant-free-fat-burners-en\/kurkum-must-pipar-ingver\/","og_locale":"en_US","og_type":"article","og_title":"Kurkum + Must Pipar + Ingver (90tabs) - Antioks\u00fcdant - Fit360","og_description":"Kurkum, must pipar ja ingver omavad antibakteriaalset ja viirusevastast toimet. Need on \u00fcksteist t\u00e4iendavate, s\u00fcnergistlikult toimivate ainete lisand.","og_url":"https:\/\/fit360.ee\/en\/pood\/product-groups\/fat-burners-en\/stimulant-free-fat-burners-en\/kurkum-must-pipar-ingver\/","og_site_name":"Fit360","article_modified_time":"2026-04-10T13:42:15+00:00","og_image":[{"width":450,"height":450,"url":"https:\/\/fit360.ee\/wp-content\/uploads\/2023\/02\/kurkum-ingver-must-pipar-fit360.ee_.png","type":"image\/png"}],"twitter_card":"summary_large_image","twitter_misc":{"Est. reading time":"3 minutes"},"schema":{"@context":"https:\/\/schema.org","@graph":[{"@type":"WebPage","@id":"https:\/\/fit360.ee\/en\/pood\/product-groups\/fat-burners-en\/stimulant-free-fat-burners-en\/kurkum-must-pipar-ingver\/","url":"https:\/\/fit360.ee\/en\/pood\/product-groups\/fat-burners-en\/stimulant-free-fat-burners-en\/kurkum-must-pipar-ingver\/","name":"Kurkum + Must Pipar + Ingver (90tabs) - Antioks\u00fcdant - Fit360","isPartOf":{"@id":"https:\/\/fit360.ee\/en\/#website"},"primaryImageOfPage":{"@id":"https:\/\/fit360.ee\/en\/pood\/product-groups\/fat-burners-en\/stimulant-free-fat-burners-en\/kurkum-must-pipar-ingver\/#primaryimage"},"image":{"@id":"https:\/\/fit360.ee\/en\/pood\/product-groups\/fat-burners-en\/stimulant-free-fat-burners-en\/kurkum-must-pipar-ingver\/#primaryimage"},"thumbnailUrl":"https:\/\/fit360.ee\/wp-content\/uploads\/2023\/02\/kurkum-ingver-must-pipar-fit360.ee_.png","datePublished":"2023-02-24T11:48:01+00:00","dateModified":"2026-04-10T13:42:15+00:00","description":"Kurkum, must pipar ja ingver omavad antibakteriaalset ja viirusevastast toimet. Need on \u00fcksteist t\u00e4iendavate, s\u00fcnergistlikult toimivate ainete lisand.","breadcrumb":{"@id":"https:\/\/fit360.ee\/en\/pood\/product-groups\/fat-burners-en\/stimulant-free-fat-burners-en\/kurkum-must-pipar-ingver\/#breadcrumb"},"inLanguage":"en-US","potentialAction":[{"@type":"ReadAction","target":["https:\/\/fit360.ee\/en\/pood\/product-groups\/fat-burners-en\/stimulant-free-fat-burners-en\/kurkum-must-pipar-ingver\/"]}]},{"@type":"ImageObject","inLanguage":"en-US","@id":"https:\/\/fit360.ee\/en\/pood\/product-groups\/fat-burners-en\/stimulant-free-fat-burners-en\/kurkum-must-pipar-ingver\/#primaryimage","url":"https:\/\/fit360.ee\/wp-content\/uploads\/2023\/02\/kurkum-ingver-must-pipar-fit360.ee_.png","contentUrl":"https:\/\/fit360.ee\/wp-content\/uploads\/2023\/02\/kurkum-ingver-must-pipar-fit360.ee_.png","width":450,"height":450,"caption":"kurkum ingver must pipar - fit360.ee"},{"@type":"BreadcrumbList","@id":"https:\/\/fit360.ee\/en\/pood\/product-groups\/fat-burners-en\/stimulant-free-fat-burners-en\/kurkum-must-pipar-ingver\/#breadcrumb","itemListElement":[{"@type":"ListItem","position":1,"name":"Home","item":"https:\/\/fit360.ee\/en\/"},{"@type":"ListItem","position":2,"name":"Shop","item":"https:\/\/fit360.ee\/en\/shop\/"},{"@type":"ListItem","position":3,"name":"Kurkum + Must Pipar + Ingver (90tabs)"}]},{"@type":"WebSite","@id":"https:\/\/fit360.ee\/en\/#website","url":"https:\/\/fit360.ee\/en\/","name":"Fit360","description":"","publisher":{"@id":"https:\/\/fit360.ee\/en\/#organization"},"potentialAction":[{"@type":"SearchAction","target":{"@type":"EntryPoint","urlTemplate":"https:\/\/fit360.ee\/en\/?s={search_term_string}"},"query-input":{"@type":"PropertyValueSpecification","valueRequired":true,"valueName":"search_term_string"}}],"inLanguage":"en-US"},{"@type":"Organization","@id":"https:\/\/fit360.ee\/en\/#organization","name":"Fit360","url":"https:\/\/fit360.ee\/en\/","logo":{"@type":"ImageObject","inLanguage":"en-US","@id":"https:\/\/fit360.ee\/en\/#\/schema\/logo\/image\/","url":"https:\/\/fit360.ee\/wp-content\/uploads\/2017\/01\/logo-fit360.png","contentUrl":"https:\/\/fit360.ee\/wp-content\/uploads\/2017\/01\/logo-fit360.png","width":180,"height":66,"caption":"Fit360"},"image":{"@id":"https:\/\/fit360.ee\/en\/#\/schema\/logo\/image\/"}}]}},"_links":{"self":[{"href":"https:\/\/fit360.ee\/en\/wp-json\/wp\/v2\/product\/68469","targetHints":{"allow":["GET"]}}],"collection":[{"href":"https:\/\/fit360.ee\/en\/wp-json\/wp\/v2\/product"}],"about":[{"href":"https:\/\/fit360.ee\/en\/wp-json\/wp\/v2\/types\/product"}],"replies":[{"embeddable":true,"href":"https:\/\/fit360.ee\/en\/wp-json\/wp\/v2\/comments?post=68469"}],"wp:featuredmedia":[{"embeddable":true,"href":"https:\/\/fit360.ee\/en\/wp-json\/wp\/v2\/media\/84548"}],"wp:attachment":[{"href":"https:\/\/fit360.ee\/en\/wp-json\/wp\/v2\/media?parent=68469"}],"wp:term":[{"taxonomy":"product_brand","embeddable":true,"href":"https:\/\/fit360.ee\/en\/wp-json\/wp\/v2\/product_brand?post=68469"},{"taxonomy":"product_cat","embeddable":true,"href":"https:\/\/fit360.ee\/en\/wp-json\/wp\/v2\/product_cat?post=68469"},{"taxonomy":"product_tag","embeddable":true,"href":"https:\/\/fit360.ee\/en\/wp-json\/wp\/v2\/product_tag?post=68469"},{"taxonomy":"giftcard-category","embeddable":true,"href":"https:\/\/fit360.ee\/en\/wp-json\/wp\/v2\/giftcard-category?post=68469"}],"curies":[{"name":"wp","href":"https:\/\/api.w.org\/{rel}","templated":true}]}}