{"id":68485,"date":"2023-02-24T14:02:25","date_gmt":"2023-02-24T12:02:25","guid":{"rendered":"https:\/\/fit360.ee\/?post_type=product&#038;p=68485"},"modified":"2025-08-13T07:36:37","modified_gmt":"2025-08-13T05:36:37","slug":"crea-hcl-120caps","status":"publish","type":"product","link":"https:\/\/fit360.ee\/en\/pood\/product-groups\/creatine-en\/crea-hcl-120caps\/","title":{"rendered":"Crea HCL (150caps)"},"content":{"rendered":"<h1><strong>Crea HCL<\/strong><\/h1>\n<p>OstroVit Crea HCL True Taste on k\u00f5rgeima kvaliteediga toidulisand, mis on kreatiinvesinikkloriidi allikas. See on kreatiinimolekuli ja vesinikkloriidhappe kombinatsioon. Suurep\u00e4rane toode neile, kelle eesm\u00e4rk on ehitada puhast lihasmassi, samuti suurendada keha tugevust ja vastupidavust. OstroVit Supreme Crea HCL on k\u00f5rge lahustuvus &#8211; see on selle vormi \u00fcks peamisi eeliseid ja samuti ka eelis teiste kreatiini vormide ees.<\/p>\n<p><a href=\"https:\/\/fit360.ee\/wp-content\/uploads\/2023\/02\/creatine-hcl-kapslid-fit360.ee_-800x312.jpg\"><img loading=\"lazy\" decoding=\"async\" class=\"size-medium wp-image-68486\" src=\"https:\/\/fit360.ee\/wp-content\/uploads\/2023\/02\/creatine-hcl-kapslid-fit360.ee_-800x312.jpg\" alt=\"creatine hcl kapslid - fit360.ee\" width=\"800\" height=\"312\" srcset=\"https:\/\/fit360.ee\/wp-content\/uploads\/2023\/02\/creatine-hcl-kapslid-fit360.ee_-800x312.jpg 800w, https:\/\/fit360.ee\/wp-content\/uploads\/2023\/02\/creatine-hcl-kapslid-fit360.ee_-510x199.jpg 510w, https:\/\/fit360.ee\/wp-content\/uploads\/2023\/02\/creatine-hcl-kapslid-fit360.ee_-768x300.jpg 768w, https:\/\/fit360.ee\/wp-content\/uploads\/2023\/02\/creatine-hcl-kapslid-fit360.ee_.jpg 922w\" sizes=\"auto, (max-width: 800px) 100vw, 800px\" \/><\/a><\/p>\n<ul class=\"cm__list\">\n<li>150 kapslit pakendis<\/li>\n<li>75 serveeringut<\/li>\n<li>1 servering = 2 kapslit<\/li>\n<li>Suured kapslit<\/li>\n<\/ul>\n<h2><b>Kreatiin H\u00fcdrokloriid<\/b><\/h2>\n<p>Kreatiin on orgaaniline keemiline \u00fchend, mis esineb inimkehas looduslikult. Tavaliselt tarnitakse seda koos loomsete saadustega, st liha, muna v\u00f5i kalaga. Selle kasulik toime p\u00f5hineb lihtsal mehhanismil, mis fosfokreatiini lihastes lagundades vabastab energia suure energiaga ATP (adenosiintrifosfaat) molekulide kujul. Hoolimata asjaolust, et kreatiini leidub ka toidus, on seda seal siiski imepisikestes kogustes, mist\u00f5ttu 100% kreatiiniga k\u00fcllastuse tekkimiseks on oluline seda juurde v\u00f5tta pulbri\/kapsli kujul.<\/p>\n<p>Kreatiinvesinikkloriidi vormi valimisel p\u00f6\u00f6rate enneolematut t\u00e4helepanu toote lahustuvusele, mis on v\u00e4hemalt mitu tosinat korda parem kui tavaline kreatiinmonoh\u00fcdraat. Kreatiinvesinikkloriid on kindlasti parem inimestele, kellel v\u00f5ib kreatiinmonoh\u00fcdraadi lisamise t\u00f5ttu tekkida mao- ja seedeprobleeme.<\/p>\n<ul>\n<li>See toimib anaboolselt &#8211; toetab puhta lihasmassi ehitamist<\/li>\n<li>Suurendab keha tugevust ja vastupidavust<\/li>\n<li>Toetab keharasva v\u00e4hendamise protsessi<\/li>\n<li>Suurendab treeningu t\u00f5husust<\/li>\n<li>Kiirendab lihaste taastumist p\u00e4rast treeningut<\/li>\n<li>Aeglustab keha v\u00e4simist pingutuse ajal<\/li>\n<li>Suurep\u00e4rane lahustuvus<\/li>\n<\/ul>\n<p><strong>Koostisosad:<\/strong> Kreatiinvesinikkloriid (HCL), kapsli kest (\u017eelatiin, puhastatud vesi).<\/p>\n<p><strong>Kasutamine: <\/strong>1 portsjon: 2 kapslit. Treeningp\u00e4evad: \u00fcks portsjon vahetult enne treeningut, teine portsjon p\u00e4rast treeningut. Trennivabad p\u00e4evad: \u00fcks portsjon p\u00e4rast \u00e4rkamist.<\/p>\n<p><strong>Hoiustamine: <\/strong>hoia kuivas jahedas kohas, eemal otsesest valgusest.<\/p>\n<p><strong>Suurus<\/strong>: 150 kapslit &#8211; 70 serveeringut.<\/p>\n<section class=\"projector__description--nutritional row\" data-selector=\".--nutritional\">\n<div class=\"col-12 col-md-10 col-lg-8\">\n<div class=\"--nutrit\">\n<div class=\"nutrition_table_wrapper\">\n<div class=\"table_wrapper\">\n<table>\n<tbody>\n<tr>\n<td><strong>Aktiivsed toimeained<\/strong><\/td>\n<td><strong>4 kapslit ( 2 serveeringut)<\/strong><\/td>\n<\/tr>\n<tr>\n<td>Kreatiin H\u00fcdrokloriid<\/td>\n<td>4800\u00a0mg<\/td>\n<\/tr>\n<tr>\n<td>&#8211; millest kreatiin<\/td>\n<td>3696\u00a0mg<\/td>\n<\/tr>\n<\/tbody>\n<\/table>\n<\/div>\n<\/div>\n<\/div>\n<\/div>\n<\/section>\n<div><\/div>\n<div>Vaata ka meie teisi Kreatiine <a href=\"https:\/\/fit360.ee\/en\/product-category\/product-groups\/creatine-en\/\"><strong>SIIT<\/strong><\/a>!<\/div>\n<p>Soovid kaupa osta suuremas koguses? Vaata antud toodet ka meie HULGI poest <a href=\"https:\/\/toidulisandidhulgi.ee\/product\/crea-hcl-150caps\/\"><strong>SIIT<\/strong><\/a>!<\/p>\n","protected":false},"excerpt":{"rendered":"<p><strong>KREATIIN H\u00dcDROKLORIID:<\/strong><\/p>\n<ul>\n<li>Rohkem lihasmassi<\/li>\n<li>Parem vastupidavus treeningul<\/li>\n<li>Kiire taastumine treeningust<\/li>\n<li>Pole vaja laadimisfaasi<\/li>\n<li>Ei hoia vett kinni<\/li>\n<li>Parima lahustuvusega kreatiin<\/li>\n<li>K\u00f5rge kontsentreeritus<\/li>\n<li>Mikro doseering<\/li>\n<li>Parim kreatiini vorm<\/li>\n<li>Laboratoorselt tesitud ja turvaline<\/li>\n<\/ul>\n<p>Kui otsid parimat ja efektiivsemat kreatiini vormi turul, siis vali <strong>kreatiin h\u00fcdrokloriid<\/strong>. Puhas kreatiin, ilma lisaefektideta.<\/p>\n","protected":false},"featured_media":84550,"comment_status":"open","ping_status":"closed","template":"","meta":[],"product_brand":[],"product_cat":[526,1329,531],"product_tag":[3178,3179,1924],"giftcard-category":[],"class_list":{"0":"post-68485","1":"product","2":"type-product","3":"status-publish","4":"has-post-thumbnail","6":"product_cat-creatine-en","7":"product_cat-ostrovit-en","8":"product_cat-recovery-post-workout-en","9":"product_tag-crea-hcl-en","10":"product_tag-creatine-hcl-en","11":"product_tag-ostrovit-en","12":"pa_kogus-150-capsules","13":"pa_toidulisand-branddd-ostrovit","14":"pa_tootegruppp-creatine","15":"pa_tootegruppp-recoveryafter-workout","17":"first","18":"outofstock","19":"sale","20":"taxable","21":"shipping-taxable","22":"purchasable","23":"product-type-simple"},"yoast_head":"<!-- This site is optimized with the Yoast SEO plugin v27.3 - https:\/\/yoast.com\/product\/yoast-seo-wordpress\/ -->\n<title>Crea HCL (150caps) - Kreatiin H\u00fcdrokloriid - Kiire Tarne - Fit360<\/title>\n<meta name=\"description\" content=\"Crea HCL on k\u00f5rge lahustuvus - see on selle vormi \u00fcks peamisi eeliseid ja samuti ka eelis teiste kreatiini vormide ees. Kiire tarne!\" \/>\n<meta name=\"robots\" content=\"index, follow, max-snippet:-1, max-image-preview:large, max-video-preview:-1\" \/>\n<link rel=\"canonical\" href=\"https:\/\/fit360.ee\/en\/pood\/product-groups\/creatine-en\/crea-hcl-120caps\/\" \/>\n<meta property=\"og:locale\" content=\"en_US\" \/>\n<meta property=\"og:type\" content=\"article\" \/>\n<meta property=\"og:title\" content=\"Crea HCL (150caps) - Kreatiin H\u00fcdrokloriid - Kiire Tarne - Fit360\" \/>\n<meta property=\"og:description\" content=\"Crea HCL on k\u00f5rge lahustuvus - see on selle vormi \u00fcks peamisi eeliseid ja samuti ka eelis teiste kreatiini vormide ees. Kiire tarne!\" \/>\n<meta property=\"og:url\" content=\"https:\/\/fit360.ee\/en\/pood\/product-groups\/creatine-en\/crea-hcl-120caps\/\" \/>\n<meta property=\"og:site_name\" content=\"Fit360\" \/>\n<meta property=\"article:modified_time\" content=\"2025-08-13T05:36:37+00:00\" \/>\n<meta property=\"og:image\" content=\"https:\/\/fit360.ee\/wp-content\/uploads\/2023\/02\/crea-hcl-kreatiin-hudrokloriid-fit360.ee-1.png\" \/>\n\t<meta property=\"og:image:width\" content=\"450\" \/>\n\t<meta property=\"og:image:height\" content=\"450\" \/>\n\t<meta property=\"og:image:type\" content=\"image\/png\" \/>\n<meta name=\"twitter:card\" content=\"summary_large_image\" \/>\n<meta name=\"twitter:label1\" content=\"Est. reading time\" \/>\n\t<meta name=\"twitter:data1\" content=\"2 minutes\" \/>\n<script type=\"application\/ld+json\" class=\"yoast-schema-graph\">{\"@context\":\"https:\\\/\\\/schema.org\",\"@graph\":[{\"@type\":\"WebPage\",\"@id\":\"https:\\\/\\\/fit360.ee\\\/en\\\/pood\\\/product-groups\\\/creatine-en\\\/crea-hcl-120caps\\\/\",\"url\":\"https:\\\/\\\/fit360.ee\\\/en\\\/pood\\\/product-groups\\\/creatine-en\\\/crea-hcl-120caps\\\/\",\"name\":\"Crea HCL (150caps) - Kreatiin H\u00fcdrokloriid - Kiire Tarne - Fit360\",\"isPartOf\":{\"@id\":\"https:\\\/\\\/fit360.ee\\\/en\\\/#website\"},\"primaryImageOfPage\":{\"@id\":\"https:\\\/\\\/fit360.ee\\\/en\\\/pood\\\/product-groups\\\/creatine-en\\\/crea-hcl-120caps\\\/#primaryimage\"},\"image\":{\"@id\":\"https:\\\/\\\/fit360.ee\\\/en\\\/pood\\\/product-groups\\\/creatine-en\\\/crea-hcl-120caps\\\/#primaryimage\"},\"thumbnailUrl\":\"https:\\\/\\\/fit360.ee\\\/wp-content\\\/uploads\\\/2023\\\/02\\\/crea-hcl-kreatiin-hudrokloriid-fit360.ee-1.png\",\"datePublished\":\"2023-02-24T12:02:25+00:00\",\"dateModified\":\"2025-08-13T05:36:37+00:00\",\"description\":\"Crea HCL on k\u00f5rge lahustuvus - see on selle vormi \u00fcks peamisi eeliseid ja samuti ka eelis teiste kreatiini vormide ees. Kiire tarne!\",\"breadcrumb\":{\"@id\":\"https:\\\/\\\/fit360.ee\\\/en\\\/pood\\\/product-groups\\\/creatine-en\\\/crea-hcl-120caps\\\/#breadcrumb\"},\"inLanguage\":\"en-US\",\"potentialAction\":[{\"@type\":\"ReadAction\",\"target\":[\"https:\\\/\\\/fit360.ee\\\/en\\\/pood\\\/product-groups\\\/creatine-en\\\/crea-hcl-120caps\\\/\"]}]},{\"@type\":\"ImageObject\",\"inLanguage\":\"en-US\",\"@id\":\"https:\\\/\\\/fit360.ee\\\/en\\\/pood\\\/product-groups\\\/creatine-en\\\/crea-hcl-120caps\\\/#primaryimage\",\"url\":\"https:\\\/\\\/fit360.ee\\\/wp-content\\\/uploads\\\/2023\\\/02\\\/crea-hcl-kreatiin-hudrokloriid-fit360.ee-1.png\",\"contentUrl\":\"https:\\\/\\\/fit360.ee\\\/wp-content\\\/uploads\\\/2023\\\/02\\\/crea-hcl-kreatiin-hudrokloriid-fit360.ee-1.png\",\"width\":450,\"height\":450,\"caption\":\"crea hcl kreatiin h\u00fcdrokloriid - fit360.ee\"},{\"@type\":\"BreadcrumbList\",\"@id\":\"https:\\\/\\\/fit360.ee\\\/en\\\/pood\\\/product-groups\\\/creatine-en\\\/crea-hcl-120caps\\\/#breadcrumb\",\"itemListElement\":[{\"@type\":\"ListItem\",\"position\":1,\"name\":\"Home\",\"item\":\"https:\\\/\\\/fit360.ee\\\/en\\\/\"},{\"@type\":\"ListItem\",\"position\":2,\"name\":\"Shop\",\"item\":\"https:\\\/\\\/fit360.ee\\\/en\\\/shop\\\/\"},{\"@type\":\"ListItem\",\"position\":3,\"name\":\"Crea HCL (150caps)\"}]},{\"@type\":\"WebSite\",\"@id\":\"https:\\\/\\\/fit360.ee\\\/en\\\/#website\",\"url\":\"https:\\\/\\\/fit360.ee\\\/en\\\/\",\"name\":\"Fit360\",\"description\":\"\",\"publisher\":{\"@id\":\"https:\\\/\\\/fit360.ee\\\/en\\\/#organization\"},\"potentialAction\":[{\"@type\":\"SearchAction\",\"target\":{\"@type\":\"EntryPoint\",\"urlTemplate\":\"https:\\\/\\\/fit360.ee\\\/en\\\/?s={search_term_string}\"},\"query-input\":{\"@type\":\"PropertyValueSpecification\",\"valueRequired\":true,\"valueName\":\"search_term_string\"}}],\"inLanguage\":\"en-US\"},{\"@type\":\"Organization\",\"@id\":\"https:\\\/\\\/fit360.ee\\\/en\\\/#organization\",\"name\":\"Fit360\",\"url\":\"https:\\\/\\\/fit360.ee\\\/en\\\/\",\"logo\":{\"@type\":\"ImageObject\",\"inLanguage\":\"en-US\",\"@id\":\"https:\\\/\\\/fit360.ee\\\/en\\\/#\\\/schema\\\/logo\\\/image\\\/\",\"url\":\"https:\\\/\\\/fit360.ee\\\/wp-content\\\/uploads\\\/2017\\\/01\\\/logo-fit360.png\",\"contentUrl\":\"https:\\\/\\\/fit360.ee\\\/wp-content\\\/uploads\\\/2017\\\/01\\\/logo-fit360.png\",\"width\":180,\"height\":66,\"caption\":\"Fit360\"},\"image\":{\"@id\":\"https:\\\/\\\/fit360.ee\\\/en\\\/#\\\/schema\\\/logo\\\/image\\\/\"}}]}<\/script>\n<!-- \/ Yoast SEO plugin. -->","yoast_head_json":{"title":"Crea HCL (150caps) - Kreatiin H\u00fcdrokloriid - Kiire Tarne - Fit360","description":"Crea HCL on k\u00f5rge lahustuvus - see on selle vormi \u00fcks peamisi eeliseid ja samuti ka eelis teiste kreatiini vormide ees. Kiire tarne!","robots":{"index":"index","follow":"follow","max-snippet":"max-snippet:-1","max-image-preview":"max-image-preview:large","max-video-preview":"max-video-preview:-1"},"canonical":"https:\/\/fit360.ee\/en\/pood\/product-groups\/creatine-en\/crea-hcl-120caps\/","og_locale":"en_US","og_type":"article","og_title":"Crea HCL (150caps) - Kreatiin H\u00fcdrokloriid - Kiire Tarne - Fit360","og_description":"Crea HCL on k\u00f5rge lahustuvus - see on selle vormi \u00fcks peamisi eeliseid ja samuti ka eelis teiste kreatiini vormide ees. Kiire tarne!","og_url":"https:\/\/fit360.ee\/en\/pood\/product-groups\/creatine-en\/crea-hcl-120caps\/","og_site_name":"Fit360","article_modified_time":"2025-08-13T05:36:37+00:00","og_image":[{"width":450,"height":450,"url":"https:\/\/fit360.ee\/wp-content\/uploads\/2023\/02\/crea-hcl-kreatiin-hudrokloriid-fit360.ee-1.png","type":"image\/png"}],"twitter_card":"summary_large_image","twitter_misc":{"Est. reading time":"2 minutes"},"schema":{"@context":"https:\/\/schema.org","@graph":[{"@type":"WebPage","@id":"https:\/\/fit360.ee\/en\/pood\/product-groups\/creatine-en\/crea-hcl-120caps\/","url":"https:\/\/fit360.ee\/en\/pood\/product-groups\/creatine-en\/crea-hcl-120caps\/","name":"Crea HCL (150caps) - Kreatiin H\u00fcdrokloriid - Kiire Tarne - Fit360","isPartOf":{"@id":"https:\/\/fit360.ee\/en\/#website"},"primaryImageOfPage":{"@id":"https:\/\/fit360.ee\/en\/pood\/product-groups\/creatine-en\/crea-hcl-120caps\/#primaryimage"},"image":{"@id":"https:\/\/fit360.ee\/en\/pood\/product-groups\/creatine-en\/crea-hcl-120caps\/#primaryimage"},"thumbnailUrl":"https:\/\/fit360.ee\/wp-content\/uploads\/2023\/02\/crea-hcl-kreatiin-hudrokloriid-fit360.ee-1.png","datePublished":"2023-02-24T12:02:25+00:00","dateModified":"2025-08-13T05:36:37+00:00","description":"Crea HCL on k\u00f5rge lahustuvus - see on selle vormi \u00fcks peamisi eeliseid ja samuti ka eelis teiste kreatiini vormide ees. Kiire tarne!","breadcrumb":{"@id":"https:\/\/fit360.ee\/en\/pood\/product-groups\/creatine-en\/crea-hcl-120caps\/#breadcrumb"},"inLanguage":"en-US","potentialAction":[{"@type":"ReadAction","target":["https:\/\/fit360.ee\/en\/pood\/product-groups\/creatine-en\/crea-hcl-120caps\/"]}]},{"@type":"ImageObject","inLanguage":"en-US","@id":"https:\/\/fit360.ee\/en\/pood\/product-groups\/creatine-en\/crea-hcl-120caps\/#primaryimage","url":"https:\/\/fit360.ee\/wp-content\/uploads\/2023\/02\/crea-hcl-kreatiin-hudrokloriid-fit360.ee-1.png","contentUrl":"https:\/\/fit360.ee\/wp-content\/uploads\/2023\/02\/crea-hcl-kreatiin-hudrokloriid-fit360.ee-1.png","width":450,"height":450,"caption":"crea hcl kreatiin h\u00fcdrokloriid - fit360.ee"},{"@type":"BreadcrumbList","@id":"https:\/\/fit360.ee\/en\/pood\/product-groups\/creatine-en\/crea-hcl-120caps\/#breadcrumb","itemListElement":[{"@type":"ListItem","position":1,"name":"Home","item":"https:\/\/fit360.ee\/en\/"},{"@type":"ListItem","position":2,"name":"Shop","item":"https:\/\/fit360.ee\/en\/shop\/"},{"@type":"ListItem","position":3,"name":"Crea HCL (150caps)"}]},{"@type":"WebSite","@id":"https:\/\/fit360.ee\/en\/#website","url":"https:\/\/fit360.ee\/en\/","name":"Fit360","description":"","publisher":{"@id":"https:\/\/fit360.ee\/en\/#organization"},"potentialAction":[{"@type":"SearchAction","target":{"@type":"EntryPoint","urlTemplate":"https:\/\/fit360.ee\/en\/?s={search_term_string}"},"query-input":{"@type":"PropertyValueSpecification","valueRequired":true,"valueName":"search_term_string"}}],"inLanguage":"en-US"},{"@type":"Organization","@id":"https:\/\/fit360.ee\/en\/#organization","name":"Fit360","url":"https:\/\/fit360.ee\/en\/","logo":{"@type":"ImageObject","inLanguage":"en-US","@id":"https:\/\/fit360.ee\/en\/#\/schema\/logo\/image\/","url":"https:\/\/fit360.ee\/wp-content\/uploads\/2017\/01\/logo-fit360.png","contentUrl":"https:\/\/fit360.ee\/wp-content\/uploads\/2017\/01\/logo-fit360.png","width":180,"height":66,"caption":"Fit360"},"image":{"@id":"https:\/\/fit360.ee\/en\/#\/schema\/logo\/image\/"}}]}},"_links":{"self":[{"href":"https:\/\/fit360.ee\/en\/wp-json\/wp\/v2\/product\/68485","targetHints":{"allow":["GET"]}}],"collection":[{"href":"https:\/\/fit360.ee\/en\/wp-json\/wp\/v2\/product"}],"about":[{"href":"https:\/\/fit360.ee\/en\/wp-json\/wp\/v2\/types\/product"}],"replies":[{"embeddable":true,"href":"https:\/\/fit360.ee\/en\/wp-json\/wp\/v2\/comments?post=68485"}],"wp:featuredmedia":[{"embeddable":true,"href":"https:\/\/fit360.ee\/en\/wp-json\/wp\/v2\/media\/84550"}],"wp:attachment":[{"href":"https:\/\/fit360.ee\/en\/wp-json\/wp\/v2\/media?parent=68485"}],"wp:term":[{"taxonomy":"product_brand","embeddable":true,"href":"https:\/\/fit360.ee\/en\/wp-json\/wp\/v2\/product_brand?post=68485"},{"taxonomy":"product_cat","embeddable":true,"href":"https:\/\/fit360.ee\/en\/wp-json\/wp\/v2\/product_cat?post=68485"},{"taxonomy":"product_tag","embeddable":true,"href":"https:\/\/fit360.ee\/en\/wp-json\/wp\/v2\/product_tag?post=68485"},{"taxonomy":"giftcard-category","embeddable":true,"href":"https:\/\/fit360.ee\/en\/wp-json\/wp\/v2\/giftcard-category?post=68485"}],"curies":[{"name":"wp","href":"https:\/\/api.w.org\/{rel}","templated":true}]}}