{"id":68555,"date":"2023-02-28T15:02:19","date_gmt":"2023-02-28T13:02:19","guid":{"rendered":"https:\/\/fit360.ee\/pood\/uncategorized\/plant-protein\/"},"modified":"2026-04-10T14:56:39","modified_gmt":"2026-04-10T12:56:39","slug":"plant-protein","status":"publish","type":"product","link":"https:\/\/fit360.ee\/en\/pood\/product-groups\/superfoods-health-foods-en\/fiber-en\/plant-protein\/","title":{"rendered":"ICONFIT Plant Protein (480g)"},"content":{"rendered":"<h2><strong>Plant Protein<\/strong><\/h2>\n<p><strong>ICONFIT Plant Protein &#8211;\u00a0<\/strong>suurep\u00e4rane taimne alternatiiv vadakuvalgule! Ideaalne, kui vajate valku treeningj\u00e4rgseks taastumiseks ja lihasarengu toetamiseks v\u00f5i lihtsalt igap\u00e4evaseks valguvajaduse suurendamiseks. Suurep\u00e4raste maitsetega ning saab h\u00f5lpsasti segada veega shakeris v\u00f5i lisada smuutisse, putrudesse v\u00f5i jogurtisse valgusisalduse suurendamiseks.<\/p>\n<p>K\u00f5ik valgud koosnevad erinevatest aminohapetest. Tavaliselt on taimsetes valkudes aga puudu <a href=\"https:\/\/fit360.ee\/en\/product-category\/product-groups\/amino-acids-bcaa\/bcaa-en\/\"><b>BCAA<\/b><\/a>-d (hargnenud ahelaga aminohapped), mis on olulised valkude ehitusplokid ja mida meie keha vajab. Sportlased tarbivad isegi treeningu ajal t\u00e4iendavalt BCAA-d, paremateks sportlikeks saavutusteks. Seet\u00f5ttu oleme ICONFIT Plant Protein&#8217;ile\u00a0<strong>lisanud t\u00e4iendavalt taimseid BCAA aminohappeid<\/strong>, et saavutada veelgi t\u00e4iuslikum valk.<\/p>\n<p>Samuti lisasime tootesse spetsiaalselt\u00a0<strong>B6-vitamiini<\/strong>, kuna seda ei ole taimep\u00f5hises toitumises sageli piisavas koguses. B6-vitamiinil on meie organismis v\u00e4ga t\u00e4htis roll. See aitab kaasa normaalsele valkude ja gl\u00fckogeeni ainevahetusele, n\u00e4rvis\u00fcsteemi toimimisele, ps\u00fchholoogilistele funktsioonidele, punaste vereliblede normaalsele moodustumisele, immuuns\u00fcsteemi toimimisele ja hormonaalse aktiivsuse reguleerimisele. Samuti aitab see v\u00e4hendada v\u00e4simust ja kurnatust.<\/p>\n<p>Tootesse on lisatud ka\u00a0<a href=\"https:\/\/fit360.ee\/en\/product-category\/product-groups\/superfoods-health-foods-en\/maca-en\/\"><strong>Maca<\/strong><\/a>\u00a0juure pulbrit, millel on positiivne m\u00f5ju organismile. See on v\u00e4ga rikas C-vitamiini, vase, raua, B6-vitamiini ja asendamatute rasvhapete (Omega 3 ja Omega 9) poolest. Maca sisaldab m\u00e4rkimisv\u00e4\u00e4rses koguses 18 aminohapet, millest 7 on asendamatud aminohapped. Lisaks k\u00f5igele sellele sisaldab see ka taimseid steroole, mis aitavad organismil toota sobival tasemel hormoone ja aitavad reguleerida kolesterooli taset. Maca on seega asendamatu toitaine meie igap\u00e4eva men\u00fc\u00fcs.<\/p>\n<p><strong>Inuliin<\/strong>\u00a0on kasulik prebiootiline kiudaine, mis on saadud hinnatud sigurijuurest. Kuna tegemist on kiudainega, stimuleerib inuliin soolestiku liikumist, mis on oluline \u00fcldise soolestiku tervise seisukohast. Sealjuures on v\u00e4ga oluline saavutada hea tasakaal kiudainete ja vedeliku koguse vahel. Inuliin on seedimatu vees lahustuv kiudaine ja kui see kiudaine seguneb vee v\u00f5i muu vedelikuga organismis, muutub see geeliks. See geeljas mass muudab mao t\u00fchjenemise palju aeglasemaks ja seel\u00e4bi p\u00fcsib k\u00f5ht kauem t\u00e4is. Samuti aitavad kiudained stabiliseerida veresuhkru k\u00f5ikumist, mis omakorda aitavad hoida liigset s\u00f6\u00f6mist kontrolli all ning seel\u00e4bi aidata teha paremaid toiduvalikuid.<\/p>\n<p>Samuti oleme n\u00e4inud palju vaeva, et valida\u00a0<strong>parimad taimsed valguallikad<\/strong>\u00a0hernestest, pruunist riisist ja kanepist, mis koos moodustavad parima toimega taimse proteiini segu. Meie valitud koostisosad on suurep\u00e4rase lahustuvusega, neutraalse maitsega ja meeldiva tekstuuriga. Oleme tooted hoolikalt maitsestanud nii, et nende tarbimine oleks t\u00f5eline nauding.<\/p>\n<p><strong>Koostisosad Plant protein (MANGO-STEVIA):<\/strong>\u00a0Hernevalgu isolaat, pruuni riisi proteiin, naturaalne mango maitseaine, taimne BCAA 2:1:1 aminohapete segu, kanepiproteiin, inuliin, maca, naturaalne koore maitseaine, linaseemne kiud, stevia magusaine (stevioolgl\u00fckosiid), vitamiin B6(p\u00fcridoksiinvesinikkloriid). V\u00f5ib sisaldada j\u00e4lgi\u00a0<strong>sojast<\/strong>.<\/p>\n<table width=\"\">\n<thead>\n<tr>\n<th align=\"left\"><strong>Mango-Stevia<\/strong><\/th>\n<th align=\"left\"><strong>30 g<\/strong><\/th>\n<th align=\"left\"><strong>100 g<\/strong><\/th>\n<\/tr>\n<\/thead>\n<tbody>\n<tr>\n<td align=\"left\">Energia (kJ\/kcal)<\/td>\n<td align=\"left\">427.3\/102.1<\/td>\n<td align=\"left\">1424.4\/340.2<\/td>\n<\/tr>\n<tr>\n<td align=\"left\">Rasv (g)<\/td>\n<td align=\"left\">1.5<\/td>\n<td align=\"left\">5.0<\/td>\n<\/tr>\n<tr>\n<td align=\"left\">millest k\u00fcllastunud (g)<\/td>\n<td align=\"left\">0.4<\/td>\n<td align=\"left\">1.5<\/td>\n<\/tr>\n<tr>\n<td align=\"left\">S\u00fcsivesikud (g)<\/td>\n<td align=\"left\">3.3<\/td>\n<td align=\"left\">11.1<\/td>\n<\/tr>\n<tr>\n<td align=\"left\">millest suhkrud (g)<\/td>\n<td align=\"left\">0.9<\/td>\n<td align=\"left\">3.1<\/td>\n<\/tr>\n<tr>\n<td align=\"left\">Valgud (g)<\/td>\n<td align=\"left\">20.4<\/td>\n<td align=\"left\">68.0<\/td>\n<\/tr>\n<tr>\n<td align=\"left\">Kiudained (g)<\/td>\n<td align=\"left\">2.3<\/td>\n<td align=\"left\">7.8<\/td>\n<\/tr>\n<tr>\n<td align=\"left\">Sool (ei ole lisatud) (g)<\/td>\n<td align=\"left\">0.49<\/td>\n<td align=\"left\">1.65<\/td>\n<\/tr>\n<tr>\n<td align=\"left\">BCAA (mg)<\/td>\n<td align=\"left\">4661<\/td>\n<td align=\"left\">15540<\/td>\n<\/tr>\n<tr>\n<td align=\"left\"><strong>Vitamiinide sisaldus<\/strong><\/td>\n<td align=\"left\"><strong>30g<\/strong><\/td>\n<td align=\"left\"><strong>% NRV<\/strong><\/td>\n<\/tr>\n<tr>\n<td align=\"left\">Vitamiin B6<\/td>\n<td align=\"left\">1,4 mg<\/td>\n<td align=\"left\">100%<\/td>\n<\/tr>\n<\/tbody>\n<\/table>\n<p><strong><br \/>\nKoostisosad Plant Protein (\u0160OKOLAAD):<\/strong>\u00a0Hernevalgu isolaat, pruuni riisi proteiin, taimne\u00a0BCAA 2:1:1 aminohapete segu, kanepiproteiin, kakaopulber, inuliin, maca, l\u00f5hna- ja maitseained, linaseemne kiud, magusaine sukraloos, vitamiin B6 (p\u00fcridoksiinvesinikkloriid). V\u00f5ib sisaldada j\u00e4lgi\u00a0<strong>sojast<\/strong>.<\/p>\n<table width=\"100%\">\n<thead>\n<tr>\n<th align=\"left\"><strong>\u0160okolaad<\/strong><\/th>\n<th align=\"left\"><strong>30 g<\/strong><\/th>\n<th align=\"left\"><strong>100 g<\/strong><\/th>\n<\/tr>\n<\/thead>\n<tbody>\n<tr>\n<td align=\"left\">Energia (kJ\/kcal)<\/td>\n<td align=\"left\">435.3\/104<\/td>\n<td align=\"left\">1451\/346.6<\/td>\n<\/tr>\n<tr>\n<td align=\"left\">Rasv (g)<\/td>\n<td align=\"left\">1.7<\/td>\n<td align=\"left\">5.6<\/td>\n<\/tr>\n<tr>\n<td align=\"left\">millest k\u00fcllastunud (g)<\/td>\n<td align=\"left\">0.4<\/td>\n<td align=\"left\">1.5<\/td>\n<\/tr>\n<tr>\n<td align=\"left\">S\u00fcsivesikud (g)<\/td>\n<td align=\"left\">2.6<\/td>\n<td align=\"left\">8.5<\/td>\n<\/tr>\n<tr>\n<td align=\"left\">millest suhkrud (g)<\/td>\n<td align=\"left\">0.7<\/td>\n<td align=\"left\">2.4<\/td>\n<\/tr>\n<tr>\n<td align=\"left\">Valgud (g)<\/td>\n<td align=\"left\">20.9<\/td>\n<td align=\"left\">69.7<\/td>\n<\/tr>\n<tr>\n<td align=\"left\">Kiudained (g)<\/td>\n<td align=\"left\">2.37<\/td>\n<td align=\"left\">7.89<\/td>\n<\/tr>\n<tr>\n<td align=\"left\">Sool (ei ole lisatud) (g)<\/td>\n<td align=\"left\">0.50<\/td>\n<td align=\"left\">1.69<\/td>\n<\/tr>\n<tr>\n<td align=\"left\">BCAA (mg)<\/td>\n<td align=\"left\">4775.5<\/td>\n<td align=\"left\">15930<\/td>\n<\/tr>\n<tr>\n<td align=\"left\"><strong>Vitamiinide sisaldus<\/strong><\/td>\n<td align=\"left\"><strong>30g<\/strong><\/td>\n<td align=\"left\"><strong>% NRV<\/strong><\/td>\n<\/tr>\n<tr>\n<td align=\"left\">Vitamiin B6<\/td>\n<td align=\"left\">1,4 mg<\/td>\n<td align=\"left\">100%<\/td>\n<\/tr>\n<\/tbody>\n<\/table>\n<p><strong><br \/>\nKoostisosad Plant Protein (\u00d5UNAKOOK):<\/strong>\u00a0Hernevalgu isolaat, pruuni riisi proteiin,\u00a0taimne BCAA 2:1:1 aminohapete segu, kanepiproteiin, inuliin, maca, l\u00f5hna- ja maitseained, linaseemne kiud, kaneel, magusaine sukraloos, vitamiin B6 (p\u00fcridoksiinvesinikkloriid). V\u00f5ib sisaldada j\u00e4lgi\u00a0<strong>sojast<\/strong>.<\/p>\n<table width=\"100%\">\n<thead>\n<tr>\n<th align=\"left\"><strong>\u00d5unakook<\/strong><\/th>\n<th align=\"left\"><strong>30 g<\/strong><\/th>\n<th align=\"left\"><strong>100 g<\/strong><\/th>\n<\/tr>\n<\/thead>\n<tbody>\n<tr>\n<td align=\"left\">Energia (kJ\/kcal)<\/td>\n<td align=\"left\">443.8\/106<\/td>\n<td align=\"left\">1479.4\/353.3<\/td>\n<\/tr>\n<tr>\n<td align=\"left\">Rasv (g)<\/td>\n<td align=\"left\">1.6<\/td>\n<td align=\"left\">5.2<\/td>\n<\/tr>\n<tr>\n<td align=\"left\">millest k\u00fcllastunud (g)<\/td>\n<td align=\"left\">0.5<\/td>\n<td align=\"left\">1.5<\/td>\n<\/tr>\n<tr>\n<td align=\"left\">S\u00fcsivesikud (g)<\/td>\n<td align=\"left\">3.1<\/td>\n<td align=\"left\">10.2<\/td>\n<\/tr>\n<tr>\n<td align=\"left\">millest suhkrud (g)<\/td>\n<td align=\"left\">0.9<\/td>\n<td align=\"left\">2.8<\/td>\n<\/tr>\n<tr>\n<td align=\"left\">Valgud (g)<\/td>\n<td align=\"left\">21.7<\/td>\n<td align=\"left\">72.4<\/td>\n<\/tr>\n<tr>\n<td align=\"left\">Kiudained (g)<\/td>\n<td align=\"left\">2.47<\/td>\n<td align=\"left\">8.25<\/td>\n<\/tr>\n<tr>\n<td align=\"left\">Sool (ei ole lisatud) (g)<\/td>\n<td align=\"left\">0.52<\/td>\n<td align=\"left\">1.76<\/td>\n<\/tr>\n<tr>\n<td align=\"left\">BCAA (mg)<\/td>\n<td align=\"left\">4961.3<\/td>\n<td align=\"left\">16530<\/td>\n<\/tr>\n<tr>\n<td align=\"left\"><strong>Vitamiinide sisaldus<\/strong><\/td>\n<td align=\"left\"><strong>30g<\/strong><\/td>\n<td align=\"left\"><strong>% NRV<\/strong><\/td>\n<\/tr>\n<tr>\n<td align=\"left\">Vitamiin B6<\/td>\n<td align=\"left\">1,4 mg<\/td>\n<td align=\"left\">100%<\/td>\n<\/tr>\n<\/tbody>\n<\/table>\n<p><strong>Kasutamine<\/strong>: <span style=\"font-weight: 400;\">Segage 30 g pulbrit (1 m\u00f5\u00f5telusikat\u00e4is) sheikeris 250-300 ml veega, kuni see on \u00fchtlaselt lahustunud, ja tarbige koheselt<\/span>.\u00a0V\u00f5ite lisada veidi v\u00e4hem v\u00f5i rohkem vett vastavalt oma soovile.\u00a0<span style=\"font-weight: 400;\">Toode ei asenda mitmekesist ja tasakaalustatud toitumist.\u00a0<\/span>Oluline on s\u00fc\u00fca tervislikult ja juua regulaarselt vett kogu p\u00e4eva jooksul.<\/p>\n<p><strong>Suurus<\/strong>: 480g &#8211; 16 serveeringut.<\/p>\n<p>Vaata ka meie Teisi Taimseid Valgupulbreid <a href=\"https:\/\/fit360.ee\/en\/product-category\/product-groups\/protein-poweders-en\/vegan-protein-en\/\"><strong>SIIT<\/strong><\/a> v\u00f5i Valgupulbreid <a href=\"https:\/\/fit360.ee\/en\/product-category\/product-groups\/protein-poweders-en\/\"><strong>SIIT<\/strong><\/a>!<\/p>\n<p>Soovid osta suuremas koguses? Vaata antud toodet ka meie HULGI lehelt\u00a0<a href=\"https:\/\/toidulisandidhulgi.ee\/product\/plant-protein\/\"><strong>SIIT<\/strong><\/a>!<\/p>\n","protected":false},"excerpt":{"rendered":"<ul>\n<li><strong>K\u00f5rge valgu- ja (~70%) kiudainesisaldus (\u00fcle 7%).<\/strong>\u00a0V\u00e4ga madal s\u00fcsivesikute ja rasvade sisaldus teevad sellest esmaklassilise valguallika. Sobib ka veganitele, kuid see on t\u00f5esti suurep\u00e4rane ja kergesti seeditav valk k\u00f5igile tarbimiseks.<\/li>\n<li><strong>Lisatud taimsed BCAA aminohapped<\/strong>, et saavutada tasakaalustatud aminohapete profiil. Sega \u0161eikeris veega ja naudi! Kasuta ka smuutides, putrudes v\u00f5i jogurtites valgukoguse suurendamiseks.<\/li>\n<li><strong>Lisatud B6 vitamiin, maca ja prebiootiline kiudaine inuliin\u00a0<\/strong>sigurijuurest, mis on hea seedimise toetamiseks.<\/li>\n<li><strong>Suurep\u00e4rased maitsed ning kreemine tekstuur.\u00a0<\/strong>T\u00f5estades, et taimne valk v\u00f5ib olla suurep\u00e4rase maitsega ja hea alternatiiv vadakuvalgule. Saadaval \u0161okolaadi, \u00f5unakoogi ja mango-stevia maitsed.<\/li>\n<li><strong>Gluteenivaba, laktoosivaba ja ilma lisatud suhkruta.<\/strong>\u00a0Pakendatud mugavasse FSC-sertifikaadiga purki.<\/li>\n<\/ul>\n","protected":false},"featured_media":68549,"comment_status":"closed","ping_status":"closed","template":"","meta":[],"product_brand":[],"product_cat":[2351,1318,2358,535,2428,1201],"product_tag":[1681,4194,4195],"giftcard-category":[],"class_list":{"0":"post-68555","1":"product","2":"type-product","3":"status-publish","4":"has-post-thumbnail","6":"product_cat-fiber-en","7":"product_cat-iconfit-en","8":"product_cat-maca-en","9":"product_cat-protein-poweders-en","10":"product_cat-vegan-protein-en","11":"product_cat-1201","12":"product_tag-iconfit-en","13":"product_tag-iconfit-plant-protein-en","14":"product_tag-plant-protein-en","15":"pa_maitse-chocolate","16":"pa_maitse-mango-stevia-en","17":"pa_maitse-ounapirukas-en","19":"first","20":"instock","21":"sale","22":"taxable","23":"shipping-taxable","24":"purchasable","25":"product-type-variable"},"yoast_head":"<!-- This site is optimized with the Yoast SEO plugin v27.3 - https:\/\/yoast.com\/product\/yoast-seo-wordpress\/ -->\n<title>ICONFIT Plant Protein (480g) - Taimne valgupulber - Fit360<\/title>\n<meta name=\"description\" content=\"Plant Protein -\u00a0suurep\u00e4rane taimne alternatiiv vadakuvalgule! Ideaalne, kui vajate valku treeningj\u00e4rgseks taastumiseks ja lihasarengu toetamiseks v\u00f5i ...\" \/>\n<meta name=\"robots\" content=\"index, follow, max-snippet:-1, max-image-preview:large, max-video-preview:-1\" \/>\n<link rel=\"canonical\" href=\"https:\/\/fit360.ee\/en\/pood\/product-groups\/superfoods-health-foods-en\/fiber-en\/plant-protein\/\" \/>\n<meta property=\"og:locale\" content=\"en_US\" \/>\n<meta property=\"og:type\" content=\"article\" \/>\n<meta property=\"og:title\" content=\"ICONFIT Plant Protein (480g) - Taimne valgupulber - Fit360\" \/>\n<meta property=\"og:description\" content=\"Plant Protein -\u00a0suurep\u00e4rane taimne alternatiiv vadakuvalgule! Ideaalne, kui vajate valku treeningj\u00e4rgseks taastumiseks ja lihasarengu toetamiseks v\u00f5i ...\" \/>\n<meta property=\"og:url\" content=\"https:\/\/fit360.ee\/en\/pood\/product-groups\/superfoods-health-foods-en\/fiber-en\/plant-protein\/\" \/>\n<meta property=\"og:site_name\" content=\"Fit360\" \/>\n<meta property=\"article:modified_time\" content=\"2026-04-10T12:56:39+00:00\" \/>\n<meta property=\"og:image\" content=\"https:\/\/fit360.ee\/wp-content\/uploads\/2023\/02\/plant-protein-fit360.ee_.jpg\" \/>\n\t<meta property=\"og:image:width\" content=\"669\" \/>\n\t<meta property=\"og:image:height\" content=\"669\" \/>\n\t<meta property=\"og:image:type\" content=\"image\/jpeg\" \/>\n<meta name=\"twitter:card\" content=\"summary_large_image\" \/>\n<meta name=\"twitter:label1\" content=\"Est. reading time\" \/>\n\t<meta name=\"twitter:data1\" content=\"4 minutes\" \/>\n<script type=\"application\/ld+json\" class=\"yoast-schema-graph\">{\"@context\":\"https:\\\/\\\/schema.org\",\"@graph\":[{\"@type\":\"WebPage\",\"@id\":\"https:\\\/\\\/fit360.ee\\\/en\\\/pood\\\/product-groups\\\/superfoods-health-foods-en\\\/fiber-en\\\/plant-protein\\\/\",\"url\":\"https:\\\/\\\/fit360.ee\\\/en\\\/pood\\\/product-groups\\\/superfoods-health-foods-en\\\/fiber-en\\\/plant-protein\\\/\",\"name\":\"ICONFIT Plant Protein (480g) - Taimne valgupulber - Fit360\",\"isPartOf\":{\"@id\":\"https:\\\/\\\/fit360.ee\\\/en\\\/#website\"},\"primaryImageOfPage\":{\"@id\":\"https:\\\/\\\/fit360.ee\\\/en\\\/pood\\\/product-groups\\\/superfoods-health-foods-en\\\/fiber-en\\\/plant-protein\\\/#primaryimage\"},\"image\":{\"@id\":\"https:\\\/\\\/fit360.ee\\\/en\\\/pood\\\/product-groups\\\/superfoods-health-foods-en\\\/fiber-en\\\/plant-protein\\\/#primaryimage\"},\"thumbnailUrl\":\"https:\\\/\\\/fit360.ee\\\/wp-content\\\/uploads\\\/2023\\\/02\\\/plant-protein-fit360.ee_.jpg\",\"datePublished\":\"2023-02-28T13:02:19+00:00\",\"dateModified\":\"2026-04-10T12:56:39+00:00\",\"description\":\"Plant Protein -\u00a0suurep\u00e4rane taimne alternatiiv vadakuvalgule! Ideaalne, kui vajate valku treeningj\u00e4rgseks taastumiseks ja lihasarengu toetamiseks v\u00f5i ...\",\"breadcrumb\":{\"@id\":\"https:\\\/\\\/fit360.ee\\\/en\\\/pood\\\/product-groups\\\/superfoods-health-foods-en\\\/fiber-en\\\/plant-protein\\\/#breadcrumb\"},\"inLanguage\":\"en-US\",\"potentialAction\":[{\"@type\":\"ReadAction\",\"target\":[\"https:\\\/\\\/fit360.ee\\\/en\\\/pood\\\/product-groups\\\/superfoods-health-foods-en\\\/fiber-en\\\/plant-protein\\\/\"]}]},{\"@type\":\"ImageObject\",\"inLanguage\":\"en-US\",\"@id\":\"https:\\\/\\\/fit360.ee\\\/en\\\/pood\\\/product-groups\\\/superfoods-health-foods-en\\\/fiber-en\\\/plant-protein\\\/#primaryimage\",\"url\":\"https:\\\/\\\/fit360.ee\\\/wp-content\\\/uploads\\\/2023\\\/02\\\/plant-protein-fit360.ee_.jpg\",\"contentUrl\":\"https:\\\/\\\/fit360.ee\\\/wp-content\\\/uploads\\\/2023\\\/02\\\/plant-protein-fit360.ee_.jpg\",\"width\":669,\"height\":669,\"caption\":\"plant protein - fit360.ee\"},{\"@type\":\"BreadcrumbList\",\"@id\":\"https:\\\/\\\/fit360.ee\\\/en\\\/pood\\\/product-groups\\\/superfoods-health-foods-en\\\/fiber-en\\\/plant-protein\\\/#breadcrumb\",\"itemListElement\":[{\"@type\":\"ListItem\",\"position\":1,\"name\":\"Home\",\"item\":\"https:\\\/\\\/fit360.ee\\\/en\\\/\"},{\"@type\":\"ListItem\",\"position\":2,\"name\":\"Shop\",\"item\":\"https:\\\/\\\/fit360.ee\\\/en\\\/shop\\\/\"},{\"@type\":\"ListItem\",\"position\":3,\"name\":\"ICONFIT Plant Protein (480g)\"}]},{\"@type\":\"WebSite\",\"@id\":\"https:\\\/\\\/fit360.ee\\\/en\\\/#website\",\"url\":\"https:\\\/\\\/fit360.ee\\\/en\\\/\",\"name\":\"Fit360\",\"description\":\"\",\"publisher\":{\"@id\":\"https:\\\/\\\/fit360.ee\\\/en\\\/#organization\"},\"potentialAction\":[{\"@type\":\"SearchAction\",\"target\":{\"@type\":\"EntryPoint\",\"urlTemplate\":\"https:\\\/\\\/fit360.ee\\\/en\\\/?s={search_term_string}\"},\"query-input\":{\"@type\":\"PropertyValueSpecification\",\"valueRequired\":true,\"valueName\":\"search_term_string\"}}],\"inLanguage\":\"en-US\"},{\"@type\":\"Organization\",\"@id\":\"https:\\\/\\\/fit360.ee\\\/en\\\/#organization\",\"name\":\"Fit360\",\"url\":\"https:\\\/\\\/fit360.ee\\\/en\\\/\",\"logo\":{\"@type\":\"ImageObject\",\"inLanguage\":\"en-US\",\"@id\":\"https:\\\/\\\/fit360.ee\\\/en\\\/#\\\/schema\\\/logo\\\/image\\\/\",\"url\":\"https:\\\/\\\/fit360.ee\\\/wp-content\\\/uploads\\\/2017\\\/01\\\/logo-fit360.png\",\"contentUrl\":\"https:\\\/\\\/fit360.ee\\\/wp-content\\\/uploads\\\/2017\\\/01\\\/logo-fit360.png\",\"width\":180,\"height\":66,\"caption\":\"Fit360\"},\"image\":{\"@id\":\"https:\\\/\\\/fit360.ee\\\/en\\\/#\\\/schema\\\/logo\\\/image\\\/\"}}]}<\/script>\n<!-- \/ Yoast SEO plugin. -->","yoast_head_json":{"title":"ICONFIT Plant Protein (480g) - Taimne valgupulber - Fit360","description":"Plant Protein -\u00a0suurep\u00e4rane taimne alternatiiv vadakuvalgule! Ideaalne, kui vajate valku treeningj\u00e4rgseks taastumiseks ja lihasarengu toetamiseks v\u00f5i ...","robots":{"index":"index","follow":"follow","max-snippet":"max-snippet:-1","max-image-preview":"max-image-preview:large","max-video-preview":"max-video-preview:-1"},"canonical":"https:\/\/fit360.ee\/en\/pood\/product-groups\/superfoods-health-foods-en\/fiber-en\/plant-protein\/","og_locale":"en_US","og_type":"article","og_title":"ICONFIT Plant Protein (480g) - Taimne valgupulber - Fit360","og_description":"Plant Protein -\u00a0suurep\u00e4rane taimne alternatiiv vadakuvalgule! Ideaalne, kui vajate valku treeningj\u00e4rgseks taastumiseks ja lihasarengu toetamiseks v\u00f5i ...","og_url":"https:\/\/fit360.ee\/en\/pood\/product-groups\/superfoods-health-foods-en\/fiber-en\/plant-protein\/","og_site_name":"Fit360","article_modified_time":"2026-04-10T12:56:39+00:00","og_image":[{"width":669,"height":669,"url":"https:\/\/fit360.ee\/wp-content\/uploads\/2023\/02\/plant-protein-fit360.ee_.jpg","type":"image\/jpeg"}],"twitter_card":"summary_large_image","twitter_misc":{"Est. reading time":"4 minutes"},"schema":{"@context":"https:\/\/schema.org","@graph":[{"@type":"WebPage","@id":"https:\/\/fit360.ee\/en\/pood\/product-groups\/superfoods-health-foods-en\/fiber-en\/plant-protein\/","url":"https:\/\/fit360.ee\/en\/pood\/product-groups\/superfoods-health-foods-en\/fiber-en\/plant-protein\/","name":"ICONFIT Plant Protein (480g) - Taimne valgupulber - Fit360","isPartOf":{"@id":"https:\/\/fit360.ee\/en\/#website"},"primaryImageOfPage":{"@id":"https:\/\/fit360.ee\/en\/pood\/product-groups\/superfoods-health-foods-en\/fiber-en\/plant-protein\/#primaryimage"},"image":{"@id":"https:\/\/fit360.ee\/en\/pood\/product-groups\/superfoods-health-foods-en\/fiber-en\/plant-protein\/#primaryimage"},"thumbnailUrl":"https:\/\/fit360.ee\/wp-content\/uploads\/2023\/02\/plant-protein-fit360.ee_.jpg","datePublished":"2023-02-28T13:02:19+00:00","dateModified":"2026-04-10T12:56:39+00:00","description":"Plant Protein -\u00a0suurep\u00e4rane taimne alternatiiv vadakuvalgule! Ideaalne, kui vajate valku treeningj\u00e4rgseks taastumiseks ja lihasarengu toetamiseks v\u00f5i ...","breadcrumb":{"@id":"https:\/\/fit360.ee\/en\/pood\/product-groups\/superfoods-health-foods-en\/fiber-en\/plant-protein\/#breadcrumb"},"inLanguage":"en-US","potentialAction":[{"@type":"ReadAction","target":["https:\/\/fit360.ee\/en\/pood\/product-groups\/superfoods-health-foods-en\/fiber-en\/plant-protein\/"]}]},{"@type":"ImageObject","inLanguage":"en-US","@id":"https:\/\/fit360.ee\/en\/pood\/product-groups\/superfoods-health-foods-en\/fiber-en\/plant-protein\/#primaryimage","url":"https:\/\/fit360.ee\/wp-content\/uploads\/2023\/02\/plant-protein-fit360.ee_.jpg","contentUrl":"https:\/\/fit360.ee\/wp-content\/uploads\/2023\/02\/plant-protein-fit360.ee_.jpg","width":669,"height":669,"caption":"plant protein - fit360.ee"},{"@type":"BreadcrumbList","@id":"https:\/\/fit360.ee\/en\/pood\/product-groups\/superfoods-health-foods-en\/fiber-en\/plant-protein\/#breadcrumb","itemListElement":[{"@type":"ListItem","position":1,"name":"Home","item":"https:\/\/fit360.ee\/en\/"},{"@type":"ListItem","position":2,"name":"Shop","item":"https:\/\/fit360.ee\/en\/shop\/"},{"@type":"ListItem","position":3,"name":"ICONFIT Plant Protein (480g)"}]},{"@type":"WebSite","@id":"https:\/\/fit360.ee\/en\/#website","url":"https:\/\/fit360.ee\/en\/","name":"Fit360","description":"","publisher":{"@id":"https:\/\/fit360.ee\/en\/#organization"},"potentialAction":[{"@type":"SearchAction","target":{"@type":"EntryPoint","urlTemplate":"https:\/\/fit360.ee\/en\/?s={search_term_string}"},"query-input":{"@type":"PropertyValueSpecification","valueRequired":true,"valueName":"search_term_string"}}],"inLanguage":"en-US"},{"@type":"Organization","@id":"https:\/\/fit360.ee\/en\/#organization","name":"Fit360","url":"https:\/\/fit360.ee\/en\/","logo":{"@type":"ImageObject","inLanguage":"en-US","@id":"https:\/\/fit360.ee\/en\/#\/schema\/logo\/image\/","url":"https:\/\/fit360.ee\/wp-content\/uploads\/2017\/01\/logo-fit360.png","contentUrl":"https:\/\/fit360.ee\/wp-content\/uploads\/2017\/01\/logo-fit360.png","width":180,"height":66,"caption":"Fit360"},"image":{"@id":"https:\/\/fit360.ee\/en\/#\/schema\/logo\/image\/"}}]}},"_links":{"self":[{"href":"https:\/\/fit360.ee\/en\/wp-json\/wp\/v2\/product\/68555","targetHints":{"allow":["GET"]}}],"collection":[{"href":"https:\/\/fit360.ee\/en\/wp-json\/wp\/v2\/product"}],"about":[{"href":"https:\/\/fit360.ee\/en\/wp-json\/wp\/v2\/types\/product"}],"replies":[{"embeddable":true,"href":"https:\/\/fit360.ee\/en\/wp-json\/wp\/v2\/comments?post=68555"}],"wp:featuredmedia":[{"embeddable":true,"href":"https:\/\/fit360.ee\/en\/wp-json\/wp\/v2\/media\/68549"}],"wp:attachment":[{"href":"https:\/\/fit360.ee\/en\/wp-json\/wp\/v2\/media?parent=68555"}],"wp:term":[{"taxonomy":"product_brand","embeddable":true,"href":"https:\/\/fit360.ee\/en\/wp-json\/wp\/v2\/product_brand?post=68555"},{"taxonomy":"product_cat","embeddable":true,"href":"https:\/\/fit360.ee\/en\/wp-json\/wp\/v2\/product_cat?post=68555"},{"taxonomy":"product_tag","embeddable":true,"href":"https:\/\/fit360.ee\/en\/wp-json\/wp\/v2\/product_tag?post=68555"},{"taxonomy":"giftcard-category","embeddable":true,"href":"https:\/\/fit360.ee\/en\/wp-json\/wp\/v2\/giftcard-category?post=68555"}],"curies":[{"name":"wp","href":"https:\/\/api.w.org\/{rel}","templated":true}]}}