{"id":68649,"date":"2023-03-03T14:01:29","date_gmt":"2023-03-03T12:01:29","guid":{"rendered":"https:\/\/fit360.ee\/pood\/uncategorized\/bb-lifting-belt\/"},"modified":"2026-04-10T12:42:42","modified_gmt":"2026-04-10T10:42:42","slug":"bb-lifting-belt","status":"publish","type":"product","link":"https:\/\/fit360.ee\/en\/pood\/training-equipment-en\/belts-en\/bb-lifting-belt\/","title":{"rendered":"BB Lifting Belt, Must"},"content":{"rendered":"<h2><strong>BB Lifting Belt<\/strong><\/h2>\n<p><strong>Materjal:<\/strong>\u00a0taimpargitud nahk<br \/>\n<strong>Omadused:<\/strong>\u00a0vahetatavad needid, raske kahe tihvtiga lukk, 9 haru auku reguleeritava sobivuse jaoks, tsentreeritud Better Bodies tikandid tagak\u00fcljel<\/p>\n<p><strong>Pange t\u00e4hele:<\/strong> BB Lifting Belt on valmistatud kvaliteetsest keskkonnas\u00f5bralikust taimpargitud nahast. Kasutatava v\u00e4rvimistehnika t\u00fc\u00fcbi korral kandub v\u00e4rv teistele kangastele ja r\u00f5ivastele, eriti kui need on uued.<\/p>\n<p>BB t\u00f5sterihm on \u00e4\u00e4rmiselt pehme, kuid pakub siiski stabiilsust ja tuge enamiku j\u00f5usaali t\u00f5stete jaoks.\u00a0Kui olete selle selga pannud, m\u00e4rkate, et nahk liigub koos teie kehaga ja mida rohkem te seda kasutate, seda rohkem see teiega koos vormib. See teeb BB t\u00f5stev\u00f6\u00f6st elukestva treeningukaaslase.\u00a0Needid on vahetatavad ning t\u00e4iusliku reguleeritava sobivuse tagamiseks oleme lisanud 2 tihvti ja 9 haruavaga raske pandla. BB Lifting Belt tugev t\u00f5stev\u00f6\u00f6 on igas Better Bodies atleedi treeningkotis olemas ja aastate jooksul oleme t\u00f6\u00f6tanud erinevate rihmadega ka k\u00f5ige raskemate koormuste jaoks. See BB t\u00f5stev\u00f6\u00f6 sobib rohkem j\u00f5usaalis kasutamiseks.<\/p>\n<p><strong>T\u00e4iendav suurusteave:<\/strong><br \/>\nXXS: 21-25&#8243; \/ 55-65 cm<br \/>\nXS: 25-30&#8243; \/ 65-75 cm<br \/>\nS: 30-38&#8243; \/ 75-95 cm<br \/>\nM: 32-40&#8243; \/ 80-100 cm<br \/>\nL: 34-42&#8243; \/ 85\u2013105 cm<br \/>\nXL: 36\u201344\u201d \/ 90\u2013110 cm<\/p>\n<p>Suuruse juhend (v\u00f6\u00f6koha j\u00e4rgi).<br \/>\nSellel on 9 haru auku ca.\u00a0\u00bd\u201d \/ 1,5 cm vahel.<\/p>\n<p><strong>NB!\u00a0<\/strong>Soovid tellida teistsugust mudelit, suurust v\u00f5i v\u00e4rvi? V\u00f5tame vastu\u00a0<strong>BETTER BODIES\u00a0<\/strong>ja\u00a0<strong>GASP<\/strong>\u00a0treeningr\u00f5ivaste ning aksessuaaride tellimusi. Tellimine toimub 2 korda kuus. Soovi korral kirjuta:\u00a0<strong>info@fit360.ee<\/strong><\/p>\n<p><a href=\"https:\/\/fit360.ee\/wp-content\/uploads\/2023\/03\/bb-tostevoo-fit360.ee_-800x800.jpg\"><img loading=\"lazy\" decoding=\"async\" class=\"size-medium wp-image-68639\" src=\"https:\/\/fit360.ee\/wp-content\/uploads\/2023\/03\/bb-tostevoo-fit360.ee_-800x800.jpg\" alt=\"bb t\u00f5stev\u00f6\u00f6 - fit360.ee\" width=\"800\" height=\"800\" srcset=\"https:\/\/fit360.ee\/wp-content\/uploads\/2023\/03\/bb-tostevoo-fit360.ee_-800x800.jpg 800w, https:\/\/fit360.ee\/wp-content\/uploads\/2023\/03\/bb-tostevoo-fit360.ee_-247x247.jpg 247w, https:\/\/fit360.ee\/wp-content\/uploads\/2023\/03\/bb-tostevoo-fit360.ee_-100x100.jpg 100w, https:\/\/fit360.ee\/wp-content\/uploads\/2023\/03\/bb-tostevoo-fit360.ee_-510x510.jpg 510w, https:\/\/fit360.ee\/wp-content\/uploads\/2023\/03\/bb-tostevoo-fit360.ee_-340x340.jpg 340w, https:\/\/fit360.ee\/wp-content\/uploads\/2023\/03\/bb-tostevoo-fit360.ee_-768x768.jpg 768w, https:\/\/fit360.ee\/wp-content\/uploads\/2023\/03\/bb-tostevoo-fit360.ee_.jpg 1000w\" sizes=\"auto, (max-width: 800px) 100vw, 800px\" \/><\/a><\/p>\n<p><a href=\"https:\/\/fit360.ee\/wp-content\/uploads\/2023\/03\/bb-lifting-belt-fit360.ee_-800x800.jpg\"><img loading=\"lazy\" decoding=\"async\" class=\"size-medium wp-image-68641\" src=\"https:\/\/fit360.ee\/wp-content\/uploads\/2023\/03\/bb-lifting-belt-fit360.ee_-800x800.jpg\" alt=\"bb lifting belt - fit360.ee\" width=\"800\" height=\"800\" srcset=\"https:\/\/fit360.ee\/wp-content\/uploads\/2023\/03\/bb-lifting-belt-fit360.ee_-800x800.jpg 800w, https:\/\/fit360.ee\/wp-content\/uploads\/2023\/03\/bb-lifting-belt-fit360.ee_-247x247.jpg 247w, https:\/\/fit360.ee\/wp-content\/uploads\/2023\/03\/bb-lifting-belt-fit360.ee_-100x100.jpg 100w, https:\/\/fit360.ee\/wp-content\/uploads\/2023\/03\/bb-lifting-belt-fit360.ee_-510x510.jpg 510w, https:\/\/fit360.ee\/wp-content\/uploads\/2023\/03\/bb-lifting-belt-fit360.ee_-340x340.jpg 340w, https:\/\/fit360.ee\/wp-content\/uploads\/2023\/03\/bb-lifting-belt-fit360.ee_-768x768.jpg 768w, https:\/\/fit360.ee\/wp-content\/uploads\/2023\/03\/bb-lifting-belt-fit360.ee_.jpg 1000w\" sizes=\"auto, (max-width: 800px) 100vw, 800px\" \/><\/a><\/p>\n<p><a href=\"https:\/\/fit360.ee\/wp-content\/uploads\/2023\/03\/bb-lifting-belt-must-fit360.ee_-800x800.jpg\"><img loading=\"lazy\" decoding=\"async\" class=\"size-medium wp-image-68637\" src=\"https:\/\/fit360.ee\/wp-content\/uploads\/2023\/03\/bb-lifting-belt-must-fit360.ee_-800x800.jpg\" alt=\"bb lifting belt must - fit360.ee\" width=\"800\" height=\"800\" srcset=\"https:\/\/fit360.ee\/wp-content\/uploads\/2023\/03\/bb-lifting-belt-must-fit360.ee_-800x800.jpg 800w, https:\/\/fit360.ee\/wp-content\/uploads\/2023\/03\/bb-lifting-belt-must-fit360.ee_-247x247.jpg 247w, https:\/\/fit360.ee\/wp-content\/uploads\/2023\/03\/bb-lifting-belt-must-fit360.ee_-100x100.jpg 100w, https:\/\/fit360.ee\/wp-content\/uploads\/2023\/03\/bb-lifting-belt-must-fit360.ee_-510x510.jpg 510w, https:\/\/fit360.ee\/wp-content\/uploads\/2023\/03\/bb-lifting-belt-must-fit360.ee_-340x340.jpg 340w, https:\/\/fit360.ee\/wp-content\/uploads\/2023\/03\/bb-lifting-belt-must-fit360.ee_-768x768.jpg 768w, https:\/\/fit360.ee\/wp-content\/uploads\/2023\/03\/bb-lifting-belt-must-fit360.ee_.jpg 1000w\" sizes=\"auto, (max-width: 800px) 100vw, 800px\" \/><\/a><\/p>\n","protected":false},"excerpt":{"rendered":"<p><strong>BB Lifting Belt<\/strong> on \u00e4\u00e4rmiselt pehme, kuid pakub siiski stabiilsust ja tuge enamiku j\u00f5usaali t\u00f5stete jaoks. Kui olete selle selga pannud, m\u00e4rkate, et nahk liigub koos teie kehaga ja mida rohkem Te seda kasutate, seda rohkem see Teiega koos vormib. See teeb BB t\u00f5stev\u00f6\u00f6st elukestva treeningukaaslase.<\/p>\n","protected":false},"featured_media":68642,"comment_status":"closed","ping_status":"closed","template":"","meta":[],"product_brand":[],"product_cat":[550],"product_tag":[4205,4206,2522],"giftcard-category":[],"class_list":{"0":"post-68649","1":"product","2":"type-product","3":"status-publish","4":"has-post-thumbnail","6":"product_cat-belts-en","7":"product_tag-bb-lifting-belt-en","8":"product_tag-bb-tostevoo-en","9":"product_tag-better-bodies-en","10":"pa_suurus-l","11":"pa_suurus-m","12":"pa_suurus-xl","14":"first","15":"instock","16":"sale","17":"taxable","18":"shipping-taxable","19":"purchasable","20":"product-type-variable"},"yoast_head":"<!-- This site is optimized with the Yoast SEO plugin v27.3 - https:\/\/yoast.com\/product\/yoast-seo-wordpress\/ -->\n<title>BB Lifting Belt, Must - Tugev t\u00f5stev\u00f6\u00f6 - Kiire Tarne - Fit360<\/title>\n<meta name=\"description\" content=\"BB Lifting Belt on \u00e4\u00e4rmiselt pehme, kuid pakub siiski stabiilsust ja tuge enamiku j\u00f5usaali t\u00f5stete jaoks.\u00a0Kui olete selle selga pannud, m\u00e4rkate, et nahk ...\" \/>\n<meta name=\"robots\" content=\"index, follow, max-snippet:-1, max-image-preview:large, max-video-preview:-1\" \/>\n<link rel=\"canonical\" href=\"https:\/\/fit360.ee\/en\/pood\/training-equipment-en\/belts-en\/bb-lifting-belt\/\" \/>\n<meta property=\"og:locale\" content=\"en_US\" \/>\n<meta property=\"og:type\" content=\"article\" \/>\n<meta property=\"og:title\" content=\"BB Lifting Belt, Must - Tugev t\u00f5stev\u00f6\u00f6 - Kiire Tarne - Fit360\" \/>\n<meta property=\"og:description\" content=\"BB Lifting Belt on \u00e4\u00e4rmiselt pehme, kuid pakub siiski stabiilsust ja tuge enamiku j\u00f5usaali t\u00f5stete jaoks.\u00a0Kui olete selle selga pannud, m\u00e4rkate, et nahk ...\" \/>\n<meta property=\"og:url\" content=\"https:\/\/fit360.ee\/en\/pood\/training-equipment-en\/belts-en\/bb-lifting-belt\/\" \/>\n<meta property=\"og:site_name\" content=\"Fit360\" \/>\n<meta property=\"article:modified_time\" content=\"2026-04-10T10:42:42+00:00\" \/>\n<meta property=\"og:image\" content=\"https:\/\/fit360.ee\/wp-content\/uploads\/2023\/03\/bb-lifting-belt-fit360.ee_.jpg\" \/>\n\t<meta property=\"og:image:width\" content=\"1000\" \/>\n\t<meta property=\"og:image:height\" content=\"1000\" \/>\n\t<meta property=\"og:image:type\" content=\"image\/jpeg\" \/>\n<meta name=\"twitter:card\" content=\"summary_large_image\" \/>\n<meta name=\"twitter:label1\" content=\"Est. reading time\" \/>\n\t<meta name=\"twitter:data1\" content=\"2 minutes\" \/>\n<script type=\"application\/ld+json\" class=\"yoast-schema-graph\">{\"@context\":\"https:\\\/\\\/schema.org\",\"@graph\":[{\"@type\":\"WebPage\",\"@id\":\"https:\\\/\\\/fit360.ee\\\/en\\\/pood\\\/training-equipment-en\\\/belts-en\\\/bb-lifting-belt\\\/\",\"url\":\"https:\\\/\\\/fit360.ee\\\/en\\\/pood\\\/training-equipment-en\\\/belts-en\\\/bb-lifting-belt\\\/\",\"name\":\"BB Lifting Belt, Must - Tugev t\u00f5stev\u00f6\u00f6 - Kiire Tarne - Fit360\",\"isPartOf\":{\"@id\":\"https:\\\/\\\/fit360.ee\\\/en\\\/#website\"},\"primaryImageOfPage\":{\"@id\":\"https:\\\/\\\/fit360.ee\\\/en\\\/pood\\\/training-equipment-en\\\/belts-en\\\/bb-lifting-belt\\\/#primaryimage\"},\"image\":{\"@id\":\"https:\\\/\\\/fit360.ee\\\/en\\\/pood\\\/training-equipment-en\\\/belts-en\\\/bb-lifting-belt\\\/#primaryimage\"},\"thumbnailUrl\":\"https:\\\/\\\/fit360.ee\\\/wp-content\\\/uploads\\\/2023\\\/03\\\/bb-lifting-belt-fit360.ee_.jpg\",\"datePublished\":\"2023-03-03T12:01:29+00:00\",\"dateModified\":\"2026-04-10T10:42:42+00:00\",\"description\":\"BB Lifting Belt on \u00e4\u00e4rmiselt pehme, kuid pakub siiski stabiilsust ja tuge enamiku j\u00f5usaali t\u00f5stete jaoks.\u00a0Kui olete selle selga pannud, m\u00e4rkate, et nahk ...\",\"breadcrumb\":{\"@id\":\"https:\\\/\\\/fit360.ee\\\/en\\\/pood\\\/training-equipment-en\\\/belts-en\\\/bb-lifting-belt\\\/#breadcrumb\"},\"inLanguage\":\"en-US\",\"potentialAction\":[{\"@type\":\"ReadAction\",\"target\":[\"https:\\\/\\\/fit360.ee\\\/en\\\/pood\\\/training-equipment-en\\\/belts-en\\\/bb-lifting-belt\\\/\"]}]},{\"@type\":\"ImageObject\",\"inLanguage\":\"en-US\",\"@id\":\"https:\\\/\\\/fit360.ee\\\/en\\\/pood\\\/training-equipment-en\\\/belts-en\\\/bb-lifting-belt\\\/#primaryimage\",\"url\":\"https:\\\/\\\/fit360.ee\\\/wp-content\\\/uploads\\\/2023\\\/03\\\/bb-lifting-belt-fit360.ee_.jpg\",\"contentUrl\":\"https:\\\/\\\/fit360.ee\\\/wp-content\\\/uploads\\\/2023\\\/03\\\/bb-lifting-belt-fit360.ee_.jpg\",\"width\":1000,\"height\":1000,\"caption\":\"bb lifting belt - fit360.ee\"},{\"@type\":\"BreadcrumbList\",\"@id\":\"https:\\\/\\\/fit360.ee\\\/en\\\/pood\\\/training-equipment-en\\\/belts-en\\\/bb-lifting-belt\\\/#breadcrumb\",\"itemListElement\":[{\"@type\":\"ListItem\",\"position\":1,\"name\":\"Home\",\"item\":\"https:\\\/\\\/fit360.ee\\\/en\\\/\"},{\"@type\":\"ListItem\",\"position\":2,\"name\":\"Shop\",\"item\":\"https:\\\/\\\/fit360.ee\\\/en\\\/shop\\\/\"},{\"@type\":\"ListItem\",\"position\":3,\"name\":\"BB Lifting Belt, Must\"}]},{\"@type\":\"WebSite\",\"@id\":\"https:\\\/\\\/fit360.ee\\\/en\\\/#website\",\"url\":\"https:\\\/\\\/fit360.ee\\\/en\\\/\",\"name\":\"Fit360\",\"description\":\"\",\"publisher\":{\"@id\":\"https:\\\/\\\/fit360.ee\\\/en\\\/#organization\"},\"potentialAction\":[{\"@type\":\"SearchAction\",\"target\":{\"@type\":\"EntryPoint\",\"urlTemplate\":\"https:\\\/\\\/fit360.ee\\\/en\\\/?s={search_term_string}\"},\"query-input\":{\"@type\":\"PropertyValueSpecification\",\"valueRequired\":true,\"valueName\":\"search_term_string\"}}],\"inLanguage\":\"en-US\"},{\"@type\":\"Organization\",\"@id\":\"https:\\\/\\\/fit360.ee\\\/en\\\/#organization\",\"name\":\"Fit360\",\"url\":\"https:\\\/\\\/fit360.ee\\\/en\\\/\",\"logo\":{\"@type\":\"ImageObject\",\"inLanguage\":\"en-US\",\"@id\":\"https:\\\/\\\/fit360.ee\\\/en\\\/#\\\/schema\\\/logo\\\/image\\\/\",\"url\":\"https:\\\/\\\/fit360.ee\\\/wp-content\\\/uploads\\\/2017\\\/01\\\/logo-fit360.png\",\"contentUrl\":\"https:\\\/\\\/fit360.ee\\\/wp-content\\\/uploads\\\/2017\\\/01\\\/logo-fit360.png\",\"width\":180,\"height\":66,\"caption\":\"Fit360\"},\"image\":{\"@id\":\"https:\\\/\\\/fit360.ee\\\/en\\\/#\\\/schema\\\/logo\\\/image\\\/\"}}]}<\/script>\n<!-- \/ Yoast SEO plugin. -->","yoast_head_json":{"title":"BB Lifting Belt, Must - Tugev t\u00f5stev\u00f6\u00f6 - Kiire Tarne - Fit360","description":"BB Lifting Belt on \u00e4\u00e4rmiselt pehme, kuid pakub siiski stabiilsust ja tuge enamiku j\u00f5usaali t\u00f5stete jaoks.\u00a0Kui olete selle selga pannud, m\u00e4rkate, et nahk ...","robots":{"index":"index","follow":"follow","max-snippet":"max-snippet:-1","max-image-preview":"max-image-preview:large","max-video-preview":"max-video-preview:-1"},"canonical":"https:\/\/fit360.ee\/en\/pood\/training-equipment-en\/belts-en\/bb-lifting-belt\/","og_locale":"en_US","og_type":"article","og_title":"BB Lifting Belt, Must - Tugev t\u00f5stev\u00f6\u00f6 - Kiire Tarne - Fit360","og_description":"BB Lifting Belt on \u00e4\u00e4rmiselt pehme, kuid pakub siiski stabiilsust ja tuge enamiku j\u00f5usaali t\u00f5stete jaoks.\u00a0Kui olete selle selga pannud, m\u00e4rkate, et nahk ...","og_url":"https:\/\/fit360.ee\/en\/pood\/training-equipment-en\/belts-en\/bb-lifting-belt\/","og_site_name":"Fit360","article_modified_time":"2026-04-10T10:42:42+00:00","og_image":[{"width":1000,"height":1000,"url":"https:\/\/fit360.ee\/wp-content\/uploads\/2023\/03\/bb-lifting-belt-fit360.ee_.jpg","type":"image\/jpeg"}],"twitter_card":"summary_large_image","twitter_misc":{"Est. reading time":"2 minutes"},"schema":{"@context":"https:\/\/schema.org","@graph":[{"@type":"WebPage","@id":"https:\/\/fit360.ee\/en\/pood\/training-equipment-en\/belts-en\/bb-lifting-belt\/","url":"https:\/\/fit360.ee\/en\/pood\/training-equipment-en\/belts-en\/bb-lifting-belt\/","name":"BB Lifting Belt, Must - Tugev t\u00f5stev\u00f6\u00f6 - Kiire Tarne - Fit360","isPartOf":{"@id":"https:\/\/fit360.ee\/en\/#website"},"primaryImageOfPage":{"@id":"https:\/\/fit360.ee\/en\/pood\/training-equipment-en\/belts-en\/bb-lifting-belt\/#primaryimage"},"image":{"@id":"https:\/\/fit360.ee\/en\/pood\/training-equipment-en\/belts-en\/bb-lifting-belt\/#primaryimage"},"thumbnailUrl":"https:\/\/fit360.ee\/wp-content\/uploads\/2023\/03\/bb-lifting-belt-fit360.ee_.jpg","datePublished":"2023-03-03T12:01:29+00:00","dateModified":"2026-04-10T10:42:42+00:00","description":"BB Lifting Belt on \u00e4\u00e4rmiselt pehme, kuid pakub siiski stabiilsust ja tuge enamiku j\u00f5usaali t\u00f5stete jaoks.\u00a0Kui olete selle selga pannud, m\u00e4rkate, et nahk ...","breadcrumb":{"@id":"https:\/\/fit360.ee\/en\/pood\/training-equipment-en\/belts-en\/bb-lifting-belt\/#breadcrumb"},"inLanguage":"en-US","potentialAction":[{"@type":"ReadAction","target":["https:\/\/fit360.ee\/en\/pood\/training-equipment-en\/belts-en\/bb-lifting-belt\/"]}]},{"@type":"ImageObject","inLanguage":"en-US","@id":"https:\/\/fit360.ee\/en\/pood\/training-equipment-en\/belts-en\/bb-lifting-belt\/#primaryimage","url":"https:\/\/fit360.ee\/wp-content\/uploads\/2023\/03\/bb-lifting-belt-fit360.ee_.jpg","contentUrl":"https:\/\/fit360.ee\/wp-content\/uploads\/2023\/03\/bb-lifting-belt-fit360.ee_.jpg","width":1000,"height":1000,"caption":"bb lifting belt - fit360.ee"},{"@type":"BreadcrumbList","@id":"https:\/\/fit360.ee\/en\/pood\/training-equipment-en\/belts-en\/bb-lifting-belt\/#breadcrumb","itemListElement":[{"@type":"ListItem","position":1,"name":"Home","item":"https:\/\/fit360.ee\/en\/"},{"@type":"ListItem","position":2,"name":"Shop","item":"https:\/\/fit360.ee\/en\/shop\/"},{"@type":"ListItem","position":3,"name":"BB Lifting Belt, Must"}]},{"@type":"WebSite","@id":"https:\/\/fit360.ee\/en\/#website","url":"https:\/\/fit360.ee\/en\/","name":"Fit360","description":"","publisher":{"@id":"https:\/\/fit360.ee\/en\/#organization"},"potentialAction":[{"@type":"SearchAction","target":{"@type":"EntryPoint","urlTemplate":"https:\/\/fit360.ee\/en\/?s={search_term_string}"},"query-input":{"@type":"PropertyValueSpecification","valueRequired":true,"valueName":"search_term_string"}}],"inLanguage":"en-US"},{"@type":"Organization","@id":"https:\/\/fit360.ee\/en\/#organization","name":"Fit360","url":"https:\/\/fit360.ee\/en\/","logo":{"@type":"ImageObject","inLanguage":"en-US","@id":"https:\/\/fit360.ee\/en\/#\/schema\/logo\/image\/","url":"https:\/\/fit360.ee\/wp-content\/uploads\/2017\/01\/logo-fit360.png","contentUrl":"https:\/\/fit360.ee\/wp-content\/uploads\/2017\/01\/logo-fit360.png","width":180,"height":66,"caption":"Fit360"},"image":{"@id":"https:\/\/fit360.ee\/en\/#\/schema\/logo\/image\/"}}]}},"_links":{"self":[{"href":"https:\/\/fit360.ee\/en\/wp-json\/wp\/v2\/product\/68649","targetHints":{"allow":["GET"]}}],"collection":[{"href":"https:\/\/fit360.ee\/en\/wp-json\/wp\/v2\/product"}],"about":[{"href":"https:\/\/fit360.ee\/en\/wp-json\/wp\/v2\/types\/product"}],"replies":[{"embeddable":true,"href":"https:\/\/fit360.ee\/en\/wp-json\/wp\/v2\/comments?post=68649"}],"wp:featuredmedia":[{"embeddable":true,"href":"https:\/\/fit360.ee\/en\/wp-json\/wp\/v2\/media\/68642"}],"wp:attachment":[{"href":"https:\/\/fit360.ee\/en\/wp-json\/wp\/v2\/media?parent=68649"}],"wp:term":[{"taxonomy":"product_brand","embeddable":true,"href":"https:\/\/fit360.ee\/en\/wp-json\/wp\/v2\/product_brand?post=68649"},{"taxonomy":"product_cat","embeddable":true,"href":"https:\/\/fit360.ee\/en\/wp-json\/wp\/v2\/product_cat?post=68649"},{"taxonomy":"product_tag","embeddable":true,"href":"https:\/\/fit360.ee\/en\/wp-json\/wp\/v2\/product_tag?post=68649"},{"taxonomy":"giftcard-category","embeddable":true,"href":"https:\/\/fit360.ee\/en\/wp-json\/wp\/v2\/giftcard-category?post=68649"}],"curies":[{"name":"wp","href":"https:\/\/api.w.org\/{rel}","templated":true}]}}