{"id":68842,"date":"2023-03-10T13:23:04","date_gmt":"2023-03-10T11:23:04","guid":{"rendered":"https:\/\/fit360.ee\/pood\/uncategorized\/critical-cookie\/"},"modified":"2025-08-13T07:35:51","modified_gmt":"2025-08-13T05:35:51","slug":"critical-cookie","status":"publish","type":"product","link":"https:\/\/fit360.ee\/en\/pood\/product-groups\/protein-bars-and-snacks\/critical-cookie\/","title":{"rendered":"Critical Cookie (73g)"},"content":{"rendered":"<h2><strong>Critical Cookie<\/strong><\/h2>\n<p>Critical Cookie on k\u00f5rge valgusisaldusega suupiste, mida on mugav kanda spordikotis v\u00f5i kuhugi kaasa v\u00f5tta. \u00dcks k\u00fcpsis sisaldab 20g valku! Saadaval \u00fcksikutes \u00fchikutes v\u00f5i 12-ga karbis.<\/p>\n<ul>\n<li data-mce-fragment=\"1\">17 g valku k\u00fcpsise kohta<\/li>\n<li data-mce-fragment=\"1\">Ei mingit kunstlikku magusainet<\/li>\n<li data-mce-fragment=\"1\">Ei mingeid suhkrualkohole<\/li>\n<li data-mce-fragment=\"1\">Looduslik maitse<\/li>\n<li data-mce-fragment=\"1\">V\u00e4rskelt k\u00fcpsetatud<\/li>\n<li data-mce-fragment=\"1\">GMO vaba<\/li>\n<li data-mce-fragment=\"1\">Halal sertifikaadiga toode<\/li>\n<li data-mce-fragment=\"1\">Testitud Wada Athletes\u2122 jaoks &#8211; ehk toode on l\u00e4binu keelatud ainete kontrolli<\/li>\n<li>Looduslik maitse<\/li>\n<\/ul>\n<h4><strong>Koostisosad Critical Cookie<\/strong>:<\/h4>\n<p><span style=\"font-size: 14.4px;\"><strong>Double Chocolate<\/strong><\/span><span style=\"color: #333333; font-size: 14.4px;\">\u00a0<\/span><span style=\"color: #333333; font-size: 14.4px;\">\u00a0<\/span><span style=\"color: #333333; font-size: 14.4px;\">\u00a0<\/span><span style=\"color: #333333; font-size: 14.4px;\">\u00a0<\/span><span style=\"color: #333333; font-size: 14.4px;\">\u00a0<\/span><span style=\"color: #333333; font-size: 14.4px;\">\u00a0<\/span><\/p>\n<p><span style=\"color: #333333; font-size: 14.4px;\">K\u00fcpsisegu (suhkur, vadakuvalgu kontsentraat ( <\/span><strong style=\"color: #333333; font-size: 14.4px;\">PIIM<\/strong><span style=\"color: #333333; font-size: 14.4px;\">\u00a0),\u00a0<strong>PIIMAvalk<\/strong>\u00a0,\u00a0<strong>nisujahu<\/strong>\u00a0(\u00a0<strong>nisujahu<\/strong>\u00a0, kaltsium, raud, niatsiin, tiamiin), taime\u00f5lid (palmi-, rapsiseemned), looduslik vanilje maitseaine, roo melass, kergitusained (E450) i), E500, E501), margariin (taime\u00f5lid (palmi-, rapsiseemned), sool, emulgaator: rasvhapete mono- ja digl\u00fctseriidid; looduslikud l\u00f5hna- ja maitseained, looduslikud v\u00e4rvained (annatto, kurkumiin)), kuplikujulised piima\u0161okolaadit\u00fckid (11%) (Suhkur, t\u00e4ispiimapulber\u00a0<strong>,<\/strong>\u00a0kakaov\u00f5i, kakaomass, vadakupulber (\u00a0<strong>PIIM<\/strong>\u00a0), emulgaator (p\u00e4evalilleletsitiin), vaniljeekstrakt), suhkur, niiskuses\u00e4ilitaja: taimne gl\u00fctseriin; v\u00e4hendatud rasvasisaldusega kakaopulber, looduslik l\u00f5hna- ja maitseaine.<\/span><span style=\"color: #333333; font-size: 14.4px;\">\u00a0<\/span><span style=\"color: #333333; font-size: 14.4px;\">\u00a0<\/span><span style=\"color: #333333; font-size: 14.4px;\">\u00a0<\/span><span style=\"color: #333333; font-size: 14.4px;\">\u00a0<\/span><span style=\"color: #333333; font-size: 14.4px;\">\u00a0<\/span><span style=\"color: #333333; font-size: 14.4px;\">\u00a0<\/span><span style=\"color: #333333; font-size: 14.4px;\">\u00a0<\/span><\/p>\n<div>\n<div><\/div>\n<div><strong>Valge \u0161okolaad ja vaarikas<br \/>\n<\/strong><\/div>\n<div>\n<div>\n<p>K\u00fcpsisegu (suhkur,\u00a0<strong>PIIMAvalk<\/strong>\u00a0, taime\u00f5lid (palmi-, rapsiseemned),\u00a0<strong>nisujahu<\/strong>\u00a0(\u00a0<strong>NISUjahu<\/strong>\u00a0, kaltsium, raud, niatsiin, tiamiin), looduslik vanilje maitseaine, roo melass, kergitusained (E450, E450(i), E500) E501), margariin (taime\u00f5lid (palmi-, rapsiseemned), sool, emulgaator: destilleeritud monogl\u00fctseriidid; looduslik l\u00f5hna- ja maitseaine, looduslikud v\u00e4rvained (annatto biksiin, kurkumiin)), vadakuvalgu kontsentraat (PIIM), valge \u0161okolaadi t\u00fckid (11%) (\u00a0<strong>suhkur<\/strong>\u00a0, Kakaov\u00f5i, t\u00e4ispiimapulber\u00a0<strong>,<\/strong>\u00a0laktoos (\u00a0<strong>PIIM<\/strong>\u00a0), vadakupulber (\u00a0<strong>PIIM<\/strong>\u00a0), emulgaator (\u00a0<strong>SOJA<\/strong>\u00a0letsitiin), vaniljeekstrakt, suhkur, niiskuses\u00e4ilitaja: gl\u00fctserool; looduslik l\u00f5hna- ja maitseaine.<\/p>\n<p><b>Soolakaramell ja \u0161okolaadit\u00fckk<br \/>\n<\/b><\/p>\n<div>K\u00fcpsisegu (suhkur,\u00a0<strong>PIIMAvalk<\/strong>\u00a0, taime\u00f5lid (palmi-, rapsiseemned),\u00a0<strong>nisujahu<\/strong>\u00a0(\u00a0<strong>NISUjahu<\/strong>\u00a0, kaltsium, raud, niatsiin, tiamiin), looduslik vanilje maitseaine, roo melass, kergitusained (E450, E450(i), E500) E501), margariin (taime\u00f5lid (palmi-, rapsiseemned), sool, emulgaator: destilleeritud monogl\u00fctseriidid; looduslik l\u00f5hna- ja maitseaine, looduslikud v\u00e4rvained (annatto biksiin, kurkumiin)), vadakuvalgu kontsentraat (PIIM), tumeda \u0161okolaadi t\u00fckid (11%) (\u00a0<strong>suhkur<\/strong>\u00a0, Kakaomass, kakaov\u00f5i, emulgaator (p\u00e4evalilleletsitiin), looduslik l\u00f5hna- ja maitseaine), suhkur, niiskuses\u00e4ilitaja: gl\u00fctserool; looduslik l\u00f5hna- ja maitseaine, meresool.<\/div>\n<div><\/div>\n<\/div>\n<div>\n<p><strong>ALLERGEENID<\/strong><\/p>\n<div>Allergeenide, sealhulgas gluteeni sisaldavate teraviljade kohta vaadake koostisosi\u00a0<strong>j\u00e4medas kirjas<\/strong>\u00a0.\u00a0V\u00f5ib sisaldada p\u00e4hklite j\u00e4lgi.<\/div>\n<\/div>\n<div><\/div>\n<\/div>\n<\/div>\n<div><strong>Kasutamine<\/strong>: Tarbi vastavalt vajadusele<\/div>\n<div><\/div>\n<div>\n<p><strong>\u0160okolaadit\u00fckk<\/strong><\/p>\n<table>\n<tbody>\n<tr>\n<td><strong>T\u00fc\u00fcpilised v\u00e4\u00e4rtused<\/strong><\/td>\n<td><strong>(100 g) kohta<\/strong><\/td>\n<td><strong>(73 g) kohta<\/strong><\/td>\n<td><strong>*SPK%<\/strong><\/td>\n<\/tr>\n<tr>\n<td>Energia<\/td>\n<td>1927 kJ<\/td>\n<td>1638 kJ<\/td>\n<td>19,5%<\/td>\n<\/tr>\n<tr>\n<td><\/td>\n<td>459 kcal<\/td>\n<td>390 kcal<\/td>\n<td><\/td>\n<\/tr>\n<tr>\n<td>Rasvad<\/td>\n<td>19 g<\/td>\n<td>16 g<\/td>\n<td>20,5%<\/td>\n<\/tr>\n<tr>\n<td><em>millest<\/em> k\u00fcllastunud rasvhapped<\/td>\n<td>8,7 g<\/td>\n<td>7,4 g<\/td>\n<td>37%<\/td>\n<\/tr>\n<tr>\n<td>Transrasvad<\/td>\n<td>J\u00e4lg<\/td>\n<td>J\u00e4lg<\/td>\n<td><\/td>\n<\/tr>\n<tr>\n<td>S\u00fcsivesikud<\/td>\n<td>47 g<\/td>\n<td>40 g<\/td>\n<td>14,5%<\/td>\n<\/tr>\n<tr>\n<td><em>millest<\/em> suhkrud<\/td>\n<td>32 g<\/td>\n<td>27 g<\/td>\n<td>54%<\/td>\n<\/tr>\n<tr>\n<td>Kiudained<\/td>\n<td>0,72 g<\/td>\n<td>0,61 g<\/td>\n<td><\/td>\n<\/tr>\n<tr>\n<td><strong>Valgud<\/strong><\/td>\n<td>24 g<\/td>\n<td>20 g<\/td>\n<td>40%<\/td>\n<\/tr>\n<tr>\n<td>soola<\/td>\n<td>1,06 g<\/td>\n<td>0,9 g<\/td>\n<td>15,7%<\/td>\n<\/tr>\n<\/tbody>\n<\/table>\n<p style=\"font-weight: 400;\"><strong><br \/>\nKahekordne \u0161okolaad<\/strong><\/p>\n<table style=\"font-weight: 400;\">\n<tbody>\n<tr>\n<td><strong>T\u00fc\u00fcpilised v\u00e4\u00e4rtused<\/strong><\/td>\n<td><strong>(100 g) kohta<\/strong><\/td>\n<td><strong>(73 g) kohta<\/strong><\/td>\n<td><strong>*SPK%<\/strong><\/td>\n<\/tr>\n<tr>\n<td>Energia<\/td>\n<td>1929 kJ<\/td>\n<td>1639 kJ<\/td>\n<td>19,6%<\/td>\n<\/tr>\n<tr>\n<td><\/td>\n<td>460 kcal<\/td>\n<td>391 kcal<\/td>\n<td><\/td>\n<\/tr>\n<tr>\n<td>Rasvad<\/td>\n<td>20 g<\/td>\n<td>17 g<\/td>\n<td>21,8%<\/td>\n<\/tr>\n<tr>\n<td><em>millest<\/em> k\u00fcllastunud rasvhapped<\/td>\n<td>9 g<\/td>\n<td>7,7 g<\/td>\n<td>38,5%<\/td>\n<\/tr>\n<tr>\n<td>Transrasvad<\/td>\n<td>J\u00e4lg<\/td>\n<td>J\u00e4lg<\/td>\n<td><\/td>\n<\/tr>\n<tr>\n<td>S\u00fcsivesikud<\/td>\n<td>45 g<\/td>\n<td>38 g<\/td>\n<td>13,8%<\/td>\n<\/tr>\n<tr>\n<td><em>millest<\/em> suhkrud<\/td>\n<td>32 g<\/td>\n<td>27 g<\/td>\n<td>54%<\/td>\n<\/tr>\n<tr>\n<td>Kiudained<\/td>\n<td>1,3 g<\/td>\n<td>1,1 g<\/td>\n<td><\/td>\n<\/tr>\n<tr>\n<td><strong>Valgud<\/strong><\/td>\n<td>24 g<\/td>\n<td>20 g<\/td>\n<td>40%<\/td>\n<\/tr>\n<tr>\n<td>soola<\/td>\n<td>1,1 g<\/td>\n<td>0,94 g<\/td>\n<td>16,3%<\/td>\n<\/tr>\n<\/tbody>\n<\/table>\n<p>*SPK% = USA FDA poolt ette n\u00e4htud p\u00e4evav\u00e4\u00e4rtuse protsent 2000 Kcal p\u00e4evase tarbimise korral.<\/p>\n<p>Vaata ka meie Teisi Proteiini vahepalasid <a href=\"https:\/\/fit360.ee\/en\/product-category\/product-groups\/protein-bars-and-snacks\/\"><strong>SIIT<\/strong><\/a>!<\/p>\n<\/div>\n","protected":false},"excerpt":{"rendered":"<ul>\n<li>20g valku k\u00fcpsise kohta<\/li>\n<li>GMO vaba<\/li>\n<li>Ei sisalda transrasvu<\/li>\n<li>Ei sisalda soja<\/li>\n<li>Ei sisalda suhkrualkohole<\/li>\n<li>V\u00e4rskelt k\u00fcpsetatud<\/li>\n<li>Ei sisalda kunstlikku magusainet<\/li>\n<li>Halal sertifitseeritud toode<\/li>\n<li>Testitud sportlaste jaoks<\/li>\n<li>Looduslik maitse<\/li>\n<\/ul>\n","protected":false},"featured_media":68835,"comment_status":"closed","ping_status":"closed","template":"","meta":[],"product_brand":[],"product_cat":[3727,534],"product_tag":[3730,4235],"giftcard-category":[],"class_list":{"0":"post-68842","1":"product","2":"type-product","3":"status-publish","4":"has-post-thumbnail","6":"product_cat-applied-nutrition-en","7":"product_cat-protein-bars-and-snacks","8":"product_tag-applied-nutrition-en","9":"product_tag-critical-cookie-en","10":"pa_maitse-choco-chip-cookie-en","11":"pa_maitse-double-choco-en","12":"pa_maitse-salted-caramel-chocolate-chip-en","13":"pa_maitse-white-chocolate-raspberry","15":"first","16":"instock","17":"sale","18":"taxable","19":"shipping-taxable","20":"purchasable","21":"product-type-variable"},"yoast_head":"<!-- This site is optimized with the Yoast SEO plugin v27.3 - https:\/\/yoast.com\/product\/yoast-seo-wordpress\/ -->\n<title>Critical Cookie (73g) - Proteiinik\u00fcpsis - Kiire Tarne - Fit360<\/title>\n<meta name=\"description\" content=\"Critical Cookie on k\u00f5rge valgusisaldusega suupiste, mida on mugav kanda spordikotis v\u00f5i kuhugi kaasa v\u00f5tta. \u00dcks k\u00fcpsis sisaldab 20g valku!\" \/>\n<meta name=\"robots\" content=\"index, follow, max-snippet:-1, max-image-preview:large, max-video-preview:-1\" \/>\n<link rel=\"canonical\" href=\"https:\/\/fit360.ee\/en\/pood\/product-groups\/protein-bars-and-snacks\/critical-cookie\/\" \/>\n<meta property=\"og:locale\" content=\"en_US\" \/>\n<meta property=\"og:type\" content=\"article\" \/>\n<meta property=\"og:title\" content=\"Critical Cookie (73g) - Proteiinik\u00fcpsis - Kiire Tarne - Fit360\" \/>\n<meta property=\"og:description\" content=\"Critical Cookie on k\u00f5rge valgusisaldusega suupiste, mida on mugav kanda spordikotis v\u00f5i kuhugi kaasa v\u00f5tta. \u00dcks k\u00fcpsis sisaldab 20g valku!\" \/>\n<meta property=\"og:url\" content=\"https:\/\/fit360.ee\/en\/pood\/product-groups\/protein-bars-and-snacks\/critical-cookie\/\" \/>\n<meta property=\"og:site_name\" content=\"Fit360\" \/>\n<meta property=\"article:modified_time\" content=\"2025-08-13T05:35:51+00:00\" \/>\n<meta property=\"og:image\" content=\"https:\/\/fit360.ee\/wp-content\/uploads\/2023\/03\/critical-cookie-fit360.ee_.jpg\" \/>\n\t<meta property=\"og:image:width\" content=\"600\" \/>\n\t<meta property=\"og:image:height\" content=\"600\" \/>\n\t<meta property=\"og:image:type\" content=\"image\/jpeg\" \/>\n<meta name=\"twitter:card\" content=\"summary_large_image\" \/>\n<meta name=\"twitter:label1\" content=\"Est. reading time\" \/>\n\t<meta name=\"twitter:data1\" content=\"3 minutes\" \/>\n<script type=\"application\/ld+json\" class=\"yoast-schema-graph\">{\"@context\":\"https:\\\/\\\/schema.org\",\"@graph\":[{\"@type\":\"WebPage\",\"@id\":\"https:\\\/\\\/fit360.ee\\\/en\\\/pood\\\/product-groups\\\/protein-bars-and-snacks\\\/critical-cookie\\\/\",\"url\":\"https:\\\/\\\/fit360.ee\\\/en\\\/pood\\\/product-groups\\\/protein-bars-and-snacks\\\/critical-cookie\\\/\",\"name\":\"Critical Cookie (73g) - Proteiinik\u00fcpsis - Kiire Tarne - Fit360\",\"isPartOf\":{\"@id\":\"https:\\\/\\\/fit360.ee\\\/en\\\/#website\"},\"primaryImageOfPage\":{\"@id\":\"https:\\\/\\\/fit360.ee\\\/en\\\/pood\\\/product-groups\\\/protein-bars-and-snacks\\\/critical-cookie\\\/#primaryimage\"},\"image\":{\"@id\":\"https:\\\/\\\/fit360.ee\\\/en\\\/pood\\\/product-groups\\\/protein-bars-and-snacks\\\/critical-cookie\\\/#primaryimage\"},\"thumbnailUrl\":\"https:\\\/\\\/fit360.ee\\\/wp-content\\\/uploads\\\/2023\\\/03\\\/critical-cookie-fit360.ee_.jpg\",\"datePublished\":\"2023-03-10T11:23:04+00:00\",\"dateModified\":\"2025-08-13T05:35:51+00:00\",\"description\":\"Critical Cookie on k\u00f5rge valgusisaldusega suupiste, mida on mugav kanda spordikotis v\u00f5i kuhugi kaasa v\u00f5tta. \u00dcks k\u00fcpsis sisaldab 20g valku!\",\"breadcrumb\":{\"@id\":\"https:\\\/\\\/fit360.ee\\\/en\\\/pood\\\/product-groups\\\/protein-bars-and-snacks\\\/critical-cookie\\\/#breadcrumb\"},\"inLanguage\":\"en-US\",\"potentialAction\":[{\"@type\":\"ReadAction\",\"target\":[\"https:\\\/\\\/fit360.ee\\\/en\\\/pood\\\/product-groups\\\/protein-bars-and-snacks\\\/critical-cookie\\\/\"]}]},{\"@type\":\"ImageObject\",\"inLanguage\":\"en-US\",\"@id\":\"https:\\\/\\\/fit360.ee\\\/en\\\/pood\\\/product-groups\\\/protein-bars-and-snacks\\\/critical-cookie\\\/#primaryimage\",\"url\":\"https:\\\/\\\/fit360.ee\\\/wp-content\\\/uploads\\\/2023\\\/03\\\/critical-cookie-fit360.ee_.jpg\",\"contentUrl\":\"https:\\\/\\\/fit360.ee\\\/wp-content\\\/uploads\\\/2023\\\/03\\\/critical-cookie-fit360.ee_.jpg\",\"width\":600,\"height\":600,\"caption\":\"critical cookie - fit360.ee\"},{\"@type\":\"BreadcrumbList\",\"@id\":\"https:\\\/\\\/fit360.ee\\\/en\\\/pood\\\/product-groups\\\/protein-bars-and-snacks\\\/critical-cookie\\\/#breadcrumb\",\"itemListElement\":[{\"@type\":\"ListItem\",\"position\":1,\"name\":\"Home\",\"item\":\"https:\\\/\\\/fit360.ee\\\/en\\\/\"},{\"@type\":\"ListItem\",\"position\":2,\"name\":\"Shop\",\"item\":\"https:\\\/\\\/fit360.ee\\\/en\\\/shop\\\/\"},{\"@type\":\"ListItem\",\"position\":3,\"name\":\"Critical Cookie (73g)\"}]},{\"@type\":\"WebSite\",\"@id\":\"https:\\\/\\\/fit360.ee\\\/en\\\/#website\",\"url\":\"https:\\\/\\\/fit360.ee\\\/en\\\/\",\"name\":\"Fit360\",\"description\":\"\",\"publisher\":{\"@id\":\"https:\\\/\\\/fit360.ee\\\/en\\\/#organization\"},\"potentialAction\":[{\"@type\":\"SearchAction\",\"target\":{\"@type\":\"EntryPoint\",\"urlTemplate\":\"https:\\\/\\\/fit360.ee\\\/en\\\/?s={search_term_string}\"},\"query-input\":{\"@type\":\"PropertyValueSpecification\",\"valueRequired\":true,\"valueName\":\"search_term_string\"}}],\"inLanguage\":\"en-US\"},{\"@type\":\"Organization\",\"@id\":\"https:\\\/\\\/fit360.ee\\\/en\\\/#organization\",\"name\":\"Fit360\",\"url\":\"https:\\\/\\\/fit360.ee\\\/en\\\/\",\"logo\":{\"@type\":\"ImageObject\",\"inLanguage\":\"en-US\",\"@id\":\"https:\\\/\\\/fit360.ee\\\/en\\\/#\\\/schema\\\/logo\\\/image\\\/\",\"url\":\"https:\\\/\\\/fit360.ee\\\/wp-content\\\/uploads\\\/2017\\\/01\\\/logo-fit360.png\",\"contentUrl\":\"https:\\\/\\\/fit360.ee\\\/wp-content\\\/uploads\\\/2017\\\/01\\\/logo-fit360.png\",\"width\":180,\"height\":66,\"caption\":\"Fit360\"},\"image\":{\"@id\":\"https:\\\/\\\/fit360.ee\\\/en\\\/#\\\/schema\\\/logo\\\/image\\\/\"}}]}<\/script>\n<!-- \/ Yoast SEO plugin. -->","yoast_head_json":{"title":"Critical Cookie (73g) - Proteiinik\u00fcpsis - Kiire Tarne - Fit360","description":"Critical Cookie on k\u00f5rge valgusisaldusega suupiste, mida on mugav kanda spordikotis v\u00f5i kuhugi kaasa v\u00f5tta. \u00dcks k\u00fcpsis sisaldab 20g valku!","robots":{"index":"index","follow":"follow","max-snippet":"max-snippet:-1","max-image-preview":"max-image-preview:large","max-video-preview":"max-video-preview:-1"},"canonical":"https:\/\/fit360.ee\/en\/pood\/product-groups\/protein-bars-and-snacks\/critical-cookie\/","og_locale":"en_US","og_type":"article","og_title":"Critical Cookie (73g) - Proteiinik\u00fcpsis - Kiire Tarne - Fit360","og_description":"Critical Cookie on k\u00f5rge valgusisaldusega suupiste, mida on mugav kanda spordikotis v\u00f5i kuhugi kaasa v\u00f5tta. \u00dcks k\u00fcpsis sisaldab 20g valku!","og_url":"https:\/\/fit360.ee\/en\/pood\/product-groups\/protein-bars-and-snacks\/critical-cookie\/","og_site_name":"Fit360","article_modified_time":"2025-08-13T05:35:51+00:00","og_image":[{"width":600,"height":600,"url":"https:\/\/fit360.ee\/wp-content\/uploads\/2023\/03\/critical-cookie-fit360.ee_.jpg","type":"image\/jpeg"}],"twitter_card":"summary_large_image","twitter_misc":{"Est. reading time":"3 minutes"},"schema":{"@context":"https:\/\/schema.org","@graph":[{"@type":"WebPage","@id":"https:\/\/fit360.ee\/en\/pood\/product-groups\/protein-bars-and-snacks\/critical-cookie\/","url":"https:\/\/fit360.ee\/en\/pood\/product-groups\/protein-bars-and-snacks\/critical-cookie\/","name":"Critical Cookie (73g) - Proteiinik\u00fcpsis - Kiire Tarne - Fit360","isPartOf":{"@id":"https:\/\/fit360.ee\/en\/#website"},"primaryImageOfPage":{"@id":"https:\/\/fit360.ee\/en\/pood\/product-groups\/protein-bars-and-snacks\/critical-cookie\/#primaryimage"},"image":{"@id":"https:\/\/fit360.ee\/en\/pood\/product-groups\/protein-bars-and-snacks\/critical-cookie\/#primaryimage"},"thumbnailUrl":"https:\/\/fit360.ee\/wp-content\/uploads\/2023\/03\/critical-cookie-fit360.ee_.jpg","datePublished":"2023-03-10T11:23:04+00:00","dateModified":"2025-08-13T05:35:51+00:00","description":"Critical Cookie on k\u00f5rge valgusisaldusega suupiste, mida on mugav kanda spordikotis v\u00f5i kuhugi kaasa v\u00f5tta. \u00dcks k\u00fcpsis sisaldab 20g valku!","breadcrumb":{"@id":"https:\/\/fit360.ee\/en\/pood\/product-groups\/protein-bars-and-snacks\/critical-cookie\/#breadcrumb"},"inLanguage":"en-US","potentialAction":[{"@type":"ReadAction","target":["https:\/\/fit360.ee\/en\/pood\/product-groups\/protein-bars-and-snacks\/critical-cookie\/"]}]},{"@type":"ImageObject","inLanguage":"en-US","@id":"https:\/\/fit360.ee\/en\/pood\/product-groups\/protein-bars-and-snacks\/critical-cookie\/#primaryimage","url":"https:\/\/fit360.ee\/wp-content\/uploads\/2023\/03\/critical-cookie-fit360.ee_.jpg","contentUrl":"https:\/\/fit360.ee\/wp-content\/uploads\/2023\/03\/critical-cookie-fit360.ee_.jpg","width":600,"height":600,"caption":"critical cookie - fit360.ee"},{"@type":"BreadcrumbList","@id":"https:\/\/fit360.ee\/en\/pood\/product-groups\/protein-bars-and-snacks\/critical-cookie\/#breadcrumb","itemListElement":[{"@type":"ListItem","position":1,"name":"Home","item":"https:\/\/fit360.ee\/en\/"},{"@type":"ListItem","position":2,"name":"Shop","item":"https:\/\/fit360.ee\/en\/shop\/"},{"@type":"ListItem","position":3,"name":"Critical Cookie (73g)"}]},{"@type":"WebSite","@id":"https:\/\/fit360.ee\/en\/#website","url":"https:\/\/fit360.ee\/en\/","name":"Fit360","description":"","publisher":{"@id":"https:\/\/fit360.ee\/en\/#organization"},"potentialAction":[{"@type":"SearchAction","target":{"@type":"EntryPoint","urlTemplate":"https:\/\/fit360.ee\/en\/?s={search_term_string}"},"query-input":{"@type":"PropertyValueSpecification","valueRequired":true,"valueName":"search_term_string"}}],"inLanguage":"en-US"},{"@type":"Organization","@id":"https:\/\/fit360.ee\/en\/#organization","name":"Fit360","url":"https:\/\/fit360.ee\/en\/","logo":{"@type":"ImageObject","inLanguage":"en-US","@id":"https:\/\/fit360.ee\/en\/#\/schema\/logo\/image\/","url":"https:\/\/fit360.ee\/wp-content\/uploads\/2017\/01\/logo-fit360.png","contentUrl":"https:\/\/fit360.ee\/wp-content\/uploads\/2017\/01\/logo-fit360.png","width":180,"height":66,"caption":"Fit360"},"image":{"@id":"https:\/\/fit360.ee\/en\/#\/schema\/logo\/image\/"}}]}},"_links":{"self":[{"href":"https:\/\/fit360.ee\/en\/wp-json\/wp\/v2\/product\/68842","targetHints":{"allow":["GET"]}}],"collection":[{"href":"https:\/\/fit360.ee\/en\/wp-json\/wp\/v2\/product"}],"about":[{"href":"https:\/\/fit360.ee\/en\/wp-json\/wp\/v2\/types\/product"}],"replies":[{"embeddable":true,"href":"https:\/\/fit360.ee\/en\/wp-json\/wp\/v2\/comments?post=68842"}],"wp:featuredmedia":[{"embeddable":true,"href":"https:\/\/fit360.ee\/en\/wp-json\/wp\/v2\/media\/68835"}],"wp:attachment":[{"href":"https:\/\/fit360.ee\/en\/wp-json\/wp\/v2\/media?parent=68842"}],"wp:term":[{"taxonomy":"product_brand","embeddable":true,"href":"https:\/\/fit360.ee\/en\/wp-json\/wp\/v2\/product_brand?post=68842"},{"taxonomy":"product_cat","embeddable":true,"href":"https:\/\/fit360.ee\/en\/wp-json\/wp\/v2\/product_cat?post=68842"},{"taxonomy":"product_tag","embeddable":true,"href":"https:\/\/fit360.ee\/en\/wp-json\/wp\/v2\/product_tag?post=68842"},{"taxonomy":"giftcard-category","embeddable":true,"href":"https:\/\/fit360.ee\/en\/wp-json\/wp\/v2\/giftcard-category?post=68842"}],"curies":[{"name":"wp","href":"https:\/\/api.w.org\/{rel}","templated":true}]}}