{"id":68975,"date":"2023-03-15T18:30:15","date_gmt":"2023-03-15T16:30:15","guid":{"rendered":"https:\/\/fit360.ee\/pood\/uncategorized\/iconfit-l-karnitiin-cla-rohelise-tee-ekstrakt\/"},"modified":"2026-02-23T17:10:01","modified_gmt":"2026-02-23T15:10:01","slug":"iconfit-l-karnitiin-cla-rohelise-tee-ekstrakt","status":"publish","type":"product","link":"https:\/\/fit360.ee\/en\/pood\/product-groups\/superfoods-health-foods-en\/cla-conjugated-linoleic-acid-en\/iconfit-l-karnitiin-cla-rohelise-tee-ekstrakt\/","title":{"rendered":"ICONFIT L-Karnitiin + CLA &amp; Rohelise Tee Ekstrakt (90caps)"},"content":{"rendered":"<h2><strong>ICONFIT L-Karnitiin + CLA &amp; Rohelise Tee Ekstrakt<\/strong><\/h2>\n<p><strong>L-karnitiin<\/strong>\u00a0on looduslik aminohape, mis v\u00f5ib aidata kaasa kaalulangusele. Osa selle varudest on olemas skeletilihastes, aga ka maksas ja neerudes. Selle aminohappe peamine \u00fclesanne on muuta rasvad kehas energiaks. Transportides pikaahelalised rasvhapped mitokondritesse, takistab karnitiin lipiidide kogunemist skeletilihasesse, s\u00fcdamelihasesse ja maksa. L-karnitiini saame loomsetest toiduainetest ja seda s\u00fcnteesib ka meie keha. Loomsed allikad on n\u00e4iteks lambaliha, sealiha, veise- ja k\u00fc\u00fclikuliha, kala ja piim.<\/p>\n<p>V\u00f5imas\u00a0<strong>rohelise tee ekstrakt<\/strong>\u00a0<span style=\"font-weight: 400;\">(<\/span><i><span style=\"font-weight: 400;\">Camellia sinensis L.<\/span><\/i><span style=\"font-weight: 400;\">)\u00a0<\/span>sisaldab endas t\u00e4nu mitmete kasulike ainete k\u00f5rgele kontsentratsioonile palju h\u00e4id omadusi. Roheline tee sisaldab palju erinevaid vitamiine ja mineraalaineid, millest k\u00f5ige erilisemad ja kasulikumad ained on pol\u00fcfenoolid. Meie tootes kasutatud rohelise tee ekstrakti\u00a0<strong>pol\u00fcfenoolisisaldus on 50%<\/strong>. Pol\u00fcfenoolid on \u00fched k\u00f5ige v\u00f5imsamad antioks\u00fcdandid maailmas. Antioks\u00fcdantidel on organismis palju olulisi rolle, millest k\u00f5ige olulisem on vananemisprotsessist ja vabadest radikaalidest p\u00f5hjustatud rakukahjustuste minimeerimine organismis. Lisaks pol\u00fcfenoolidele sisaldab roheline tee ka\u00a0<strong>looduslikult esinevat kofeiini (8%<\/strong>). On t\u00f5estatud, et kofeiin aitab kaasa kaalulangusele, reguleerides hormoone, mis v\u00f5ivad suurendada termogeneesi. Termogenees on protsess, mille k\u00e4igus keha p\u00f5letab kaloreid, et seedida toitu ja toota kehasoojust.<\/p>\n<p><strong>CLA<\/strong>\u00a0on konjugeeritud linoolhape, mida saadakse safloori\u00a0<em>(Carthamus tinctorius<\/em>) seemnetest. CLA on hinnatud toidulisand ja koostisosa, mis v\u00f5ib aidata teil saavutada oma kaalulanguse eesm\u00e4rke. Seda leidub looduslikult peamiselt liha- ja piimatoodetes, kuid seda on raske toiduga piisavalt saada. Seet\u00f5ttu on hea t\u00e4iendada oma men\u00fc\u00fcd CLA toidulisandiga.<\/p>\n<p><strong>Koostisosad: <\/strong>L-karnitiin L-tartraat, riisijahu, rohelise tee\u00a0<em>(Camellia sinensis L.<\/em>) lehe ekstrakt, safloori\u00a0<em>(Carthamus tinctorius<\/em>) seemne pulber, mis sisaldab 60% konjugeeritud linoolhapet (CLA), taimne pullulaan kapsel.<\/p>\n<p><strong>Kasutamine<\/strong>: T\u00e4iskasvanutel tarbida 4 kapslit p\u00e4evas. Soovitatavalt enne treeningut. HOIATUS: Toidulisand ei asenda mitmekesist, tasakaalustatud toitumist ja tervislikku eluviisi. \u00c4rge \u00fcletage soovitatud p\u00e4evast annust. Hoida lastele k\u00e4ttesaamatus kohas. \u00c4rge kasutage, kui olete \u00fclitundlik m\u00f5ne koostisosa suhtes. \u00c4rge tarbige 800 mg v\u00f5i rohkem epigallokatekiin-3-gallaati p\u00e4evas. \u00c4rge kasutage seda toodet, kui tarbite samal p\u00e4eval teisi rohelist teed sisaldavaid tooteid. Mitte kasutada rasedatel, imetavatel naistel ja alla 18-aastastel lastel. Mitte kasutada t\u00fchja k\u00f5huga. S\u00c4ILITAMINE: Hoida originaalpakendis temperatuuril 5-25\u00b0C, niiskuse ja otsese p\u00e4ikesevalguse eest kaitstult.<\/p>\n<p><strong>Suurus<\/strong>: 90 kapslit<\/p>\n<table width=\"70.5%\">\n<thead>\n<tr>\n<th align=\"left\"><strong>P\u00c4EVANE ANNUS:<\/strong><\/th>\n<th align=\"left\">4 kapslit<\/th>\n<th align=\"left\">%SPK*<\/th>\n<\/tr>\n<\/thead>\n<tbody>\n<tr>\n<td align=\"left\">L-karnitiin L-tartraat<\/td>\n<td align=\"left\">1200 mg<\/td>\n<td align=\"left\">&#8211;<\/td>\n<\/tr>\n<tr>\n<td align=\"left\">Rohelise tee\u00a0<em>(Camellia sinensis L.<\/em>) lehe ekstrakt 15:1<\/td>\n<td align=\"left\">100 mg<\/td>\n<td align=\"left\">&#8211;<\/td>\n<\/tr>\n<tr>\n<td align=\"left\">Sealhulgas pol\u00fcfenoolid 50%<\/td>\n<td align=\"left\">50 mg<\/td>\n<td align=\"left\">&#8211;<\/td>\n<\/tr>\n<tr>\n<td align=\"left\">Sealhulgas kofeiin 8%<\/td>\n<td align=\"left\">8 mg<\/td>\n<td align=\"left\">&#8211;<\/td>\n<\/tr>\n<tr>\n<td align=\"left\">Safloori\u00a0<em>(Carthamus tinctorius<\/em>) seemne pulber<\/td>\n<td align=\"left\">100 mg<\/td>\n<td align=\"left\">&#8211;<\/td>\n<\/tr>\n<tr>\n<td align=\"left\">millest 60% CLA<\/td>\n<td align=\"left\">60 mg<\/td>\n<td align=\"left\">&#8211;<\/td>\n<\/tr>\n<\/tbody>\n<\/table>\n<p>*SPK &#8211; Soovitatud P\u00e4evane kogus<\/p>\n<p>Vaata ka meie teisi Rasvap\u00f5letajaid <a href=\"https:\/\/fit360.ee\/en\/product-category\/product-groups\/fat-burners-en\/\"><strong>SIIT<\/strong><\/a> v\u00f5i L-Karnitiini tooteid <a href=\"https:\/\/fit360.ee\/en\/product-category\/product-groups\/fat-burners-en\/l-carnitine-en\/\"><strong>SIIT<\/strong><\/a>!<\/p>\n<p>Soovid kaupa osta suuremas koguses? Vaata antud toodet ka meie HULGI poest\u00a0<a href=\"https:\/\/toidulisandidhulgi.ee\/product\/iconfit-l-karnitiin-cla-rohelise-tee-ekstrakt\/\"><strong>SIIT<\/strong><\/a>!<\/p>\n","protected":false},"excerpt":{"rendered":"<p><strong>ICONFIT L-CARNITINE koos CLA ja Rohelise Tee Ekstraktiga<\/strong>, et toetada kaalulangust rasvhapetest energia tootmise kaudu. Sisaldab looduslikult esinevat kofeiini rohelise tee ekstraktist. Kombineerituna tervisliku toitumise ja treeningprogrammiga, v\u00f5ib see aidata teid kaalulangetamise teekonnal. Toodetud kasutades ainult kvaliteetseid taimseid pullulaan kapsleid.<\/p>\n<ul>\n<li>Toetab keha rasva muundamist energiaks.<\/li>\n<li>L-karnitiin aitab v\u00e4ltida lipiidide kogunemist skeletilihasesse, s\u00fcdamelihasesse ja maksa.<\/li>\n<li>CLA\u00a0<strong>60% aktiivsete isomeeridega<\/strong>.<\/li>\n<li>Sisaldab looduslikult esinevat\u00a0<strong>kofeiini<\/strong>\u00a0rohelise tee ekstraktist.<\/li>\n<li><strong>Purk sisaldab 90 kapslit.<\/strong><\/li>\n<\/ul>\n","protected":false},"featured_media":68974,"comment_status":"closed","ping_status":"closed","template":"","meta":[],"product_brand":[],"product_cat":[2367,530,2371,1318,2404],"product_tag":[1681,4244],"giftcard-category":[],"class_list":{"0":"post-68975","1":"product","2":"type-product","3":"status-publish","4":"has-post-thumbnail","6":"product_cat-cla-conjugated-linoleic-acid-en","7":"product_cat-fat-burners-en","8":"product_cat-green-tea-extract-en","9":"product_cat-iconfit-en","10":"product_cat-l-carnitine-en","11":"product_tag-iconfit-en","12":"product_tag-l-karnitiin-cla-rohelise-tee-ekstrakt-en","13":"pa_kogus-90-capsules","14":"pa_toidulisand-branddd-iconfit","15":"pa_tootegruppp-cla-konjugeeritud-linoolhape-en","16":"pa_tootegruppp-l-karnitiin-en","17":"pa_tootegruppp-rohelise-tee-ekstrakt-en","18":"pa_tootegruppp-weight-loss","20":"first","21":"instock","22":"sale","23":"taxable","24":"shipping-taxable","25":"purchasable","26":"product-type-simple"},"yoast_head":"<!-- This site is optimized with the Yoast SEO plugin v27.3 - https:\/\/yoast.com\/product\/yoast-seo-wordpress\/ -->\n<title>ICONFIT L-Karnitiin + CLA &amp; Rohelise Tee Ekstrakt (90caps) - Fit360<\/title>\n<meta name=\"description\" content=\"ICONFIT L-Karnitiin koos CLA ja Rohelise Tee Ekstraktiga, et toetada kaalulangust rasvhapetest energia tootmise kaudu. Sisaldab looduslikult ...\" \/>\n<meta name=\"robots\" content=\"index, follow, max-snippet:-1, max-image-preview:large, max-video-preview:-1\" \/>\n<link rel=\"canonical\" href=\"https:\/\/fit360.ee\/en\/pood\/product-groups\/superfoods-health-foods-en\/cla-conjugated-linoleic-acid-en\/iconfit-l-karnitiin-cla-rohelise-tee-ekstrakt\/\" \/>\n<meta property=\"og:locale\" content=\"en_US\" \/>\n<meta property=\"og:type\" content=\"article\" \/>\n<meta property=\"og:title\" content=\"ICONFIT L-Karnitiin + CLA &amp; Rohelise Tee Ekstrakt (90caps) - Fit360\" \/>\n<meta property=\"og:description\" content=\"ICONFIT L-Karnitiin koos CLA ja Rohelise Tee Ekstraktiga, et toetada kaalulangust rasvhapetest energia tootmise kaudu. Sisaldab looduslikult ...\" \/>\n<meta property=\"og:url\" content=\"https:\/\/fit360.ee\/en\/pood\/product-groups\/superfoods-health-foods-en\/cla-conjugated-linoleic-acid-en\/iconfit-l-karnitiin-cla-rohelise-tee-ekstrakt\/\" \/>\n<meta property=\"og:site_name\" content=\"Fit360\" \/>\n<meta property=\"article:modified_time\" content=\"2026-02-23T15:10:01+00:00\" \/>\n<meta property=\"og:image\" content=\"https:\/\/fit360.ee\/wp-content\/uploads\/2023\/03\/iconfit-L-Karnitiin-CLA-Rohelise-Tee-Ekstrakt-fit360.ee_.jpg\" \/>\n\t<meta property=\"og:image:width\" content=\"669\" \/>\n\t<meta property=\"og:image:height\" content=\"669\" \/>\n\t<meta property=\"og:image:type\" content=\"image\/jpeg\" \/>\n<meta name=\"twitter:card\" content=\"summary_large_image\" \/>\n<meta name=\"twitter:label1\" content=\"Est. reading time\" \/>\n\t<meta name=\"twitter:data1\" content=\"3 minutes\" \/>\n<script type=\"application\/ld+json\" class=\"yoast-schema-graph\">{\"@context\":\"https:\\\/\\\/schema.org\",\"@graph\":[{\"@type\":\"WebPage\",\"@id\":\"https:\\\/\\\/fit360.ee\\\/en\\\/pood\\\/product-groups\\\/superfoods-health-foods-en\\\/cla-conjugated-linoleic-acid-en\\\/iconfit-l-karnitiin-cla-rohelise-tee-ekstrakt\\\/\",\"url\":\"https:\\\/\\\/fit360.ee\\\/en\\\/pood\\\/product-groups\\\/superfoods-health-foods-en\\\/cla-conjugated-linoleic-acid-en\\\/iconfit-l-karnitiin-cla-rohelise-tee-ekstrakt\\\/\",\"name\":\"ICONFIT L-Karnitiin + CLA &amp; Rohelise Tee Ekstrakt (90caps) - Fit360\",\"isPartOf\":{\"@id\":\"https:\\\/\\\/fit360.ee\\\/en\\\/#website\"},\"primaryImageOfPage\":{\"@id\":\"https:\\\/\\\/fit360.ee\\\/en\\\/pood\\\/product-groups\\\/superfoods-health-foods-en\\\/cla-conjugated-linoleic-acid-en\\\/iconfit-l-karnitiin-cla-rohelise-tee-ekstrakt\\\/#primaryimage\"},\"image\":{\"@id\":\"https:\\\/\\\/fit360.ee\\\/en\\\/pood\\\/product-groups\\\/superfoods-health-foods-en\\\/cla-conjugated-linoleic-acid-en\\\/iconfit-l-karnitiin-cla-rohelise-tee-ekstrakt\\\/#primaryimage\"},\"thumbnailUrl\":\"https:\\\/\\\/fit360.ee\\\/wp-content\\\/uploads\\\/2023\\\/03\\\/iconfit-L-Karnitiin-CLA-Rohelise-Tee-Ekstrakt-fit360.ee_.jpg\",\"datePublished\":\"2023-03-15T16:30:15+00:00\",\"dateModified\":\"2026-02-23T15:10:01+00:00\",\"description\":\"ICONFIT L-Karnitiin koos CLA ja Rohelise Tee Ekstraktiga, et toetada kaalulangust rasvhapetest energia tootmise kaudu. Sisaldab looduslikult ...\",\"breadcrumb\":{\"@id\":\"https:\\\/\\\/fit360.ee\\\/en\\\/pood\\\/product-groups\\\/superfoods-health-foods-en\\\/cla-conjugated-linoleic-acid-en\\\/iconfit-l-karnitiin-cla-rohelise-tee-ekstrakt\\\/#breadcrumb\"},\"inLanguage\":\"en-US\",\"potentialAction\":[{\"@type\":\"ReadAction\",\"target\":[\"https:\\\/\\\/fit360.ee\\\/en\\\/pood\\\/product-groups\\\/superfoods-health-foods-en\\\/cla-conjugated-linoleic-acid-en\\\/iconfit-l-karnitiin-cla-rohelise-tee-ekstrakt\\\/\"]}]},{\"@type\":\"ImageObject\",\"inLanguage\":\"en-US\",\"@id\":\"https:\\\/\\\/fit360.ee\\\/en\\\/pood\\\/product-groups\\\/superfoods-health-foods-en\\\/cla-conjugated-linoleic-acid-en\\\/iconfit-l-karnitiin-cla-rohelise-tee-ekstrakt\\\/#primaryimage\",\"url\":\"https:\\\/\\\/fit360.ee\\\/wp-content\\\/uploads\\\/2023\\\/03\\\/iconfit-L-Karnitiin-CLA-Rohelise-Tee-Ekstrakt-fit360.ee_.jpg\",\"contentUrl\":\"https:\\\/\\\/fit360.ee\\\/wp-content\\\/uploads\\\/2023\\\/03\\\/iconfit-L-Karnitiin-CLA-Rohelise-Tee-Ekstrakt-fit360.ee_.jpg\",\"width\":669,\"height\":669,\"caption\":\"iconfit L-Karnitiin + CLA & Rohelise Tee Ekstrakt - fit360.ee\"},{\"@type\":\"BreadcrumbList\",\"@id\":\"https:\\\/\\\/fit360.ee\\\/en\\\/pood\\\/product-groups\\\/superfoods-health-foods-en\\\/cla-conjugated-linoleic-acid-en\\\/iconfit-l-karnitiin-cla-rohelise-tee-ekstrakt\\\/#breadcrumb\",\"itemListElement\":[{\"@type\":\"ListItem\",\"position\":1,\"name\":\"Home\",\"item\":\"https:\\\/\\\/fit360.ee\\\/en\\\/\"},{\"@type\":\"ListItem\",\"position\":2,\"name\":\"Shop\",\"item\":\"https:\\\/\\\/fit360.ee\\\/en\\\/shop\\\/\"},{\"@type\":\"ListItem\",\"position\":3,\"name\":\"ICONFIT L-Karnitiin + CLA &amp; Rohelise Tee Ekstrakt (90caps)\"}]},{\"@type\":\"WebSite\",\"@id\":\"https:\\\/\\\/fit360.ee\\\/en\\\/#website\",\"url\":\"https:\\\/\\\/fit360.ee\\\/en\\\/\",\"name\":\"Fit360\",\"description\":\"\",\"publisher\":{\"@id\":\"https:\\\/\\\/fit360.ee\\\/en\\\/#organization\"},\"potentialAction\":[{\"@type\":\"SearchAction\",\"target\":{\"@type\":\"EntryPoint\",\"urlTemplate\":\"https:\\\/\\\/fit360.ee\\\/en\\\/?s={search_term_string}\"},\"query-input\":{\"@type\":\"PropertyValueSpecification\",\"valueRequired\":true,\"valueName\":\"search_term_string\"}}],\"inLanguage\":\"en-US\"},{\"@type\":\"Organization\",\"@id\":\"https:\\\/\\\/fit360.ee\\\/en\\\/#organization\",\"name\":\"Fit360\",\"url\":\"https:\\\/\\\/fit360.ee\\\/en\\\/\",\"logo\":{\"@type\":\"ImageObject\",\"inLanguage\":\"en-US\",\"@id\":\"https:\\\/\\\/fit360.ee\\\/en\\\/#\\\/schema\\\/logo\\\/image\\\/\",\"url\":\"https:\\\/\\\/fit360.ee\\\/wp-content\\\/uploads\\\/2017\\\/01\\\/logo-fit360.png\",\"contentUrl\":\"https:\\\/\\\/fit360.ee\\\/wp-content\\\/uploads\\\/2017\\\/01\\\/logo-fit360.png\",\"width\":180,\"height\":66,\"caption\":\"Fit360\"},\"image\":{\"@id\":\"https:\\\/\\\/fit360.ee\\\/en\\\/#\\\/schema\\\/logo\\\/image\\\/\"}}]}<\/script>\n<!-- \/ Yoast SEO plugin. -->","yoast_head_json":{"title":"ICONFIT L-Karnitiin + CLA &amp; Rohelise Tee Ekstrakt (90caps) - Fit360","description":"ICONFIT L-Karnitiin koos CLA ja Rohelise Tee Ekstraktiga, et toetada kaalulangust rasvhapetest energia tootmise kaudu. Sisaldab looduslikult ...","robots":{"index":"index","follow":"follow","max-snippet":"max-snippet:-1","max-image-preview":"max-image-preview:large","max-video-preview":"max-video-preview:-1"},"canonical":"https:\/\/fit360.ee\/en\/pood\/product-groups\/superfoods-health-foods-en\/cla-conjugated-linoleic-acid-en\/iconfit-l-karnitiin-cla-rohelise-tee-ekstrakt\/","og_locale":"en_US","og_type":"article","og_title":"ICONFIT L-Karnitiin + CLA &amp; Rohelise Tee Ekstrakt (90caps) - Fit360","og_description":"ICONFIT L-Karnitiin koos CLA ja Rohelise Tee Ekstraktiga, et toetada kaalulangust rasvhapetest energia tootmise kaudu. Sisaldab looduslikult ...","og_url":"https:\/\/fit360.ee\/en\/pood\/product-groups\/superfoods-health-foods-en\/cla-conjugated-linoleic-acid-en\/iconfit-l-karnitiin-cla-rohelise-tee-ekstrakt\/","og_site_name":"Fit360","article_modified_time":"2026-02-23T15:10:01+00:00","og_image":[{"width":669,"height":669,"url":"https:\/\/fit360.ee\/wp-content\/uploads\/2023\/03\/iconfit-L-Karnitiin-CLA-Rohelise-Tee-Ekstrakt-fit360.ee_.jpg","type":"image\/jpeg"}],"twitter_card":"summary_large_image","twitter_misc":{"Est. reading time":"3 minutes"},"schema":{"@context":"https:\/\/schema.org","@graph":[{"@type":"WebPage","@id":"https:\/\/fit360.ee\/en\/pood\/product-groups\/superfoods-health-foods-en\/cla-conjugated-linoleic-acid-en\/iconfit-l-karnitiin-cla-rohelise-tee-ekstrakt\/","url":"https:\/\/fit360.ee\/en\/pood\/product-groups\/superfoods-health-foods-en\/cla-conjugated-linoleic-acid-en\/iconfit-l-karnitiin-cla-rohelise-tee-ekstrakt\/","name":"ICONFIT L-Karnitiin + CLA &amp; Rohelise Tee Ekstrakt (90caps) - Fit360","isPartOf":{"@id":"https:\/\/fit360.ee\/en\/#website"},"primaryImageOfPage":{"@id":"https:\/\/fit360.ee\/en\/pood\/product-groups\/superfoods-health-foods-en\/cla-conjugated-linoleic-acid-en\/iconfit-l-karnitiin-cla-rohelise-tee-ekstrakt\/#primaryimage"},"image":{"@id":"https:\/\/fit360.ee\/en\/pood\/product-groups\/superfoods-health-foods-en\/cla-conjugated-linoleic-acid-en\/iconfit-l-karnitiin-cla-rohelise-tee-ekstrakt\/#primaryimage"},"thumbnailUrl":"https:\/\/fit360.ee\/wp-content\/uploads\/2023\/03\/iconfit-L-Karnitiin-CLA-Rohelise-Tee-Ekstrakt-fit360.ee_.jpg","datePublished":"2023-03-15T16:30:15+00:00","dateModified":"2026-02-23T15:10:01+00:00","description":"ICONFIT L-Karnitiin koos CLA ja Rohelise Tee Ekstraktiga, et toetada kaalulangust rasvhapetest energia tootmise kaudu. Sisaldab looduslikult ...","breadcrumb":{"@id":"https:\/\/fit360.ee\/en\/pood\/product-groups\/superfoods-health-foods-en\/cla-conjugated-linoleic-acid-en\/iconfit-l-karnitiin-cla-rohelise-tee-ekstrakt\/#breadcrumb"},"inLanguage":"en-US","potentialAction":[{"@type":"ReadAction","target":["https:\/\/fit360.ee\/en\/pood\/product-groups\/superfoods-health-foods-en\/cla-conjugated-linoleic-acid-en\/iconfit-l-karnitiin-cla-rohelise-tee-ekstrakt\/"]}]},{"@type":"ImageObject","inLanguage":"en-US","@id":"https:\/\/fit360.ee\/en\/pood\/product-groups\/superfoods-health-foods-en\/cla-conjugated-linoleic-acid-en\/iconfit-l-karnitiin-cla-rohelise-tee-ekstrakt\/#primaryimage","url":"https:\/\/fit360.ee\/wp-content\/uploads\/2023\/03\/iconfit-L-Karnitiin-CLA-Rohelise-Tee-Ekstrakt-fit360.ee_.jpg","contentUrl":"https:\/\/fit360.ee\/wp-content\/uploads\/2023\/03\/iconfit-L-Karnitiin-CLA-Rohelise-Tee-Ekstrakt-fit360.ee_.jpg","width":669,"height":669,"caption":"iconfit L-Karnitiin + CLA & Rohelise Tee Ekstrakt - fit360.ee"},{"@type":"BreadcrumbList","@id":"https:\/\/fit360.ee\/en\/pood\/product-groups\/superfoods-health-foods-en\/cla-conjugated-linoleic-acid-en\/iconfit-l-karnitiin-cla-rohelise-tee-ekstrakt\/#breadcrumb","itemListElement":[{"@type":"ListItem","position":1,"name":"Home","item":"https:\/\/fit360.ee\/en\/"},{"@type":"ListItem","position":2,"name":"Shop","item":"https:\/\/fit360.ee\/en\/shop\/"},{"@type":"ListItem","position":3,"name":"ICONFIT L-Karnitiin + CLA &amp; Rohelise Tee Ekstrakt (90caps)"}]},{"@type":"WebSite","@id":"https:\/\/fit360.ee\/en\/#website","url":"https:\/\/fit360.ee\/en\/","name":"Fit360","description":"","publisher":{"@id":"https:\/\/fit360.ee\/en\/#organization"},"potentialAction":[{"@type":"SearchAction","target":{"@type":"EntryPoint","urlTemplate":"https:\/\/fit360.ee\/en\/?s={search_term_string}"},"query-input":{"@type":"PropertyValueSpecification","valueRequired":true,"valueName":"search_term_string"}}],"inLanguage":"en-US"},{"@type":"Organization","@id":"https:\/\/fit360.ee\/en\/#organization","name":"Fit360","url":"https:\/\/fit360.ee\/en\/","logo":{"@type":"ImageObject","inLanguage":"en-US","@id":"https:\/\/fit360.ee\/en\/#\/schema\/logo\/image\/","url":"https:\/\/fit360.ee\/wp-content\/uploads\/2017\/01\/logo-fit360.png","contentUrl":"https:\/\/fit360.ee\/wp-content\/uploads\/2017\/01\/logo-fit360.png","width":180,"height":66,"caption":"Fit360"},"image":{"@id":"https:\/\/fit360.ee\/en\/#\/schema\/logo\/image\/"}}]}},"_links":{"self":[{"href":"https:\/\/fit360.ee\/en\/wp-json\/wp\/v2\/product\/68975","targetHints":{"allow":["GET"]}}],"collection":[{"href":"https:\/\/fit360.ee\/en\/wp-json\/wp\/v2\/product"}],"about":[{"href":"https:\/\/fit360.ee\/en\/wp-json\/wp\/v2\/types\/product"}],"replies":[{"embeddable":true,"href":"https:\/\/fit360.ee\/en\/wp-json\/wp\/v2\/comments?post=68975"}],"wp:featuredmedia":[{"embeddable":true,"href":"https:\/\/fit360.ee\/en\/wp-json\/wp\/v2\/media\/68974"}],"wp:attachment":[{"href":"https:\/\/fit360.ee\/en\/wp-json\/wp\/v2\/media?parent=68975"}],"wp:term":[{"taxonomy":"product_brand","embeddable":true,"href":"https:\/\/fit360.ee\/en\/wp-json\/wp\/v2\/product_brand?post=68975"},{"taxonomy":"product_cat","embeddable":true,"href":"https:\/\/fit360.ee\/en\/wp-json\/wp\/v2\/product_cat?post=68975"},{"taxonomy":"product_tag","embeddable":true,"href":"https:\/\/fit360.ee\/en\/wp-json\/wp\/v2\/product_tag?post=68975"},{"taxonomy":"giftcard-category","embeddable":true,"href":"https:\/\/fit360.ee\/en\/wp-json\/wp\/v2\/giftcard-category?post=68975"}],"curies":[{"name":"wp","href":"https:\/\/api.w.org\/{rel}","templated":true}]}}