{"id":68980,"date":"2023-03-15T18:34:03","date_gmt":"2023-03-15T16:34:03","guid":{"rendered":"https:\/\/fit360.ee\/?post_type=product&#038;p=68980"},"modified":"2026-02-10T12:40:25","modified_gmt":"2026-02-10T10:40:25","slug":"l-carnitine-90caps-2","status":"publish","type":"product","link":"https:\/\/fit360.ee\/en\/pood\/product-groups\/fat-burners-en\/l-carnitine-en\/l-carnitine-90caps-2\/","title":{"rendered":"L-Carnitine (90caps)"},"content":{"rendered":"<h1><strong>L-Karnitiin<\/strong><\/h1>\n<p><strong>L-karnitiin\u00a0<\/strong>ehk Karnitiin on vitamiinse toimega vesilahustuv \u00fchend. L-Karnitiin on oluline keha poolt\u00a0<a href=\"https:\/\/fit360.ee\/en\/?post_type=product&#038;p=39472\"><strong>l\u00fcsiinist<\/strong><\/a>\u00a0toodetav\u00a0<a href=\"https:\/\/fit360.ee\/en\/product-category\/product-groups\/amino-acids-bcaa\/\"><strong>aminohape<\/strong><\/a>, mille k\u00f5ige olulisem ainevahetuslik funktsioon on pika ahelaga rasvhapete transportimine oks\u00fcdatsiooniks lihaste mitokondritesse. S\u00fcdamelihas, mis on oluline metaboolse energia allikas, on s\u00f5ltuv eelpool nimetatud mehanismi toimimisest. F\u00fc\u00fcsiliselt aktiivsed inimesed eelistavad sageli L-Karnitiini just selle f\u00fcsioloogilise rolli t\u00f5ttu. Lisaks on karnitiinil oluline \u00fclesanne pruuni rasvkoe termogeneesis ja gl\u00fckoneogeneesi regulatsioonis. Seet\u00f5ttu eelistavad seda sageli\u00a0<a href=\"https:\/\/fit360.ee\/en\/product-category\/product-groups\/fat-burners-en\/\"><strong>kaalulangetajad<\/strong><\/a>. Karnitiin v\u00f5ib parandada ka seemneraku motoorikat ja soodustada meeste fertiilsust.<\/p>\n<p><strong>L-Karnitiin pulber<\/strong>\u00a0on tugevatoimeline rasvap\u00f5letaja, sest see vastutab rasva transportimise eest rakkudesse, kus toimub keha\u00a0<a href=\"https:\/\/fit360.ee\/en\/product-category\/product-groups\/energy-carbohydrates\/\"><strong>energia<\/strong><\/a>\u00a0tootmine. Lihastes karnitiini hulga t\u00f5us toetab rasvap\u00f5letusprotsesse ja kuna keha muutub t\u00f5husamaks \u201ck\u00fctuse\u201d t\u00f6\u00f6tlemisel, aitab see suurendada \u00fcle\u00fcldist energiataset. Karnitiini t\u00f5us kehas parandab ka f\u00fc\u00fcsilist tulemuslikkust, p\u00f5letab rohkem rasva, s\u00e4\u00e4stab gl\u00fckogeeni varusid, puhastab lihaseid laktaadist ja suurendab anaboolse hormooni reageerimist.<\/p>\n<h2><strong>L-Karnitiini kasulikud omadused\u00a0<\/strong><\/h2>\n<p><strong>S\u00fcdamele<\/strong>: Suurendab hapniku omastamisv\u00f5imet; Parandab koormustaluvust nii s\u00fcdamehaigetel kui ka f\u00fc\u00fcsiliselt aktiivsetel tervetel inimestel; Aitab v\u00e4ltida \u00fclekoormuse tekkimist.<\/p>\n<p><strong>Maksale<\/strong>: Parandab maksa funktsioneerimist;V\u00e4hendab gl\u00fckoosi hulka diabeedihaigete veres.<\/p>\n<p><strong>Keskn\u00e4rvis\u00fcsteemile<\/strong>: \u00a0Parandab m\u00e4lu ja meeleolu; Aeglustab vananemisprotsesse.<\/p>\n<p><strong>Rasvainevahetusele:<\/strong>\u00a0\u2013 Alandab \u00fcldkolesterooli ja trigl\u00fctseriidide taset; \u00a0T\u00f5stab (\u201ckasuliku\u201d) HDL-kolesterooli taset; V\u00e4hendab ateroskleroosi tekke riski.<\/p>\n<p><strong>Valkainevahetusele<\/strong>: Hoiab \u00e4ra valgu defitsiidi; V\u00e4hendab \u00fcldv\u00e4simust ja tugevdab organismi kaitsev\u00f5imet.<\/p>\n<p>Lisaks toimib L-Karnitiin pulber antioks\u00fcdandina (kuna v\u00e4hendab oks\u00fcdatiivse stressi m\u00f5ju), parandab meessugurakkude liikuvust ning osaleb kehvveresuse (aneemia) likvideerimisel.<\/p>\n<p><strong>Koostisosad<\/strong>: L-karnitiin L-tartraat 100%, \u017eelatiin (kapsli \u00fcmbris), vesi.<\/p>\n<p><strong>Kasutamine<\/strong>: V\u00f5ta \u00fcks serveering (2 kapslit), \u00fcks kord p\u00e4evas. \u00c4ra \u00fcleta soovitatud kogust. <strong>NB!<\/strong> Toidulisandid ei asenda mitmek\u00fclgset toitumist. Hoida lastele k\u00e4ttesaamatus kohas. Toode on m\u00f5eldud tervetele t\u00e4iskasvanud inimestele.\u00a0 Mitte soovitatud lastele ja imetavatele emadele. Mitmek\u00fclgne toitumine ja terve elustiil on oluline. M\u00f5\u00f5telusikas on pakendis olemas.<\/p>\n<p><strong>Pakendi suurus<\/strong> 90 kapslit &#8211; 45 serveeringut<\/p>\n<table>\n<tbody>\n<tr>\n<td width=\"215\"><strong>Anal\u00fc\u00fcs<\/strong><\/td>\n<td width=\"213\"><strong>1 kapsel<\/strong><\/td>\n<td width=\"194\"><strong>2 kapslit<\/strong><\/td>\n<\/tr>\n<tr>\n<td width=\"215\">L-karnitiin<\/td>\n<td width=\"213\">900mg<\/td>\n<td width=\"194\">1800mg<\/td>\n<\/tr>\n<\/tbody>\n<\/table>\n<p>Vaata ka meie teisi L-Karnitiine <a href=\"https:\/\/fit360.ee\/en\/product-category\/product-groups\/fat-burners-en\/l-carnitine-en\/\"><strong>SIIT<\/strong><\/a>!<\/p>\n<p>Soovid kaupa osta suuremas koguses? Vaata antud toodet ka meie HULGI poest <a href=\"https:\/\/toidulisandidhulgi.ee\/product\/l-carnitine-90caps-2\/\"><strong>SIIT<\/strong><\/a>!<\/p>\n","protected":false},"excerpt":{"rendered":"<p><strong>L-CARNITINE<\/strong>:<\/p>\n<ul>\n<li>Kohese imendumisega<\/li>\n<li>Suurendab treeningu efektiivsust<\/li>\n<li>Soodustab rasvap\u00f5letust<\/li>\n<li>Sobib dieedi ajal kasutamiseks<\/li>\n<li>Lisaenergia allikas<\/li>\n<\/ul>\n<p>&nbsp;<\/p>\n","protected":false},"featured_media":68986,"comment_status":"open","ping_status":"closed","template":"","meta":[],"product_brand":[],"product_cat":[530,2404,1326,2408],"product_tag":[2804,2805,1924],"giftcard-category":[],"class_list":{"0":"post-68980","1":"product","2":"type-product","3":"status-publish","4":"has-post-thumbnail","6":"product_cat-fat-burners-en","7":"product_cat-l-carnitine-en","8":"product_cat-proactive-en","9":"product_cat-stimulant-free-fat-burners-en","10":"product_tag-l-karnitiin-en","11":"product_tag-l-karnitiini-pulber-en","12":"product_tag-ostrovit-en","13":"pa_kogus-90-capsules","14":"pa_tootegruppp-l-karnitiin-en","15":"pa_tootegruppp-stimulandivaba-en","16":"pa_tootegruppp-weight-loss","18":"first","19":"instock","20":"sale","21":"taxable","22":"shipping-taxable","23":"purchasable","24":"product-type-simple"},"yoast_head":"<!-- This site is optimized with the Yoast SEO plugin v27.3 - https:\/\/yoast.com\/product\/yoast-seo-wordpress\/ -->\n<title>L-Carnitine (90caps) - L-Karnitiin - Kiire tarne - Fit360<\/title>\n<meta name=\"description\" content=\"L-Karnitiin pulber\u00a0on tugevatoimeline rasvap\u00f5letaja - see vastutab rasva transportimise eest rakkudesse, kus toimub keha\u00a0energia\u00a0tootmine.\" \/>\n<meta name=\"robots\" content=\"index, follow, max-snippet:-1, max-image-preview:large, max-video-preview:-1\" \/>\n<link rel=\"canonical\" href=\"https:\/\/fit360.ee\/en\/pood\/product-groups\/fat-burners-en\/l-carnitine-en\/l-carnitine-90caps-2\/\" \/>\n<meta property=\"og:locale\" content=\"en_US\" \/>\n<meta property=\"og:type\" content=\"article\" \/>\n<meta property=\"og:title\" content=\"L-Carnitine (90caps) - L-Karnitiin - Kiire tarne - Fit360\" \/>\n<meta property=\"og:description\" content=\"L-Karnitiin pulber\u00a0on tugevatoimeline rasvap\u00f5letaja - see vastutab rasva transportimise eest rakkudesse, kus toimub keha\u00a0energia\u00a0tootmine.\" \/>\n<meta property=\"og:url\" content=\"https:\/\/fit360.ee\/en\/pood\/product-groups\/fat-burners-en\/l-carnitine-en\/l-carnitine-90caps-2\/\" \/>\n<meta property=\"og:site_name\" content=\"Fit360\" \/>\n<meta property=\"article:modified_time\" content=\"2026-02-10T10:40:25+00:00\" \/>\n<meta property=\"og:image\" content=\"https:\/\/fit360.ee\/wp-content\/uploads\/2023\/03\/l-karnitiin-fit360.ee_.png\" \/>\n\t<meta property=\"og:image:width\" content=\"600\" \/>\n\t<meta property=\"og:image:height\" content=\"600\" \/>\n\t<meta property=\"og:image:type\" content=\"image\/png\" \/>\n<meta name=\"twitter:card\" content=\"summary_large_image\" \/>\n<meta name=\"twitter:label1\" content=\"Est. reading time\" \/>\n\t<meta name=\"twitter:data1\" content=\"2 minutes\" \/>\n<script type=\"application\/ld+json\" class=\"yoast-schema-graph\">{\"@context\":\"https:\\\/\\\/schema.org\",\"@graph\":[{\"@type\":\"WebPage\",\"@id\":\"https:\\\/\\\/fit360.ee\\\/en\\\/pood\\\/product-groups\\\/fat-burners-en\\\/l-carnitine-en\\\/l-carnitine-90caps-2\\\/\",\"url\":\"https:\\\/\\\/fit360.ee\\\/en\\\/pood\\\/product-groups\\\/fat-burners-en\\\/l-carnitine-en\\\/l-carnitine-90caps-2\\\/\",\"name\":\"L-Carnitine (90caps) - L-Karnitiin - Kiire tarne - Fit360\",\"isPartOf\":{\"@id\":\"https:\\\/\\\/fit360.ee\\\/en\\\/#website\"},\"primaryImageOfPage\":{\"@id\":\"https:\\\/\\\/fit360.ee\\\/en\\\/pood\\\/product-groups\\\/fat-burners-en\\\/l-carnitine-en\\\/l-carnitine-90caps-2\\\/#primaryimage\"},\"image\":{\"@id\":\"https:\\\/\\\/fit360.ee\\\/en\\\/pood\\\/product-groups\\\/fat-burners-en\\\/l-carnitine-en\\\/l-carnitine-90caps-2\\\/#primaryimage\"},\"thumbnailUrl\":\"https:\\\/\\\/fit360.ee\\\/wp-content\\\/uploads\\\/2023\\\/03\\\/l-karnitiin-fit360.ee_.png\",\"datePublished\":\"2023-03-15T16:34:03+00:00\",\"dateModified\":\"2026-02-10T10:40:25+00:00\",\"description\":\"L-Karnitiin pulber\u00a0on tugevatoimeline rasvap\u00f5letaja - see vastutab rasva transportimise eest rakkudesse, kus toimub keha\u00a0energia\u00a0tootmine.\",\"breadcrumb\":{\"@id\":\"https:\\\/\\\/fit360.ee\\\/en\\\/pood\\\/product-groups\\\/fat-burners-en\\\/l-carnitine-en\\\/l-carnitine-90caps-2\\\/#breadcrumb\"},\"inLanguage\":\"en-US\",\"potentialAction\":[{\"@type\":\"ReadAction\",\"target\":[\"https:\\\/\\\/fit360.ee\\\/en\\\/pood\\\/product-groups\\\/fat-burners-en\\\/l-carnitine-en\\\/l-carnitine-90caps-2\\\/\"]}]},{\"@type\":\"ImageObject\",\"inLanguage\":\"en-US\",\"@id\":\"https:\\\/\\\/fit360.ee\\\/en\\\/pood\\\/product-groups\\\/fat-burners-en\\\/l-carnitine-en\\\/l-carnitine-90caps-2\\\/#primaryimage\",\"url\":\"https:\\\/\\\/fit360.ee\\\/wp-content\\\/uploads\\\/2023\\\/03\\\/l-karnitiin-fit360.ee_.png\",\"contentUrl\":\"https:\\\/\\\/fit360.ee\\\/wp-content\\\/uploads\\\/2023\\\/03\\\/l-karnitiin-fit360.ee_.png\",\"width\":600,\"height\":600,\"caption\":\"l-karnitiin - fit360.ee\"},{\"@type\":\"BreadcrumbList\",\"@id\":\"https:\\\/\\\/fit360.ee\\\/en\\\/pood\\\/product-groups\\\/fat-burners-en\\\/l-carnitine-en\\\/l-carnitine-90caps-2\\\/#breadcrumb\",\"itemListElement\":[{\"@type\":\"ListItem\",\"position\":1,\"name\":\"Home\",\"item\":\"https:\\\/\\\/fit360.ee\\\/en\\\/\"},{\"@type\":\"ListItem\",\"position\":2,\"name\":\"Shop\",\"item\":\"https:\\\/\\\/fit360.ee\\\/en\\\/shop\\\/\"},{\"@type\":\"ListItem\",\"position\":3,\"name\":\"L-Carnitine (90caps)\"}]},{\"@type\":\"WebSite\",\"@id\":\"https:\\\/\\\/fit360.ee\\\/en\\\/#website\",\"url\":\"https:\\\/\\\/fit360.ee\\\/en\\\/\",\"name\":\"Fit360\",\"description\":\"\",\"publisher\":{\"@id\":\"https:\\\/\\\/fit360.ee\\\/en\\\/#organization\"},\"potentialAction\":[{\"@type\":\"SearchAction\",\"target\":{\"@type\":\"EntryPoint\",\"urlTemplate\":\"https:\\\/\\\/fit360.ee\\\/en\\\/?s={search_term_string}\"},\"query-input\":{\"@type\":\"PropertyValueSpecification\",\"valueRequired\":true,\"valueName\":\"search_term_string\"}}],\"inLanguage\":\"en-US\"},{\"@type\":\"Organization\",\"@id\":\"https:\\\/\\\/fit360.ee\\\/en\\\/#organization\",\"name\":\"Fit360\",\"url\":\"https:\\\/\\\/fit360.ee\\\/en\\\/\",\"logo\":{\"@type\":\"ImageObject\",\"inLanguage\":\"en-US\",\"@id\":\"https:\\\/\\\/fit360.ee\\\/en\\\/#\\\/schema\\\/logo\\\/image\\\/\",\"url\":\"https:\\\/\\\/fit360.ee\\\/wp-content\\\/uploads\\\/2017\\\/01\\\/logo-fit360.png\",\"contentUrl\":\"https:\\\/\\\/fit360.ee\\\/wp-content\\\/uploads\\\/2017\\\/01\\\/logo-fit360.png\",\"width\":180,\"height\":66,\"caption\":\"Fit360\"},\"image\":{\"@id\":\"https:\\\/\\\/fit360.ee\\\/en\\\/#\\\/schema\\\/logo\\\/image\\\/\"}}]}<\/script>\n<!-- \/ Yoast SEO plugin. -->","yoast_head_json":{"title":"L-Carnitine (90caps) - L-Karnitiin - Kiire tarne - Fit360","description":"L-Karnitiin pulber\u00a0on tugevatoimeline rasvap\u00f5letaja - see vastutab rasva transportimise eest rakkudesse, kus toimub keha\u00a0energia\u00a0tootmine.","robots":{"index":"index","follow":"follow","max-snippet":"max-snippet:-1","max-image-preview":"max-image-preview:large","max-video-preview":"max-video-preview:-1"},"canonical":"https:\/\/fit360.ee\/en\/pood\/product-groups\/fat-burners-en\/l-carnitine-en\/l-carnitine-90caps-2\/","og_locale":"en_US","og_type":"article","og_title":"L-Carnitine (90caps) - L-Karnitiin - Kiire tarne - Fit360","og_description":"L-Karnitiin pulber\u00a0on tugevatoimeline rasvap\u00f5letaja - see vastutab rasva transportimise eest rakkudesse, kus toimub keha\u00a0energia\u00a0tootmine.","og_url":"https:\/\/fit360.ee\/en\/pood\/product-groups\/fat-burners-en\/l-carnitine-en\/l-carnitine-90caps-2\/","og_site_name":"Fit360","article_modified_time":"2026-02-10T10:40:25+00:00","og_image":[{"width":600,"height":600,"url":"https:\/\/fit360.ee\/wp-content\/uploads\/2023\/03\/l-karnitiin-fit360.ee_.png","type":"image\/png"}],"twitter_card":"summary_large_image","twitter_misc":{"Est. reading time":"2 minutes"},"schema":{"@context":"https:\/\/schema.org","@graph":[{"@type":"WebPage","@id":"https:\/\/fit360.ee\/en\/pood\/product-groups\/fat-burners-en\/l-carnitine-en\/l-carnitine-90caps-2\/","url":"https:\/\/fit360.ee\/en\/pood\/product-groups\/fat-burners-en\/l-carnitine-en\/l-carnitine-90caps-2\/","name":"L-Carnitine (90caps) - L-Karnitiin - Kiire tarne - Fit360","isPartOf":{"@id":"https:\/\/fit360.ee\/en\/#website"},"primaryImageOfPage":{"@id":"https:\/\/fit360.ee\/en\/pood\/product-groups\/fat-burners-en\/l-carnitine-en\/l-carnitine-90caps-2\/#primaryimage"},"image":{"@id":"https:\/\/fit360.ee\/en\/pood\/product-groups\/fat-burners-en\/l-carnitine-en\/l-carnitine-90caps-2\/#primaryimage"},"thumbnailUrl":"https:\/\/fit360.ee\/wp-content\/uploads\/2023\/03\/l-karnitiin-fit360.ee_.png","datePublished":"2023-03-15T16:34:03+00:00","dateModified":"2026-02-10T10:40:25+00:00","description":"L-Karnitiin pulber\u00a0on tugevatoimeline rasvap\u00f5letaja - see vastutab rasva transportimise eest rakkudesse, kus toimub keha\u00a0energia\u00a0tootmine.","breadcrumb":{"@id":"https:\/\/fit360.ee\/en\/pood\/product-groups\/fat-burners-en\/l-carnitine-en\/l-carnitine-90caps-2\/#breadcrumb"},"inLanguage":"en-US","potentialAction":[{"@type":"ReadAction","target":["https:\/\/fit360.ee\/en\/pood\/product-groups\/fat-burners-en\/l-carnitine-en\/l-carnitine-90caps-2\/"]}]},{"@type":"ImageObject","inLanguage":"en-US","@id":"https:\/\/fit360.ee\/en\/pood\/product-groups\/fat-burners-en\/l-carnitine-en\/l-carnitine-90caps-2\/#primaryimage","url":"https:\/\/fit360.ee\/wp-content\/uploads\/2023\/03\/l-karnitiin-fit360.ee_.png","contentUrl":"https:\/\/fit360.ee\/wp-content\/uploads\/2023\/03\/l-karnitiin-fit360.ee_.png","width":600,"height":600,"caption":"l-karnitiin - fit360.ee"},{"@type":"BreadcrumbList","@id":"https:\/\/fit360.ee\/en\/pood\/product-groups\/fat-burners-en\/l-carnitine-en\/l-carnitine-90caps-2\/#breadcrumb","itemListElement":[{"@type":"ListItem","position":1,"name":"Home","item":"https:\/\/fit360.ee\/en\/"},{"@type":"ListItem","position":2,"name":"Shop","item":"https:\/\/fit360.ee\/en\/shop\/"},{"@type":"ListItem","position":3,"name":"L-Carnitine (90caps)"}]},{"@type":"WebSite","@id":"https:\/\/fit360.ee\/en\/#website","url":"https:\/\/fit360.ee\/en\/","name":"Fit360","description":"","publisher":{"@id":"https:\/\/fit360.ee\/en\/#organization"},"potentialAction":[{"@type":"SearchAction","target":{"@type":"EntryPoint","urlTemplate":"https:\/\/fit360.ee\/en\/?s={search_term_string}"},"query-input":{"@type":"PropertyValueSpecification","valueRequired":true,"valueName":"search_term_string"}}],"inLanguage":"en-US"},{"@type":"Organization","@id":"https:\/\/fit360.ee\/en\/#organization","name":"Fit360","url":"https:\/\/fit360.ee\/en\/","logo":{"@type":"ImageObject","inLanguage":"en-US","@id":"https:\/\/fit360.ee\/en\/#\/schema\/logo\/image\/","url":"https:\/\/fit360.ee\/wp-content\/uploads\/2017\/01\/logo-fit360.png","contentUrl":"https:\/\/fit360.ee\/wp-content\/uploads\/2017\/01\/logo-fit360.png","width":180,"height":66,"caption":"Fit360"},"image":{"@id":"https:\/\/fit360.ee\/en\/#\/schema\/logo\/image\/"}}]}},"_links":{"self":[{"href":"https:\/\/fit360.ee\/en\/wp-json\/wp\/v2\/product\/68980","targetHints":{"allow":["GET"]}}],"collection":[{"href":"https:\/\/fit360.ee\/en\/wp-json\/wp\/v2\/product"}],"about":[{"href":"https:\/\/fit360.ee\/en\/wp-json\/wp\/v2\/types\/product"}],"replies":[{"embeddable":true,"href":"https:\/\/fit360.ee\/en\/wp-json\/wp\/v2\/comments?post=68980"}],"wp:featuredmedia":[{"embeddable":true,"href":"https:\/\/fit360.ee\/en\/wp-json\/wp\/v2\/media\/68986"}],"wp:attachment":[{"href":"https:\/\/fit360.ee\/en\/wp-json\/wp\/v2\/media?parent=68980"}],"wp:term":[{"taxonomy":"product_brand","embeddable":true,"href":"https:\/\/fit360.ee\/en\/wp-json\/wp\/v2\/product_brand?post=68980"},{"taxonomy":"product_cat","embeddable":true,"href":"https:\/\/fit360.ee\/en\/wp-json\/wp\/v2\/product_cat?post=68980"},{"taxonomy":"product_tag","embeddable":true,"href":"https:\/\/fit360.ee\/en\/wp-json\/wp\/v2\/product_tag?post=68980"},{"taxonomy":"giftcard-category","embeddable":true,"href":"https:\/\/fit360.ee\/en\/wp-json\/wp\/v2\/giftcard-category?post=68980"}],"curies":[{"name":"wp","href":"https:\/\/api.w.org\/{rel}","templated":true}]}}