{"id":69028,"date":"2023-03-17T17:23:47","date_gmt":"2023-03-17T15:23:47","guid":{"rendered":"https:\/\/fit360.ee\/pood\/uncategorized\/vita-min-multiple-sport-40\/"},"modified":"2025-10-11T14:33:52","modified_gmt":"2025-10-11T12:33:52","slug":"vita-min-multiple-sport-40","status":"publish","type":"product","link":"https:\/\/fit360.ee\/en\/pood\/product-groups\/vitamins-and-minerals-en\/multivitamins-en\/vita-min-multiple-sport-40\/","title":{"rendered":"Vita-min Multiple Sport 40+ (60caps)"},"content":{"rendered":"<div id=\"tab-description\" class=\"tab-pane active product-desc product-section\">\n<h2><strong>VITA-MIN MULTIPLE SPORT 40+\u00a0<\/strong><\/h2>\n<p>Vita-Min Multiple Sport 40+ on vitamiinidest erinev preparaat, mis on v\u00e4lja t\u00f6\u00f6tatud aktiivsetele \u00fcle 40-aastastele inimestele.<\/p>\n<p>Vita-Min Multiple 40+ on p\u00fchendatud inimestele<\/p>\n<ul>\n<li>kelle eesm\u00e4rk on s\u00e4ilitada tervist ja eluj\u00f5udu<\/li>\n<li>kes soovivad h\u00f5lbustada keha ainevahetusprotsesse<\/li>\n<li>kes soovivad oma v\u00f5imekust parandada<\/li>\n<li>kes soovivad oma dieeti vitamiinide ja mineraalidega t\u00e4iendada<\/li>\n<\/ul>\n<p>Kehalised harjutused on vaatamata paljudele eelistele seotud oks\u00fcdatiivse stressi aktiveerimise riskiga.\u00a0See tekib siis, kui organismi oks\u00fcdatsiooni- ja redutseerimisprotsesside tasakaal on h\u00e4iritud, mille tulemuseks on vabade radikaalide liigne kuhjumine kehas.\u00a0Antioks\u00fcdandid, mille \u00fclesandeks on ROS-i (reaktiivsed hapnikuliigid) neutraliseerimine, ei suuda probleemiga sellises mahus toime tulla.\u00a0Vanus ja sellega seotud ainevahetuse kiiruse v\u00e4henemine v\u00f5ivad samuti aidata kaasa selliste seisundite loomisele, mille tagaj\u00e4rg (molekulaarsel tasandil) v\u00f5ib olla DNA, lipiidrakkude membraanide ning aminohapete ja aminohapete struktuuri kahjustus. valgud.<\/p>\n<p>Asjaolu, et hapnikul v\u00f5ib olla ka oma &#8220;varjuk\u00fclg&#8221;, avastati m\u00f5ni aeg tagasi.\u00a0See h\u00f5lmab selle toksilisust (t\u00e4psemalt, omadus on iseloomulik hapnikust moodustunud ROS-ile, st vabadele hapnikuradikaalidele), mis organismi hom\u00f6ostaasi &#8211; redoks-tasakaalu &#8211; elimineerimisel v\u00f5ib kahjustada rakke v\u00f5i kudesid.<br \/>\nSeet\u00f5ttu aitab Vita-Min Multiple Sport 40+ sisaldav vitamiinide ja mineraalide kompleks muu hulgas kaasa sportlaste, eriti \u00fcle 40-aastaste, hom\u00f6ostaasi taastumisele.<\/p>\n<\/div>\n<div id=\"tab-ingredients\" class=\"tab-pane product-section\">\n<h4 class=\"section-title\"><strong>Vita-min Olimp Nutrition<\/strong><\/h4>\n<p><strong>Soovitatav kasutamine:\u00a0<\/strong><strong>1 kapsel VITA-PLEX SPORT 40+ ja 1 kapsel CHELA-MIN SPORT 40+ \u00fcks kord p\u00e4evas p\u00e4rast peamist s\u00f6\u00f6gikorda rohke veega.\u00a0<\/strong><\/p>\n<p>\u00c4rge \u00fcletage soovitatud p\u00e4evaannust.<br \/>\nHoidke v\u00e4ikelastele k\u00e4ttesaamatus kohas.<\/p>\n<p><strong>Hoiatus:<\/strong>\u00a0ei soovitata lastele, rasedatele ja imetavatele naistele ega rasedust planeerivatele naistele.<br \/>\n\u00c4rge kasutage, kui olete \u00fclitundlik valmistise m\u00f5ne koostisosa suhtes.<br \/>\nEnne toote kasutamist pidage n\u00f5u oma arsti v\u00f5i apteekriga.\u00a0\u00c4rge kasutage koos teiste vitamiinide ja mineraalidega.<br \/>\n\u00c4rge tarvitage toodet samal ajal alkoholi ega tarvitage h\u00fcpnootilisi, rahustavaid ega \u00e4revust leevendavaid ravimeid.<br \/>\nPikaajaline 18,8 mg vitamiini B6 tarbimine v\u00f5ib p\u00f5hjustada kerget kipitust ja tuimust.<\/p>\n<p><strong>VITA-PLEX SPORT\u00ae 40+<\/strong><br \/>\n<strong>Koostisosad:<\/strong>\u00a0\u00a0vitamiinid (mikrokapseldatud L-askorbiinhape (PureWay-C\u00ae) &#8211; vit. C, DL-alfa-tokofer\u00fc\u00fclatsetaat &#8211; vit. E, nikotiinamiid &#8211; niatsiin, ts\u00fcanokobalamiin &#8211; vitamiin B12, p\u00fcridoksiinvesinikkloriid &#8211; vit B6, tiamiinmononitraat &#8211; vit B1, riboflaviin &#8211; vit B2, retin\u00fc\u00fclatsetaat &#8211; vit A, kaltsium D-pantotenaat &#8211; pantoteenhape, menakinoon-7 &#8211; vit K, kolekaltsiferool &#8211; D vitamiin, ptero\u00fc\u00fclmonoglutamiinhape &#8211; folaat, D-biotiin &#8211; biotiin), 10,5% saepalmivilja ekstrakti (Serenoa repens JK Small), 5,2% Ashwagandha juureekstrakti KSM-66 (Withania somnifera L. Dunal), t\u00e4idisena &#8211; mikrokristallilist tselluloosi;\u00a0paakumisvastane aine &#8211; rasvhapete magneesiumisoolad, r\u00e4nidioksiid;\u00a0kapsel (\u017eelatiin, v\u00e4rvus: E 171).<\/p>\n<table>\n<tbody>\n<tr>\n<td>Vitamiinid<\/td>\n<td>1 kapsel<\/td>\n<td>*% SPK<\/td>\n<\/tr>\n<tr>\n<td>A-vitamiin (\u00b5g RE)<\/td>\n<td>800 ug<\/td>\n<td>100%<\/td>\n<\/tr>\n<tr>\n<td>D-vitamiin<\/td>\n<td>10 ug<\/td>\n<td>200%<\/td>\n<\/tr>\n<tr>\n<td>E-vitamiin (mg \u03b1-TE)<\/td>\n<td>24 mg<\/td>\n<td>200%<\/td>\n<\/tr>\n<tr>\n<td>K-vitamiin<\/td>\n<td>75 ug<\/td>\n<td>100%<\/td>\n<\/tr>\n<tr>\n<td>C-vitamiin (PureWay-C\u00ae)<\/td>\n<td>290 mg<\/td>\n<td>362%<\/td>\n<\/tr>\n<tr>\n<td>Tiamiin (vitamiin B1)<\/td>\n<td>19,4 mg<\/td>\n<td>1763%<\/td>\n<\/tr>\n<tr>\n<td>Riboflaviin (vitamiin B2)<\/td>\n<td>19,6 mg<\/td>\n<td>1400%<\/td>\n<\/tr>\n<tr>\n<td>Niatsiin (mg NE)<\/td>\n<td>31 mg<\/td>\n<td>194%<\/td>\n<\/tr>\n<tr>\n<td>Vitamiin B6<\/td>\n<td>18 mg<\/td>\n<td>1286%<\/td>\n<\/tr>\n<tr>\n<td>Foolhape<\/td>\n<td>400 ug<\/td>\n<td>200%<\/td>\n<\/tr>\n<tr>\n<td>Vitamiin B12<\/td>\n<td>23 ug<\/td>\n<td>920%<\/td>\n<\/tr>\n<tr>\n<td>Biotiin<\/td>\n<td>100 ug<\/td>\n<td>200%<\/td>\n<\/tr>\n<tr>\n<td>Pantoteenhape<\/td>\n<td>12 mg<\/td>\n<td>200%<\/td>\n<\/tr>\n<tr>\n<td>Saepalmivili ekstrakt (Serenoa repens JK Small)<\/td>\n<td>100 mg<\/td>\n<td>&#8211;<\/td>\n<\/tr>\n<tr>\n<td>Ashwagandha ekstrakt KSM-66<br \/>\n, millest koos ananiididega (5%)<\/td>\n<td>50 mg<br \/>\n2,5 mg<\/td>\n<td>&#8211;<br \/>\n&#8211;<\/td>\n<\/tr>\n<\/tbody>\n<\/table>\n<p>*% NRV &#8211; toitainete kontrollv\u00e4\u00e4rtused<\/p>\n<p><strong>CHELA-MIN SPORT\u00ae 40+<\/strong><br \/>\n<strong>Koostisosad:<\/strong>\u00a0\u00a0magneesiumbisgl\u00fctsinaat ** (magneesiumaminohappekelaat), magneesiumoksiid, kaltsiumbisgl\u00fctsinaat ** (kaltsiumaminohappekelaat), kaaliumkloriid, kaltsiumkarbonaat, tsinkbisgl\u00fctsinaat ** (tsingi aminohappekelaat) , t\u00e4iteaine &#8211; mikrokristalne tselluloos;\u00a0paakumisvastane aine &#8211; rasvhapete magneesiumisoolad;\u00a0mangaanbisgl\u00fctsinaat ** (mangaani aminohappekelaat), naatriumseleniit, raudbisgl\u00fctsinaat ** (raua aminohappekelaat), vaskbisgl\u00fctsinaat ** (vase aminohappekelaat), kroom (III) kloriid, kaaliumjodiid, kapsel (\u017eelatiin, v\u00e4rvid) : E 132, E 171).<\/p>\n<table>\n<tbody>\n<tr>\n<td>Mineraalsed komponendid<\/td>\n<td>1 kapsel<\/td>\n<td>*% SPK<\/td>\n<\/tr>\n<tr>\n<td>Magneesium ***<\/td>\n<td>190 mg<\/td>\n<td>51%<\/td>\n<\/tr>\n<tr>\n<td>Kaltsium<\/td>\n<td>100 mg<\/td>\n<td>12,5%<\/td>\n<\/tr>\n<tr>\n<td>Kaalium<\/td>\n<td>75 mg<\/td>\n<td>3,75%<\/td>\n<\/tr>\n<tr>\n<td>Tsink **<\/td>\n<td>15 mg<\/td>\n<td>150%<\/td>\n<\/tr>\n<tr>\n<td>Triikraud **<\/td>\n<td>3 mg<\/td>\n<td>21%<\/td>\n<\/tr>\n<tr>\n<td>Mangaan **<\/td>\n<td>1,8 mg<\/td>\n<td>90%<\/td>\n<\/tr>\n<tr>\n<td>Vask**<\/td>\n<td>0,5 mg<\/td>\n<td>50%<\/td>\n<\/tr>\n<tr>\n<td>Jood<\/td>\n<td>150 ug<\/td>\n<td>100%<\/td>\n<\/tr>\n<tr>\n<td>Kroom<\/td>\n<td>150 ug<\/td>\n<td>375%<\/td>\n<\/tr>\n<tr>\n<td>Seleen<\/td>\n<td>75 ug<\/td>\n<td>136%<\/td>\n<\/tr>\n<\/tbody>\n<\/table>\n<p>* SPK &#8211; Soovitatud p\u00e4evane kogus<br \/>\n** &#8211; kvaliteetne mineraal aminohappekelaadi Albion\u00ae kujul<br \/>\n*** &#8211; aminohappekelaat Albion\u00ae ja muud mineraalide vormid<\/p>\n<\/div>\n<p>Vaata ka meie Teisi Vitamiine\/Mineraale <a href=\"https:\/\/fit360.ee\/en\/product-category\/product-groups\/vitamins-and-minerals-en\/\"><strong>SIIT<\/strong><\/a> v\u00f5i Multivitamiine <a href=\"https:\/\/fit360.ee\/en\/product-category\/product-groups\/vitamins-and-minerals-en\/multivitamins-en\/\"><strong>SIIT<\/strong><\/a>!<\/p>\n<p>Soovid teha suuremat tellimust? Vaata antud toodet meie HULGI lehelt\u00a0<a href=\"https:\/\/toidulisandidhulgi.ee\/product\/vita-min-multiple-sport-40\/\"><strong>SIIT<\/strong><\/a>!<\/p>\n","protected":false},"excerpt":{"rendered":"<p><strong>Vita-Min Multiple 40+<\/strong> on p\u00fchendatud inimestele<\/p>\n<ul>\n<li>kelle eesm\u00e4rk on s\u00e4ilitada tervist ja eluj\u00f5udu<\/li>\n<li>kes soovivad h\u00f5lbustada keha ainevahetusprotsesse<\/li>\n<li>kes soovivad oma v\u00f5imekust parandada<\/li>\n<li>kes soovivad oma dieeti vitamiinide ja mineraalidega t\u00e4iendada<\/li>\n<\/ul>\n","protected":false},"featured_media":69027,"comment_status":"closed","ping_status":"closed","template":"","meta":[],"product_brand":[],"product_cat":[5311,5320,1917,513,536],"product_tag":[2944,4249,4250],"giftcard-category":[],"class_list":{"0":"post-69028","1":"product","2":"type-product","3":"status-publish","4":"has-post-thumbnail","6":"product_cat-antioxidants-en","7":"product_cat-for-immunity-en","8":"product_cat-multivitamins-en","9":"product_cat-olimp-en","10":"product_cat-vitamins-and-minerals-en","11":"product_tag-olimp-en","12":"product_tag-vita-min-en","13":"product_tag-vita-min-multiple-sport-40-en","14":"pa_kogus-60-capsules","15":"pa_toidulisand-branddd-olimp","16":"pa_tootegruppp-antioksudandid-en","17":"pa_tootegruppp-immuunsusteem-en","18":"pa_tootegruppp-multivitamiinid-en","19":"pa_tootegruppp-vitamins-and-minerals","21":"first","22":"outofstock","23":"sale","24":"taxable","25":"shipping-taxable","26":"purchasable","27":"product-type-simple"},"yoast_head":"<!-- This site is optimized with the Yoast SEO plugin v27.3 - https:\/\/yoast.com\/product\/yoast-seo-wordpress\/ -->\n<title>Vita-min Multiple Sport 40+ (60caps) - Multivitamiinid - Fit360<\/title>\n<meta name=\"description\" content=\"Vita-Min Multiple Sport 40+ on vitamiinidest erinev preparaat, mis on v\u00e4lja t\u00f6\u00f6tatud aktiivsetele \u00fcle 40-aastastele inimestele. Vita-Min Multiple 40+ on ..\" \/>\n<meta name=\"robots\" content=\"index, follow, max-snippet:-1, max-image-preview:large, max-video-preview:-1\" \/>\n<link rel=\"canonical\" href=\"https:\/\/fit360.ee\/en\/pood\/product-groups\/vitamins-and-minerals-en\/multivitamins-en\/vita-min-multiple-sport-40\/\" \/>\n<meta property=\"og:locale\" content=\"en_US\" \/>\n<meta property=\"og:type\" content=\"article\" \/>\n<meta property=\"og:title\" content=\"Vita-min Multiple Sport 40+ (60caps) - Multivitamiinid - Fit360\" \/>\n<meta property=\"og:description\" content=\"Vita-Min Multiple Sport 40+ on vitamiinidest erinev preparaat, mis on v\u00e4lja t\u00f6\u00f6tatud aktiivsetele \u00fcle 40-aastastele inimestele. Vita-Min Multiple 40+ on ..\" \/>\n<meta property=\"og:url\" content=\"https:\/\/fit360.ee\/en\/pood\/product-groups\/vitamins-and-minerals-en\/multivitamins-en\/vita-min-multiple-sport-40\/\" \/>\n<meta property=\"og:site_name\" content=\"Fit360\" \/>\n<meta property=\"article:modified_time\" content=\"2025-10-11T12:33:52+00:00\" \/>\n<meta property=\"og:image\" content=\"https:\/\/fit360.ee\/wp-content\/uploads\/2023\/03\/vita-min-multiple-sport-40-fit360.ee-1.png\" \/>\n\t<meta property=\"og:image:width\" content=\"700\" \/>\n\t<meta property=\"og:image:height\" content=\"700\" \/>\n\t<meta property=\"og:image:type\" content=\"image\/png\" \/>\n<meta name=\"twitter:card\" content=\"summary_large_image\" \/>\n<meta name=\"twitter:label1\" content=\"Est. reading time\" \/>\n\t<meta name=\"twitter:data1\" content=\"4 minutes\" \/>\n<script type=\"application\/ld+json\" class=\"yoast-schema-graph\">{\"@context\":\"https:\\\/\\\/schema.org\",\"@graph\":[{\"@type\":\"WebPage\",\"@id\":\"https:\\\/\\\/fit360.ee\\\/en\\\/pood\\\/product-groups\\\/vitamins-and-minerals-en\\\/multivitamins-en\\\/vita-min-multiple-sport-40\\\/\",\"url\":\"https:\\\/\\\/fit360.ee\\\/en\\\/pood\\\/product-groups\\\/vitamins-and-minerals-en\\\/multivitamins-en\\\/vita-min-multiple-sport-40\\\/\",\"name\":\"Vita-min Multiple Sport 40+ (60caps) - Multivitamiinid - Fit360\",\"isPartOf\":{\"@id\":\"https:\\\/\\\/fit360.ee\\\/en\\\/#website\"},\"primaryImageOfPage\":{\"@id\":\"https:\\\/\\\/fit360.ee\\\/en\\\/pood\\\/product-groups\\\/vitamins-and-minerals-en\\\/multivitamins-en\\\/vita-min-multiple-sport-40\\\/#primaryimage\"},\"image\":{\"@id\":\"https:\\\/\\\/fit360.ee\\\/en\\\/pood\\\/product-groups\\\/vitamins-and-minerals-en\\\/multivitamins-en\\\/vita-min-multiple-sport-40\\\/#primaryimage\"},\"thumbnailUrl\":\"https:\\\/\\\/fit360.ee\\\/wp-content\\\/uploads\\\/2023\\\/03\\\/vita-min-multiple-sport-40-fit360.ee-1.png\",\"datePublished\":\"2023-03-17T15:23:47+00:00\",\"dateModified\":\"2025-10-11T12:33:52+00:00\",\"description\":\"Vita-Min Multiple Sport 40+ on vitamiinidest erinev preparaat, mis on v\u00e4lja t\u00f6\u00f6tatud aktiivsetele \u00fcle 40-aastastele inimestele. Vita-Min Multiple 40+ on ..\",\"breadcrumb\":{\"@id\":\"https:\\\/\\\/fit360.ee\\\/en\\\/pood\\\/product-groups\\\/vitamins-and-minerals-en\\\/multivitamins-en\\\/vita-min-multiple-sport-40\\\/#breadcrumb\"},\"inLanguage\":\"en-US\",\"potentialAction\":[{\"@type\":\"ReadAction\",\"target\":[\"https:\\\/\\\/fit360.ee\\\/en\\\/pood\\\/product-groups\\\/vitamins-and-minerals-en\\\/multivitamins-en\\\/vita-min-multiple-sport-40\\\/\"]}]},{\"@type\":\"ImageObject\",\"inLanguage\":\"en-US\",\"@id\":\"https:\\\/\\\/fit360.ee\\\/en\\\/pood\\\/product-groups\\\/vitamins-and-minerals-en\\\/multivitamins-en\\\/vita-min-multiple-sport-40\\\/#primaryimage\",\"url\":\"https:\\\/\\\/fit360.ee\\\/wp-content\\\/uploads\\\/2023\\\/03\\\/vita-min-multiple-sport-40-fit360.ee-1.png\",\"contentUrl\":\"https:\\\/\\\/fit360.ee\\\/wp-content\\\/uploads\\\/2023\\\/03\\\/vita-min-multiple-sport-40-fit360.ee-1.png\",\"width\":700,\"height\":700,\"caption\":\"vita-min multiple sport 40+ - fit360.ee\"},{\"@type\":\"BreadcrumbList\",\"@id\":\"https:\\\/\\\/fit360.ee\\\/en\\\/pood\\\/product-groups\\\/vitamins-and-minerals-en\\\/multivitamins-en\\\/vita-min-multiple-sport-40\\\/#breadcrumb\",\"itemListElement\":[{\"@type\":\"ListItem\",\"position\":1,\"name\":\"Home\",\"item\":\"https:\\\/\\\/fit360.ee\\\/en\\\/\"},{\"@type\":\"ListItem\",\"position\":2,\"name\":\"Shop\",\"item\":\"https:\\\/\\\/fit360.ee\\\/en\\\/shop\\\/\"},{\"@type\":\"ListItem\",\"position\":3,\"name\":\"Vita-min Multiple Sport 40+ (60caps)\"}]},{\"@type\":\"WebSite\",\"@id\":\"https:\\\/\\\/fit360.ee\\\/en\\\/#website\",\"url\":\"https:\\\/\\\/fit360.ee\\\/en\\\/\",\"name\":\"Fit360\",\"description\":\"\",\"publisher\":{\"@id\":\"https:\\\/\\\/fit360.ee\\\/en\\\/#organization\"},\"potentialAction\":[{\"@type\":\"SearchAction\",\"target\":{\"@type\":\"EntryPoint\",\"urlTemplate\":\"https:\\\/\\\/fit360.ee\\\/en\\\/?s={search_term_string}\"},\"query-input\":{\"@type\":\"PropertyValueSpecification\",\"valueRequired\":true,\"valueName\":\"search_term_string\"}}],\"inLanguage\":\"en-US\"},{\"@type\":\"Organization\",\"@id\":\"https:\\\/\\\/fit360.ee\\\/en\\\/#organization\",\"name\":\"Fit360\",\"url\":\"https:\\\/\\\/fit360.ee\\\/en\\\/\",\"logo\":{\"@type\":\"ImageObject\",\"inLanguage\":\"en-US\",\"@id\":\"https:\\\/\\\/fit360.ee\\\/en\\\/#\\\/schema\\\/logo\\\/image\\\/\",\"url\":\"https:\\\/\\\/fit360.ee\\\/wp-content\\\/uploads\\\/2017\\\/01\\\/logo-fit360.png\",\"contentUrl\":\"https:\\\/\\\/fit360.ee\\\/wp-content\\\/uploads\\\/2017\\\/01\\\/logo-fit360.png\",\"width\":180,\"height\":66,\"caption\":\"Fit360\"},\"image\":{\"@id\":\"https:\\\/\\\/fit360.ee\\\/en\\\/#\\\/schema\\\/logo\\\/image\\\/\"}}]}<\/script>\n<!-- \/ Yoast SEO plugin. -->","yoast_head_json":{"title":"Vita-min Multiple Sport 40+ (60caps) - Multivitamiinid - Fit360","description":"Vita-Min Multiple Sport 40+ on vitamiinidest erinev preparaat, mis on v\u00e4lja t\u00f6\u00f6tatud aktiivsetele \u00fcle 40-aastastele inimestele. Vita-Min Multiple 40+ on ..","robots":{"index":"index","follow":"follow","max-snippet":"max-snippet:-1","max-image-preview":"max-image-preview:large","max-video-preview":"max-video-preview:-1"},"canonical":"https:\/\/fit360.ee\/en\/pood\/product-groups\/vitamins-and-minerals-en\/multivitamins-en\/vita-min-multiple-sport-40\/","og_locale":"en_US","og_type":"article","og_title":"Vita-min Multiple Sport 40+ (60caps) - Multivitamiinid - Fit360","og_description":"Vita-Min Multiple Sport 40+ on vitamiinidest erinev preparaat, mis on v\u00e4lja t\u00f6\u00f6tatud aktiivsetele \u00fcle 40-aastastele inimestele. Vita-Min Multiple 40+ on ..","og_url":"https:\/\/fit360.ee\/en\/pood\/product-groups\/vitamins-and-minerals-en\/multivitamins-en\/vita-min-multiple-sport-40\/","og_site_name":"Fit360","article_modified_time":"2025-10-11T12:33:52+00:00","og_image":[{"width":700,"height":700,"url":"https:\/\/fit360.ee\/wp-content\/uploads\/2023\/03\/vita-min-multiple-sport-40-fit360.ee-1.png","type":"image\/png"}],"twitter_card":"summary_large_image","twitter_misc":{"Est. reading time":"4 minutes"},"schema":{"@context":"https:\/\/schema.org","@graph":[{"@type":"WebPage","@id":"https:\/\/fit360.ee\/en\/pood\/product-groups\/vitamins-and-minerals-en\/multivitamins-en\/vita-min-multiple-sport-40\/","url":"https:\/\/fit360.ee\/en\/pood\/product-groups\/vitamins-and-minerals-en\/multivitamins-en\/vita-min-multiple-sport-40\/","name":"Vita-min Multiple Sport 40+ (60caps) - Multivitamiinid - Fit360","isPartOf":{"@id":"https:\/\/fit360.ee\/en\/#website"},"primaryImageOfPage":{"@id":"https:\/\/fit360.ee\/en\/pood\/product-groups\/vitamins-and-minerals-en\/multivitamins-en\/vita-min-multiple-sport-40\/#primaryimage"},"image":{"@id":"https:\/\/fit360.ee\/en\/pood\/product-groups\/vitamins-and-minerals-en\/multivitamins-en\/vita-min-multiple-sport-40\/#primaryimage"},"thumbnailUrl":"https:\/\/fit360.ee\/wp-content\/uploads\/2023\/03\/vita-min-multiple-sport-40-fit360.ee-1.png","datePublished":"2023-03-17T15:23:47+00:00","dateModified":"2025-10-11T12:33:52+00:00","description":"Vita-Min Multiple Sport 40+ on vitamiinidest erinev preparaat, mis on v\u00e4lja t\u00f6\u00f6tatud aktiivsetele \u00fcle 40-aastastele inimestele. Vita-Min Multiple 40+ on ..","breadcrumb":{"@id":"https:\/\/fit360.ee\/en\/pood\/product-groups\/vitamins-and-minerals-en\/multivitamins-en\/vita-min-multiple-sport-40\/#breadcrumb"},"inLanguage":"en-US","potentialAction":[{"@type":"ReadAction","target":["https:\/\/fit360.ee\/en\/pood\/product-groups\/vitamins-and-minerals-en\/multivitamins-en\/vita-min-multiple-sport-40\/"]}]},{"@type":"ImageObject","inLanguage":"en-US","@id":"https:\/\/fit360.ee\/en\/pood\/product-groups\/vitamins-and-minerals-en\/multivitamins-en\/vita-min-multiple-sport-40\/#primaryimage","url":"https:\/\/fit360.ee\/wp-content\/uploads\/2023\/03\/vita-min-multiple-sport-40-fit360.ee-1.png","contentUrl":"https:\/\/fit360.ee\/wp-content\/uploads\/2023\/03\/vita-min-multiple-sport-40-fit360.ee-1.png","width":700,"height":700,"caption":"vita-min multiple sport 40+ - fit360.ee"},{"@type":"BreadcrumbList","@id":"https:\/\/fit360.ee\/en\/pood\/product-groups\/vitamins-and-minerals-en\/multivitamins-en\/vita-min-multiple-sport-40\/#breadcrumb","itemListElement":[{"@type":"ListItem","position":1,"name":"Home","item":"https:\/\/fit360.ee\/en\/"},{"@type":"ListItem","position":2,"name":"Shop","item":"https:\/\/fit360.ee\/en\/shop\/"},{"@type":"ListItem","position":3,"name":"Vita-min Multiple Sport 40+ (60caps)"}]},{"@type":"WebSite","@id":"https:\/\/fit360.ee\/en\/#website","url":"https:\/\/fit360.ee\/en\/","name":"Fit360","description":"","publisher":{"@id":"https:\/\/fit360.ee\/en\/#organization"},"potentialAction":[{"@type":"SearchAction","target":{"@type":"EntryPoint","urlTemplate":"https:\/\/fit360.ee\/en\/?s={search_term_string}"},"query-input":{"@type":"PropertyValueSpecification","valueRequired":true,"valueName":"search_term_string"}}],"inLanguage":"en-US"},{"@type":"Organization","@id":"https:\/\/fit360.ee\/en\/#organization","name":"Fit360","url":"https:\/\/fit360.ee\/en\/","logo":{"@type":"ImageObject","inLanguage":"en-US","@id":"https:\/\/fit360.ee\/en\/#\/schema\/logo\/image\/","url":"https:\/\/fit360.ee\/wp-content\/uploads\/2017\/01\/logo-fit360.png","contentUrl":"https:\/\/fit360.ee\/wp-content\/uploads\/2017\/01\/logo-fit360.png","width":180,"height":66,"caption":"Fit360"},"image":{"@id":"https:\/\/fit360.ee\/en\/#\/schema\/logo\/image\/"}}]}},"_links":{"self":[{"href":"https:\/\/fit360.ee\/en\/wp-json\/wp\/v2\/product\/69028","targetHints":{"allow":["GET"]}}],"collection":[{"href":"https:\/\/fit360.ee\/en\/wp-json\/wp\/v2\/product"}],"about":[{"href":"https:\/\/fit360.ee\/en\/wp-json\/wp\/v2\/types\/product"}],"replies":[{"embeddable":true,"href":"https:\/\/fit360.ee\/en\/wp-json\/wp\/v2\/comments?post=69028"}],"wp:featuredmedia":[{"embeddable":true,"href":"https:\/\/fit360.ee\/en\/wp-json\/wp\/v2\/media\/69027"}],"wp:attachment":[{"href":"https:\/\/fit360.ee\/en\/wp-json\/wp\/v2\/media?parent=69028"}],"wp:term":[{"taxonomy":"product_brand","embeddable":true,"href":"https:\/\/fit360.ee\/en\/wp-json\/wp\/v2\/product_brand?post=69028"},{"taxonomy":"product_cat","embeddable":true,"href":"https:\/\/fit360.ee\/en\/wp-json\/wp\/v2\/product_cat?post=69028"},{"taxonomy":"product_tag","embeddable":true,"href":"https:\/\/fit360.ee\/en\/wp-json\/wp\/v2\/product_tag?post=69028"},{"taxonomy":"giftcard-category","embeddable":true,"href":"https:\/\/fit360.ee\/en\/wp-json\/wp\/v2\/giftcard-category?post=69028"}],"curies":[{"name":"wp","href":"https:\/\/api.w.org\/{rel}","templated":true}]}}