{"id":69085,"date":"2023-03-20T21:26:35","date_gmt":"2023-03-20T19:26:35","guid":{"rendered":"https:\/\/fit360.ee\/pood\/uncategorized\/resveratrol\/"},"modified":"2025-10-04T12:34:47","modified_gmt":"2025-10-04T10:34:47","slug":"resveratrol","status":"publish","type":"product","link":"https:\/\/fit360.ee\/en\/pood\/product-groups\/%d0%b2%d0%b5%d0%b3%d0%b0%d0%bd\/vegan-capsules-en\/resveratrol\/","title":{"rendered":"Resveratrol (60 vCaps)"},"content":{"rendered":"<h2><strong>Resveratrol<\/strong><\/h2>\n<p>OstroVit Resveratrol VEGE on toidulisand kapslites, mis sisaldab 50% trans-resveratrooli standarditud jaapani k\u00fc\u00fclikujuure ekstrakti.\u00a0Kapsel ise (HPMC &#8211; hydroxypropylmethylcellulose) ja ekstrakt ei sisalda loomseid aineid, seega sobib lisand laiale publikule, sealhulgas veganitele ja taimetoitlastele.\u00a0OstroVit 100% VEGE CAPSULES t\u00e4histab kvaliteeti, hoolitsust ja klientide ootustele vastavat.<\/p>\n<p><a href=\"https:\/\/fit360.ee\/wp-content\/uploads\/2023\/03\/resveratrool-fit360.ee-1-800x312.jpg\"><img loading=\"lazy\" decoding=\"async\" class=\"size-medium wp-image-69080\" src=\"https:\/\/fit360.ee\/wp-content\/uploads\/2023\/03\/resveratrool-fit360.ee-1-800x312.jpg\" alt=\"resveratrool - fit360.ee\" width=\"800\" height=\"312\" srcset=\"https:\/\/fit360.ee\/wp-content\/uploads\/2023\/03\/resveratrool-fit360.ee-1-800x312.jpg 800w, https:\/\/fit360.ee\/wp-content\/uploads\/2023\/03\/resveratrool-fit360.ee-1-510x199.jpg 510w, https:\/\/fit360.ee\/wp-content\/uploads\/2023\/03\/resveratrool-fit360.ee-1-768x300.jpg 768w, https:\/\/fit360.ee\/wp-content\/uploads\/2023\/03\/resveratrool-fit360.ee-1.jpg 922w\" sizes=\"auto, (max-width: 800px) 100vw, 800px\" \/><\/a><\/p>\n<section class=\"cm__section\">\n<ul class=\"cm__list\">\n<li>100% VEGE KAPSLITE SARI<\/li>\n<li>See toode sobib ka taimetoitlastele ja veganitele.<\/li>\n<li>60 annust<\/li>\n<li>Standardiseeritud ekstrakt 50% trans-resveratrooliga<\/li>\n<\/ul>\n<h4 class=\"cm__heading\"><strong>Jaapani k\u00fc\u00fcslill<\/strong><\/h4>\n<p class=\"cm__text\">Jaapani k\u00fc\u00fcslill on L\u00f5una-Aasias levinud taimeliik, mis kuulub k\u00e4paliste sugukonda.\u00a0Selle praegune levik h\u00f5lmab ka Euroopat ja isegi m\u00f5nda Poola piirkonda.\u00a0See on klassifitseeritud invasiivseks liigiks, st selliseks, mis v\u00f5ib otseselt ohustada piirkonna endeemilist metslooma.\u00a0Jaapani <em>knotweed<\/em> on peamiselt tuntud oma raviomaduste poolest ja nende eest vastutab trans-resveratrooli nime all tuntud \u00fchendi k\u00f5rge kontsentratsioon.<\/p>\n<p class=\"cm__text\">Resveratrool\u00a0on orgaaniline keemiline \u00fchend pol\u00fcfenoolide r\u00fchmast.\u00a0See eksisteerib kahe isomeeri kujul, cis- ja trans-, kus ainult trans-isomeeril on meie keha jaoks bioloogiline t\u00e4htsus.\u00a0K\u00f5rgemates kontsentratsioonides leidub seda peamiselt Jaapani k\u00fc\u00fcslaugus ja viinamarjades \u2013 aeg-ajalt punase veini joomise kasulikkus tervisele ja eelised on teada juba pikka aega.<\/p>\n<h4 class=\"cm__heading\"><strong>OstroVit Resveratrol VEGE koostisainete omadused<\/strong>:<\/h4>\n<ul class=\"cm__list\">\n<li>Toetab s\u00fcdame-veresoonkonna s\u00fcsteemi n\u00f5uetekohast toimimist<\/li>\n<li>Sellel v\u00f5ib olla neuroprotektiivne toime<\/li>\n<li>Alandab vere gl\u00fckoosi- ja trigl\u00fctseriidide taset<\/li>\n<li>On looduslik antioks\u00fcdant<\/li>\n<li>Aidake kaasa keharasva &#8220;v\u00e4hendamisele&#8221;.<\/li>\n<\/ul>\n<p class=\"cm__text\">VEGE CAPSULES sarja tooted on v\u00e4lja t\u00f6\u00f6tatud ainult vegan koostisosi kasutades.\u00a0Tulenevalt ettev\u00f5tte k\u00f5rgest ohutuspoliitikast ja asjaolust, et tootmis\u00fcksuses kasutatakse allergeenseid koostisosi, siit ka info ristallergeenide v\u00f5imalikkuse kohta etiketil.\u00a0Lisateabe saamiseks v\u00f5tke meiega \u00fchendust e-posti teel.<\/p>\n<\/section>\n<section class=\"cm__section\">\n<p class=\"cm__text --bold\">Klientide tervise huvides testitakse meie tooteid regulaarselt akrediteeritud laboris, et tagada ja s\u00e4ilitada k\u00f5rgeim kvaliteet.<\/p>\n<p><strong>Koostisosad<\/strong>: Jaapani k\u00fc\u00fclikujuure ekstrakt (Polygonum cuspidatum Siebold &amp; Zucc.), mis on standardiseeritud 50% trans-resveratrooliga, katte koostis (mahuaine: h\u00fcdroks\u00fcprop\u00fc\u00fclmet\u00fc\u00fcltselluloos).<\/p>\n<p><strong>Kasutamine<\/strong>: V\u00f5tke 1 portsjon (1 kapsel) p\u00e4evas.<\/p>\n<p><strong>Suurus<\/strong>: 60 vCaps &#8211; 60 serveeringut<\/p>\n<table>\n<tbody>\n<tr>\n<th>Aktiivsed koostisosad<\/th>\n<th>portsjoni kohta<\/th>\n<\/tr>\n<tr>\n<td>Jaapani <em>knotweed<\/em> juure ekstrakt<\/td>\n<td>300 mg<\/td>\n<\/tr>\n<tr class=\"sub\">\n<td>&#8211; millest trans-resveratrool (50%)<\/td>\n<td>150 mg<\/td>\n<\/tr>\n<\/tbody>\n<\/table>\n<p>Vaata ka meie teisi Rasvap\u00f5letajaid <a href=\"https:\/\/fit360.ee\/en\/product-category\/product-groups\/fat-burners-en\/\"><strong>SIIT<\/strong><\/a> v\u00f5i Supertoite <a href=\"https:\/\/fit360.ee\/en\/product-category\/product-groups\/superfoods-health-foods-en\/\"><strong>SIIT<\/strong><\/a>!<\/p>\n<p>Soovid kaupa osta suuremas koguses? Vaata antud toodet ka meie HULGI poest\u00a0<a href=\"https:\/\/toidulisandidhulgi.ee\/product\/resveratrol\/\"><strong>SIIT<\/strong><\/a>!<\/p>\n<\/section>\n","protected":false},"excerpt":{"rendered":"<ul class=\"cm__list\">\n<li>Toetab s\u00fcdame-veresoonkonna s\u00fcsteemi n\u00f5uetekohast toimimist<\/li>\n<li>Sellel v\u00f5ib olla neuroprotektiivne toime<\/li>\n<li>Alandab vere gl\u00fckoosi- ja trigl\u00fctseriidide taset<\/li>\n<li>On looduslik antioks\u00fcdant<\/li>\n<li>Aidake kaasa keharasva &#8220;v\u00e4hendamisele&#8221;.<\/li>\n<\/ul>\n","protected":false},"featured_media":76631,"comment_status":"closed","ping_status":"closed","template":"","meta":[],"product_brand":[],"product_cat":[530,1329,2408,1454,2664,1201],"product_tag":[1924,4253,4254],"giftcard-category":[],"class_list":{"0":"post-69085","1":"product","2":"type-product","3":"status-publish","4":"has-post-thumbnail","6":"product_cat-fat-burners-en","7":"product_cat-ostrovit-en","8":"product_cat-stimulant-free-fat-burners-en","9":"product_cat-superfoods-health-foods-en","10":"product_cat-vegan-capsules-en","11":"product_cat-1201","12":"product_tag-ostrovit-en","13":"product_tag-resveratrol-en","14":"product_tag-resveratrool-en","15":"pa_kogus-60-vcaps-en","16":"pa_toidulisand-branddd-ostrovit","17":"pa_tootegruppp-stimulandivaba-en","18":"pa_tootegruppp-supertoit-tervisetoit-en","19":"pa_tootegruppp-vcaps-vegan-kapslid-en","20":"pa_tootegruppp-vegan-en","21":"pa_tootegruppp-weight-loss","23":"first","24":"instock","25":"sale","26":"taxable","27":"shipping-taxable","28":"purchasable","29":"product-type-simple"},"yoast_head":"<!-- This site is optimized with the Yoast SEO plugin v27.3 - https:\/\/yoast.com\/product\/yoast-seo-wordpress\/ -->\n<title>Resveratrol (60 vCaps) - Resveratrool - Kiire Tarne - Fit360<\/title>\n<meta name=\"description\" content=\"Resveratrol toetab s\u00fcdame-veresoonkonna s\u00fcsteemi\u00a0toimimist. Sellel v\u00f5ib olla neuroprotektiivne toime. Alandab vere gl\u00fckoosi- ja trigl\u00fctseriidide taset.\" \/>\n<meta name=\"robots\" content=\"index, follow, max-snippet:-1, max-image-preview:large, max-video-preview:-1\" \/>\n<link rel=\"canonical\" href=\"https:\/\/fit360.ee\/en\/pood\/product-groups\/\u0432\u0435\u0433\u0430\u043d\/vegan-capsules-en\/resveratrol\/\" \/>\n<meta property=\"og:locale\" content=\"en_US\" \/>\n<meta property=\"og:type\" content=\"article\" \/>\n<meta property=\"og:title\" content=\"Resveratrol (60 vCaps) - Resveratrool - Kiire Tarne - Fit360\" \/>\n<meta property=\"og:description\" content=\"Resveratrol toetab s\u00fcdame-veresoonkonna s\u00fcsteemi\u00a0toimimist. Sellel v\u00f5ib olla neuroprotektiivne toime. Alandab vere gl\u00fckoosi- ja trigl\u00fctseriidide taset.\" \/>\n<meta property=\"og:url\" content=\"https:\/\/fit360.ee\/en\/pood\/product-groups\/\u0432\u0435\u0433\u0430\u043d\/vegan-capsules-en\/resveratrol\/\" \/>\n<meta property=\"og:site_name\" content=\"Fit360\" \/>\n<meta property=\"article:modified_time\" content=\"2025-10-04T10:34:47+00:00\" \/>\n<meta property=\"og:image\" content=\"https:\/\/fit360.ee\/wp-content\/uploads\/2023\/03\/ostrovit-resveratrol-fit360.ee-1.png\" \/>\n\t<meta property=\"og:image:width\" content=\"450\" \/>\n\t<meta property=\"og:image:height\" content=\"450\" \/>\n\t<meta property=\"og:image:type\" content=\"image\/png\" \/>\n<meta name=\"twitter:card\" content=\"summary_large_image\" \/>\n<meta name=\"twitter:label1\" content=\"Est. reading time\" \/>\n\t<meta name=\"twitter:data1\" content=\"2 minutes\" \/>\n<script type=\"application\/ld+json\" class=\"yoast-schema-graph\">{\"@context\":\"https:\\\/\\\/schema.org\",\"@graph\":[{\"@type\":\"WebPage\",\"@id\":\"https:\\\/\\\/fit360.ee\\\/en\\\/pood\\\/product-groups\\\/%d0%b2%d0%b5%d0%b3%d0%b0%d0%bd\\\/vegan-capsules-en\\\/resveratrol\\\/\",\"url\":\"https:\\\/\\\/fit360.ee\\\/en\\\/pood\\\/product-groups\\\/%d0%b2%d0%b5%d0%b3%d0%b0%d0%bd\\\/vegan-capsules-en\\\/resveratrol\\\/\",\"name\":\"Resveratrol (60 vCaps) - Resveratrool - Kiire Tarne - Fit360\",\"isPartOf\":{\"@id\":\"https:\\\/\\\/fit360.ee\\\/en\\\/#website\"},\"primaryImageOfPage\":{\"@id\":\"https:\\\/\\\/fit360.ee\\\/en\\\/pood\\\/product-groups\\\/%d0%b2%d0%b5%d0%b3%d0%b0%d0%bd\\\/vegan-capsules-en\\\/resveratrol\\\/#primaryimage\"},\"image\":{\"@id\":\"https:\\\/\\\/fit360.ee\\\/en\\\/pood\\\/product-groups\\\/%d0%b2%d0%b5%d0%b3%d0%b0%d0%bd\\\/vegan-capsules-en\\\/resveratrol\\\/#primaryimage\"},\"thumbnailUrl\":\"https:\\\/\\\/fit360.ee\\\/wp-content\\\/uploads\\\/2023\\\/03\\\/ostrovit-resveratrol-fit360.ee-1.png\",\"datePublished\":\"2023-03-20T19:26:35+00:00\",\"dateModified\":\"2025-10-04T10:34:47+00:00\",\"description\":\"Resveratrol toetab s\u00fcdame-veresoonkonna s\u00fcsteemi\u00a0toimimist. Sellel v\u00f5ib olla neuroprotektiivne toime. Alandab vere gl\u00fckoosi- ja trigl\u00fctseriidide taset.\",\"breadcrumb\":{\"@id\":\"https:\\\/\\\/fit360.ee\\\/en\\\/pood\\\/product-groups\\\/%d0%b2%d0%b5%d0%b3%d0%b0%d0%bd\\\/vegan-capsules-en\\\/resveratrol\\\/#breadcrumb\"},\"inLanguage\":\"en-US\",\"potentialAction\":[{\"@type\":\"ReadAction\",\"target\":[\"https:\\\/\\\/fit360.ee\\\/en\\\/pood\\\/product-groups\\\/%d0%b2%d0%b5%d0%b3%d0%b0%d0%bd\\\/vegan-capsules-en\\\/resveratrol\\\/\"]}]},{\"@type\":\"ImageObject\",\"inLanguage\":\"en-US\",\"@id\":\"https:\\\/\\\/fit360.ee\\\/en\\\/pood\\\/product-groups\\\/%d0%b2%d0%b5%d0%b3%d0%b0%d0%bd\\\/vegan-capsules-en\\\/resveratrol\\\/#primaryimage\",\"url\":\"https:\\\/\\\/fit360.ee\\\/wp-content\\\/uploads\\\/2023\\\/03\\\/ostrovit-resveratrol-fit360.ee-1.png\",\"contentUrl\":\"https:\\\/\\\/fit360.ee\\\/wp-content\\\/uploads\\\/2023\\\/03\\\/ostrovit-resveratrol-fit360.ee-1.png\",\"width\":450,\"height\":450,\"caption\":\"ostrovit resveratrol - fit360.ee\"},{\"@type\":\"BreadcrumbList\",\"@id\":\"https:\\\/\\\/fit360.ee\\\/en\\\/pood\\\/product-groups\\\/%d0%b2%d0%b5%d0%b3%d0%b0%d0%bd\\\/vegan-capsules-en\\\/resveratrol\\\/#breadcrumb\",\"itemListElement\":[{\"@type\":\"ListItem\",\"position\":1,\"name\":\"Home\",\"item\":\"https:\\\/\\\/fit360.ee\\\/en\\\/\"},{\"@type\":\"ListItem\",\"position\":2,\"name\":\"Shop\",\"item\":\"https:\\\/\\\/fit360.ee\\\/en\\\/shop\\\/\"},{\"@type\":\"ListItem\",\"position\":3,\"name\":\"Resveratrol (60 vCaps)\"}]},{\"@type\":\"WebSite\",\"@id\":\"https:\\\/\\\/fit360.ee\\\/en\\\/#website\",\"url\":\"https:\\\/\\\/fit360.ee\\\/en\\\/\",\"name\":\"Fit360\",\"description\":\"\",\"publisher\":{\"@id\":\"https:\\\/\\\/fit360.ee\\\/en\\\/#organization\"},\"potentialAction\":[{\"@type\":\"SearchAction\",\"target\":{\"@type\":\"EntryPoint\",\"urlTemplate\":\"https:\\\/\\\/fit360.ee\\\/en\\\/?s={search_term_string}\"},\"query-input\":{\"@type\":\"PropertyValueSpecification\",\"valueRequired\":true,\"valueName\":\"search_term_string\"}}],\"inLanguage\":\"en-US\"},{\"@type\":\"Organization\",\"@id\":\"https:\\\/\\\/fit360.ee\\\/en\\\/#organization\",\"name\":\"Fit360\",\"url\":\"https:\\\/\\\/fit360.ee\\\/en\\\/\",\"logo\":{\"@type\":\"ImageObject\",\"inLanguage\":\"en-US\",\"@id\":\"https:\\\/\\\/fit360.ee\\\/en\\\/#\\\/schema\\\/logo\\\/image\\\/\",\"url\":\"https:\\\/\\\/fit360.ee\\\/wp-content\\\/uploads\\\/2017\\\/01\\\/logo-fit360.png\",\"contentUrl\":\"https:\\\/\\\/fit360.ee\\\/wp-content\\\/uploads\\\/2017\\\/01\\\/logo-fit360.png\",\"width\":180,\"height\":66,\"caption\":\"Fit360\"},\"image\":{\"@id\":\"https:\\\/\\\/fit360.ee\\\/en\\\/#\\\/schema\\\/logo\\\/image\\\/\"}}]}<\/script>\n<!-- \/ Yoast SEO plugin. -->","yoast_head_json":{"title":"Resveratrol (60 vCaps) - Resveratrool - Kiire Tarne - Fit360","description":"Resveratrol toetab s\u00fcdame-veresoonkonna s\u00fcsteemi\u00a0toimimist. Sellel v\u00f5ib olla neuroprotektiivne toime. Alandab vere gl\u00fckoosi- ja trigl\u00fctseriidide taset.","robots":{"index":"index","follow":"follow","max-snippet":"max-snippet:-1","max-image-preview":"max-image-preview:large","max-video-preview":"max-video-preview:-1"},"canonical":"https:\/\/fit360.ee\/en\/pood\/product-groups\/\u0432\u0435\u0433\u0430\u043d\/vegan-capsules-en\/resveratrol\/","og_locale":"en_US","og_type":"article","og_title":"Resveratrol (60 vCaps) - Resveratrool - Kiire Tarne - Fit360","og_description":"Resveratrol toetab s\u00fcdame-veresoonkonna s\u00fcsteemi\u00a0toimimist. Sellel v\u00f5ib olla neuroprotektiivne toime. Alandab vere gl\u00fckoosi- ja trigl\u00fctseriidide taset.","og_url":"https:\/\/fit360.ee\/en\/pood\/product-groups\/\u0432\u0435\u0433\u0430\u043d\/vegan-capsules-en\/resveratrol\/","og_site_name":"Fit360","article_modified_time":"2025-10-04T10:34:47+00:00","og_image":[{"width":450,"height":450,"url":"https:\/\/fit360.ee\/wp-content\/uploads\/2023\/03\/ostrovit-resveratrol-fit360.ee-1.png","type":"image\/png"}],"twitter_card":"summary_large_image","twitter_misc":{"Est. reading time":"2 minutes"},"schema":{"@context":"https:\/\/schema.org","@graph":[{"@type":"WebPage","@id":"https:\/\/fit360.ee\/en\/pood\/product-groups\/%d0%b2%d0%b5%d0%b3%d0%b0%d0%bd\/vegan-capsules-en\/resveratrol\/","url":"https:\/\/fit360.ee\/en\/pood\/product-groups\/%d0%b2%d0%b5%d0%b3%d0%b0%d0%bd\/vegan-capsules-en\/resveratrol\/","name":"Resveratrol (60 vCaps) - Resveratrool - Kiire Tarne - Fit360","isPartOf":{"@id":"https:\/\/fit360.ee\/en\/#website"},"primaryImageOfPage":{"@id":"https:\/\/fit360.ee\/en\/pood\/product-groups\/%d0%b2%d0%b5%d0%b3%d0%b0%d0%bd\/vegan-capsules-en\/resveratrol\/#primaryimage"},"image":{"@id":"https:\/\/fit360.ee\/en\/pood\/product-groups\/%d0%b2%d0%b5%d0%b3%d0%b0%d0%bd\/vegan-capsules-en\/resveratrol\/#primaryimage"},"thumbnailUrl":"https:\/\/fit360.ee\/wp-content\/uploads\/2023\/03\/ostrovit-resveratrol-fit360.ee-1.png","datePublished":"2023-03-20T19:26:35+00:00","dateModified":"2025-10-04T10:34:47+00:00","description":"Resveratrol toetab s\u00fcdame-veresoonkonna s\u00fcsteemi\u00a0toimimist. Sellel v\u00f5ib olla neuroprotektiivne toime. Alandab vere gl\u00fckoosi- ja trigl\u00fctseriidide taset.","breadcrumb":{"@id":"https:\/\/fit360.ee\/en\/pood\/product-groups\/%d0%b2%d0%b5%d0%b3%d0%b0%d0%bd\/vegan-capsules-en\/resveratrol\/#breadcrumb"},"inLanguage":"en-US","potentialAction":[{"@type":"ReadAction","target":["https:\/\/fit360.ee\/en\/pood\/product-groups\/%d0%b2%d0%b5%d0%b3%d0%b0%d0%bd\/vegan-capsules-en\/resveratrol\/"]}]},{"@type":"ImageObject","inLanguage":"en-US","@id":"https:\/\/fit360.ee\/en\/pood\/product-groups\/%d0%b2%d0%b5%d0%b3%d0%b0%d0%bd\/vegan-capsules-en\/resveratrol\/#primaryimage","url":"https:\/\/fit360.ee\/wp-content\/uploads\/2023\/03\/ostrovit-resveratrol-fit360.ee-1.png","contentUrl":"https:\/\/fit360.ee\/wp-content\/uploads\/2023\/03\/ostrovit-resveratrol-fit360.ee-1.png","width":450,"height":450,"caption":"ostrovit resveratrol - fit360.ee"},{"@type":"BreadcrumbList","@id":"https:\/\/fit360.ee\/en\/pood\/product-groups\/%d0%b2%d0%b5%d0%b3%d0%b0%d0%bd\/vegan-capsules-en\/resveratrol\/#breadcrumb","itemListElement":[{"@type":"ListItem","position":1,"name":"Home","item":"https:\/\/fit360.ee\/en\/"},{"@type":"ListItem","position":2,"name":"Shop","item":"https:\/\/fit360.ee\/en\/shop\/"},{"@type":"ListItem","position":3,"name":"Resveratrol (60 vCaps)"}]},{"@type":"WebSite","@id":"https:\/\/fit360.ee\/en\/#website","url":"https:\/\/fit360.ee\/en\/","name":"Fit360","description":"","publisher":{"@id":"https:\/\/fit360.ee\/en\/#organization"},"potentialAction":[{"@type":"SearchAction","target":{"@type":"EntryPoint","urlTemplate":"https:\/\/fit360.ee\/en\/?s={search_term_string}"},"query-input":{"@type":"PropertyValueSpecification","valueRequired":true,"valueName":"search_term_string"}}],"inLanguage":"en-US"},{"@type":"Organization","@id":"https:\/\/fit360.ee\/en\/#organization","name":"Fit360","url":"https:\/\/fit360.ee\/en\/","logo":{"@type":"ImageObject","inLanguage":"en-US","@id":"https:\/\/fit360.ee\/en\/#\/schema\/logo\/image\/","url":"https:\/\/fit360.ee\/wp-content\/uploads\/2017\/01\/logo-fit360.png","contentUrl":"https:\/\/fit360.ee\/wp-content\/uploads\/2017\/01\/logo-fit360.png","width":180,"height":66,"caption":"Fit360"},"image":{"@id":"https:\/\/fit360.ee\/en\/#\/schema\/logo\/image\/"}}]}},"_links":{"self":[{"href":"https:\/\/fit360.ee\/en\/wp-json\/wp\/v2\/product\/69085","targetHints":{"allow":["GET"]}}],"collection":[{"href":"https:\/\/fit360.ee\/en\/wp-json\/wp\/v2\/product"}],"about":[{"href":"https:\/\/fit360.ee\/en\/wp-json\/wp\/v2\/types\/product"}],"replies":[{"embeddable":true,"href":"https:\/\/fit360.ee\/en\/wp-json\/wp\/v2\/comments?post=69085"}],"wp:featuredmedia":[{"embeddable":true,"href":"https:\/\/fit360.ee\/en\/wp-json\/wp\/v2\/media\/76631"}],"wp:attachment":[{"href":"https:\/\/fit360.ee\/en\/wp-json\/wp\/v2\/media?parent=69085"}],"wp:term":[{"taxonomy":"product_brand","embeddable":true,"href":"https:\/\/fit360.ee\/en\/wp-json\/wp\/v2\/product_brand?post=69085"},{"taxonomy":"product_cat","embeddable":true,"href":"https:\/\/fit360.ee\/en\/wp-json\/wp\/v2\/product_cat?post=69085"},{"taxonomy":"product_tag","embeddable":true,"href":"https:\/\/fit360.ee\/en\/wp-json\/wp\/v2\/product_tag?post=69085"},{"taxonomy":"giftcard-category","embeddable":true,"href":"https:\/\/fit360.ee\/en\/wp-json\/wp\/v2\/giftcard-category?post=69085"}],"curies":[{"name":"wp","href":"https:\/\/api.w.org\/{rel}","templated":true}]}}