{"id":69099,"date":"2023-03-20T21:49:03","date_gmt":"2023-03-20T19:49:03","guid":{"rendered":"https:\/\/fit360.ee\/?post_type=product&#038;p=69099"},"modified":"2025-08-13T07:37:01","modified_gmt":"2025-08-13T05:37:01","slug":"beef-protein-700g","status":"publish","type":"product","link":"https:\/\/fit360.ee\/en\/pood\/product-groups\/protein-poweders-en\/beef-protein-en\/beef-protein-700g\/","title":{"rendered":"Beef Protein (700g)"},"content":{"rendered":"<h2><strong>Beef Protein<\/strong><\/h2>\n<p>OstroVit Beef Protein 700 g on k\u00f5rgeima kvaliteediga veiselihavalgu h\u00fcdrol\u00fcsaat, mida peetakse k\u00f5ige puhtamaks sportlaste dieedis kasutatavaks valguallikaks, mida iseloomustab k\u00f5rge biosaadavus ja rikkalik aminohapete hulk. See on loodud k\u00f5igile laktoositalumatusega inimestele ja neile, kes otsivad alternatiivi traditsioonilisele vadakuvalgupulbrile. Preparaat saadakse veiseliha ens\u00fcmaatilise h\u00fcdrol\u00fc\u00fcsi k\u00e4igus ja seda on rikastatud aminohapetega \u2013 L-glutamiini ja L-arginiiniga. See on ideaalne nii lihasmassi kasvatamise kui ka keharasva v\u00e4hendamise perioodil.<\/p>\n<p><a href=\"https:\/\/fit360.ee\/wp-content\/uploads\/2023\/03\/lihavalk-fit360.ee_-800x312.jpg\"><img loading=\"lazy\" decoding=\"async\" class=\"size-medium wp-image-69104\" src=\"https:\/\/fit360.ee\/wp-content\/uploads\/2023\/03\/lihavalk-fit360.ee_-800x312.jpg\" alt=\"lihavalk - fit360.ee\" width=\"800\" height=\"312\" srcset=\"https:\/\/fit360.ee\/wp-content\/uploads\/2023\/03\/lihavalk-fit360.ee_-800x312.jpg 800w, https:\/\/fit360.ee\/wp-content\/uploads\/2023\/03\/lihavalk-fit360.ee_-510x199.jpg 510w, https:\/\/fit360.ee\/wp-content\/uploads\/2023\/03\/lihavalk-fit360.ee_-768x300.jpg 768w, https:\/\/fit360.ee\/wp-content\/uploads\/2023\/03\/lihavalk-fit360.ee_.jpg 922w\" sizes=\"auto, (max-width: 800px) 100vw, 800px\" \/><\/a><\/p>\n<ul class=\"cm__list\">\n<li>700g pakendi kohta<\/li>\n<li>Toode sisaldab 23 portsjonit!<\/li>\n<li>1 portsjon = 30 g<\/li>\n<li>3 maitsvat maitset<\/li>\n<\/ul>\n<h4 class=\"cm__heading\"><strong>OstroVit veiseliha proteiin<\/strong><\/h4>\n<p class=\"cm__text\">Tegemist on preparaadiga, mis sisaldab \u00fcle 90% kergesti seeditavat veise p\u00e4ritolu loomset valku ja eeskujulikult lihasmassi kasvatamiseks vajalikke aminohappeid, ilma tarbetute suhkrute ja rasvadeta.\u00a0T\u00e4nu k\u00f5rgele biosaadavusele ja k\u00f5rgeimale toitev\u00e4\u00e4rtusele kiirendab veiselihavalgu h\u00fcdrol\u00fcsaat t\u00f5husalt lahja kehamassi teket.\u00a0Stimuleerib lihaskiudude kasvu ja taastumist.\u00a0Lisaks toimib see kataboolselt \u2013 hoiab \u00e4ra lihaste lagunemise.\u00a0See on suurep\u00e4rane preparaat kasutamiseks nii enne kui ka p\u00e4rast treeningut.\u00a0Toodet iseloomustab v\u00e4ga hea lahustuvus t\u00e4nu h\u00fcdrol\u00fc\u00fcsi tulemusena tekkinud valgusidemete katkemisele &#8211; peale preparaadi valmistamist tekib toitev valgukokteil, mis on vaba tarbetutest lisaainetest.<\/p>\n<p class=\"cm__text\">Preparaadi kasutamine on efektiivne kehakaalu langetamisel, kuna stimuleerib rasvkoe p\u00f5lemist, eriti selle, mis paikneb k\u00f5hupiirkonnas.\u00a0See on ka t\u00f5hus t\u00e4iendus valguvajadusele madala kalorsusega dieedi ajal.\u00a0Veiselihavalgu isolaati peetakse iga sportlase toitumise aluseks.\u00a0Seda soovitatakse eriti j\u00f5uspordis, kulturismis ja fitnessis.<\/p>\n<h4 class=\"cm__heading\"><strong>OstroVit Beef Protein 700g koostisainete omadused:<\/strong><\/h4>\n<ul class=\"cm__list\">\n<li>Veiseliha valgu h\u00fcdrol\u00fcsaat<\/li>\n<li>Ei sisalda s\u00fcsvesikuid ja rasvu<\/li>\n<li>Sellel on anaboolne toime \u2013 see aitab kasvatada puhast lihasmassi<\/li>\n<li>See on antikataboolne \u2013 hoiab \u00e4ra lihaste lagunemise<\/li>\n<li>Kiirendab treeninguj\u00e4rgset lihaste taastumist<\/li>\n<li>Sobib t\u00e4ienduseks k\u00f5ikidel spordialadel<\/li>\n<li>Soovitatav lihasmassi kasvatamise perioodil<\/li>\n<\/ul>\n<p><strong>Koostisosad<\/strong>: Veisevalgu h\u00fcdrol\u00fcsaat, maitsetugevdaja: gl\u00fctsiin;\u00a0L-glutamiin, L-arginiin, maltodekstriin, l\u00f5hna- ja maitseained, v\u00e4rvaine: ammoniaagi karamell;\u00a0paksendaja: ksantaankummi;\u00a0emulgaator: letsitiinid;\u00a0magusained: sukraloos, atsesulfaam K. Toidulisand.\u00a0Sisaldab magusaineid.<\/p>\n<p><strong>Kasutamine<\/strong>: Segage 30 g (2,5 lusikat\u00e4it) portsjonit 200 ml piimas v\u00f5i vees. Tarbi \u00fcks kord p\u00e4evas.\u00a0Toode on m\u00f5eldud t\u00e4iskasvanutele.<\/p>\n<p><strong>Suurus<\/strong>: 700g &#8211; 23 serveeringut.<\/p>\n<div class=\"nutrition_table_wrapper\">\n<div class=\"table_wrapper\">\n<table>\n<tbody>\n<tr>\n<th>Aktiivsed koostisosad<\/th>\n<th>30 g portsjoni kohta<\/th>\n<th>100 grammis<\/th>\n<\/tr>\n<tr>\n<td>Veiseliha valgu h\u00fcdrol\u00fcsaat<\/td>\n<td>23 400 mg<\/td>\n<td>78 g<\/td>\n<\/tr>\n<tr>\n<td>L-glutamiin<\/td>\n<td>1200 mg<\/td>\n<td>4 g<\/td>\n<\/tr>\n<tr>\n<td>L-arginiin<\/td>\n<td>900 mg<\/td>\n<td>3 g<\/td>\n<\/tr>\n<\/tbody>\n<\/table>\n<\/div>\n<\/div>\n<table>\n<tbody>\n<tr>\n<th>Toitev\u00e4\u00e4rtus<\/th>\n<th>30 g portsjoni kohta<\/th>\n<th>100 grammis<\/th>\n<\/tr>\n<tr>\n<td>Energeetiline v\u00e4\u00e4rtus<\/td>\n<td>497 kJ \/ 119 kcal<\/td>\n<td>1655 kJ \/ 396 kcal<\/td>\n<\/tr>\n<tr>\n<td>Paks<\/td>\n<td>0 g<\/td>\n<td>0 g<\/td>\n<\/tr>\n<tr>\n<td>&#8211; sealhulgas k\u00fcllastunud rasvhapped<\/td>\n<td>0 g<\/td>\n<td>0 g<\/td>\n<\/tr>\n<tr>\n<td>S\u00fcsivesikud<\/td>\n<td>0 g<\/td>\n<td>0 g<\/td>\n<\/tr>\n<tr class=\"sub\">\n<td>&#8211; sealhulgas suhkrud<\/td>\n<td>0 g<\/td>\n<td>0 g<\/td>\n<\/tr>\n<tr>\n<td>Valk<\/td>\n<td>29 g<\/td>\n<td>97 g<\/td>\n<\/tr>\n<tr>\n<td>soola<\/td>\n<td>0,28 g<\/td>\n<td>0,94 g<\/td>\n<\/tr>\n<\/tbody>\n<\/table>\n<p>Vaata ka meie teisi Valgupulbreid <a href=\"https:\/\/fit360.ee\/en\/product-category\/product-groups\/protein-poweders-en\/\"><strong>SIIT<\/strong><\/a>\u00a0v\u00f5i Lihavalke <a href=\"https:\/\/fit360.ee\/en\/product-category\/product-groups\/protein-poweders-en\/beef-protein-en\/\"><strong>SIIT<\/strong><\/a>!<\/p>\n<p>Soovid kaupa osta suuremas koguses? Vaata antud toodet ka meie HULGI poest\u00a0<a href=\"https:\/\/toidulisandidhulgi.ee\/product\/beef-protein-700g\/\"><strong>SIIT<\/strong><\/a>!<\/p>\n","protected":false},"excerpt":{"rendered":"<ul class=\"cm__list\">\n<li>Veiseliha valgu h\u00fcdrol\u00fcsaat<\/li>\n<li>Ei sisalda s\u00fcsvesikuid ja rasvu<\/li>\n<li>Sellel on anaboolne toime \u2013 see aitab kasvatada puhast lihasmassi<\/li>\n<li>See on antikataboolne \u2013 hoiab \u00e4ra lihaste lagunemise<\/li>\n<li>Kiirendab treeninguj\u00e4rgset lihaste taastumist<\/li>\n<li>Sobib t\u00e4ienduseks k\u00f5ikidel spordialadel<\/li>\n<li>Soovitatav lihasmassi kasvatamise perioodil<\/li>\n<\/ul>\n","protected":false},"featured_media":84554,"comment_status":"closed","ping_status":"closed","template":"","meta":[],"product_brand":[],"product_cat":[2763,1329,535],"product_tag":[4257,4258,1924,4259],"giftcard-category":[],"class_list":{"0":"post-69099","1":"product","2":"type-product","3":"status-publish","4":"has-post-thumbnail","6":"product_cat-beef-protein-en","7":"product_cat-ostrovit-en","8":"product_cat-protein-poweders-en","9":"product_tag-beef-protein-en","10":"product_tag-lihavalk-en","11":"product_tag-ostrovit-en","12":"product_tag-veisevalk-en","13":"pa_maitse-chocolate-cocnut","14":"pa_maitse-strawberry-2","15":"pa_maitse-vanilli","17":"first","18":"outofstock","19":"sale","20":"taxable","21":"shipping-taxable","22":"purchasable","23":"product-type-variable"},"yoast_head":"<!-- This site is optimized with the Yoast SEO plugin v27.3 - https:\/\/yoast.com\/product\/yoast-seo-wordpress\/ -->\n<title>Beef Protein (700g) - Lihavalk - Kiire Tarne - 97% Valku - Fit360<\/title>\n<meta name=\"description\" content=\"Beef Protein sisaldab \u00fcle 90% kergesti seeditavat veise p\u00e4ritolu loomset valku ja eeskujulikult lihasmassi kasvatamiseks vajalikke aminohappeid, ilma ...\" \/>\n<meta name=\"robots\" content=\"index, follow, max-snippet:-1, max-image-preview:large, max-video-preview:-1\" \/>\n<link rel=\"canonical\" href=\"https:\/\/fit360.ee\/en\/pood\/product-groups\/protein-poweders-en\/beef-protein-en\/beef-protein-700g\/\" \/>\n<meta property=\"og:locale\" content=\"en_US\" \/>\n<meta property=\"og:type\" content=\"article\" \/>\n<meta property=\"og:title\" content=\"Beef Protein (700g) - Lihavalk - Kiire Tarne - 97% Valku - Fit360\" \/>\n<meta property=\"og:description\" content=\"Beef Protein sisaldab \u00fcle 90% kergesti seeditavat veise p\u00e4ritolu loomset valku ja eeskujulikult lihasmassi kasvatamiseks vajalikke aminohappeid, ilma ...\" \/>\n<meta property=\"og:url\" content=\"https:\/\/fit360.ee\/en\/pood\/product-groups\/protein-poweders-en\/beef-protein-en\/beef-protein-700g\/\" \/>\n<meta property=\"og:site_name\" content=\"Fit360\" \/>\n<meta property=\"article:modified_time\" content=\"2025-08-13T05:37:01+00:00\" \/>\n<meta property=\"og:image\" content=\"https:\/\/fit360.ee\/wp-content\/uploads\/2023\/03\/beef-protein-ostrovit-fit360.ee-1-1.png\" \/>\n\t<meta property=\"og:image:width\" content=\"450\" \/>\n\t<meta property=\"og:image:height\" content=\"450\" \/>\n\t<meta property=\"og:image:type\" content=\"image\/png\" \/>\n<meta name=\"twitter:card\" content=\"summary_large_image\" \/>\n<meta name=\"twitter:label1\" content=\"Est. reading time\" \/>\n\t<meta name=\"twitter:data1\" content=\"3 minutes\" \/>\n<script type=\"application\/ld+json\" class=\"yoast-schema-graph\">{\"@context\":\"https:\\\/\\\/schema.org\",\"@graph\":[{\"@type\":\"WebPage\",\"@id\":\"https:\\\/\\\/fit360.ee\\\/en\\\/pood\\\/product-groups\\\/protein-poweders-en\\\/beef-protein-en\\\/beef-protein-700g\\\/\",\"url\":\"https:\\\/\\\/fit360.ee\\\/en\\\/pood\\\/product-groups\\\/protein-poweders-en\\\/beef-protein-en\\\/beef-protein-700g\\\/\",\"name\":\"Beef Protein (700g) - Lihavalk - Kiire Tarne - 97% Valku - Fit360\",\"isPartOf\":{\"@id\":\"https:\\\/\\\/fit360.ee\\\/en\\\/#website\"},\"primaryImageOfPage\":{\"@id\":\"https:\\\/\\\/fit360.ee\\\/en\\\/pood\\\/product-groups\\\/protein-poweders-en\\\/beef-protein-en\\\/beef-protein-700g\\\/#primaryimage\"},\"image\":{\"@id\":\"https:\\\/\\\/fit360.ee\\\/en\\\/pood\\\/product-groups\\\/protein-poweders-en\\\/beef-protein-en\\\/beef-protein-700g\\\/#primaryimage\"},\"thumbnailUrl\":\"https:\\\/\\\/fit360.ee\\\/wp-content\\\/uploads\\\/2023\\\/03\\\/beef-protein-ostrovit-fit360.ee-1-1.png\",\"datePublished\":\"2023-03-20T19:49:03+00:00\",\"dateModified\":\"2025-08-13T05:37:01+00:00\",\"description\":\"Beef Protein sisaldab \u00fcle 90% kergesti seeditavat veise p\u00e4ritolu loomset valku ja eeskujulikult lihasmassi kasvatamiseks vajalikke aminohappeid, ilma ...\",\"breadcrumb\":{\"@id\":\"https:\\\/\\\/fit360.ee\\\/en\\\/pood\\\/product-groups\\\/protein-poweders-en\\\/beef-protein-en\\\/beef-protein-700g\\\/#breadcrumb\"},\"inLanguage\":\"en-US\",\"potentialAction\":[{\"@type\":\"ReadAction\",\"target\":[\"https:\\\/\\\/fit360.ee\\\/en\\\/pood\\\/product-groups\\\/protein-poweders-en\\\/beef-protein-en\\\/beef-protein-700g\\\/\"]}]},{\"@type\":\"ImageObject\",\"inLanguage\":\"en-US\",\"@id\":\"https:\\\/\\\/fit360.ee\\\/en\\\/pood\\\/product-groups\\\/protein-poweders-en\\\/beef-protein-en\\\/beef-protein-700g\\\/#primaryimage\",\"url\":\"https:\\\/\\\/fit360.ee\\\/wp-content\\\/uploads\\\/2023\\\/03\\\/beef-protein-ostrovit-fit360.ee-1-1.png\",\"contentUrl\":\"https:\\\/\\\/fit360.ee\\\/wp-content\\\/uploads\\\/2023\\\/03\\\/beef-protein-ostrovit-fit360.ee-1-1.png\",\"width\":450,\"height\":450,\"caption\":\"beef protein ostrovit - fit360.ee\"},{\"@type\":\"BreadcrumbList\",\"@id\":\"https:\\\/\\\/fit360.ee\\\/en\\\/pood\\\/product-groups\\\/protein-poweders-en\\\/beef-protein-en\\\/beef-protein-700g\\\/#breadcrumb\",\"itemListElement\":[{\"@type\":\"ListItem\",\"position\":1,\"name\":\"Home\",\"item\":\"https:\\\/\\\/fit360.ee\\\/en\\\/\"},{\"@type\":\"ListItem\",\"position\":2,\"name\":\"Shop\",\"item\":\"https:\\\/\\\/fit360.ee\\\/en\\\/shop\\\/\"},{\"@type\":\"ListItem\",\"position\":3,\"name\":\"Beef Protein (700g)\"}]},{\"@type\":\"WebSite\",\"@id\":\"https:\\\/\\\/fit360.ee\\\/en\\\/#website\",\"url\":\"https:\\\/\\\/fit360.ee\\\/en\\\/\",\"name\":\"Fit360\",\"description\":\"\",\"publisher\":{\"@id\":\"https:\\\/\\\/fit360.ee\\\/en\\\/#organization\"},\"potentialAction\":[{\"@type\":\"SearchAction\",\"target\":{\"@type\":\"EntryPoint\",\"urlTemplate\":\"https:\\\/\\\/fit360.ee\\\/en\\\/?s={search_term_string}\"},\"query-input\":{\"@type\":\"PropertyValueSpecification\",\"valueRequired\":true,\"valueName\":\"search_term_string\"}}],\"inLanguage\":\"en-US\"},{\"@type\":\"Organization\",\"@id\":\"https:\\\/\\\/fit360.ee\\\/en\\\/#organization\",\"name\":\"Fit360\",\"url\":\"https:\\\/\\\/fit360.ee\\\/en\\\/\",\"logo\":{\"@type\":\"ImageObject\",\"inLanguage\":\"en-US\",\"@id\":\"https:\\\/\\\/fit360.ee\\\/en\\\/#\\\/schema\\\/logo\\\/image\\\/\",\"url\":\"https:\\\/\\\/fit360.ee\\\/wp-content\\\/uploads\\\/2017\\\/01\\\/logo-fit360.png\",\"contentUrl\":\"https:\\\/\\\/fit360.ee\\\/wp-content\\\/uploads\\\/2017\\\/01\\\/logo-fit360.png\",\"width\":180,\"height\":66,\"caption\":\"Fit360\"},\"image\":{\"@id\":\"https:\\\/\\\/fit360.ee\\\/en\\\/#\\\/schema\\\/logo\\\/image\\\/\"}}]}<\/script>\n<!-- \/ Yoast SEO plugin. -->","yoast_head_json":{"title":"Beef Protein (700g) - Lihavalk - Kiire Tarne - 97% Valku - Fit360","description":"Beef Protein sisaldab \u00fcle 90% kergesti seeditavat veise p\u00e4ritolu loomset valku ja eeskujulikult lihasmassi kasvatamiseks vajalikke aminohappeid, ilma ...","robots":{"index":"index","follow":"follow","max-snippet":"max-snippet:-1","max-image-preview":"max-image-preview:large","max-video-preview":"max-video-preview:-1"},"canonical":"https:\/\/fit360.ee\/en\/pood\/product-groups\/protein-poweders-en\/beef-protein-en\/beef-protein-700g\/","og_locale":"en_US","og_type":"article","og_title":"Beef Protein (700g) - Lihavalk - Kiire Tarne - 97% Valku - Fit360","og_description":"Beef Protein sisaldab \u00fcle 90% kergesti seeditavat veise p\u00e4ritolu loomset valku ja eeskujulikult lihasmassi kasvatamiseks vajalikke aminohappeid, ilma ...","og_url":"https:\/\/fit360.ee\/en\/pood\/product-groups\/protein-poweders-en\/beef-protein-en\/beef-protein-700g\/","og_site_name":"Fit360","article_modified_time":"2025-08-13T05:37:01+00:00","og_image":[{"width":450,"height":450,"url":"https:\/\/fit360.ee\/wp-content\/uploads\/2023\/03\/beef-protein-ostrovit-fit360.ee-1-1.png","type":"image\/png"}],"twitter_card":"summary_large_image","twitter_misc":{"Est. reading time":"3 minutes"},"schema":{"@context":"https:\/\/schema.org","@graph":[{"@type":"WebPage","@id":"https:\/\/fit360.ee\/en\/pood\/product-groups\/protein-poweders-en\/beef-protein-en\/beef-protein-700g\/","url":"https:\/\/fit360.ee\/en\/pood\/product-groups\/protein-poweders-en\/beef-protein-en\/beef-protein-700g\/","name":"Beef Protein (700g) - Lihavalk - Kiire Tarne - 97% Valku - Fit360","isPartOf":{"@id":"https:\/\/fit360.ee\/en\/#website"},"primaryImageOfPage":{"@id":"https:\/\/fit360.ee\/en\/pood\/product-groups\/protein-poweders-en\/beef-protein-en\/beef-protein-700g\/#primaryimage"},"image":{"@id":"https:\/\/fit360.ee\/en\/pood\/product-groups\/protein-poweders-en\/beef-protein-en\/beef-protein-700g\/#primaryimage"},"thumbnailUrl":"https:\/\/fit360.ee\/wp-content\/uploads\/2023\/03\/beef-protein-ostrovit-fit360.ee-1-1.png","datePublished":"2023-03-20T19:49:03+00:00","dateModified":"2025-08-13T05:37:01+00:00","description":"Beef Protein sisaldab \u00fcle 90% kergesti seeditavat veise p\u00e4ritolu loomset valku ja eeskujulikult lihasmassi kasvatamiseks vajalikke aminohappeid, ilma ...","breadcrumb":{"@id":"https:\/\/fit360.ee\/en\/pood\/product-groups\/protein-poweders-en\/beef-protein-en\/beef-protein-700g\/#breadcrumb"},"inLanguage":"en-US","potentialAction":[{"@type":"ReadAction","target":["https:\/\/fit360.ee\/en\/pood\/product-groups\/protein-poweders-en\/beef-protein-en\/beef-protein-700g\/"]}]},{"@type":"ImageObject","inLanguage":"en-US","@id":"https:\/\/fit360.ee\/en\/pood\/product-groups\/protein-poweders-en\/beef-protein-en\/beef-protein-700g\/#primaryimage","url":"https:\/\/fit360.ee\/wp-content\/uploads\/2023\/03\/beef-protein-ostrovit-fit360.ee-1-1.png","contentUrl":"https:\/\/fit360.ee\/wp-content\/uploads\/2023\/03\/beef-protein-ostrovit-fit360.ee-1-1.png","width":450,"height":450,"caption":"beef protein ostrovit - fit360.ee"},{"@type":"BreadcrumbList","@id":"https:\/\/fit360.ee\/en\/pood\/product-groups\/protein-poweders-en\/beef-protein-en\/beef-protein-700g\/#breadcrumb","itemListElement":[{"@type":"ListItem","position":1,"name":"Home","item":"https:\/\/fit360.ee\/en\/"},{"@type":"ListItem","position":2,"name":"Shop","item":"https:\/\/fit360.ee\/en\/shop\/"},{"@type":"ListItem","position":3,"name":"Beef Protein (700g)"}]},{"@type":"WebSite","@id":"https:\/\/fit360.ee\/en\/#website","url":"https:\/\/fit360.ee\/en\/","name":"Fit360","description":"","publisher":{"@id":"https:\/\/fit360.ee\/en\/#organization"},"potentialAction":[{"@type":"SearchAction","target":{"@type":"EntryPoint","urlTemplate":"https:\/\/fit360.ee\/en\/?s={search_term_string}"},"query-input":{"@type":"PropertyValueSpecification","valueRequired":true,"valueName":"search_term_string"}}],"inLanguage":"en-US"},{"@type":"Organization","@id":"https:\/\/fit360.ee\/en\/#organization","name":"Fit360","url":"https:\/\/fit360.ee\/en\/","logo":{"@type":"ImageObject","inLanguage":"en-US","@id":"https:\/\/fit360.ee\/en\/#\/schema\/logo\/image\/","url":"https:\/\/fit360.ee\/wp-content\/uploads\/2017\/01\/logo-fit360.png","contentUrl":"https:\/\/fit360.ee\/wp-content\/uploads\/2017\/01\/logo-fit360.png","width":180,"height":66,"caption":"Fit360"},"image":{"@id":"https:\/\/fit360.ee\/en\/#\/schema\/logo\/image\/"}}]}},"_links":{"self":[{"href":"https:\/\/fit360.ee\/en\/wp-json\/wp\/v2\/product\/69099","targetHints":{"allow":["GET"]}}],"collection":[{"href":"https:\/\/fit360.ee\/en\/wp-json\/wp\/v2\/product"}],"about":[{"href":"https:\/\/fit360.ee\/en\/wp-json\/wp\/v2\/types\/product"}],"replies":[{"embeddable":true,"href":"https:\/\/fit360.ee\/en\/wp-json\/wp\/v2\/comments?post=69099"}],"wp:featuredmedia":[{"embeddable":true,"href":"https:\/\/fit360.ee\/en\/wp-json\/wp\/v2\/media\/84554"}],"wp:attachment":[{"href":"https:\/\/fit360.ee\/en\/wp-json\/wp\/v2\/media?parent=69099"}],"wp:term":[{"taxonomy":"product_brand","embeddable":true,"href":"https:\/\/fit360.ee\/en\/wp-json\/wp\/v2\/product_brand?post=69099"},{"taxonomy":"product_cat","embeddable":true,"href":"https:\/\/fit360.ee\/en\/wp-json\/wp\/v2\/product_cat?post=69099"},{"taxonomy":"product_tag","embeddable":true,"href":"https:\/\/fit360.ee\/en\/wp-json\/wp\/v2\/product_tag?post=69099"},{"taxonomy":"giftcard-category","embeddable":true,"href":"https:\/\/fit360.ee\/en\/wp-json\/wp\/v2\/giftcard-category?post=69099"}],"curies":[{"name":"wp","href":"https:\/\/api.w.org\/{rel}","templated":true}]}}