{"id":69163,"date":"2023-03-22T22:12:15","date_gmt":"2023-03-22T20:12:15","guid":{"rendered":"https:\/\/fit360.ee\/pood\/uncategorized\/peanut-butter-honey\/"},"modified":"2025-08-19T08:59:51","modified_gmt":"2025-08-19T06:59:51","slug":"peanut-butter-honey","status":"publish","type":"product","link":"https:\/\/fit360.ee\/en\/pood\/product-groups\/peanut-butters-en\/peanut-butter-en\/peanut-butter-honey\/","title":{"rendered":"Peanut Butter + Honey (500g)"},"content":{"rendered":"<h2><strong>Peanut Butter + Honey<\/strong><\/h2>\n<p>OstroVit Peanut Butter + Honey on t\u00e4iuslik ja ainulaadne toode, mis on loodud mitte ainult k\u00f5ige n\u00f5udlikumatele gurmaanidele, vaid ka inimestele, kes hoolivad oma saledast figuurist, spordist ning neile, kes piiravad oma dieedis kahjulikku soola v\u00f5i suhkru \u00fclej\u00e4\u00e4ki. Maap\u00e4hkli maitse ja maitsva mee lisamine segunevad suurep\u00e4raselt magusa ja soolase lisandina. See on t\u00f5eline v\u00e4\u00e4rtuslike rasvhapete, valkude ja mineraalide pomm.\u00a0Maitse s\u00fcgavus, 100% rahulolu ja k\u00f5rgeima kvaliteedi garantii.<\/p>\n<p>&nbsp;<\/p>\n<p><a href=\"https:\/\/fit360.ee\/wp-content\/uploads\/2023\/03\/ostrovit-peanut-butter-honey-fit360.ee_-800x312.jpg\"><img loading=\"lazy\" decoding=\"async\" class=\"size-medium wp-image-69154\" src=\"https:\/\/fit360.ee\/wp-content\/uploads\/2023\/03\/ostrovit-peanut-butter-honey-fit360.ee_-800x312.jpg\" alt=\"ostrovit peanut butter + honey - fit360.ee\" width=\"800\" height=\"312\" srcset=\"https:\/\/fit360.ee\/wp-content\/uploads\/2023\/03\/ostrovit-peanut-butter-honey-fit360.ee_-800x312.jpg 800w, https:\/\/fit360.ee\/wp-content\/uploads\/2023\/03\/ostrovit-peanut-butter-honey-fit360.ee_-510x199.jpg 510w, https:\/\/fit360.ee\/wp-content\/uploads\/2023\/03\/ostrovit-peanut-butter-honey-fit360.ee_-768x300.jpg 768w, https:\/\/fit360.ee\/wp-content\/uploads\/2023\/03\/ostrovit-peanut-butter-honey-fit360.ee_.jpg 922w\" sizes=\"auto, (max-width: 800px) 100vw, 800px\" \/><\/a><\/p>\n<ul class=\"cm__list\">\n<li>100% valmistatud maap\u00e4hklitest<\/li>\n<li>Meega<\/li>\n<li>Soola pole lisatud<\/li>\n<li>Pole lisatud suhkrut<\/li>\n<li>Ei sisalda lisatud palmi\u00f5li<\/li>\n<\/ul>\n<p class=\"cm__heading\"><strong>OstroVit maap\u00e4hkliv\u00f5i + mesi<\/strong><\/p>\n<p class=\"cm__text\">See on 100% valmistatud maap\u00e4hklitest.\u00a0See ei sisalda soola, suhkrut ja palmi\u00f5li.\u00a0Toote magusus on looduslike p\u00e4hklisuhkrute ja maitsva mesilasmee lisamise tulemus.\u00a0Maap\u00e4hklip\u00e4hkleid nimetatakse ka &#8220;maa&#8221;-p\u00e4hkliteks ja need paistavad teiste p\u00e4hklite seas silma, kuna sisaldavad k\u00f5ige rohkem valku. Rikkalikult mineraale nagu kaalium ja terve rida teisi meie tervisele v\u00e4\u00e4rtuslikke aineid, sealhulgas resveratrool, rutiin v\u00f5i kvertsetiin.\u00a0K\u00f5ik tooted OstroVit &#8211; on eelk\u00f5ige kvaliteet ja t\u00e4helepanu detailidele.\u00a0P\u00e4rast jahvatamist s\u00e4ilitatakse tooteid madalal temperatuuril, t\u00e4nu millele s\u00e4ilivad neis nii olulised <a href=\"https:\/\/fit360.ee\/en\/product-category\/product-groups\/essential-fats-en\/omega-3-6-9-en\/\"><strong>oomega 3-6-9 rasvhapped<\/strong><\/a>.\u00a0OstroVit Maap\u00e4hkliv\u00f5i + mesi pole mitte ainult suurep\u00e4rane toode, mida peaks leiduma iga gurmaani k\u00f6\u00f6gis, vaid ka v\u00e4\u00e4rtuslik paljude koostisosade allikas.<\/p>\n<h4 class=\"cm__heading\"><strong>Omadused:<\/strong><\/h4>\n<ul class=\"cm__list\">\n<li>Kergesti seeditava valgu allikas<\/li>\n<li>Rikkalikult tervislikke mono- ja pol\u00fck\u00fcllastumata rasvu<\/li>\n<li>Ideaalne f\u00fc\u00fcsiliselt aktiivsetele inimestele, kellel on suurenenud vajadus kalorite j\u00e4rele<\/li>\n<li>Suurep\u00e4rane mikro- ja makrotoitainete allikas veganitele ja taimetoitlastele<\/li>\n<li>Suurep\u00e4rane mineraalide baas min.\u00a0magneesium<\/li>\n<li>Sisaldab mesilase mee lisandit<\/li>\n<\/ul>\n<p class=\"cm__heading\"><strong>T\u00c4HELEPANU! &#8211; <\/strong>Toote tahkestunud konsistents tuleneb loodusliku mitme\u00f5ielise mee olemasolust.\u00a0See ei ole toote defekt.<\/p>\n<p><strong>Koostisosad<\/strong>: R\u00f6stitud maap\u00e4hklid 75%, mesi 15%, rafineeritud kookos\u00f5li 10%.<\/p>\n<p>Toode v\u00f5ib sisaldada muid p\u00e4hkleid, piima (sh laktoosi), soja, seesamiseemneid, gluteeni sisaldavaid teravilju, mune, v\u00e4hilaadseid, kala.<\/p>\n<p><strong>Kasutamine<\/strong>: Tarbi vastavalt vajadusele. \u00c4rge s\u00f6\u00f6ge, kui olete m\u00f5ne toote koostisosa suhtes allergiline.<\/p>\n<p><strong>Suurus:<\/strong> 500g<\/p>\n<table>\n<tbody>\n<tr>\n<th>Toitev\u00e4\u00e4rtused<\/th>\n<th>100 g kohta<\/th>\n<th>Portsjoni jaoks<\/th>\n<th>% SPK<\/th>\n<\/tr>\n<tr>\n<td>Energeetiline v\u00e4\u00e4rtus<\/td>\n<td>2562 kJ\/619 kcal<\/td>\n<td>640 kJ\/155 kcal<\/td>\n<td>8%*<\/td>\n<\/tr>\n<tr>\n<td>Paks<\/td>\n<td>49 g<\/td>\n<td>12 g<\/td>\n<td>18%*<\/td>\n<\/tr>\n<tr class=\"sub\">\n<td>&#8211; <em>sealhulgas<\/em> k\u00fcllastunud rasvhapped<\/td>\n<td>14 g<\/td>\n<td>3,6 g<\/td>\n<td>18%*<\/td>\n<\/tr>\n<tr>\n<td>S\u00fcsivesikud<\/td>\n<td>20 g<\/td>\n<td>4.9<\/td>\n<td>2 %*<\/td>\n<\/tr>\n<tr class=\"sub\">\n<td>&#8211; <em>sealhulgas<\/em> suhkur<\/td>\n<td>16 g<\/td>\n<td>3,9 g<\/td>\n<td>4 %*<\/td>\n<\/tr>\n<tr>\n<td>Valgud<\/td>\n<td>22 g<\/td>\n<td>5,5 g<\/td>\n<td>11%*<\/td>\n<\/tr>\n<tr>\n<td>soola<\/td>\n<td>&lt;0,01 g<\/td>\n<td>0 g<\/td>\n<td>&#8211;<\/td>\n<\/tr>\n<\/tbody>\n<\/table>\n<p>*SPK- Soovitatud p\u00e4evane kogus.<\/p>\n<p>Vaata ka meie teisi P\u00e4hkliv\u00f5isid <a href=\"https:\/\/fit360.ee\/en\/product-category\/product-groups\/peanut-butters-en\/\"><strong>SIIT<\/strong><\/a> v\u00f5i Maap\u00e4hkliv\u00f5isid <a href=\"https:\/\/fit360.ee\/en\/product-category\/product-groups\/peanut-butters-en\/peanut-butter-en\/\"><strong>SIIT<\/strong><\/a>!<\/p>\n<p>Soovid kaupa osta suuremas koguses? Vaata antud toodet ka meie HULGI poest\u00a0<a href=\"https:\/\/toidulisandidhulgi.ee\/product\/peanut-butter-honey\/\"><strong>SIIT<\/strong><\/a>!<\/p>\n","protected":false},"excerpt":{"rendered":"<ul class=\"cm__list\">\n<li>Kergesti seeditava valgu allikas<\/li>\n<li>Rikkalikult tervislikke mono- ja pol\u00fck\u00fcllastumata rasvu<\/li>\n<li>Ideaalne f\u00fc\u00fcsiliselt aktiivsetele inimestele, kellel on suurenenud vajadus kalorite j\u00e4rele<\/li>\n<li>Suurep\u00e4rane mikro- ja makrotoitainete allikas veganitele ja taimetoitlastele<\/li>\n<li>Suurep\u00e4rane mineraalide baas min.\u00a0magneesium<\/li>\n<li>Sisaldab mesilase mee lisandit<\/li>\n<\/ul>\n","protected":false},"featured_media":69160,"comment_status":"closed","ping_status":"closed","template":"","meta":[],"product_brand":[],"product_cat":[1329,2472,529],"product_tag":[1924,2678,4263],"giftcard-category":[],"class_list":{"0":"post-69163","1":"product","2":"type-product","3":"status-publish","4":"has-post-thumbnail","6":"product_cat-ostrovit-en","7":"product_cat-peanut-butter-en","8":"product_cat-peanut-butters-en","9":"product_tag-ostrovit-en","10":"product_tag-pahklivoi-en","11":"product_tag-peanut-butter-honey-en","12":"pa_kogus-500g-en","13":"pa_toidulisand-branddd-ostrovit","14":"pa_tootegruppp-maapahklivoi-en","15":"pa_tootegruppp-peanut-butters","17":"first","18":"outofstock","19":"sale","20":"taxable","21":"shipping-taxable","22":"purchasable","23":"product-type-simple"},"yoast_head":"<!-- This site is optimized with the Yoast SEO plugin v27.3 - https:\/\/yoast.com\/product\/yoast-seo-wordpress\/ -->\n<title>Peanut Butter + Honey (500g) - Maap\u00e4hkliv\u00f5i meega - Fit360<\/title>\n<meta name=\"description\" content=\"Peanut Butter + Honey on t\u00e4iuslik ja ainulaadne toode, mis on loodud mitte ainult k\u00f5ige n\u00f5udlikumatele gurmaanidele, vaid ka inimestele, kes hoolivad oma ..\" \/>\n<meta name=\"robots\" content=\"index, follow, max-snippet:-1, max-image-preview:large, max-video-preview:-1\" \/>\n<link rel=\"canonical\" href=\"https:\/\/fit360.ee\/en\/pood\/product-groups\/peanut-butters-en\/peanut-butter-en\/peanut-butter-honey\/\" \/>\n<meta property=\"og:locale\" content=\"en_US\" \/>\n<meta property=\"og:type\" content=\"article\" \/>\n<meta property=\"og:title\" content=\"Peanut Butter + Honey (500g) - Maap\u00e4hkliv\u00f5i meega - Fit360\" \/>\n<meta property=\"og:description\" content=\"Peanut Butter + Honey on t\u00e4iuslik ja ainulaadne toode, mis on loodud mitte ainult k\u00f5ige n\u00f5udlikumatele gurmaanidele, vaid ka inimestele, kes hoolivad oma ..\" \/>\n<meta property=\"og:url\" content=\"https:\/\/fit360.ee\/en\/pood\/product-groups\/peanut-butters-en\/peanut-butter-en\/peanut-butter-honey\/\" \/>\n<meta property=\"og:site_name\" content=\"Fit360\" \/>\n<meta property=\"article:modified_time\" content=\"2025-08-19T06:59:51+00:00\" \/>\n<meta property=\"og:image\" content=\"https:\/\/fit360.ee\/wp-content\/uploads\/2023\/03\/peanut-butter-honey-fit360.ee-1.png\" \/>\n\t<meta property=\"og:image:width\" content=\"450\" \/>\n\t<meta property=\"og:image:height\" content=\"450\" \/>\n\t<meta property=\"og:image:type\" content=\"image\/png\" \/>\n<meta name=\"twitter:card\" content=\"summary_large_image\" \/>\n<meta name=\"twitter:label1\" content=\"Est. reading time\" \/>\n\t<meta name=\"twitter:data1\" content=\"3 minutes\" \/>\n<script type=\"application\/ld+json\" class=\"yoast-schema-graph\">{\"@context\":\"https:\\\/\\\/schema.org\",\"@graph\":[{\"@type\":\"WebPage\",\"@id\":\"https:\\\/\\\/fit360.ee\\\/en\\\/pood\\\/product-groups\\\/peanut-butters-en\\\/peanut-butter-en\\\/peanut-butter-honey\\\/\",\"url\":\"https:\\\/\\\/fit360.ee\\\/en\\\/pood\\\/product-groups\\\/peanut-butters-en\\\/peanut-butter-en\\\/peanut-butter-honey\\\/\",\"name\":\"Peanut Butter + Honey (500g) - Maap\u00e4hkliv\u00f5i meega - Fit360\",\"isPartOf\":{\"@id\":\"https:\\\/\\\/fit360.ee\\\/en\\\/#website\"},\"primaryImageOfPage\":{\"@id\":\"https:\\\/\\\/fit360.ee\\\/en\\\/pood\\\/product-groups\\\/peanut-butters-en\\\/peanut-butter-en\\\/peanut-butter-honey\\\/#primaryimage\"},\"image\":{\"@id\":\"https:\\\/\\\/fit360.ee\\\/en\\\/pood\\\/product-groups\\\/peanut-butters-en\\\/peanut-butter-en\\\/peanut-butter-honey\\\/#primaryimage\"},\"thumbnailUrl\":\"https:\\\/\\\/fit360.ee\\\/wp-content\\\/uploads\\\/2023\\\/03\\\/peanut-butter-honey-fit360.ee-1.png\",\"datePublished\":\"2023-03-22T20:12:15+00:00\",\"dateModified\":\"2025-08-19T06:59:51+00:00\",\"description\":\"Peanut Butter + Honey on t\u00e4iuslik ja ainulaadne toode, mis on loodud mitte ainult k\u00f5ige n\u00f5udlikumatele gurmaanidele, vaid ka inimestele, kes hoolivad oma ..\",\"breadcrumb\":{\"@id\":\"https:\\\/\\\/fit360.ee\\\/en\\\/pood\\\/product-groups\\\/peanut-butters-en\\\/peanut-butter-en\\\/peanut-butter-honey\\\/#breadcrumb\"},\"inLanguage\":\"en-US\",\"potentialAction\":[{\"@type\":\"ReadAction\",\"target\":[\"https:\\\/\\\/fit360.ee\\\/en\\\/pood\\\/product-groups\\\/peanut-butters-en\\\/peanut-butter-en\\\/peanut-butter-honey\\\/\"]}]},{\"@type\":\"ImageObject\",\"inLanguage\":\"en-US\",\"@id\":\"https:\\\/\\\/fit360.ee\\\/en\\\/pood\\\/product-groups\\\/peanut-butters-en\\\/peanut-butter-en\\\/peanut-butter-honey\\\/#primaryimage\",\"url\":\"https:\\\/\\\/fit360.ee\\\/wp-content\\\/uploads\\\/2023\\\/03\\\/peanut-butter-honey-fit360.ee-1.png\",\"contentUrl\":\"https:\\\/\\\/fit360.ee\\\/wp-content\\\/uploads\\\/2023\\\/03\\\/peanut-butter-honey-fit360.ee-1.png\",\"width\":450,\"height\":450,\"caption\":\"peanut butter + honey - fit360.ee\"},{\"@type\":\"BreadcrumbList\",\"@id\":\"https:\\\/\\\/fit360.ee\\\/en\\\/pood\\\/product-groups\\\/peanut-butters-en\\\/peanut-butter-en\\\/peanut-butter-honey\\\/#breadcrumb\",\"itemListElement\":[{\"@type\":\"ListItem\",\"position\":1,\"name\":\"Home\",\"item\":\"https:\\\/\\\/fit360.ee\\\/en\\\/\"},{\"@type\":\"ListItem\",\"position\":2,\"name\":\"Shop\",\"item\":\"https:\\\/\\\/fit360.ee\\\/en\\\/shop\\\/\"},{\"@type\":\"ListItem\",\"position\":3,\"name\":\"Peanut Butter + Honey (500g)\"}]},{\"@type\":\"WebSite\",\"@id\":\"https:\\\/\\\/fit360.ee\\\/en\\\/#website\",\"url\":\"https:\\\/\\\/fit360.ee\\\/en\\\/\",\"name\":\"Fit360\",\"description\":\"\",\"publisher\":{\"@id\":\"https:\\\/\\\/fit360.ee\\\/en\\\/#organization\"},\"potentialAction\":[{\"@type\":\"SearchAction\",\"target\":{\"@type\":\"EntryPoint\",\"urlTemplate\":\"https:\\\/\\\/fit360.ee\\\/en\\\/?s={search_term_string}\"},\"query-input\":{\"@type\":\"PropertyValueSpecification\",\"valueRequired\":true,\"valueName\":\"search_term_string\"}}],\"inLanguage\":\"en-US\"},{\"@type\":\"Organization\",\"@id\":\"https:\\\/\\\/fit360.ee\\\/en\\\/#organization\",\"name\":\"Fit360\",\"url\":\"https:\\\/\\\/fit360.ee\\\/en\\\/\",\"logo\":{\"@type\":\"ImageObject\",\"inLanguage\":\"en-US\",\"@id\":\"https:\\\/\\\/fit360.ee\\\/en\\\/#\\\/schema\\\/logo\\\/image\\\/\",\"url\":\"https:\\\/\\\/fit360.ee\\\/wp-content\\\/uploads\\\/2017\\\/01\\\/logo-fit360.png\",\"contentUrl\":\"https:\\\/\\\/fit360.ee\\\/wp-content\\\/uploads\\\/2017\\\/01\\\/logo-fit360.png\",\"width\":180,\"height\":66,\"caption\":\"Fit360\"},\"image\":{\"@id\":\"https:\\\/\\\/fit360.ee\\\/en\\\/#\\\/schema\\\/logo\\\/image\\\/\"}}]}<\/script>\n<!-- \/ Yoast SEO plugin. -->","yoast_head_json":{"title":"Peanut Butter + Honey (500g) - Maap\u00e4hkliv\u00f5i meega - Fit360","description":"Peanut Butter + Honey on t\u00e4iuslik ja ainulaadne toode, mis on loodud mitte ainult k\u00f5ige n\u00f5udlikumatele gurmaanidele, vaid ka inimestele, kes hoolivad oma ..","robots":{"index":"index","follow":"follow","max-snippet":"max-snippet:-1","max-image-preview":"max-image-preview:large","max-video-preview":"max-video-preview:-1"},"canonical":"https:\/\/fit360.ee\/en\/pood\/product-groups\/peanut-butters-en\/peanut-butter-en\/peanut-butter-honey\/","og_locale":"en_US","og_type":"article","og_title":"Peanut Butter + Honey (500g) - Maap\u00e4hkliv\u00f5i meega - Fit360","og_description":"Peanut Butter + Honey on t\u00e4iuslik ja ainulaadne toode, mis on loodud mitte ainult k\u00f5ige n\u00f5udlikumatele gurmaanidele, vaid ka inimestele, kes hoolivad oma ..","og_url":"https:\/\/fit360.ee\/en\/pood\/product-groups\/peanut-butters-en\/peanut-butter-en\/peanut-butter-honey\/","og_site_name":"Fit360","article_modified_time":"2025-08-19T06:59:51+00:00","og_image":[{"width":450,"height":450,"url":"https:\/\/fit360.ee\/wp-content\/uploads\/2023\/03\/peanut-butter-honey-fit360.ee-1.png","type":"image\/png"}],"twitter_card":"summary_large_image","twitter_misc":{"Est. reading time":"3 minutes"},"schema":{"@context":"https:\/\/schema.org","@graph":[{"@type":"WebPage","@id":"https:\/\/fit360.ee\/en\/pood\/product-groups\/peanut-butters-en\/peanut-butter-en\/peanut-butter-honey\/","url":"https:\/\/fit360.ee\/en\/pood\/product-groups\/peanut-butters-en\/peanut-butter-en\/peanut-butter-honey\/","name":"Peanut Butter + Honey (500g) - Maap\u00e4hkliv\u00f5i meega - Fit360","isPartOf":{"@id":"https:\/\/fit360.ee\/en\/#website"},"primaryImageOfPage":{"@id":"https:\/\/fit360.ee\/en\/pood\/product-groups\/peanut-butters-en\/peanut-butter-en\/peanut-butter-honey\/#primaryimage"},"image":{"@id":"https:\/\/fit360.ee\/en\/pood\/product-groups\/peanut-butters-en\/peanut-butter-en\/peanut-butter-honey\/#primaryimage"},"thumbnailUrl":"https:\/\/fit360.ee\/wp-content\/uploads\/2023\/03\/peanut-butter-honey-fit360.ee-1.png","datePublished":"2023-03-22T20:12:15+00:00","dateModified":"2025-08-19T06:59:51+00:00","description":"Peanut Butter + Honey on t\u00e4iuslik ja ainulaadne toode, mis on loodud mitte ainult k\u00f5ige n\u00f5udlikumatele gurmaanidele, vaid ka inimestele, kes hoolivad oma ..","breadcrumb":{"@id":"https:\/\/fit360.ee\/en\/pood\/product-groups\/peanut-butters-en\/peanut-butter-en\/peanut-butter-honey\/#breadcrumb"},"inLanguage":"en-US","potentialAction":[{"@type":"ReadAction","target":["https:\/\/fit360.ee\/en\/pood\/product-groups\/peanut-butters-en\/peanut-butter-en\/peanut-butter-honey\/"]}]},{"@type":"ImageObject","inLanguage":"en-US","@id":"https:\/\/fit360.ee\/en\/pood\/product-groups\/peanut-butters-en\/peanut-butter-en\/peanut-butter-honey\/#primaryimage","url":"https:\/\/fit360.ee\/wp-content\/uploads\/2023\/03\/peanut-butter-honey-fit360.ee-1.png","contentUrl":"https:\/\/fit360.ee\/wp-content\/uploads\/2023\/03\/peanut-butter-honey-fit360.ee-1.png","width":450,"height":450,"caption":"peanut butter + honey - fit360.ee"},{"@type":"BreadcrumbList","@id":"https:\/\/fit360.ee\/en\/pood\/product-groups\/peanut-butters-en\/peanut-butter-en\/peanut-butter-honey\/#breadcrumb","itemListElement":[{"@type":"ListItem","position":1,"name":"Home","item":"https:\/\/fit360.ee\/en\/"},{"@type":"ListItem","position":2,"name":"Shop","item":"https:\/\/fit360.ee\/en\/shop\/"},{"@type":"ListItem","position":3,"name":"Peanut Butter + Honey (500g)"}]},{"@type":"WebSite","@id":"https:\/\/fit360.ee\/en\/#website","url":"https:\/\/fit360.ee\/en\/","name":"Fit360","description":"","publisher":{"@id":"https:\/\/fit360.ee\/en\/#organization"},"potentialAction":[{"@type":"SearchAction","target":{"@type":"EntryPoint","urlTemplate":"https:\/\/fit360.ee\/en\/?s={search_term_string}"},"query-input":{"@type":"PropertyValueSpecification","valueRequired":true,"valueName":"search_term_string"}}],"inLanguage":"en-US"},{"@type":"Organization","@id":"https:\/\/fit360.ee\/en\/#organization","name":"Fit360","url":"https:\/\/fit360.ee\/en\/","logo":{"@type":"ImageObject","inLanguage":"en-US","@id":"https:\/\/fit360.ee\/en\/#\/schema\/logo\/image\/","url":"https:\/\/fit360.ee\/wp-content\/uploads\/2017\/01\/logo-fit360.png","contentUrl":"https:\/\/fit360.ee\/wp-content\/uploads\/2017\/01\/logo-fit360.png","width":180,"height":66,"caption":"Fit360"},"image":{"@id":"https:\/\/fit360.ee\/en\/#\/schema\/logo\/image\/"}}]}},"_links":{"self":[{"href":"https:\/\/fit360.ee\/en\/wp-json\/wp\/v2\/product\/69163","targetHints":{"allow":["GET"]}}],"collection":[{"href":"https:\/\/fit360.ee\/en\/wp-json\/wp\/v2\/product"}],"about":[{"href":"https:\/\/fit360.ee\/en\/wp-json\/wp\/v2\/types\/product"}],"replies":[{"embeddable":true,"href":"https:\/\/fit360.ee\/en\/wp-json\/wp\/v2\/comments?post=69163"}],"wp:featuredmedia":[{"embeddable":true,"href":"https:\/\/fit360.ee\/en\/wp-json\/wp\/v2\/media\/69160"}],"wp:attachment":[{"href":"https:\/\/fit360.ee\/en\/wp-json\/wp\/v2\/media?parent=69163"}],"wp:term":[{"taxonomy":"product_brand","embeddable":true,"href":"https:\/\/fit360.ee\/en\/wp-json\/wp\/v2\/product_brand?post=69163"},{"taxonomy":"product_cat","embeddable":true,"href":"https:\/\/fit360.ee\/en\/wp-json\/wp\/v2\/product_cat?post=69163"},{"taxonomy":"product_tag","embeddable":true,"href":"https:\/\/fit360.ee\/en\/wp-json\/wp\/v2\/product_tag?post=69163"},{"taxonomy":"giftcard-category","embeddable":true,"href":"https:\/\/fit360.ee\/en\/wp-json\/wp\/v2\/giftcard-category?post=69163"}],"curies":[{"name":"wp","href":"https:\/\/api.w.org\/{rel}","templated":true}]}}