{"id":69382,"date":"2023-04-01T12:54:18","date_gmt":"2023-04-01T10:54:18","guid":{"rendered":"https:\/\/fit360.ee\/pood\/uncategorized\/elektroluudid-20-kihisevat-tabletti\/"},"modified":"2025-10-20T16:19:26","modified_gmt":"2025-10-20T14:19:26","slug":"elektroluudid-20-kihisevat-tabletti","status":"publish","type":"product","link":"https:\/\/fit360.ee\/en\/pood\/product-groups\/vitamins-and-minerals-en\/c-vitamin-en\/elektroluudid-20-kihisevat-tabletti\/","title":{"rendered":"Elektrol\u00fc\u00fcdid (20 kihisevat tabletti)"},"content":{"rendered":"<h2 class=\"cm__heading\"><strong>OstroVit Elektrol\u00fc\u00fcdid<\/strong><\/h2>\n<p class=\"cm__text --bold\">OstroVit Elektrol\u00fc\u00fcdid on kihisevate tablettide kujul olev toidulisand, mis on koguni neljast erinevast toimeainest koosnev komplekt. Toode on loodud inimestele, kellele ei meeldi suukaudsete tablettide kujul toidulisandid. Kas treenite intensiivselt, kaotate kaalu, kas teil on probleeme \u00f5ige koguse vedeliku joomisega v\u00f5i vaevavad teid ebameeldivad seedeh\u00e4ired?\u00a0Elektrol\u00fc\u00fctide taset saate t\u00e4iendada, kasutades elektrol\u00fc\u00fctide suurep\u00e4raseid kihisevaid tablette.<\/p>\n<ul class=\"cm__list\">\n<li>Portsjoni suurus: 3 tabletti p\u00e4evas<\/li>\n<li>Maitsev ja v\u00e4rskendav apelsinimaitse<\/li>\n<\/ul>\n<p class=\"cm__heading\"><strong>OstroVit Electrolytes 20 kihisevat tabletti<\/strong><\/p>\n<ul class=\"cm__list\">\n<li><strong>Kaalium<\/strong>\u00a0toetab \u00f5iget lihastoonust.\u00a0See suudab kontrollida keha vee kogust ja reguleerida r\u00f5hku.\u00a0See m\u00f5jutab n\u00e4rvis\u00fcsteemi t\u00f6\u00f6d.<\/li>\n<li><strong>Naatrium<\/strong>\u00a0s\u00e4ilitab kehas vee-elektrol\u00fc\u00fctide ja happe-aluse tasakaalu.\u00a0Samuti osaleb see toitainete transportimisel rakkudesse.<\/li>\n<li><strong>Gl\u00fckoos<\/strong>\u00a0on v\u00e4ga oluline komponent \u2013 \u200b\u200belektrol\u00fc\u00fcdid on t\u00e4nu kombinatsioonile gl\u00fckoosiga paremini biosaadavad ja transporditakse kudedesse t\u00f5husamalt.<\/li>\n<li><strong>C-vitamiini<\/strong>\u00a0peetakse \u00fcheks peamiseks antioks\u00fcdandiks \u2013 see eemaldab meie rakkudest liigsed vabad radikaalid.\u00a0Selle \u00f5ige tase meie dieedis v\u00f5imaldab ka kiiremat taastumist ja lihaste kasvu, osaledes otseselt kollageeni tootmises.\u00a0Toetab n\u00e4rvi- ja immuuns\u00fcsteemi.<\/li>\n<\/ul>\n<p class=\"cm__heading\"><strong>OstroVit Electrolytes sisalduvate koostisosade omadused<\/strong>:<\/p>\n<ul class=\"cm__list\">\n<li>Neil on positiivne m\u00f5ju organismi vee- ja elektrol\u00fc\u00fctide tasakaalule<\/li>\n<li>Nad toetavad keha taastumist p\u00e4rast intensiivset treeningut, oksendamist, k\u00f5hulahtisust<\/li>\n<li>Nad m\u00e4ngivad olulist rolli energia salvestamisel lihasrakkudes<\/li>\n<li>Need v\u00f5ivad aidata v\u00e4hendada v\u00e4simust ja kognitiivsete funktsioonide n\u00f5uetekohast toimimist<\/li>\n<li>Need hoiavad \u00e4ra valulikud skeletilihaste kontraktsioonid<\/li>\n<\/ul>\n<p><strong>Koostisosad<\/strong>: Happesuse regulaator: sidrunhape;\u00a0naatriumvesinikkarbonaat (naatrium);\u00a0gl\u00fckoos;\u00a0mahuaine: sorbitoolid;\u00a0kaaliumvesinikkarbonaat (kaalium);\u00a0L-askorbiinhape (C-vitamiin);\u00a0looduslik apelsinimaitseaine koos teiste looduslike l\u00f5hna- ja maitseainetega;\u00a0stabilisaator: pol\u00fcet\u00fcleengl\u00fckool;\u00a0magusaine: sukraloos;\u00a0kuivatatud punase peedi kontsentraat;\u00a0v\u00e4rv: riboflaviin.<br \/>\nToode v\u00f5ib sisaldada piima (sh laktoosi), sojat, maap\u00e4hkleid, muid p\u00e4hkleid, seesamiseemneid, gluteeni sisaldavaid teravilju, mune, v\u00e4hilaadseid, kala.<\/p>\n<p><strong>Kasutamine<\/strong>: 1 tablett 3 korda p\u00e4evas.\u00a01 tablett lahustada 200 ml leiges vees, juua kohe peale valmistamist.\u00a0Toode on m\u00f5eldud t\u00e4iskasvanutele. \u00c4rge kasutage seda inimestel, kellel on eelsoodumus neerukivide tekkeks v\u00f5i kellel on neerukivid.\u00a0Liigne tarbimine v\u00f5ib avaldada lahtistavat toimet.<\/p>\n<p><strong>Suurus<\/strong>: 20 kihisevat tabletti<\/p>\n<table>\n<tbody>\n<tr>\n<th>Aktiivsed koostisosad<\/th>\n<th>3 tabletti p\u00e4evas<\/th>\n<th>% SPK*<\/th>\n<\/tr>\n<tr>\n<td>kaalium<\/td>\n<td>300 mg<\/td>\n<td>15%*<\/td>\n<\/tr>\n<tr>\n<td>Naatrium<\/td>\n<td>792 mg<\/td>\n<td>&#8211;<\/td>\n<\/tr>\n<tr>\n<td>Gl\u00fckoos<\/td>\n<td>1200 mg<\/td>\n<td>&#8211;<\/td>\n<\/tr>\n<tr>\n<td>C-vitamiin<\/td>\n<td>180 mg<\/td>\n<td>225%*<\/td>\n<\/tr>\n<\/tbody>\n<\/table>\n<p>*SPK- Soovitatud p\u00e4evane kogus.<\/p>\n<p>Vaata ka meie Teisi Vitamiine\/Mineraale <a href=\"https:\/\/fit360.ee\/en\/product-category\/product-groups\/vitamins-and-minerals-en\/\"><strong>SIIT<\/strong><\/a>!<\/p>\n<p>Soovid teha suuremat tellimust? Vaata antud toodet meie HULGI lehelt\u00a0<a href=\"https:\/\/toidulisandidhulgi.ee\/product\/elektroluudid-20-kihisevat-tabletti\/\"><strong>SIIT<\/strong><\/a>!<\/p>\n","protected":false},"excerpt":{"rendered":"<ul class=\"cm__list\">\n<li>Neil on positiivne m\u00f5ju organismi vee- ja elektrol\u00fc\u00fctide tasakaalule<\/li>\n<li>Nad toetavad keha taastumist p\u00e4rast intensiivset treeningut, oksendamist, k\u00f5hulahtisust<\/li>\n<li>Nad m\u00e4ngivad olulist rolli energia salvestamisel lihasrakkudes<\/li>\n<li>Need v\u00f5ivad aidata v\u00e4hendada v\u00e4simust ja kognitiivsete funktsioonide n\u00f5uetekohast toimimist<\/li>\n<li>Need hoiavad \u00e4ra valulikud skeletilihaste kontraktsioonid<\/li>\n<\/ul>\n","protected":false},"featured_media":69379,"comment_status":"closed","ping_status":"closed","template":"","meta":[],"product_brand":[],"product_cat":[1911,522,2460,1329,2271,536],"product_tag":[3994,3995,1924],"giftcard-category":[],"class_list":{"0":"post-69382","1":"product","2":"type-product","3":"status-publish","4":"has-post-thumbnail","6":"product_cat-c-vitamin-en","7":"product_cat-energy-carbohydrates","8":"product_cat-isotonic-en","9":"product_cat-ostrovit-en","10":"product_cat-potassium-en","11":"product_cat-vitamins-and-minerals-en","12":"product_tag-electrolytes-en","13":"product_tag-elektroluudid-en","14":"product_tag-ostrovit-en","15":"pa_kogus-20-tabletti-en","16":"pa_toidulisand-branddd-ostrovit","17":"pa_tootegruppp-c-vitamiin-en","18":"pa_tootegruppp-energycarbs","19":"pa_tootegruppp-isotooniline-en","20":"pa_tootegruppp-kaalium-en","21":"pa_tootegruppp-vitamins-and-minerals","23":"first","24":"instock","25":"sale","26":"taxable","27":"shipping-taxable","28":"purchasable","29":"product-type-simple"},"yoast_head":"<!-- This site is optimized with the Yoast SEO plugin v27.3 - https:\/\/yoast.com\/product\/yoast-seo-wordpress\/ -->\n<title>OstroVit Elektrol\u00fc\u00fcdid (20 kihisevat tabletti) - Kiire Tarne - Fit360<\/title>\n<meta name=\"description\" content=\"OstroVit Elektrol\u00fc\u00fcdid on kihisevate tablettide kujul olev toidulisand, mis on koguni neljast erinevast toimeainest koosnev komplekt. Kiire Tarne!\" \/>\n<meta name=\"robots\" content=\"index, follow, max-snippet:-1, max-image-preview:large, max-video-preview:-1\" \/>\n<link rel=\"canonical\" href=\"https:\/\/fit360.ee\/en\/pood\/product-groups\/vitamins-and-minerals-en\/c-vitamin-en\/elektroluudid-20-kihisevat-tabletti\/\" \/>\n<meta property=\"og:locale\" content=\"en_US\" \/>\n<meta property=\"og:type\" content=\"article\" \/>\n<meta property=\"og:title\" content=\"OstroVit Elektrol\u00fc\u00fcdid (20 kihisevat tabletti) - Kiire Tarne - Fit360\" \/>\n<meta property=\"og:description\" content=\"OstroVit Elektrol\u00fc\u00fcdid on kihisevate tablettide kujul olev toidulisand, mis on koguni neljast erinevast toimeainest koosnev komplekt. Kiire Tarne!\" \/>\n<meta property=\"og:url\" content=\"https:\/\/fit360.ee\/en\/pood\/product-groups\/vitamins-and-minerals-en\/c-vitamin-en\/elektroluudid-20-kihisevat-tabletti\/\" \/>\n<meta property=\"og:site_name\" content=\"Fit360\" \/>\n<meta property=\"article:modified_time\" content=\"2025-10-20T14:19:26+00:00\" \/>\n<meta property=\"og:image\" content=\"https:\/\/fit360.ee\/wp-content\/uploads\/2023\/04\/elektroluudid-ostrovit-fit360.ee_.png\" \/>\n\t<meta property=\"og:image:width\" content=\"450\" \/>\n\t<meta property=\"og:image:height\" content=\"450\" \/>\n\t<meta property=\"og:image:type\" content=\"image\/png\" \/>\n<meta name=\"twitter:card\" content=\"summary_large_image\" \/>\n<meta name=\"twitter:label1\" content=\"Est. reading time\" \/>\n\t<meta name=\"twitter:data1\" content=\"2 minutes\" \/>\n<script type=\"application\/ld+json\" class=\"yoast-schema-graph\">{\"@context\":\"https:\\\/\\\/schema.org\",\"@graph\":[{\"@type\":\"WebPage\",\"@id\":\"https:\\\/\\\/fit360.ee\\\/en\\\/pood\\\/product-groups\\\/vitamins-and-minerals-en\\\/c-vitamin-en\\\/elektroluudid-20-kihisevat-tabletti\\\/\",\"url\":\"https:\\\/\\\/fit360.ee\\\/en\\\/pood\\\/product-groups\\\/vitamins-and-minerals-en\\\/c-vitamin-en\\\/elektroluudid-20-kihisevat-tabletti\\\/\",\"name\":\"OstroVit Elektrol\u00fc\u00fcdid (20 kihisevat tabletti) - Kiire Tarne - Fit360\",\"isPartOf\":{\"@id\":\"https:\\\/\\\/fit360.ee\\\/en\\\/#website\"},\"primaryImageOfPage\":{\"@id\":\"https:\\\/\\\/fit360.ee\\\/en\\\/pood\\\/product-groups\\\/vitamins-and-minerals-en\\\/c-vitamin-en\\\/elektroluudid-20-kihisevat-tabletti\\\/#primaryimage\"},\"image\":{\"@id\":\"https:\\\/\\\/fit360.ee\\\/en\\\/pood\\\/product-groups\\\/vitamins-and-minerals-en\\\/c-vitamin-en\\\/elektroluudid-20-kihisevat-tabletti\\\/#primaryimage\"},\"thumbnailUrl\":\"https:\\\/\\\/fit360.ee\\\/wp-content\\\/uploads\\\/2023\\\/04\\\/elektroluudid-ostrovit-fit360.ee_.png\",\"datePublished\":\"2023-04-01T10:54:18+00:00\",\"dateModified\":\"2025-10-20T14:19:26+00:00\",\"description\":\"OstroVit Elektrol\u00fc\u00fcdid on kihisevate tablettide kujul olev toidulisand, mis on koguni neljast erinevast toimeainest koosnev komplekt. Kiire Tarne!\",\"breadcrumb\":{\"@id\":\"https:\\\/\\\/fit360.ee\\\/en\\\/pood\\\/product-groups\\\/vitamins-and-minerals-en\\\/c-vitamin-en\\\/elektroluudid-20-kihisevat-tabletti\\\/#breadcrumb\"},\"inLanguage\":\"en-US\",\"potentialAction\":[{\"@type\":\"ReadAction\",\"target\":[\"https:\\\/\\\/fit360.ee\\\/en\\\/pood\\\/product-groups\\\/vitamins-and-minerals-en\\\/c-vitamin-en\\\/elektroluudid-20-kihisevat-tabletti\\\/\"]}]},{\"@type\":\"ImageObject\",\"inLanguage\":\"en-US\",\"@id\":\"https:\\\/\\\/fit360.ee\\\/en\\\/pood\\\/product-groups\\\/vitamins-and-minerals-en\\\/c-vitamin-en\\\/elektroluudid-20-kihisevat-tabletti\\\/#primaryimage\",\"url\":\"https:\\\/\\\/fit360.ee\\\/wp-content\\\/uploads\\\/2023\\\/04\\\/elektroluudid-ostrovit-fit360.ee_.png\",\"contentUrl\":\"https:\\\/\\\/fit360.ee\\\/wp-content\\\/uploads\\\/2023\\\/04\\\/elektroluudid-ostrovit-fit360.ee_.png\",\"width\":450,\"height\":450,\"caption\":\"elektrol\u00fc\u00fcdid ostrovit - fit360.ee\"},{\"@type\":\"BreadcrumbList\",\"@id\":\"https:\\\/\\\/fit360.ee\\\/en\\\/pood\\\/product-groups\\\/vitamins-and-minerals-en\\\/c-vitamin-en\\\/elektroluudid-20-kihisevat-tabletti\\\/#breadcrumb\",\"itemListElement\":[{\"@type\":\"ListItem\",\"position\":1,\"name\":\"Home\",\"item\":\"https:\\\/\\\/fit360.ee\\\/en\\\/\"},{\"@type\":\"ListItem\",\"position\":2,\"name\":\"Shop\",\"item\":\"https:\\\/\\\/fit360.ee\\\/en\\\/shop\\\/\"},{\"@type\":\"ListItem\",\"position\":3,\"name\":\"Elektrol\u00fc\u00fcdid (20 kihisevat tabletti)\"}]},{\"@type\":\"WebSite\",\"@id\":\"https:\\\/\\\/fit360.ee\\\/en\\\/#website\",\"url\":\"https:\\\/\\\/fit360.ee\\\/en\\\/\",\"name\":\"Fit360\",\"description\":\"\",\"publisher\":{\"@id\":\"https:\\\/\\\/fit360.ee\\\/en\\\/#organization\"},\"potentialAction\":[{\"@type\":\"SearchAction\",\"target\":{\"@type\":\"EntryPoint\",\"urlTemplate\":\"https:\\\/\\\/fit360.ee\\\/en\\\/?s={search_term_string}\"},\"query-input\":{\"@type\":\"PropertyValueSpecification\",\"valueRequired\":true,\"valueName\":\"search_term_string\"}}],\"inLanguage\":\"en-US\"},{\"@type\":\"Organization\",\"@id\":\"https:\\\/\\\/fit360.ee\\\/en\\\/#organization\",\"name\":\"Fit360\",\"url\":\"https:\\\/\\\/fit360.ee\\\/en\\\/\",\"logo\":{\"@type\":\"ImageObject\",\"inLanguage\":\"en-US\",\"@id\":\"https:\\\/\\\/fit360.ee\\\/en\\\/#\\\/schema\\\/logo\\\/image\\\/\",\"url\":\"https:\\\/\\\/fit360.ee\\\/wp-content\\\/uploads\\\/2017\\\/01\\\/logo-fit360.png\",\"contentUrl\":\"https:\\\/\\\/fit360.ee\\\/wp-content\\\/uploads\\\/2017\\\/01\\\/logo-fit360.png\",\"width\":180,\"height\":66,\"caption\":\"Fit360\"},\"image\":{\"@id\":\"https:\\\/\\\/fit360.ee\\\/en\\\/#\\\/schema\\\/logo\\\/image\\\/\"}}]}<\/script>\n<!-- \/ Yoast SEO plugin. -->","yoast_head_json":{"title":"OstroVit Elektrol\u00fc\u00fcdid (20 kihisevat tabletti) - Kiire Tarne - Fit360","description":"OstroVit Elektrol\u00fc\u00fcdid on kihisevate tablettide kujul olev toidulisand, mis on koguni neljast erinevast toimeainest koosnev komplekt. Kiire Tarne!","robots":{"index":"index","follow":"follow","max-snippet":"max-snippet:-1","max-image-preview":"max-image-preview:large","max-video-preview":"max-video-preview:-1"},"canonical":"https:\/\/fit360.ee\/en\/pood\/product-groups\/vitamins-and-minerals-en\/c-vitamin-en\/elektroluudid-20-kihisevat-tabletti\/","og_locale":"en_US","og_type":"article","og_title":"OstroVit Elektrol\u00fc\u00fcdid (20 kihisevat tabletti) - Kiire Tarne - Fit360","og_description":"OstroVit Elektrol\u00fc\u00fcdid on kihisevate tablettide kujul olev toidulisand, mis on koguni neljast erinevast toimeainest koosnev komplekt. Kiire Tarne!","og_url":"https:\/\/fit360.ee\/en\/pood\/product-groups\/vitamins-and-minerals-en\/c-vitamin-en\/elektroluudid-20-kihisevat-tabletti\/","og_site_name":"Fit360","article_modified_time":"2025-10-20T14:19:26+00:00","og_image":[{"width":450,"height":450,"url":"https:\/\/fit360.ee\/wp-content\/uploads\/2023\/04\/elektroluudid-ostrovit-fit360.ee_.png","type":"image\/png"}],"twitter_card":"summary_large_image","twitter_misc":{"Est. reading time":"2 minutes"},"schema":{"@context":"https:\/\/schema.org","@graph":[{"@type":"WebPage","@id":"https:\/\/fit360.ee\/en\/pood\/product-groups\/vitamins-and-minerals-en\/c-vitamin-en\/elektroluudid-20-kihisevat-tabletti\/","url":"https:\/\/fit360.ee\/en\/pood\/product-groups\/vitamins-and-minerals-en\/c-vitamin-en\/elektroluudid-20-kihisevat-tabletti\/","name":"OstroVit Elektrol\u00fc\u00fcdid (20 kihisevat tabletti) - Kiire Tarne - Fit360","isPartOf":{"@id":"https:\/\/fit360.ee\/en\/#website"},"primaryImageOfPage":{"@id":"https:\/\/fit360.ee\/en\/pood\/product-groups\/vitamins-and-minerals-en\/c-vitamin-en\/elektroluudid-20-kihisevat-tabletti\/#primaryimage"},"image":{"@id":"https:\/\/fit360.ee\/en\/pood\/product-groups\/vitamins-and-minerals-en\/c-vitamin-en\/elektroluudid-20-kihisevat-tabletti\/#primaryimage"},"thumbnailUrl":"https:\/\/fit360.ee\/wp-content\/uploads\/2023\/04\/elektroluudid-ostrovit-fit360.ee_.png","datePublished":"2023-04-01T10:54:18+00:00","dateModified":"2025-10-20T14:19:26+00:00","description":"OstroVit Elektrol\u00fc\u00fcdid on kihisevate tablettide kujul olev toidulisand, mis on koguni neljast erinevast toimeainest koosnev komplekt. Kiire Tarne!","breadcrumb":{"@id":"https:\/\/fit360.ee\/en\/pood\/product-groups\/vitamins-and-minerals-en\/c-vitamin-en\/elektroluudid-20-kihisevat-tabletti\/#breadcrumb"},"inLanguage":"en-US","potentialAction":[{"@type":"ReadAction","target":["https:\/\/fit360.ee\/en\/pood\/product-groups\/vitamins-and-minerals-en\/c-vitamin-en\/elektroluudid-20-kihisevat-tabletti\/"]}]},{"@type":"ImageObject","inLanguage":"en-US","@id":"https:\/\/fit360.ee\/en\/pood\/product-groups\/vitamins-and-minerals-en\/c-vitamin-en\/elektroluudid-20-kihisevat-tabletti\/#primaryimage","url":"https:\/\/fit360.ee\/wp-content\/uploads\/2023\/04\/elektroluudid-ostrovit-fit360.ee_.png","contentUrl":"https:\/\/fit360.ee\/wp-content\/uploads\/2023\/04\/elektroluudid-ostrovit-fit360.ee_.png","width":450,"height":450,"caption":"elektrol\u00fc\u00fcdid ostrovit - fit360.ee"},{"@type":"BreadcrumbList","@id":"https:\/\/fit360.ee\/en\/pood\/product-groups\/vitamins-and-minerals-en\/c-vitamin-en\/elektroluudid-20-kihisevat-tabletti\/#breadcrumb","itemListElement":[{"@type":"ListItem","position":1,"name":"Home","item":"https:\/\/fit360.ee\/en\/"},{"@type":"ListItem","position":2,"name":"Shop","item":"https:\/\/fit360.ee\/en\/shop\/"},{"@type":"ListItem","position":3,"name":"Elektrol\u00fc\u00fcdid (20 kihisevat tabletti)"}]},{"@type":"WebSite","@id":"https:\/\/fit360.ee\/en\/#website","url":"https:\/\/fit360.ee\/en\/","name":"Fit360","description":"","publisher":{"@id":"https:\/\/fit360.ee\/en\/#organization"},"potentialAction":[{"@type":"SearchAction","target":{"@type":"EntryPoint","urlTemplate":"https:\/\/fit360.ee\/en\/?s={search_term_string}"},"query-input":{"@type":"PropertyValueSpecification","valueRequired":true,"valueName":"search_term_string"}}],"inLanguage":"en-US"},{"@type":"Organization","@id":"https:\/\/fit360.ee\/en\/#organization","name":"Fit360","url":"https:\/\/fit360.ee\/en\/","logo":{"@type":"ImageObject","inLanguage":"en-US","@id":"https:\/\/fit360.ee\/en\/#\/schema\/logo\/image\/","url":"https:\/\/fit360.ee\/wp-content\/uploads\/2017\/01\/logo-fit360.png","contentUrl":"https:\/\/fit360.ee\/wp-content\/uploads\/2017\/01\/logo-fit360.png","width":180,"height":66,"caption":"Fit360"},"image":{"@id":"https:\/\/fit360.ee\/en\/#\/schema\/logo\/image\/"}}]}},"_links":{"self":[{"href":"https:\/\/fit360.ee\/en\/wp-json\/wp\/v2\/product\/69382","targetHints":{"allow":["GET"]}}],"collection":[{"href":"https:\/\/fit360.ee\/en\/wp-json\/wp\/v2\/product"}],"about":[{"href":"https:\/\/fit360.ee\/en\/wp-json\/wp\/v2\/types\/product"}],"replies":[{"embeddable":true,"href":"https:\/\/fit360.ee\/en\/wp-json\/wp\/v2\/comments?post=69382"}],"wp:featuredmedia":[{"embeddable":true,"href":"https:\/\/fit360.ee\/en\/wp-json\/wp\/v2\/media\/69379"}],"wp:attachment":[{"href":"https:\/\/fit360.ee\/en\/wp-json\/wp\/v2\/media?parent=69382"}],"wp:term":[{"taxonomy":"product_brand","embeddable":true,"href":"https:\/\/fit360.ee\/en\/wp-json\/wp\/v2\/product_brand?post=69382"},{"taxonomy":"product_cat","embeddable":true,"href":"https:\/\/fit360.ee\/en\/wp-json\/wp\/v2\/product_cat?post=69382"},{"taxonomy":"product_tag","embeddable":true,"href":"https:\/\/fit360.ee\/en\/wp-json\/wp\/v2\/product_tag?post=69382"},{"taxonomy":"giftcard-category","embeddable":true,"href":"https:\/\/fit360.ee\/en\/wp-json\/wp\/v2\/giftcard-category?post=69382"}],"curies":[{"name":"wp","href":"https:\/\/api.w.org\/{rel}","templated":true}]}}