{"id":69388,"date":"2023-04-01T13:09:48","date_gmt":"2023-04-01T11:09:48","guid":{"rendered":"https:\/\/fit360.ee\/pood\/uncategorized\/magnesium-kaalium\/"},"modified":"2026-04-10T16:41:29","modified_gmt":"2026-04-10T14:41:29","slug":"magnesium-kaalium","status":"publish","type":"product","link":"https:\/\/fit360.ee\/en\/pood\/product-groups\/vitamins-and-minerals-en\/magnesium-en\/magnesium-kaalium\/","title":{"rendered":"Magnesium + Kaalium (20 kihisevat tabletti)"},"content":{"rendered":"<h2><strong>Magneesium + Kaalium<\/strong><\/h2>\n<p class=\"cm__text --bold\">OstroVit Magneesium + Kaalium on kihisevate tablettide kujul olev toidulisand, mis on t\u00e4iuslik kombinatsioon kolmest toimeainest. Toode on loodud inimestele, kes soovivad t\u00e4iendada oma dieeti magneesiumi, kaaliumi ja vitamiiniga B6 ning kellele ei meeldi suukaudsete tablettide kujul toidulisandid.\u00a0Lihtsalt lahustage tablett vees ja v\u00f5tke valmis vedelik maitsva greibimaitsega.<\/p>\n<ul class=\"cm__list\">\n<li>Pakendi suurus: 20 kihisevat tabletti<\/li>\n<li>Portsjoni suurus: 1 tablett p\u00e4evas<\/li>\n<li>Maitsev ja v\u00e4rskendav greibimaitse<\/li>\n<\/ul>\n<p class=\"cm__heading\"><strong>OstroVit Magneesium + Kaalium\u00a0 kihisevate tablettide omadused<\/strong>:<\/p>\n<ul class=\"cm__list\">\n<li><strong>Kaalium<\/strong>\u00a0.\u00a0Meie toidus olev asendamatu mikroelement, mida on muuhulgas vaja tervete luude ja hammaste s\u00e4ilitamiseks, aitab kaasa lihaste korralikule talitlusele ja n\u00e4rvi\u00fclekandele, kuid mis k\u00f5ige t\u00e4htsam on seotud rakkude jagunemise ja spetsialiseerumise protsessiga.<\/li>\n<li><strong>Magneesium<\/strong>\u00a0.\u00a0See on \u00fcks tuntumaid mikrotoitaineid, mille allikateks on eelk\u00f5ige p\u00e4hklid, kakao ja kaunviljad.\u00a0Selle piisav tase meie toidus aitab v\u00e4hendada v\u00e4simus- ja v\u00e4simustunnet, aitab s\u00e4ilitada elektrol\u00fc\u00fctide tasakaalu ning toetab lihaste ja n\u00e4rvis\u00fcsteemi n\u00f5uetekohast talitlust.<\/li>\n<li><strong>Vitamiin B6<\/strong>\u00a0.\u00a0Vajalik igap\u00e4evane B-grupi vitamiin, mis koos magneesiumi ja kaaliumiga aitab v\u00e4hendada v\u00e4simus- ja v\u00e4simustunnet, aitab kaasa n\u00e4rvis\u00fcsteemi korralikule talitlusele ja seel\u00e4bi normaalsete ps\u00fchholoogiliste funktsioonide s\u00e4ilitamisele.<\/li>\n<\/ul>\n<p><strong>Koostisosad<\/strong>:Happesuse regulaator: sidrunhape;\u00a0kaaliumvesinikkarbonaat (kaalium);\u00a0magneesiumkarbonaat (magneesium);\u00a0happesuse regulaator: naatriumvesinikkarbonaat;\u00a0mahuaine: sorbitoolid;\u00a0greibimaitse;\u00a0stabilisaator: pol\u00fcet\u00fcleengl\u00fckool;\u00a0magusained: naatriumts\u00fcklamaat, atsesulfaam K;\u00a0kuivatatud punase peedi kontsentraat;\u00a0v\u00e4rv: riboflaviin;\u00a0p\u00fcridoksiinvesinikkloriid (vitamiin B6); v\u00e4rvus: beetakaroteen.<br \/>\n<span style=\"font-size: 14.4px;\">Toode v\u00f5ib sisaldada piima (sh laktoosi), sojat, maap\u00e4hkleid, muid p\u00e4hkleid, seesamiseemneid, gluteeni sisaldavaid teravilju, mune, v\u00e4hilaadseid, kala.<\/span><\/p>\n<p><strong>Kasutamine<\/strong>: 1 tablett p\u00e4evas.\u00a01 tablett lahustada 200 ml leiges vees, juua kohe peale valmistamist.\u00a0Toode on m\u00f5eldud t\u00e4iskasvanutele.<\/p>\n<p><strong>Suurus<\/strong>: 20 kihisevat tabletti<\/p>\n<p><strong>Maitse<\/strong>: Greip<\/p>\n<table>\n<tbody>\n<tr>\n<th>Aktiivsed koostisosad<\/th>\n<th>1 tablett<\/th>\n<th>% SPK*<\/th>\n<\/tr>\n<tr>\n<td>Magneesium<\/td>\n<td>125 mg<\/td>\n<td>33 %*<\/td>\n<\/tr>\n<tr>\n<td>Kaalium<\/td>\n<td>300 mg<\/td>\n<td>15%*<\/td>\n<\/tr>\n<tr>\n<td>Vitamiin B6<\/td>\n<td>1,4 mg<\/td>\n<td>100%*<\/td>\n<\/tr>\n<\/tbody>\n<\/table>\n<p>*SPK \u2013 Soovitatud P\u00e4evane Kogus<\/p>\n<p>Vaata ka meie Teisi Vitamiine\/Mineraale <a href=\"https:\/\/fit360.ee\/en\/product-category\/product-groups\/vitamins-and-minerals-en\/\"><strong>SIIT<\/strong><\/a>!<\/p>\n<p>Soovid kaupa osta suuremas koguses? Vaata antud toodet ka meie HULGI poest\u00a0<a href=\"https:\/\/toidulisandidhulgi.ee\/product\/magnesium-kaalium\/\"><strong>SIIT<\/strong><\/a>!<\/p>\n","protected":false},"excerpt":{"rendered":"<ul class=\"cm__list\">\n<li><strong>Kaalium<\/strong>\u00a0.\u00a0Meie toidus olev asendamatu mikroelement, mida on muuhulgas vaja tervete luude ja hammaste s\u00e4ilitamiseks, aitab kaasa lihaste korralikule talitlusele ja n\u00e4rvi\u00fclekandele, kuid mis k\u00f5ige t\u00e4htsam on seotud rakkude jagunemise ja spetsialiseerumise protsessiga.<\/li>\n<li><strong>Magneesium<\/strong>\u00a0.\u00a0See on \u00fcks tuntumaid mikrotoitaineid, mille allikateks on eelk\u00f5ige p\u00e4hklid, kakao ja kaunviljad.\u00a0Selle piisav tase meie toidus aitab v\u00e4hendada v\u00e4simus- ja v\u00e4simustunnet, aitab s\u00e4ilitada elektrol\u00fc\u00fctide tasakaalu ning toetab lihaste ja n\u00e4rvis\u00fcsteemi n\u00f5uetekohast talitlust.<\/li>\n<li><strong>Vitamiin B6<\/strong> . Vajalik igap\u00e4evane B-grupi vitamiin, mis koos magneesiumi ja kaaliumiga aitab v\u00e4hendada v\u00e4simustunnet, aitab kaasa n\u00e4rvis\u00fcsteemi korralikule talitlusele ja seel\u00e4bi normaalsete ps\u00fchholoogiliste funktsioonide s\u00e4ilitamisele.<\/li>\n<\/ul>\n","protected":false},"featured_media":69385,"comment_status":"closed","ping_status":"closed","template":"","meta":[],"product_brand":[],"product_cat":[1915,1329,2271,536],"product_tag":[4266,1924],"giftcard-category":[],"class_list":{"0":"post-69388","1":"product","2":"type-product","3":"status-publish","4":"has-post-thumbnail","6":"product_cat-magnesium-en","7":"product_cat-ostrovit-en","8":"product_cat-potassium-en","9":"product_cat-vitamins-and-minerals-en","10":"product_tag-magneesium-kaalium-en","11":"product_tag-ostrovit-en","12":"pa_kogus-20-tabletti-en","13":"pa_toidulisand-branddd-ostrovit","14":"pa_tootegruppp-kaalium-en","15":"pa_tootegruppp-magneesium-en","16":"pa_tootegruppp-vitamins-and-minerals","18":"first","19":"instock","20":"sale","21":"taxable","22":"shipping-taxable","23":"purchasable","24":"product-type-simple"},"yoast_head":"<!-- This site is optimized with the Yoast SEO plugin v27.3 - https:\/\/yoast.com\/product\/yoast-seo-wordpress\/ -->\n<title>Magnesium + Kaalium (20 kihisevat tabletti) - Kiire Tarne - Fit360<\/title>\n<meta name=\"description\" content=\"Magneesium + Kaalium on kihisevate tablettide kujul olev toidulisand, mis on t\u00e4iuslik kombinatsioon kolmest toimeainest. Kiire Tarne!\" \/>\n<meta name=\"robots\" content=\"index, follow, max-snippet:-1, max-image-preview:large, max-video-preview:-1\" \/>\n<link rel=\"canonical\" href=\"https:\/\/fit360.ee\/en\/pood\/product-groups\/vitamins-and-minerals-en\/magnesium-en\/magnesium-kaalium\/\" \/>\n<meta property=\"og:locale\" content=\"en_US\" \/>\n<meta property=\"og:type\" content=\"article\" \/>\n<meta property=\"og:title\" content=\"Magnesium + Kaalium (20 kihisevat tabletti) - Kiire Tarne - Fit360\" \/>\n<meta property=\"og:description\" content=\"Magneesium + Kaalium on kihisevate tablettide kujul olev toidulisand, mis on t\u00e4iuslik kombinatsioon kolmest toimeainest. Kiire Tarne!\" \/>\n<meta property=\"og:url\" content=\"https:\/\/fit360.ee\/en\/pood\/product-groups\/vitamins-and-minerals-en\/magnesium-en\/magnesium-kaalium\/\" \/>\n<meta property=\"og:site_name\" content=\"Fit360\" \/>\n<meta property=\"article:modified_time\" content=\"2026-04-10T14:41:29+00:00\" \/>\n<meta property=\"og:image\" content=\"https:\/\/fit360.ee\/wp-content\/uploads\/2023\/04\/magneesium-kaalium-fit360.ee_.png\" \/>\n\t<meta property=\"og:image:width\" content=\"450\" \/>\n\t<meta property=\"og:image:height\" content=\"450\" \/>\n\t<meta property=\"og:image:type\" content=\"image\/png\" \/>\n<meta name=\"twitter:card\" content=\"summary_large_image\" \/>\n<meta name=\"twitter:label1\" content=\"Est. reading time\" \/>\n\t<meta name=\"twitter:data1\" content=\"2 minutes\" \/>\n<script type=\"application\/ld+json\" class=\"yoast-schema-graph\">{\"@context\":\"https:\\\/\\\/schema.org\",\"@graph\":[{\"@type\":\"WebPage\",\"@id\":\"https:\\\/\\\/fit360.ee\\\/en\\\/pood\\\/product-groups\\\/vitamins-and-minerals-en\\\/magnesium-en\\\/magnesium-kaalium\\\/\",\"url\":\"https:\\\/\\\/fit360.ee\\\/en\\\/pood\\\/product-groups\\\/vitamins-and-minerals-en\\\/magnesium-en\\\/magnesium-kaalium\\\/\",\"name\":\"Magnesium + Kaalium (20 kihisevat tabletti) - Kiire Tarne - Fit360\",\"isPartOf\":{\"@id\":\"https:\\\/\\\/fit360.ee\\\/en\\\/#website\"},\"primaryImageOfPage\":{\"@id\":\"https:\\\/\\\/fit360.ee\\\/en\\\/pood\\\/product-groups\\\/vitamins-and-minerals-en\\\/magnesium-en\\\/magnesium-kaalium\\\/#primaryimage\"},\"image\":{\"@id\":\"https:\\\/\\\/fit360.ee\\\/en\\\/pood\\\/product-groups\\\/vitamins-and-minerals-en\\\/magnesium-en\\\/magnesium-kaalium\\\/#primaryimage\"},\"thumbnailUrl\":\"https:\\\/\\\/fit360.ee\\\/wp-content\\\/uploads\\\/2023\\\/04\\\/magneesium-kaalium-fit360.ee_.png\",\"datePublished\":\"2023-04-01T11:09:48+00:00\",\"dateModified\":\"2026-04-10T14:41:29+00:00\",\"description\":\"Magneesium + Kaalium on kihisevate tablettide kujul olev toidulisand, mis on t\u00e4iuslik kombinatsioon kolmest toimeainest. Kiire Tarne!\",\"breadcrumb\":{\"@id\":\"https:\\\/\\\/fit360.ee\\\/en\\\/pood\\\/product-groups\\\/vitamins-and-minerals-en\\\/magnesium-en\\\/magnesium-kaalium\\\/#breadcrumb\"},\"inLanguage\":\"en-US\",\"potentialAction\":[{\"@type\":\"ReadAction\",\"target\":[\"https:\\\/\\\/fit360.ee\\\/en\\\/pood\\\/product-groups\\\/vitamins-and-minerals-en\\\/magnesium-en\\\/magnesium-kaalium\\\/\"]}]},{\"@type\":\"ImageObject\",\"inLanguage\":\"en-US\",\"@id\":\"https:\\\/\\\/fit360.ee\\\/en\\\/pood\\\/product-groups\\\/vitamins-and-minerals-en\\\/magnesium-en\\\/magnesium-kaalium\\\/#primaryimage\",\"url\":\"https:\\\/\\\/fit360.ee\\\/wp-content\\\/uploads\\\/2023\\\/04\\\/magneesium-kaalium-fit360.ee_.png\",\"contentUrl\":\"https:\\\/\\\/fit360.ee\\\/wp-content\\\/uploads\\\/2023\\\/04\\\/magneesium-kaalium-fit360.ee_.png\",\"width\":450,\"height\":450,\"caption\":\"magneesium + kaalium - fit360.ee\"},{\"@type\":\"BreadcrumbList\",\"@id\":\"https:\\\/\\\/fit360.ee\\\/en\\\/pood\\\/product-groups\\\/vitamins-and-minerals-en\\\/magnesium-en\\\/magnesium-kaalium\\\/#breadcrumb\",\"itemListElement\":[{\"@type\":\"ListItem\",\"position\":1,\"name\":\"Home\",\"item\":\"https:\\\/\\\/fit360.ee\\\/en\\\/\"},{\"@type\":\"ListItem\",\"position\":2,\"name\":\"Shop\",\"item\":\"https:\\\/\\\/fit360.ee\\\/en\\\/shop\\\/\"},{\"@type\":\"ListItem\",\"position\":3,\"name\":\"Magnesium + Kaalium (20 kihisevat tabletti)\"}]},{\"@type\":\"WebSite\",\"@id\":\"https:\\\/\\\/fit360.ee\\\/en\\\/#website\",\"url\":\"https:\\\/\\\/fit360.ee\\\/en\\\/\",\"name\":\"Fit360\",\"description\":\"\",\"publisher\":{\"@id\":\"https:\\\/\\\/fit360.ee\\\/en\\\/#organization\"},\"potentialAction\":[{\"@type\":\"SearchAction\",\"target\":{\"@type\":\"EntryPoint\",\"urlTemplate\":\"https:\\\/\\\/fit360.ee\\\/en\\\/?s={search_term_string}\"},\"query-input\":{\"@type\":\"PropertyValueSpecification\",\"valueRequired\":true,\"valueName\":\"search_term_string\"}}],\"inLanguage\":\"en-US\"},{\"@type\":\"Organization\",\"@id\":\"https:\\\/\\\/fit360.ee\\\/en\\\/#organization\",\"name\":\"Fit360\",\"url\":\"https:\\\/\\\/fit360.ee\\\/en\\\/\",\"logo\":{\"@type\":\"ImageObject\",\"inLanguage\":\"en-US\",\"@id\":\"https:\\\/\\\/fit360.ee\\\/en\\\/#\\\/schema\\\/logo\\\/image\\\/\",\"url\":\"https:\\\/\\\/fit360.ee\\\/wp-content\\\/uploads\\\/2017\\\/01\\\/logo-fit360.png\",\"contentUrl\":\"https:\\\/\\\/fit360.ee\\\/wp-content\\\/uploads\\\/2017\\\/01\\\/logo-fit360.png\",\"width\":180,\"height\":66,\"caption\":\"Fit360\"},\"image\":{\"@id\":\"https:\\\/\\\/fit360.ee\\\/en\\\/#\\\/schema\\\/logo\\\/image\\\/\"}}]}<\/script>\n<!-- \/ Yoast SEO plugin. -->","yoast_head_json":{"title":"Magnesium + Kaalium (20 kihisevat tabletti) - Kiire Tarne - Fit360","description":"Magneesium + Kaalium on kihisevate tablettide kujul olev toidulisand, mis on t\u00e4iuslik kombinatsioon kolmest toimeainest. Kiire Tarne!","robots":{"index":"index","follow":"follow","max-snippet":"max-snippet:-1","max-image-preview":"max-image-preview:large","max-video-preview":"max-video-preview:-1"},"canonical":"https:\/\/fit360.ee\/en\/pood\/product-groups\/vitamins-and-minerals-en\/magnesium-en\/magnesium-kaalium\/","og_locale":"en_US","og_type":"article","og_title":"Magnesium + Kaalium (20 kihisevat tabletti) - Kiire Tarne - Fit360","og_description":"Magneesium + Kaalium on kihisevate tablettide kujul olev toidulisand, mis on t\u00e4iuslik kombinatsioon kolmest toimeainest. Kiire Tarne!","og_url":"https:\/\/fit360.ee\/en\/pood\/product-groups\/vitamins-and-minerals-en\/magnesium-en\/magnesium-kaalium\/","og_site_name":"Fit360","article_modified_time":"2026-04-10T14:41:29+00:00","og_image":[{"width":450,"height":450,"url":"https:\/\/fit360.ee\/wp-content\/uploads\/2023\/04\/magneesium-kaalium-fit360.ee_.png","type":"image\/png"}],"twitter_card":"summary_large_image","twitter_misc":{"Est. reading time":"2 minutes"},"schema":{"@context":"https:\/\/schema.org","@graph":[{"@type":"WebPage","@id":"https:\/\/fit360.ee\/en\/pood\/product-groups\/vitamins-and-minerals-en\/magnesium-en\/magnesium-kaalium\/","url":"https:\/\/fit360.ee\/en\/pood\/product-groups\/vitamins-and-minerals-en\/magnesium-en\/magnesium-kaalium\/","name":"Magnesium + Kaalium (20 kihisevat tabletti) - Kiire Tarne - Fit360","isPartOf":{"@id":"https:\/\/fit360.ee\/en\/#website"},"primaryImageOfPage":{"@id":"https:\/\/fit360.ee\/en\/pood\/product-groups\/vitamins-and-minerals-en\/magnesium-en\/magnesium-kaalium\/#primaryimage"},"image":{"@id":"https:\/\/fit360.ee\/en\/pood\/product-groups\/vitamins-and-minerals-en\/magnesium-en\/magnesium-kaalium\/#primaryimage"},"thumbnailUrl":"https:\/\/fit360.ee\/wp-content\/uploads\/2023\/04\/magneesium-kaalium-fit360.ee_.png","datePublished":"2023-04-01T11:09:48+00:00","dateModified":"2026-04-10T14:41:29+00:00","description":"Magneesium + Kaalium on kihisevate tablettide kujul olev toidulisand, mis on t\u00e4iuslik kombinatsioon kolmest toimeainest. Kiire Tarne!","breadcrumb":{"@id":"https:\/\/fit360.ee\/en\/pood\/product-groups\/vitamins-and-minerals-en\/magnesium-en\/magnesium-kaalium\/#breadcrumb"},"inLanguage":"en-US","potentialAction":[{"@type":"ReadAction","target":["https:\/\/fit360.ee\/en\/pood\/product-groups\/vitamins-and-minerals-en\/magnesium-en\/magnesium-kaalium\/"]}]},{"@type":"ImageObject","inLanguage":"en-US","@id":"https:\/\/fit360.ee\/en\/pood\/product-groups\/vitamins-and-minerals-en\/magnesium-en\/magnesium-kaalium\/#primaryimage","url":"https:\/\/fit360.ee\/wp-content\/uploads\/2023\/04\/magneesium-kaalium-fit360.ee_.png","contentUrl":"https:\/\/fit360.ee\/wp-content\/uploads\/2023\/04\/magneesium-kaalium-fit360.ee_.png","width":450,"height":450,"caption":"magneesium + kaalium - fit360.ee"},{"@type":"BreadcrumbList","@id":"https:\/\/fit360.ee\/en\/pood\/product-groups\/vitamins-and-minerals-en\/magnesium-en\/magnesium-kaalium\/#breadcrumb","itemListElement":[{"@type":"ListItem","position":1,"name":"Home","item":"https:\/\/fit360.ee\/en\/"},{"@type":"ListItem","position":2,"name":"Shop","item":"https:\/\/fit360.ee\/en\/shop\/"},{"@type":"ListItem","position":3,"name":"Magnesium + Kaalium (20 kihisevat tabletti)"}]},{"@type":"WebSite","@id":"https:\/\/fit360.ee\/en\/#website","url":"https:\/\/fit360.ee\/en\/","name":"Fit360","description":"","publisher":{"@id":"https:\/\/fit360.ee\/en\/#organization"},"potentialAction":[{"@type":"SearchAction","target":{"@type":"EntryPoint","urlTemplate":"https:\/\/fit360.ee\/en\/?s={search_term_string}"},"query-input":{"@type":"PropertyValueSpecification","valueRequired":true,"valueName":"search_term_string"}}],"inLanguage":"en-US"},{"@type":"Organization","@id":"https:\/\/fit360.ee\/en\/#organization","name":"Fit360","url":"https:\/\/fit360.ee\/en\/","logo":{"@type":"ImageObject","inLanguage":"en-US","@id":"https:\/\/fit360.ee\/en\/#\/schema\/logo\/image\/","url":"https:\/\/fit360.ee\/wp-content\/uploads\/2017\/01\/logo-fit360.png","contentUrl":"https:\/\/fit360.ee\/wp-content\/uploads\/2017\/01\/logo-fit360.png","width":180,"height":66,"caption":"Fit360"},"image":{"@id":"https:\/\/fit360.ee\/en\/#\/schema\/logo\/image\/"}}]}},"_links":{"self":[{"href":"https:\/\/fit360.ee\/en\/wp-json\/wp\/v2\/product\/69388","targetHints":{"allow":["GET"]}}],"collection":[{"href":"https:\/\/fit360.ee\/en\/wp-json\/wp\/v2\/product"}],"about":[{"href":"https:\/\/fit360.ee\/en\/wp-json\/wp\/v2\/types\/product"}],"replies":[{"embeddable":true,"href":"https:\/\/fit360.ee\/en\/wp-json\/wp\/v2\/comments?post=69388"}],"wp:featuredmedia":[{"embeddable":true,"href":"https:\/\/fit360.ee\/en\/wp-json\/wp\/v2\/media\/69385"}],"wp:attachment":[{"href":"https:\/\/fit360.ee\/en\/wp-json\/wp\/v2\/media?parent=69388"}],"wp:term":[{"taxonomy":"product_brand","embeddable":true,"href":"https:\/\/fit360.ee\/en\/wp-json\/wp\/v2\/product_brand?post=69388"},{"taxonomy":"product_cat","embeddable":true,"href":"https:\/\/fit360.ee\/en\/wp-json\/wp\/v2\/product_cat?post=69388"},{"taxonomy":"product_tag","embeddable":true,"href":"https:\/\/fit360.ee\/en\/wp-json\/wp\/v2\/product_tag?post=69388"},{"taxonomy":"giftcard-category","embeddable":true,"href":"https:\/\/fit360.ee\/en\/wp-json\/wp\/v2\/giftcard-category?post=69388"}],"curies":[{"name":"wp","href":"https:\/\/api.w.org\/{rel}","templated":true}]}}